{"id":1011651,"date":"2025-02-11T12:48:49","date_gmt":"2025-02-11T11:48:49","guid":{"rendered":"https:\/\/hubsch-interior.com\/salgskoordinator-til-skandinavien-barselsvikariat\/"},"modified":"2025-02-11T12:48:49","modified_gmt":"2025-02-11T11:48:49","slug":"salgskoordinator-til-skandinavien-barselsvikariat","status":"publish","type":"page","link":"https:\/\/hubsch-interior.com\/da\/salgskoordinator-til-skandinavien-barselsvikariat\/","title":{"rendered":"Salgskoordinator til Skandinavien (barselsvikariat)"},"content":{"rendered":"\t\t<div data-elementor-type=\"wp-page\" data-elementor-id=\"1011651\" class=\"elementor elementor-1011651 elementor-1011639\" data-elementor-post-type=\"page\">\n\t\t\t\t<div class=\"elementor-element elementor-element-f5abe8b e-con-full e-flex e-con e-parent\" data-id=\"f5abe8b\" data-element_type=\"container\" data-e-type=\"container\">\n\t\t<div class=\"elementor-element elementor-element-658f45e e-con-full e-flex e-con e-child\" data-id=\"658f45e\" data-element_type=\"container\" data-e-type=\"container\">\n\t\t\t\t<div class=\"elementor-element elementor-element-bb1d685 elementor-align-center elementor-tablet-align-center elementor-widget elementor-widget-breadcrumbs\" data-id=\"bb1d685\" data-element_type=\"widget\" data-e-type=\"widget\" data-widget_type=\"breadcrumbs.default\">\n\t\t\t\t<div class=\"elementor-widget-container\">\n\t\t\t\t\t<p id=\"breadcrumbs\"><span><span><a href=\"https:\/\/hubsch-interior.com\/da\/\">Forside<\/a><\/span><\/span><\/p>\t\t\t\t<\/div>\n\t\t\t\t<\/div>\n\t\t\t\t<\/div>\n\t\t\t\t<\/div>\n\t\t<div class=\"elementor-element elementor-element-c7418d3 e-con-full e-flex e-con e-parent\" data-id=\"c7418d3\" data-element_type=\"container\" data-e-type=\"container\" data-settings=\"{&quot;background_background&quot;:&quot;classic&quot;}\">\n\t\t<div class=\"elementor-element elementor-element-90ed8b3 e-con-full e-flex e-con e-child\" data-id=\"90ed8b3\" data-element_type=\"container\" data-e-type=\"container\">\n\t\t\t\t<div class=\"elementor-element elementor-element-e02bd36 elementor-widget elementor-widget-text-editor\" data-id=\"e02bd36\" data-element_type=\"widget\" data-e-type=\"widget\" data-widget_type=\"text-editor.default\">\n\t\t\t\t<div class=\"elementor-widget-container\">\n\t\t\t\t\t\t\t\t\t<p>We are hiring<\/p>\t\t\t\t\t\t\t\t<\/div>\n\t\t\t\t<\/div>\n\t\t\t\t<div class=\"elementor-element elementor-element-f203ef0 elementor-widget__width-initial elementor-widget elementor-widget-heading\" data-id=\"f203ef0\" data-element_type=\"widget\" data-e-type=\"widget\" data-widget_type=\"heading.default\">\n\t\t\t\t<div class=\"elementor-widget-container\">\n\t\t\t\t\t<h1 class=\"elementor-heading-title elementor-size-default\">Salgskoordinator til Skandinavien \n(barselsvikariat)<\/h1>\t\t\t\t<\/div>\n\t\t\t\t<\/div>\n\t\t\t\t<\/div>\n\t\t\t\t<\/div>\n\t\t\t\t<section class=\"elementor-section elementor-top-section elementor-element elementor-element-ce4b44f elementor-section-boxed elementor-section-height-default elementor-section-height-default\" data-id=\"ce4b44f\" data-element_type=\"section\" data-e-type=\"section\">\n\t\t\t\t\t\t<div class=\"elementor-container elementor-column-gap-default\">\n\t\t\t\t\t<div class=\"elementor-column elementor-col-100 elementor-top-column elementor-element elementor-element-6434b32\" data-id=\"6434b32\" data-element_type=\"column\" data-e-type=\"column\">\n\t\t\t<div class=\"elementor-widget-wrap elementor-element-populated\">\n\t\t\t\t\t\t<div class=\"elementor-element elementor-element-f773bcb elementor-widget elementor-widget-text-editor\" data-id=\"f773bcb\" data-element_type=\"widget\" data-e-type=\"widget\" data-widget_type=\"text-editor.default\">\n\t\t\t\t<div class=\"elementor-widget-container\">\n\t\t\t\t\t\t\t\t\t<p><strong>Er du serviceminded og udadvendt, og kan du fungere som bindeled imellem dine kollegaer og de administrative processer i salg?<\/strong><\/p><p><strong>H\u00fcbsch s\u00f8ger fra april\/maj 2025 en struktureret salgskoordinator med gode kommunikationsevner, som br\u00e6nder for udfordrende opgaver og salg i Skandinavien.<\/strong><\/p>\t\t\t\t\t\t\t\t<\/div>\n\t\t\t\t<\/div>\n\t\t\t\t\t<\/div>\n\t\t<\/div>\n\t\t\t\t\t<\/div>\n\t\t<\/section>\n\t\t\t\t<section class=\"elementor-section elementor-top-section elementor-element elementor-element-d187250 elementor-section-boxed elementor-section-height-default elementor-section-height-default\" data-id=\"d187250\" data-element_type=\"section\" data-e-type=\"section\">\n\t\t\t\t\t\t<div class=\"elementor-container elementor-column-gap-default\">\n\t\t\t\t\t<div class=\"elementor-column elementor-col-100 elementor-top-column elementor-element elementor-element-4a38647\" data-id=\"4a38647\" data-element_type=\"column\" data-e-type=\"column\">\n\t\t\t<div class=\"elementor-widget-wrap elementor-element-populated\">\n\t\t\t\t\t\t<div class=\"elementor-element elementor-element-a6eee67 elementor-widget elementor-widget-heading\" data-id=\"a6eee67\" data-element_type=\"widget\" data-e-type=\"widget\" data-widget_type=\"heading.default\">\n\t\t\t\t<div class=\"elementor-widget-container\">\n\t\t\t\t\t<h2 class=\"elementor-heading-title elementor-size-default\">En virksomhed i hurtig udvikling<\/h2>\t\t\t\t<\/div>\n\t\t\t\t<\/div>\n\t\t\t\t<div class=\"elementor-element elementor-element-dc00506 elementor-widget elementor-widget-text-editor\" data-id=\"dc00506\" data-element_type=\"widget\" data-e-type=\"widget\" data-widget_type=\"text-editor.default\">\n\t\t\t\t<div class=\"elementor-widget-container\">\n\t\t\t\t\t\t\t\t\t<p>H\u00fcbsch A\/S er en dansk virksomhed, som designer og s\u00e6lger sin egen kollektion af m\u00f8bler og boliginteri\u00f8r i hele verden, prim\u00e6rt via partner-webshops og butikker. H\u00fcbsch har hoveds\u00e6de i Herning og besk\u00e6ftiger ca. 30 medarbejdere. H\u00fcbsch er en virksomhed i hurtig udvikling, hvor der ikke er langt fra ord til handling. Du bliver en vigtig del af H\u00fcbsch\u2019 B2B-salgsafdeling, hvor alle har fokus p\u00e5 at v\u00e6re den bedste samarbejdspartner for kunderne. Du bliver en del af et dedikeret og internationalt team, og du vil f\u00e5 et stort netv\u00e6rk b\u00e5de i og udenfor organisationen, da du kommer til at arbejde p\u00e5 tv\u00e6rs af hele v\u00e6rdik\u00e6den.<\/p>\t\t\t\t\t\t\t\t<\/div>\n\t\t\t\t<\/div>\n\t\t\t\t\t<\/div>\n\t\t<\/div>\n\t\t\t\t\t<\/div>\n\t\t<\/section>\n\t\t\t\t<section class=\"elementor-section elementor-top-section elementor-element elementor-element-f4970bc elementor-section-boxed elementor-section-height-default elementor-section-height-default\" data-id=\"f4970bc\" data-element_type=\"section\" data-e-type=\"section\">\n\t\t\t\t\t\t<div class=\"elementor-container elementor-column-gap-default\">\n\t\t\t\t\t<div class=\"elementor-column elementor-col-50 elementor-top-column elementor-element elementor-element-db684bc\" data-id=\"db684bc\" data-element_type=\"column\" data-e-type=\"column\">\n\t\t\t<div class=\"elementor-widget-wrap elementor-element-populated\">\n\t\t\t\t\t\t<div class=\"elementor-element elementor-element-77c4a0b elementor-widget elementor-widget-heading\" data-id=\"77c4a0b\" data-element_type=\"widget\" data-e-type=\"widget\" data-widget_type=\"heading.default\">\n\t\t\t\t<div class=\"elementor-widget-container\">\n\t\t\t\t\t<h2 class=\"elementor-heading-title elementor-size-default\">Jobbet<\/h2>\t\t\t\t<\/div>\n\t\t\t\t<\/div>\n\t\t\t\t<div class=\"elementor-element elementor-element-8c5e544 elementor-widget elementor-widget-text-editor\" data-id=\"8c5e544\" data-element_type=\"widget\" data-e-type=\"widget\" data-widget_type=\"text-editor.default\">\n\t\t\t\t<div class=\"elementor-widget-container\">\n\t\t\t\t\t\t\t\t\t<p>Jobbet varetages fra kontoret i Herning, hvor resten af teamet ogs\u00e5 sidder.<\/p><p>Din prim\u00e6re funktion er at binde logistik og salg sammen og sikre et h\u00f8jt kommunikationsniveau s\u00e5vel internt med virksomhedens andre afdelinger, som eksternt med virksomhedens kunder.<\/p><p>Du vil prim\u00e6rt v\u00e6re ansvarlig for skandinaviske lande.<\/p><p>Du vil f\u00e5 en bred ber\u00f8ringsflade, der omfatter mange forskellige opgaver, s\u00e5 det er vigtigt, at du bevarer overblikket, er en dygtig kommunikat\u00f8r og arbejder struktureret, s\u00e5 de enkelte opgaver bliver l\u00f8st til tiden.<\/p><p>Stillingen er 37 timer\/ugen. L\u00f8n efter aftale, pension, sundhedsordning, mv.<\/p><p>Stillingen er et tidsbegr\u00e6nset barselsvikariat p\u00e5 9-11 m\u00e5neder.<\/p>\t\t\t\t\t\t\t\t<\/div>\n\t\t\t\t<\/div>\n\t\t\t\t\t<\/div>\n\t\t<\/div>\n\t\t\t\t<div class=\"elementor-column elementor-col-50 elementor-top-column elementor-element elementor-element-cf0bda6\" data-id=\"cf0bda6\" data-element_type=\"column\" data-e-type=\"column\">\n\t\t\t<div class=\"elementor-widget-wrap elementor-element-populated\">\n\t\t\t\t\t\t<div class=\"elementor-element elementor-element-00b4428 elementor-widget elementor-widget-heading\" data-id=\"00b4428\" data-element_type=\"widget\" data-e-type=\"widget\" data-widget_type=\"heading.default\">\n\t\t\t\t<div class=\"elementor-widget-container\">\n\t\t\t\t\t<h2 class=\"elementor-heading-title elementor-size-default\">Prim\u00e6re arbejdsopgaver:<\/h2>\t\t\t\t<\/div>\n\t\t\t\t<\/div>\n\t\t\t\t<div class=\"elementor-element elementor-element-795d856 elementor-widget elementor-widget-text-editor\" data-id=\"795d856\" data-element_type=\"widget\" data-e-type=\"widget\" data-widget_type=\"text-editor.default\">\n\t\t\t\t<div class=\"elementor-widget-container\">\n\t\t\t\t\t\t\t\t\t<p>Dine prim\u00e6re arbejdsopgaver er:<\/p><ul><li>Direkte kundekontakt og modtagelse af ordrer fra webshop, mail, telefon og showroom<\/li><li>Ordreh\u00e5ndtering i Uniconta (ERP-system)<\/li><li>F\u00f8lge op p\u00e5 ordre- og lagersituation, distribution og reklamationer<\/li><li>Deltagelse p\u00e5 salgsmesser<\/li><li>Udvikling af key account kunder<\/li><\/ul>\t\t\t\t\t\t\t\t<\/div>\n\t\t\t\t<\/div>\n\t\t\t\t\t<\/div>\n\t\t<\/div>\n\t\t\t\t\t<\/div>\n\t\t<\/section>\n\t\t\t\t<section class=\"elementor-section elementor-top-section elementor-element elementor-element-1f50407 elementor-section-boxed elementor-section-height-default elementor-section-height-default\" data-id=\"1f50407\" data-element_type=\"section\" data-e-type=\"section\">\n\t\t\t\t\t\t<div class=\"elementor-container elementor-column-gap-default\">\n\t\t\t\t\t<div class=\"elementor-column elementor-col-100 elementor-top-column elementor-element elementor-element-163fd32\" data-id=\"163fd32\" data-element_type=\"column\" data-e-type=\"column\">\n\t\t\t<div class=\"elementor-widget-wrap elementor-element-populated\">\n\t\t\t\t\t\t<div class=\"elementor-element elementor-element-c5121b9 elementor-widget elementor-widget-heading\" data-id=\"c5121b9\" data-element_type=\"widget\" data-e-type=\"widget\" data-widget_type=\"heading.default\">\n\t\t\t\t<div class=\"elementor-widget-container\">\n\t\t\t\t\t<h2 class=\"elementor-heading-title elementor-size-default\">Personlige og faglige kvalifikationer<\/h2>\t\t\t\t<\/div>\n\t\t\t\t<\/div>\n\t\t\t\t<div class=\"elementor-element elementor-element-abe18ef elementor-widget elementor-widget-text-editor\" data-id=\"abe18ef\" data-element_type=\"widget\" data-e-type=\"widget\" data-widget_type=\"text-editor.default\">\n\t\t\t\t<div class=\"elementor-widget-container\">\n\t\t\t\t\t\t\t\t\t<p class=\"MsoNormal\">Du har med fordel nogle \u00e5rs salgserfaring, gerne i en B2B-organisation og\/eller inden for design- og livsstilsbranchen.<\/p><p class=\"MsoNormal\">Du \u00f8nsker at sidde med administrative processer og kan finde ro i h\u00e5ndtering af disse. Du motiveres af at hj\u00e6lpe dine kollegaer, n\u00e5r der er behov for det, og derfor er du en udpr\u00e6get teamplayer.<\/p><p class=\"MsoNormal\">Du arbejder systematisk, er en erfaren it-bruger og l\u00e6rer hurtigt nye systemer og arbejdsgange i en travl og dynamisk hverdag.<\/p><p class=\"MsoNormal\">Som person er du en holdspiller med positiv energi, og du arbejder effektivt i et ungt og dynamisk milj\u00f8. Du kan arbejde p\u00e5 tv\u00e6rs af afdelinger og er god til at kommunikere og samarbejde.<\/p><p class=\"MsoNormal\">Du har solide kommunikationsevner skriftligt og mundtligt p\u00e5 dansk og engelsk, og forst\u00e5r med fordel norsk og svensk.<\/p>\t\t\t\t\t\t\t\t<\/div>\n\t\t\t\t<\/div>\n\t\t\t\t\t<\/div>\n\t\t<\/div>\n\t\t\t\t\t<\/div>\n\t\t<\/section>\n\t\t\t\t<section class=\"elementor-section elementor-top-section elementor-element elementor-element-0fe8faf elementor-section-boxed elementor-section-height-default elementor-section-height-default\" data-id=\"0fe8faf\" data-element_type=\"section\" data-e-type=\"section\">\n\t\t\t\t\t\t<div class=\"elementor-container elementor-column-gap-default\">\n\t\t\t\t\t<div class=\"elementor-column elementor-col-100 elementor-top-column elementor-element elementor-element-f8c4c9f\" data-id=\"f8c4c9f\" data-element_type=\"column\" data-e-type=\"column\">\n\t\t\t<div class=\"elementor-widget-wrap elementor-element-populated\">\n\t\t\t\t\t\t<div class=\"elementor-element elementor-element-ba608c9 elementor-widget elementor-widget-heading\" data-id=\"ba608c9\" data-element_type=\"widget\" data-e-type=\"widget\" data-widget_type=\"heading.default\">\n\t\t\t\t<div class=\"elementor-widget-container\">\n\t\t\t\t\t<h2 class=\"elementor-heading-title elementor-size-default\">Vi ser frem til at h\u00f8re fra dig<\/h2>\t\t\t\t<\/div>\n\t\t\t\t<\/div>\n\t\t\t\t<div class=\"elementor-element elementor-element-992cdbb elementor-widget__width-initial elementor-widget elementor-widget-text-editor\" data-id=\"992cdbb\" data-element_type=\"widget\" data-e-type=\"widget\" data-widget_type=\"text-editor.default\">\n\t\t\t\t<div class=\"elementor-widget-container\">\n\t\t\t\t\t\t\t\t\t<p>Hvis du har sp\u00f8rgsm\u00e5l til stillingen, bedes du kontakte Salgs &amp; Marketingdirekt\u00f8r Daniel Henriksen p\u00e5 mail <a href=\"mailto:job@hubsch-interior.com\" data-wplink-edit=\"true\"><span style=\"text-decoration: underline;\">job@hubsch-interior.com<\/span><\/a><\/p><p>Send din ans\u00f8gning m\u00e6rket \u201dSalgsagent til Norge\u201d til <a href=\"mailto:job@hubsch-interior.com\"><span style=\"text-decoration: underline;\">job@hubsch-interior.com<\/span><\/a> hurtigst muligt. Vi indkalder l\u00f8bende til samtaler med relevante kandidater.<\/p>\t\t\t\t\t\t\t\t<\/div>\n\t\t\t\t<\/div>\n\t\t\t\t<div class=\"elementor-element elementor-element-ba144d3 elementor-widget elementor-widget-button\" data-id=\"ba144d3\" data-element_type=\"widget\" data-e-type=\"widget\" data-widget_type=\"button.default\">\n\t\t\t\t<div class=\"elementor-widget-container\">\n\t\t\t\t\t\t\t\t\t<div class=\"elementor-button-wrapper\">\n\t\t\t\t\t<a class=\"elementor-button elementor-button-link elementor-size-sm\" href=\"mailto:job@hubsch-interior.com\">\n\t\t\t\t\t\t<span class=\"elementor-button-content-wrapper\">\n\t\t\t\t\t\t\t\t\t<span class=\"elementor-button-text\">Ans\u00f8g nu<\/span>\n\t\t\t\t\t<\/span>\n\t\t\t\t\t<\/a>\n\t\t\t\t<\/div>\n\t\t\t\t\t\t\t\t<\/div>\n\t\t\t\t<\/div>\n\t\t\t\t\t<\/div>\n\t\t<\/div>\n\t\t\t\t\t<\/div>\n\t\t<\/section>\n\t\t\t\t<\/div>\n\t\t","protected":false},"excerpt":{"rendered":"<p>We are hiring Salgskoordinator til Skandinavien (barselsvikariat) Er du serviceminded og udadvendt, og kan du fungere som bindeled imellem dine kollegaer og de administrative processer i salg? H\u00fcbsch s\u00f8ger fra april\/maj 2025 en struktureret salgskoordinator med gode kommunikationsevner, som br\u00e6nder for udfordrende opgaver og salg i Skandinavien. En virksomhed i hurtig udvikling H\u00fcbsch A\/S er [&hellip;]<\/p>\n","protected":false},"author":400,"featured_media":0,"parent":0,"menu_order":0,"comment_status":"closed","ping_status":"closed","template":"","meta":{"_acf_changed":false,"inline_featured_image":false,"footnotes":""},"class_list":["post-1011651","page","type-page","status-publish","hentry"],"acf":[],"yoast_head":"<!-- This site is optimized with the Yoast SEO plugin v26.4 - https:\/\/yoast.com\/wordpress\/plugins\/seo\/ -->\n<title>Salgskoordinator til Skandinavien (barselsvikariat) - H\u00fcbsch<\/title>\n<meta name=\"robots\" content=\"index, follow, max-snippet:-1, max-image-preview:large, max-video-preview:-1\" \/>\n<link rel=\"canonical\" href=\"https:\/\/hubsch-interior.com\/da\/wp-json\/wp\/v2\/pages\/1011651\" \/>\n<meta property=\"og:locale\" content=\"da_DK\" \/>\n<meta property=\"og:type\" content=\"article\" \/>\n<meta property=\"og:title\" content=\"Salgskoordinator til Skandinavien (barselsvikariat) - H\u00fcbsch\" \/>\n<meta property=\"og:description\" content=\"We are hiring Salgskoordinator til Skandinavien (barselsvikariat) Er du serviceminded og udadvendt, og kan du fungere som bindeled imellem dine kollegaer og de administrative processer i salg? H\u00fcbsch s\u00f8ger fra april\/maj 2025 en struktureret salgskoordinator med gode kommunikationsevner, som br\u00e6nder for udfordrende opgaver og salg i Skandinavien. En virksomhed i hurtig udvikling H\u00fcbsch A\/S er [&hellip;]\" \/>\n<meta property=\"og:url\" content=\"https:\/\/hubsch-interior.com\/da\/salgskoordinator-til-skandinavien-barselsvikariat\/\" \/>\n<meta property=\"og:site_name\" content=\"H\u00fcbsch\" \/>\n<meta name=\"twitter:card\" content=\"summary_large_image\" \/>\n<meta name=\"twitter:label1\" content=\"Estimeret l\u00e6setid\" \/>\n\t<meta name=\"twitter:data1\" content=\"3 minutter\" \/>\n<script type=\"application\/ld+json\" class=\"yoast-schema-graph\">{\"@context\":\"https:\/\/schema.org\",\"@graph\":[{\"@type\":\"WebPage\",\"@id\":\"https:\/\/hubsch-interior.com\/da\/salgskoordinator-til-skandinavien-barselsvikariat\/\",\"url\":\"https:\/\/hubsch-interior.com\/da\/salgskoordinator-til-skandinavien-barselsvikariat\/\",\"name\":\"Salgskoordinator til Skandinavien (barselsvikariat) - H\u00fcbsch\",\"isPartOf\":{\"@id\":\"https:\/\/hubsch-interior.com\/da\/#website\"},\"datePublished\":\"2025-02-11T11:48:49+00:00\",\"breadcrumb\":{\"@id\":\"https:\/\/hubsch-interior.com\/da\/salgskoordinator-til-skandinavien-barselsvikariat\/#breadcrumb\"},\"inLanguage\":\"da-DK\",\"potentialAction\":[{\"@type\":\"ReadAction\",\"target\":[\"https:\/\/hubsch-interior.com\/da\/salgskoordinator-til-skandinavien-barselsvikariat\/\"]}]},{\"@type\":\"BreadcrumbList\",\"@id\":\"https:\/\/hubsch-interior.com\/da\/salgskoordinator-til-skandinavien-barselsvikariat\/#breadcrumb\",\"itemListElement\":[{\"@type\":\"ListItem\",\"position\":1,\"name\":\"Forside\",\"item\":\"https:\/\/hubsch-interior.com\/da\/\"},{\"@type\":\"ListItem\",\"position\":2,\"name\":\"Salgskoordinator til Skandinavien (barselsvikariat)\"}]},{\"@type\":\"WebSite\",\"@id\":\"https:\/\/hubsch-interior.com\/da\/#website\",\"url\":\"https:\/\/hubsch-interior.com\/da\/\",\"name\":\"H\u00fcbsch\",\"description\":\"Danish Home Interior and Design\",\"publisher\":{\"@id\":\"https:\/\/hubsch-interior.com\/da\/#organization\"},\"potentialAction\":[{\"@type\":\"SearchAction\",\"target\":{\"@type\":\"EntryPoint\",\"urlTemplate\":\"https:\/\/hubsch-interior.com\/da\/?s={search_term_string}\"},\"query-input\":{\"@type\":\"PropertyValueSpecification\",\"valueRequired\":true,\"valueName\":\"search_term_string\"}}],\"inLanguage\":\"da-DK\"},{\"@type\":\"Organization\",\"@id\":\"https:\/\/hubsch-interior.com\/da\/#organization\",\"name\":\"H\u00fcbsch\",\"url\":\"https:\/\/hubsch-interior.com\/da\/\",\"logo\":{\"@type\":\"ImageObject\",\"inLanguage\":\"da-DK\",\"@id\":\"https:\/\/hubsch-interior.com\/da\/#\/schema\/logo\/image\/\",\"url\":\"https:\/\/hubsch-interior.com\/wp-content\/uploads\/2022\/12\/Hubsch_logo_black_one_line.svg\",\"contentUrl\":\"https:\/\/hubsch-interior.com\/wp-content\/uploads\/2022\/12\/Hubsch_logo_black_one_line.svg\",\"caption\":\"H\u00fcbsch\"},\"image\":{\"@id\":\"https:\/\/hubsch-interior.com\/da\/#\/schema\/logo\/image\/\"}}]}<\/script>\n<!-- \/ Yoast SEO plugin. -->","yoast_head_json":{"title":"Salgskoordinator til Skandinavien (barselsvikariat) - H\u00fcbsch","robots":{"index":"index","follow":"follow","max-snippet":"max-snippet:-1","max-image-preview":"max-image-preview:large","max-video-preview":"max-video-preview:-1"},"canonical":"https:\/\/hubsch-interior.com\/da\/wp-json\/wp\/v2\/pages\/1011651","og_locale":"da_DK","og_type":"article","og_title":"Salgskoordinator til Skandinavien (barselsvikariat) - H\u00fcbsch","og_description":"We are hiring Salgskoordinator til Skandinavien (barselsvikariat) Er du serviceminded og udadvendt, og kan du fungere som bindeled imellem dine kollegaer og de administrative processer i salg? H\u00fcbsch s\u00f8ger fra april\/maj 2025 en struktureret salgskoordinator med gode kommunikationsevner, som br\u00e6nder for udfordrende opgaver og salg i Skandinavien. En virksomhed i hurtig udvikling H\u00fcbsch A\/S er [&hellip;]","og_url":"https:\/\/hubsch-interior.com\/da\/salgskoordinator-til-skandinavien-barselsvikariat\/","og_site_name":"H\u00fcbsch","twitter_card":"summary_large_image","twitter_misc":{"Estimeret l\u00e6setid":"3 minutter"},"schema":{"@context":"https:\/\/schema.org","@graph":[{"@type":"WebPage","@id":"https:\/\/hubsch-interior.com\/da\/salgskoordinator-til-skandinavien-barselsvikariat\/","url":"https:\/\/hubsch-interior.com\/da\/salgskoordinator-til-skandinavien-barselsvikariat\/","name":"Salgskoordinator til Skandinavien (barselsvikariat) - H\u00fcbsch","isPartOf":{"@id":"https:\/\/hubsch-interior.com\/da\/#website"},"datePublished":"2025-02-11T11:48:49+00:00","breadcrumb":{"@id":"https:\/\/hubsch-interior.com\/da\/salgskoordinator-til-skandinavien-barselsvikariat\/#breadcrumb"},"inLanguage":"da-DK","potentialAction":[{"@type":"ReadAction","target":["https:\/\/hubsch-interior.com\/da\/salgskoordinator-til-skandinavien-barselsvikariat\/"]}]},{"@type":"BreadcrumbList","@id":"https:\/\/hubsch-interior.com\/da\/salgskoordinator-til-skandinavien-barselsvikariat\/#breadcrumb","itemListElement":[{"@type":"ListItem","position":1,"name":"Forside","item":"https:\/\/hubsch-interior.com\/da\/"},{"@type":"ListItem","position":2,"name":"Salgskoordinator til Skandinavien (barselsvikariat)"}]},{"@type":"WebSite","@id":"https:\/\/hubsch-interior.com\/da\/#website","url":"https:\/\/hubsch-interior.com\/da\/","name":"H\u00fcbsch","description":"Danish Home Interior and Design","publisher":{"@id":"https:\/\/hubsch-interior.com\/da\/#organization"},"potentialAction":[{"@type":"SearchAction","target":{"@type":"EntryPoint","urlTemplate":"https:\/\/hubsch-interior.com\/da\/?s={search_term_string}"},"query-input":{"@type":"PropertyValueSpecification","valueRequired":true,"valueName":"search_term_string"}}],"inLanguage":"da-DK"},{"@type":"Organization","@id":"https:\/\/hubsch-interior.com\/da\/#organization","name":"H\u00fcbsch","url":"https:\/\/hubsch-interior.com\/da\/","logo":{"@type":"ImageObject","inLanguage":"da-DK","@id":"https:\/\/hubsch-interior.com\/da\/#\/schema\/logo\/image\/","url":"https:\/\/hubsch-interior.com\/wp-content\/uploads\/2022\/12\/Hubsch_logo_black_one_line.svg","contentUrl":"https:\/\/hubsch-interior.com\/wp-content\/uploads\/2022\/12\/Hubsch_logo_black_one_line.svg","caption":"H\u00fcbsch"},"image":{"@id":"https:\/\/hubsch-interior.com\/da\/#\/schema\/logo\/image\/"}}]}},"_links":{"self":[{"href":"https:\/\/hubsch-interior.com\/da\/wp-json\/wp\/v2\/pages\/1011651","targetHints":{"allow":["GET"]}}],"collection":[{"href":"https:\/\/hubsch-interior.com\/da\/wp-json\/wp\/v2\/pages"}],"about":[{"href":"https:\/\/hubsch-interior.com\/da\/wp-json\/wp\/v2\/types\/page"}],"author":[{"embeddable":true,"href":"https:\/\/hubsch-interior.com\/da\/wp-json\/wp\/v2\/users\/400"}],"replies":[{"embeddable":true,"href":"https:\/\/hubsch-interior.com\/da\/wp-json\/wp\/v2\/comments?post=1011651"}],"version-history":[{"count":0,"href":"https:\/\/hubsch-interior.com\/da\/wp-json\/wp\/v2\/pages\/1011651\/revisions"}],"wp:attachment":[{"href":"https:\/\/hubsch-interior.com\/da\/wp-json\/wp\/v2\/media?parent=1011651"}],"curies":[{"name":"wp","href":"https:\/\/api.w.org\/{rel}","templated":true}]}}