{"id":67289,"date":"2021-01-07T13:45:54","date_gmt":"2021-01-07T12:45:54","guid":{"rendered":"https:\/\/hubsch-interior.com\/levering-og-returnering\/"},"modified":"2023-03-22T14:16:52","modified_gmt":"2023-03-22T13:16:52","slug":"levering-og-returnering","status":"publish","type":"page","link":"https:\/\/hubsch-interior.com\/da\/levering-og-returnering\/","title":{"rendered":"Levering og returnering"},"content":{"rendered":"\t\t<div data-elementor-type=\"wp-page\" data-elementor-id=\"67289\" class=\"elementor elementor-67289 elementor-32840\" data-elementor-post-type=\"page\">\n\t\t\t\t\t\t<section class=\"elementor-section elementor-top-section elementor-element elementor-element-f85260f elementor-section-full_width elementor-section-height-default elementor-section-height-default\" data-id=\"f85260f\" data-element_type=\"section\" data-e-type=\"section\">\n\t\t\t\t\t\t<div class=\"elementor-container elementor-column-gap-default\">\n\t\t\t\t\t<div class=\"elementor-column elementor-col-100 elementor-top-column elementor-element elementor-element-b59a426\" data-id=\"b59a426\" data-element_type=\"column\" data-e-type=\"column\">\n\t\t\t<div class=\"elementor-widget-wrap elementor-element-populated\">\n\t\t\t\t\t\t<div class=\"elementor-element elementor-element-fe3fab6 elementor-align-center elementor-widget elementor-widget-global elementor-global-719647 elementor-widget-breadcrumbs\" data-id=\"fe3fab6\" data-element_type=\"widget\" data-e-type=\"widget\" data-widget_type=\"breadcrumbs.default\">\n\t\t\t\t<div class=\"elementor-widget-container\">\n\t\t\t\t\t<p id=\"breadcrumbs\"><span><span><a href=\"https:\/\/hubsch-interior.com\/da\/\">Forside<\/a><\/span><\/span><\/p>\t\t\t\t<\/div>\n\t\t\t\t<\/div>\n\t\t\t\t\t<\/div>\n\t\t<\/div>\n\t\t\t\t\t<\/div>\n\t\t<\/section>\n\t\t\t\t<section class=\"elementor-section elementor-top-section elementor-element elementor-element-60cbd02 elementor-section-boxed elementor-section-height-default elementor-section-height-default\" data-id=\"60cbd02\" data-element_type=\"section\" data-e-type=\"section\">\n\t\t\t\t\t\t<div class=\"elementor-container elementor-column-gap-default\">\n\t\t\t\t\t<div class=\"elementor-column elementor-col-100 elementor-top-column elementor-element elementor-element-799c0f0\" data-id=\"799c0f0\" data-element_type=\"column\" data-e-type=\"column\">\n\t\t\t<div class=\"elementor-widget-wrap elementor-element-populated\">\n\t\t\t\t\t\t<div class=\"elementor-element elementor-element-609d052 elementor-widget elementor-widget-heading\" data-id=\"609d052\" data-element_type=\"widget\" data-e-type=\"widget\" data-widget_type=\"heading.default\">\n\t\t\t\t<div class=\"elementor-widget-container\">\n\t\t\t\t\t<h1 class=\"elementor-heading-title elementor-size-default\">Levering og fragt<\/h1>\t\t\t\t<\/div>\n\t\t\t\t<\/div>\n\t\t\t\t<div class=\"elementor-element elementor-element-2a54977 elementor-widget elementor-widget-text-editor\" data-id=\"2a54977\" data-element_type=\"widget\" data-e-type=\"widget\" data-widget_type=\"text-editor.default\">\n\t\t\t\t<div class=\"elementor-widget-container\">\n\t\t\t\t\t\t\t\t\t<p>Leveringsmulighederne og leveringspriser kan variere alt efter leveringsadresse, k\u00f8bstidspunkt og varernes tilg\u00e6ngelighed. Der till\u00e6gges altid fragt til varens pris. Vi viser dig de tilg\u00e6ngelige leveringsmetoder, prisen og leveringsdatoen for din ordre, n\u00e5r dit k\u00f8b behandles igen. Vi leverer varer til adresser i Danmark, Tyskland, Polen, Frankrig, \u00d8strig, Belgien, Finland, Holland, Spanien og Sverige. Varerne leveres indenfor 1-4 hverdage efter din bestilling.\u00a0 Vi tilbyder f\u00f8lgende leveringsformer i Danmark:<\/p>\n<ul>\n<li>GLS \u2013 Pakkeshop<\/li>\n<li>GLS \u2013 Privat levering<\/li>\n<li>GLS leverer pakker p\u00e5 max 20 kg<\/li>\n<li>Danske fragtm\u00e6nd &#8211; Levering til kantsten<\/li>\n<\/ul>\n\t\t\t\t\t\t\t\t<\/div>\n\t\t\t\t<\/div>\n\t\t\t\t<div class=\"elementor-element elementor-element-a1962f0 elementor-widget elementor-widget-heading\" data-id=\"a1962f0\" data-element_type=\"widget\" data-e-type=\"widget\" data-widget_type=\"heading.default\">\n\t\t\t\t<div class=\"elementor-widget-container\">\n\t\t\t\t\t<h3 class=\"elementor-heading-title elementor-size-default\">Fortrydelsesret<\/h3>\t\t\t\t<\/div>\n\t\t\t\t<\/div>\n\t\t\t\t<div class=\"elementor-element elementor-element-02d1204 elementor-widget elementor-widget-text-editor\" data-id=\"02d1204\" data-element_type=\"widget\" data-e-type=\"widget\" data-widget_type=\"text-editor.default\">\n\t\t\t\t<div class=\"elementor-widget-container\">\n\t\t\t\t\t\t\t\t\t<p>Du kan fortryde dit k\u00f8b uden begrundelse inden for 30 dage. Har du k\u00f8bt flere varer i en ordre, kan du v\u00e6lge at fortryde k\u00f8bet af nogle eller alle varer. Se om tilbagebetaling af leveringsomkostninger ved delvis fortrydelse under afsnittet \u201dtilbagebetaling af pengene ved fortrydelse\u201d. <\/p>\n<p><p>Fortrydelsesfristen udl\u00f8ber 30 dage efter den dag, hvor du eller en anden person, som du har valgt (dog ikke transport\u00f8ren), f\u00e5r varen i fysisk besiddelse. Hvis du har bestilt flere varer i en ordre, og vi ikke kan levere varerne samtidig, l\u00f8ber fortrydelsesfristen fra det tidspunkt, hvor du f\u00e5r den sidste vare i fysisk besiddelse.<\/p>\n<p><p>Hvis fristen udl\u00f8ber p\u00e5 en helligdag, l\u00f8rdag, grundlovsdag, juleaftensdag eller nyt\u00e5rsaftensdag, forl\u00e6nges fristen til den f\u00f8lgende hverdag.<\/p>\n<p>\n\t\t\t\t\t\t\t\t<\/div>\n\t\t\t\t<\/div>\n\t\t\t\t<div class=\"elementor-element elementor-element-6a0b1c0 elementor-widget elementor-widget-heading\" data-id=\"6a0b1c0\" data-element_type=\"widget\" data-e-type=\"widget\" data-widget_type=\"heading.default\">\n\t\t\t\t<div class=\"elementor-widget-container\">\n\t\t\t\t\t<h3 class=\"elementor-heading-title elementor-size-default\">Undtagelser til fortrydelsesretten<\/h3>\t\t\t\t<\/div>\n\t\t\t\t<\/div>\n\t\t\t\t<div class=\"elementor-element elementor-element-1429fbe elementor-widget elementor-widget-text-editor\" data-id=\"1429fbe\" data-element_type=\"widget\" data-e-type=\"widget\" data-widget_type=\"text-editor.default\">\n\t\t\t\t<div class=\"elementor-widget-container\">\n\t\t\t\t\t\t\t\t\t<p>Du kan miste din fortrydelsesret, hvis du bryder forseglingen eller emballagen p\u00e5 h\u00e5ndcreme, h\u00e5nds\u00e6be og opvaskemiddel.<\/p>\n\t\t\t\t\t\t\t\t<\/div>\n\t\t\t\t<\/div>\n\t\t\t\t<div class=\"elementor-element elementor-element-7347ef2 elementor-widget elementor-widget-heading\" data-id=\"7347ef2\" data-element_type=\"widget\" data-e-type=\"widget\" data-widget_type=\"heading.default\">\n\t\t\t\t<div class=\"elementor-widget-container\">\n\t\t\t\t\t<h3 class=\"elementor-heading-title elementor-size-default\">S\u00e5dan fortryder du<\/h3>\t\t\t\t<\/div>\n\t\t\t\t<\/div>\n\t\t\t\t<div class=\"elementor-element elementor-element-a0a6888 elementor-widget elementor-widget-text-editor\" data-id=\"a0a6888\" data-element_type=\"widget\" data-e-type=\"widget\" data-widget_type=\"text-editor.default\">\n\t\t\t\t<div class=\"elementor-widget-container\">\n\t\t\t\t\t\t\t\t\t<p>Du fortryder ved at give os klar besked om, at du fortryder dit k\u00f8b. Du kan sende en e-mail, hvor du oplyser ordrenummer, at du fortryder dit k\u00f8b til <span style=\"text-decoration: underline;\"><a href=\"mailto:shop@hubsch-interior.com\">shop@hubsch-interior.com<\/a><\/span>.\u00a0<\/p>\n<p>Du kan ikke fortryde ved at n\u00e6gte at modtage varen eller ved at undlade at hente den uden samtidig at give os besked om, at du fortryder. Fortrydelsesfristen er overholdt, hvis du sender din meddelelse om, at du fortryder k\u00f8bet, inden fortrydelsesfristen er udl\u00f8bet. \u00a0<\/p>\n\t\t\t\t\t\t\t\t<\/div>\n\t\t\t\t<\/div>\n\t\t\t\t<div class=\"elementor-element elementor-element-fa0f369 elementor-widget elementor-widget-heading\" data-id=\"fa0f369\" data-element_type=\"widget\" data-e-type=\"widget\" data-widget_type=\"heading.default\">\n\t\t\t\t<div class=\"elementor-widget-container\">\n\t\t\t\t\t<h3 class=\"elementor-heading-title elementor-size-default\">Returnering af varen og returomkostninger<\/h3>\t\t\t\t<\/div>\n\t\t\t\t<\/div>\n\t\t\t\t<div class=\"elementor-element elementor-element-37169f7 elementor-widget elementor-widget-text-editor\" data-id=\"37169f7\" data-element_type=\"widget\" data-e-type=\"widget\" data-widget_type=\"text-editor.default\">\n\t\t\t\t<div class=\"elementor-widget-container\">\n\t\t\t\t\t\t\t\t\t<p>Hvis du har fortrudt k\u00f8bet af en vare, skal du sende eller aflevere varen til:<\/p>\n<p>H\u00fcbsch<\/p>\n<p>Jupitervej 7<\/p>\n<p>(adgang via Orionvej 32)<\/p>\n<p>7430 Ikast<\/p>\n<p>Danmark<\/p>\n<p>&#8211; uden un\u00f8dig forsinkelse og senest 14 dage efter, at du har meddelt os, at du \u00f8nsker at fortryde dit k\u00f8b. Fristen er overholdt, hvis du returnerer varerne inden udl\u00f8bet af de 14 dage.<\/p>\n<p>Varer kan ikke sendes pr. efterkrav eller uden omdeling. Du skal selv betale for returforsendelsen af varen.<\/p>\n<p>Varer leveret til dig p\u00e5 paller med fragtmand, eller enkeltvarer med en v\u00e6gt over 20 kilo kan ikke returneres med almindelig post. Udgifterne til returnering med fragtmand afh\u00e6nger af, hvor du bor samt varen, du har k\u00f8bt.\u00a0<\/p>\n<p>Varer k\u00f8bt hos vores forhandlere skal returneres til den respektive forhandler.<\/p>\n<p>&nbsp;<\/p>\n\t\t\t\t\t\t\t\t<\/div>\n\t\t\t\t<\/div>\n\t\t\t\t<div class=\"elementor-element elementor-element-1b421ff elementor-widget elementor-widget-heading\" data-id=\"1b421ff\" data-element_type=\"widget\" data-e-type=\"widget\" data-widget_type=\"heading.default\">\n\t\t\t\t<div class=\"elementor-widget-container\">\n\t\t\t\t\t<h3 class=\"elementor-heading-title elementor-size-default\">Refundering ved fortrydelse af k\u00f8b<\/h3>\t\t\t\t<\/div>\n\t\t\t\t<\/div>\n\t\t\t\t<div class=\"elementor-element elementor-element-8f125cb elementor-widget elementor-widget-text-editor\" data-id=\"8f125cb\" data-element_type=\"widget\" data-e-type=\"widget\" data-widget_type=\"text-editor.default\">\n\t\t\t\t<div class=\"elementor-widget-container\">\n\t\t\t\t\t\t\t\t\t<p>Hvis du fortryder dit k\u00f8b, refunderer vi alle betalinger modtaget fra dig, herunder eventuelle leveringsomkostninger i forbindelse med k\u00f8bet. Det g\u00e6lder dog ikke ekstra omkostninger, n\u00e5r du har valgt en leveringsform, der er dyrere end den billigste form for levering, som vi tilbyder.<\/p>\n<p><p>Hvis du har k\u00f8bt flere varer i en ordre og kun fortryder en del af dit k\u00f8b, tilbagebetaler vi ikke leveringsomkostningerne.<\/p>\n<p><p>Vi tilbagebetaler bel\u00f8bet uden un\u00f8dig forsinkelse og under alle omst\u00e6ndigheder senest 10 dage fra den dato, hvor vi har modtaget din meddelelse om fortrydelse. Vi kan dog tilbageholde bel\u00f8bet, indtil vi har modtaget varerne retur, eller til du har fremsendt dokumentation for, at varerne er returneret.<br \/>\nVi gennemf\u00f8rer en s\u00e5dan tilbagebetaling med samme betalingsmiddel, som du benyttede ved den oprindelige transaktion, medmindre du udtrykkeligt har indvilget i noget andet. Under alle omst\u00e6ndigheder p\u00e5l\u00e6gges du ingen former for gebyrer som f\u00f8lge af tilbagebetalingen.<\/p>\n<p>\n\t\t\t\t\t\t\t\t<\/div>\n\t\t\t\t<\/div>\n\t\t\t\t<div class=\"elementor-element elementor-element-e9a8960 elementor-widget elementor-widget-heading\" data-id=\"e9a8960\" data-element_type=\"widget\" data-e-type=\"widget\" data-widget_type=\"heading.default\">\n\t\t\t\t<div class=\"elementor-widget-container\">\n\t\t\t\t\t<h3 class=\"elementor-heading-title elementor-size-default\">Varens stand ved returnering og emballage<\/h3>\t\t\t\t<\/div>\n\t\t\t\t<\/div>\n\t\t\t\t<div class=\"elementor-element elementor-element-4d66342 elementor-widget elementor-widget-text-editor\" data-id=\"4d66342\" data-element_type=\"widget\" data-e-type=\"widget\" data-widget_type=\"text-editor.default\">\n\t\t\t\t<div class=\"elementor-widget-container\">\n\t\t\t\t\t\t\t\t\t<p>Du h\u00e6fter kun for en evt. forringelse af en vares v\u00e6rdi, som skyldes anden h\u00e5ndtering af varen, end hvad der er n\u00f8dvendigt for at fastsl\u00e5 varernes art, egenskaber og den m\u00e5de, som den fungerer p\u00e5.<\/p>\n<p><p>Du skal tilbagelevere varen i originalemballagen. Emballagen m\u00e5 \u00e5bnes, men ikke \u00f8del\u00e6gges. Hvis emballagen mangler eller er \u00f8delagt, kan det udg\u00f8re en v\u00e6rdiforringelse, som du h\u00e6fter for. Du b\u00f8r endvidere s\u00f8rge for, at varen er forsvarligt indpakket, n\u00e5r du returnerer den. Du b\u00e6rer selv risikoen for pakken\/varerne, indtil vi modtager dem. Gem derfor postkvittering samt evt. track and trace nummer.<\/p>\n\t\t\t\t\t\t\t\t<\/div>\n\t\t\t\t<\/div>\n\t\t\t\t<div class=\"elementor-element elementor-element-a067006 elementor-widget elementor-widget-heading\" data-id=\"a067006\" data-element_type=\"widget\" data-e-type=\"widget\" data-widget_type=\"heading.default\">\n\t\t\t\t<div class=\"elementor-widget-container\">\n\t\t\t\t\t<h3 class=\"elementor-heading-title elementor-size-default\">Reklamation \u2013 hvis der er noget galt med varen<\/h3>\t\t\t\t<\/div>\n\t\t\t\t<\/div>\n\t\t\t\t<div class=\"elementor-element elementor-element-c5c30eb elementor-widget elementor-widget-text-editor\" data-id=\"c5c30eb\" data-element_type=\"widget\" data-e-type=\"widget\" data-widget_type=\"text-editor.default\">\n\t\t\t\t<div class=\"elementor-widget-container\">\n\t\t\t\t\t\t\t\t\t<p>Ved k\u00f8b af varer g\u00e6lder k\u00f8belovens regler. Modtager du en beskadiget vare har du selvf\u00f8lgelig 24 m\u00e5neders reklamationsret, s\u00e5fremt du kan fremvise k\u00f8bsbevis. \u00d8nsker du at f\u00e5 behandlet en reklamation, skal du udfylde og vedh\u00e6fte en reklamationsformular.<\/p>\n\t\t\t\t\t\t\t\t<\/div>\n\t\t\t\t<\/div>\n\t\t\t\t<div class=\"elementor-element elementor-element-7eaf4c9 elementor-widget elementor-widget-heading\" data-id=\"7eaf4c9\" data-element_type=\"widget\" data-e-type=\"widget\" data-widget_type=\"heading.default\">\n\t\t\t\t<div class=\"elementor-widget-container\">\n\t\t\t\t\t<h3 class=\"elementor-heading-title elementor-size-default\">Klagemuligheder<\/h3>\t\t\t\t<\/div>\n\t\t\t\t<\/div>\n\t\t\t\t<div class=\"elementor-element elementor-element-22b9eb0 elementor-widget elementor-widget-text-editor\" data-id=\"22b9eb0\" data-element_type=\"widget\" data-e-type=\"widget\" data-widget_type=\"text-editor.default\">\n\t\t\t\t<div class=\"elementor-widget-container\">\n\t\t\t\t\t\t\t\t\t<p>Kan vi ikke blive enige om, hvad du har krav p\u00e5, har du f\u00f8lgende klagemuligheder:<\/p>\n<p><p>En klage over en vare eller tjenesteydelse kan indgives til Center for Klagel\u00f8sning, N\u00e6vnenes Hus, Toldboden 2, 8800 Viborg. Du kan klage til Center for Klagel\u00f8sning via Klageportalen for N\u00e6vnenes hus: \u00a0<span style=\"text-decoration: underline;\"><a href=\"https:\/\/kpo.naevneneshus.dk.\/\">www.kpo.naevneneshus.dk.<\/a>\u00a0<\/span><\/p>\n<p>\nDu kan ogs\u00e5 anvende EU-Kommissionens online klageportal ved indgivelse af en klage. Det er s\u00e6rlig relevant for forbrugere med bop\u00e6l i et andet EU-land. Klage indgives her \u2013\u00a0<span style=\"text-decoration: underline;\"><a href=\"http:\/\/ec.eurospa.eu\/odr\">www.ec.Eurospa.eu\/odr<\/a><\/span><u>.<\/u><\/p>\n<p> Ved indgivelse af en klage skal du angive vores e-mailadresse:  <span style=\"text-decoration: underline;\"><a href=\"mailto:shop@hubsch-interior.com\">shop@hubsch-interior.com<\/a>.<\/span><\/p>\n\t\t\t\t\t\t\t\t<\/div>\n\t\t\t\t<\/div>\n\t\t\t\t\t<\/div>\n\t\t<\/div>\n\t\t\t\t\t<\/div>\n\t\t<\/section>\n\t\t\t\t<\/div>\n\t\t","protected":false},"excerpt":{"rendered":"<p>Levering og fragt Leveringsmulighederne og leveringspriser kan variere alt efter leveringsadresse, k\u00f8bstidspunkt og varernes tilg\u00e6ngelighed. Der till\u00e6gges altid fragt til varens pris. Vi viser dig de tilg\u00e6ngelige leveringsmetoder, prisen og leveringsdatoen for din ordre, n\u00e5r dit k\u00f8b behandles igen. Vi leverer varer til adresser i Danmark, Tyskland, Polen, Frankrig, \u00d8strig, Belgien, Finland, Holland, Spanien og [&hellip;]<\/p>\n","protected":false},"author":2,"featured_media":0,"parent":0,"menu_order":0,"comment_status":"closed","ping_status":"closed","template":"","meta":{"_acf_changed":false,"inline_featured_image":false,"footnotes":""},"class_list":["post-67289","page","type-page","status-publish","hentry"],"acf":[],"yoast_head":"<!-- This site is optimized with the Yoast SEO plugin v26.4 - https:\/\/yoast.com\/wordpress\/plugins\/seo\/ -->\n<title>Levering og retur politik | Ordreinformation - H\u00fcbsch Interior<\/title>\n<meta name=\"description\" content=\"Info om levering og returnering for H\u00fcbsch Interior. Find de vigtige informationer vedr. din ordre. Vi sender altid indenfor 2 hverdage.\" \/>\n<meta name=\"robots\" content=\"index, follow, max-snippet:-1, max-image-preview:large, max-video-preview:-1\" \/>\n<link rel=\"canonical\" href=\"https:\/\/hubsch-interior.com\/da\/wp-json\/wp\/v2\/pages\/67289\" \/>\n<meta property=\"og:locale\" content=\"da_DK\" \/>\n<meta property=\"og:type\" content=\"article\" \/>\n<meta property=\"og:title\" content=\"Levering og retur politik | Ordreinformation - H\u00fcbsch Interior\" \/>\n<meta property=\"og:description\" content=\"Info om levering og returnering for H\u00fcbsch Interior. Find de vigtige informationer vedr. din ordre. Vi sender altid indenfor 2 hverdage.\" \/>\n<meta property=\"og:url\" content=\"https:\/\/hubsch-interior.com\/da\/levering-og-returnering\/\" \/>\n<meta property=\"og:site_name\" content=\"H\u00fcbsch\" \/>\n<meta property=\"article:modified_time\" content=\"2023-03-22T13:16:52+00:00\" \/>\n<meta name=\"twitter:card\" content=\"summary_large_image\" \/>\n<meta name=\"twitter:label1\" content=\"Estimeret l\u00e6setid\" \/>\n\t<meta name=\"twitter:data1\" content=\"2 minutter\" \/>\n<script type=\"application\/ld+json\" class=\"yoast-schema-graph\">{\"@context\":\"https:\/\/schema.org\",\"@graph\":[{\"@type\":\"WebPage\",\"@id\":\"https:\/\/hubsch-interior.com\/da\/levering-og-returnering\/\",\"url\":\"https:\/\/hubsch-interior.com\/da\/levering-og-returnering\/\",\"name\":\"Levering og retur politik | Ordreinformation - H\u00fcbsch Interior\",\"isPartOf\":{\"@id\":\"https:\/\/hubsch-interior.com\/da\/#website\"},\"datePublished\":\"2021-01-07T12:45:54+00:00\",\"dateModified\":\"2023-03-22T13:16:52+00:00\",\"description\":\"Info om levering og returnering for H\u00fcbsch Interior. Find de vigtige informationer vedr. din ordre. Vi sender altid indenfor 2 hverdage.\",\"breadcrumb\":{\"@id\":\"https:\/\/hubsch-interior.com\/da\/levering-og-returnering\/#breadcrumb\"},\"inLanguage\":\"da-DK\",\"potentialAction\":[{\"@type\":\"ReadAction\",\"target\":[\"https:\/\/hubsch-interior.com\/da\/levering-og-returnering\/\"]}]},{\"@type\":\"BreadcrumbList\",\"@id\":\"https:\/\/hubsch-interior.com\/da\/levering-og-returnering\/#breadcrumb\",\"itemListElement\":[{\"@type\":\"ListItem\",\"position\":1,\"name\":\"Forside\",\"item\":\"https:\/\/hubsch-interior.com\/da\/\"},{\"@type\":\"ListItem\",\"position\":2,\"name\":\"Levering og returnering\"}]},{\"@type\":\"WebSite\",\"@id\":\"https:\/\/hubsch-interior.com\/da\/#website\",\"url\":\"https:\/\/hubsch-interior.com\/da\/\",\"name\":\"H\u00fcbsch\",\"description\":\"Danish Home Interior and Design\",\"publisher\":{\"@id\":\"https:\/\/hubsch-interior.com\/da\/#organization\"},\"potentialAction\":[{\"@type\":\"SearchAction\",\"target\":{\"@type\":\"EntryPoint\",\"urlTemplate\":\"https:\/\/hubsch-interior.com\/da\/?s={search_term_string}\"},\"query-input\":{\"@type\":\"PropertyValueSpecification\",\"valueRequired\":true,\"valueName\":\"search_term_string\"}}],\"inLanguage\":\"da-DK\"},{\"@type\":\"Organization\",\"@id\":\"https:\/\/hubsch-interior.com\/da\/#organization\",\"name\":\"H\u00fcbsch\",\"url\":\"https:\/\/hubsch-interior.com\/da\/\",\"logo\":{\"@type\":\"ImageObject\",\"inLanguage\":\"da-DK\",\"@id\":\"https:\/\/hubsch-interior.com\/da\/#\/schema\/logo\/image\/\",\"url\":\"https:\/\/hubsch-interior.com\/wp-content\/uploads\/2022\/12\/Hubsch_logo_black_one_line.svg\",\"contentUrl\":\"https:\/\/hubsch-interior.com\/wp-content\/uploads\/2022\/12\/Hubsch_logo_black_one_line.svg\",\"caption\":\"H\u00fcbsch\"},\"image\":{\"@id\":\"https:\/\/hubsch-interior.com\/da\/#\/schema\/logo\/image\/\"}}]}<\/script>\n<!-- \/ Yoast SEO plugin. -->","yoast_head_json":{"title":"Levering og retur politik | Ordreinformation - H\u00fcbsch Interior","description":"Info om levering og returnering for H\u00fcbsch Interior. Find de vigtige informationer vedr. din ordre. Vi sender altid indenfor 2 hverdage.","robots":{"index":"index","follow":"follow","max-snippet":"max-snippet:-1","max-image-preview":"max-image-preview:large","max-video-preview":"max-video-preview:-1"},"canonical":"https:\/\/hubsch-interior.com\/da\/wp-json\/wp\/v2\/pages\/67289","og_locale":"da_DK","og_type":"article","og_title":"Levering og retur politik | Ordreinformation - H\u00fcbsch Interior","og_description":"Info om levering og returnering for H\u00fcbsch Interior. Find de vigtige informationer vedr. din ordre. Vi sender altid indenfor 2 hverdage.","og_url":"https:\/\/hubsch-interior.com\/da\/levering-og-returnering\/","og_site_name":"H\u00fcbsch","article_modified_time":"2023-03-22T13:16:52+00:00","twitter_card":"summary_large_image","twitter_misc":{"Estimeret l\u00e6setid":"2 minutter"},"schema":{"@context":"https:\/\/schema.org","@graph":[{"@type":"WebPage","@id":"https:\/\/hubsch-interior.com\/da\/levering-og-returnering\/","url":"https:\/\/hubsch-interior.com\/da\/levering-og-returnering\/","name":"Levering og retur politik | Ordreinformation - H\u00fcbsch Interior","isPartOf":{"@id":"https:\/\/hubsch-interior.com\/da\/#website"},"datePublished":"2021-01-07T12:45:54+00:00","dateModified":"2023-03-22T13:16:52+00:00","description":"Info om levering og returnering for H\u00fcbsch Interior. Find de vigtige informationer vedr. din ordre. Vi sender altid indenfor 2 hverdage.","breadcrumb":{"@id":"https:\/\/hubsch-interior.com\/da\/levering-og-returnering\/#breadcrumb"},"inLanguage":"da-DK","potentialAction":[{"@type":"ReadAction","target":["https:\/\/hubsch-interior.com\/da\/levering-og-returnering\/"]}]},{"@type":"BreadcrumbList","@id":"https:\/\/hubsch-interior.com\/da\/levering-og-returnering\/#breadcrumb","itemListElement":[{"@type":"ListItem","position":1,"name":"Forside","item":"https:\/\/hubsch-interior.com\/da\/"},{"@type":"ListItem","position":2,"name":"Levering og returnering"}]},{"@type":"WebSite","@id":"https:\/\/hubsch-interior.com\/da\/#website","url":"https:\/\/hubsch-interior.com\/da\/","name":"H\u00fcbsch","description":"Danish Home Interior and Design","publisher":{"@id":"https:\/\/hubsch-interior.com\/da\/#organization"},"potentialAction":[{"@type":"SearchAction","target":{"@type":"EntryPoint","urlTemplate":"https:\/\/hubsch-interior.com\/da\/?s={search_term_string}"},"query-input":{"@type":"PropertyValueSpecification","valueRequired":true,"valueName":"search_term_string"}}],"inLanguage":"da-DK"},{"@type":"Organization","@id":"https:\/\/hubsch-interior.com\/da\/#organization","name":"H\u00fcbsch","url":"https:\/\/hubsch-interior.com\/da\/","logo":{"@type":"ImageObject","inLanguage":"da-DK","@id":"https:\/\/hubsch-interior.com\/da\/#\/schema\/logo\/image\/","url":"https:\/\/hubsch-interior.com\/wp-content\/uploads\/2022\/12\/Hubsch_logo_black_one_line.svg","contentUrl":"https:\/\/hubsch-interior.com\/wp-content\/uploads\/2022\/12\/Hubsch_logo_black_one_line.svg","caption":"H\u00fcbsch"},"image":{"@id":"https:\/\/hubsch-interior.com\/da\/#\/schema\/logo\/image\/"}}]}},"_links":{"self":[{"href":"https:\/\/hubsch-interior.com\/da\/wp-json\/wp\/v2\/pages\/67289","targetHints":{"allow":["GET"]}}],"collection":[{"href":"https:\/\/hubsch-interior.com\/da\/wp-json\/wp\/v2\/pages"}],"about":[{"href":"https:\/\/hubsch-interior.com\/da\/wp-json\/wp\/v2\/types\/page"}],"author":[{"embeddable":true,"href":"https:\/\/hubsch-interior.com\/da\/wp-json\/wp\/v2\/users\/2"}],"replies":[{"embeddable":true,"href":"https:\/\/hubsch-interior.com\/da\/wp-json\/wp\/v2\/comments?post=67289"}],"version-history":[{"count":20,"href":"https:\/\/hubsch-interior.com\/da\/wp-json\/wp\/v2\/pages\/67289\/revisions"}],"predecessor-version":[{"id":891825,"href":"https:\/\/hubsch-interior.com\/da\/wp-json\/wp\/v2\/pages\/67289\/revisions\/891825"}],"wp:attachment":[{"href":"https:\/\/hubsch-interior.com\/da\/wp-json\/wp\/v2\/media?parent=67289"}],"curies":[{"name":"wp","href":"https:\/\/api.w.org\/{rel}","templated":true}]}}