{"id":73521,"date":"2021-01-20T09:37:37","date_gmt":"2021-01-20T08:37:37","guid":{"rendered":"https:\/\/hubsch-interior.com\/cookie-politik\/"},"modified":"2023-02-21T15:36:38","modified_gmt":"2023-02-21T14:36:38","slug":"cookie-politik","status":"publish","type":"page","link":"https:\/\/hubsch-interior.com\/da\/cookie-politik\/","title":{"rendered":"Cookiepolitik"},"content":{"rendered":"\t\t<div data-elementor-type=\"wp-page\" data-elementor-id=\"73521\" class=\"elementor elementor-73521 elementor-73405\" data-elementor-post-type=\"page\">\n\t\t\t\t\t\t<section class=\"elementor-section elementor-top-section elementor-element elementor-element-4e9bf5f elementor-section-full_width elementor-section-height-default elementor-section-height-default\" data-id=\"4e9bf5f\" data-element_type=\"section\" data-e-type=\"section\">\n\t\t\t\t\t\t<div class=\"elementor-container elementor-column-gap-default\">\n\t\t\t\t\t<div class=\"elementor-column elementor-col-100 elementor-top-column elementor-element elementor-element-ce6a0e2\" data-id=\"ce6a0e2\" data-element_type=\"column\" data-e-type=\"column\">\n\t\t\t<div class=\"elementor-widget-wrap elementor-element-populated\">\n\t\t\t\t\t\t<div class=\"elementor-element elementor-element-f7d5bee elementor-align-center elementor-widget elementor-widget-global elementor-global-719647 elementor-widget-breadcrumbs\" data-id=\"f7d5bee\" data-element_type=\"widget\" data-e-type=\"widget\" data-widget_type=\"breadcrumbs.default\">\n\t\t\t\t<div class=\"elementor-widget-container\">\n\t\t\t\t\t<p id=\"breadcrumbs\"><span><span><a href=\"https:\/\/hubsch-interior.com\/da\/\">Forside<\/a><\/span><\/span><\/p>\t\t\t\t<\/div>\n\t\t\t\t<\/div>\n\t\t\t\t\t<\/div>\n\t\t<\/div>\n\t\t\t\t\t<\/div>\n\t\t<\/section>\n\t\t\t\t<section class=\"elementor-section elementor-top-section elementor-element elementor-element-8cad501 elementor-section-boxed elementor-section-height-default elementor-section-height-default\" data-id=\"8cad501\" data-element_type=\"section\" data-e-type=\"section\">\n\t\t\t\t\t\t<div class=\"elementor-container elementor-column-gap-default\">\n\t\t\t\t\t<div class=\"elementor-column elementor-col-100 elementor-top-column elementor-element elementor-element-34b75b8\" data-id=\"34b75b8\" data-element_type=\"column\" data-e-type=\"column\">\n\t\t\t<div class=\"elementor-widget-wrap elementor-element-populated\">\n\t\t\t\t\t\t<div class=\"elementor-element elementor-element-834b427 elementor-widget elementor-widget-heading\" data-id=\"834b427\" data-element_type=\"widget\" data-e-type=\"widget\" data-widget_type=\"heading.default\">\n\t\t\t\t<div class=\"elementor-widget-container\">\n\t\t\t\t\t<h1 class=\"elementor-heading-title elementor-size-default\">Cookiepolitik<\/h1>\t\t\t\t<\/div>\n\t\t\t\t<\/div>\n\t\t\t\t<div class=\"elementor-element elementor-element-2586131 elementor-widget elementor-widget-heading\" data-id=\"2586131\" data-element_type=\"widget\" data-e-type=\"widget\" data-widget_type=\"heading.default\">\n\t\t\t\t<div class=\"elementor-widget-container\">\n\t\t\t\t\t<h2 class=\"elementor-heading-title elementor-size-default\">Generelt<\/h2>\t\t\t\t<\/div>\n\t\t\t\t<\/div>\n\t\t\t\t<div class=\"elementor-element elementor-element-f2d864b elementor-widget elementor-widget-text-editor\" data-id=\"f2d864b\" data-element_type=\"widget\" data-e-type=\"widget\" data-widget_type=\"text-editor.default\">\n\t\t\t\t<div class=\"elementor-widget-container\">\n\t\t\t\t\t\t\t\t\t<p>Denne hjemmeside er drevet og ejet af:<br \/>\nH\u00fcbsch Retail ApS<br \/>\nCVR: 41732350<br \/>\nE-mail: shop@hubsch-interior.com<br \/>\nTelefon: +45 44226888<\/p>\n\t\t\t\t\t\t\t\t<\/div>\n\t\t\t\t<\/div>\n\t\t\t\t<div class=\"elementor-element elementor-element-6dc41b7 elementor-widget elementor-widget-heading\" data-id=\"6dc41b7\" data-element_type=\"widget\" data-e-type=\"widget\" data-widget_type=\"heading.default\">\n\t\t\t\t<div class=\"elementor-widget-container\">\n\t\t\t\t\t<h2 class=\"elementor-heading-title elementor-size-default\">Hvad er cookie?<\/h2>\t\t\t\t<\/div>\n\t\t\t\t<\/div>\n\t\t\t\t<div class=\"elementor-element elementor-element-b1d14e5 elementor-widget elementor-widget-text-editor\" data-id=\"b1d14e5\" data-element_type=\"widget\" data-e-type=\"widget\" data-widget_type=\"text-editor.default\">\n\t\t\t\t<div class=\"elementor-widget-container\">\n\t\t\t\t\t\t\t\t\t<p>En cookie er en lille tekstfil p\u00e5 din computer harddisk, smartphone eller andet elektroniks apparat.<br \/>\nCookien g\u00f8r det muligt for os at genkende din computer\/IP-adresse og indsamle information om de sider du bes\u00f8ger. <\/p>\n\t\t\t\t\t\t\t\t<\/div>\n\t\t\t\t<\/div>\n\t\t\t\t<div class=\"elementor-element elementor-element-d069e81 elementor-widget elementor-widget-heading\" data-id=\"d069e81\" data-element_type=\"widget\" data-e-type=\"widget\" data-widget_type=\"heading.default\">\n\t\t\t\t<div class=\"elementor-widget-container\">\n\t\t\t\t\t<h3 class=\"elementor-heading-title elementor-size-default\">Samtykke til cookies<\/h3>\t\t\t\t<\/div>\n\t\t\t\t<\/div>\n\t\t\t\t<div class=\"elementor-element elementor-element-9b55adf elementor-widget elementor-widget-text-editor\" data-id=\"9b55adf\" data-element_type=\"widget\" data-e-type=\"widget\" data-widget_type=\"text-editor.default\">\n\t\t\t\t<div class=\"elementor-widget-container\">\n\t\t\t\t\t\t\t\t\t<p>N\u00e5r du klikker p\u00e5 \u201dAccepter alle\u201d i cookie banneret, giver du samtykke til, at der s\u00e6ttes cookies til de form\u00e5et som banneret angiver. \u00d8nsker du kun at give dit samtykke til nogle cookies, kan du selv v\u00e6lge de \u00f8nskede cookies til og fra, og derefter trykke p\u00e5 \u201dAccepter valgte\u201d. \u00d8nsker du derimod ikke at give samtykke til nogle cookies, skal du v\u00e6lge alle fra, ved at trykke p\u00e5 \u201dAfvis alle\u201d. I cookie banneret kan du ogs\u00e5 tr\u00e6kke et samtykke tilbage med fremtidig virkning. V\u00e6r dog opm\u00e6rksom p\u00e5 at du ikke kan fjerne \u201dn\u00f8dvendige cookies\u201d da de er en foruds\u00e6tning for, at siden kan fungere.<\/p>\n\t\t\t\t\t\t\t\t<\/div>\n\t\t\t\t<\/div>\n\t\t\t\t<div class=\"elementor-element elementor-element-217be8d elementor-widget elementor-widget-heading\" data-id=\"217be8d\" data-element_type=\"widget\" data-e-type=\"widget\" data-widget_type=\"heading.default\">\n\t\t\t\t<div class=\"elementor-widget-container\">\n\t\t\t\t\t<h3 class=\"elementor-heading-title elementor-size-default\">Hvilke cookies s\u00e6ttes<\/h3>\t\t\t\t<\/div>\n\t\t\t\t<\/div>\n\t\t\t\t<div class=\"elementor-element elementor-element-0445997 elementor-widget elementor-widget-text-editor\" data-id=\"0445997\" data-element_type=\"widget\" data-e-type=\"widget\" data-widget_type=\"text-editor.default\">\n\t\t\t\t<div class=\"elementor-widget-container\">\n\t\t\t\t\t\t\t\t\t<p>H\u00fcbsch bruger tredjeparts cookies. En tredjepart cookie er en cookie der er placeret af andre end H\u00fcbsch, for eksempel af andre websites der tilbyder indhold p\u00e5 vore website, forhandlere af nogle funktioner p\u00e5 vore website eller analyse programmer. Tredjeparts cookies er med til at hj\u00e6lpe os med at forbedre din oplevelse p\u00e5 vores website. <\/p>\n\t\t\t\t\t\t\t\t<\/div>\n\t\t\t\t<\/div>\n\t\t\t\t<div class=\"elementor-element elementor-element-071e144 elementor-widget elementor-widget-heading\" data-id=\"071e144\" data-element_type=\"widget\" data-e-type=\"widget\" data-widget_type=\"heading.default\">\n\t\t\t\t<div class=\"elementor-widget-container\">\n\t\t\t\t\t<h3 class=\"elementor-heading-title elementor-size-default\">Hvorfor bruger H\u00fcbsch cookies?<\/h3>\t\t\t\t<\/div>\n\t\t\t\t<\/div>\n\t\t\t\t<div class=\"elementor-element elementor-element-87e49d0 elementor-widget elementor-widget-text-editor\" data-id=\"87e49d0\" data-element_type=\"widget\" data-e-type=\"widget\" data-widget_type=\"text-editor.default\">\n\t\t\t\t<div class=\"elementor-widget-container\">\n\t\t\t\t\t\t\t\t\t<p>Hos H\u00fcbsch bruger vi cookies for at forbedre din oplevelse p\u00e5 vores website, for at hj\u00e6lpe os lave det bedst mulige indhold til dig. Derudover giver cookies os mulighed for at gemme de valg du laver n\u00e5r du bruger vore website \u2013 f.eks. dit valg af land og sprog.<br \/>\nVi bruger ogs\u00e5 cookies til at m\u00e5lrette vores markedsf\u00f8ring til dine behov og eftersp\u00f8rgsler.<\/p>\n\t\t\t\t\t\t\t\t<\/div>\n\t\t\t\t<\/div>\n\t\t\t\t<div class=\"elementor-element elementor-element-9b38f83 elementor-widget elementor-widget-heading\" data-id=\"9b38f83\" data-element_type=\"widget\" data-e-type=\"widget\" data-widget_type=\"heading.default\">\n\t\t\t\t<div class=\"elementor-widget-container\">\n\t\t\t\t\t<h3 class=\"elementor-heading-title elementor-size-default\">S\u00e5dan afviser eller sletter du cookies eller tr\u00e6kker samtykket tilbage<\/h3>\t\t\t\t<\/div>\n\t\t\t\t<\/div>\n\t\t\t\t<div class=\"elementor-element elementor-element-b97bc94 elementor-widget elementor-widget-text-editor\" data-id=\"b97bc94\" data-element_type=\"widget\" data-e-type=\"widget\" data-widget_type=\"text-editor.default\">\n\t\t\t\t<div class=\"elementor-widget-container\">\n\t\t\t\t\t\t\t\t\t<p>Du kan til enhver tid tilbagekalde dit samtykke til cookies for fremtiden ved at klikke p\u00e5 ikonet \u201dfodspor\u201d nede i venstre hj\u00f8rne af sk\u00e6rmen, som \u00e5bner banneret igen, og som er synlig p\u00e5 alle sider p\u00e5 hjemmesiden. I bunden af banneret kan du frav\u00e6lge alle cookies, der ikke er n\u00f8dvendige for at f\u00e5 siden til at fungere. Hvis du \u00f8nsker at v\u00e6lge nogle fra, skal du trykke p\u00e5 \u201daccepter valgte\u201d hvis du har valgt alle cookies fra, skal du trykke p\u00e5 \u201dAfvis alle\u201d. Dit samtykke vil herefter v\u00e6re opdateret.  <\/p>\n<p>Du kan ogs\u00e5 slette cookies, der allerede er sat, og tr\u00e6kke dit samtykke tilbage:<br \/>\nBenytter du en PC med nyere browser, kan du slette dine cookies ved at bruge genvejstasterne:<br \/>\nCTRL + SHIFT + DELETE<br \/>\nVirker genvejstasterne ikke, og\/eller benytter du en MAC, skal du starte med at finde ud af,<br \/>\nhvilken browser du bruger og herefter klikke p\u00e5 det relevante link: <\/p>\n<p>Internet Explorer<br \/>\nMozilla Firefox<br \/>\nGoogle Chrome<br \/>\nOpera<br \/>\nSafari<br \/>\nFlash cookies (alle browsere)<br \/>\niPhone, iPad og andet fra Apple<br \/>\nTelefoner med Android styresystem<br \/>\nTelefoner med Windows 7<\/p>\n<p>Du kan ogs\u00e5 altid afvise cookies p\u00e5 din computer ved at \u00e6ndre indstillingerne i din browser. Hvor du finder indstillingerne afh\u00e6nger af hvilke browser du anvender. Du skal dog v\u00e6re opm\u00e6rksom p\u00e5, at hvis du g\u00f8r det, er der mange funktioner og services du ikke kan bruge, fordi de foruds\u00e6tter, at hjemmesiden kan huske de valg du foretager. <\/p>\n\t\t\t\t\t\t\t\t<\/div>\n\t\t\t\t<\/div>\n\t\t\t\t<div class=\"elementor-element elementor-element-627c568 elementor-widget elementor-widget-heading\" data-id=\"627c568\" data-element_type=\"widget\" data-e-type=\"widget\" data-widget_type=\"heading.default\">\n\t\t\t\t<div class=\"elementor-widget-container\">\n\t\t\t\t\t<h3 class=\"elementor-heading-title elementor-size-default\">Sp\u00f8rgsm\u00e5l og klagevejledning<\/h3>\t\t\t\t<\/div>\n\t\t\t\t<\/div>\n\t\t\t\t<div class=\"elementor-element elementor-element-f6c3b85 elementor-widget elementor-widget-text-editor\" data-id=\"f6c3b85\" data-element_type=\"widget\" data-e-type=\"widget\" data-widget_type=\"text-editor.default\">\n\t\t\t\t<div class=\"elementor-widget-container\">\n\t\t\t\t\t\t\t\t\t<p>Har du sp\u00f8rgsm\u00e5l i forbindelse med vores information eller behandling af personlige oplysninger, er du altid velkommen til at kontakte os p\u00e5 shop@hubsch-interior.com.<\/p>\n<p>Hvis du ikke mener at hjemmesiden overholder cookie-reglerne, kan ud henvende dig til<br \/>\nH\u00fcbsch Retail ApS p\u00e5 Shop@hubsch-interior.com.<\/p>\n<p>Henvendelsen skal indeholde:<br \/>\nDit navn<br \/>\nDin adresse<br \/>\nDin e-mail<br \/>\nDit telefonnummer<br \/>\nHjemmeside: <a href=\"https:\/\/hubsch-interior.com\/shop\/\">www.hubsch-interior.com\/shop <\/a><br \/>\nDetaljeret beskrivelse af klagens indhold<\/p>\n<p>Vi vil hos H\u00fcbsch herefter behandle din henvendelse inden for rimelig tid.<\/p>\n\t\t\t\t\t\t\t\t<\/div>\n\t\t\t\t<\/div>\n\t\t\t\t\t<\/div>\n\t\t<\/div>\n\t\t\t\t\t<\/div>\n\t\t<\/section>\n\t\t\t\t<\/div>\n\t\t","protected":false},"excerpt":{"rendered":"<p>Cookiepolitik Generelt Denne hjemmeside er drevet og ejet af: H\u00fcbsch Retail ApS CVR: 41732350 E-mail: shop@hubsch-interior.com Telefon: +45 44226888 Hvad er cookie? En cookie er en lille tekstfil p\u00e5 din computer harddisk, smartphone eller andet elektroniks apparat. Cookien g\u00f8r det muligt for os at genkende din computer\/IP-adresse og indsamle information om de sider du bes\u00f8ger. [&hellip;]<\/p>\n","protected":false},"author":2,"featured_media":0,"parent":0,"menu_order":0,"comment_status":"closed","ping_status":"closed","template":"","meta":{"_acf_changed":false,"inline_featured_image":false,"footnotes":""},"class_list":["post-73521","page","type-page","status-publish","hentry"],"acf":[],"yoast_head":"<!-- This site is optimized with the Yoast SEO plugin v26.4 - https:\/\/yoast.com\/wordpress\/plugins\/seo\/ -->\n<title>Cookiepolitik - H\u00fcbsch<\/title>\n<meta name=\"robots\" content=\"index, follow, max-snippet:-1, max-image-preview:large, max-video-preview:-1\" \/>\n<link rel=\"canonical\" href=\"https:\/\/hubsch-interior.com\/da\/wp-json\/wp\/v2\/pages\/73521\" \/>\n<meta property=\"og:locale\" content=\"da_DK\" \/>\n<meta property=\"og:type\" content=\"article\" \/>\n<meta property=\"og:title\" content=\"Cookiepolitik - H\u00fcbsch\" \/>\n<meta property=\"og:description\" content=\"Cookiepolitik Generelt Denne hjemmeside er drevet og ejet af: H\u00fcbsch Retail ApS CVR: 41732350 E-mail: shop@hubsch-interior.com Telefon: +45 44226888 Hvad er cookie? En cookie er en lille tekstfil p\u00e5 din computer harddisk, smartphone eller andet elektroniks apparat. Cookien g\u00f8r det muligt for os at genkende din computer\/IP-adresse og indsamle information om de sider du bes\u00f8ger. [&hellip;]\" \/>\n<meta property=\"og:url\" content=\"https:\/\/hubsch-interior.com\/da\/cookie-politik\/\" \/>\n<meta property=\"og:site_name\" content=\"H\u00fcbsch\" \/>\n<meta property=\"article:modified_time\" content=\"2023-02-21T14:36:38+00:00\" \/>\n<meta name=\"twitter:card\" content=\"summary_large_image\" \/>\n<meta name=\"twitter:label1\" content=\"Estimeret l\u00e6setid\" \/>\n\t<meta name=\"twitter:data1\" content=\"3 minutter\" \/>\n<script type=\"application\/ld+json\" class=\"yoast-schema-graph\">{\"@context\":\"https:\/\/schema.org\",\"@graph\":[{\"@type\":\"WebPage\",\"@id\":\"https:\/\/hubsch-interior.com\/da\/cookie-politik\/\",\"url\":\"https:\/\/hubsch-interior.com\/da\/cookie-politik\/\",\"name\":\"Cookiepolitik - H\u00fcbsch\",\"isPartOf\":{\"@id\":\"https:\/\/hubsch-interior.com\/da\/#website\"},\"datePublished\":\"2021-01-20T08:37:37+00:00\",\"dateModified\":\"2023-02-21T14:36:38+00:00\",\"breadcrumb\":{\"@id\":\"https:\/\/hubsch-interior.com\/da\/cookie-politik\/#breadcrumb\"},\"inLanguage\":\"da-DK\",\"potentialAction\":[{\"@type\":\"ReadAction\",\"target\":[\"https:\/\/hubsch-interior.com\/da\/cookie-politik\/\"]}]},{\"@type\":\"BreadcrumbList\",\"@id\":\"https:\/\/hubsch-interior.com\/da\/cookie-politik\/#breadcrumb\",\"itemListElement\":[{\"@type\":\"ListItem\",\"position\":1,\"name\":\"Forside\",\"item\":\"https:\/\/hubsch-interior.com\/da\/\"},{\"@type\":\"ListItem\",\"position\":2,\"name\":\"Cookiepolitik\"}]},{\"@type\":\"WebSite\",\"@id\":\"https:\/\/hubsch-interior.com\/da\/#website\",\"url\":\"https:\/\/hubsch-interior.com\/da\/\",\"name\":\"H\u00fcbsch\",\"description\":\"Danish Home Interior and Design\",\"publisher\":{\"@id\":\"https:\/\/hubsch-interior.com\/da\/#organization\"},\"potentialAction\":[{\"@type\":\"SearchAction\",\"target\":{\"@type\":\"EntryPoint\",\"urlTemplate\":\"https:\/\/hubsch-interior.com\/da\/?s={search_term_string}\"},\"query-input\":{\"@type\":\"PropertyValueSpecification\",\"valueRequired\":true,\"valueName\":\"search_term_string\"}}],\"inLanguage\":\"da-DK\"},{\"@type\":\"Organization\",\"@id\":\"https:\/\/hubsch-interior.com\/da\/#organization\",\"name\":\"H\u00fcbsch\",\"url\":\"https:\/\/hubsch-interior.com\/da\/\",\"logo\":{\"@type\":\"ImageObject\",\"inLanguage\":\"da-DK\",\"@id\":\"https:\/\/hubsch-interior.com\/da\/#\/schema\/logo\/image\/\",\"url\":\"https:\/\/hubsch-interior.com\/wp-content\/uploads\/2022\/12\/Hubsch_logo_black_one_line.svg\",\"contentUrl\":\"https:\/\/hubsch-interior.com\/wp-content\/uploads\/2022\/12\/Hubsch_logo_black_one_line.svg\",\"caption\":\"H\u00fcbsch\"},\"image\":{\"@id\":\"https:\/\/hubsch-interior.com\/da\/#\/schema\/logo\/image\/\"}}]}<\/script>\n<!-- \/ Yoast SEO plugin. -->","yoast_head_json":{"title":"Cookiepolitik - H\u00fcbsch","robots":{"index":"index","follow":"follow","max-snippet":"max-snippet:-1","max-image-preview":"max-image-preview:large","max-video-preview":"max-video-preview:-1"},"canonical":"https:\/\/hubsch-interior.com\/da\/wp-json\/wp\/v2\/pages\/73521","og_locale":"da_DK","og_type":"article","og_title":"Cookiepolitik - H\u00fcbsch","og_description":"Cookiepolitik Generelt Denne hjemmeside er drevet og ejet af: H\u00fcbsch Retail ApS CVR: 41732350 E-mail: shop@hubsch-interior.com Telefon: +45 44226888 Hvad er cookie? En cookie er en lille tekstfil p\u00e5 din computer harddisk, smartphone eller andet elektroniks apparat. Cookien g\u00f8r det muligt for os at genkende din computer\/IP-adresse og indsamle information om de sider du bes\u00f8ger. [&hellip;]","og_url":"https:\/\/hubsch-interior.com\/da\/cookie-politik\/","og_site_name":"H\u00fcbsch","article_modified_time":"2023-02-21T14:36:38+00:00","twitter_card":"summary_large_image","twitter_misc":{"Estimeret l\u00e6setid":"3 minutter"},"schema":{"@context":"https:\/\/schema.org","@graph":[{"@type":"WebPage","@id":"https:\/\/hubsch-interior.com\/da\/cookie-politik\/","url":"https:\/\/hubsch-interior.com\/da\/cookie-politik\/","name":"Cookiepolitik - H\u00fcbsch","isPartOf":{"@id":"https:\/\/hubsch-interior.com\/da\/#website"},"datePublished":"2021-01-20T08:37:37+00:00","dateModified":"2023-02-21T14:36:38+00:00","breadcrumb":{"@id":"https:\/\/hubsch-interior.com\/da\/cookie-politik\/#breadcrumb"},"inLanguage":"da-DK","potentialAction":[{"@type":"ReadAction","target":["https:\/\/hubsch-interior.com\/da\/cookie-politik\/"]}]},{"@type":"BreadcrumbList","@id":"https:\/\/hubsch-interior.com\/da\/cookie-politik\/#breadcrumb","itemListElement":[{"@type":"ListItem","position":1,"name":"Forside","item":"https:\/\/hubsch-interior.com\/da\/"},{"@type":"ListItem","position":2,"name":"Cookiepolitik"}]},{"@type":"WebSite","@id":"https:\/\/hubsch-interior.com\/da\/#website","url":"https:\/\/hubsch-interior.com\/da\/","name":"H\u00fcbsch","description":"Danish Home Interior and Design","publisher":{"@id":"https:\/\/hubsch-interior.com\/da\/#organization"},"potentialAction":[{"@type":"SearchAction","target":{"@type":"EntryPoint","urlTemplate":"https:\/\/hubsch-interior.com\/da\/?s={search_term_string}"},"query-input":{"@type":"PropertyValueSpecification","valueRequired":true,"valueName":"search_term_string"}}],"inLanguage":"da-DK"},{"@type":"Organization","@id":"https:\/\/hubsch-interior.com\/da\/#organization","name":"H\u00fcbsch","url":"https:\/\/hubsch-interior.com\/da\/","logo":{"@type":"ImageObject","inLanguage":"da-DK","@id":"https:\/\/hubsch-interior.com\/da\/#\/schema\/logo\/image\/","url":"https:\/\/hubsch-interior.com\/wp-content\/uploads\/2022\/12\/Hubsch_logo_black_one_line.svg","contentUrl":"https:\/\/hubsch-interior.com\/wp-content\/uploads\/2022\/12\/Hubsch_logo_black_one_line.svg","caption":"H\u00fcbsch"},"image":{"@id":"https:\/\/hubsch-interior.com\/da\/#\/schema\/logo\/image\/"}}]}},"_links":{"self":[{"href":"https:\/\/hubsch-interior.com\/da\/wp-json\/wp\/v2\/pages\/73521","targetHints":{"allow":["GET"]}}],"collection":[{"href":"https:\/\/hubsch-interior.com\/da\/wp-json\/wp\/v2\/pages"}],"about":[{"href":"https:\/\/hubsch-interior.com\/da\/wp-json\/wp\/v2\/types\/page"}],"author":[{"embeddable":true,"href":"https:\/\/hubsch-interior.com\/da\/wp-json\/wp\/v2\/users\/2"}],"replies":[{"embeddable":true,"href":"https:\/\/hubsch-interior.com\/da\/wp-json\/wp\/v2\/comments?post=73521"}],"version-history":[{"count":2,"href":"https:\/\/hubsch-interior.com\/da\/wp-json\/wp\/v2\/pages\/73521\/revisions"}],"predecessor-version":[{"id":887490,"href":"https:\/\/hubsch-interior.com\/da\/wp-json\/wp\/v2\/pages\/73521\/revisions\/887490"}],"wp:attachment":[{"href":"https:\/\/hubsch-interior.com\/da\/wp-json\/wp\/v2\/media?parent=73521"}],"curies":[{"name":"wp","href":"https:\/\/api.w.org\/{rel}","templated":true}]}}