{"id":983425,"date":"2024-02-23T09:14:03","date_gmt":"2024-02-23T08:14:03","guid":{"rendered":"https:\/\/hubsch-interior.com\/job\/digital-marketingpraktikant\/"},"modified":"2025-01-22T12:51:53","modified_gmt":"2025-01-22T11:51:53","slug":"digital-marketingpraktikant","status":"publish","type":"page","link":"https:\/\/hubsch-interior.com\/da\/job\/digital-marketingpraktikant\/","title":{"rendered":"Digital marketingpraktikant"},"content":{"rendered":"\t\t<div data-elementor-type=\"wp-page\" data-elementor-id=\"983425\" class=\"elementor elementor-983425 elementor-983404\" data-elementor-post-type=\"page\">\n\t\t\t\t<div class=\"elementor-element elementor-element-7458135 e-con-full e-flex e-con e-parent\" data-id=\"7458135\" data-element_type=\"container\" data-e-type=\"container\">\n\t\t<div class=\"elementor-element elementor-element-7dbb9b5 e-con-full e-flex e-con e-child\" data-id=\"7dbb9b5\" data-element_type=\"container\" data-e-type=\"container\">\n\t\t\t\t<div class=\"elementor-element elementor-element-ed82e1c elementor-align-center elementor-tablet-align-center elementor-widget elementor-widget-breadcrumbs\" data-id=\"ed82e1c\" data-element_type=\"widget\" data-e-type=\"widget\" data-widget_type=\"breadcrumbs.default\">\n\t\t\t\t<div class=\"elementor-widget-container\">\n\t\t\t\t\t<p id=\"breadcrumbs\"><span><span><a href=\"https:\/\/hubsch-interior.com\/da\/\">Forside<\/a><\/span><\/span><\/p>\t\t\t\t<\/div>\n\t\t\t\t<\/div>\n\t\t\t\t<\/div>\n\t\t\t\t<\/div>\n\t\t<div class=\"elementor-element elementor-element-5e179d9 e-con-full e-flex e-con e-parent\" data-id=\"5e179d9\" data-element_type=\"container\" data-e-type=\"container\" data-settings=\"{&quot;background_background&quot;:&quot;classic&quot;}\">\n\t\t<div class=\"elementor-element elementor-element-9ed2b65 e-con-full e-flex e-con e-child\" data-id=\"9ed2b65\" data-element_type=\"container\" data-e-type=\"container\">\n\t\t\t\t<div class=\"elementor-element elementor-element-662b814 elementor-widget elementor-widget-text-editor\" data-id=\"662b814\" data-element_type=\"widget\" data-e-type=\"widget\" data-widget_type=\"text-editor.default\">\n\t\t\t\t<div class=\"elementor-widget-container\">\n\t\t\t\t\t\t\t\t\t<p>JOIN THE TEAM<\/p>\n\t\t\t\t\t\t\t\t<\/div>\n\t\t\t\t<\/div>\n\t\t\t\t<div class=\"elementor-element elementor-element-942bbed elementor-widget__width-initial elementor-widget elementor-widget-heading\" data-id=\"942bbed\" data-element_type=\"widget\" data-e-type=\"widget\" data-widget_type=\"heading.default\">\n\t\t\t\t<div class=\"elementor-widget-container\">\n\t\t\t\t\t<h1 class=\"elementor-heading-title elementor-size-default\">Praktikant til Content Creation og Digital Marketing<\/h1>\t\t\t\t<\/div>\n\t\t\t\t<\/div>\n\t\t\t\t<\/div>\n\t\t\t\t<\/div>\n\t\t<div class=\"elementor-element elementor-element-dfe8a25 e-flex e-con-boxed e-con e-parent\" data-id=\"dfe8a25\" data-element_type=\"container\" data-e-type=\"container\">\n\t\t\t\t\t<div class=\"e-con-inner\">\n\t\t<div class=\"elementor-element elementor-element-e68f695 e-con-full e-flex e-con e-child\" data-id=\"e68f695\" data-element_type=\"container\" data-e-type=\"container\">\n\t\t\t\t<div class=\"elementor-element elementor-element-7b652c8 elementor-widget elementor-widget-text-editor\" data-id=\"7b652c8\" data-element_type=\"widget\" data-e-type=\"widget\" data-widget_type=\"text-editor.default\">\n\t\t\t\t<div class=\"elementor-widget-container\">\n\t\t\t\t\t\t\t\t\t<p>Er du i gang med en uddannelse inden for Digital Marketing og s\u00f8ger en praktikplads? S\u00e5 er det m\u00e5ske dig, vi mangler i vores marketingafdeling hos H\u00fcbsch.<\/p>\n\t\t\t\t\t\t\t\t<\/div>\n\t\t\t\t<\/div>\n\t\t\t\t<div class=\"elementor-element elementor-element-c50da9d elementor-widget elementor-widget-text-editor\" data-id=\"c50da9d\" data-element_type=\"widget\" data-e-type=\"widget\" data-widget_type=\"text-editor.default\">\n\t\t\t\t<div class=\"elementor-widget-container\">\n\t\t\t\t\t\t\t\t\t<p>Vi s\u00f8ger en passioneret og ambiti\u00f8s praktikant, der ikke er bange for at pr\u00f8ve kr\u00e6fter med en bred vifte af opgaver inden for marketing og kommunikation. Du vil blive en del af vores marketingteam, som bl.a. arbejde med marketing og e-commerce.<\/p>\n\t\t\t\t\t\t\t\t<\/div>\n\t\t\t\t<\/div>\n\t\t\t\t<\/div>\n\t\t\t\t\t<\/div>\n\t\t\t\t<\/div>\n\t\t<div class=\"elementor-element elementor-element-9fe7643 e-flex e-con-boxed e-con e-parent\" data-id=\"9fe7643\" data-element_type=\"container\" data-e-type=\"container\">\n\t\t\t\t\t<div class=\"e-con-inner\">\n\t\t<div class=\"elementor-element elementor-element-67e3445 e-con-full e-flex e-con e-child\" data-id=\"67e3445\" data-element_type=\"container\" data-e-type=\"container\">\n\t\t\t\t<div class=\"elementor-element elementor-element-b26d749 elementor-widget elementor-widget-heading\" data-id=\"b26d749\" data-element_type=\"widget\" data-e-type=\"widget\" data-widget_type=\"heading.default\">\n\t\t\t\t<div class=\"elementor-widget-container\">\n\t\t\t\t\t<h2 class=\"elementor-heading-title elementor-size-default\">Om dig<\/h2>\t\t\t\t<\/div>\n\t\t\t\t<\/div>\n\t\t\t\t<div class=\"elementor-element elementor-element-024550c elementor-widget elementor-widget-text-editor\" data-id=\"024550c\" data-element_type=\"widget\" data-e-type=\"widget\" data-widget_type=\"text-editor.default\">\n\t\t\t\t<div class=\"elementor-widget-container\">\n\t\t\t\t\t\t\t\t\t<p>Det er vigtigt, at du er solid erfaring med brug af sociale medier, har interesse for algoritmer og kan spotte nye trends. Samtidig er du god til at skrive f\u00e6ngende tekster, er struktureret og ikke bange for at tage ansvar for de opgaver, du bliver tildelt.<\/p>\n<ul>\n<li>Du er i gang med en uddannelse inden for digital marketing eller et lignende studie<\/li>\n<li>Du har stor interesse for sociale medier, is\u00e6r Instagram og\/eller TikTok<\/li>\n<li>Du har lyst til at pr\u00f8ve kr\u00e6fter med b\u00e5de B2B- og B2C-marketing og opn\u00e5 en forst\u00e5else for at m\u00e5lrette kommunikation til begge markeder<\/li>\n<li>Du har kendskab til, og evt. erfaring med, nogle af f\u00f8lgende omr\u00e5der: Facebook, Instagram, nyhedsbreve, LinkedIn, webshop, magasiner og webindhold.<\/li>\n<\/ul>\n\t\t\t\t\t\t\t\t<\/div>\n\t\t\t\t<\/div>\n\t\t\t\t<\/div>\n\t\t<div class=\"elementor-element elementor-element-447964a e-con-full e-flex e-con e-child\" data-id=\"447964a\" data-element_type=\"container\" data-e-type=\"container\">\n\t\t\t\t<div class=\"elementor-element elementor-element-7c9aba7 elementor-widget elementor-widget-heading\" data-id=\"7c9aba7\" data-element_type=\"widget\" data-e-type=\"widget\" data-widget_type=\"heading.default\">\n\t\t\t\t<div class=\"elementor-widget-container\">\n\t\t\t\t\t<h2 class=\"elementor-heading-title elementor-size-default\">Dine prim\u00e6re praktikomr\u00e5der<\/h2>\t\t\t\t<\/div>\n\t\t\t\t<\/div>\n\t\t\t\t<div class=\"elementor-element elementor-element-a316133 elementor-widget elementor-widget-text-editor\" data-id=\"a316133\" data-element_type=\"widget\" data-e-type=\"widget\" data-widget_type=\"text-editor.default\">\n\t\t\t\t<div class=\"elementor-widget-container\">\n\t\t\t\t\t\t\t\t\t<ul>\n<li>Planl\u00e6gning og udf\u00f8relse af engagerende kampagner<\/li>\n<li>Kommunikation, planl\u00e6gning og h\u00e5ndtering af sociale medier, herunder TikTok, Instagram, LinkedIn m.fl.<\/li>\n<li>Opbygning og planl\u00e6gning af nyhedsbreve for B2C-markedet<\/li>\n<li>Planl\u00e6gning af ambassad\u00f8rkampagner<\/li>\n<li>Influencer-research og eventuelt samarbejde<\/li>\n<\/ul>\n<p>En stor del af dit praktikophold vil omhandle at g\u00f8re os mere synlige p\u00e5 sociale medier, b\u00e5de via vores egne konti og i samarbejde med vores ambassad\u00f8rer. Du vil v\u00e6re en del af planl\u00e6gning, briefing og udarbejdelse af materiale, og du f\u00e5r ansvaret for at sikre, at projekterne bliver f\u00f8rt til ende.<\/p>\n\t\t\t\t\t\t\t\t<\/div>\n\t\t\t\t<\/div>\n\t\t\t\t<\/div>\n\t\t\t\t\t<\/div>\n\t\t\t\t<\/div>\n\t\t<div class=\"elementor-element elementor-element-cb434f1 e-flex e-con-boxed e-con e-parent\" data-id=\"cb434f1\" data-element_type=\"container\" data-e-type=\"container\">\n\t\t\t\t\t<div class=\"e-con-inner\">\n\t\t<div class=\"elementor-element elementor-element-e6c6449 e-con-full e-flex e-con e-child\" data-id=\"e6c6449\" data-element_type=\"container\" data-e-type=\"container\">\n\t\t<div class=\"elementor-element elementor-element-c633548 e-con-full e-flex e-con e-child\" data-id=\"c633548\" data-element_type=\"container\" data-e-type=\"container\">\n\t\t\t\t<div class=\"elementor-element elementor-element-5dee957 elementor-widget elementor-widget-heading\" data-id=\"5dee957\" data-element_type=\"widget\" data-e-type=\"widget\" data-widget_type=\"heading.default\">\n\t\t\t\t<div class=\"elementor-widget-container\">\n\t\t\t\t\t<h2 class=\"elementor-heading-title elementor-size-default\">Dine prim\u00e6re praktikomr\u00e5der<\/h2>\t\t\t\t<\/div>\n\t\t\t\t<\/div>\n\t\t\t\t<div class=\"elementor-element elementor-element-6eae1a3 elementor-widget__width-initial elementor-widget elementor-widget-text-editor\" data-id=\"6eae1a3\" data-element_type=\"widget\" data-e-type=\"widget\" data-widget_type=\"text-editor.default\">\n\t\t\t\t<div class=\"elementor-widget-container\">\n\t\t\t\t\t\t\t\t\t<p><strong>\u00d8vrige praktikomr\u00e5der<\/strong><\/p>\n<p>Der vil ogs\u00e5 v\u00e6re mulighed for at pr\u00f8ve kr\u00e6fter med andre opgaver, herunder:<\/p>\n<p>E-commerce:<\/p>\n<ul>\n<li>Content creation til websider<\/li>\n<li>SEO-optimering<\/li>\n<li>Vedligeholdelse af B2B- og B2C-shoppen<\/li>\n<\/ul>\n<p>M\u00e5lgruppe-research:<\/p>\n<ul>\n<li>Analyse og identifikation af m\u00e5lgrupper<\/li>\n<\/ul>\n\t\t\t\t\t\t\t\t<\/div>\n\t\t\t\t<\/div>\n\t\t\t\t<\/div>\n\t\t<div class=\"elementor-element elementor-element-c22873c e-con-full e-flex e-con e-child\" data-id=\"c22873c\" data-element_type=\"container\" data-e-type=\"container\">\n\t\t\t\t<div class=\"elementor-element elementor-element-07c9c79 elementor-widget elementor-widget-heading\" data-id=\"07c9c79\" data-element_type=\"widget\" data-e-type=\"widget\" data-widget_type=\"heading.default\">\n\t\t\t\t<div class=\"elementor-widget-container\">\n\t\t\t\t\t<h2 class=\"elementor-heading-title elementor-size-default\">Vi ser frem til at h\u00f8re fra dig<\/h2>\t\t\t\t<\/div>\n\t\t\t\t<\/div>\n\t\t\t\t<div class=\"elementor-element elementor-element-df9bba5 elementor-widget__width-initial elementor-widget elementor-widget-text-editor\" data-id=\"df9bba5\" data-element_type=\"widget\" data-e-type=\"widget\" data-widget_type=\"text-editor.default\">\n\t\t\t\t<div class=\"elementor-widget-container\">\n\t\t\t\t\t\t\t\t\t<p>Hvis du har sp\u00f8rgsm\u00e5l til stillingen, bedes du kontakte Salgs &amp; Marketingdirekt\u00f8r Daniel Henriksen p\u00e5 mail <a href=\"mailto:job@hubsch-interior.com\">job@hubsch-interior.com<\/a><\/p>\n<p>Send din ans\u00f8gning m\u00e6rket \u201dDigital marketingpraktikant\u201d<br \/>hurtigst muligt til <a href=\"mailto:job@hubsch-interior.com\">job@hubsch-interior.com<\/a><\/p>\n<p>Vi indkalder l\u00f8bende til samtaler med relevante kandidater.<\/p>\n\t\t\t\t\t\t\t\t<\/div>\n\t\t\t\t<\/div>\n\t\t\t\t<div class=\"elementor-element elementor-element-a3aa06c elementor-align-left elementor-widget elementor-widget-button\" data-id=\"a3aa06c\" data-element_type=\"widget\" data-e-type=\"widget\" data-widget_type=\"button.default\">\n\t\t\t\t<div class=\"elementor-widget-container\">\n\t\t\t\t\t\t\t\t\t<div class=\"elementor-button-wrapper\">\n\t\t\t\t\t<a class=\"elementor-button elementor-button-link elementor-size-sm\" href=\"mailto:job@hubsch-interior.com\">\n\t\t\t\t\t\t<span class=\"elementor-button-content-wrapper\">\n\t\t\t\t\t\t\t\t\t<span class=\"elementor-button-text\">Ans\u00f8g nu<\/span>\n\t\t\t\t\t<\/span>\n\t\t\t\t\t<\/a>\n\t\t\t\t<\/div>\n\t\t\t\t\t\t\t\t<\/div>\n\t\t\t\t<\/div>\n\t\t\t\t<\/div>\n\t\t\t\t<\/div>\n\t\t<div class=\"elementor-element elementor-element-6385e9b e-con-full e-flex e-con e-child\" data-id=\"6385e9b\" data-element_type=\"container\" data-e-type=\"container\" data-settings=\"{&quot;background_background&quot;:&quot;classic&quot;}\">\n\t\t\t\t<\/div>\n\t\t\t\t\t<\/div>\n\t\t\t\t<\/div>\n\t\t\t\t<\/div>\n\t\t","protected":false},"excerpt":{"rendered":"<p>JOIN THE TEAM Praktikant til Content Creation og Digital Marketing Er du i gang med en uddannelse inden for Digital Marketing og s\u00f8ger en praktikplads? S\u00e5 er det m\u00e5ske dig, vi mangler i vores marketingafdeling hos H\u00fcbsch. Vi s\u00f8ger en passioneret og ambiti\u00f8s praktikant, der ikke er bange for at pr\u00f8ve kr\u00e6fter med en bred [&hellip;]<\/p>\n","protected":false},"author":395,"featured_media":0,"parent":67266,"menu_order":0,"comment_status":"closed","ping_status":"closed","template":"","meta":{"_acf_changed":false,"inline_featured_image":false,"footnotes":""},"class_list":["post-983425","page","type-page","status-publish","hentry"],"acf":[],"yoast_head":"<!-- This site is optimized with the Yoast SEO plugin v26.4 - https:\/\/yoast.com\/wordpress\/plugins\/seo\/ -->\n<title>Digital marketingpraktikant - H\u00fcbsch<\/title>\n<meta name=\"robots\" content=\"index, follow, max-snippet:-1, max-image-preview:large, max-video-preview:-1\" \/>\n<link rel=\"canonical\" href=\"https:\/\/hubsch-interior.com\/da\/wp-json\/wp\/v2\/pages\/983425\" \/>\n<meta property=\"og:locale\" content=\"da_DK\" \/>\n<meta property=\"og:type\" content=\"article\" \/>\n<meta property=\"og:title\" content=\"Digital marketingpraktikant - H\u00fcbsch\" \/>\n<meta property=\"og:description\" content=\"JOIN THE TEAM Praktikant til Content Creation og Digital Marketing Er du i gang med en uddannelse inden for Digital Marketing og s\u00f8ger en praktikplads? S\u00e5 er det m\u00e5ske dig, vi mangler i vores marketingafdeling hos H\u00fcbsch. Vi s\u00f8ger en passioneret og ambiti\u00f8s praktikant, der ikke er bange for at pr\u00f8ve kr\u00e6fter med en bred [&hellip;]\" \/>\n<meta property=\"og:url\" content=\"https:\/\/hubsch-interior.com\/da\/job\/digital-marketingpraktikant\/\" \/>\n<meta property=\"og:site_name\" content=\"H\u00fcbsch\" \/>\n<meta property=\"article:modified_time\" content=\"2025-01-22T11:51:53+00:00\" \/>\n<meta name=\"twitter:card\" content=\"summary_large_image\" \/>\n<meta name=\"twitter:label1\" content=\"Estimeret l\u00e6setid\" \/>\n\t<meta name=\"twitter:data1\" content=\"3 minutter\" \/>\n<script type=\"application\/ld+json\" class=\"yoast-schema-graph\">{\"@context\":\"https:\/\/schema.org\",\"@graph\":[{\"@type\":\"WebPage\",\"@id\":\"https:\/\/hubsch-interior.com\/da\/job\/digital-marketingpraktikant\/\",\"url\":\"https:\/\/hubsch-interior.com\/da\/job\/digital-marketingpraktikant\/\",\"name\":\"Digital marketingpraktikant - H\u00fcbsch\",\"isPartOf\":{\"@id\":\"https:\/\/hubsch-interior.com\/da\/#website\"},\"datePublished\":\"2024-02-23T08:14:03+00:00\",\"dateModified\":\"2025-01-22T11:51:53+00:00\",\"breadcrumb\":{\"@id\":\"https:\/\/hubsch-interior.com\/da\/job\/digital-marketingpraktikant\/#breadcrumb\"},\"inLanguage\":\"da-DK\",\"potentialAction\":[{\"@type\":\"ReadAction\",\"target\":[\"https:\/\/hubsch-interior.com\/da\/job\/digital-marketingpraktikant\/\"]}]},{\"@type\":\"BreadcrumbList\",\"@id\":\"https:\/\/hubsch-interior.com\/da\/job\/digital-marketingpraktikant\/#breadcrumb\",\"itemListElement\":[{\"@type\":\"ListItem\",\"position\":1,\"name\":\"Forside\",\"item\":\"https:\/\/hubsch-interior.com\/da\/\"},{\"@type\":\"ListItem\",\"position\":2,\"name\":\"Jobs\",\"item\":\"https:\/\/hubsch-interior.com\/da\/job\/\"},{\"@type\":\"ListItem\",\"position\":3,\"name\":\"Digital marketingpraktikant\"}]},{\"@type\":\"WebSite\",\"@id\":\"https:\/\/hubsch-interior.com\/da\/#website\",\"url\":\"https:\/\/hubsch-interior.com\/da\/\",\"name\":\"H\u00fcbsch\",\"description\":\"Danish Home Interior and Design\",\"publisher\":{\"@id\":\"https:\/\/hubsch-interior.com\/da\/#organization\"},\"potentialAction\":[{\"@type\":\"SearchAction\",\"target\":{\"@type\":\"EntryPoint\",\"urlTemplate\":\"https:\/\/hubsch-interior.com\/da\/?s={search_term_string}\"},\"query-input\":{\"@type\":\"PropertyValueSpecification\",\"valueRequired\":true,\"valueName\":\"search_term_string\"}}],\"inLanguage\":\"da-DK\"},{\"@type\":\"Organization\",\"@id\":\"https:\/\/hubsch-interior.com\/da\/#organization\",\"name\":\"H\u00fcbsch\",\"url\":\"https:\/\/hubsch-interior.com\/da\/\",\"logo\":{\"@type\":\"ImageObject\",\"inLanguage\":\"da-DK\",\"@id\":\"https:\/\/hubsch-interior.com\/da\/#\/schema\/logo\/image\/\",\"url\":\"https:\/\/hubsch-interior.com\/wp-content\/uploads\/2022\/12\/Hubsch_logo_black_one_line.svg\",\"contentUrl\":\"https:\/\/hubsch-interior.com\/wp-content\/uploads\/2022\/12\/Hubsch_logo_black_one_line.svg\",\"caption\":\"H\u00fcbsch\"},\"image\":{\"@id\":\"https:\/\/hubsch-interior.com\/da\/#\/schema\/logo\/image\/\"}}]}<\/script>\n<!-- \/ Yoast SEO plugin. -->","yoast_head_json":{"title":"Digital marketingpraktikant - H\u00fcbsch","robots":{"index":"index","follow":"follow","max-snippet":"max-snippet:-1","max-image-preview":"max-image-preview:large","max-video-preview":"max-video-preview:-1"},"canonical":"https:\/\/hubsch-interior.com\/da\/wp-json\/wp\/v2\/pages\/983425","og_locale":"da_DK","og_type":"article","og_title":"Digital marketingpraktikant - H\u00fcbsch","og_description":"JOIN THE TEAM Praktikant til Content Creation og Digital Marketing Er du i gang med en uddannelse inden for Digital Marketing og s\u00f8ger en praktikplads? S\u00e5 er det m\u00e5ske dig, vi mangler i vores marketingafdeling hos H\u00fcbsch. Vi s\u00f8ger en passioneret og ambiti\u00f8s praktikant, der ikke er bange for at pr\u00f8ve kr\u00e6fter med en bred [&hellip;]","og_url":"https:\/\/hubsch-interior.com\/da\/job\/digital-marketingpraktikant\/","og_site_name":"H\u00fcbsch","article_modified_time":"2025-01-22T11:51:53+00:00","twitter_card":"summary_large_image","twitter_misc":{"Estimeret l\u00e6setid":"3 minutter"},"schema":{"@context":"https:\/\/schema.org","@graph":[{"@type":"WebPage","@id":"https:\/\/hubsch-interior.com\/da\/job\/digital-marketingpraktikant\/","url":"https:\/\/hubsch-interior.com\/da\/job\/digital-marketingpraktikant\/","name":"Digital marketingpraktikant - H\u00fcbsch","isPartOf":{"@id":"https:\/\/hubsch-interior.com\/da\/#website"},"datePublished":"2024-02-23T08:14:03+00:00","dateModified":"2025-01-22T11:51:53+00:00","breadcrumb":{"@id":"https:\/\/hubsch-interior.com\/da\/job\/digital-marketingpraktikant\/#breadcrumb"},"inLanguage":"da-DK","potentialAction":[{"@type":"ReadAction","target":["https:\/\/hubsch-interior.com\/da\/job\/digital-marketingpraktikant\/"]}]},{"@type":"BreadcrumbList","@id":"https:\/\/hubsch-interior.com\/da\/job\/digital-marketingpraktikant\/#breadcrumb","itemListElement":[{"@type":"ListItem","position":1,"name":"Forside","item":"https:\/\/hubsch-interior.com\/da\/"},{"@type":"ListItem","position":2,"name":"Jobs","item":"https:\/\/hubsch-interior.com\/da\/job\/"},{"@type":"ListItem","position":3,"name":"Digital marketingpraktikant"}]},{"@type":"WebSite","@id":"https:\/\/hubsch-interior.com\/da\/#website","url":"https:\/\/hubsch-interior.com\/da\/","name":"H\u00fcbsch","description":"Danish Home Interior and Design","publisher":{"@id":"https:\/\/hubsch-interior.com\/da\/#organization"},"potentialAction":[{"@type":"SearchAction","target":{"@type":"EntryPoint","urlTemplate":"https:\/\/hubsch-interior.com\/da\/?s={search_term_string}"},"query-input":{"@type":"PropertyValueSpecification","valueRequired":true,"valueName":"search_term_string"}}],"inLanguage":"da-DK"},{"@type":"Organization","@id":"https:\/\/hubsch-interior.com\/da\/#organization","name":"H\u00fcbsch","url":"https:\/\/hubsch-interior.com\/da\/","logo":{"@type":"ImageObject","inLanguage":"da-DK","@id":"https:\/\/hubsch-interior.com\/da\/#\/schema\/logo\/image\/","url":"https:\/\/hubsch-interior.com\/wp-content\/uploads\/2022\/12\/Hubsch_logo_black_one_line.svg","contentUrl":"https:\/\/hubsch-interior.com\/wp-content\/uploads\/2022\/12\/Hubsch_logo_black_one_line.svg","caption":"H\u00fcbsch"},"image":{"@id":"https:\/\/hubsch-interior.com\/da\/#\/schema\/logo\/image\/"}}]}},"_links":{"self":[{"href":"https:\/\/hubsch-interior.com\/da\/wp-json\/wp\/v2\/pages\/983425","targetHints":{"allow":["GET"]}}],"collection":[{"href":"https:\/\/hubsch-interior.com\/da\/wp-json\/wp\/v2\/pages"}],"about":[{"href":"https:\/\/hubsch-interior.com\/da\/wp-json\/wp\/v2\/types\/page"}],"author":[{"embeddable":true,"href":"https:\/\/hubsch-interior.com\/da\/wp-json\/wp\/v2\/users\/395"}],"replies":[{"embeddable":true,"href":"https:\/\/hubsch-interior.com\/da\/wp-json\/wp\/v2\/comments?post=983425"}],"version-history":[{"count":9,"href":"https:\/\/hubsch-interior.com\/da\/wp-json\/wp\/v2\/pages\/983425\/revisions"}],"predecessor-version":[{"id":1008061,"href":"https:\/\/hubsch-interior.com\/da\/wp-json\/wp\/v2\/pages\/983425\/revisions\/1008061"}],"up":[{"embeddable":true,"href":"https:\/\/hubsch-interior.com\/da\/wp-json\/wp\/v2\/pages\/67266"}],"wp:attachment":[{"href":"https:\/\/hubsch-interior.com\/da\/wp-json\/wp\/v2\/media?parent=983425"}],"curies":[{"name":"wp","href":"https:\/\/api.w.org\/{rel}","templated":true}]}}