{"id":984055,"date":"2024-02-28T09:10:43","date_gmt":"2024-02-28T08:10:43","guid":{"rendered":"https:\/\/hubsch-interior.com\/job\/grafisk-designer-studiejob\/"},"modified":"2024-02-28T09:13:47","modified_gmt":"2024-02-28T08:13:47","slug":"grafisk-designer-studiejob","status":"publish","type":"page","link":"https:\/\/hubsch-interior.com\/da\/job\/grafisk-designer-studiejob\/","title":{"rendered":"Grafisk Designer Studiejob"},"content":{"rendered":"\t\t<div data-elementor-type=\"wp-page\" data-elementor-id=\"984055\" class=\"elementor elementor-984055 elementor-984049\" data-elementor-post-type=\"page\">\n\t\t\t\t\t\t<section class=\"elementor-section elementor-top-section elementor-element elementor-element-0e75c0e elementor-section-full_width elementor-section-height-default elementor-section-height-default\" data-id=\"0e75c0e\" data-element_type=\"section\" data-e-type=\"section\">\n\t\t\t\t\t\t<div class=\"elementor-container elementor-column-gap-default\">\n\t\t\t\t\t<div class=\"elementor-column elementor-col-100 elementor-top-column elementor-element elementor-element-7107a43\" data-id=\"7107a43\" data-element_type=\"column\" data-e-type=\"column\">\n\t\t\t<div class=\"elementor-widget-wrap elementor-element-populated\">\n\t\t\t\t\t\t<div class=\"elementor-element elementor-element-50208a5 elementor-align-center elementor-tablet-align-center elementor-widget elementor-widget-breadcrumbs\" data-id=\"50208a5\" data-element_type=\"widget\" data-e-type=\"widget\" data-widget_type=\"breadcrumbs.default\">\n\t\t\t\t<div class=\"elementor-widget-container\">\n\t\t\t\t\t<p id=\"breadcrumbs\"><span><span><a href=\"https:\/\/hubsch-interior.com\/da\/\">Forside<\/a><\/span><\/span><\/p>\t\t\t\t<\/div>\n\t\t\t\t<\/div>\n\t\t\t\t\t<\/div>\n\t\t<\/div>\n\t\t\t\t\t<\/div>\n\t\t<\/section>\n\t\t\t\t<section class=\"elementor-section elementor-top-section elementor-element elementor-element-3781e23 elementor-section-full_width elementor-section-height-min-height elementor-section-height-default elementor-section-items-middle\" data-id=\"3781e23\" data-element_type=\"section\" data-e-type=\"section\" data-settings=\"{&quot;background_background&quot;:&quot;classic&quot;}\">\n\t\t\t\t\t\t\t<div class=\"elementor-background-overlay\"><\/div>\n\t\t\t\t\t\t\t<div class=\"elementor-container elementor-column-gap-default\">\n\t\t\t\t\t<div class=\"elementor-column elementor-col-100 elementor-top-column elementor-element elementor-element-6d3b205\" data-id=\"6d3b205\" data-element_type=\"column\" data-e-type=\"column\">\n\t\t\t<div class=\"elementor-widget-wrap elementor-element-populated\">\n\t\t\t\t\t\t<div class=\"elementor-element elementor-element-ae4cbbe elementor-widget elementor-widget-text-editor\" data-id=\"ae4cbbe\" data-element_type=\"widget\" data-e-type=\"widget\" data-widget_type=\"text-editor.default\">\n\t\t\t\t<div class=\"elementor-widget-container\">\n\t\t\t\t\t\t\t\t\t<p>We are hiring<\/p>\n\t\t\t\t\t\t\t\t<\/div>\n\t\t\t\t<\/div>\n\t\t\t\t<div class=\"elementor-element elementor-element-ee23725 elementor-widget elementor-widget-heading\" data-id=\"ee23725\" data-element_type=\"widget\" data-e-type=\"widget\" data-widget_type=\"heading.default\">\n\t\t\t\t<div class=\"elementor-widget-container\">\n\t\t\t\t\t<h1 class=\"elementor-heading-title elementor-size-default\">Grafisk Designer Studiejob<\/h1>\t\t\t\t<\/div>\n\t\t\t\t<\/div>\n\t\t\t\t\t<\/div>\n\t\t<\/div>\n\t\t\t\t\t<\/div>\n\t\t<\/section>\n\t\t\t\t<section class=\"elementor-section elementor-top-section elementor-element elementor-element-c53d17a elementor-section-boxed elementor-section-height-default elementor-section-height-default\" data-id=\"c53d17a\" data-element_type=\"section\" data-e-type=\"section\">\n\t\t\t\t\t\t<div class=\"elementor-container elementor-column-gap-default\">\n\t\t\t\t\t<div class=\"elementor-column elementor-col-100 elementor-top-column elementor-element elementor-element-a045723\" data-id=\"a045723\" data-element_type=\"column\" data-e-type=\"column\">\n\t\t\t<div class=\"elementor-widget-wrap elementor-element-populated\">\n\t\t\t\t\t\t<div class=\"elementor-element elementor-element-0f5a2ed elementor-widget elementor-widget-text-editor\" data-id=\"0f5a2ed\" data-element_type=\"widget\" data-e-type=\"widget\" data-widget_type=\"text-editor.default\">\n\t\t\t\t<div class=\"elementor-widget-container\">\n\t\t\t\t\t\t\t\t\t<p><strong>Er du en kreativ sj\u00e6l, og er du nysgerrig omkring grafisk design og kommunikation?<\/strong><\/p>\n<p>H\u00fcbsch s\u00f8ger en kreativ studiojob-medarbejder med gode formidlingsevner, som br\u00e6nder for udfordrende opgaver inden for grafisk design og kommunikation<em>.<\/em><\/p>\n\t\t\t\t\t\t\t\t<\/div>\n\t\t\t\t<\/div>\n\t\t\t\t\t<\/div>\n\t\t<\/div>\n\t\t\t\t\t<\/div>\n\t\t<\/section>\n\t\t\t\t<section class=\"elementor-section elementor-top-section elementor-element elementor-element-c470b5f elementor-section-boxed elementor-section-height-default elementor-section-height-default\" data-id=\"c470b5f\" data-element_type=\"section\" data-e-type=\"section\">\n\t\t\t\t\t\t<div class=\"elementor-container elementor-column-gap-default\">\n\t\t\t\t\t<div class=\"elementor-column elementor-col-100 elementor-top-column elementor-element elementor-element-0fa583a\" data-id=\"0fa583a\" data-element_type=\"column\" data-e-type=\"column\">\n\t\t\t<div class=\"elementor-widget-wrap elementor-element-populated\">\n\t\t\t\t\t\t<div class=\"elementor-element elementor-element-8ceb948 elementor-widget elementor-widget-heading\" data-id=\"8ceb948\" data-element_type=\"widget\" data-e-type=\"widget\" data-widget_type=\"heading.default\">\n\t\t\t\t<div class=\"elementor-widget-container\">\n\t\t\t\t\t<h2 class=\"elementor-heading-title elementor-size-default\">En virksomhed i hurtig udvikling<\/h2>\t\t\t\t<\/div>\n\t\t\t\t<\/div>\n\t\t\t\t<div class=\"elementor-element elementor-element-bd1f587 elementor-widget elementor-widget-text-editor\" data-id=\"bd1f587\" data-element_type=\"widget\" data-e-type=\"widget\" data-widget_type=\"text-editor.default\">\n\t\t\t\t<div class=\"elementor-widget-container\">\n\t\t\t\t\t\t\t\t\t<p>H\u00fcbsch A\/S er en dansk virksomhed, som designer og s\u00e6lger sin egen kollektion af m\u00f8bler og boliginteri\u00f8r i hele verden, b\u00e5de via egen B2C-forretning og B2B via partner-webshops og butikker.<br \/>H\u00fcbsch har hoveds\u00e6de i Herning og besk\u00e6ftiger ca. 32 medarbejdere. H\u00fcbsch er en virksomhed i hurtig udvikling, hvor der ikke er langt fra ord til handling.<\/p>\n<p>Du bliver en del af H\u00fcbsch\u2019 design- og marketingafdeling, et dedikeret og internationalt team, hvor dit arbejde vil foreg\u00e5 b\u00e5de i virksomhedens B2B og B2C-forretning.<\/p>\n\t\t\t\t\t\t\t\t<\/div>\n\t\t\t\t<\/div>\n\t\t\t\t\t<\/div>\n\t\t<\/div>\n\t\t\t\t\t<\/div>\n\t\t<\/section>\n\t\t\t\t<section class=\"elementor-section elementor-top-section elementor-element elementor-element-4bfaa4e elementor-section-boxed elementor-section-height-default elementor-section-height-default\" data-id=\"4bfaa4e\" data-element_type=\"section\" data-e-type=\"section\">\n\t\t\t\t\t\t<div class=\"elementor-container elementor-column-gap-default\">\n\t\t\t\t\t<div class=\"elementor-column elementor-col-50 elementor-top-column elementor-element elementor-element-6f5bd51\" data-id=\"6f5bd51\" data-element_type=\"column\" data-e-type=\"column\">\n\t\t\t<div class=\"elementor-widget-wrap elementor-element-populated\">\n\t\t\t\t\t\t<div class=\"elementor-element elementor-element-3a770a3 elementor-widget elementor-widget-heading\" data-id=\"3a770a3\" data-element_type=\"widget\" data-e-type=\"widget\" data-widget_type=\"heading.default\">\n\t\t\t\t<div class=\"elementor-widget-container\">\n\t\t\t\t\t<h2 class=\"elementor-heading-title elementor-size-default\">Jobbet<\/h2>\t\t\t\t<\/div>\n\t\t\t\t<\/div>\n\t\t\t\t<div class=\"elementor-element elementor-element-35671cc elementor-widget elementor-widget-text-editor\" data-id=\"35671cc\" data-element_type=\"widget\" data-e-type=\"widget\" data-widget_type=\"text-editor.default\">\n\t\t\t\t<div class=\"elementor-widget-container\">\n\t\t\t\t\t\t\t\t\t<p>Jobbet varetages fra vores kontor i Herning, hvor resten af teamet ogs\u00e5 sidder. Din prim\u00e6re funktion er bidrage til, og l\u00e6re om, grafisk kommunikation og ops\u00e6tning af materialer\/indhold p\u00e5 tv\u00e6rs af kanaler.<\/p>\n<p>Du vil f\u00e5 ber\u00f8ring med grafisk ops\u00e6tning af online og trykte kataloger, ops\u00e6tning af salgsmaterialer som lookbooks, flyers mv. Du vil ogs\u00e5 komme indover udtryk p\u00e5 digitale platforme, herunder hjemmeside, nyhedsbreve og sociale medier. Har du de rette kommunikationsevner vil du ogs\u00e5 f\u00e5 mulighed for at bidrage med formulering af trendtekster.<\/p>\n<p>Du vil f\u00e5 en bred ber\u00f8ringsflade, der omfatter mange forskellige opgaver, s\u00e5 det er vigtigt, at du bevarer overblikket, er en dygtig formidler af grafisk kommunikation og arbejder struktureret.<\/p>\n<p>Studiejobbet er forventeligt 10-15 timer\/ugen, men der kan aftales specielle l\u00f8sninger.<\/p>\n\t\t\t\t\t\t\t\t<\/div>\n\t\t\t\t<\/div>\n\t\t\t\t\t<\/div>\n\t\t<\/div>\n\t\t\t\t<div class=\"elementor-column elementor-col-50 elementor-top-column elementor-element elementor-element-0c5cac0\" data-id=\"0c5cac0\" data-element_type=\"column\" data-e-type=\"column\">\n\t\t\t<div class=\"elementor-widget-wrap elementor-element-populated\">\n\t\t\t\t\t\t<div class=\"elementor-element elementor-element-cd00bbe elementor-widget elementor-widget-heading\" data-id=\"cd00bbe\" data-element_type=\"widget\" data-e-type=\"widget\" data-widget_type=\"heading.default\">\n\t\t\t\t<div class=\"elementor-widget-container\">\n\t\t\t\t\t<h2 class=\"elementor-heading-title elementor-size-default\">Personlige og faglige kvalifikationer<\/h2>\t\t\t\t<\/div>\n\t\t\t\t<\/div>\n\t\t\t\t<div class=\"elementor-element elementor-element-d3ac562 elementor-widget elementor-widget-text-editor\" data-id=\"d3ac562\" data-element_type=\"widget\" data-e-type=\"widget\" data-widget_type=\"text-editor.default\">\n\t\t\t\t<div class=\"elementor-widget-container\">\n\t\t\t\t\t\t\t\t\t<p>Vi leder efter en medarbejder, som kommer med et stort drive og en lyst til at pr\u00f8ve kr\u00e6fter med det daglige arbejde som grafisk designer.<\/p>\n<p>Vi forestiller os, at du:<\/p>\n<ul>\n<li>Er i gang med en relevant uddannelse<\/li>\n<li>Har en stor interesse for grafisk kommunikation og formidling<\/li>\n<li>Er kreativt t\u00e6nkende, engageret, nysgerrig og har et stort g\u00e5p\u00e5mod<\/li>\n<li>Har en god \u00e6stetisk sans og en dybere forst\u00e5else for form og farve<\/li>\n<li>Kan have mange bolde i luften og at arbejde effektivt og m\u00e5lrettet fra koncept til produkt<\/li>\n<li>Du har med fordel solide kommunikationsevner p\u00e5 engelsk og dansk<\/li>\n<\/ul>\n\t\t\t\t\t\t\t\t<\/div>\n\t\t\t\t<\/div>\n\t\t\t\t\t<\/div>\n\t\t<\/div>\n\t\t\t\t\t<\/div>\n\t\t<\/section>\n\t\t\t\t<section class=\"elementor-section elementor-top-section elementor-element elementor-element-c13cc0a elementor-section-boxed elementor-section-height-default elementor-section-height-default\" data-id=\"c13cc0a\" data-element_type=\"section\" data-e-type=\"section\">\n\t\t\t\t\t\t<div class=\"elementor-container elementor-column-gap-default\">\n\t\t\t\t\t<div class=\"elementor-column elementor-col-100 elementor-top-column elementor-element elementor-element-cd665f0\" data-id=\"cd665f0\" data-element_type=\"column\" data-e-type=\"column\">\n\t\t\t<div class=\"elementor-widget-wrap elementor-element-populated\">\n\t\t\t\t\t\t<div class=\"elementor-element elementor-element-6f23f0c elementor-widget elementor-widget-heading\" data-id=\"6f23f0c\" data-element_type=\"widget\" data-e-type=\"widget\" data-widget_type=\"heading.default\">\n\t\t\t\t<div class=\"elementor-widget-container\">\n\t\t\t\t\t<h2 class=\"elementor-heading-title elementor-size-default\">Vi ser frem til at h\u00f8re fra dig<\/h2>\t\t\t\t<\/div>\n\t\t\t\t<\/div>\n\t\t\t\t<div class=\"elementor-element elementor-element-eaa3ac9 elementor-widget__width-initial elementor-widget elementor-widget-text-editor\" data-id=\"eaa3ac9\" data-element_type=\"widget\" data-e-type=\"widget\" data-widget_type=\"text-editor.default\">\n\t\t\t\t<div class=\"elementor-widget-container\">\n\t\t\t\t\t\t\t\t\t<p>Hvis du har sp\u00f8rgsm\u00e5l til stillingen, bedes du kontakte Kreativ Direkt\u00f8r Jannie Kr\u00fcger p\u00e5 mail <a href=\"mailto:jk@hubsch-interior.com\"><span style=\"text-decoration: underline;\">jk@hubsch-interior.com<\/span><\/a><\/p>\n<p>Send din ans\u00f8gning m\u00e6rket \u201dGrafisk Designer Studiejob\u201d til <a href=\"mailto:jk@hubsch-interior.com\"><span style=\"text-decoration: underline;\">jk@hubsch-interior.com<\/span><\/a> hurtigst muligt.<\/p>\n<p>Vi indkalder l\u00f8bende til samtaler med relevante kandidater.<\/p>\n\t\t\t\t\t\t\t\t<\/div>\n\t\t\t\t<\/div>\n\t\t\t\t<div class=\"elementor-element elementor-element-228e7b4 elementor-widget elementor-widget-button\" data-id=\"228e7b4\" data-element_type=\"widget\" data-e-type=\"widget\" data-widget_type=\"button.default\">\n\t\t\t\t<div class=\"elementor-widget-container\">\n\t\t\t\t\t\t\t\t\t<div class=\"elementor-button-wrapper\">\n\t\t\t\t\t<a class=\"elementor-button elementor-button-link elementor-size-sm\" href=\"mailto:jk@hubsch-interior.com\">\n\t\t\t\t\t\t<span class=\"elementor-button-content-wrapper\">\n\t\t\t\t\t\t\t\t\t<span class=\"elementor-button-text\">Ans\u00f8g nu<\/span>\n\t\t\t\t\t<\/span>\n\t\t\t\t\t<\/a>\n\t\t\t\t<\/div>\n\t\t\t\t\t\t\t\t<\/div>\n\t\t\t\t<\/div>\n\t\t\t\t\t<\/div>\n\t\t<\/div>\n\t\t\t\t\t<\/div>\n\t\t<\/section>\n\t\t\t\t<\/div>\n\t\t","protected":false},"excerpt":{"rendered":"<p>We are hiring Grafisk Designer Studiejob Er du en kreativ sj\u00e6l, og er du nysgerrig omkring grafisk design og kommunikation? H\u00fcbsch s\u00f8ger en kreativ studiojob-medarbejder med gode formidlingsevner, som br\u00e6nder for udfordrende opgaver inden for grafisk design og kommunikation. En virksomhed i hurtig udvikling H\u00fcbsch A\/S er en dansk virksomhed, som designer og s\u00e6lger sin [&hellip;]<\/p>\n","protected":false},"author":395,"featured_media":0,"parent":67266,"menu_order":0,"comment_status":"closed","ping_status":"closed","template":"","meta":{"_acf_changed":false,"inline_featured_image":false,"footnotes":""},"class_list":["post-984055","page","type-page","status-publish","hentry"],"acf":[],"yoast_head":"<!-- This site is optimized with the Yoast SEO plugin v26.4 - https:\/\/yoast.com\/wordpress\/plugins\/seo\/ -->\n<title>Grafisk Designer Studiejob - H\u00fcbsch<\/title>\n<meta name=\"robots\" content=\"index, follow, max-snippet:-1, max-image-preview:large, max-video-preview:-1\" \/>\n<link rel=\"canonical\" href=\"https:\/\/hubsch-interior.com\/da\/wp-json\/wp\/v2\/pages\/984055\" \/>\n<meta property=\"og:locale\" content=\"da_DK\" \/>\n<meta property=\"og:type\" content=\"article\" \/>\n<meta property=\"og:title\" content=\"Grafisk Designer Studiejob - H\u00fcbsch\" \/>\n<meta property=\"og:description\" content=\"We are hiring Grafisk Designer Studiejob Er du en kreativ sj\u00e6l, og er du nysgerrig omkring grafisk design og kommunikation? H\u00fcbsch s\u00f8ger en kreativ studiojob-medarbejder med gode formidlingsevner, som br\u00e6nder for udfordrende opgaver inden for grafisk design og kommunikation. En virksomhed i hurtig udvikling H\u00fcbsch A\/S er en dansk virksomhed, som designer og s\u00e6lger sin [&hellip;]\" \/>\n<meta property=\"og:url\" content=\"https:\/\/hubsch-interior.com\/da\/job\/grafisk-designer-studiejob\/\" \/>\n<meta property=\"og:site_name\" content=\"H\u00fcbsch\" \/>\n<meta property=\"article:modified_time\" content=\"2024-02-28T08:13:47+00:00\" \/>\n<meta name=\"twitter:card\" content=\"summary_large_image\" \/>\n<meta name=\"twitter:label1\" content=\"Estimeret l\u00e6setid\" \/>\n\t<meta name=\"twitter:data1\" content=\"2 minutter\" \/>\n<script type=\"application\/ld+json\" class=\"yoast-schema-graph\">{\"@context\":\"https:\/\/schema.org\",\"@graph\":[{\"@type\":\"WebPage\",\"@id\":\"https:\/\/hubsch-interior.com\/da\/job\/grafisk-designer-studiejob\/\",\"url\":\"https:\/\/hubsch-interior.com\/da\/job\/grafisk-designer-studiejob\/\",\"name\":\"Grafisk Designer Studiejob - H\u00fcbsch\",\"isPartOf\":{\"@id\":\"https:\/\/hubsch-interior.com\/da\/#website\"},\"datePublished\":\"2024-02-28T08:10:43+00:00\",\"dateModified\":\"2024-02-28T08:13:47+00:00\",\"breadcrumb\":{\"@id\":\"https:\/\/hubsch-interior.com\/da\/job\/grafisk-designer-studiejob\/#breadcrumb\"},\"inLanguage\":\"da-DK\",\"potentialAction\":[{\"@type\":\"ReadAction\",\"target\":[\"https:\/\/hubsch-interior.com\/da\/job\/grafisk-designer-studiejob\/\"]}]},{\"@type\":\"BreadcrumbList\",\"@id\":\"https:\/\/hubsch-interior.com\/da\/job\/grafisk-designer-studiejob\/#breadcrumb\",\"itemListElement\":[{\"@type\":\"ListItem\",\"position\":1,\"name\":\"Forside\",\"item\":\"https:\/\/hubsch-interior.com\/da\/\"},{\"@type\":\"ListItem\",\"position\":2,\"name\":\"Jobs\",\"item\":\"https:\/\/hubsch-interior.com\/da\/job\/\"},{\"@type\":\"ListItem\",\"position\":3,\"name\":\"Grafisk Designer Studiejob\"}]},{\"@type\":\"WebSite\",\"@id\":\"https:\/\/hubsch-interior.com\/da\/#website\",\"url\":\"https:\/\/hubsch-interior.com\/da\/\",\"name\":\"H\u00fcbsch\",\"description\":\"Danish Home Interior and Design\",\"publisher\":{\"@id\":\"https:\/\/hubsch-interior.com\/da\/#organization\"},\"potentialAction\":[{\"@type\":\"SearchAction\",\"target\":{\"@type\":\"EntryPoint\",\"urlTemplate\":\"https:\/\/hubsch-interior.com\/da\/?s={search_term_string}\"},\"query-input\":{\"@type\":\"PropertyValueSpecification\",\"valueRequired\":true,\"valueName\":\"search_term_string\"}}],\"inLanguage\":\"da-DK\"},{\"@type\":\"Organization\",\"@id\":\"https:\/\/hubsch-interior.com\/da\/#organization\",\"name\":\"H\u00fcbsch\",\"url\":\"https:\/\/hubsch-interior.com\/da\/\",\"logo\":{\"@type\":\"ImageObject\",\"inLanguage\":\"da-DK\",\"@id\":\"https:\/\/hubsch-interior.com\/da\/#\/schema\/logo\/image\/\",\"url\":\"https:\/\/hubsch-interior.com\/wp-content\/uploads\/2022\/12\/Hubsch_logo_black_one_line.svg\",\"contentUrl\":\"https:\/\/hubsch-interior.com\/wp-content\/uploads\/2022\/12\/Hubsch_logo_black_one_line.svg\",\"caption\":\"H\u00fcbsch\"},\"image\":{\"@id\":\"https:\/\/hubsch-interior.com\/da\/#\/schema\/logo\/image\/\"}}]}<\/script>\n<!-- \/ Yoast SEO plugin. -->","yoast_head_json":{"title":"Grafisk Designer Studiejob - H\u00fcbsch","robots":{"index":"index","follow":"follow","max-snippet":"max-snippet:-1","max-image-preview":"max-image-preview:large","max-video-preview":"max-video-preview:-1"},"canonical":"https:\/\/hubsch-interior.com\/da\/wp-json\/wp\/v2\/pages\/984055","og_locale":"da_DK","og_type":"article","og_title":"Grafisk Designer Studiejob - H\u00fcbsch","og_description":"We are hiring Grafisk Designer Studiejob Er du en kreativ sj\u00e6l, og er du nysgerrig omkring grafisk design og kommunikation? H\u00fcbsch s\u00f8ger en kreativ studiojob-medarbejder med gode formidlingsevner, som br\u00e6nder for udfordrende opgaver inden for grafisk design og kommunikation. En virksomhed i hurtig udvikling H\u00fcbsch A\/S er en dansk virksomhed, som designer og s\u00e6lger sin [&hellip;]","og_url":"https:\/\/hubsch-interior.com\/da\/job\/grafisk-designer-studiejob\/","og_site_name":"H\u00fcbsch","article_modified_time":"2024-02-28T08:13:47+00:00","twitter_card":"summary_large_image","twitter_misc":{"Estimeret l\u00e6setid":"2 minutter"},"schema":{"@context":"https:\/\/schema.org","@graph":[{"@type":"WebPage","@id":"https:\/\/hubsch-interior.com\/da\/job\/grafisk-designer-studiejob\/","url":"https:\/\/hubsch-interior.com\/da\/job\/grafisk-designer-studiejob\/","name":"Grafisk Designer Studiejob - H\u00fcbsch","isPartOf":{"@id":"https:\/\/hubsch-interior.com\/da\/#website"},"datePublished":"2024-02-28T08:10:43+00:00","dateModified":"2024-02-28T08:13:47+00:00","breadcrumb":{"@id":"https:\/\/hubsch-interior.com\/da\/job\/grafisk-designer-studiejob\/#breadcrumb"},"inLanguage":"da-DK","potentialAction":[{"@type":"ReadAction","target":["https:\/\/hubsch-interior.com\/da\/job\/grafisk-designer-studiejob\/"]}]},{"@type":"BreadcrumbList","@id":"https:\/\/hubsch-interior.com\/da\/job\/grafisk-designer-studiejob\/#breadcrumb","itemListElement":[{"@type":"ListItem","position":1,"name":"Forside","item":"https:\/\/hubsch-interior.com\/da\/"},{"@type":"ListItem","position":2,"name":"Jobs","item":"https:\/\/hubsch-interior.com\/da\/job\/"},{"@type":"ListItem","position":3,"name":"Grafisk Designer Studiejob"}]},{"@type":"WebSite","@id":"https:\/\/hubsch-interior.com\/da\/#website","url":"https:\/\/hubsch-interior.com\/da\/","name":"H\u00fcbsch","description":"Danish Home Interior and Design","publisher":{"@id":"https:\/\/hubsch-interior.com\/da\/#organization"},"potentialAction":[{"@type":"SearchAction","target":{"@type":"EntryPoint","urlTemplate":"https:\/\/hubsch-interior.com\/da\/?s={search_term_string}"},"query-input":{"@type":"PropertyValueSpecification","valueRequired":true,"valueName":"search_term_string"}}],"inLanguage":"da-DK"},{"@type":"Organization","@id":"https:\/\/hubsch-interior.com\/da\/#organization","name":"H\u00fcbsch","url":"https:\/\/hubsch-interior.com\/da\/","logo":{"@type":"ImageObject","inLanguage":"da-DK","@id":"https:\/\/hubsch-interior.com\/da\/#\/schema\/logo\/image\/","url":"https:\/\/hubsch-interior.com\/wp-content\/uploads\/2022\/12\/Hubsch_logo_black_one_line.svg","contentUrl":"https:\/\/hubsch-interior.com\/wp-content\/uploads\/2022\/12\/Hubsch_logo_black_one_line.svg","caption":"H\u00fcbsch"},"image":{"@id":"https:\/\/hubsch-interior.com\/da\/#\/schema\/logo\/image\/"}}]}},"_links":{"self":[{"href":"https:\/\/hubsch-interior.com\/da\/wp-json\/wp\/v2\/pages\/984055","targetHints":{"allow":["GET"]}}],"collection":[{"href":"https:\/\/hubsch-interior.com\/da\/wp-json\/wp\/v2\/pages"}],"about":[{"href":"https:\/\/hubsch-interior.com\/da\/wp-json\/wp\/v2\/types\/page"}],"author":[{"embeddable":true,"href":"https:\/\/hubsch-interior.com\/da\/wp-json\/wp\/v2\/users\/395"}],"replies":[{"embeddable":true,"href":"https:\/\/hubsch-interior.com\/da\/wp-json\/wp\/v2\/comments?post=984055"}],"version-history":[{"count":2,"href":"https:\/\/hubsch-interior.com\/da\/wp-json\/wp\/v2\/pages\/984055\/revisions"}],"predecessor-version":[{"id":984060,"href":"https:\/\/hubsch-interior.com\/da\/wp-json\/wp\/v2\/pages\/984055\/revisions\/984060"}],"up":[{"embeddable":true,"href":"https:\/\/hubsch-interior.com\/da\/wp-json\/wp\/v2\/pages\/67266"}],"wp:attachment":[{"href":"https:\/\/hubsch-interior.com\/da\/wp-json\/wp\/v2\/media?parent=984055"}],"curies":[{"name":"wp","href":"https:\/\/api.w.org\/{rel}","templated":true}]}}