{"id":1003288,"date":"2024-12-02T16:32:46","date_gmt":"2024-12-02T15:32:46","guid":{"rendered":"https:\/\/hubsch-interior.com\/product\/product\/"},"modified":"2026-04-12T05:06:20","modified_gmt":"2026-04-12T03:06:20","slug":"ido-gulvlampe-brun","status":"publish","type":"product","link":"https:\/\/hubsch-interior.com\/da\/vare\/ido-gulvlampe-brun\/","title":{"rendered":"Ido Gulvlampe Brun"},"content":{"rendered":"<p>Oplev Ido Gulvlampe, en charmerende fusion af industrielt chic og smart funktionalitet. Designet af robust metal og elegant glas i en beroligende brun farve, er denne lampe bestemt et sjovt valg til enhver indretning. Dens solide hjul glider ubesv\u00e6ret hen over dit gulv, hvilket giver dig mulighed for at placere lyset pr\u00e6cis, hvor du \u00f8nsker det, hvad enten det er ved siden af din hyggelige l\u00e6nestol eller over et travlt arbejdsomr\u00e5de. Dens industrielle look og overraskende udtryk g\u00f8r Ido Gulvlampe til et i\u00f8jnefaldende element i ethvert rum.<\/p>\n","protected":false},"excerpt":{"rendered":"<p>Oplev Ido Gulvlampe, en charmerende fusion af industrielt chic og smart funktionalitet. Designet af robust metal og elegant glas i en beroligende brun farve, er denne lampe bestemt et sjovt valg til enhver indretning. Dens solide hjul glider ubesv\u00e6ret hen over dit gulv, hvilket giver dig mulighed for at placere lyset pr\u00e6cis, hvor du \u00f8nsker [&hellip;]<\/p>\n","protected":false},"featured_media":1107314,"template":"","meta":{"_acf_changed":false,"inline_featured_image":false},"product_brand":[],"product_cat":[6996,3808,3495,5025],"product_tag":[],"class_list":{"0":"post-1003288","1":"product","2":"type-product","3":"status-publish","4":"has-post-thumbnail","6":"product_cat-the-buzz-da","7":"product_cat-belysning","8":"product_cat-gulvlamper-da","9":"product_cat-bestsellers-da","10":"product_shipping_class-pk","12":"pa_color-brun","13":"pa_material-glas-da","14":"pa_material-jern-da","16":"first","17":"instock","18":"featured","19":"taxable","20":"shipping-taxable","21":"purchasable","22":"product-type-simple"},"exclude_global_add_ons":[],"addons":[],"acf":[],"yoast_head":"<!-- This site is optimized with the Yoast SEO plugin v26.4 - https:\/\/yoast.com\/wordpress\/plugins\/seo\/ -->\n<title>Ido Gulvlampe Brun - H\u00fcbsch<\/title>\n<meta name=\"description\" content=\"Oplev Ido Gulvlampe, en charmerende fusion af industrielt chic og smart funktionalitet. Designet af robust metal og elegant glas i en beroligende brun\" \/>\n<meta name=\"robots\" content=\"index, follow, max-snippet:-1, max-image-preview:large, max-video-preview:-1\" \/>\n<link rel=\"canonical\" href=\"https:\/\/hubsch-interior.com\/da\/wp-json\/wp\/v2\/product\/1003288\" \/>\n<meta property=\"og:locale\" content=\"da_DK\" \/>\n<meta property=\"og:type\" content=\"article\" \/>\n<meta property=\"og:title\" content=\"Ido Gulvlampe Brun - H\u00fcbsch\" \/>\n<meta property=\"og:description\" content=\"Oplev Ido Gulvlampe, en charmerende fusion af industrielt chic og smart funktionalitet. Designet af robust metal og elegant glas i en beroligende brun\" \/>\n<meta property=\"og:url\" content=\"https:\/\/hubsch-interior.com\/da\/vare\/ido-gulvlampe-brun\/\" \/>\n<meta property=\"og:site_name\" content=\"H\u00fcbsch\" \/>\n<meta property=\"article:modified_time\" content=\"2026-04-12T03:06:20+00:00\" \/>\n<meta property=\"og:image\" content=\"https:\/\/hubsch-interior.com\/wp-content\/uploads\/2026\/02\/ido-floor-lamp-brown-a3fb1a7842b145d3e12fba64f86464ad.jpg\" \/>\n\t<meta property=\"og:image:width\" content=\"1024\" \/>\n\t<meta property=\"og:image:height\" content=\"1024\" \/>\n\t<meta property=\"og:image:type\" content=\"image\/jpeg\" \/>\n<meta name=\"twitter:card\" content=\"summary_large_image\" \/>\n<script type=\"application\/ld+json\" class=\"yoast-schema-graph\">{\"@context\":\"https:\/\/schema.org\",\"@graph\":[{\"@type\":\"WebPage\",\"@id\":\"https:\/\/hubsch-interior.com\/da\/vare\/ido-gulvlampe-brun\/\",\"url\":\"https:\/\/hubsch-interior.com\/da\/vare\/ido-gulvlampe-brun\/\",\"name\":\"Ido Gulvlampe Brun - H\u00fcbsch\",\"isPartOf\":{\"@id\":\"https:\/\/hubsch-interior.com\/da\/#website\"},\"primaryImageOfPage\":{\"@id\":\"https:\/\/hubsch-interior.com\/da\/vare\/ido-gulvlampe-brun\/#primaryimage\"},\"image\":{\"@id\":\"https:\/\/hubsch-interior.com\/da\/vare\/ido-gulvlampe-brun\/#primaryimage\"},\"thumbnailUrl\":\"https:\/\/hubsch-interior.com\/wp-content\/uploads\/2026\/02\/ido-floor-lamp-brown-a3fb1a7842b145d3e12fba64f86464ad.jpg\",\"datePublished\":\"2024-12-02T15:32:46+00:00\",\"dateModified\":\"2026-04-12T03:06:20+00:00\",\"description\":\"Oplev Ido Gulvlampe, en charmerende fusion af industrielt chic og smart funktionalitet. Designet af robust metal og elegant glas i en beroligende brun\",\"breadcrumb\":{\"@id\":\"https:\/\/hubsch-interior.com\/da\/vare\/ido-gulvlampe-brun\/#breadcrumb\"},\"inLanguage\":\"da-DK\",\"potentialAction\":[{\"@type\":\"ReadAction\",\"target\":[\"https:\/\/hubsch-interior.com\/da\/vare\/ido-gulvlampe-brun\/\"]}]},{\"@type\":\"ImageObject\",\"inLanguage\":\"da-DK\",\"@id\":\"https:\/\/hubsch-interior.com\/da\/vare\/ido-gulvlampe-brun\/#primaryimage\",\"url\":\"https:\/\/hubsch-interior.com\/wp-content\/uploads\/2026\/02\/ido-floor-lamp-brown-a3fb1a7842b145d3e12fba64f86464ad.jpg\",\"contentUrl\":\"https:\/\/hubsch-interior.com\/wp-content\/uploads\/2026\/02\/ido-floor-lamp-brown-a3fb1a7842b145d3e12fba64f86464ad.jpg\",\"width\":1024,\"height\":1024},{\"@type\":\"BreadcrumbList\",\"@id\":\"https:\/\/hubsch-interior.com\/da\/vare\/ido-gulvlampe-brun\/#breadcrumb\",\"itemListElement\":[{\"@type\":\"ListItem\",\"position\":1,\"name\":\"Forside\",\"item\":\"https:\/\/hubsch-interior.com\/da\/\"},{\"@type\":\"ListItem\",\"position\":2,\"name\":\"Produkter\",\"item\":\"https:\/\/hubsch-interior.com\/da\/produkter\/\"},{\"@type\":\"ListItem\",\"position\":3,\"name\":\"Belysning\",\"item\":\"https:\/\/hubsch-interior.com\/da\/vare-kategori\/belysning\/\"},{\"@type\":\"ListItem\",\"position\":4,\"name\":\"Gulvlamper\",\"item\":\"https:\/\/hubsch-interior.com\/da\/vare-kategori\/belysning\/gulvlamper-da\/\"},{\"@type\":\"ListItem\",\"position\":5,\"name\":\"Ido Gulvlampe Brun\"}]},{\"@type\":\"WebSite\",\"@id\":\"https:\/\/hubsch-interior.com\/da\/#website\",\"url\":\"https:\/\/hubsch-interior.com\/da\/\",\"name\":\"H\u00fcbsch\",\"description\":\"Danish Home Interior and Design\",\"publisher\":{\"@id\":\"https:\/\/hubsch-interior.com\/da\/#organization\"},\"potentialAction\":[{\"@type\":\"SearchAction\",\"target\":{\"@type\":\"EntryPoint\",\"urlTemplate\":\"https:\/\/hubsch-interior.com\/da\/?s={search_term_string}\"},\"query-input\":{\"@type\":\"PropertyValueSpecification\",\"valueRequired\":true,\"valueName\":\"search_term_string\"}}],\"inLanguage\":\"da-DK\"},{\"@type\":\"Organization\",\"@id\":\"https:\/\/hubsch-interior.com\/da\/#organization\",\"name\":\"H\u00fcbsch\",\"url\":\"https:\/\/hubsch-interior.com\/da\/\",\"logo\":{\"@type\":\"ImageObject\",\"inLanguage\":\"da-DK\",\"@id\":\"https:\/\/hubsch-interior.com\/da\/#\/schema\/logo\/image\/\",\"url\":\"https:\/\/hubsch-interior.com\/wp-content\/uploads\/2022\/12\/Hubsch_logo_black_one_line.svg\",\"contentUrl\":\"https:\/\/hubsch-interior.com\/wp-content\/uploads\/2022\/12\/Hubsch_logo_black_one_line.svg\",\"caption\":\"H\u00fcbsch\"},\"image\":{\"@id\":\"https:\/\/hubsch-interior.com\/da\/#\/schema\/logo\/image\/\"}}]}<\/script>\n<!-- \/ Yoast SEO plugin. -->","yoast_head_json":{"title":"Ido Gulvlampe Brun - H\u00fcbsch","description":"Oplev Ido Gulvlampe, en charmerende fusion af industrielt chic og smart funktionalitet. Designet af robust metal og elegant glas i en beroligende brun","robots":{"index":"index","follow":"follow","max-snippet":"max-snippet:-1","max-image-preview":"max-image-preview:large","max-video-preview":"max-video-preview:-1"},"canonical":"https:\/\/hubsch-interior.com\/da\/wp-json\/wp\/v2\/product\/1003288","og_locale":"da_DK","og_type":"article","og_title":"Ido Gulvlampe Brun - H\u00fcbsch","og_description":"Oplev Ido Gulvlampe, en charmerende fusion af industrielt chic og smart funktionalitet. Designet af robust metal og elegant glas i en beroligende brun","og_url":"https:\/\/hubsch-interior.com\/da\/vare\/ido-gulvlampe-brun\/","og_site_name":"H\u00fcbsch","article_modified_time":"2026-04-12T03:06:20+00:00","og_image":[{"width":1024,"height":1024,"url":"https:\/\/hubsch-interior.com\/wp-content\/uploads\/2026\/02\/ido-floor-lamp-brown-a3fb1a7842b145d3e12fba64f86464ad.jpg","type":"image\/jpeg"}],"twitter_card":"summary_large_image","schema":{"@context":"https:\/\/schema.org","@graph":[{"@type":"WebPage","@id":"https:\/\/hubsch-interior.com\/da\/vare\/ido-gulvlampe-brun\/","url":"https:\/\/hubsch-interior.com\/da\/vare\/ido-gulvlampe-brun\/","name":"Ido Gulvlampe Brun - H\u00fcbsch","isPartOf":{"@id":"https:\/\/hubsch-interior.com\/da\/#website"},"primaryImageOfPage":{"@id":"https:\/\/hubsch-interior.com\/da\/vare\/ido-gulvlampe-brun\/#primaryimage"},"image":{"@id":"https:\/\/hubsch-interior.com\/da\/vare\/ido-gulvlampe-brun\/#primaryimage"},"thumbnailUrl":"https:\/\/hubsch-interior.com\/wp-content\/uploads\/2026\/02\/ido-floor-lamp-brown-a3fb1a7842b145d3e12fba64f86464ad.jpg","datePublished":"2024-12-02T15:32:46+00:00","dateModified":"2026-04-12T03:06:20+00:00","description":"Oplev Ido Gulvlampe, en charmerende fusion af industrielt chic og smart funktionalitet. Designet af robust metal og elegant glas i en beroligende brun","breadcrumb":{"@id":"https:\/\/hubsch-interior.com\/da\/vare\/ido-gulvlampe-brun\/#breadcrumb"},"inLanguage":"da-DK","potentialAction":[{"@type":"ReadAction","target":["https:\/\/hubsch-interior.com\/da\/vare\/ido-gulvlampe-brun\/"]}]},{"@type":"ImageObject","inLanguage":"da-DK","@id":"https:\/\/hubsch-interior.com\/da\/vare\/ido-gulvlampe-brun\/#primaryimage","url":"https:\/\/hubsch-interior.com\/wp-content\/uploads\/2026\/02\/ido-floor-lamp-brown-a3fb1a7842b145d3e12fba64f86464ad.jpg","contentUrl":"https:\/\/hubsch-interior.com\/wp-content\/uploads\/2026\/02\/ido-floor-lamp-brown-a3fb1a7842b145d3e12fba64f86464ad.jpg","width":1024,"height":1024},{"@type":"BreadcrumbList","@id":"https:\/\/hubsch-interior.com\/da\/vare\/ido-gulvlampe-brun\/#breadcrumb","itemListElement":[{"@type":"ListItem","position":1,"name":"Forside","item":"https:\/\/hubsch-interior.com\/da\/"},{"@type":"ListItem","position":2,"name":"Produkter","item":"https:\/\/hubsch-interior.com\/da\/produkter\/"},{"@type":"ListItem","position":3,"name":"Belysning","item":"https:\/\/hubsch-interior.com\/da\/vare-kategori\/belysning\/"},{"@type":"ListItem","position":4,"name":"Gulvlamper","item":"https:\/\/hubsch-interior.com\/da\/vare-kategori\/belysning\/gulvlamper-da\/"},{"@type":"ListItem","position":5,"name":"Ido Gulvlampe Brun"}]},{"@type":"WebSite","@id":"https:\/\/hubsch-interior.com\/da\/#website","url":"https:\/\/hubsch-interior.com\/da\/","name":"H\u00fcbsch","description":"Danish Home Interior and Design","publisher":{"@id":"https:\/\/hubsch-interior.com\/da\/#organization"},"potentialAction":[{"@type":"SearchAction","target":{"@type":"EntryPoint","urlTemplate":"https:\/\/hubsch-interior.com\/da\/?s={search_term_string}"},"query-input":{"@type":"PropertyValueSpecification","valueRequired":true,"valueName":"search_term_string"}}],"inLanguage":"da-DK"},{"@type":"Organization","@id":"https:\/\/hubsch-interior.com\/da\/#organization","name":"H\u00fcbsch","url":"https:\/\/hubsch-interior.com\/da\/","logo":{"@type":"ImageObject","inLanguage":"da-DK","@id":"https:\/\/hubsch-interior.com\/da\/#\/schema\/logo\/image\/","url":"https:\/\/hubsch-interior.com\/wp-content\/uploads\/2022\/12\/Hubsch_logo_black_one_line.svg","contentUrl":"https:\/\/hubsch-interior.com\/wp-content\/uploads\/2022\/12\/Hubsch_logo_black_one_line.svg","caption":"H\u00fcbsch"},"image":{"@id":"https:\/\/hubsch-interior.com\/da\/#\/schema\/logo\/image\/"}}]}},"_links":{"self":[{"href":"https:\/\/hubsch-interior.com\/da\/wp-json\/wp\/v2\/product\/1003288","targetHints":{"allow":["GET"]}}],"collection":[{"href":"https:\/\/hubsch-interior.com\/da\/wp-json\/wp\/v2\/product"}],"about":[{"href":"https:\/\/hubsch-interior.com\/da\/wp-json\/wp\/v2\/types\/product"}],"wp:featuredmedia":[{"embeddable":true,"href":"https:\/\/hubsch-interior.com\/da\/wp-json\/wp\/v2\/media\/1107314"}],"wp:attachment":[{"href":"https:\/\/hubsch-interior.com\/da\/wp-json\/wp\/v2\/media?parent=1003288"}],"wp:term":[{"taxonomy":"product_brand","embeddable":true,"href":"https:\/\/hubsch-interior.com\/da\/wp-json\/wp\/v2\/product_brand?post=1003288"},{"taxonomy":"product_cat","embeddable":true,"href":"https:\/\/hubsch-interior.com\/da\/wp-json\/wp\/v2\/product_cat?post=1003288"},{"taxonomy":"product_tag","embeddable":true,"href":"https:\/\/hubsch-interior.com\/da\/wp-json\/wp\/v2\/product_tag?post=1003288"}],"curies":[{"name":"wp","href":"https:\/\/api.w.org\/{rel}","templated":true}]}}