{"id":1003304,"date":"2024-12-02T16:33:21","date_gmt":"2024-12-02T15:33:21","guid":{"rendered":"https:\/\/hubsch-interior.com\/product\/product\/"},"modified":"2026-04-14T05:06:42","modified_gmt":"2026-04-14T03:06:42","slug":"soothe-bordlampe-lysegra","status":"publish","type":"product","link":"https:\/\/hubsch-interior.com\/da\/vare\/soothe-bordlampe-lysegra\/","title":{"rendered":"Soothe Bordlampe Lysegr\u00e5"},"content":{"rendered":"<p>Oplev Soothe Bordlampe, et eventyrligt supplement til din hyggekrog. Denne grafiske bordlampe er fremstillet af metal og polycarbonat og kommer i to farver, der begge v\u00e6kker minderne om barndommens glade spil. Dens tegneserieagtige form tilf\u00f8jer et skulpturelt element, der omdanner lys til en kunstform. Perfekt til at skabe stemning med dens d\u00e6mpbare funktion, der g\u00f8r det muligt at justere lysstyrken efter eget \u00f8nske.  Lad Soothe g\u00f8re ethvert hj\u00f8rne et tilflugtssted fyldt med nostalgisk fryd.<\/p>\n","protected":false},"excerpt":{"rendered":"<p>Oplev Soothe Bordlampe, et eventyrligt supplement til din hyggekrog. Denne grafiske bordlampe er fremstillet af metal og polycarbonat og kommer i to farver, der begge v\u00e6kker minderne om barndommens glade spil. Dens tegneserieagtige form tilf\u00f8jer et skulpturelt element, der omdanner lys til en kunstform. Perfekt til at skabe stemning med dens d\u00e6mpbare funktion, der g\u00f8r [&hellip;]<\/p>\n","protected":false},"featured_media":1107554,"template":"","meta":{"_acf_changed":false,"inline_featured_image":false},"product_brand":[],"product_cat":[6996,3808,3499,5025],"product_tag":[],"class_list":{"0":"post-1003304","1":"product","2":"type-product","3":"status-publish","4":"has-post-thumbnail","6":"product_cat-the-buzz-da","7":"product_cat-belysning","8":"product_cat-bordlamper-da","9":"product_cat-bestsellers-da","10":"product_shipping_class-pk","12":"pa_color-lysegr","13":"pa_material-jern-da","14":"pa_material-polycarbonat","16":"first","17":"instock","18":"featured","19":"taxable","20":"shipping-taxable","21":"purchasable","22":"product-type-simple"},"exclude_global_add_ons":[],"addons":[],"acf":[],"yoast_head":"<!-- This site is optimized with the Yoast SEO plugin v26.4 - https:\/\/yoast.com\/wordpress\/plugins\/seo\/ -->\n<title>Soothe Bordlampe Lysegr\u00e5 - H\u00fcbsch<\/title>\n<meta name=\"description\" content=\"Oplev Soothe Bordlampe, et eventyrligt supplement til din hyggekrog. Denne grafiske bordlampe er fremstillet af metal og polycarbonat og kommer i to\" \/>\n<meta name=\"robots\" content=\"index, follow, max-snippet:-1, max-image-preview:large, max-video-preview:-1\" \/>\n<link rel=\"canonical\" href=\"https:\/\/hubsch-interior.com\/da\/wp-json\/wp\/v2\/product\/1003304\" \/>\n<meta property=\"og:locale\" content=\"da_DK\" \/>\n<meta property=\"og:type\" content=\"article\" \/>\n<meta property=\"og:title\" content=\"Soothe Bordlampe Lysegr\u00e5 - H\u00fcbsch\" \/>\n<meta property=\"og:description\" content=\"Oplev Soothe Bordlampe, et eventyrligt supplement til din hyggekrog. Denne grafiske bordlampe er fremstillet af metal og polycarbonat og kommer i to\" \/>\n<meta property=\"og:url\" content=\"https:\/\/hubsch-interior.com\/da\/vare\/soothe-bordlampe-lysegra\/\" \/>\n<meta property=\"og:site_name\" content=\"H\u00fcbsch\" \/>\n<meta property=\"article:modified_time\" content=\"2026-04-14T03:06:42+00:00\" \/>\n<meta property=\"og:image\" content=\"https:\/\/hubsch-interior.com\/wp-content\/uploads\/2025\/04\/soothe-table-lamp-light-grey-fc1a7467cb787615c40be302342f7e68.jpg\" \/>\n\t<meta property=\"og:image:width\" content=\"1200\" \/>\n\t<meta property=\"og:image:height\" content=\"1200\" \/>\n\t<meta property=\"og:image:type\" content=\"image\/jpeg\" \/>\n<meta name=\"twitter:card\" content=\"summary_large_image\" \/>\n<script type=\"application\/ld+json\" class=\"yoast-schema-graph\">{\"@context\":\"https:\/\/schema.org\",\"@graph\":[{\"@type\":\"WebPage\",\"@id\":\"https:\/\/hubsch-interior.com\/da\/vare\/soothe-bordlampe-lysegra\/\",\"url\":\"https:\/\/hubsch-interior.com\/da\/vare\/soothe-bordlampe-lysegra\/\",\"name\":\"Soothe Bordlampe Lysegr\u00e5 - H\u00fcbsch\",\"isPartOf\":{\"@id\":\"https:\/\/hubsch-interior.com\/da\/#website\"},\"primaryImageOfPage\":{\"@id\":\"https:\/\/hubsch-interior.com\/da\/vare\/soothe-bordlampe-lysegra\/#primaryimage\"},\"image\":{\"@id\":\"https:\/\/hubsch-interior.com\/da\/vare\/soothe-bordlampe-lysegra\/#primaryimage\"},\"thumbnailUrl\":\"https:\/\/hubsch-interior.com\/wp-content\/uploads\/2026\/02\/soothe-table-lamp-light-grey-6882f374915f26e1dbb026f1af38cfd9.jpg\",\"datePublished\":\"2024-12-02T15:33:21+00:00\",\"dateModified\":\"2026-04-14T03:06:42+00:00\",\"description\":\"Oplev Soothe Bordlampe, et eventyrligt supplement til din hyggekrog. Denne grafiske bordlampe er fremstillet af metal og polycarbonat og kommer i to\",\"breadcrumb\":{\"@id\":\"https:\/\/hubsch-interior.com\/da\/vare\/soothe-bordlampe-lysegra\/#breadcrumb\"},\"inLanguage\":\"da-DK\",\"potentialAction\":[{\"@type\":\"ReadAction\",\"target\":[\"https:\/\/hubsch-interior.com\/da\/vare\/soothe-bordlampe-lysegra\/\"]}]},{\"@type\":\"ImageObject\",\"inLanguage\":\"da-DK\",\"@id\":\"https:\/\/hubsch-interior.com\/da\/vare\/soothe-bordlampe-lysegra\/#primaryimage\",\"url\":\"https:\/\/hubsch-interior.com\/wp-content\/uploads\/2026\/02\/soothe-table-lamp-light-grey-6882f374915f26e1dbb026f1af38cfd9.jpg\",\"contentUrl\":\"https:\/\/hubsch-interior.com\/wp-content\/uploads\/2026\/02\/soothe-table-lamp-light-grey-6882f374915f26e1dbb026f1af38cfd9.jpg\",\"width\":1024,\"height\":1024},{\"@type\":\"BreadcrumbList\",\"@id\":\"https:\/\/hubsch-interior.com\/da\/vare\/soothe-bordlampe-lysegra\/#breadcrumb\",\"itemListElement\":[{\"@type\":\"ListItem\",\"position\":1,\"name\":\"Forside\",\"item\":\"https:\/\/hubsch-interior.com\/da\/\"},{\"@type\":\"ListItem\",\"position\":2,\"name\":\"Produkter\",\"item\":\"https:\/\/hubsch-interior.com\/da\/produkter\/\"},{\"@type\":\"ListItem\",\"position\":3,\"name\":\"Belysning\",\"item\":\"https:\/\/hubsch-interior.com\/da\/vare-kategori\/belysning\/\"},{\"@type\":\"ListItem\",\"position\":4,\"name\":\"Bordlamper\",\"item\":\"https:\/\/hubsch-interior.com\/da\/vare-kategori\/belysning\/bordlamper-da\/\"},{\"@type\":\"ListItem\",\"position\":5,\"name\":\"Soothe Bordlampe Lysegr\u00e5\"}]},{\"@type\":\"WebSite\",\"@id\":\"https:\/\/hubsch-interior.com\/da\/#website\",\"url\":\"https:\/\/hubsch-interior.com\/da\/\",\"name\":\"H\u00fcbsch\",\"description\":\"Danish Home Interior and Design\",\"publisher\":{\"@id\":\"https:\/\/hubsch-interior.com\/da\/#organization\"},\"potentialAction\":[{\"@type\":\"SearchAction\",\"target\":{\"@type\":\"EntryPoint\",\"urlTemplate\":\"https:\/\/hubsch-interior.com\/da\/?s={search_term_string}\"},\"query-input\":{\"@type\":\"PropertyValueSpecification\",\"valueRequired\":true,\"valueName\":\"search_term_string\"}}],\"inLanguage\":\"da-DK\"},{\"@type\":\"Organization\",\"@id\":\"https:\/\/hubsch-interior.com\/da\/#organization\",\"name\":\"H\u00fcbsch\",\"url\":\"https:\/\/hubsch-interior.com\/da\/\",\"logo\":{\"@type\":\"ImageObject\",\"inLanguage\":\"da-DK\",\"@id\":\"https:\/\/hubsch-interior.com\/da\/#\/schema\/logo\/image\/\",\"url\":\"https:\/\/hubsch-interior.com\/wp-content\/uploads\/2022\/12\/Hubsch_logo_black_one_line.svg\",\"contentUrl\":\"https:\/\/hubsch-interior.com\/wp-content\/uploads\/2022\/12\/Hubsch_logo_black_one_line.svg\",\"caption\":\"H\u00fcbsch\"},\"image\":{\"@id\":\"https:\/\/hubsch-interior.com\/da\/#\/schema\/logo\/image\/\"}}]}<\/script>\n<!-- \/ Yoast SEO plugin. -->","yoast_head_json":{"title":"Soothe Bordlampe Lysegr\u00e5 - H\u00fcbsch","description":"Oplev Soothe Bordlampe, et eventyrligt supplement til din hyggekrog. Denne grafiske bordlampe er fremstillet af metal og polycarbonat og kommer i to","robots":{"index":"index","follow":"follow","max-snippet":"max-snippet:-1","max-image-preview":"max-image-preview:large","max-video-preview":"max-video-preview:-1"},"canonical":"https:\/\/hubsch-interior.com\/da\/wp-json\/wp\/v2\/product\/1003304","og_locale":"da_DK","og_type":"article","og_title":"Soothe Bordlampe Lysegr\u00e5 - H\u00fcbsch","og_description":"Oplev Soothe Bordlampe, et eventyrligt supplement til din hyggekrog. Denne grafiske bordlampe er fremstillet af metal og polycarbonat og kommer i to","og_url":"https:\/\/hubsch-interior.com\/da\/vare\/soothe-bordlampe-lysegra\/","og_site_name":"H\u00fcbsch","article_modified_time":"2026-04-14T03:06:42+00:00","og_image":[{"width":1200,"height":1200,"url":"https:\/\/hubsch-interior.com\/wp-content\/uploads\/2025\/04\/soothe-table-lamp-light-grey-fc1a7467cb787615c40be302342f7e68.jpg","type":"image\/jpeg"}],"twitter_card":"summary_large_image","schema":{"@context":"https:\/\/schema.org","@graph":[{"@type":"WebPage","@id":"https:\/\/hubsch-interior.com\/da\/vare\/soothe-bordlampe-lysegra\/","url":"https:\/\/hubsch-interior.com\/da\/vare\/soothe-bordlampe-lysegra\/","name":"Soothe Bordlampe Lysegr\u00e5 - H\u00fcbsch","isPartOf":{"@id":"https:\/\/hubsch-interior.com\/da\/#website"},"primaryImageOfPage":{"@id":"https:\/\/hubsch-interior.com\/da\/vare\/soothe-bordlampe-lysegra\/#primaryimage"},"image":{"@id":"https:\/\/hubsch-interior.com\/da\/vare\/soothe-bordlampe-lysegra\/#primaryimage"},"thumbnailUrl":"https:\/\/hubsch-interior.com\/wp-content\/uploads\/2026\/02\/soothe-table-lamp-light-grey-6882f374915f26e1dbb026f1af38cfd9.jpg","datePublished":"2024-12-02T15:33:21+00:00","dateModified":"2026-04-14T03:06:42+00:00","description":"Oplev Soothe Bordlampe, et eventyrligt supplement til din hyggekrog. Denne grafiske bordlampe er fremstillet af metal og polycarbonat og kommer i to","breadcrumb":{"@id":"https:\/\/hubsch-interior.com\/da\/vare\/soothe-bordlampe-lysegra\/#breadcrumb"},"inLanguage":"da-DK","potentialAction":[{"@type":"ReadAction","target":["https:\/\/hubsch-interior.com\/da\/vare\/soothe-bordlampe-lysegra\/"]}]},{"@type":"ImageObject","inLanguage":"da-DK","@id":"https:\/\/hubsch-interior.com\/da\/vare\/soothe-bordlampe-lysegra\/#primaryimage","url":"https:\/\/hubsch-interior.com\/wp-content\/uploads\/2026\/02\/soothe-table-lamp-light-grey-6882f374915f26e1dbb026f1af38cfd9.jpg","contentUrl":"https:\/\/hubsch-interior.com\/wp-content\/uploads\/2026\/02\/soothe-table-lamp-light-grey-6882f374915f26e1dbb026f1af38cfd9.jpg","width":1024,"height":1024},{"@type":"BreadcrumbList","@id":"https:\/\/hubsch-interior.com\/da\/vare\/soothe-bordlampe-lysegra\/#breadcrumb","itemListElement":[{"@type":"ListItem","position":1,"name":"Forside","item":"https:\/\/hubsch-interior.com\/da\/"},{"@type":"ListItem","position":2,"name":"Produkter","item":"https:\/\/hubsch-interior.com\/da\/produkter\/"},{"@type":"ListItem","position":3,"name":"Belysning","item":"https:\/\/hubsch-interior.com\/da\/vare-kategori\/belysning\/"},{"@type":"ListItem","position":4,"name":"Bordlamper","item":"https:\/\/hubsch-interior.com\/da\/vare-kategori\/belysning\/bordlamper-da\/"},{"@type":"ListItem","position":5,"name":"Soothe Bordlampe Lysegr\u00e5"}]},{"@type":"WebSite","@id":"https:\/\/hubsch-interior.com\/da\/#website","url":"https:\/\/hubsch-interior.com\/da\/","name":"H\u00fcbsch","description":"Danish Home Interior and Design","publisher":{"@id":"https:\/\/hubsch-interior.com\/da\/#organization"},"potentialAction":[{"@type":"SearchAction","target":{"@type":"EntryPoint","urlTemplate":"https:\/\/hubsch-interior.com\/da\/?s={search_term_string}"},"query-input":{"@type":"PropertyValueSpecification","valueRequired":true,"valueName":"search_term_string"}}],"inLanguage":"da-DK"},{"@type":"Organization","@id":"https:\/\/hubsch-interior.com\/da\/#organization","name":"H\u00fcbsch","url":"https:\/\/hubsch-interior.com\/da\/","logo":{"@type":"ImageObject","inLanguage":"da-DK","@id":"https:\/\/hubsch-interior.com\/da\/#\/schema\/logo\/image\/","url":"https:\/\/hubsch-interior.com\/wp-content\/uploads\/2022\/12\/Hubsch_logo_black_one_line.svg","contentUrl":"https:\/\/hubsch-interior.com\/wp-content\/uploads\/2022\/12\/Hubsch_logo_black_one_line.svg","caption":"H\u00fcbsch"},"image":{"@id":"https:\/\/hubsch-interior.com\/da\/#\/schema\/logo\/image\/"}}]}},"_links":{"self":[{"href":"https:\/\/hubsch-interior.com\/da\/wp-json\/wp\/v2\/product\/1003304","targetHints":{"allow":["GET"]}}],"collection":[{"href":"https:\/\/hubsch-interior.com\/da\/wp-json\/wp\/v2\/product"}],"about":[{"href":"https:\/\/hubsch-interior.com\/da\/wp-json\/wp\/v2\/types\/product"}],"wp:featuredmedia":[{"embeddable":true,"href":"https:\/\/hubsch-interior.com\/da\/wp-json\/wp\/v2\/media\/1107554"}],"wp:attachment":[{"href":"https:\/\/hubsch-interior.com\/da\/wp-json\/wp\/v2\/media?parent=1003304"}],"wp:term":[{"taxonomy":"product_brand","embeddable":true,"href":"https:\/\/hubsch-interior.com\/da\/wp-json\/wp\/v2\/product_brand?post=1003304"},{"taxonomy":"product_cat","embeddable":true,"href":"https:\/\/hubsch-interior.com\/da\/wp-json\/wp\/v2\/product_cat?post=1003304"},{"taxonomy":"product_tag","embeddable":true,"href":"https:\/\/hubsch-interior.com\/da\/wp-json\/wp\/v2\/product_tag?post=1003304"}],"curies":[{"name":"wp","href":"https:\/\/api.w.org\/{rel}","templated":true}]}}