{"id":1003324,"date":"2024-12-02T16:33:54","date_gmt":"2024-12-02T15:33:54","guid":{"rendered":"https:\/\/hubsch-interior.com\/product\/product\/"},"modified":"2026-04-14T05:06:46","modified_gmt":"2026-04-14T03:06:46","slug":"soothe-bordlampe-turquiose","status":"publish","type":"product","link":"https:\/\/hubsch-interior.com\/da\/vare\/soothe-bordlampe-turquiose\/","title":{"rendered":"Soothe Bordlampe Turquiose"},"content":{"rendered":"<p>Pr\u00e6senterer Soothe Bordlampe, en charmerende tilf\u00f8jelse til dit hyggelige hj\u00f8rne. Fremstillet af metal og polycarbonat, kommer denne grafiske bordlampe i en livlig turkis farve, der v\u00e6kker minderne om barndommens glade spil. Dens tegneserie-lignende form tilf\u00f8jer et skulpturelt element og omdanner lys til en kunstform. Perfekt til at skabe stemning, den d\u00e6mpbare funktion g\u00f8r det muligt at justere lysstyrken efter din pr\u00e6ference, s\u00e5 hvert hj\u00f8rne bliver et tilflugtssted for nostalgisk fryd.<\/p>\n","protected":false},"excerpt":{"rendered":"<p>Pr\u00e6senterer Soothe Bordlampe, en charmerende tilf\u00f8jelse til dit hyggelige hj\u00f8rne. Fremstillet af metal og polycarbonat, kommer denne grafiske bordlampe i en livlig turkis farve, der v\u00e6kker minderne om barndommens glade spil. Dens tegneserie-lignende form tilf\u00f8jer et skulpturelt element og omdanner lys til en kunstform. Perfekt til at skabe stemning, den d\u00e6mpbare funktion g\u00f8r det muligt [&hellip;]<\/p>\n","protected":false},"featured_media":1107566,"template":"","meta":{"_acf_changed":false,"inline_featured_image":false},"product_brand":[],"product_cat":[6996,3808,3499,5025],"product_tag":[],"class_list":{"0":"post-1003324","1":"product","2":"type-product","3":"status-publish","4":"has-post-thumbnail","6":"product_cat-the-buzz-da","7":"product_cat-belysning","8":"product_cat-bordlamper-da","9":"product_cat-bestsellers-da","10":"product_shipping_class-pk","12":"pa_material-jern-da","13":"pa_material-polycarbonat","15":"first","16":"instock","17":"featured","18":"taxable","19":"shipping-taxable","20":"purchasable","21":"product-type-simple"},"exclude_global_add_ons":[],"addons":[],"acf":[],"yoast_head":"<!-- This site is optimized with the Yoast SEO plugin v26.4 - https:\/\/yoast.com\/wordpress\/plugins\/seo\/ -->\n<title>Soothe Bordlampe Turquiose - H\u00fcbsch<\/title>\n<meta name=\"description\" content=\"Pr\u00e6senterer Soothe Bordlampe, en charmerende tilf\u00f8jelse til dit hyggelige hj\u00f8rne. Fremstillet af metal og polycarbonat, kommer denne grafiske bordlampe i\" \/>\n<meta name=\"robots\" content=\"index, follow, max-snippet:-1, max-image-preview:large, max-video-preview:-1\" \/>\n<link rel=\"canonical\" href=\"https:\/\/hubsch-interior.com\/da\/wp-json\/wp\/v2\/product\/1003324\" \/>\n<meta property=\"og:locale\" content=\"da_DK\" \/>\n<meta property=\"og:type\" content=\"article\" \/>\n<meta property=\"og:title\" content=\"Soothe Bordlampe Turquiose - H\u00fcbsch\" \/>\n<meta property=\"og:description\" content=\"Pr\u00e6senterer Soothe Bordlampe, en charmerende tilf\u00f8jelse til dit hyggelige hj\u00f8rne. Fremstillet af metal og polycarbonat, kommer denne grafiske bordlampe i\" \/>\n<meta property=\"og:url\" content=\"https:\/\/hubsch-interior.com\/da\/vare\/soothe-bordlampe-turquiose\/\" \/>\n<meta property=\"og:site_name\" content=\"H\u00fcbsch\" \/>\n<meta property=\"article:modified_time\" content=\"2026-04-14T03:06:46+00:00\" \/>\n<meta property=\"og:image\" content=\"https:\/\/hubsch-interior.com\/wp-content\/uploads\/2024\/12\/soothe-table-lamp-turquiose-3859fe6ed6e82f9f7bbc1af7673cdc3d.jpg\" \/>\n\t<meta property=\"og:image:width\" content=\"1200\" \/>\n\t<meta property=\"og:image:height\" content=\"1200\" \/>\n\t<meta property=\"og:image:type\" content=\"image\/jpeg\" \/>\n<meta name=\"twitter:card\" content=\"summary_large_image\" \/>\n<script type=\"application\/ld+json\" class=\"yoast-schema-graph\">{\"@context\":\"https:\/\/schema.org\",\"@graph\":[{\"@type\":\"WebPage\",\"@id\":\"https:\/\/hubsch-interior.com\/da\/vare\/soothe-bordlampe-turquiose\/\",\"url\":\"https:\/\/hubsch-interior.com\/da\/vare\/soothe-bordlampe-turquiose\/\",\"name\":\"Soothe Bordlampe Turquiose - H\u00fcbsch\",\"isPartOf\":{\"@id\":\"https:\/\/hubsch-interior.com\/da\/#website\"},\"primaryImageOfPage\":{\"@id\":\"https:\/\/hubsch-interior.com\/da\/vare\/soothe-bordlampe-turquiose\/#primaryimage\"},\"image\":{\"@id\":\"https:\/\/hubsch-interior.com\/da\/vare\/soothe-bordlampe-turquiose\/#primaryimage\"},\"thumbnailUrl\":\"https:\/\/hubsch-interior.com\/wp-content\/uploads\/2026\/02\/soothe-table-lamp-turquiose-6f2ddfad068943c07d3f0323b67a5514.jpg\",\"datePublished\":\"2024-12-02T15:33:54+00:00\",\"dateModified\":\"2026-04-14T03:06:46+00:00\",\"description\":\"Pr\u00e6senterer Soothe Bordlampe, en charmerende tilf\u00f8jelse til dit hyggelige hj\u00f8rne. Fremstillet af metal og polycarbonat, kommer denne grafiske bordlampe i\",\"breadcrumb\":{\"@id\":\"https:\/\/hubsch-interior.com\/da\/vare\/soothe-bordlampe-turquiose\/#breadcrumb\"},\"inLanguage\":\"da-DK\",\"potentialAction\":[{\"@type\":\"ReadAction\",\"target\":[\"https:\/\/hubsch-interior.com\/da\/vare\/soothe-bordlampe-turquiose\/\"]}]},{\"@type\":\"ImageObject\",\"inLanguage\":\"da-DK\",\"@id\":\"https:\/\/hubsch-interior.com\/da\/vare\/soothe-bordlampe-turquiose\/#primaryimage\",\"url\":\"https:\/\/hubsch-interior.com\/wp-content\/uploads\/2026\/02\/soothe-table-lamp-turquiose-6f2ddfad068943c07d3f0323b67a5514.jpg\",\"contentUrl\":\"https:\/\/hubsch-interior.com\/wp-content\/uploads\/2026\/02\/soothe-table-lamp-turquiose-6f2ddfad068943c07d3f0323b67a5514.jpg\",\"width\":1024,\"height\":1024},{\"@type\":\"BreadcrumbList\",\"@id\":\"https:\/\/hubsch-interior.com\/da\/vare\/soothe-bordlampe-turquiose\/#breadcrumb\",\"itemListElement\":[{\"@type\":\"ListItem\",\"position\":1,\"name\":\"Forside\",\"item\":\"https:\/\/hubsch-interior.com\/da\/\"},{\"@type\":\"ListItem\",\"position\":2,\"name\":\"Produkter\",\"item\":\"https:\/\/hubsch-interior.com\/da\/produkter\/\"},{\"@type\":\"ListItem\",\"position\":3,\"name\":\"Belysning\",\"item\":\"https:\/\/hubsch-interior.com\/da\/vare-kategori\/belysning\/\"},{\"@type\":\"ListItem\",\"position\":4,\"name\":\"Bordlamper\",\"item\":\"https:\/\/hubsch-interior.com\/da\/vare-kategori\/belysning\/bordlamper-da\/\"},{\"@type\":\"ListItem\",\"position\":5,\"name\":\"Soothe Bordlampe Turquiose\"}]},{\"@type\":\"WebSite\",\"@id\":\"https:\/\/hubsch-interior.com\/da\/#website\",\"url\":\"https:\/\/hubsch-interior.com\/da\/\",\"name\":\"H\u00fcbsch\",\"description\":\"Danish Home Interior and Design\",\"publisher\":{\"@id\":\"https:\/\/hubsch-interior.com\/da\/#organization\"},\"potentialAction\":[{\"@type\":\"SearchAction\",\"target\":{\"@type\":\"EntryPoint\",\"urlTemplate\":\"https:\/\/hubsch-interior.com\/da\/?s={search_term_string}\"},\"query-input\":{\"@type\":\"PropertyValueSpecification\",\"valueRequired\":true,\"valueName\":\"search_term_string\"}}],\"inLanguage\":\"da-DK\"},{\"@type\":\"Organization\",\"@id\":\"https:\/\/hubsch-interior.com\/da\/#organization\",\"name\":\"H\u00fcbsch\",\"url\":\"https:\/\/hubsch-interior.com\/da\/\",\"logo\":{\"@type\":\"ImageObject\",\"inLanguage\":\"da-DK\",\"@id\":\"https:\/\/hubsch-interior.com\/da\/#\/schema\/logo\/image\/\",\"url\":\"https:\/\/hubsch-interior.com\/wp-content\/uploads\/2022\/12\/Hubsch_logo_black_one_line.svg\",\"contentUrl\":\"https:\/\/hubsch-interior.com\/wp-content\/uploads\/2022\/12\/Hubsch_logo_black_one_line.svg\",\"caption\":\"H\u00fcbsch\"},\"image\":{\"@id\":\"https:\/\/hubsch-interior.com\/da\/#\/schema\/logo\/image\/\"}}]}<\/script>\n<!-- \/ Yoast SEO plugin. -->","yoast_head_json":{"title":"Soothe Bordlampe Turquiose - H\u00fcbsch","description":"Pr\u00e6senterer Soothe Bordlampe, en charmerende tilf\u00f8jelse til dit hyggelige hj\u00f8rne. Fremstillet af metal og polycarbonat, kommer denne grafiske bordlampe i","robots":{"index":"index","follow":"follow","max-snippet":"max-snippet:-1","max-image-preview":"max-image-preview:large","max-video-preview":"max-video-preview:-1"},"canonical":"https:\/\/hubsch-interior.com\/da\/wp-json\/wp\/v2\/product\/1003324","og_locale":"da_DK","og_type":"article","og_title":"Soothe Bordlampe Turquiose - H\u00fcbsch","og_description":"Pr\u00e6senterer Soothe Bordlampe, en charmerende tilf\u00f8jelse til dit hyggelige hj\u00f8rne. Fremstillet af metal og polycarbonat, kommer denne grafiske bordlampe i","og_url":"https:\/\/hubsch-interior.com\/da\/vare\/soothe-bordlampe-turquiose\/","og_site_name":"H\u00fcbsch","article_modified_time":"2026-04-14T03:06:46+00:00","og_image":[{"width":1200,"height":1200,"url":"https:\/\/hubsch-interior.com\/wp-content\/uploads\/2024\/12\/soothe-table-lamp-turquiose-3859fe6ed6e82f9f7bbc1af7673cdc3d.jpg","type":"image\/jpeg"}],"twitter_card":"summary_large_image","schema":{"@context":"https:\/\/schema.org","@graph":[{"@type":"WebPage","@id":"https:\/\/hubsch-interior.com\/da\/vare\/soothe-bordlampe-turquiose\/","url":"https:\/\/hubsch-interior.com\/da\/vare\/soothe-bordlampe-turquiose\/","name":"Soothe Bordlampe Turquiose - H\u00fcbsch","isPartOf":{"@id":"https:\/\/hubsch-interior.com\/da\/#website"},"primaryImageOfPage":{"@id":"https:\/\/hubsch-interior.com\/da\/vare\/soothe-bordlampe-turquiose\/#primaryimage"},"image":{"@id":"https:\/\/hubsch-interior.com\/da\/vare\/soothe-bordlampe-turquiose\/#primaryimage"},"thumbnailUrl":"https:\/\/hubsch-interior.com\/wp-content\/uploads\/2026\/02\/soothe-table-lamp-turquiose-6f2ddfad068943c07d3f0323b67a5514.jpg","datePublished":"2024-12-02T15:33:54+00:00","dateModified":"2026-04-14T03:06:46+00:00","description":"Pr\u00e6senterer Soothe Bordlampe, en charmerende tilf\u00f8jelse til dit hyggelige hj\u00f8rne. Fremstillet af metal og polycarbonat, kommer denne grafiske bordlampe i","breadcrumb":{"@id":"https:\/\/hubsch-interior.com\/da\/vare\/soothe-bordlampe-turquiose\/#breadcrumb"},"inLanguage":"da-DK","potentialAction":[{"@type":"ReadAction","target":["https:\/\/hubsch-interior.com\/da\/vare\/soothe-bordlampe-turquiose\/"]}]},{"@type":"ImageObject","inLanguage":"da-DK","@id":"https:\/\/hubsch-interior.com\/da\/vare\/soothe-bordlampe-turquiose\/#primaryimage","url":"https:\/\/hubsch-interior.com\/wp-content\/uploads\/2026\/02\/soothe-table-lamp-turquiose-6f2ddfad068943c07d3f0323b67a5514.jpg","contentUrl":"https:\/\/hubsch-interior.com\/wp-content\/uploads\/2026\/02\/soothe-table-lamp-turquiose-6f2ddfad068943c07d3f0323b67a5514.jpg","width":1024,"height":1024},{"@type":"BreadcrumbList","@id":"https:\/\/hubsch-interior.com\/da\/vare\/soothe-bordlampe-turquiose\/#breadcrumb","itemListElement":[{"@type":"ListItem","position":1,"name":"Forside","item":"https:\/\/hubsch-interior.com\/da\/"},{"@type":"ListItem","position":2,"name":"Produkter","item":"https:\/\/hubsch-interior.com\/da\/produkter\/"},{"@type":"ListItem","position":3,"name":"Belysning","item":"https:\/\/hubsch-interior.com\/da\/vare-kategori\/belysning\/"},{"@type":"ListItem","position":4,"name":"Bordlamper","item":"https:\/\/hubsch-interior.com\/da\/vare-kategori\/belysning\/bordlamper-da\/"},{"@type":"ListItem","position":5,"name":"Soothe Bordlampe Turquiose"}]},{"@type":"WebSite","@id":"https:\/\/hubsch-interior.com\/da\/#website","url":"https:\/\/hubsch-interior.com\/da\/","name":"H\u00fcbsch","description":"Danish Home Interior and Design","publisher":{"@id":"https:\/\/hubsch-interior.com\/da\/#organization"},"potentialAction":[{"@type":"SearchAction","target":{"@type":"EntryPoint","urlTemplate":"https:\/\/hubsch-interior.com\/da\/?s={search_term_string}"},"query-input":{"@type":"PropertyValueSpecification","valueRequired":true,"valueName":"search_term_string"}}],"inLanguage":"da-DK"},{"@type":"Organization","@id":"https:\/\/hubsch-interior.com\/da\/#organization","name":"H\u00fcbsch","url":"https:\/\/hubsch-interior.com\/da\/","logo":{"@type":"ImageObject","inLanguage":"da-DK","@id":"https:\/\/hubsch-interior.com\/da\/#\/schema\/logo\/image\/","url":"https:\/\/hubsch-interior.com\/wp-content\/uploads\/2022\/12\/Hubsch_logo_black_one_line.svg","contentUrl":"https:\/\/hubsch-interior.com\/wp-content\/uploads\/2022\/12\/Hubsch_logo_black_one_line.svg","caption":"H\u00fcbsch"},"image":{"@id":"https:\/\/hubsch-interior.com\/da\/#\/schema\/logo\/image\/"}}]}},"_links":{"self":[{"href":"https:\/\/hubsch-interior.com\/da\/wp-json\/wp\/v2\/product\/1003324","targetHints":{"allow":["GET"]}}],"collection":[{"href":"https:\/\/hubsch-interior.com\/da\/wp-json\/wp\/v2\/product"}],"about":[{"href":"https:\/\/hubsch-interior.com\/da\/wp-json\/wp\/v2\/types\/product"}],"wp:featuredmedia":[{"embeddable":true,"href":"https:\/\/hubsch-interior.com\/da\/wp-json\/wp\/v2\/media\/1107566"}],"wp:attachment":[{"href":"https:\/\/hubsch-interior.com\/da\/wp-json\/wp\/v2\/media?parent=1003324"}],"wp:term":[{"taxonomy":"product_brand","embeddable":true,"href":"https:\/\/hubsch-interior.com\/da\/wp-json\/wp\/v2\/product_brand?post=1003324"},{"taxonomy":"product_cat","embeddable":true,"href":"https:\/\/hubsch-interior.com\/da\/wp-json\/wp\/v2\/product_cat?post=1003324"},{"taxonomy":"product_tag","embeddable":true,"href":"https:\/\/hubsch-interior.com\/da\/wp-json\/wp\/v2\/product_tag?post=1003324"}],"curies":[{"name":"wp","href":"https:\/\/api.w.org\/{rel}","templated":true}]}}