{"id":1003443,"date":"2024-12-03T14:25:43","date_gmt":"2024-12-03T13:25:43","guid":{"rendered":"https:\/\/hubsch-interior.com\/product\/product\/"},"modified":"2026-04-05T05:08:24","modified_gmt":"2026-04-05T03:08:24","slug":"luminary-pendel-bla-lysegron","status":"publish","type":"product","link":"https:\/\/hubsch-interior.com\/da\/vare\/luminary-pendel-bla-lysegron\/","title":{"rendered":"Luminary Pendel Bl\u00e5\/Lysegr\u00f8n"},"content":{"rendered":"<p>Luminary Pendel, en dejlig fusion af retro og moderne design, der fremh\u00e6ver b\u00e5de \u00e6stetik og funktion. Med lampens f\u00e6ngslende bl\u00e5 og lysegr\u00f8nne nuance, tilpasser dette metalunderv\u00e6rk sig ubesv\u00e6ret til ethvert rum og udsender et varmt, indbydende sk\u00e6r. V\u00e6lg at h\u00e6nge den alene for et subtil udtryk, eller grupp\u00e9r flere pendler for at skabe en visuel symfoni. Den smukke farvekombination sikrer, at den harmonisk komplementerer din eksisterende indretning og tilf\u00f8jer et unikt strejf af charme og karakter til dit personlige rum.<\/p>\n","protected":false},"excerpt":{"rendered":"<p>Luminary Pendel, en dejlig fusion af retro og moderne design, der fremh\u00e6ver b\u00e5de \u00e6stetik og funktion. Med lampens f\u00e6ngslende bl\u00e5 og lysegr\u00f8nne nuance, tilpasser dette metalunderv\u00e6rk sig ubesv\u00e6ret til ethvert rum og udsender et varmt, indbydende sk\u00e6r. V\u00e6lg at h\u00e6nge den alene for et subtil udtryk, eller grupp\u00e9r flere pendler for at skabe en visuel [&hellip;]<\/p>\n","protected":false},"featured_media":1107334,"template":"","meta":{"_acf_changed":false,"inline_featured_image":false},"product_brand":[],"product_cat":[6996,3808,4146,5025],"product_tag":[],"class_list":{"0":"post-1003443","1":"product","2":"type-product","3":"status-publish","4":"has-post-thumbnail","6":"product_cat-the-buzz-da","7":"product_cat-belysning","8":"product_cat-loftslamper-da","9":"product_cat-bestsellers-da","10":"product_shipping_class-pk","12":"pa_color-bl","13":"pa_color-lysegrn","14":"pa_material-jern-da","16":"first","17":"instock","18":"featured","19":"taxable","20":"shipping-taxable","21":"purchasable","22":"product-type-simple"},"exclude_global_add_ons":[],"addons":[],"acf":[],"yoast_head":"<!-- This site is optimized with the Yoast SEO plugin v26.4 - https:\/\/yoast.com\/wordpress\/plugins\/seo\/ -->\n<title>Luminary Pendel Bl\u00e5\/Lysegr\u00f8n - H\u00fcbsch<\/title>\n<meta name=\"description\" content=\"Luminary Pendel, en dejlig fusion af retro og moderne design, der fremh\u00e6ver b\u00e5de \u00e6stetik og funktion. Med lampens f\u00e6ngslende bl\u00e5 og lysegr\u00f8nne nuance,\" \/>\n<meta name=\"robots\" content=\"index, follow, max-snippet:-1, max-image-preview:large, max-video-preview:-1\" \/>\n<link rel=\"canonical\" href=\"https:\/\/hubsch-interior.com\/da\/wp-json\/wp\/v2\/product\/1003443\" \/>\n<meta property=\"og:locale\" content=\"da_DK\" \/>\n<meta property=\"og:type\" content=\"article\" \/>\n<meta property=\"og:title\" content=\"Luminary Pendel Bl\u00e5\/Lysegr\u00f8n - H\u00fcbsch\" \/>\n<meta property=\"og:description\" content=\"Luminary Pendel, en dejlig fusion af retro og moderne design, der fremh\u00e6ver b\u00e5de \u00e6stetik og funktion. Med lampens f\u00e6ngslende bl\u00e5 og lysegr\u00f8nne nuance,\" \/>\n<meta property=\"og:url\" content=\"https:\/\/hubsch-interior.com\/da\/vare\/luminary-pendel-bla-lysegron\/\" \/>\n<meta property=\"og:site_name\" content=\"H\u00fcbsch\" \/>\n<meta property=\"article:modified_time\" content=\"2026-04-05T03:08:24+00:00\" \/>\n<meta property=\"og:image\" content=\"https:\/\/hubsch-interior.com\/wp-content\/uploads\/2026\/02\/luminary-pendant-bluelight-green-ed77dc0ac3285d28122470a101c776a8.jpg\" \/>\n\t<meta property=\"og:image:width\" content=\"1024\" \/>\n\t<meta property=\"og:image:height\" content=\"1024\" \/>\n\t<meta property=\"og:image:type\" content=\"image\/jpeg\" \/>\n<meta name=\"twitter:card\" content=\"summary_large_image\" \/>\n<script type=\"application\/ld+json\" class=\"yoast-schema-graph\">{\"@context\":\"https:\/\/schema.org\",\"@graph\":[{\"@type\":\"WebPage\",\"@id\":\"https:\/\/hubsch-interior.com\/da\/vare\/luminary-pendel-bla-lysegron\/\",\"url\":\"https:\/\/hubsch-interior.com\/da\/vare\/luminary-pendel-bla-lysegron\/\",\"name\":\"Luminary Pendel Bl\u00e5\/Lysegr\u00f8n - H\u00fcbsch\",\"isPartOf\":{\"@id\":\"https:\/\/hubsch-interior.com\/da\/#website\"},\"primaryImageOfPage\":{\"@id\":\"https:\/\/hubsch-interior.com\/da\/vare\/luminary-pendel-bla-lysegron\/#primaryimage\"},\"image\":{\"@id\":\"https:\/\/hubsch-interior.com\/da\/vare\/luminary-pendel-bla-lysegron\/#primaryimage\"},\"thumbnailUrl\":\"https:\/\/hubsch-interior.com\/wp-content\/uploads\/2026\/02\/luminary-pendant-bluelight-green-ed77dc0ac3285d28122470a101c776a8.jpg\",\"datePublished\":\"2024-12-03T13:25:43+00:00\",\"dateModified\":\"2026-04-05T03:08:24+00:00\",\"description\":\"Luminary Pendel, en dejlig fusion af retro og moderne design, der fremh\u00e6ver b\u00e5de \u00e6stetik og funktion. Med lampens f\u00e6ngslende bl\u00e5 og lysegr\u00f8nne nuance,\",\"breadcrumb\":{\"@id\":\"https:\/\/hubsch-interior.com\/da\/vare\/luminary-pendel-bla-lysegron\/#breadcrumb\"},\"inLanguage\":\"da-DK\",\"potentialAction\":[{\"@type\":\"ReadAction\",\"target\":[\"https:\/\/hubsch-interior.com\/da\/vare\/luminary-pendel-bla-lysegron\/\"]}]},{\"@type\":\"ImageObject\",\"inLanguage\":\"da-DK\",\"@id\":\"https:\/\/hubsch-interior.com\/da\/vare\/luminary-pendel-bla-lysegron\/#primaryimage\",\"url\":\"https:\/\/hubsch-interior.com\/wp-content\/uploads\/2026\/02\/luminary-pendant-bluelight-green-ed77dc0ac3285d28122470a101c776a8.jpg\",\"contentUrl\":\"https:\/\/hubsch-interior.com\/wp-content\/uploads\/2026\/02\/luminary-pendant-bluelight-green-ed77dc0ac3285d28122470a101c776a8.jpg\",\"width\":1024,\"height\":1024},{\"@type\":\"BreadcrumbList\",\"@id\":\"https:\/\/hubsch-interior.com\/da\/vare\/luminary-pendel-bla-lysegron\/#breadcrumb\",\"itemListElement\":[{\"@type\":\"ListItem\",\"position\":1,\"name\":\"Forside\",\"item\":\"https:\/\/hubsch-interior.com\/da\/\"},{\"@type\":\"ListItem\",\"position\":2,\"name\":\"Produkter\",\"item\":\"https:\/\/hubsch-interior.com\/da\/produkter\/\"},{\"@type\":\"ListItem\",\"position\":3,\"name\":\"Belysning\",\"item\":\"https:\/\/hubsch-interior.com\/da\/vare-kategori\/belysning\/\"},{\"@type\":\"ListItem\",\"position\":4,\"name\":\"Loftslamper\",\"item\":\"https:\/\/hubsch-interior.com\/da\/vare-kategori\/belysning\/loftslamper-da\/\"},{\"@type\":\"ListItem\",\"position\":5,\"name\":\"Luminary Pendel Bl\u00e5\/Lysegr\u00f8n\"}]},{\"@type\":\"WebSite\",\"@id\":\"https:\/\/hubsch-interior.com\/da\/#website\",\"url\":\"https:\/\/hubsch-interior.com\/da\/\",\"name\":\"H\u00fcbsch\",\"description\":\"Danish Home Interior and Design\",\"publisher\":{\"@id\":\"https:\/\/hubsch-interior.com\/da\/#organization\"},\"potentialAction\":[{\"@type\":\"SearchAction\",\"target\":{\"@type\":\"EntryPoint\",\"urlTemplate\":\"https:\/\/hubsch-interior.com\/da\/?s={search_term_string}\"},\"query-input\":{\"@type\":\"PropertyValueSpecification\",\"valueRequired\":true,\"valueName\":\"search_term_string\"}}],\"inLanguage\":\"da-DK\"},{\"@type\":\"Organization\",\"@id\":\"https:\/\/hubsch-interior.com\/da\/#organization\",\"name\":\"H\u00fcbsch\",\"url\":\"https:\/\/hubsch-interior.com\/da\/\",\"logo\":{\"@type\":\"ImageObject\",\"inLanguage\":\"da-DK\",\"@id\":\"https:\/\/hubsch-interior.com\/da\/#\/schema\/logo\/image\/\",\"url\":\"https:\/\/hubsch-interior.com\/wp-content\/uploads\/2022\/12\/Hubsch_logo_black_one_line.svg\",\"contentUrl\":\"https:\/\/hubsch-interior.com\/wp-content\/uploads\/2022\/12\/Hubsch_logo_black_one_line.svg\",\"caption\":\"H\u00fcbsch\"},\"image\":{\"@id\":\"https:\/\/hubsch-interior.com\/da\/#\/schema\/logo\/image\/\"}}]}<\/script>\n<!-- \/ Yoast SEO plugin. -->","yoast_head_json":{"title":"Luminary Pendel Bl\u00e5\/Lysegr\u00f8n - H\u00fcbsch","description":"Luminary Pendel, en dejlig fusion af retro og moderne design, der fremh\u00e6ver b\u00e5de \u00e6stetik og funktion. Med lampens f\u00e6ngslende bl\u00e5 og lysegr\u00f8nne nuance,","robots":{"index":"index","follow":"follow","max-snippet":"max-snippet:-1","max-image-preview":"max-image-preview:large","max-video-preview":"max-video-preview:-1"},"canonical":"https:\/\/hubsch-interior.com\/da\/wp-json\/wp\/v2\/product\/1003443","og_locale":"da_DK","og_type":"article","og_title":"Luminary Pendel Bl\u00e5\/Lysegr\u00f8n - H\u00fcbsch","og_description":"Luminary Pendel, en dejlig fusion af retro og moderne design, der fremh\u00e6ver b\u00e5de \u00e6stetik og funktion. Med lampens f\u00e6ngslende bl\u00e5 og lysegr\u00f8nne nuance,","og_url":"https:\/\/hubsch-interior.com\/da\/vare\/luminary-pendel-bla-lysegron\/","og_site_name":"H\u00fcbsch","article_modified_time":"2026-04-05T03:08:24+00:00","og_image":[{"width":1024,"height":1024,"url":"https:\/\/hubsch-interior.com\/wp-content\/uploads\/2026\/02\/luminary-pendant-bluelight-green-ed77dc0ac3285d28122470a101c776a8.jpg","type":"image\/jpeg"}],"twitter_card":"summary_large_image","schema":{"@context":"https:\/\/schema.org","@graph":[{"@type":"WebPage","@id":"https:\/\/hubsch-interior.com\/da\/vare\/luminary-pendel-bla-lysegron\/","url":"https:\/\/hubsch-interior.com\/da\/vare\/luminary-pendel-bla-lysegron\/","name":"Luminary Pendel Bl\u00e5\/Lysegr\u00f8n - H\u00fcbsch","isPartOf":{"@id":"https:\/\/hubsch-interior.com\/da\/#website"},"primaryImageOfPage":{"@id":"https:\/\/hubsch-interior.com\/da\/vare\/luminary-pendel-bla-lysegron\/#primaryimage"},"image":{"@id":"https:\/\/hubsch-interior.com\/da\/vare\/luminary-pendel-bla-lysegron\/#primaryimage"},"thumbnailUrl":"https:\/\/hubsch-interior.com\/wp-content\/uploads\/2026\/02\/luminary-pendant-bluelight-green-ed77dc0ac3285d28122470a101c776a8.jpg","datePublished":"2024-12-03T13:25:43+00:00","dateModified":"2026-04-05T03:08:24+00:00","description":"Luminary Pendel, en dejlig fusion af retro og moderne design, der fremh\u00e6ver b\u00e5de \u00e6stetik og funktion. Med lampens f\u00e6ngslende bl\u00e5 og lysegr\u00f8nne nuance,","breadcrumb":{"@id":"https:\/\/hubsch-interior.com\/da\/vare\/luminary-pendel-bla-lysegron\/#breadcrumb"},"inLanguage":"da-DK","potentialAction":[{"@type":"ReadAction","target":["https:\/\/hubsch-interior.com\/da\/vare\/luminary-pendel-bla-lysegron\/"]}]},{"@type":"ImageObject","inLanguage":"da-DK","@id":"https:\/\/hubsch-interior.com\/da\/vare\/luminary-pendel-bla-lysegron\/#primaryimage","url":"https:\/\/hubsch-interior.com\/wp-content\/uploads\/2026\/02\/luminary-pendant-bluelight-green-ed77dc0ac3285d28122470a101c776a8.jpg","contentUrl":"https:\/\/hubsch-interior.com\/wp-content\/uploads\/2026\/02\/luminary-pendant-bluelight-green-ed77dc0ac3285d28122470a101c776a8.jpg","width":1024,"height":1024},{"@type":"BreadcrumbList","@id":"https:\/\/hubsch-interior.com\/da\/vare\/luminary-pendel-bla-lysegron\/#breadcrumb","itemListElement":[{"@type":"ListItem","position":1,"name":"Forside","item":"https:\/\/hubsch-interior.com\/da\/"},{"@type":"ListItem","position":2,"name":"Produkter","item":"https:\/\/hubsch-interior.com\/da\/produkter\/"},{"@type":"ListItem","position":3,"name":"Belysning","item":"https:\/\/hubsch-interior.com\/da\/vare-kategori\/belysning\/"},{"@type":"ListItem","position":4,"name":"Loftslamper","item":"https:\/\/hubsch-interior.com\/da\/vare-kategori\/belysning\/loftslamper-da\/"},{"@type":"ListItem","position":5,"name":"Luminary Pendel Bl\u00e5\/Lysegr\u00f8n"}]},{"@type":"WebSite","@id":"https:\/\/hubsch-interior.com\/da\/#website","url":"https:\/\/hubsch-interior.com\/da\/","name":"H\u00fcbsch","description":"Danish Home Interior and Design","publisher":{"@id":"https:\/\/hubsch-interior.com\/da\/#organization"},"potentialAction":[{"@type":"SearchAction","target":{"@type":"EntryPoint","urlTemplate":"https:\/\/hubsch-interior.com\/da\/?s={search_term_string}"},"query-input":{"@type":"PropertyValueSpecification","valueRequired":true,"valueName":"search_term_string"}}],"inLanguage":"da-DK"},{"@type":"Organization","@id":"https:\/\/hubsch-interior.com\/da\/#organization","name":"H\u00fcbsch","url":"https:\/\/hubsch-interior.com\/da\/","logo":{"@type":"ImageObject","inLanguage":"da-DK","@id":"https:\/\/hubsch-interior.com\/da\/#\/schema\/logo\/image\/","url":"https:\/\/hubsch-interior.com\/wp-content\/uploads\/2022\/12\/Hubsch_logo_black_one_line.svg","contentUrl":"https:\/\/hubsch-interior.com\/wp-content\/uploads\/2022\/12\/Hubsch_logo_black_one_line.svg","caption":"H\u00fcbsch"},"image":{"@id":"https:\/\/hubsch-interior.com\/da\/#\/schema\/logo\/image\/"}}]}},"_links":{"self":[{"href":"https:\/\/hubsch-interior.com\/da\/wp-json\/wp\/v2\/product\/1003443","targetHints":{"allow":["GET"]}}],"collection":[{"href":"https:\/\/hubsch-interior.com\/da\/wp-json\/wp\/v2\/product"}],"about":[{"href":"https:\/\/hubsch-interior.com\/da\/wp-json\/wp\/v2\/types\/product"}],"wp:featuredmedia":[{"embeddable":true,"href":"https:\/\/hubsch-interior.com\/da\/wp-json\/wp\/v2\/media\/1107334"}],"wp:attachment":[{"href":"https:\/\/hubsch-interior.com\/da\/wp-json\/wp\/v2\/media?parent=1003443"}],"wp:term":[{"taxonomy":"product_brand","embeddable":true,"href":"https:\/\/hubsch-interior.com\/da\/wp-json\/wp\/v2\/product_brand?post=1003443"},{"taxonomy":"product_cat","embeddable":true,"href":"https:\/\/hubsch-interior.com\/da\/wp-json\/wp\/v2\/product_cat?post=1003443"},{"taxonomy":"product_tag","embeddable":true,"href":"https:\/\/hubsch-interior.com\/da\/wp-json\/wp\/v2\/product_tag?post=1003443"}],"curies":[{"name":"wp","href":"https:\/\/api.w.org\/{rel}","templated":true}]}}