{"id":1003524,"date":"2024-12-03T14:28:02","date_gmt":"2024-12-03T13:28:02","guid":{"rendered":"https:\/\/hubsch-interior.com\/product\/product\/"},"modified":"2026-04-05T05:09:30","modified_gmt":"2026-04-05T03:09:30","slug":"orbit-bordlampe-metallic-silver","status":"publish","type":"product","link":"https:\/\/hubsch-interior.com\/da\/vare\/orbit-bordlampe-metallic-silver\/","title":{"rendered":"Orbit Bordlampe Metallic silver"},"content":{"rendered":"<p>Vores Orbit Bordlampe, nu tilg\u00e6ngelig i en f\u00e6ngende ny farvetilf\u00f8jelse: metallisk s\u00f8lv. Denne lampe kombinerer en opal skygge med en base i metallisk s\u00f8lv, hvilket udstr\u00e5ler en tidl\u00f8s elegance, der beriger ethvert rum. Fremstillet af det fineste glas og metal, kaster dens elegante form et varmt, indbydende sk\u00e6r, perfekt til at skabe en beroligende atmosf\u00e6re i dit personlige rum. Ideel til l\u00e6sekroge eller som selskab ved sengekanten. Orbit Bordlampen er et vidnesbyrd om raffineret smag og sofistikeret design.<br \/>\nTil denne lampe skal du bruge en d\u00e6mpbar LED-p\u00e6re.<\/p>\n","protected":false},"excerpt":{"rendered":"<p>Vores Orbit Bordlampe, nu tilg\u00e6ngelig i en f\u00e6ngende ny farvetilf\u00f8jelse: metallisk s\u00f8lv. Denne lampe kombinerer en opal skygge med en base i metallisk s\u00f8lv, hvilket udstr\u00e5ler en tidl\u00f8s elegance, der beriger ethvert rum. Fremstillet af det fineste glas og metal, kaster dens elegante form et varmt, indbydende sk\u00e6r, perfekt til at skabe en beroligende atmosf\u00e6re [&hellip;]<\/p>\n","protected":false},"featured_media":1107646,"template":"","meta":{"_acf_changed":false,"inline_featured_image":false},"product_brand":[],"product_cat":[6996,3808,3499],"product_tag":[],"class_list":{"0":"post-1003524","1":"product","2":"type-product","3":"status-publish","4":"has-post-thumbnail","6":"product_cat-the-buzz-da","7":"product_cat-belysning","8":"product_cat-bordlamper-da","9":"product_shipping_class-pk","11":"pa_material-glas-da","12":"pa_material-jern-da","14":"first","15":"instock","16":"taxable","17":"shipping-taxable","18":"purchasable","19":"product-type-simple"},"exclude_global_add_ons":[],"addons":[],"acf":[],"yoast_head":"<!-- This site is optimized with the Yoast SEO plugin v26.4 - https:\/\/yoast.com\/wordpress\/plugins\/seo\/ -->\n<title>Orbit Bordlampe Metallic silver - H\u00fcbsch<\/title>\n<meta name=\"description\" content=\"Vores Orbit Bordlampe, nu tilg\u00e6ngelig i en f\u00e6ngende ny farvetilf\u00f8jelse: metallisk s\u00f8lv. Denne lampe kombinerer en opal skygge med en base i metallisk\" \/>\n<meta name=\"robots\" content=\"index, follow, max-snippet:-1, max-image-preview:large, max-video-preview:-1\" \/>\n<link rel=\"canonical\" href=\"https:\/\/hubsch-interior.com\/da\/wp-json\/wp\/v2\/product\/1003524\" \/>\n<meta property=\"og:locale\" content=\"da_DK\" \/>\n<meta property=\"og:type\" content=\"article\" \/>\n<meta property=\"og:title\" content=\"Orbit Bordlampe Metallic silver - H\u00fcbsch\" \/>\n<meta property=\"og:description\" content=\"Vores Orbit Bordlampe, nu tilg\u00e6ngelig i en f\u00e6ngende ny farvetilf\u00f8jelse: metallisk s\u00f8lv. Denne lampe kombinerer en opal skygge med en base i metallisk\" \/>\n<meta property=\"og:url\" content=\"https:\/\/hubsch-interior.com\/da\/vare\/orbit-bordlampe-metallic-silver\/\" \/>\n<meta property=\"og:site_name\" content=\"H\u00fcbsch\" \/>\n<meta property=\"article:modified_time\" content=\"2026-04-05T03:09:30+00:00\" \/>\n<meta property=\"og:image\" content=\"https:\/\/hubsch-interior.com\/wp-content\/uploads\/2026\/02\/orbit-table-lamp-metallic-silver-c985a1717ec1a79ec41867d397311262.jpg\" \/>\n\t<meta property=\"og:image:width\" content=\"1024\" \/>\n\t<meta property=\"og:image:height\" content=\"1024\" \/>\n\t<meta property=\"og:image:type\" content=\"image\/jpeg\" \/>\n<meta name=\"twitter:card\" content=\"summary_large_image\" \/>\n<script type=\"application\/ld+json\" class=\"yoast-schema-graph\">{\"@context\":\"https:\/\/schema.org\",\"@graph\":[{\"@type\":\"WebPage\",\"@id\":\"https:\/\/hubsch-interior.com\/da\/vare\/orbit-bordlampe-metallic-silver\/\",\"url\":\"https:\/\/hubsch-interior.com\/da\/vare\/orbit-bordlampe-metallic-silver\/\",\"name\":\"Orbit Bordlampe Metallic silver - H\u00fcbsch\",\"isPartOf\":{\"@id\":\"https:\/\/hubsch-interior.com\/da\/#website\"},\"primaryImageOfPage\":{\"@id\":\"https:\/\/hubsch-interior.com\/da\/vare\/orbit-bordlampe-metallic-silver\/#primaryimage\"},\"image\":{\"@id\":\"https:\/\/hubsch-interior.com\/da\/vare\/orbit-bordlampe-metallic-silver\/#primaryimage\"},\"thumbnailUrl\":\"https:\/\/hubsch-interior.com\/wp-content\/uploads\/2026\/02\/orbit-table-lamp-metallic-silver-c985a1717ec1a79ec41867d397311262.jpg\",\"datePublished\":\"2024-12-03T13:28:02+00:00\",\"dateModified\":\"2026-04-05T03:09:30+00:00\",\"description\":\"Vores Orbit Bordlampe, nu tilg\u00e6ngelig i en f\u00e6ngende ny farvetilf\u00f8jelse: metallisk s\u00f8lv. Denne lampe kombinerer en opal skygge med en base i metallisk\",\"breadcrumb\":{\"@id\":\"https:\/\/hubsch-interior.com\/da\/vare\/orbit-bordlampe-metallic-silver\/#breadcrumb\"},\"inLanguage\":\"da-DK\",\"potentialAction\":[{\"@type\":\"ReadAction\",\"target\":[\"https:\/\/hubsch-interior.com\/da\/vare\/orbit-bordlampe-metallic-silver\/\"]}]},{\"@type\":\"ImageObject\",\"inLanguage\":\"da-DK\",\"@id\":\"https:\/\/hubsch-interior.com\/da\/vare\/orbit-bordlampe-metallic-silver\/#primaryimage\",\"url\":\"https:\/\/hubsch-interior.com\/wp-content\/uploads\/2026\/02\/orbit-table-lamp-metallic-silver-c985a1717ec1a79ec41867d397311262.jpg\",\"contentUrl\":\"https:\/\/hubsch-interior.com\/wp-content\/uploads\/2026\/02\/orbit-table-lamp-metallic-silver-c985a1717ec1a79ec41867d397311262.jpg\",\"width\":1024,\"height\":1024},{\"@type\":\"BreadcrumbList\",\"@id\":\"https:\/\/hubsch-interior.com\/da\/vare\/orbit-bordlampe-metallic-silver\/#breadcrumb\",\"itemListElement\":[{\"@type\":\"ListItem\",\"position\":1,\"name\":\"Forside\",\"item\":\"https:\/\/hubsch-interior.com\/da\/\"},{\"@type\":\"ListItem\",\"position\":2,\"name\":\"Produkter\",\"item\":\"https:\/\/hubsch-interior.com\/da\/produkter\/\"},{\"@type\":\"ListItem\",\"position\":3,\"name\":\"Belysning\",\"item\":\"https:\/\/hubsch-interior.com\/da\/vare-kategori\/belysning\/\"},{\"@type\":\"ListItem\",\"position\":4,\"name\":\"Bordlamper\",\"item\":\"https:\/\/hubsch-interior.com\/da\/vare-kategori\/belysning\/bordlamper-da\/\"},{\"@type\":\"ListItem\",\"position\":5,\"name\":\"Orbit Bordlampe Metallic silver\"}]},{\"@type\":\"WebSite\",\"@id\":\"https:\/\/hubsch-interior.com\/da\/#website\",\"url\":\"https:\/\/hubsch-interior.com\/da\/\",\"name\":\"H\u00fcbsch\",\"description\":\"Danish Home Interior and Design\",\"publisher\":{\"@id\":\"https:\/\/hubsch-interior.com\/da\/#organization\"},\"potentialAction\":[{\"@type\":\"SearchAction\",\"target\":{\"@type\":\"EntryPoint\",\"urlTemplate\":\"https:\/\/hubsch-interior.com\/da\/?s={search_term_string}\"},\"query-input\":{\"@type\":\"PropertyValueSpecification\",\"valueRequired\":true,\"valueName\":\"search_term_string\"}}],\"inLanguage\":\"da-DK\"},{\"@type\":\"Organization\",\"@id\":\"https:\/\/hubsch-interior.com\/da\/#organization\",\"name\":\"H\u00fcbsch\",\"url\":\"https:\/\/hubsch-interior.com\/da\/\",\"logo\":{\"@type\":\"ImageObject\",\"inLanguage\":\"da-DK\",\"@id\":\"https:\/\/hubsch-interior.com\/da\/#\/schema\/logo\/image\/\",\"url\":\"https:\/\/hubsch-interior.com\/wp-content\/uploads\/2022\/12\/Hubsch_logo_black_one_line.svg\",\"contentUrl\":\"https:\/\/hubsch-interior.com\/wp-content\/uploads\/2022\/12\/Hubsch_logo_black_one_line.svg\",\"caption\":\"H\u00fcbsch\"},\"image\":{\"@id\":\"https:\/\/hubsch-interior.com\/da\/#\/schema\/logo\/image\/\"}}]}<\/script>\n<!-- \/ Yoast SEO plugin. -->","yoast_head_json":{"title":"Orbit Bordlampe Metallic silver - H\u00fcbsch","description":"Vores Orbit Bordlampe, nu tilg\u00e6ngelig i en f\u00e6ngende ny farvetilf\u00f8jelse: metallisk s\u00f8lv. Denne lampe kombinerer en opal skygge med en base i metallisk","robots":{"index":"index","follow":"follow","max-snippet":"max-snippet:-1","max-image-preview":"max-image-preview:large","max-video-preview":"max-video-preview:-1"},"canonical":"https:\/\/hubsch-interior.com\/da\/wp-json\/wp\/v2\/product\/1003524","og_locale":"da_DK","og_type":"article","og_title":"Orbit Bordlampe Metallic silver - H\u00fcbsch","og_description":"Vores Orbit Bordlampe, nu tilg\u00e6ngelig i en f\u00e6ngende ny farvetilf\u00f8jelse: metallisk s\u00f8lv. Denne lampe kombinerer en opal skygge med en base i metallisk","og_url":"https:\/\/hubsch-interior.com\/da\/vare\/orbit-bordlampe-metallic-silver\/","og_site_name":"H\u00fcbsch","article_modified_time":"2026-04-05T03:09:30+00:00","og_image":[{"width":1024,"height":1024,"url":"https:\/\/hubsch-interior.com\/wp-content\/uploads\/2026\/02\/orbit-table-lamp-metallic-silver-c985a1717ec1a79ec41867d397311262.jpg","type":"image\/jpeg"}],"twitter_card":"summary_large_image","schema":{"@context":"https:\/\/schema.org","@graph":[{"@type":"WebPage","@id":"https:\/\/hubsch-interior.com\/da\/vare\/orbit-bordlampe-metallic-silver\/","url":"https:\/\/hubsch-interior.com\/da\/vare\/orbit-bordlampe-metallic-silver\/","name":"Orbit Bordlampe Metallic silver - H\u00fcbsch","isPartOf":{"@id":"https:\/\/hubsch-interior.com\/da\/#website"},"primaryImageOfPage":{"@id":"https:\/\/hubsch-interior.com\/da\/vare\/orbit-bordlampe-metallic-silver\/#primaryimage"},"image":{"@id":"https:\/\/hubsch-interior.com\/da\/vare\/orbit-bordlampe-metallic-silver\/#primaryimage"},"thumbnailUrl":"https:\/\/hubsch-interior.com\/wp-content\/uploads\/2026\/02\/orbit-table-lamp-metallic-silver-c985a1717ec1a79ec41867d397311262.jpg","datePublished":"2024-12-03T13:28:02+00:00","dateModified":"2026-04-05T03:09:30+00:00","description":"Vores Orbit Bordlampe, nu tilg\u00e6ngelig i en f\u00e6ngende ny farvetilf\u00f8jelse: metallisk s\u00f8lv. Denne lampe kombinerer en opal skygge med en base i metallisk","breadcrumb":{"@id":"https:\/\/hubsch-interior.com\/da\/vare\/orbit-bordlampe-metallic-silver\/#breadcrumb"},"inLanguage":"da-DK","potentialAction":[{"@type":"ReadAction","target":["https:\/\/hubsch-interior.com\/da\/vare\/orbit-bordlampe-metallic-silver\/"]}]},{"@type":"ImageObject","inLanguage":"da-DK","@id":"https:\/\/hubsch-interior.com\/da\/vare\/orbit-bordlampe-metallic-silver\/#primaryimage","url":"https:\/\/hubsch-interior.com\/wp-content\/uploads\/2026\/02\/orbit-table-lamp-metallic-silver-c985a1717ec1a79ec41867d397311262.jpg","contentUrl":"https:\/\/hubsch-interior.com\/wp-content\/uploads\/2026\/02\/orbit-table-lamp-metallic-silver-c985a1717ec1a79ec41867d397311262.jpg","width":1024,"height":1024},{"@type":"BreadcrumbList","@id":"https:\/\/hubsch-interior.com\/da\/vare\/orbit-bordlampe-metallic-silver\/#breadcrumb","itemListElement":[{"@type":"ListItem","position":1,"name":"Forside","item":"https:\/\/hubsch-interior.com\/da\/"},{"@type":"ListItem","position":2,"name":"Produkter","item":"https:\/\/hubsch-interior.com\/da\/produkter\/"},{"@type":"ListItem","position":3,"name":"Belysning","item":"https:\/\/hubsch-interior.com\/da\/vare-kategori\/belysning\/"},{"@type":"ListItem","position":4,"name":"Bordlamper","item":"https:\/\/hubsch-interior.com\/da\/vare-kategori\/belysning\/bordlamper-da\/"},{"@type":"ListItem","position":5,"name":"Orbit Bordlampe Metallic silver"}]},{"@type":"WebSite","@id":"https:\/\/hubsch-interior.com\/da\/#website","url":"https:\/\/hubsch-interior.com\/da\/","name":"H\u00fcbsch","description":"Danish Home Interior and Design","publisher":{"@id":"https:\/\/hubsch-interior.com\/da\/#organization"},"potentialAction":[{"@type":"SearchAction","target":{"@type":"EntryPoint","urlTemplate":"https:\/\/hubsch-interior.com\/da\/?s={search_term_string}"},"query-input":{"@type":"PropertyValueSpecification","valueRequired":true,"valueName":"search_term_string"}}],"inLanguage":"da-DK"},{"@type":"Organization","@id":"https:\/\/hubsch-interior.com\/da\/#organization","name":"H\u00fcbsch","url":"https:\/\/hubsch-interior.com\/da\/","logo":{"@type":"ImageObject","inLanguage":"da-DK","@id":"https:\/\/hubsch-interior.com\/da\/#\/schema\/logo\/image\/","url":"https:\/\/hubsch-interior.com\/wp-content\/uploads\/2022\/12\/Hubsch_logo_black_one_line.svg","contentUrl":"https:\/\/hubsch-interior.com\/wp-content\/uploads\/2022\/12\/Hubsch_logo_black_one_line.svg","caption":"H\u00fcbsch"},"image":{"@id":"https:\/\/hubsch-interior.com\/da\/#\/schema\/logo\/image\/"}}]}},"_links":{"self":[{"href":"https:\/\/hubsch-interior.com\/da\/wp-json\/wp\/v2\/product\/1003524","targetHints":{"allow":["GET"]}}],"collection":[{"href":"https:\/\/hubsch-interior.com\/da\/wp-json\/wp\/v2\/product"}],"about":[{"href":"https:\/\/hubsch-interior.com\/da\/wp-json\/wp\/v2\/types\/product"}],"wp:featuredmedia":[{"embeddable":true,"href":"https:\/\/hubsch-interior.com\/da\/wp-json\/wp\/v2\/media\/1107646"}],"wp:attachment":[{"href":"https:\/\/hubsch-interior.com\/da\/wp-json\/wp\/v2\/media?parent=1003524"}],"wp:term":[{"taxonomy":"product_brand","embeddable":true,"href":"https:\/\/hubsch-interior.com\/da\/wp-json\/wp\/v2\/product_brand?post=1003524"},{"taxonomy":"product_cat","embeddable":true,"href":"https:\/\/hubsch-interior.com\/da\/wp-json\/wp\/v2\/product_cat?post=1003524"},{"taxonomy":"product_tag","embeddable":true,"href":"https:\/\/hubsch-interior.com\/da\/wp-json\/wp\/v2\/product_tag?post=1003524"}],"curies":[{"name":"wp","href":"https:\/\/api.w.org\/{rel}","templated":true}]}}