{"id":1003548,"date":"2024-12-03T14:28:36","date_gmt":"2024-12-03T13:28:36","guid":{"rendered":"https:\/\/hubsch-interior.com\/product\/product\/"},"modified":"2026-04-05T05:09:38","modified_gmt":"2026-04-05T03:09:38","slug":"ateliers-bordlampe-sand-hvid","status":"publish","type":"product","link":"https:\/\/hubsch-interior.com\/da\/vare\/ateliers-bordlampe-sand-hvid\/","title":{"rendered":"Ateliers Bordlampe Sand\/Hvid"},"content":{"rendered":"<p>Oplev Ateliers Bordlampe, en charmerende fusion af form og funktion i en ny farve til en allerede favorit bordlampe. Med sin sandfarvede base og s\u00f8de svampeform bringer denne klassiske bordlampe et strejf af finurlighed og varme til ethvert rum. Fremstillet af elegant glas og robust metal, er den udstyret med en bl\u00f8d opal skygge, der smukt spreder lyset og skaber en hyggelig, indbydende atmosf\u00e6re. Ideel til at oplyse sene aftenl\u00e6sninger eller tilf\u00f8je en rolig gl\u00f8d til din aftenafslapning. Et minimalistisk mesterv\u00e6rk, der smelter problemfrit sammen med din hjemmeindretning.<\/p>\n","protected":false},"excerpt":{"rendered":"<p>Oplev Ateliers Bordlampe, en charmerende fusion af form og funktion i en ny farve til en allerede favorit bordlampe. Med sin sandfarvede base og s\u00f8de svampeform bringer denne klassiske bordlampe et strejf af finurlighed og varme til ethvert rum. Fremstillet af elegant glas og robust metal, er den udstyret med en bl\u00f8d opal skygge, der [&hellip;]<\/p>\n","protected":false},"featured_media":1107682,"template":"","meta":{"_acf_changed":false,"inline_featured_image":false},"product_brand":[],"product_cat":[6996,3808,3499,5025],"product_tag":[],"class_list":{"0":"post-1003548","1":"product","2":"type-product","3":"status-publish","4":"has-post-thumbnail","6":"product_cat-the-buzz-da","7":"product_cat-belysning","8":"product_cat-bordlamper-da","9":"product_cat-bestsellers-da","10":"product_shipping_class-pk","12":"pa_color-hvid","13":"pa_color-sand-da","14":"pa_material-glas-da","15":"pa_material-jern-da","17":"first","18":"instock","19":"featured","20":"taxable","21":"shipping-taxable","22":"purchasable","23":"product-type-simple"},"exclude_global_add_ons":[],"addons":[],"acf":[],"yoast_head":"<!-- This site is optimized with the Yoast SEO plugin v26.4 - https:\/\/yoast.com\/wordpress\/plugins\/seo\/ -->\n<title>Ateliers Bordlampe Sand\/Hvid - H\u00fcbsch<\/title>\n<meta name=\"description\" content=\"Oplev Ateliers Bordlampe, en charmerende fusion af form og funktion i en ny farve til en allerede favorit bordlampe. Med sin sandfarvede base og s\u00f8de\" \/>\n<meta name=\"robots\" content=\"index, follow, max-snippet:-1, max-image-preview:large, max-video-preview:-1\" \/>\n<link rel=\"canonical\" href=\"https:\/\/hubsch-interior.com\/da\/wp-json\/wp\/v2\/product\/1003548\" \/>\n<meta property=\"og:locale\" content=\"da_DK\" \/>\n<meta property=\"og:type\" content=\"article\" \/>\n<meta property=\"og:title\" content=\"Ateliers Bordlampe Sand\/Hvid - H\u00fcbsch\" \/>\n<meta property=\"og:description\" content=\"Oplev Ateliers Bordlampe, en charmerende fusion af form og funktion i en ny farve til en allerede favorit bordlampe. Med sin sandfarvede base og s\u00f8de\" \/>\n<meta property=\"og:url\" content=\"https:\/\/hubsch-interior.com\/da\/vare\/ateliers-bordlampe-sand-hvid\/\" \/>\n<meta property=\"og:site_name\" content=\"H\u00fcbsch\" \/>\n<meta property=\"article:modified_time\" content=\"2026-04-05T03:09:38+00:00\" \/>\n<meta property=\"og:image\" content=\"https:\/\/hubsch-interior.com\/wp-content\/uploads\/2024\/12\/ateliers-table-lamp-sandwhite-6022bb70a37789bcf161e91ca7c992c8.jpg\" \/>\n\t<meta property=\"og:image:width\" content=\"1200\" \/>\n\t<meta property=\"og:image:height\" content=\"1200\" \/>\n\t<meta property=\"og:image:type\" content=\"image\/jpeg\" \/>\n<meta name=\"twitter:card\" content=\"summary_large_image\" \/>\n<script type=\"application\/ld+json\" class=\"yoast-schema-graph\">{\"@context\":\"https:\/\/schema.org\",\"@graph\":[{\"@type\":\"WebPage\",\"@id\":\"https:\/\/hubsch-interior.com\/da\/vare\/ateliers-bordlampe-sand-hvid\/\",\"url\":\"https:\/\/hubsch-interior.com\/da\/vare\/ateliers-bordlampe-sand-hvid\/\",\"name\":\"Ateliers Bordlampe Sand\/Hvid - H\u00fcbsch\",\"isPartOf\":{\"@id\":\"https:\/\/hubsch-interior.com\/da\/#website\"},\"primaryImageOfPage\":{\"@id\":\"https:\/\/hubsch-interior.com\/da\/vare\/ateliers-bordlampe-sand-hvid\/#primaryimage\"},\"image\":{\"@id\":\"https:\/\/hubsch-interior.com\/da\/vare\/ateliers-bordlampe-sand-hvid\/#primaryimage\"},\"thumbnailUrl\":\"https:\/\/hubsch-interior.com\/wp-content\/uploads\/2026\/02\/ateliers-table-lamp-sandwhite-a0f16e767dac653fb7e3ad81399da36d.jpg\",\"datePublished\":\"2024-12-03T13:28:36+00:00\",\"dateModified\":\"2026-04-05T03:09:38+00:00\",\"description\":\"Oplev Ateliers Bordlampe, en charmerende fusion af form og funktion i en ny farve til en allerede favorit bordlampe. Med sin sandfarvede base og s\u00f8de\",\"breadcrumb\":{\"@id\":\"https:\/\/hubsch-interior.com\/da\/vare\/ateliers-bordlampe-sand-hvid\/#breadcrumb\"},\"inLanguage\":\"da-DK\",\"potentialAction\":[{\"@type\":\"ReadAction\",\"target\":[\"https:\/\/hubsch-interior.com\/da\/vare\/ateliers-bordlampe-sand-hvid\/\"]}]},{\"@type\":\"ImageObject\",\"inLanguage\":\"da-DK\",\"@id\":\"https:\/\/hubsch-interior.com\/da\/vare\/ateliers-bordlampe-sand-hvid\/#primaryimage\",\"url\":\"https:\/\/hubsch-interior.com\/wp-content\/uploads\/2026\/02\/ateliers-table-lamp-sandwhite-a0f16e767dac653fb7e3ad81399da36d.jpg\",\"contentUrl\":\"https:\/\/hubsch-interior.com\/wp-content\/uploads\/2026\/02\/ateliers-table-lamp-sandwhite-a0f16e767dac653fb7e3ad81399da36d.jpg\",\"width\":1024,\"height\":1024},{\"@type\":\"BreadcrumbList\",\"@id\":\"https:\/\/hubsch-interior.com\/da\/vare\/ateliers-bordlampe-sand-hvid\/#breadcrumb\",\"itemListElement\":[{\"@type\":\"ListItem\",\"position\":1,\"name\":\"Forside\",\"item\":\"https:\/\/hubsch-interior.com\/da\/\"},{\"@type\":\"ListItem\",\"position\":2,\"name\":\"Produkter\",\"item\":\"https:\/\/hubsch-interior.com\/da\/produkter\/\"},{\"@type\":\"ListItem\",\"position\":3,\"name\":\"Belysning\",\"item\":\"https:\/\/hubsch-interior.com\/da\/vare-kategori\/belysning\/\"},{\"@type\":\"ListItem\",\"position\":4,\"name\":\"Bordlamper\",\"item\":\"https:\/\/hubsch-interior.com\/da\/vare-kategori\/belysning\/bordlamper-da\/\"},{\"@type\":\"ListItem\",\"position\":5,\"name\":\"Ateliers Bordlampe Sand\/Hvid\"}]},{\"@type\":\"WebSite\",\"@id\":\"https:\/\/hubsch-interior.com\/da\/#website\",\"url\":\"https:\/\/hubsch-interior.com\/da\/\",\"name\":\"H\u00fcbsch\",\"description\":\"Danish Home Interior and Design\",\"publisher\":{\"@id\":\"https:\/\/hubsch-interior.com\/da\/#organization\"},\"potentialAction\":[{\"@type\":\"SearchAction\",\"target\":{\"@type\":\"EntryPoint\",\"urlTemplate\":\"https:\/\/hubsch-interior.com\/da\/?s={search_term_string}\"},\"query-input\":{\"@type\":\"PropertyValueSpecification\",\"valueRequired\":true,\"valueName\":\"search_term_string\"}}],\"inLanguage\":\"da-DK\"},{\"@type\":\"Organization\",\"@id\":\"https:\/\/hubsch-interior.com\/da\/#organization\",\"name\":\"H\u00fcbsch\",\"url\":\"https:\/\/hubsch-interior.com\/da\/\",\"logo\":{\"@type\":\"ImageObject\",\"inLanguage\":\"da-DK\",\"@id\":\"https:\/\/hubsch-interior.com\/da\/#\/schema\/logo\/image\/\",\"url\":\"https:\/\/hubsch-interior.com\/wp-content\/uploads\/2022\/12\/Hubsch_logo_black_one_line.svg\",\"contentUrl\":\"https:\/\/hubsch-interior.com\/wp-content\/uploads\/2022\/12\/Hubsch_logo_black_one_line.svg\",\"caption\":\"H\u00fcbsch\"},\"image\":{\"@id\":\"https:\/\/hubsch-interior.com\/da\/#\/schema\/logo\/image\/\"}}]}<\/script>\n<!-- \/ Yoast SEO plugin. -->","yoast_head_json":{"title":"Ateliers Bordlampe Sand\/Hvid - H\u00fcbsch","description":"Oplev Ateliers Bordlampe, en charmerende fusion af form og funktion i en ny farve til en allerede favorit bordlampe. Med sin sandfarvede base og s\u00f8de","robots":{"index":"index","follow":"follow","max-snippet":"max-snippet:-1","max-image-preview":"max-image-preview:large","max-video-preview":"max-video-preview:-1"},"canonical":"https:\/\/hubsch-interior.com\/da\/wp-json\/wp\/v2\/product\/1003548","og_locale":"da_DK","og_type":"article","og_title":"Ateliers Bordlampe Sand\/Hvid - H\u00fcbsch","og_description":"Oplev Ateliers Bordlampe, en charmerende fusion af form og funktion i en ny farve til en allerede favorit bordlampe. Med sin sandfarvede base og s\u00f8de","og_url":"https:\/\/hubsch-interior.com\/da\/vare\/ateliers-bordlampe-sand-hvid\/","og_site_name":"H\u00fcbsch","article_modified_time":"2026-04-05T03:09:38+00:00","og_image":[{"width":1200,"height":1200,"url":"https:\/\/hubsch-interior.com\/wp-content\/uploads\/2024\/12\/ateliers-table-lamp-sandwhite-6022bb70a37789bcf161e91ca7c992c8.jpg","type":"image\/jpeg"}],"twitter_card":"summary_large_image","schema":{"@context":"https:\/\/schema.org","@graph":[{"@type":"WebPage","@id":"https:\/\/hubsch-interior.com\/da\/vare\/ateliers-bordlampe-sand-hvid\/","url":"https:\/\/hubsch-interior.com\/da\/vare\/ateliers-bordlampe-sand-hvid\/","name":"Ateliers Bordlampe Sand\/Hvid - H\u00fcbsch","isPartOf":{"@id":"https:\/\/hubsch-interior.com\/da\/#website"},"primaryImageOfPage":{"@id":"https:\/\/hubsch-interior.com\/da\/vare\/ateliers-bordlampe-sand-hvid\/#primaryimage"},"image":{"@id":"https:\/\/hubsch-interior.com\/da\/vare\/ateliers-bordlampe-sand-hvid\/#primaryimage"},"thumbnailUrl":"https:\/\/hubsch-interior.com\/wp-content\/uploads\/2026\/02\/ateliers-table-lamp-sandwhite-a0f16e767dac653fb7e3ad81399da36d.jpg","datePublished":"2024-12-03T13:28:36+00:00","dateModified":"2026-04-05T03:09:38+00:00","description":"Oplev Ateliers Bordlampe, en charmerende fusion af form og funktion i en ny farve til en allerede favorit bordlampe. Med sin sandfarvede base og s\u00f8de","breadcrumb":{"@id":"https:\/\/hubsch-interior.com\/da\/vare\/ateliers-bordlampe-sand-hvid\/#breadcrumb"},"inLanguage":"da-DK","potentialAction":[{"@type":"ReadAction","target":["https:\/\/hubsch-interior.com\/da\/vare\/ateliers-bordlampe-sand-hvid\/"]}]},{"@type":"ImageObject","inLanguage":"da-DK","@id":"https:\/\/hubsch-interior.com\/da\/vare\/ateliers-bordlampe-sand-hvid\/#primaryimage","url":"https:\/\/hubsch-interior.com\/wp-content\/uploads\/2026\/02\/ateliers-table-lamp-sandwhite-a0f16e767dac653fb7e3ad81399da36d.jpg","contentUrl":"https:\/\/hubsch-interior.com\/wp-content\/uploads\/2026\/02\/ateliers-table-lamp-sandwhite-a0f16e767dac653fb7e3ad81399da36d.jpg","width":1024,"height":1024},{"@type":"BreadcrumbList","@id":"https:\/\/hubsch-interior.com\/da\/vare\/ateliers-bordlampe-sand-hvid\/#breadcrumb","itemListElement":[{"@type":"ListItem","position":1,"name":"Forside","item":"https:\/\/hubsch-interior.com\/da\/"},{"@type":"ListItem","position":2,"name":"Produkter","item":"https:\/\/hubsch-interior.com\/da\/produkter\/"},{"@type":"ListItem","position":3,"name":"Belysning","item":"https:\/\/hubsch-interior.com\/da\/vare-kategori\/belysning\/"},{"@type":"ListItem","position":4,"name":"Bordlamper","item":"https:\/\/hubsch-interior.com\/da\/vare-kategori\/belysning\/bordlamper-da\/"},{"@type":"ListItem","position":5,"name":"Ateliers Bordlampe Sand\/Hvid"}]},{"@type":"WebSite","@id":"https:\/\/hubsch-interior.com\/da\/#website","url":"https:\/\/hubsch-interior.com\/da\/","name":"H\u00fcbsch","description":"Danish Home Interior and Design","publisher":{"@id":"https:\/\/hubsch-interior.com\/da\/#organization"},"potentialAction":[{"@type":"SearchAction","target":{"@type":"EntryPoint","urlTemplate":"https:\/\/hubsch-interior.com\/da\/?s={search_term_string}"},"query-input":{"@type":"PropertyValueSpecification","valueRequired":true,"valueName":"search_term_string"}}],"inLanguage":"da-DK"},{"@type":"Organization","@id":"https:\/\/hubsch-interior.com\/da\/#organization","name":"H\u00fcbsch","url":"https:\/\/hubsch-interior.com\/da\/","logo":{"@type":"ImageObject","inLanguage":"da-DK","@id":"https:\/\/hubsch-interior.com\/da\/#\/schema\/logo\/image\/","url":"https:\/\/hubsch-interior.com\/wp-content\/uploads\/2022\/12\/Hubsch_logo_black_one_line.svg","contentUrl":"https:\/\/hubsch-interior.com\/wp-content\/uploads\/2022\/12\/Hubsch_logo_black_one_line.svg","caption":"H\u00fcbsch"},"image":{"@id":"https:\/\/hubsch-interior.com\/da\/#\/schema\/logo\/image\/"}}]}},"_links":{"self":[{"href":"https:\/\/hubsch-interior.com\/da\/wp-json\/wp\/v2\/product\/1003548","targetHints":{"allow":["GET"]}}],"collection":[{"href":"https:\/\/hubsch-interior.com\/da\/wp-json\/wp\/v2\/product"}],"about":[{"href":"https:\/\/hubsch-interior.com\/da\/wp-json\/wp\/v2\/types\/product"}],"wp:featuredmedia":[{"embeddable":true,"href":"https:\/\/hubsch-interior.com\/da\/wp-json\/wp\/v2\/media\/1107682"}],"wp:attachment":[{"href":"https:\/\/hubsch-interior.com\/da\/wp-json\/wp\/v2\/media?parent=1003548"}],"wp:term":[{"taxonomy":"product_brand","embeddable":true,"href":"https:\/\/hubsch-interior.com\/da\/wp-json\/wp\/v2\/product_brand?post=1003548"},{"taxonomy":"product_cat","embeddable":true,"href":"https:\/\/hubsch-interior.com\/da\/wp-json\/wp\/v2\/product_cat?post=1003548"},{"taxonomy":"product_tag","embeddable":true,"href":"https:\/\/hubsch-interior.com\/da\/wp-json\/wp\/v2\/product_tag?post=1003548"}],"curies":[{"name":"wp","href":"https:\/\/api.w.org\/{rel}","templated":true}]}}