{"id":1003679,"date":"2024-12-03T16:21:45","date_gmt":"2024-12-03T15:21:45","guid":{"rendered":"https:\/\/hubsch-interior.com\/product\/product\/"},"modified":"2026-04-14T05:06:38","modified_gmt":"2026-04-14T03:06:38","slug":"hues-bordlampe-lysegron","status":"publish","type":"product","link":"https:\/\/hubsch-interior.com\/da\/vare\/hues-bordlampe-lysegron\/","title":{"rendered":"Hues Bordlampe Lysegr\u00f8n"},"content":{"rendered":"<p>Hues Bordlampe, en opal lysegr\u00f8n og afd\u00e6mpet lampe. Denne lampe er fremstillet af glas, og er ikke blot en lyskilde, men ogs\u00e5 et markant element, der beriger dit personlige rum. Den kaster et bl\u00f8dt, stemningsfyldt lys, der er perfekt til stille aftener med en bog eller en enkelt drink. Den farverige ledning tilf\u00f8jer et charmerende twist, der sikrer, at denne lampe ikke bare ses &#8211; den bem\u00e6rkes. Inviter roen ind i dit hjem med Hues Bordlampe.<\/p>\n","protected":false},"excerpt":{"rendered":"<p>Hues Bordlampe, en opal lysegr\u00f8n og afd\u00e6mpet lampe. Denne lampe er fremstillet af glas, og er ikke blot en lyskilde, men ogs\u00e5 et markant element, der beriger dit personlige rum. Den kaster et bl\u00f8dt, stemningsfyldt lys, der er perfekt til stille aftener med en bog eller en enkelt drink. Den farverige ledning tilf\u00f8jer et charmerende [&hellip;]<\/p>\n","protected":false},"featured_media":1107530,"template":"","meta":{"_acf_changed":false,"inline_featured_image":false},"product_brand":[],"product_cat":[6996,3808,3499,5025,5029],"product_tag":[],"class_list":{"0":"post-1003679","1":"product","2":"type-product","3":"status-publish","4":"has-post-thumbnail","6":"product_cat-the-buzz-da","7":"product_cat-belysning","8":"product_cat-bordlamper-da","9":"product_cat-bestsellers-da","10":"product_cat-tilbage-paa-lager-da","11":"product_shipping_class-pk","13":"pa_color-lysegrn","14":"pa_material-glas-da","16":"first","17":"instock","18":"featured","19":"taxable","20":"shipping-taxable","21":"purchasable","22":"product-type-simple"},"exclude_global_add_ons":[],"addons":[],"acf":[],"yoast_head":"<!-- This site is optimized with the Yoast SEO plugin v26.4 - https:\/\/yoast.com\/wordpress\/plugins\/seo\/ -->\n<title>Hues Bordlampe Lysegr\u00f8n - H\u00fcbsch<\/title>\n<meta name=\"description\" content=\"Hues Bordlampe, en opal lysegr\u00f8n og afd\u00e6mpet lampe. Denne lampe er fremstillet af glas, og er ikke blot en lyskilde, men ogs\u00e5 et markant element, der\" \/>\n<meta name=\"robots\" content=\"index, follow, max-snippet:-1, max-image-preview:large, max-video-preview:-1\" \/>\n<link rel=\"canonical\" href=\"https:\/\/hubsch-interior.com\/da\/wp-json\/wp\/v2\/product\/1003679\" \/>\n<meta property=\"og:locale\" content=\"da_DK\" \/>\n<meta property=\"og:type\" content=\"article\" \/>\n<meta property=\"og:title\" content=\"Hues Bordlampe Lysegr\u00f8n - H\u00fcbsch\" \/>\n<meta property=\"og:description\" content=\"Hues Bordlampe, en opal lysegr\u00f8n og afd\u00e6mpet lampe. Denne lampe er fremstillet af glas, og er ikke blot en lyskilde, men ogs\u00e5 et markant element, der\" \/>\n<meta property=\"og:url\" content=\"https:\/\/hubsch-interior.com\/da\/vare\/hues-bordlampe-lysegron\/\" \/>\n<meta property=\"og:site_name\" content=\"H\u00fcbsch\" \/>\n<meta property=\"article:modified_time\" content=\"2026-04-14T03:06:38+00:00\" \/>\n<meta property=\"og:image\" content=\"https:\/\/hubsch-interior.com\/wp-content\/uploads\/2025\/06\/hues-table-lamp-light-green-6d3607be1d61314859891a52251ccb8a.jpg\" \/>\n\t<meta property=\"og:image:width\" content=\"1200\" \/>\n\t<meta property=\"og:image:height\" content=\"1200\" \/>\n\t<meta property=\"og:image:type\" content=\"image\/jpeg\" \/>\n<meta name=\"twitter:card\" content=\"summary_large_image\" \/>\n<script type=\"application\/ld+json\" class=\"yoast-schema-graph\">{\"@context\":\"https:\/\/schema.org\",\"@graph\":[{\"@type\":\"WebPage\",\"@id\":\"https:\/\/hubsch-interior.com\/da\/vare\/hues-bordlampe-lysegron\/\",\"url\":\"https:\/\/hubsch-interior.com\/da\/vare\/hues-bordlampe-lysegron\/\",\"name\":\"Hues Bordlampe Lysegr\u00f8n - H\u00fcbsch\",\"isPartOf\":{\"@id\":\"https:\/\/hubsch-interior.com\/da\/#website\"},\"primaryImageOfPage\":{\"@id\":\"https:\/\/hubsch-interior.com\/da\/vare\/hues-bordlampe-lysegron\/#primaryimage\"},\"image\":{\"@id\":\"https:\/\/hubsch-interior.com\/da\/vare\/hues-bordlampe-lysegron\/#primaryimage\"},\"thumbnailUrl\":\"https:\/\/hubsch-interior.com\/wp-content\/uploads\/2026\/02\/hues-table-lamp-light-green-663dd6844a5640a71f0552033cb331b5.jpg\",\"datePublished\":\"2024-12-03T15:21:45+00:00\",\"dateModified\":\"2026-04-14T03:06:38+00:00\",\"description\":\"Hues Bordlampe, en opal lysegr\u00f8n og afd\u00e6mpet lampe. Denne lampe er fremstillet af glas, og er ikke blot en lyskilde, men ogs\u00e5 et markant element, der\",\"breadcrumb\":{\"@id\":\"https:\/\/hubsch-interior.com\/da\/vare\/hues-bordlampe-lysegron\/#breadcrumb\"},\"inLanguage\":\"da-DK\",\"potentialAction\":[{\"@type\":\"ReadAction\",\"target\":[\"https:\/\/hubsch-interior.com\/da\/vare\/hues-bordlampe-lysegron\/\"]}]},{\"@type\":\"ImageObject\",\"inLanguage\":\"da-DK\",\"@id\":\"https:\/\/hubsch-interior.com\/da\/vare\/hues-bordlampe-lysegron\/#primaryimage\",\"url\":\"https:\/\/hubsch-interior.com\/wp-content\/uploads\/2026\/02\/hues-table-lamp-light-green-663dd6844a5640a71f0552033cb331b5.jpg\",\"contentUrl\":\"https:\/\/hubsch-interior.com\/wp-content\/uploads\/2026\/02\/hues-table-lamp-light-green-663dd6844a5640a71f0552033cb331b5.jpg\",\"width\":1024,\"height\":1024},{\"@type\":\"BreadcrumbList\",\"@id\":\"https:\/\/hubsch-interior.com\/da\/vare\/hues-bordlampe-lysegron\/#breadcrumb\",\"itemListElement\":[{\"@type\":\"ListItem\",\"position\":1,\"name\":\"Forside\",\"item\":\"https:\/\/hubsch-interior.com\/da\/\"},{\"@type\":\"ListItem\",\"position\":2,\"name\":\"Produkter\",\"item\":\"https:\/\/hubsch-interior.com\/da\/produkter\/\"},{\"@type\":\"ListItem\",\"position\":3,\"name\":\"Belysning\",\"item\":\"https:\/\/hubsch-interior.com\/da\/vare-kategori\/belysning\/\"},{\"@type\":\"ListItem\",\"position\":4,\"name\":\"Bordlamper\",\"item\":\"https:\/\/hubsch-interior.com\/da\/vare-kategori\/belysning\/bordlamper-da\/\"},{\"@type\":\"ListItem\",\"position\":5,\"name\":\"Hues Bordlampe Lysegr\u00f8n\"}]},{\"@type\":\"WebSite\",\"@id\":\"https:\/\/hubsch-interior.com\/da\/#website\",\"url\":\"https:\/\/hubsch-interior.com\/da\/\",\"name\":\"H\u00fcbsch\",\"description\":\"Danish Home Interior and Design\",\"publisher\":{\"@id\":\"https:\/\/hubsch-interior.com\/da\/#organization\"},\"potentialAction\":[{\"@type\":\"SearchAction\",\"target\":{\"@type\":\"EntryPoint\",\"urlTemplate\":\"https:\/\/hubsch-interior.com\/da\/?s={search_term_string}\"},\"query-input\":{\"@type\":\"PropertyValueSpecification\",\"valueRequired\":true,\"valueName\":\"search_term_string\"}}],\"inLanguage\":\"da-DK\"},{\"@type\":\"Organization\",\"@id\":\"https:\/\/hubsch-interior.com\/da\/#organization\",\"name\":\"H\u00fcbsch\",\"url\":\"https:\/\/hubsch-interior.com\/da\/\",\"logo\":{\"@type\":\"ImageObject\",\"inLanguage\":\"da-DK\",\"@id\":\"https:\/\/hubsch-interior.com\/da\/#\/schema\/logo\/image\/\",\"url\":\"https:\/\/hubsch-interior.com\/wp-content\/uploads\/2022\/12\/Hubsch_logo_black_one_line.svg\",\"contentUrl\":\"https:\/\/hubsch-interior.com\/wp-content\/uploads\/2022\/12\/Hubsch_logo_black_one_line.svg\",\"caption\":\"H\u00fcbsch\"},\"image\":{\"@id\":\"https:\/\/hubsch-interior.com\/da\/#\/schema\/logo\/image\/\"}}]}<\/script>\n<!-- \/ Yoast SEO plugin. -->","yoast_head_json":{"title":"Hues Bordlampe Lysegr\u00f8n - H\u00fcbsch","description":"Hues Bordlampe, en opal lysegr\u00f8n og afd\u00e6mpet lampe. Denne lampe er fremstillet af glas, og er ikke blot en lyskilde, men ogs\u00e5 et markant element, der","robots":{"index":"index","follow":"follow","max-snippet":"max-snippet:-1","max-image-preview":"max-image-preview:large","max-video-preview":"max-video-preview:-1"},"canonical":"https:\/\/hubsch-interior.com\/da\/wp-json\/wp\/v2\/product\/1003679","og_locale":"da_DK","og_type":"article","og_title":"Hues Bordlampe Lysegr\u00f8n - H\u00fcbsch","og_description":"Hues Bordlampe, en opal lysegr\u00f8n og afd\u00e6mpet lampe. Denne lampe er fremstillet af glas, og er ikke blot en lyskilde, men ogs\u00e5 et markant element, der","og_url":"https:\/\/hubsch-interior.com\/da\/vare\/hues-bordlampe-lysegron\/","og_site_name":"H\u00fcbsch","article_modified_time":"2026-04-14T03:06:38+00:00","og_image":[{"width":1200,"height":1200,"url":"https:\/\/hubsch-interior.com\/wp-content\/uploads\/2025\/06\/hues-table-lamp-light-green-6d3607be1d61314859891a52251ccb8a.jpg","type":"image\/jpeg"}],"twitter_card":"summary_large_image","schema":{"@context":"https:\/\/schema.org","@graph":[{"@type":"WebPage","@id":"https:\/\/hubsch-interior.com\/da\/vare\/hues-bordlampe-lysegron\/","url":"https:\/\/hubsch-interior.com\/da\/vare\/hues-bordlampe-lysegron\/","name":"Hues Bordlampe Lysegr\u00f8n - H\u00fcbsch","isPartOf":{"@id":"https:\/\/hubsch-interior.com\/da\/#website"},"primaryImageOfPage":{"@id":"https:\/\/hubsch-interior.com\/da\/vare\/hues-bordlampe-lysegron\/#primaryimage"},"image":{"@id":"https:\/\/hubsch-interior.com\/da\/vare\/hues-bordlampe-lysegron\/#primaryimage"},"thumbnailUrl":"https:\/\/hubsch-interior.com\/wp-content\/uploads\/2026\/02\/hues-table-lamp-light-green-663dd6844a5640a71f0552033cb331b5.jpg","datePublished":"2024-12-03T15:21:45+00:00","dateModified":"2026-04-14T03:06:38+00:00","description":"Hues Bordlampe, en opal lysegr\u00f8n og afd\u00e6mpet lampe. Denne lampe er fremstillet af glas, og er ikke blot en lyskilde, men ogs\u00e5 et markant element, der","breadcrumb":{"@id":"https:\/\/hubsch-interior.com\/da\/vare\/hues-bordlampe-lysegron\/#breadcrumb"},"inLanguage":"da-DK","potentialAction":[{"@type":"ReadAction","target":["https:\/\/hubsch-interior.com\/da\/vare\/hues-bordlampe-lysegron\/"]}]},{"@type":"ImageObject","inLanguage":"da-DK","@id":"https:\/\/hubsch-interior.com\/da\/vare\/hues-bordlampe-lysegron\/#primaryimage","url":"https:\/\/hubsch-interior.com\/wp-content\/uploads\/2026\/02\/hues-table-lamp-light-green-663dd6844a5640a71f0552033cb331b5.jpg","contentUrl":"https:\/\/hubsch-interior.com\/wp-content\/uploads\/2026\/02\/hues-table-lamp-light-green-663dd6844a5640a71f0552033cb331b5.jpg","width":1024,"height":1024},{"@type":"BreadcrumbList","@id":"https:\/\/hubsch-interior.com\/da\/vare\/hues-bordlampe-lysegron\/#breadcrumb","itemListElement":[{"@type":"ListItem","position":1,"name":"Forside","item":"https:\/\/hubsch-interior.com\/da\/"},{"@type":"ListItem","position":2,"name":"Produkter","item":"https:\/\/hubsch-interior.com\/da\/produkter\/"},{"@type":"ListItem","position":3,"name":"Belysning","item":"https:\/\/hubsch-interior.com\/da\/vare-kategori\/belysning\/"},{"@type":"ListItem","position":4,"name":"Bordlamper","item":"https:\/\/hubsch-interior.com\/da\/vare-kategori\/belysning\/bordlamper-da\/"},{"@type":"ListItem","position":5,"name":"Hues Bordlampe Lysegr\u00f8n"}]},{"@type":"WebSite","@id":"https:\/\/hubsch-interior.com\/da\/#website","url":"https:\/\/hubsch-interior.com\/da\/","name":"H\u00fcbsch","description":"Danish Home Interior and Design","publisher":{"@id":"https:\/\/hubsch-interior.com\/da\/#organization"},"potentialAction":[{"@type":"SearchAction","target":{"@type":"EntryPoint","urlTemplate":"https:\/\/hubsch-interior.com\/da\/?s={search_term_string}"},"query-input":{"@type":"PropertyValueSpecification","valueRequired":true,"valueName":"search_term_string"}}],"inLanguage":"da-DK"},{"@type":"Organization","@id":"https:\/\/hubsch-interior.com\/da\/#organization","name":"H\u00fcbsch","url":"https:\/\/hubsch-interior.com\/da\/","logo":{"@type":"ImageObject","inLanguage":"da-DK","@id":"https:\/\/hubsch-interior.com\/da\/#\/schema\/logo\/image\/","url":"https:\/\/hubsch-interior.com\/wp-content\/uploads\/2022\/12\/Hubsch_logo_black_one_line.svg","contentUrl":"https:\/\/hubsch-interior.com\/wp-content\/uploads\/2022\/12\/Hubsch_logo_black_one_line.svg","caption":"H\u00fcbsch"},"image":{"@id":"https:\/\/hubsch-interior.com\/da\/#\/schema\/logo\/image\/"}}]}},"_links":{"self":[{"href":"https:\/\/hubsch-interior.com\/da\/wp-json\/wp\/v2\/product\/1003679","targetHints":{"allow":["GET"]}}],"collection":[{"href":"https:\/\/hubsch-interior.com\/da\/wp-json\/wp\/v2\/product"}],"about":[{"href":"https:\/\/hubsch-interior.com\/da\/wp-json\/wp\/v2\/types\/product"}],"wp:featuredmedia":[{"embeddable":true,"href":"https:\/\/hubsch-interior.com\/da\/wp-json\/wp\/v2\/media\/1107530"}],"wp:attachment":[{"href":"https:\/\/hubsch-interior.com\/da\/wp-json\/wp\/v2\/media?parent=1003679"}],"wp:term":[{"taxonomy":"product_brand","embeddable":true,"href":"https:\/\/hubsch-interior.com\/da\/wp-json\/wp\/v2\/product_brand?post=1003679"},{"taxonomy":"product_cat","embeddable":true,"href":"https:\/\/hubsch-interior.com\/da\/wp-json\/wp\/v2\/product_cat?post=1003679"},{"taxonomy":"product_tag","embeddable":true,"href":"https:\/\/hubsch-interior.com\/da\/wp-json\/wp\/v2\/product_tag?post=1003679"}],"curies":[{"name":"wp","href":"https:\/\/api.w.org\/{rel}","templated":true}]}}