{"id":1004209,"date":"2022-10-04T07:54:16","date_gmt":"2022-10-04T05:54:16","guid":{"rendered":"https:\/\/hubsch-interior.com\/product\/gavekort-2\/"},"modified":"2022-10-04T07:54:16","modified_gmt":"2022-10-04T05:54:16","slug":"gavekort-2","status":"publish","type":"product","link":"https:\/\/hubsch-interior.com\/da\/vare\/gavekort-2\/","title":{"rendered":"Gavekort"},"content":{"rendered":"<p>Mangler du inspiration til en gave? Uanset om du leder efter en gave til familie, venner eller kollegaer, s\u00e5 er et gavekort den perfekte id\u00e9. I vores store udvalg af m\u00f8bler, belysning, tekstiler og boligtilbeh\u00f8r er vi sikker p\u00e5, at du rammer en gave, der ikke skuffer, for modtageren v\u00e6lger helt selv. V\u00e6lg bel\u00f8b, skriv en personlig meddelelse og lad H\u00fcbsch klare resten.<br \/>N\u00e5r din ordre er modtaget, f\u00e5r du tilsendt en e-mail med gavekortet (tilsendes n\u00e6ste hverdag)<\/p>\n<p>Hvis du har brug for hj\u00e6lp, kan du altid kontakte vores kundeservice p\u00e5\u00a0<a href=\"mailto:shop@hubsch-interior.com\">shop@hubsch-interior.com<\/a><\/p>\n","protected":false},"excerpt":{"rendered":"<p>Mangler du inspiration til en gave? Uanset om du leder efter en gave til familie, venner eller kollegaer, s\u00e5 er et gavekort den perfekte id\u00e9. I vores store udvalg af m\u00f8bler, belysning, tekstiler og boligtilbeh\u00f8r er vi sikker p\u00e5, at du rammer en gave, der ikke skuffer, for modtageren v\u00e6lger helt selv. V\u00e6lg bel\u00f8b, skriv [&hellip;]<\/p>\n","protected":false},"featured_media":838452,"template":"","meta":{"_acf_changed":false,"inline_featured_image":false},"product_brand":[],"product_cat":[3530],"product_tag":[],"class_list":{"0":"post-1004209","1":"product","2":"type-product","3":"status-publish","4":"has-post-thumbnail","6":"product_cat-uncategorized-da","8":"first","9":"instock","10":"virtual","11":"taxable","12":"purchasable","13":"product-type-simple"},"exclude_global_add_ons":false,"addons":[{"name":"Hilsen til modtager","type":"custom_textarea","position":0,"required":false,"title_format":"label","description_enable":false,"description":"","placeholder_enable":false,"placeholder":"","display":"select","restrictions_type":"any_text","adjust_price":false,"price":"","price_type":"flat_fee","restrictions":false,"min":0,"max":0,"options":[]}],"acf":[],"yoast_head":"<!-- This site is optimized with the Yoast SEO plugin v26.4 - https:\/\/yoast.com\/wordpress\/plugins\/seo\/ -->\n<title>Gavekort - H\u00fcbsch<\/title>\n<meta name=\"description\" content=\"Mangler du inspiration til en gave? Uanset om du leder efter en gave til familie, venner eller kollegaer, s\u00e5 er et gavekort den perfekte id\u00e9. I vores\" \/>\n<meta name=\"robots\" content=\"index, follow, max-snippet:-1, max-image-preview:large, max-video-preview:-1\" \/>\n<link rel=\"canonical\" href=\"https:\/\/hubsch-interior.com\/da\/wp-json\/wp\/v2\/product\/1004209\" \/>\n<meta property=\"og:locale\" content=\"da_DK\" \/>\n<meta property=\"og:type\" content=\"article\" \/>\n<meta property=\"og:title\" content=\"Gavekort - H\u00fcbsch\" \/>\n<meta property=\"og:description\" content=\"Mangler du inspiration til en gave? Uanset om du leder efter en gave til familie, venner eller kollegaer, s\u00e5 er et gavekort den perfekte id\u00e9. I vores\" \/>\n<meta property=\"og:url\" content=\"https:\/\/hubsch-interior.com\/da\/vare\/gavekort-2\/\" \/>\n<meta property=\"og:site_name\" content=\"H\u00fcbsch\" \/>\n<meta property=\"og:image\" content=\"https:\/\/hubsch-interior.com\/wp-content\/uploads\/2022\/10\/Hubsch_giftcard_2022_2-scaled.jpg\" \/>\n\t<meta property=\"og:image:width\" content=\"2560\" \/>\n\t<meta property=\"og:image:height\" content=\"2560\" \/>\n\t<meta property=\"og:image:type\" content=\"image\/jpeg\" \/>\n<meta name=\"twitter:card\" content=\"summary_large_image\" \/>\n<meta name=\"twitter:label1\" content=\"Estimeret l\u00e6setid\" \/>\n\t<meta name=\"twitter:data1\" content=\"1 minut\" \/>\n<script type=\"application\/ld+json\" class=\"yoast-schema-graph\">{\"@context\":\"https:\/\/schema.org\",\"@graph\":[{\"@type\":\"WebPage\",\"@id\":\"https:\/\/hubsch-interior.com\/da\/vare\/gavekort-2\/\",\"url\":\"https:\/\/hubsch-interior.com\/da\/vare\/gavekort-2\/\",\"name\":\"Gavekort - H\u00fcbsch\",\"isPartOf\":{\"@id\":\"https:\/\/hubsch-interior.com\/da\/#website\"},\"primaryImageOfPage\":{\"@id\":\"https:\/\/hubsch-interior.com\/da\/vare\/gavekort-2\/#primaryimage\"},\"image\":{\"@id\":\"https:\/\/hubsch-interior.com\/da\/vare\/gavekort-2\/#primaryimage\"},\"thumbnailUrl\":\"https:\/\/hubsch-interior.com\/wp-content\/uploads\/2022\/10\/Hubsch_giftcard_2022_2-scaled.jpg\",\"datePublished\":\"2022-10-04T05:54:16+00:00\",\"description\":\"Mangler du inspiration til en gave? Uanset om du leder efter en gave til familie, venner eller kollegaer, s\u00e5 er et gavekort den perfekte id\u00e9. I vores\",\"breadcrumb\":{\"@id\":\"https:\/\/hubsch-interior.com\/da\/vare\/gavekort-2\/#breadcrumb\"},\"inLanguage\":\"da-DK\",\"potentialAction\":[{\"@type\":\"ReadAction\",\"target\":[\"https:\/\/hubsch-interior.com\/da\/vare\/gavekort-2\/\"]}]},{\"@type\":\"ImageObject\",\"inLanguage\":\"da-DK\",\"@id\":\"https:\/\/hubsch-interior.com\/da\/vare\/gavekort-2\/#primaryimage\",\"url\":\"https:\/\/hubsch-interior.com\/wp-content\/uploads\/2022\/10\/Hubsch_giftcard_2022_2-scaled.jpg\",\"contentUrl\":\"https:\/\/hubsch-interior.com\/wp-content\/uploads\/2022\/10\/Hubsch_giftcard_2022_2-scaled.jpg\",\"width\":2560,\"height\":2560},{\"@type\":\"BreadcrumbList\",\"@id\":\"https:\/\/hubsch-interior.com\/da\/vare\/gavekort-2\/#breadcrumb\",\"itemListElement\":[{\"@type\":\"ListItem\",\"position\":1,\"name\":\"Forside\",\"item\":\"https:\/\/hubsch-interior.com\/da\/\"},{\"@type\":\"ListItem\",\"position\":2,\"name\":\"Produkter\",\"item\":\"https:\/\/hubsch-interior.com\/da\/produkter\/\"},{\"@type\":\"ListItem\",\"position\":3,\"name\":\"Gavekort\"}]},{\"@type\":\"WebSite\",\"@id\":\"https:\/\/hubsch-interior.com\/da\/#website\",\"url\":\"https:\/\/hubsch-interior.com\/da\/\",\"name\":\"H\u00fcbsch\",\"description\":\"Danish Home Interior and Design\",\"publisher\":{\"@id\":\"https:\/\/hubsch-interior.com\/da\/#organization\"},\"potentialAction\":[{\"@type\":\"SearchAction\",\"target\":{\"@type\":\"EntryPoint\",\"urlTemplate\":\"https:\/\/hubsch-interior.com\/da\/?s={search_term_string}\"},\"query-input\":{\"@type\":\"PropertyValueSpecification\",\"valueRequired\":true,\"valueName\":\"search_term_string\"}}],\"inLanguage\":\"da-DK\"},{\"@type\":\"Organization\",\"@id\":\"https:\/\/hubsch-interior.com\/da\/#organization\",\"name\":\"H\u00fcbsch\",\"url\":\"https:\/\/hubsch-interior.com\/da\/\",\"logo\":{\"@type\":\"ImageObject\",\"inLanguage\":\"da-DK\",\"@id\":\"https:\/\/hubsch-interior.com\/da\/#\/schema\/logo\/image\/\",\"url\":\"https:\/\/hubsch-interior.com\/wp-content\/uploads\/2022\/12\/Hubsch_logo_black_one_line.svg\",\"contentUrl\":\"https:\/\/hubsch-interior.com\/wp-content\/uploads\/2022\/12\/Hubsch_logo_black_one_line.svg\",\"caption\":\"H\u00fcbsch\"},\"image\":{\"@id\":\"https:\/\/hubsch-interior.com\/da\/#\/schema\/logo\/image\/\"}}]}<\/script>\n<!-- \/ Yoast SEO plugin. -->","yoast_head_json":{"title":"Gavekort - H\u00fcbsch","description":"Mangler du inspiration til en gave? Uanset om du leder efter en gave til familie, venner eller kollegaer, s\u00e5 er et gavekort den perfekte id\u00e9. I vores","robots":{"index":"index","follow":"follow","max-snippet":"max-snippet:-1","max-image-preview":"max-image-preview:large","max-video-preview":"max-video-preview:-1"},"canonical":"https:\/\/hubsch-interior.com\/da\/wp-json\/wp\/v2\/product\/1004209","og_locale":"da_DK","og_type":"article","og_title":"Gavekort - H\u00fcbsch","og_description":"Mangler du inspiration til en gave? Uanset om du leder efter en gave til familie, venner eller kollegaer, s\u00e5 er et gavekort den perfekte id\u00e9. I vores","og_url":"https:\/\/hubsch-interior.com\/da\/vare\/gavekort-2\/","og_site_name":"H\u00fcbsch","og_image":[{"width":2560,"height":2560,"url":"https:\/\/hubsch-interior.com\/wp-content\/uploads\/2022\/10\/Hubsch_giftcard_2022_2-scaled.jpg","type":"image\/jpeg"}],"twitter_card":"summary_large_image","twitter_misc":{"Estimeret l\u00e6setid":"1 minut"},"schema":{"@context":"https:\/\/schema.org","@graph":[{"@type":"WebPage","@id":"https:\/\/hubsch-interior.com\/da\/vare\/gavekort-2\/","url":"https:\/\/hubsch-interior.com\/da\/vare\/gavekort-2\/","name":"Gavekort - H\u00fcbsch","isPartOf":{"@id":"https:\/\/hubsch-interior.com\/da\/#website"},"primaryImageOfPage":{"@id":"https:\/\/hubsch-interior.com\/da\/vare\/gavekort-2\/#primaryimage"},"image":{"@id":"https:\/\/hubsch-interior.com\/da\/vare\/gavekort-2\/#primaryimage"},"thumbnailUrl":"https:\/\/hubsch-interior.com\/wp-content\/uploads\/2022\/10\/Hubsch_giftcard_2022_2-scaled.jpg","datePublished":"2022-10-04T05:54:16+00:00","description":"Mangler du inspiration til en gave? Uanset om du leder efter en gave til familie, venner eller kollegaer, s\u00e5 er et gavekort den perfekte id\u00e9. I vores","breadcrumb":{"@id":"https:\/\/hubsch-interior.com\/da\/vare\/gavekort-2\/#breadcrumb"},"inLanguage":"da-DK","potentialAction":[{"@type":"ReadAction","target":["https:\/\/hubsch-interior.com\/da\/vare\/gavekort-2\/"]}]},{"@type":"ImageObject","inLanguage":"da-DK","@id":"https:\/\/hubsch-interior.com\/da\/vare\/gavekort-2\/#primaryimage","url":"https:\/\/hubsch-interior.com\/wp-content\/uploads\/2022\/10\/Hubsch_giftcard_2022_2-scaled.jpg","contentUrl":"https:\/\/hubsch-interior.com\/wp-content\/uploads\/2022\/10\/Hubsch_giftcard_2022_2-scaled.jpg","width":2560,"height":2560},{"@type":"BreadcrumbList","@id":"https:\/\/hubsch-interior.com\/da\/vare\/gavekort-2\/#breadcrumb","itemListElement":[{"@type":"ListItem","position":1,"name":"Forside","item":"https:\/\/hubsch-interior.com\/da\/"},{"@type":"ListItem","position":2,"name":"Produkter","item":"https:\/\/hubsch-interior.com\/da\/produkter\/"},{"@type":"ListItem","position":3,"name":"Gavekort"}]},{"@type":"WebSite","@id":"https:\/\/hubsch-interior.com\/da\/#website","url":"https:\/\/hubsch-interior.com\/da\/","name":"H\u00fcbsch","description":"Danish Home Interior and Design","publisher":{"@id":"https:\/\/hubsch-interior.com\/da\/#organization"},"potentialAction":[{"@type":"SearchAction","target":{"@type":"EntryPoint","urlTemplate":"https:\/\/hubsch-interior.com\/da\/?s={search_term_string}"},"query-input":{"@type":"PropertyValueSpecification","valueRequired":true,"valueName":"search_term_string"}}],"inLanguage":"da-DK"},{"@type":"Organization","@id":"https:\/\/hubsch-interior.com\/da\/#organization","name":"H\u00fcbsch","url":"https:\/\/hubsch-interior.com\/da\/","logo":{"@type":"ImageObject","inLanguage":"da-DK","@id":"https:\/\/hubsch-interior.com\/da\/#\/schema\/logo\/image\/","url":"https:\/\/hubsch-interior.com\/wp-content\/uploads\/2022\/12\/Hubsch_logo_black_one_line.svg","contentUrl":"https:\/\/hubsch-interior.com\/wp-content\/uploads\/2022\/12\/Hubsch_logo_black_one_line.svg","caption":"H\u00fcbsch"},"image":{"@id":"https:\/\/hubsch-interior.com\/da\/#\/schema\/logo\/image\/"}}]}},"_links":{"self":[{"href":"https:\/\/hubsch-interior.com\/da\/wp-json\/wp\/v2\/product\/1004209","targetHints":{"allow":["GET"]}}],"collection":[{"href":"https:\/\/hubsch-interior.com\/da\/wp-json\/wp\/v2\/product"}],"about":[{"href":"https:\/\/hubsch-interior.com\/da\/wp-json\/wp\/v2\/types\/product"}],"wp:featuredmedia":[{"embeddable":true,"href":"https:\/\/hubsch-interior.com\/da\/wp-json\/wp\/v2\/media\/838452"}],"wp:attachment":[{"href":"https:\/\/hubsch-interior.com\/da\/wp-json\/wp\/v2\/media?parent=1004209"}],"wp:term":[{"taxonomy":"product_brand","embeddable":true,"href":"https:\/\/hubsch-interior.com\/da\/wp-json\/wp\/v2\/product_brand?post=1004209"},{"taxonomy":"product_cat","embeddable":true,"href":"https:\/\/hubsch-interior.com\/da\/wp-json\/wp\/v2\/product_cat?post=1004209"},{"taxonomy":"product_tag","embeddable":true,"href":"https:\/\/hubsch-interior.com\/da\/wp-json\/wp\/v2\/product_tag?post=1004209"}],"curies":[{"name":"wp","href":"https:\/\/api.w.org\/{rel}","templated":true}]}}