{"id":1004640,"date":"2024-12-16T16:29:36","date_gmt":"2024-12-16T15:29:36","guid":{"rendered":"https:\/\/hubsch-interior.com\/product\/product\/"},"modified":"2026-04-05T04:33:23","modified_gmt":"2026-04-05T02:33:23","slug":"koi-spisestol-bla-brun-sort-2","status":"publish","type":"product","link":"https:\/\/hubsch-interior.com\/da\/vare\/koi-spisestol-bla-brun-sort-2\/","title":{"rendered":"Koi Spisestol Bl\u00e5\/Brun\/Sort"},"content":{"rendered":"<p>Koi Spisestol er en enest\u00e5ende blanding af simplicitet og sjov. Den kommer i tre forskellige varianter, hver med deres unikke farve: bl\u00e5, brun og sort. Den er lavet af FSC-certificeret asketr\u00e6 og materialer som askefiner og jern, hvilket sikrer h\u00f8j kvalitet og holdbarhed. Denne spisestol tilf\u00f8jer et strejf af farve til dit hjem og h\u00e6ver spiseoplevelsen med sit elegante design. Bland alle tre farver for et moderne touch, og oplev en ny form for spisestue-\u00e6stetik. Koi Spisestol er den perfekte m\u00e5de at tilf\u00f8je lidt leg til dit hjem uden at g\u00e5 p\u00e5 kompromis med stil og kvalitet.<\/p>\n","protected":false},"excerpt":{"rendered":"<p>Koi Spisestol er en enest\u00e5ende blanding af simplicitet og sjov. Den kommer i tre forskellige varianter, hver med deres unikke farve: bl\u00e5, brun og sort. Den er lavet af FSC-certificeret asketr\u00e6 og materialer som askefiner og jern, hvilket sikrer h\u00f8j kvalitet og holdbarhed. Denne spisestol tilf\u00f8jer et strejf af farve til dit hjem og h\u00e6ver [&hellip;]<\/p>\n","protected":false},"featured_media":1097805,"template":"","meta":{"_acf_changed":false,"inline_featured_image":false},"product_brand":[],"product_cat":[6321,2841,3040,5449],"product_tag":[],"class_list":{"0":"post-1004640","1":"product","2":"type-product","3":"status-publish","4":"has-post-thumbnail","6":"product_cat-fsc-da","7":"product_cat-siddemoebler-da","8":"product_cat-skamler-da","9":"product_cat-spisestole-da","10":"product_shipping_class-pk","12":"pa_color-bl","13":"pa_color-brun","14":"pa_color-sort","15":"pa_material-askfiner","16":"pa_material-jern-da","17":"pa_material-krydsfiner-da","19":"first","20":"instock","21":"taxable","22":"shipping-taxable","23":"purchasable","24":"product-type-simple"},"exclude_global_add_ons":[],"addons":[],"acf":[],"yoast_head":"<!-- This site is optimized with the Yoast SEO plugin v26.4 - https:\/\/yoast.com\/wordpress\/plugins\/seo\/ -->\n<title>Koi Spisestol Bl\u00e5\/Brun\/Sort - H\u00fcbsch<\/title>\n<meta name=\"description\" content=\"Koi Spisestol er en enest\u00e5ende blanding af simplicitet og sjov. Den kommer i tre forskellige varianter, hver med deres unikke farve: bl\u00e5, brun og sort.\" \/>\n<meta name=\"robots\" content=\"index, follow, max-snippet:-1, max-image-preview:large, max-video-preview:-1\" \/>\n<link rel=\"canonical\" href=\"https:\/\/hubsch-interior.com\/da\/wp-json\/wp\/v2\/product\/1004640\" \/>\n<meta property=\"og:locale\" content=\"da_DK\" \/>\n<meta property=\"og:type\" content=\"article\" \/>\n<meta property=\"og:title\" content=\"Koi Spisestol Bl\u00e5\/Brun\/Sort - H\u00fcbsch\" \/>\n<meta property=\"og:description\" content=\"Koi Spisestol er en enest\u00e5ende blanding af simplicitet og sjov. Den kommer i tre forskellige varianter, hver med deres unikke farve: bl\u00e5, brun og sort.\" \/>\n<meta property=\"og:url\" content=\"https:\/\/hubsch-interior.com\/da\/vare\/koi-spisestol-bla-brun-sort-2\/\" \/>\n<meta property=\"og:site_name\" content=\"H\u00fcbsch\" \/>\n<meta property=\"article:modified_time\" content=\"2026-04-05T02:33:23+00:00\" \/>\n<meta property=\"og:image\" content=\"https:\/\/hubsch-interior.com\/wp-content\/uploads\/2026\/02\/koi-dining-chair-bluebrownblack-848ef2faef7fa0b150638fe7e5e163df.jpg\" \/>\n\t<meta property=\"og:image:width\" content=\"1024\" \/>\n\t<meta property=\"og:image:height\" content=\"1024\" \/>\n\t<meta property=\"og:image:type\" content=\"image\/jpeg\" \/>\n<meta name=\"twitter:card\" content=\"summary_large_image\" \/>\n<meta name=\"twitter:label1\" content=\"Estimeret l\u00e6setid\" \/>\n\t<meta name=\"twitter:data1\" content=\"1 minut\" \/>\n<script type=\"application\/ld+json\" class=\"yoast-schema-graph\">{\"@context\":\"https:\/\/schema.org\",\"@graph\":[{\"@type\":\"WebPage\",\"@id\":\"https:\/\/hubsch-interior.com\/da\/vare\/koi-spisestol-bla-brun-sort-2\/\",\"url\":\"https:\/\/hubsch-interior.com\/da\/vare\/koi-spisestol-bla-brun-sort-2\/\",\"name\":\"Koi Spisestol Bl\u00e5\/Brun\/Sort - H\u00fcbsch\",\"isPartOf\":{\"@id\":\"https:\/\/hubsch-interior.com\/da\/#website\"},\"primaryImageOfPage\":{\"@id\":\"https:\/\/hubsch-interior.com\/da\/vare\/koi-spisestol-bla-brun-sort-2\/#primaryimage\"},\"image\":{\"@id\":\"https:\/\/hubsch-interior.com\/da\/vare\/koi-spisestol-bla-brun-sort-2\/#primaryimage\"},\"thumbnailUrl\":\"https:\/\/hubsch-interior.com\/wp-content\/uploads\/2026\/02\/koi-dining-chair-bluebrownblack-848ef2faef7fa0b150638fe7e5e163df.jpg\",\"datePublished\":\"2024-12-16T15:29:36+00:00\",\"dateModified\":\"2026-04-05T02:33:23+00:00\",\"description\":\"Koi Spisestol er en enest\u00e5ende blanding af simplicitet og sjov. Den kommer i tre forskellige varianter, hver med deres unikke farve: bl\u00e5, brun og sort.\",\"breadcrumb\":{\"@id\":\"https:\/\/hubsch-interior.com\/da\/vare\/koi-spisestol-bla-brun-sort-2\/#breadcrumb\"},\"inLanguage\":\"da-DK\",\"potentialAction\":[{\"@type\":\"ReadAction\",\"target\":[\"https:\/\/hubsch-interior.com\/da\/vare\/koi-spisestol-bla-brun-sort-2\/\"]}]},{\"@type\":\"ImageObject\",\"inLanguage\":\"da-DK\",\"@id\":\"https:\/\/hubsch-interior.com\/da\/vare\/koi-spisestol-bla-brun-sort-2\/#primaryimage\",\"url\":\"https:\/\/hubsch-interior.com\/wp-content\/uploads\/2026\/02\/koi-dining-chair-bluebrownblack-848ef2faef7fa0b150638fe7e5e163df.jpg\",\"contentUrl\":\"https:\/\/hubsch-interior.com\/wp-content\/uploads\/2026\/02\/koi-dining-chair-bluebrownblack-848ef2faef7fa0b150638fe7e5e163df.jpg\",\"width\":1024,\"height\":1024},{\"@type\":\"BreadcrumbList\",\"@id\":\"https:\/\/hubsch-interior.com\/da\/vare\/koi-spisestol-bla-brun-sort-2\/#breadcrumb\",\"itemListElement\":[{\"@type\":\"ListItem\",\"position\":1,\"name\":\"Forside\",\"item\":\"https:\/\/hubsch-interior.com\/da\/\"},{\"@type\":\"ListItem\",\"position\":2,\"name\":\"Produkter\",\"item\":\"https:\/\/hubsch-interior.com\/da\/produkter\/\"},{\"@type\":\"ListItem\",\"position\":3,\"name\":\"M\u00f8bler\",\"item\":\"https:\/\/hubsch-interior.com\/da\/vare-kategori\/mobler\/\"},{\"@type\":\"ListItem\",\"position\":4,\"name\":\"Siddem&oslash;bler\",\"item\":\"https:\/\/hubsch-interior.com\/da\/vare-kategori\/mobler\/siddemoebler-da\/\"},{\"@type\":\"ListItem\",\"position\":5,\"name\":\"Skamler\",\"item\":\"https:\/\/hubsch-interior.com\/da\/vare-kategori\/mobler\/siddemoebler-da\/skamler-da\/\"},{\"@type\":\"ListItem\",\"position\":6,\"name\":\"Koi Spisestol Bl\u00e5\/Brun\/Sort\"}]},{\"@type\":\"WebSite\",\"@id\":\"https:\/\/hubsch-interior.com\/da\/#website\",\"url\":\"https:\/\/hubsch-interior.com\/da\/\",\"name\":\"H\u00fcbsch\",\"description\":\"Danish Home Interior and Design\",\"publisher\":{\"@id\":\"https:\/\/hubsch-interior.com\/da\/#organization\"},\"potentialAction\":[{\"@type\":\"SearchAction\",\"target\":{\"@type\":\"EntryPoint\",\"urlTemplate\":\"https:\/\/hubsch-interior.com\/da\/?s={search_term_string}\"},\"query-input\":{\"@type\":\"PropertyValueSpecification\",\"valueRequired\":true,\"valueName\":\"search_term_string\"}}],\"inLanguage\":\"da-DK\"},{\"@type\":\"Organization\",\"@id\":\"https:\/\/hubsch-interior.com\/da\/#organization\",\"name\":\"H\u00fcbsch\",\"url\":\"https:\/\/hubsch-interior.com\/da\/\",\"logo\":{\"@type\":\"ImageObject\",\"inLanguage\":\"da-DK\",\"@id\":\"https:\/\/hubsch-interior.com\/da\/#\/schema\/logo\/image\/\",\"url\":\"https:\/\/hubsch-interior.com\/wp-content\/uploads\/2022\/12\/Hubsch_logo_black_one_line.svg\",\"contentUrl\":\"https:\/\/hubsch-interior.com\/wp-content\/uploads\/2022\/12\/Hubsch_logo_black_one_line.svg\",\"caption\":\"H\u00fcbsch\"},\"image\":{\"@id\":\"https:\/\/hubsch-interior.com\/da\/#\/schema\/logo\/image\/\"}}]}<\/script>\n<!-- \/ Yoast SEO plugin. -->","yoast_head_json":{"title":"Koi Spisestol Bl\u00e5\/Brun\/Sort - H\u00fcbsch","description":"Koi Spisestol er en enest\u00e5ende blanding af simplicitet og sjov. Den kommer i tre forskellige varianter, hver med deres unikke farve: bl\u00e5, brun og sort.","robots":{"index":"index","follow":"follow","max-snippet":"max-snippet:-1","max-image-preview":"max-image-preview:large","max-video-preview":"max-video-preview:-1"},"canonical":"https:\/\/hubsch-interior.com\/da\/wp-json\/wp\/v2\/product\/1004640","og_locale":"da_DK","og_type":"article","og_title":"Koi Spisestol Bl\u00e5\/Brun\/Sort - H\u00fcbsch","og_description":"Koi Spisestol er en enest\u00e5ende blanding af simplicitet og sjov. Den kommer i tre forskellige varianter, hver med deres unikke farve: bl\u00e5, brun og sort.","og_url":"https:\/\/hubsch-interior.com\/da\/vare\/koi-spisestol-bla-brun-sort-2\/","og_site_name":"H\u00fcbsch","article_modified_time":"2026-04-05T02:33:23+00:00","og_image":[{"width":1024,"height":1024,"url":"https:\/\/hubsch-interior.com\/wp-content\/uploads\/2026\/02\/koi-dining-chair-bluebrownblack-848ef2faef7fa0b150638fe7e5e163df.jpg","type":"image\/jpeg"}],"twitter_card":"summary_large_image","twitter_misc":{"Estimeret l\u00e6setid":"1 minut"},"schema":{"@context":"https:\/\/schema.org","@graph":[{"@type":"WebPage","@id":"https:\/\/hubsch-interior.com\/da\/vare\/koi-spisestol-bla-brun-sort-2\/","url":"https:\/\/hubsch-interior.com\/da\/vare\/koi-spisestol-bla-brun-sort-2\/","name":"Koi Spisestol Bl\u00e5\/Brun\/Sort - H\u00fcbsch","isPartOf":{"@id":"https:\/\/hubsch-interior.com\/da\/#website"},"primaryImageOfPage":{"@id":"https:\/\/hubsch-interior.com\/da\/vare\/koi-spisestol-bla-brun-sort-2\/#primaryimage"},"image":{"@id":"https:\/\/hubsch-interior.com\/da\/vare\/koi-spisestol-bla-brun-sort-2\/#primaryimage"},"thumbnailUrl":"https:\/\/hubsch-interior.com\/wp-content\/uploads\/2026\/02\/koi-dining-chair-bluebrownblack-848ef2faef7fa0b150638fe7e5e163df.jpg","datePublished":"2024-12-16T15:29:36+00:00","dateModified":"2026-04-05T02:33:23+00:00","description":"Koi Spisestol er en enest\u00e5ende blanding af simplicitet og sjov. Den kommer i tre forskellige varianter, hver med deres unikke farve: bl\u00e5, brun og sort.","breadcrumb":{"@id":"https:\/\/hubsch-interior.com\/da\/vare\/koi-spisestol-bla-brun-sort-2\/#breadcrumb"},"inLanguage":"da-DK","potentialAction":[{"@type":"ReadAction","target":["https:\/\/hubsch-interior.com\/da\/vare\/koi-spisestol-bla-brun-sort-2\/"]}]},{"@type":"ImageObject","inLanguage":"da-DK","@id":"https:\/\/hubsch-interior.com\/da\/vare\/koi-spisestol-bla-brun-sort-2\/#primaryimage","url":"https:\/\/hubsch-interior.com\/wp-content\/uploads\/2026\/02\/koi-dining-chair-bluebrownblack-848ef2faef7fa0b150638fe7e5e163df.jpg","contentUrl":"https:\/\/hubsch-interior.com\/wp-content\/uploads\/2026\/02\/koi-dining-chair-bluebrownblack-848ef2faef7fa0b150638fe7e5e163df.jpg","width":1024,"height":1024},{"@type":"BreadcrumbList","@id":"https:\/\/hubsch-interior.com\/da\/vare\/koi-spisestol-bla-brun-sort-2\/#breadcrumb","itemListElement":[{"@type":"ListItem","position":1,"name":"Forside","item":"https:\/\/hubsch-interior.com\/da\/"},{"@type":"ListItem","position":2,"name":"Produkter","item":"https:\/\/hubsch-interior.com\/da\/produkter\/"},{"@type":"ListItem","position":3,"name":"M\u00f8bler","item":"https:\/\/hubsch-interior.com\/da\/vare-kategori\/mobler\/"},{"@type":"ListItem","position":4,"name":"Siddem&oslash;bler","item":"https:\/\/hubsch-interior.com\/da\/vare-kategori\/mobler\/siddemoebler-da\/"},{"@type":"ListItem","position":5,"name":"Skamler","item":"https:\/\/hubsch-interior.com\/da\/vare-kategori\/mobler\/siddemoebler-da\/skamler-da\/"},{"@type":"ListItem","position":6,"name":"Koi Spisestol Bl\u00e5\/Brun\/Sort"}]},{"@type":"WebSite","@id":"https:\/\/hubsch-interior.com\/da\/#website","url":"https:\/\/hubsch-interior.com\/da\/","name":"H\u00fcbsch","description":"Danish Home Interior and Design","publisher":{"@id":"https:\/\/hubsch-interior.com\/da\/#organization"},"potentialAction":[{"@type":"SearchAction","target":{"@type":"EntryPoint","urlTemplate":"https:\/\/hubsch-interior.com\/da\/?s={search_term_string}"},"query-input":{"@type":"PropertyValueSpecification","valueRequired":true,"valueName":"search_term_string"}}],"inLanguage":"da-DK"},{"@type":"Organization","@id":"https:\/\/hubsch-interior.com\/da\/#organization","name":"H\u00fcbsch","url":"https:\/\/hubsch-interior.com\/da\/","logo":{"@type":"ImageObject","inLanguage":"da-DK","@id":"https:\/\/hubsch-interior.com\/da\/#\/schema\/logo\/image\/","url":"https:\/\/hubsch-interior.com\/wp-content\/uploads\/2022\/12\/Hubsch_logo_black_one_line.svg","contentUrl":"https:\/\/hubsch-interior.com\/wp-content\/uploads\/2022\/12\/Hubsch_logo_black_one_line.svg","caption":"H\u00fcbsch"},"image":{"@id":"https:\/\/hubsch-interior.com\/da\/#\/schema\/logo\/image\/"}}]}},"_links":{"self":[{"href":"https:\/\/hubsch-interior.com\/da\/wp-json\/wp\/v2\/product\/1004640","targetHints":{"allow":["GET"]}}],"collection":[{"href":"https:\/\/hubsch-interior.com\/da\/wp-json\/wp\/v2\/product"}],"about":[{"href":"https:\/\/hubsch-interior.com\/da\/wp-json\/wp\/v2\/types\/product"}],"wp:featuredmedia":[{"embeddable":true,"href":"https:\/\/hubsch-interior.com\/da\/wp-json\/wp\/v2\/media\/1097805"}],"wp:attachment":[{"href":"https:\/\/hubsch-interior.com\/da\/wp-json\/wp\/v2\/media?parent=1004640"}],"wp:term":[{"taxonomy":"product_brand","embeddable":true,"href":"https:\/\/hubsch-interior.com\/da\/wp-json\/wp\/v2\/product_brand?post=1004640"},{"taxonomy":"product_cat","embeddable":true,"href":"https:\/\/hubsch-interior.com\/da\/wp-json\/wp\/v2\/product_cat?post=1004640"},{"taxonomy":"product_tag","embeddable":true,"href":"https:\/\/hubsch-interior.com\/da\/wp-json\/wp\/v2\/product_tag?post=1004640"}],"curies":[{"name":"wp","href":"https:\/\/api.w.org\/{rel}","templated":true}]}}