{"id":1006441,"date":"2025-01-14T12:12:51","date_gmt":"2025-01-14T11:12:51","guid":{"rendered":"https:\/\/hubsch-interior.com\/product\/product\/"},"modified":"2026-04-10T05:06:51","modified_gmt":"2026-04-10T03:06:51","slug":"lure-vaeglampe-metallic-blue","status":"publish","type":"product","link":"https:\/\/hubsch-interior.com\/da\/vare\/lure-vaeglampe-metallic-blue\/","title":{"rendered":"Lure V\u00e6glampe Metallic Blue"},"content":{"rendered":"<p>Oplev charmen ved vores Lure V\u00e6glampe, en fryd i metallisk bl\u00e5 med en opal sk\u00e6rm, der tilf\u00f8rer elegance til ethvert rum. Denne variant er fremstillet af glas og metal af h\u00f8j kvalitet og tilbyder fleksibilitet og stil. Den er let at placere pr\u00e6cis, hvor du har brug for lys, og den fastg\u00f8res ubesv\u00e6ret p\u00e5 enhver krog, hylde eller bord &#8211; perfekt til at skabe skiftende scener i dine hyggelige kroge. V\u00e6lg mellem tre elegante varianter for at matche din unikke smag og forvandle din indend\u00f8rs atmosf\u00e6re med et strejf af farve.<\/p>\n","protected":false},"excerpt":{"rendered":"<p>Oplev charmen ved vores Lure V\u00e6glampe, en fryd i metallisk bl\u00e5 med en opal sk\u00e6rm, der tilf\u00f8rer elegance til ethvert rum. Denne variant er fremstillet af glas og metal af h\u00f8j kvalitet og tilbyder fleksibilitet og stil. Den er let at placere pr\u00e6cis, hvor du har brug for lys, og den fastg\u00f8res ubesv\u00e6ret p\u00e5 enhver [&hellip;]<\/p>\n","protected":false},"featured_media":1107614,"template":"","meta":{"_acf_changed":false,"inline_featured_image":false},"product_brand":[],"product_cat":[6996,3808,3405],"product_tag":[],"class_list":{"0":"post-1006441","1":"product","2":"type-product","3":"status-publish","4":"has-post-thumbnail","6":"product_cat-the-buzz-da","7":"product_cat-belysning","8":"product_cat-vaeglamper-da","9":"product_shipping_class-pk","11":"pa_material-glas-da","12":"pa_material-jern-da","14":"first","15":"instock","16":"taxable","17":"shipping-taxable","18":"purchasable","19":"product-type-simple"},"exclude_global_add_ons":[],"addons":[],"acf":[],"yoast_head":"<!-- This site is optimized with the Yoast SEO plugin v26.4 - https:\/\/yoast.com\/wordpress\/plugins\/seo\/ -->\n<title>Lure V\u00e6glampe Metallic Blue - H\u00fcbsch<\/title>\n<meta name=\"description\" content=\"Oplev charmen ved vores Lure V\u00e6glampe, en fryd i metallisk bl\u00e5 med en opal sk\u00e6rm, der tilf\u00f8rer elegance til ethvert rum. Denne variant er fremstillet af\" \/>\n<meta name=\"robots\" content=\"index, follow, max-snippet:-1, max-image-preview:large, max-video-preview:-1\" \/>\n<link rel=\"canonical\" href=\"https:\/\/hubsch-interior.com\/da\/wp-json\/wp\/v2\/product\/1006441\" \/>\n<meta property=\"og:locale\" content=\"da_DK\" \/>\n<meta property=\"og:type\" content=\"article\" \/>\n<meta property=\"og:title\" content=\"Lure V\u00e6glampe Metallic Blue - H\u00fcbsch\" \/>\n<meta property=\"og:description\" content=\"Oplev charmen ved vores Lure V\u00e6glampe, en fryd i metallisk bl\u00e5 med en opal sk\u00e6rm, der tilf\u00f8rer elegance til ethvert rum. Denne variant er fremstillet af\" \/>\n<meta property=\"og:url\" content=\"https:\/\/hubsch-interior.com\/da\/vare\/lure-vaeglampe-metallic-blue\/\" \/>\n<meta property=\"og:site_name\" content=\"H\u00fcbsch\" \/>\n<meta property=\"article:modified_time\" content=\"2026-04-10T03:06:51+00:00\" \/>\n<meta property=\"og:image\" content=\"https:\/\/hubsch-interior.com\/wp-content\/uploads\/2025\/01\/lure-wall-light-metallic-blue-0eb9d5086bd6a171e573ee23eade0b5e.jpg\" \/>\n\t<meta property=\"og:image:width\" content=\"1200\" \/>\n\t<meta property=\"og:image:height\" content=\"1200\" \/>\n\t<meta property=\"og:image:type\" content=\"image\/jpeg\" \/>\n<meta name=\"twitter:card\" content=\"summary_large_image\" \/>\n<meta name=\"twitter:label1\" content=\"Estimeret l\u00e6setid\" \/>\n\t<meta name=\"twitter:data1\" content=\"1 minut\" \/>\n<script type=\"application\/ld+json\" class=\"yoast-schema-graph\">{\"@context\":\"https:\/\/schema.org\",\"@graph\":[{\"@type\":\"WebPage\",\"@id\":\"https:\/\/hubsch-interior.com\/da\/vare\/lure-vaeglampe-metallic-blue\/\",\"url\":\"https:\/\/hubsch-interior.com\/da\/vare\/lure-vaeglampe-metallic-blue\/\",\"name\":\"Lure V\u00e6glampe Metallic Blue - H\u00fcbsch\",\"isPartOf\":{\"@id\":\"https:\/\/hubsch-interior.com\/da\/#website\"},\"primaryImageOfPage\":{\"@id\":\"https:\/\/hubsch-interior.com\/da\/vare\/lure-vaeglampe-metallic-blue\/#primaryimage\"},\"image\":{\"@id\":\"https:\/\/hubsch-interior.com\/da\/vare\/lure-vaeglampe-metallic-blue\/#primaryimage\"},\"thumbnailUrl\":\"https:\/\/hubsch-interior.com\/wp-content\/uploads\/2026\/02\/lure-wall-light-metallic-blue-84772ecc0bd4d17ef81f8bb8a81818fc.jpg\",\"datePublished\":\"2025-01-14T11:12:51+00:00\",\"dateModified\":\"2026-04-10T03:06:51+00:00\",\"description\":\"Oplev charmen ved vores Lure V\u00e6glampe, en fryd i metallisk bl\u00e5 med en opal sk\u00e6rm, der tilf\u00f8rer elegance til ethvert rum. Denne variant er fremstillet af\",\"breadcrumb\":{\"@id\":\"https:\/\/hubsch-interior.com\/da\/vare\/lure-vaeglampe-metallic-blue\/#breadcrumb\"},\"inLanguage\":\"da-DK\",\"potentialAction\":[{\"@type\":\"ReadAction\",\"target\":[\"https:\/\/hubsch-interior.com\/da\/vare\/lure-vaeglampe-metallic-blue\/\"]}]},{\"@type\":\"ImageObject\",\"inLanguage\":\"da-DK\",\"@id\":\"https:\/\/hubsch-interior.com\/da\/vare\/lure-vaeglampe-metallic-blue\/#primaryimage\",\"url\":\"https:\/\/hubsch-interior.com\/wp-content\/uploads\/2026\/02\/lure-wall-light-metallic-blue-84772ecc0bd4d17ef81f8bb8a81818fc.jpg\",\"contentUrl\":\"https:\/\/hubsch-interior.com\/wp-content\/uploads\/2026\/02\/lure-wall-light-metallic-blue-84772ecc0bd4d17ef81f8bb8a81818fc.jpg\",\"width\":1024,\"height\":1024},{\"@type\":\"BreadcrumbList\",\"@id\":\"https:\/\/hubsch-interior.com\/da\/vare\/lure-vaeglampe-metallic-blue\/#breadcrumb\",\"itemListElement\":[{\"@type\":\"ListItem\",\"position\":1,\"name\":\"Forside\",\"item\":\"https:\/\/hubsch-interior.com\/da\/\"},{\"@type\":\"ListItem\",\"position\":2,\"name\":\"Produkter\",\"item\":\"https:\/\/hubsch-interior.com\/da\/produkter\/\"},{\"@type\":\"ListItem\",\"position\":3,\"name\":\"Belysning\",\"item\":\"https:\/\/hubsch-interior.com\/da\/vare-kategori\/belysning\/\"},{\"@type\":\"ListItem\",\"position\":4,\"name\":\"V&aelig;glamper\",\"item\":\"https:\/\/hubsch-interior.com\/da\/vare-kategori\/belysning\/vaeglamper-da\/\"},{\"@type\":\"ListItem\",\"position\":5,\"name\":\"Lure V\u00e6glampe Metallic Blue\"}]},{\"@type\":\"WebSite\",\"@id\":\"https:\/\/hubsch-interior.com\/da\/#website\",\"url\":\"https:\/\/hubsch-interior.com\/da\/\",\"name\":\"H\u00fcbsch\",\"description\":\"Danish Home Interior and Design\",\"publisher\":{\"@id\":\"https:\/\/hubsch-interior.com\/da\/#organization\"},\"potentialAction\":[{\"@type\":\"SearchAction\",\"target\":{\"@type\":\"EntryPoint\",\"urlTemplate\":\"https:\/\/hubsch-interior.com\/da\/?s={search_term_string}\"},\"query-input\":{\"@type\":\"PropertyValueSpecification\",\"valueRequired\":true,\"valueName\":\"search_term_string\"}}],\"inLanguage\":\"da-DK\"},{\"@type\":\"Organization\",\"@id\":\"https:\/\/hubsch-interior.com\/da\/#organization\",\"name\":\"H\u00fcbsch\",\"url\":\"https:\/\/hubsch-interior.com\/da\/\",\"logo\":{\"@type\":\"ImageObject\",\"inLanguage\":\"da-DK\",\"@id\":\"https:\/\/hubsch-interior.com\/da\/#\/schema\/logo\/image\/\",\"url\":\"https:\/\/hubsch-interior.com\/wp-content\/uploads\/2022\/12\/Hubsch_logo_black_one_line.svg\",\"contentUrl\":\"https:\/\/hubsch-interior.com\/wp-content\/uploads\/2022\/12\/Hubsch_logo_black_one_line.svg\",\"caption\":\"H\u00fcbsch\"},\"image\":{\"@id\":\"https:\/\/hubsch-interior.com\/da\/#\/schema\/logo\/image\/\"}}]}<\/script>\n<!-- \/ Yoast SEO plugin. -->","yoast_head_json":{"title":"Lure V\u00e6glampe Metallic Blue - H\u00fcbsch","description":"Oplev charmen ved vores Lure V\u00e6glampe, en fryd i metallisk bl\u00e5 med en opal sk\u00e6rm, der tilf\u00f8rer elegance til ethvert rum. Denne variant er fremstillet af","robots":{"index":"index","follow":"follow","max-snippet":"max-snippet:-1","max-image-preview":"max-image-preview:large","max-video-preview":"max-video-preview:-1"},"canonical":"https:\/\/hubsch-interior.com\/da\/wp-json\/wp\/v2\/product\/1006441","og_locale":"da_DK","og_type":"article","og_title":"Lure V\u00e6glampe Metallic Blue - H\u00fcbsch","og_description":"Oplev charmen ved vores Lure V\u00e6glampe, en fryd i metallisk bl\u00e5 med en opal sk\u00e6rm, der tilf\u00f8rer elegance til ethvert rum. Denne variant er fremstillet af","og_url":"https:\/\/hubsch-interior.com\/da\/vare\/lure-vaeglampe-metallic-blue\/","og_site_name":"H\u00fcbsch","article_modified_time":"2026-04-10T03:06:51+00:00","og_image":[{"width":1200,"height":1200,"url":"https:\/\/hubsch-interior.com\/wp-content\/uploads\/2025\/01\/lure-wall-light-metallic-blue-0eb9d5086bd6a171e573ee23eade0b5e.jpg","type":"image\/jpeg"}],"twitter_card":"summary_large_image","twitter_misc":{"Estimeret l\u00e6setid":"1 minut"},"schema":{"@context":"https:\/\/schema.org","@graph":[{"@type":"WebPage","@id":"https:\/\/hubsch-interior.com\/da\/vare\/lure-vaeglampe-metallic-blue\/","url":"https:\/\/hubsch-interior.com\/da\/vare\/lure-vaeglampe-metallic-blue\/","name":"Lure V\u00e6glampe Metallic Blue - H\u00fcbsch","isPartOf":{"@id":"https:\/\/hubsch-interior.com\/da\/#website"},"primaryImageOfPage":{"@id":"https:\/\/hubsch-interior.com\/da\/vare\/lure-vaeglampe-metallic-blue\/#primaryimage"},"image":{"@id":"https:\/\/hubsch-interior.com\/da\/vare\/lure-vaeglampe-metallic-blue\/#primaryimage"},"thumbnailUrl":"https:\/\/hubsch-interior.com\/wp-content\/uploads\/2026\/02\/lure-wall-light-metallic-blue-84772ecc0bd4d17ef81f8bb8a81818fc.jpg","datePublished":"2025-01-14T11:12:51+00:00","dateModified":"2026-04-10T03:06:51+00:00","description":"Oplev charmen ved vores Lure V\u00e6glampe, en fryd i metallisk bl\u00e5 med en opal sk\u00e6rm, der tilf\u00f8rer elegance til ethvert rum. Denne variant er fremstillet af","breadcrumb":{"@id":"https:\/\/hubsch-interior.com\/da\/vare\/lure-vaeglampe-metallic-blue\/#breadcrumb"},"inLanguage":"da-DK","potentialAction":[{"@type":"ReadAction","target":["https:\/\/hubsch-interior.com\/da\/vare\/lure-vaeglampe-metallic-blue\/"]}]},{"@type":"ImageObject","inLanguage":"da-DK","@id":"https:\/\/hubsch-interior.com\/da\/vare\/lure-vaeglampe-metallic-blue\/#primaryimage","url":"https:\/\/hubsch-interior.com\/wp-content\/uploads\/2026\/02\/lure-wall-light-metallic-blue-84772ecc0bd4d17ef81f8bb8a81818fc.jpg","contentUrl":"https:\/\/hubsch-interior.com\/wp-content\/uploads\/2026\/02\/lure-wall-light-metallic-blue-84772ecc0bd4d17ef81f8bb8a81818fc.jpg","width":1024,"height":1024},{"@type":"BreadcrumbList","@id":"https:\/\/hubsch-interior.com\/da\/vare\/lure-vaeglampe-metallic-blue\/#breadcrumb","itemListElement":[{"@type":"ListItem","position":1,"name":"Forside","item":"https:\/\/hubsch-interior.com\/da\/"},{"@type":"ListItem","position":2,"name":"Produkter","item":"https:\/\/hubsch-interior.com\/da\/produkter\/"},{"@type":"ListItem","position":3,"name":"Belysning","item":"https:\/\/hubsch-interior.com\/da\/vare-kategori\/belysning\/"},{"@type":"ListItem","position":4,"name":"V&aelig;glamper","item":"https:\/\/hubsch-interior.com\/da\/vare-kategori\/belysning\/vaeglamper-da\/"},{"@type":"ListItem","position":5,"name":"Lure V\u00e6glampe Metallic Blue"}]},{"@type":"WebSite","@id":"https:\/\/hubsch-interior.com\/da\/#website","url":"https:\/\/hubsch-interior.com\/da\/","name":"H\u00fcbsch","description":"Danish Home Interior and Design","publisher":{"@id":"https:\/\/hubsch-interior.com\/da\/#organization"},"potentialAction":[{"@type":"SearchAction","target":{"@type":"EntryPoint","urlTemplate":"https:\/\/hubsch-interior.com\/da\/?s={search_term_string}"},"query-input":{"@type":"PropertyValueSpecification","valueRequired":true,"valueName":"search_term_string"}}],"inLanguage":"da-DK"},{"@type":"Organization","@id":"https:\/\/hubsch-interior.com\/da\/#organization","name":"H\u00fcbsch","url":"https:\/\/hubsch-interior.com\/da\/","logo":{"@type":"ImageObject","inLanguage":"da-DK","@id":"https:\/\/hubsch-interior.com\/da\/#\/schema\/logo\/image\/","url":"https:\/\/hubsch-interior.com\/wp-content\/uploads\/2022\/12\/Hubsch_logo_black_one_line.svg","contentUrl":"https:\/\/hubsch-interior.com\/wp-content\/uploads\/2022\/12\/Hubsch_logo_black_one_line.svg","caption":"H\u00fcbsch"},"image":{"@id":"https:\/\/hubsch-interior.com\/da\/#\/schema\/logo\/image\/"}}]}},"_links":{"self":[{"href":"https:\/\/hubsch-interior.com\/da\/wp-json\/wp\/v2\/product\/1006441","targetHints":{"allow":["GET"]}}],"collection":[{"href":"https:\/\/hubsch-interior.com\/da\/wp-json\/wp\/v2\/product"}],"about":[{"href":"https:\/\/hubsch-interior.com\/da\/wp-json\/wp\/v2\/types\/product"}],"wp:featuredmedia":[{"embeddable":true,"href":"https:\/\/hubsch-interior.com\/da\/wp-json\/wp\/v2\/media\/1107614"}],"wp:attachment":[{"href":"https:\/\/hubsch-interior.com\/da\/wp-json\/wp\/v2\/media?parent=1006441"}],"wp:term":[{"taxonomy":"product_brand","embeddable":true,"href":"https:\/\/hubsch-interior.com\/da\/wp-json\/wp\/v2\/product_brand?post=1006441"},{"taxonomy":"product_cat","embeddable":true,"href":"https:\/\/hubsch-interior.com\/da\/wp-json\/wp\/v2\/product_cat?post=1006441"},{"taxonomy":"product_tag","embeddable":true,"href":"https:\/\/hubsch-interior.com\/da\/wp-json\/wp\/v2\/product_tag?post=1006441"}],"curies":[{"name":"wp","href":"https:\/\/api.w.org\/{rel}","templated":true}]}}