{"id":1006457,"date":"2025-01-14T12:13:28","date_gmt":"2025-01-14T11:13:28","guid":{"rendered":"https:\/\/hubsch-interior.com\/product\/product\/"},"modified":"2026-04-11T05:02:42","modified_gmt":"2026-04-11T03:02:42","slug":"interplay-pendel-brun-bla-orange-2","status":"publish","type":"product","link":"https:\/\/hubsch-interior.com\/da\/vare\/interplay-pendel-brun-bla-orange-2\/","title":{"rendered":"Interplay Pendel  Brun\/Bl\u00e5\/Orange"},"content":{"rendered":"<p>Oplev charmen ved Interplay Pendel, hvor retro m\u00f8der modernitet i en i\u00f8jnefaldende farvekombination af brun, bl\u00e5 og orange. Fremstillet med fint aluminium og glas, udsender denne pendel en varm, indbydende gl\u00f8d, perfekt til at h\u00e6nge over dit spisebord eller arbejdsomr\u00e5de. Dens d\u00e6mpbare funktion giver dig mulighed for ubesv\u00e6ret at indstille stemningen, uanset om du er v\u00e6rt for en middagsfest eller fokuserer p\u00e5 dit seneste projekt. Lys dine rum op med et strejf af kunstnerisk flair og fantastisk lys.<\/p>\n","protected":false},"excerpt":{"rendered":"<p>Oplev charmen ved Interplay Pendel, hvor retro m\u00f8der modernitet i en i\u00f8jnefaldende farvekombination af brun, bl\u00e5 og orange. Fremstillet med fint aluminium og glas, udsender denne pendel en varm, indbydende gl\u00f8d, perfekt til at h\u00e6nge over dit spisebord eller arbejdsomr\u00e5de. Dens d\u00e6mpbare funktion giver dig mulighed for ubesv\u00e6ret at indstille stemningen, uanset om du er [&hellip;]<\/p>\n","protected":false},"featured_media":1107670,"template":"","meta":{"_acf_changed":false,"inline_featured_image":false},"product_brand":[],"product_cat":[6996,3808,4146,5025,5029],"product_tag":[],"class_list":{"0":"post-1006457","1":"product","2":"type-product","3":"status-publish","4":"has-post-thumbnail","6":"product_cat-the-buzz-da","7":"product_cat-belysning","8":"product_cat-loftslamper-da","9":"product_cat-bestsellers-da","10":"product_cat-tilbage-paa-lager-da","11":"product_shipping_class-pk","13":"pa_color-brun","14":"pa_color-orange-da","15":"pa_color-bl","16":"pa_material-aluminium-da","17":"pa_material-glas-da","19":"first","20":"instock","21":"featured","22":"taxable","23":"shipping-taxable","24":"purchasable","25":"product-type-simple"},"exclude_global_add_ons":[],"addons":[],"acf":[],"yoast_head":"<!-- This site is optimized with the Yoast SEO plugin v26.4 - https:\/\/yoast.com\/wordpress\/plugins\/seo\/ -->\n<title>Interplay Pendel Brun\/Bl\u00e5\/Orange - H\u00fcbsch<\/title>\n<meta name=\"description\" content=\"Oplev charmen ved Interplay Pendel, hvor retro m\u00f8der modernitet i en i\u00f8jnefaldende farvekombination af brun, bl\u00e5 og orange. Fremstillet med fint aluminium\" \/>\n<meta name=\"robots\" content=\"index, follow, max-snippet:-1, max-image-preview:large, max-video-preview:-1\" \/>\n<link rel=\"canonical\" href=\"https:\/\/hubsch-interior.com\/da\/wp-json\/wp\/v2\/product\/1006457\" \/>\n<meta property=\"og:locale\" content=\"da_DK\" \/>\n<meta property=\"og:type\" content=\"article\" \/>\n<meta property=\"og:title\" content=\"Interplay Pendel Brun\/Bl\u00e5\/Orange - H\u00fcbsch\" \/>\n<meta property=\"og:description\" content=\"Oplev charmen ved Interplay Pendel, hvor retro m\u00f8der modernitet i en i\u00f8jnefaldende farvekombination af brun, bl\u00e5 og orange. Fremstillet med fint aluminium\" \/>\n<meta property=\"og:url\" content=\"https:\/\/hubsch-interior.com\/da\/vare\/interplay-pendel-brun-bla-orange-2\/\" \/>\n<meta property=\"og:site_name\" content=\"H\u00fcbsch\" \/>\n<meta property=\"article:modified_time\" content=\"2026-04-11T03:02:42+00:00\" \/>\n<meta property=\"og:image\" content=\"https:\/\/hubsch-interior.com\/wp-content\/uploads\/2026\/02\/interplay-pendant-l-85cm-brownblueorange-46aa093d2bb3c65523eadb8095ba1bfc.jpg\" \/>\n\t<meta property=\"og:image:width\" content=\"1024\" \/>\n\t<meta property=\"og:image:height\" content=\"1024\" \/>\n\t<meta property=\"og:image:type\" content=\"image\/jpeg\" \/>\n<meta name=\"twitter:card\" content=\"summary_large_image\" \/>\n<script type=\"application\/ld+json\" class=\"yoast-schema-graph\">{\"@context\":\"https:\/\/schema.org\",\"@graph\":[{\"@type\":\"WebPage\",\"@id\":\"https:\/\/hubsch-interior.com\/da\/vare\/interplay-pendel-brun-bla-orange-2\/\",\"url\":\"https:\/\/hubsch-interior.com\/da\/vare\/interplay-pendel-brun-bla-orange-2\/\",\"name\":\"Interplay Pendel Brun\/Bl\u00e5\/Orange - H\u00fcbsch\",\"isPartOf\":{\"@id\":\"https:\/\/hubsch-interior.com\/da\/#website\"},\"primaryImageOfPage\":{\"@id\":\"https:\/\/hubsch-interior.com\/da\/vare\/interplay-pendel-brun-bla-orange-2\/#primaryimage\"},\"image\":{\"@id\":\"https:\/\/hubsch-interior.com\/da\/vare\/interplay-pendel-brun-bla-orange-2\/#primaryimage\"},\"thumbnailUrl\":\"https:\/\/hubsch-interior.com\/wp-content\/uploads\/2026\/02\/interplay-pendant-l-85cm-brownblueorange-46aa093d2bb3c65523eadb8095ba1bfc.jpg\",\"datePublished\":\"2025-01-14T11:13:28+00:00\",\"dateModified\":\"2026-04-11T03:02:42+00:00\",\"description\":\"Oplev charmen ved Interplay Pendel, hvor retro m\u00f8der modernitet i en i\u00f8jnefaldende farvekombination af brun, bl\u00e5 og orange. Fremstillet med fint aluminium\",\"breadcrumb\":{\"@id\":\"https:\/\/hubsch-interior.com\/da\/vare\/interplay-pendel-brun-bla-orange-2\/#breadcrumb\"},\"inLanguage\":\"da-DK\",\"potentialAction\":[{\"@type\":\"ReadAction\",\"target\":[\"https:\/\/hubsch-interior.com\/da\/vare\/interplay-pendel-brun-bla-orange-2\/\"]}]},{\"@type\":\"ImageObject\",\"inLanguage\":\"da-DK\",\"@id\":\"https:\/\/hubsch-interior.com\/da\/vare\/interplay-pendel-brun-bla-orange-2\/#primaryimage\",\"url\":\"https:\/\/hubsch-interior.com\/wp-content\/uploads\/2026\/02\/interplay-pendant-l-85cm-brownblueorange-46aa093d2bb3c65523eadb8095ba1bfc.jpg\",\"contentUrl\":\"https:\/\/hubsch-interior.com\/wp-content\/uploads\/2026\/02\/interplay-pendant-l-85cm-brownblueorange-46aa093d2bb3c65523eadb8095ba1bfc.jpg\",\"width\":1024,\"height\":1024},{\"@type\":\"BreadcrumbList\",\"@id\":\"https:\/\/hubsch-interior.com\/da\/vare\/interplay-pendel-brun-bla-orange-2\/#breadcrumb\",\"itemListElement\":[{\"@type\":\"ListItem\",\"position\":1,\"name\":\"Forside\",\"item\":\"https:\/\/hubsch-interior.com\/da\/\"},{\"@type\":\"ListItem\",\"position\":2,\"name\":\"Produkter\",\"item\":\"https:\/\/hubsch-interior.com\/da\/produkter\/\"},{\"@type\":\"ListItem\",\"position\":3,\"name\":\"Belysning\",\"item\":\"https:\/\/hubsch-interior.com\/da\/vare-kategori\/belysning\/\"},{\"@type\":\"ListItem\",\"position\":4,\"name\":\"Loftslamper\",\"item\":\"https:\/\/hubsch-interior.com\/da\/vare-kategori\/belysning\/loftslamper-da\/\"},{\"@type\":\"ListItem\",\"position\":5,\"name\":\"Interplay Pendel Brun\/Bl\u00e5\/Orange\"}]},{\"@type\":\"WebSite\",\"@id\":\"https:\/\/hubsch-interior.com\/da\/#website\",\"url\":\"https:\/\/hubsch-interior.com\/da\/\",\"name\":\"H\u00fcbsch\",\"description\":\"Danish Home Interior and Design\",\"publisher\":{\"@id\":\"https:\/\/hubsch-interior.com\/da\/#organization\"},\"potentialAction\":[{\"@type\":\"SearchAction\",\"target\":{\"@type\":\"EntryPoint\",\"urlTemplate\":\"https:\/\/hubsch-interior.com\/da\/?s={search_term_string}\"},\"query-input\":{\"@type\":\"PropertyValueSpecification\",\"valueRequired\":true,\"valueName\":\"search_term_string\"}}],\"inLanguage\":\"da-DK\"},{\"@type\":\"Organization\",\"@id\":\"https:\/\/hubsch-interior.com\/da\/#organization\",\"name\":\"H\u00fcbsch\",\"url\":\"https:\/\/hubsch-interior.com\/da\/\",\"logo\":{\"@type\":\"ImageObject\",\"inLanguage\":\"da-DK\",\"@id\":\"https:\/\/hubsch-interior.com\/da\/#\/schema\/logo\/image\/\",\"url\":\"https:\/\/hubsch-interior.com\/wp-content\/uploads\/2022\/12\/Hubsch_logo_black_one_line.svg\",\"contentUrl\":\"https:\/\/hubsch-interior.com\/wp-content\/uploads\/2022\/12\/Hubsch_logo_black_one_line.svg\",\"caption\":\"H\u00fcbsch\"},\"image\":{\"@id\":\"https:\/\/hubsch-interior.com\/da\/#\/schema\/logo\/image\/\"}}]}<\/script>\n<!-- \/ Yoast SEO plugin. -->","yoast_head_json":{"title":"Interplay Pendel Brun\/Bl\u00e5\/Orange - H\u00fcbsch","description":"Oplev charmen ved Interplay Pendel, hvor retro m\u00f8der modernitet i en i\u00f8jnefaldende farvekombination af brun, bl\u00e5 og orange. Fremstillet med fint aluminium","robots":{"index":"index","follow":"follow","max-snippet":"max-snippet:-1","max-image-preview":"max-image-preview:large","max-video-preview":"max-video-preview:-1"},"canonical":"https:\/\/hubsch-interior.com\/da\/wp-json\/wp\/v2\/product\/1006457","og_locale":"da_DK","og_type":"article","og_title":"Interplay Pendel Brun\/Bl\u00e5\/Orange - H\u00fcbsch","og_description":"Oplev charmen ved Interplay Pendel, hvor retro m\u00f8der modernitet i en i\u00f8jnefaldende farvekombination af brun, bl\u00e5 og orange. Fremstillet med fint aluminium","og_url":"https:\/\/hubsch-interior.com\/da\/vare\/interplay-pendel-brun-bla-orange-2\/","og_site_name":"H\u00fcbsch","article_modified_time":"2026-04-11T03:02:42+00:00","og_image":[{"width":1024,"height":1024,"url":"https:\/\/hubsch-interior.com\/wp-content\/uploads\/2026\/02\/interplay-pendant-l-85cm-brownblueorange-46aa093d2bb3c65523eadb8095ba1bfc.jpg","type":"image\/jpeg"}],"twitter_card":"summary_large_image","schema":{"@context":"https:\/\/schema.org","@graph":[{"@type":"WebPage","@id":"https:\/\/hubsch-interior.com\/da\/vare\/interplay-pendel-brun-bla-orange-2\/","url":"https:\/\/hubsch-interior.com\/da\/vare\/interplay-pendel-brun-bla-orange-2\/","name":"Interplay Pendel Brun\/Bl\u00e5\/Orange - H\u00fcbsch","isPartOf":{"@id":"https:\/\/hubsch-interior.com\/da\/#website"},"primaryImageOfPage":{"@id":"https:\/\/hubsch-interior.com\/da\/vare\/interplay-pendel-brun-bla-orange-2\/#primaryimage"},"image":{"@id":"https:\/\/hubsch-interior.com\/da\/vare\/interplay-pendel-brun-bla-orange-2\/#primaryimage"},"thumbnailUrl":"https:\/\/hubsch-interior.com\/wp-content\/uploads\/2026\/02\/interplay-pendant-l-85cm-brownblueorange-46aa093d2bb3c65523eadb8095ba1bfc.jpg","datePublished":"2025-01-14T11:13:28+00:00","dateModified":"2026-04-11T03:02:42+00:00","description":"Oplev charmen ved Interplay Pendel, hvor retro m\u00f8der modernitet i en i\u00f8jnefaldende farvekombination af brun, bl\u00e5 og orange. Fremstillet med fint aluminium","breadcrumb":{"@id":"https:\/\/hubsch-interior.com\/da\/vare\/interplay-pendel-brun-bla-orange-2\/#breadcrumb"},"inLanguage":"da-DK","potentialAction":[{"@type":"ReadAction","target":["https:\/\/hubsch-interior.com\/da\/vare\/interplay-pendel-brun-bla-orange-2\/"]}]},{"@type":"ImageObject","inLanguage":"da-DK","@id":"https:\/\/hubsch-interior.com\/da\/vare\/interplay-pendel-brun-bla-orange-2\/#primaryimage","url":"https:\/\/hubsch-interior.com\/wp-content\/uploads\/2026\/02\/interplay-pendant-l-85cm-brownblueorange-46aa093d2bb3c65523eadb8095ba1bfc.jpg","contentUrl":"https:\/\/hubsch-interior.com\/wp-content\/uploads\/2026\/02\/interplay-pendant-l-85cm-brownblueorange-46aa093d2bb3c65523eadb8095ba1bfc.jpg","width":1024,"height":1024},{"@type":"BreadcrumbList","@id":"https:\/\/hubsch-interior.com\/da\/vare\/interplay-pendel-brun-bla-orange-2\/#breadcrumb","itemListElement":[{"@type":"ListItem","position":1,"name":"Forside","item":"https:\/\/hubsch-interior.com\/da\/"},{"@type":"ListItem","position":2,"name":"Produkter","item":"https:\/\/hubsch-interior.com\/da\/produkter\/"},{"@type":"ListItem","position":3,"name":"Belysning","item":"https:\/\/hubsch-interior.com\/da\/vare-kategori\/belysning\/"},{"@type":"ListItem","position":4,"name":"Loftslamper","item":"https:\/\/hubsch-interior.com\/da\/vare-kategori\/belysning\/loftslamper-da\/"},{"@type":"ListItem","position":5,"name":"Interplay Pendel Brun\/Bl\u00e5\/Orange"}]},{"@type":"WebSite","@id":"https:\/\/hubsch-interior.com\/da\/#website","url":"https:\/\/hubsch-interior.com\/da\/","name":"H\u00fcbsch","description":"Danish Home Interior and Design","publisher":{"@id":"https:\/\/hubsch-interior.com\/da\/#organization"},"potentialAction":[{"@type":"SearchAction","target":{"@type":"EntryPoint","urlTemplate":"https:\/\/hubsch-interior.com\/da\/?s={search_term_string}"},"query-input":{"@type":"PropertyValueSpecification","valueRequired":true,"valueName":"search_term_string"}}],"inLanguage":"da-DK"},{"@type":"Organization","@id":"https:\/\/hubsch-interior.com\/da\/#organization","name":"H\u00fcbsch","url":"https:\/\/hubsch-interior.com\/da\/","logo":{"@type":"ImageObject","inLanguage":"da-DK","@id":"https:\/\/hubsch-interior.com\/da\/#\/schema\/logo\/image\/","url":"https:\/\/hubsch-interior.com\/wp-content\/uploads\/2022\/12\/Hubsch_logo_black_one_line.svg","contentUrl":"https:\/\/hubsch-interior.com\/wp-content\/uploads\/2022\/12\/Hubsch_logo_black_one_line.svg","caption":"H\u00fcbsch"},"image":{"@id":"https:\/\/hubsch-interior.com\/da\/#\/schema\/logo\/image\/"}}]}},"_links":{"self":[{"href":"https:\/\/hubsch-interior.com\/da\/wp-json\/wp\/v2\/product\/1006457","targetHints":{"allow":["GET"]}}],"collection":[{"href":"https:\/\/hubsch-interior.com\/da\/wp-json\/wp\/v2\/product"}],"about":[{"href":"https:\/\/hubsch-interior.com\/da\/wp-json\/wp\/v2\/types\/product"}],"wp:featuredmedia":[{"embeddable":true,"href":"https:\/\/hubsch-interior.com\/da\/wp-json\/wp\/v2\/media\/1107670"}],"wp:attachment":[{"href":"https:\/\/hubsch-interior.com\/da\/wp-json\/wp\/v2\/media?parent=1006457"}],"wp:term":[{"taxonomy":"product_brand","embeddable":true,"href":"https:\/\/hubsch-interior.com\/da\/wp-json\/wp\/v2\/product_brand?post=1006457"},{"taxonomy":"product_cat","embeddable":true,"href":"https:\/\/hubsch-interior.com\/da\/wp-json\/wp\/v2\/product_cat?post=1006457"},{"taxonomy":"product_tag","embeddable":true,"href":"https:\/\/hubsch-interior.com\/da\/wp-json\/wp\/v2\/product_tag?post=1006457"}],"curies":[{"name":"wp","href":"https:\/\/api.w.org\/{rel}","templated":true}]}}