{"id":1006522,"date":"2025-01-14T12:57:24","date_gmt":"2025-01-14T11:57:24","guid":{"rendered":"https:\/\/hubsch-interior.com\/product\/product\/"},"modified":"2026-04-05T05:22:57","modified_gmt":"2026-04-05T03:22:57","slug":"kindred-lysestage-lysegra-saet-af-2","status":"publish","type":"product","link":"https:\/\/hubsch-interior.com\/da\/vare\/kindred-lysestage-lysegra-saet-af-2\/","title":{"rendered":"Kindred Lysestage Lysegr\u00e5 (s\u00e6t af 2)"},"content":{"rendered":"<p>Oplev charmen ved vores Kindred Lysestage, et klassisk s\u00e6t i en beroligende lysegr\u00e5 farve. Denne variant, der er udf\u00f8rt med elegance i metal, har et minimalistisk, men alligevel retro udtryk. Perfekt til intime aftener; t\u00e6nd et lys og skab et H\u00fcbsch \u00f8jeblik. Tilg\u00e6ngelig i tre forskellige varianter, er det nemt at kombinere den med dine andre lysestager derhjemme, og skabe en harmonisk blanding af bl\u00f8dt lys og stil i ethvert rum.<\/p>\n","protected":false},"excerpt":{"rendered":"<p>Oplev charmen ved vores Kindred Lysestage, et klassisk s\u00e6t i en beroligende lysegr\u00e5 farve. Denne variant, der er udf\u00f8rt med elegance i metal, har et minimalistisk, men alligevel retro udtryk. Perfekt til intime aftener; t\u00e6nd et lys og skab et H\u00fcbsch \u00f8jeblik. Tilg\u00e6ngelig i tre forskellige varianter, er det nemt at kombinere den med dine [&hellip;]<\/p>\n","protected":false},"featured_media":1111175,"template":"","meta":{"_acf_changed":false,"inline_featured_image":false},"product_brand":[],"product_cat":[6970,6996,4063,4064,5025,6517],"product_tag":[],"class_list":{"0":"post-1006522","1":"product","2":"type-product","3":"status-publish","4":"has-post-thumbnail","6":"product_cat-paaskeudsalg","7":"product_cat-the-buzz-da","8":"product_cat-lysestager-lanterner-da","9":"product_cat-lysestager-da","10":"product_cat-bestsellers-da","11":"product_cat-outlet-da","12":"product_shipping_class-pk","14":"pa_color-lysegr","15":"pa_material-jern-da","17":"first","18":"instock","19":"sale","20":"featured","21":"taxable","22":"shipping-taxable","23":"purchasable","24":"product-type-simple"},"exclude_global_add_ons":[],"addons":[],"acf":[],"yoast_head":"<!-- This site is optimized with the Yoast SEO plugin v26.4 - https:\/\/yoast.com\/wordpress\/plugins\/seo\/ -->\n<title>Kindred Lysestage Lysegr\u00e5 (s\u00e6t af 2) - H\u00fcbsch<\/title>\n<meta name=\"description\" content=\"Oplev charmen ved vores Kindred Lysestage, et klassisk s\u00e6t i en beroligende lysegr\u00e5 farve. Denne variant, der er udf\u00f8rt med elegance i metal, har et\" \/>\n<meta name=\"robots\" content=\"index, follow, max-snippet:-1, max-image-preview:large, max-video-preview:-1\" \/>\n<link rel=\"canonical\" href=\"https:\/\/hubsch-interior.com\/da\/wp-json\/wp\/v2\/product\/1006522\" \/>\n<meta property=\"og:locale\" content=\"da_DK\" \/>\n<meta property=\"og:type\" content=\"article\" \/>\n<meta property=\"og:title\" content=\"Kindred Lysestage Lysegr\u00e5 (s\u00e6t af 2) - H\u00fcbsch\" \/>\n<meta property=\"og:description\" content=\"Oplev charmen ved vores Kindred Lysestage, et klassisk s\u00e6t i en beroligende lysegr\u00e5 farve. Denne variant, der er udf\u00f8rt med elegance i metal, har et\" \/>\n<meta property=\"og:url\" content=\"https:\/\/hubsch-interior.com\/da\/vare\/kindred-lysestage-lysegra-saet-af-2\/\" \/>\n<meta property=\"og:site_name\" content=\"H\u00fcbsch\" \/>\n<meta property=\"article:modified_time\" content=\"2026-04-05T03:22:57+00:00\" \/>\n<meta property=\"og:image\" content=\"https:\/\/hubsch-interior.com\/wp-content\/uploads\/2025\/01\/kindred-candleholder-light-grey-set-of-2-71985853f6a8b0fdc2b69ad9f6af1fe9.jpg\" \/>\n\t<meta property=\"og:image:width\" content=\"1200\" \/>\n\t<meta property=\"og:image:height\" content=\"1200\" \/>\n\t<meta property=\"og:image:type\" content=\"image\/jpeg\" \/>\n<meta name=\"twitter:card\" content=\"summary_large_image\" \/>\n<script type=\"application\/ld+json\" class=\"yoast-schema-graph\">{\"@context\":\"https:\/\/schema.org\",\"@graph\":[{\"@type\":\"WebPage\",\"@id\":\"https:\/\/hubsch-interior.com\/da\/vare\/kindred-lysestage-lysegra-saet-af-2\/\",\"url\":\"https:\/\/hubsch-interior.com\/da\/vare\/kindred-lysestage-lysegra-saet-af-2\/\",\"name\":\"Kindred Lysestage Lysegr\u00e5 (s\u00e6t af 2) - H\u00fcbsch\",\"isPartOf\":{\"@id\":\"https:\/\/hubsch-interior.com\/da\/#website\"},\"primaryImageOfPage\":{\"@id\":\"https:\/\/hubsch-interior.com\/da\/vare\/kindred-lysestage-lysegra-saet-af-2\/#primaryimage\"},\"image\":{\"@id\":\"https:\/\/hubsch-interior.com\/da\/vare\/kindred-lysestage-lysegra-saet-af-2\/#primaryimage\"},\"thumbnailUrl\":\"https:\/\/hubsch-interior.com\/wp-content\/uploads\/2026\/02\/kindred-candleholder-light-grey-set-of-2-2c6fdbfcab0144b597dc2da2ef9e9c68.jpg\",\"datePublished\":\"2025-01-14T11:57:24+00:00\",\"dateModified\":\"2026-04-05T03:22:57+00:00\",\"description\":\"Oplev charmen ved vores Kindred Lysestage, et klassisk s\u00e6t i en beroligende lysegr\u00e5 farve. Denne variant, der er udf\u00f8rt med elegance i metal, har et\",\"breadcrumb\":{\"@id\":\"https:\/\/hubsch-interior.com\/da\/vare\/kindred-lysestage-lysegra-saet-af-2\/#breadcrumb\"},\"inLanguage\":\"da-DK\",\"potentialAction\":[{\"@type\":\"ReadAction\",\"target\":[\"https:\/\/hubsch-interior.com\/da\/vare\/kindred-lysestage-lysegra-saet-af-2\/\"]}]},{\"@type\":\"ImageObject\",\"inLanguage\":\"da-DK\",\"@id\":\"https:\/\/hubsch-interior.com\/da\/vare\/kindred-lysestage-lysegra-saet-af-2\/#primaryimage\",\"url\":\"https:\/\/hubsch-interior.com\/wp-content\/uploads\/2026\/02\/kindred-candleholder-light-grey-set-of-2-2c6fdbfcab0144b597dc2da2ef9e9c68.jpg\",\"contentUrl\":\"https:\/\/hubsch-interior.com\/wp-content\/uploads\/2026\/02\/kindred-candleholder-light-grey-set-of-2-2c6fdbfcab0144b597dc2da2ef9e9c68.jpg\",\"width\":1024,\"height\":1024},{\"@type\":\"BreadcrumbList\",\"@id\":\"https:\/\/hubsch-interior.com\/da\/vare\/kindred-lysestage-lysegra-saet-af-2\/#breadcrumb\",\"itemListElement\":[{\"@type\":\"ListItem\",\"position\":1,\"name\":\"Forside\",\"item\":\"https:\/\/hubsch-interior.com\/da\/\"},{\"@type\":\"ListItem\",\"position\":2,\"name\":\"Produkter\",\"item\":\"https:\/\/hubsch-interior.com\/da\/produkter\/\"},{\"@type\":\"ListItem\",\"position\":3,\"name\":\"Boligtilbeh\u00f8r\",\"item\":\"https:\/\/hubsch-interior.com\/da\/vare-kategori\/boligtilbehor\/\"},{\"@type\":\"ListItem\",\"position\":4,\"name\":\"Lysestager &amp; Lanterner\",\"item\":\"https:\/\/hubsch-interior.com\/da\/vare-kategori\/boligtilbehor\/lysestager-lanterner-da\/\"},{\"@type\":\"ListItem\",\"position\":5,\"name\":\"Lysestager\",\"item\":\"https:\/\/hubsch-interior.com\/da\/vare-kategori\/boligtilbehor\/lysestager-lanterner-da\/lysestager-da\/\"},{\"@type\":\"ListItem\",\"position\":6,\"name\":\"Kindred Lysestage Lysegr\u00e5 (s\u00e6t af 2)\"}]},{\"@type\":\"WebSite\",\"@id\":\"https:\/\/hubsch-interior.com\/da\/#website\",\"url\":\"https:\/\/hubsch-interior.com\/da\/\",\"name\":\"H\u00fcbsch\",\"description\":\"Danish Home Interior and Design\",\"publisher\":{\"@id\":\"https:\/\/hubsch-interior.com\/da\/#organization\"},\"potentialAction\":[{\"@type\":\"SearchAction\",\"target\":{\"@type\":\"EntryPoint\",\"urlTemplate\":\"https:\/\/hubsch-interior.com\/da\/?s={search_term_string}\"},\"query-input\":{\"@type\":\"PropertyValueSpecification\",\"valueRequired\":true,\"valueName\":\"search_term_string\"}}],\"inLanguage\":\"da-DK\"},{\"@type\":\"Organization\",\"@id\":\"https:\/\/hubsch-interior.com\/da\/#organization\",\"name\":\"H\u00fcbsch\",\"url\":\"https:\/\/hubsch-interior.com\/da\/\",\"logo\":{\"@type\":\"ImageObject\",\"inLanguage\":\"da-DK\",\"@id\":\"https:\/\/hubsch-interior.com\/da\/#\/schema\/logo\/image\/\",\"url\":\"https:\/\/hubsch-interior.com\/wp-content\/uploads\/2022\/12\/Hubsch_logo_black_one_line.svg\",\"contentUrl\":\"https:\/\/hubsch-interior.com\/wp-content\/uploads\/2022\/12\/Hubsch_logo_black_one_line.svg\",\"caption\":\"H\u00fcbsch\"},\"image\":{\"@id\":\"https:\/\/hubsch-interior.com\/da\/#\/schema\/logo\/image\/\"}}]}<\/script>\n<!-- \/ Yoast SEO plugin. -->","yoast_head_json":{"title":"Kindred Lysestage Lysegr\u00e5 (s\u00e6t af 2) - H\u00fcbsch","description":"Oplev charmen ved vores Kindred Lysestage, et klassisk s\u00e6t i en beroligende lysegr\u00e5 farve. Denne variant, der er udf\u00f8rt med elegance i metal, har et","robots":{"index":"index","follow":"follow","max-snippet":"max-snippet:-1","max-image-preview":"max-image-preview:large","max-video-preview":"max-video-preview:-1"},"canonical":"https:\/\/hubsch-interior.com\/da\/wp-json\/wp\/v2\/product\/1006522","og_locale":"da_DK","og_type":"article","og_title":"Kindred Lysestage Lysegr\u00e5 (s\u00e6t af 2) - H\u00fcbsch","og_description":"Oplev charmen ved vores Kindred Lysestage, et klassisk s\u00e6t i en beroligende lysegr\u00e5 farve. Denne variant, der er udf\u00f8rt med elegance i metal, har et","og_url":"https:\/\/hubsch-interior.com\/da\/vare\/kindred-lysestage-lysegra-saet-af-2\/","og_site_name":"H\u00fcbsch","article_modified_time":"2026-04-05T03:22:57+00:00","og_image":[{"width":1200,"height":1200,"url":"https:\/\/hubsch-interior.com\/wp-content\/uploads\/2025\/01\/kindred-candleholder-light-grey-set-of-2-71985853f6a8b0fdc2b69ad9f6af1fe9.jpg","type":"image\/jpeg"}],"twitter_card":"summary_large_image","schema":{"@context":"https:\/\/schema.org","@graph":[{"@type":"WebPage","@id":"https:\/\/hubsch-interior.com\/da\/vare\/kindred-lysestage-lysegra-saet-af-2\/","url":"https:\/\/hubsch-interior.com\/da\/vare\/kindred-lysestage-lysegra-saet-af-2\/","name":"Kindred Lysestage Lysegr\u00e5 (s\u00e6t af 2) - H\u00fcbsch","isPartOf":{"@id":"https:\/\/hubsch-interior.com\/da\/#website"},"primaryImageOfPage":{"@id":"https:\/\/hubsch-interior.com\/da\/vare\/kindred-lysestage-lysegra-saet-af-2\/#primaryimage"},"image":{"@id":"https:\/\/hubsch-interior.com\/da\/vare\/kindred-lysestage-lysegra-saet-af-2\/#primaryimage"},"thumbnailUrl":"https:\/\/hubsch-interior.com\/wp-content\/uploads\/2026\/02\/kindred-candleholder-light-grey-set-of-2-2c6fdbfcab0144b597dc2da2ef9e9c68.jpg","datePublished":"2025-01-14T11:57:24+00:00","dateModified":"2026-04-05T03:22:57+00:00","description":"Oplev charmen ved vores Kindred Lysestage, et klassisk s\u00e6t i en beroligende lysegr\u00e5 farve. Denne variant, der er udf\u00f8rt med elegance i metal, har et","breadcrumb":{"@id":"https:\/\/hubsch-interior.com\/da\/vare\/kindred-lysestage-lysegra-saet-af-2\/#breadcrumb"},"inLanguage":"da-DK","potentialAction":[{"@type":"ReadAction","target":["https:\/\/hubsch-interior.com\/da\/vare\/kindred-lysestage-lysegra-saet-af-2\/"]}]},{"@type":"ImageObject","inLanguage":"da-DK","@id":"https:\/\/hubsch-interior.com\/da\/vare\/kindred-lysestage-lysegra-saet-af-2\/#primaryimage","url":"https:\/\/hubsch-interior.com\/wp-content\/uploads\/2026\/02\/kindred-candleholder-light-grey-set-of-2-2c6fdbfcab0144b597dc2da2ef9e9c68.jpg","contentUrl":"https:\/\/hubsch-interior.com\/wp-content\/uploads\/2026\/02\/kindred-candleholder-light-grey-set-of-2-2c6fdbfcab0144b597dc2da2ef9e9c68.jpg","width":1024,"height":1024},{"@type":"BreadcrumbList","@id":"https:\/\/hubsch-interior.com\/da\/vare\/kindred-lysestage-lysegra-saet-af-2\/#breadcrumb","itemListElement":[{"@type":"ListItem","position":1,"name":"Forside","item":"https:\/\/hubsch-interior.com\/da\/"},{"@type":"ListItem","position":2,"name":"Produkter","item":"https:\/\/hubsch-interior.com\/da\/produkter\/"},{"@type":"ListItem","position":3,"name":"Boligtilbeh\u00f8r","item":"https:\/\/hubsch-interior.com\/da\/vare-kategori\/boligtilbehor\/"},{"@type":"ListItem","position":4,"name":"Lysestager &amp; Lanterner","item":"https:\/\/hubsch-interior.com\/da\/vare-kategori\/boligtilbehor\/lysestager-lanterner-da\/"},{"@type":"ListItem","position":5,"name":"Lysestager","item":"https:\/\/hubsch-interior.com\/da\/vare-kategori\/boligtilbehor\/lysestager-lanterner-da\/lysestager-da\/"},{"@type":"ListItem","position":6,"name":"Kindred Lysestage Lysegr\u00e5 (s\u00e6t af 2)"}]},{"@type":"WebSite","@id":"https:\/\/hubsch-interior.com\/da\/#website","url":"https:\/\/hubsch-interior.com\/da\/","name":"H\u00fcbsch","description":"Danish Home Interior and Design","publisher":{"@id":"https:\/\/hubsch-interior.com\/da\/#organization"},"potentialAction":[{"@type":"SearchAction","target":{"@type":"EntryPoint","urlTemplate":"https:\/\/hubsch-interior.com\/da\/?s={search_term_string}"},"query-input":{"@type":"PropertyValueSpecification","valueRequired":true,"valueName":"search_term_string"}}],"inLanguage":"da-DK"},{"@type":"Organization","@id":"https:\/\/hubsch-interior.com\/da\/#organization","name":"H\u00fcbsch","url":"https:\/\/hubsch-interior.com\/da\/","logo":{"@type":"ImageObject","inLanguage":"da-DK","@id":"https:\/\/hubsch-interior.com\/da\/#\/schema\/logo\/image\/","url":"https:\/\/hubsch-interior.com\/wp-content\/uploads\/2022\/12\/Hubsch_logo_black_one_line.svg","contentUrl":"https:\/\/hubsch-interior.com\/wp-content\/uploads\/2022\/12\/Hubsch_logo_black_one_line.svg","caption":"H\u00fcbsch"},"image":{"@id":"https:\/\/hubsch-interior.com\/da\/#\/schema\/logo\/image\/"}}]}},"_links":{"self":[{"href":"https:\/\/hubsch-interior.com\/da\/wp-json\/wp\/v2\/product\/1006522","targetHints":{"allow":["GET"]}}],"collection":[{"href":"https:\/\/hubsch-interior.com\/da\/wp-json\/wp\/v2\/product"}],"about":[{"href":"https:\/\/hubsch-interior.com\/da\/wp-json\/wp\/v2\/types\/product"}],"wp:featuredmedia":[{"embeddable":true,"href":"https:\/\/hubsch-interior.com\/da\/wp-json\/wp\/v2\/media\/1111175"}],"wp:attachment":[{"href":"https:\/\/hubsch-interior.com\/da\/wp-json\/wp\/v2\/media?parent=1006522"}],"wp:term":[{"taxonomy":"product_brand","embeddable":true,"href":"https:\/\/hubsch-interior.com\/da\/wp-json\/wp\/v2\/product_brand?post=1006522"},{"taxonomy":"product_cat","embeddable":true,"href":"https:\/\/hubsch-interior.com\/da\/wp-json\/wp\/v2\/product_cat?post=1006522"},{"taxonomy":"product_tag","embeddable":true,"href":"https:\/\/hubsch-interior.com\/da\/wp-json\/wp\/v2\/product_tag?post=1006522"}],"curies":[{"name":"wp","href":"https:\/\/api.w.org\/{rel}","templated":true}]}}