{"id":1006570,"date":"2025-01-14T12:58:47","date_gmt":"2025-01-14T11:58:47","guid":{"rendered":"https:\/\/hubsch-interior.com\/product\/product\/"},"modified":"2026-04-05T05:23:04","modified_gmt":"2026-04-05T03:23:04","slug":"fold-sidebord-lysegron","status":"publish","type":"product","link":"https:\/\/hubsch-interior.com\/da\/vare\/fold-sidebord-lysegron\/","title":{"rendered":"Fold Sidebord Lysegr\u00f8n"},"content":{"rendered":"<p>Fold Sidebord, et charmerende m\u00f8bel til dit opholdsrum, der minder om et stykke foldet papir i udtrykket. Fremstillet af pulverlakeret st\u00e5l i en lys gr\u00f8n farve, sikrer dette bord holdbarhed indpakket i et f\u00e6ngende design. Tilg\u00e6ngelig i tre forskellige varianter, taler hvert produkt til en nostalgi, n\u00e6sten som en erindring om skoletidens kunst og h\u00e5ndv\u00e6rk. Dets robuste, meget tunge konstruktion g\u00f8r det til en p\u00e5lidelig ledsager ved din yndlingsl\u00e6nestol, hvor den kan holde din aftente og din seneste l\u00e6sning.<\/p>\n","protected":false},"excerpt":{"rendered":"<p>Fold Sidebord, et charmerende m\u00f8bel til dit opholdsrum, der minder om et stykke foldet papir i udtrykket. Fremstillet af pulverlakeret st\u00e5l i en lys gr\u00f8n farve, sikrer dette bord holdbarhed indpakket i et f\u00e6ngende design. Tilg\u00e6ngelig i tre forskellige varianter, taler hvert produkt til en nostalgi, n\u00e6sten som en erindring om skoletidens kunst og h\u00e5ndv\u00e6rk. [&hellip;]<\/p>\n","protected":false},"featured_media":1113720,"template":"","meta":{"_acf_changed":false,"inline_featured_image":false},"product_brand":[],"product_cat":[6996,2857,4026],"product_tag":[],"class_list":{"0":"post-1006570","1":"product","2":"type-product","3":"status-publish","4":"has-post-thumbnail","6":"product_cat-the-buzz-da","7":"product_cat-borde-da","8":"product_cat-sideborde-da","9":"product_shipping_class-pk","11":"pa_color-lysegrn","12":"pa_material-jern-da","14":"first","15":"instock","16":"taxable","17":"shipping-taxable","18":"purchasable","19":"product-type-simple"},"exclude_global_add_ons":[],"addons":[],"acf":[],"yoast_head":"<!-- This site is optimized with the Yoast SEO plugin v26.4 - https:\/\/yoast.com\/wordpress\/plugins\/seo\/ -->\n<title>Fold Sidebord Lysegr\u00f8n - H\u00fcbsch<\/title>\n<meta name=\"description\" content=\"Fold Sidebord, et charmerende m\u00f8bel til dit opholdsrum, der minder om et stykke foldet papir i udtrykket. Fremstillet af pulverlakeret st\u00e5l i en lys gr\u00f8n\" \/>\n<meta name=\"robots\" content=\"index, follow, max-snippet:-1, max-image-preview:large, max-video-preview:-1\" \/>\n<link rel=\"canonical\" href=\"https:\/\/hubsch-interior.com\/da\/wp-json\/wp\/v2\/product\/1006570\" \/>\n<meta property=\"og:locale\" content=\"da_DK\" \/>\n<meta property=\"og:type\" content=\"article\" \/>\n<meta property=\"og:title\" content=\"Fold Sidebord Lysegr\u00f8n - H\u00fcbsch\" \/>\n<meta property=\"og:description\" content=\"Fold Sidebord, et charmerende m\u00f8bel til dit opholdsrum, der minder om et stykke foldet papir i udtrykket. Fremstillet af pulverlakeret st\u00e5l i en lys gr\u00f8n\" \/>\n<meta property=\"og:url\" content=\"https:\/\/hubsch-interior.com\/da\/vare\/fold-sidebord-lysegron\/\" \/>\n<meta property=\"og:site_name\" content=\"H\u00fcbsch\" \/>\n<meta property=\"article:modified_time\" content=\"2026-04-05T03:23:04+00:00\" \/>\n<meta property=\"og:image\" content=\"https:\/\/hubsch-interior.com\/wp-content\/uploads\/2025\/04\/fold-side-table-light-green-bc4b164a3d31d4390d95ecd8e6b635c2.jpg\" \/>\n\t<meta property=\"og:image:width\" content=\"1200\" \/>\n\t<meta property=\"og:image:height\" content=\"1200\" \/>\n\t<meta property=\"og:image:type\" content=\"image\/jpeg\" \/>\n<meta name=\"twitter:card\" content=\"summary_large_image\" \/>\n<script type=\"application\/ld+json\" class=\"yoast-schema-graph\">{\"@context\":\"https:\/\/schema.org\",\"@graph\":[{\"@type\":\"WebPage\",\"@id\":\"https:\/\/hubsch-interior.com\/da\/vare\/fold-sidebord-lysegron\/\",\"url\":\"https:\/\/hubsch-interior.com\/da\/vare\/fold-sidebord-lysegron\/\",\"name\":\"Fold Sidebord Lysegr\u00f8n - H\u00fcbsch\",\"isPartOf\":{\"@id\":\"https:\/\/hubsch-interior.com\/da\/#website\"},\"primaryImageOfPage\":{\"@id\":\"https:\/\/hubsch-interior.com\/da\/vare\/fold-sidebord-lysegron\/#primaryimage\"},\"image\":{\"@id\":\"https:\/\/hubsch-interior.com\/da\/vare\/fold-sidebord-lysegron\/#primaryimage\"},\"thumbnailUrl\":\"https:\/\/hubsch-interior.com\/wp-content\/uploads\/2026\/02\/fold-side-table-light-green-e29129f42e914df99872a07593e2f8d6.jpg\",\"datePublished\":\"2025-01-14T11:58:47+00:00\",\"dateModified\":\"2026-04-05T03:23:04+00:00\",\"description\":\"Fold Sidebord, et charmerende m\u00f8bel til dit opholdsrum, der minder om et stykke foldet papir i udtrykket. Fremstillet af pulverlakeret st\u00e5l i en lys gr\u00f8n\",\"breadcrumb\":{\"@id\":\"https:\/\/hubsch-interior.com\/da\/vare\/fold-sidebord-lysegron\/#breadcrumb\"},\"inLanguage\":\"da-DK\",\"potentialAction\":[{\"@type\":\"ReadAction\",\"target\":[\"https:\/\/hubsch-interior.com\/da\/vare\/fold-sidebord-lysegron\/\"]}]},{\"@type\":\"ImageObject\",\"inLanguage\":\"da-DK\",\"@id\":\"https:\/\/hubsch-interior.com\/da\/vare\/fold-sidebord-lysegron\/#primaryimage\",\"url\":\"https:\/\/hubsch-interior.com\/wp-content\/uploads\/2026\/02\/fold-side-table-light-green-e29129f42e914df99872a07593e2f8d6.jpg\",\"contentUrl\":\"https:\/\/hubsch-interior.com\/wp-content\/uploads\/2026\/02\/fold-side-table-light-green-e29129f42e914df99872a07593e2f8d6.jpg\",\"width\":1024,\"height\":1024},{\"@type\":\"BreadcrumbList\",\"@id\":\"https:\/\/hubsch-interior.com\/da\/vare\/fold-sidebord-lysegron\/#breadcrumb\",\"itemListElement\":[{\"@type\":\"ListItem\",\"position\":1,\"name\":\"Forside\",\"item\":\"https:\/\/hubsch-interior.com\/da\/\"},{\"@type\":\"ListItem\",\"position\":2,\"name\":\"Produkter\",\"item\":\"https:\/\/hubsch-interior.com\/da\/produkter\/\"},{\"@type\":\"ListItem\",\"position\":3,\"name\":\"M\u00f8bler\",\"item\":\"https:\/\/hubsch-interior.com\/da\/vare-kategori\/mobler\/\"},{\"@type\":\"ListItem\",\"position\":4,\"name\":\"Borde\",\"item\":\"https:\/\/hubsch-interior.com\/da\/vare-kategori\/mobler\/borde-da\/\"},{\"@type\":\"ListItem\",\"position\":5,\"name\":\"Sideborde\",\"item\":\"https:\/\/hubsch-interior.com\/da\/vare-kategori\/mobler\/borde-da\/sideborde-da\/\"},{\"@type\":\"ListItem\",\"position\":6,\"name\":\"Fold Sidebord Lysegr\u00f8n\"}]},{\"@type\":\"WebSite\",\"@id\":\"https:\/\/hubsch-interior.com\/da\/#website\",\"url\":\"https:\/\/hubsch-interior.com\/da\/\",\"name\":\"H\u00fcbsch\",\"description\":\"Danish Home Interior and Design\",\"publisher\":{\"@id\":\"https:\/\/hubsch-interior.com\/da\/#organization\"},\"potentialAction\":[{\"@type\":\"SearchAction\",\"target\":{\"@type\":\"EntryPoint\",\"urlTemplate\":\"https:\/\/hubsch-interior.com\/da\/?s={search_term_string}\"},\"query-input\":{\"@type\":\"PropertyValueSpecification\",\"valueRequired\":true,\"valueName\":\"search_term_string\"}}],\"inLanguage\":\"da-DK\"},{\"@type\":\"Organization\",\"@id\":\"https:\/\/hubsch-interior.com\/da\/#organization\",\"name\":\"H\u00fcbsch\",\"url\":\"https:\/\/hubsch-interior.com\/da\/\",\"logo\":{\"@type\":\"ImageObject\",\"inLanguage\":\"da-DK\",\"@id\":\"https:\/\/hubsch-interior.com\/da\/#\/schema\/logo\/image\/\",\"url\":\"https:\/\/hubsch-interior.com\/wp-content\/uploads\/2022\/12\/Hubsch_logo_black_one_line.svg\",\"contentUrl\":\"https:\/\/hubsch-interior.com\/wp-content\/uploads\/2022\/12\/Hubsch_logo_black_one_line.svg\",\"caption\":\"H\u00fcbsch\"},\"image\":{\"@id\":\"https:\/\/hubsch-interior.com\/da\/#\/schema\/logo\/image\/\"}}]}<\/script>\n<!-- \/ Yoast SEO plugin. -->","yoast_head_json":{"title":"Fold Sidebord Lysegr\u00f8n - H\u00fcbsch","description":"Fold Sidebord, et charmerende m\u00f8bel til dit opholdsrum, der minder om et stykke foldet papir i udtrykket. Fremstillet af pulverlakeret st\u00e5l i en lys gr\u00f8n","robots":{"index":"index","follow":"follow","max-snippet":"max-snippet:-1","max-image-preview":"max-image-preview:large","max-video-preview":"max-video-preview:-1"},"canonical":"https:\/\/hubsch-interior.com\/da\/wp-json\/wp\/v2\/product\/1006570","og_locale":"da_DK","og_type":"article","og_title":"Fold Sidebord Lysegr\u00f8n - H\u00fcbsch","og_description":"Fold Sidebord, et charmerende m\u00f8bel til dit opholdsrum, der minder om et stykke foldet papir i udtrykket. Fremstillet af pulverlakeret st\u00e5l i en lys gr\u00f8n","og_url":"https:\/\/hubsch-interior.com\/da\/vare\/fold-sidebord-lysegron\/","og_site_name":"H\u00fcbsch","article_modified_time":"2026-04-05T03:23:04+00:00","og_image":[{"width":1200,"height":1200,"url":"https:\/\/hubsch-interior.com\/wp-content\/uploads\/2025\/04\/fold-side-table-light-green-bc4b164a3d31d4390d95ecd8e6b635c2.jpg","type":"image\/jpeg"}],"twitter_card":"summary_large_image","schema":{"@context":"https:\/\/schema.org","@graph":[{"@type":"WebPage","@id":"https:\/\/hubsch-interior.com\/da\/vare\/fold-sidebord-lysegron\/","url":"https:\/\/hubsch-interior.com\/da\/vare\/fold-sidebord-lysegron\/","name":"Fold Sidebord Lysegr\u00f8n - H\u00fcbsch","isPartOf":{"@id":"https:\/\/hubsch-interior.com\/da\/#website"},"primaryImageOfPage":{"@id":"https:\/\/hubsch-interior.com\/da\/vare\/fold-sidebord-lysegron\/#primaryimage"},"image":{"@id":"https:\/\/hubsch-interior.com\/da\/vare\/fold-sidebord-lysegron\/#primaryimage"},"thumbnailUrl":"https:\/\/hubsch-interior.com\/wp-content\/uploads\/2026\/02\/fold-side-table-light-green-e29129f42e914df99872a07593e2f8d6.jpg","datePublished":"2025-01-14T11:58:47+00:00","dateModified":"2026-04-05T03:23:04+00:00","description":"Fold Sidebord, et charmerende m\u00f8bel til dit opholdsrum, der minder om et stykke foldet papir i udtrykket. Fremstillet af pulverlakeret st\u00e5l i en lys gr\u00f8n","breadcrumb":{"@id":"https:\/\/hubsch-interior.com\/da\/vare\/fold-sidebord-lysegron\/#breadcrumb"},"inLanguage":"da-DK","potentialAction":[{"@type":"ReadAction","target":["https:\/\/hubsch-interior.com\/da\/vare\/fold-sidebord-lysegron\/"]}]},{"@type":"ImageObject","inLanguage":"da-DK","@id":"https:\/\/hubsch-interior.com\/da\/vare\/fold-sidebord-lysegron\/#primaryimage","url":"https:\/\/hubsch-interior.com\/wp-content\/uploads\/2026\/02\/fold-side-table-light-green-e29129f42e914df99872a07593e2f8d6.jpg","contentUrl":"https:\/\/hubsch-interior.com\/wp-content\/uploads\/2026\/02\/fold-side-table-light-green-e29129f42e914df99872a07593e2f8d6.jpg","width":1024,"height":1024},{"@type":"BreadcrumbList","@id":"https:\/\/hubsch-interior.com\/da\/vare\/fold-sidebord-lysegron\/#breadcrumb","itemListElement":[{"@type":"ListItem","position":1,"name":"Forside","item":"https:\/\/hubsch-interior.com\/da\/"},{"@type":"ListItem","position":2,"name":"Produkter","item":"https:\/\/hubsch-interior.com\/da\/produkter\/"},{"@type":"ListItem","position":3,"name":"M\u00f8bler","item":"https:\/\/hubsch-interior.com\/da\/vare-kategori\/mobler\/"},{"@type":"ListItem","position":4,"name":"Borde","item":"https:\/\/hubsch-interior.com\/da\/vare-kategori\/mobler\/borde-da\/"},{"@type":"ListItem","position":5,"name":"Sideborde","item":"https:\/\/hubsch-interior.com\/da\/vare-kategori\/mobler\/borde-da\/sideborde-da\/"},{"@type":"ListItem","position":6,"name":"Fold Sidebord Lysegr\u00f8n"}]},{"@type":"WebSite","@id":"https:\/\/hubsch-interior.com\/da\/#website","url":"https:\/\/hubsch-interior.com\/da\/","name":"H\u00fcbsch","description":"Danish Home Interior and Design","publisher":{"@id":"https:\/\/hubsch-interior.com\/da\/#organization"},"potentialAction":[{"@type":"SearchAction","target":{"@type":"EntryPoint","urlTemplate":"https:\/\/hubsch-interior.com\/da\/?s={search_term_string}"},"query-input":{"@type":"PropertyValueSpecification","valueRequired":true,"valueName":"search_term_string"}}],"inLanguage":"da-DK"},{"@type":"Organization","@id":"https:\/\/hubsch-interior.com\/da\/#organization","name":"H\u00fcbsch","url":"https:\/\/hubsch-interior.com\/da\/","logo":{"@type":"ImageObject","inLanguage":"da-DK","@id":"https:\/\/hubsch-interior.com\/da\/#\/schema\/logo\/image\/","url":"https:\/\/hubsch-interior.com\/wp-content\/uploads\/2022\/12\/Hubsch_logo_black_one_line.svg","contentUrl":"https:\/\/hubsch-interior.com\/wp-content\/uploads\/2022\/12\/Hubsch_logo_black_one_line.svg","caption":"H\u00fcbsch"},"image":{"@id":"https:\/\/hubsch-interior.com\/da\/#\/schema\/logo\/image\/"}}]}},"_links":{"self":[{"href":"https:\/\/hubsch-interior.com\/da\/wp-json\/wp\/v2\/product\/1006570","targetHints":{"allow":["GET"]}}],"collection":[{"href":"https:\/\/hubsch-interior.com\/da\/wp-json\/wp\/v2\/product"}],"about":[{"href":"https:\/\/hubsch-interior.com\/da\/wp-json\/wp\/v2\/types\/product"}],"wp:featuredmedia":[{"embeddable":true,"href":"https:\/\/hubsch-interior.com\/da\/wp-json\/wp\/v2\/media\/1113720"}],"wp:attachment":[{"href":"https:\/\/hubsch-interior.com\/da\/wp-json\/wp\/v2\/media?parent=1006570"}],"wp:term":[{"taxonomy":"product_brand","embeddable":true,"href":"https:\/\/hubsch-interior.com\/da\/wp-json\/wp\/v2\/product_brand?post=1006570"},{"taxonomy":"product_cat","embeddable":true,"href":"https:\/\/hubsch-interior.com\/da\/wp-json\/wp\/v2\/product_cat?post=1006570"},{"taxonomy":"product_tag","embeddable":true,"href":"https:\/\/hubsch-interior.com\/da\/wp-json\/wp\/v2\/product_tag?post=1006570"}],"curies":[{"name":"wp","href":"https:\/\/api.w.org\/{rel}","templated":true}]}}