{"id":1006622,"date":"2025-01-14T13:00:26","date_gmt":"2025-01-14T12:00:26","guid":{"rendered":"https:\/\/hubsch-interior.com\/product\/product\/"},"modified":"2026-04-08T05:19:37","modified_gmt":"2026-04-08T03:19:37","slug":"play-kokkenrulleholder-bla-gra-gron","status":"publish","type":"product","link":"https:\/\/hubsch-interior.com\/da\/vare\/play-kokkenrulleholder-bla-gra-gron\/","title":{"rendered":"Play K\u00f8kkenrulleholder Bl\u00e5\/Gr\u00e5\/Gr\u00f8n"},"content":{"rendered":"<p>Oplev charmen ved vores Play K\u00f8kkenrulleholder, en sk\u00f8n kombination af bl\u00e5, gr\u00e5 og gr\u00f8nne nuancer, der tilf\u00f8rer et farverigt pift til dit k\u00f8kken. Fremstillet af robust metal, lover dette n\u00f8dvendige tilbeh\u00f8r b\u00e5de holdbarhed og stil. Der er aldrig et kedeligt \u00f8jeblik, n\u00e5r du r\u00e6kker ud efter et stykke k\u00f8kkenrulle; denne holder sikrer, at praktisk anvendelighed m\u00f8der flair. Hvem kan leve uden s\u00e5dan en livlig og nyttig tilf\u00f8jelse til deres k\u00f8kken? G\u00f8r hver dag lidt lysere med denne farverige kombination!<\/p>\n","protected":false},"excerpt":{"rendered":"<p>Oplev charmen ved vores Play K\u00f8kkenrulleholder, en sk\u00f8n kombination af bl\u00e5, gr\u00e5 og gr\u00f8nne nuancer, der tilf\u00f8rer et farverigt pift til dit k\u00f8kken. Fremstillet af robust metal, lover dette n\u00f8dvendige tilbeh\u00f8r b\u00e5de holdbarhed og stil. Der er aldrig et kedeligt \u00f8jeblik, n\u00e5r du r\u00e6kker ud efter et stykke k\u00f8kkenrulle; denne holder sikrer, at praktisk anvendelighed [&hellip;]<\/p>\n","protected":false},"featured_media":1113776,"template":"","meta":{"_acf_changed":false,"inline_featured_image":false},"product_brand":[],"product_cat":[7025,7058,6996,4051,4094,5025],"product_tag":[],"class_list":{"0":"post-1006622","1":"product","2":"type-product","3":"status-publish","4":"has-post-thumbnail","6":"product_cat-bordservice-da-2","7":"product_cat-koekkenrulleholder-da","8":"product_cat-the-buzz-da","9":"product_cat-koekkentilbehoer-da","10":"product_cat-bordservice-da","11":"product_cat-bestsellers-da","12":"product_shipping_class-pk","13":"pa_color-bl","14":"pa_color-gr","15":"pa_color-grn","16":"pa_material-jern-da","18":"first","19":"outofstock","20":"featured","21":"taxable","22":"shipping-taxable","23":"purchasable","24":"product-type-simple"},"exclude_global_add_ons":[],"addons":[],"acf":[],"yoast_head":"<!-- This site is optimized with the Yoast SEO plugin v26.4 - https:\/\/yoast.com\/wordpress\/plugins\/seo\/ -->\n<title>Play K\u00f8kkenrulleholder Bl\u00e5\/Gr\u00e5\/Gr\u00f8n - H\u00fcbsch<\/title>\n<meta name=\"description\" content=\"Oplev charmen ved vores Play K\u00f8kkenrulleholder, en sk\u00f8n kombination af bl\u00e5, gr\u00e5 og gr\u00f8nne nuancer, der tilf\u00f8rer et farverigt pift til dit k\u00f8kken.\" \/>\n<meta name=\"robots\" content=\"index, follow, max-snippet:-1, max-image-preview:large, max-video-preview:-1\" \/>\n<link rel=\"canonical\" href=\"https:\/\/hubsch-interior.com\/da\/wp-json\/wp\/v2\/product\/1006622\" \/>\n<meta property=\"og:locale\" content=\"da_DK\" \/>\n<meta property=\"og:type\" content=\"article\" \/>\n<meta property=\"og:title\" content=\"Play K\u00f8kkenrulleholder Bl\u00e5\/Gr\u00e5\/Gr\u00f8n - H\u00fcbsch\" \/>\n<meta property=\"og:description\" content=\"Oplev charmen ved vores Play K\u00f8kkenrulleholder, en sk\u00f8n kombination af bl\u00e5, gr\u00e5 og gr\u00f8nne nuancer, der tilf\u00f8rer et farverigt pift til dit k\u00f8kken.\" \/>\n<meta property=\"og:url\" content=\"https:\/\/hubsch-interior.com\/da\/vare\/play-kokkenrulleholder-bla-gra-gron\/\" \/>\n<meta property=\"og:site_name\" content=\"H\u00fcbsch\" \/>\n<meta property=\"article:modified_time\" content=\"2026-04-08T03:19:37+00:00\" \/>\n<meta property=\"og:image\" content=\"https:\/\/hubsch-interior.com\/wp-content\/uploads\/2025\/01\/play-kitchen-roll-holder-bluegreygreen-99402c7c65192933f1381b37e6990f33.jpg\" \/>\n\t<meta property=\"og:image:width\" content=\"1200\" \/>\n\t<meta property=\"og:image:height\" content=\"1200\" \/>\n\t<meta property=\"og:image:type\" content=\"image\/jpeg\" \/>\n<meta name=\"twitter:card\" content=\"summary_large_image\" \/>\n<script type=\"application\/ld+json\" class=\"yoast-schema-graph\">{\"@context\":\"https:\/\/schema.org\",\"@graph\":[{\"@type\":\"WebPage\",\"@id\":\"https:\/\/hubsch-interior.com\/da\/vare\/play-kokkenrulleholder-bla-gra-gron\/\",\"url\":\"https:\/\/hubsch-interior.com\/da\/vare\/play-kokkenrulleholder-bla-gra-gron\/\",\"name\":\"Play K\u00f8kkenrulleholder Bl\u00e5\/Gr\u00e5\/Gr\u00f8n - H\u00fcbsch\",\"isPartOf\":{\"@id\":\"https:\/\/hubsch-interior.com\/da\/#website\"},\"primaryImageOfPage\":{\"@id\":\"https:\/\/hubsch-interior.com\/da\/vare\/play-kokkenrulleholder-bla-gra-gron\/#primaryimage\"},\"image\":{\"@id\":\"https:\/\/hubsch-interior.com\/da\/vare\/play-kokkenrulleholder-bla-gra-gron\/#primaryimage\"},\"thumbnailUrl\":\"https:\/\/hubsch-interior.com\/wp-content\/uploads\/2026\/02\/play-kitchen-roll-holder-bluegreygreen-cb6a2a8428f6b56d6e5fcd79ddf90819.jpg\",\"datePublished\":\"2025-01-14T12:00:26+00:00\",\"dateModified\":\"2026-04-08T03:19:37+00:00\",\"description\":\"Oplev charmen ved vores Play K\u00f8kkenrulleholder, en sk\u00f8n kombination af bl\u00e5, gr\u00e5 og gr\u00f8nne nuancer, der tilf\u00f8rer et farverigt pift til dit k\u00f8kken.\",\"breadcrumb\":{\"@id\":\"https:\/\/hubsch-interior.com\/da\/vare\/play-kokkenrulleholder-bla-gra-gron\/#breadcrumb\"},\"inLanguage\":\"da-DK\",\"potentialAction\":[{\"@type\":\"ReadAction\",\"target\":[\"https:\/\/hubsch-interior.com\/da\/vare\/play-kokkenrulleholder-bla-gra-gron\/\"]}]},{\"@type\":\"ImageObject\",\"inLanguage\":\"da-DK\",\"@id\":\"https:\/\/hubsch-interior.com\/da\/vare\/play-kokkenrulleholder-bla-gra-gron\/#primaryimage\",\"url\":\"https:\/\/hubsch-interior.com\/wp-content\/uploads\/2026\/02\/play-kitchen-roll-holder-bluegreygreen-cb6a2a8428f6b56d6e5fcd79ddf90819.jpg\",\"contentUrl\":\"https:\/\/hubsch-interior.com\/wp-content\/uploads\/2026\/02\/play-kitchen-roll-holder-bluegreygreen-cb6a2a8428f6b56d6e5fcd79ddf90819.jpg\",\"width\":1024,\"height\":1024},{\"@type\":\"BreadcrumbList\",\"@id\":\"https:\/\/hubsch-interior.com\/da\/vare\/play-kokkenrulleholder-bla-gra-gron\/#breadcrumb\",\"itemListElement\":[{\"@type\":\"ListItem\",\"position\":1,\"name\":\"Forside\",\"item\":\"https:\/\/hubsch-interior.com\/da\/\"},{\"@type\":\"ListItem\",\"position\":2,\"name\":\"Produkter\",\"item\":\"https:\/\/hubsch-interior.com\/da\/produkter\/\"},{\"@type\":\"ListItem\",\"position\":3,\"name\":\"K\u00f8kken\",\"item\":\"https:\/\/hubsch-interior.com\/da\/vare-kategori\/koekken\/\"},{\"@type\":\"ListItem\",\"position\":4,\"name\":\"Bordservice\",\"item\":\"https:\/\/hubsch-interior.com\/da\/vare-kategori\/koekken\/bordservice-da-2\/\"},{\"@type\":\"ListItem\",\"position\":5,\"name\":\"K&oslash;kkenrulleholder\",\"item\":\"https:\/\/hubsch-interior.com\/da\/vare-kategori\/koekken\/bordservice-da-2\/koekkenrulleholder-da\/\"},{\"@type\":\"ListItem\",\"position\":6,\"name\":\"Play K\u00f8kkenrulleholder Bl\u00e5\/Gr\u00e5\/Gr\u00f8n\"}]},{\"@type\":\"WebSite\",\"@id\":\"https:\/\/hubsch-interior.com\/da\/#website\",\"url\":\"https:\/\/hubsch-interior.com\/da\/\",\"name\":\"H\u00fcbsch\",\"description\":\"Danish Home Interior and Design\",\"publisher\":{\"@id\":\"https:\/\/hubsch-interior.com\/da\/#organization\"},\"potentialAction\":[{\"@type\":\"SearchAction\",\"target\":{\"@type\":\"EntryPoint\",\"urlTemplate\":\"https:\/\/hubsch-interior.com\/da\/?s={search_term_string}\"},\"query-input\":{\"@type\":\"PropertyValueSpecification\",\"valueRequired\":true,\"valueName\":\"search_term_string\"}}],\"inLanguage\":\"da-DK\"},{\"@type\":\"Organization\",\"@id\":\"https:\/\/hubsch-interior.com\/da\/#organization\",\"name\":\"H\u00fcbsch\",\"url\":\"https:\/\/hubsch-interior.com\/da\/\",\"logo\":{\"@type\":\"ImageObject\",\"inLanguage\":\"da-DK\",\"@id\":\"https:\/\/hubsch-interior.com\/da\/#\/schema\/logo\/image\/\",\"url\":\"https:\/\/hubsch-interior.com\/wp-content\/uploads\/2022\/12\/Hubsch_logo_black_one_line.svg\",\"contentUrl\":\"https:\/\/hubsch-interior.com\/wp-content\/uploads\/2022\/12\/Hubsch_logo_black_one_line.svg\",\"caption\":\"H\u00fcbsch\"},\"image\":{\"@id\":\"https:\/\/hubsch-interior.com\/da\/#\/schema\/logo\/image\/\"}}]}<\/script>\n<!-- \/ Yoast SEO plugin. -->","yoast_head_json":{"title":"Play K\u00f8kkenrulleholder Bl\u00e5\/Gr\u00e5\/Gr\u00f8n - H\u00fcbsch","description":"Oplev charmen ved vores Play K\u00f8kkenrulleholder, en sk\u00f8n kombination af bl\u00e5, gr\u00e5 og gr\u00f8nne nuancer, der tilf\u00f8rer et farverigt pift til dit k\u00f8kken.","robots":{"index":"index","follow":"follow","max-snippet":"max-snippet:-1","max-image-preview":"max-image-preview:large","max-video-preview":"max-video-preview:-1"},"canonical":"https:\/\/hubsch-interior.com\/da\/wp-json\/wp\/v2\/product\/1006622","og_locale":"da_DK","og_type":"article","og_title":"Play K\u00f8kkenrulleholder Bl\u00e5\/Gr\u00e5\/Gr\u00f8n - H\u00fcbsch","og_description":"Oplev charmen ved vores Play K\u00f8kkenrulleholder, en sk\u00f8n kombination af bl\u00e5, gr\u00e5 og gr\u00f8nne nuancer, der tilf\u00f8rer et farverigt pift til dit k\u00f8kken.","og_url":"https:\/\/hubsch-interior.com\/da\/vare\/play-kokkenrulleholder-bla-gra-gron\/","og_site_name":"H\u00fcbsch","article_modified_time":"2026-04-08T03:19:37+00:00","og_image":[{"width":1200,"height":1200,"url":"https:\/\/hubsch-interior.com\/wp-content\/uploads\/2025\/01\/play-kitchen-roll-holder-bluegreygreen-99402c7c65192933f1381b37e6990f33.jpg","type":"image\/jpeg"}],"twitter_card":"summary_large_image","schema":{"@context":"https:\/\/schema.org","@graph":[{"@type":"WebPage","@id":"https:\/\/hubsch-interior.com\/da\/vare\/play-kokkenrulleholder-bla-gra-gron\/","url":"https:\/\/hubsch-interior.com\/da\/vare\/play-kokkenrulleholder-bla-gra-gron\/","name":"Play K\u00f8kkenrulleholder Bl\u00e5\/Gr\u00e5\/Gr\u00f8n - H\u00fcbsch","isPartOf":{"@id":"https:\/\/hubsch-interior.com\/da\/#website"},"primaryImageOfPage":{"@id":"https:\/\/hubsch-interior.com\/da\/vare\/play-kokkenrulleholder-bla-gra-gron\/#primaryimage"},"image":{"@id":"https:\/\/hubsch-interior.com\/da\/vare\/play-kokkenrulleholder-bla-gra-gron\/#primaryimage"},"thumbnailUrl":"https:\/\/hubsch-interior.com\/wp-content\/uploads\/2026\/02\/play-kitchen-roll-holder-bluegreygreen-cb6a2a8428f6b56d6e5fcd79ddf90819.jpg","datePublished":"2025-01-14T12:00:26+00:00","dateModified":"2026-04-08T03:19:37+00:00","description":"Oplev charmen ved vores Play K\u00f8kkenrulleholder, en sk\u00f8n kombination af bl\u00e5, gr\u00e5 og gr\u00f8nne nuancer, der tilf\u00f8rer et farverigt pift til dit k\u00f8kken.","breadcrumb":{"@id":"https:\/\/hubsch-interior.com\/da\/vare\/play-kokkenrulleholder-bla-gra-gron\/#breadcrumb"},"inLanguage":"da-DK","potentialAction":[{"@type":"ReadAction","target":["https:\/\/hubsch-interior.com\/da\/vare\/play-kokkenrulleholder-bla-gra-gron\/"]}]},{"@type":"ImageObject","inLanguage":"da-DK","@id":"https:\/\/hubsch-interior.com\/da\/vare\/play-kokkenrulleholder-bla-gra-gron\/#primaryimage","url":"https:\/\/hubsch-interior.com\/wp-content\/uploads\/2026\/02\/play-kitchen-roll-holder-bluegreygreen-cb6a2a8428f6b56d6e5fcd79ddf90819.jpg","contentUrl":"https:\/\/hubsch-interior.com\/wp-content\/uploads\/2026\/02\/play-kitchen-roll-holder-bluegreygreen-cb6a2a8428f6b56d6e5fcd79ddf90819.jpg","width":1024,"height":1024},{"@type":"BreadcrumbList","@id":"https:\/\/hubsch-interior.com\/da\/vare\/play-kokkenrulleholder-bla-gra-gron\/#breadcrumb","itemListElement":[{"@type":"ListItem","position":1,"name":"Forside","item":"https:\/\/hubsch-interior.com\/da\/"},{"@type":"ListItem","position":2,"name":"Produkter","item":"https:\/\/hubsch-interior.com\/da\/produkter\/"},{"@type":"ListItem","position":3,"name":"K\u00f8kken","item":"https:\/\/hubsch-interior.com\/da\/vare-kategori\/koekken\/"},{"@type":"ListItem","position":4,"name":"Bordservice","item":"https:\/\/hubsch-interior.com\/da\/vare-kategori\/koekken\/bordservice-da-2\/"},{"@type":"ListItem","position":5,"name":"K&oslash;kkenrulleholder","item":"https:\/\/hubsch-interior.com\/da\/vare-kategori\/koekken\/bordservice-da-2\/koekkenrulleholder-da\/"},{"@type":"ListItem","position":6,"name":"Play K\u00f8kkenrulleholder Bl\u00e5\/Gr\u00e5\/Gr\u00f8n"}]},{"@type":"WebSite","@id":"https:\/\/hubsch-interior.com\/da\/#website","url":"https:\/\/hubsch-interior.com\/da\/","name":"H\u00fcbsch","description":"Danish Home Interior and Design","publisher":{"@id":"https:\/\/hubsch-interior.com\/da\/#organization"},"potentialAction":[{"@type":"SearchAction","target":{"@type":"EntryPoint","urlTemplate":"https:\/\/hubsch-interior.com\/da\/?s={search_term_string}"},"query-input":{"@type":"PropertyValueSpecification","valueRequired":true,"valueName":"search_term_string"}}],"inLanguage":"da-DK"},{"@type":"Organization","@id":"https:\/\/hubsch-interior.com\/da\/#organization","name":"H\u00fcbsch","url":"https:\/\/hubsch-interior.com\/da\/","logo":{"@type":"ImageObject","inLanguage":"da-DK","@id":"https:\/\/hubsch-interior.com\/da\/#\/schema\/logo\/image\/","url":"https:\/\/hubsch-interior.com\/wp-content\/uploads\/2022\/12\/Hubsch_logo_black_one_line.svg","contentUrl":"https:\/\/hubsch-interior.com\/wp-content\/uploads\/2022\/12\/Hubsch_logo_black_one_line.svg","caption":"H\u00fcbsch"},"image":{"@id":"https:\/\/hubsch-interior.com\/da\/#\/schema\/logo\/image\/"}}]}},"_links":{"self":[{"href":"https:\/\/hubsch-interior.com\/da\/wp-json\/wp\/v2\/product\/1006622","targetHints":{"allow":["GET"]}}],"collection":[{"href":"https:\/\/hubsch-interior.com\/da\/wp-json\/wp\/v2\/product"}],"about":[{"href":"https:\/\/hubsch-interior.com\/da\/wp-json\/wp\/v2\/types\/product"}],"wp:featuredmedia":[{"embeddable":true,"href":"https:\/\/hubsch-interior.com\/da\/wp-json\/wp\/v2\/media\/1113776"}],"wp:attachment":[{"href":"https:\/\/hubsch-interior.com\/da\/wp-json\/wp\/v2\/media?parent=1006622"}],"wp:term":[{"taxonomy":"product_brand","embeddable":true,"href":"https:\/\/hubsch-interior.com\/da\/wp-json\/wp\/v2\/product_brand?post=1006622"},{"taxonomy":"product_cat","embeddable":true,"href":"https:\/\/hubsch-interior.com\/da\/wp-json\/wp\/v2\/product_cat?post=1006622"},{"taxonomy":"product_tag","embeddable":true,"href":"https:\/\/hubsch-interior.com\/da\/wp-json\/wp\/v2\/product_tag?post=1006622"}],"curies":[{"name":"wp","href":"https:\/\/api.w.org\/{rel}","templated":true}]}}