{"id":1006630,"date":"2025-01-14T13:01:07","date_gmt":"2025-01-14T12:01:07","guid":{"rendered":"https:\/\/hubsch-interior.com\/product\/product\/"},"modified":"2026-04-15T05:24:32","modified_gmt":"2026-04-15T03:24:32","slug":"serendipity-vaeglampe-sort","status":"publish","type":"product","link":"https:\/\/hubsch-interior.com\/da\/vare\/serendipity-vaeglampe-sort\/","title":{"rendered":"Serendipity V\u00e6glampe Sort"},"content":{"rendered":"<p>Oplys dit yndlingshj\u00f8rne med Serendipity V\u00e6glampe, en klassisk v\u00e6glampe, der forener funktion og stil. Fremstillet af robust metal med et chic sort finish, har den et skarpt minimalistisk design, der smelter ubesv\u00e6ret ind i enhver indretning. Den store p\u00e6re udsender et varmt, indbydende sk\u00e6r, der er perfekt til at du kan l\u00e6se god bog eller blot lyse din hyggekrog op. Forvandl dit rum med dette stilfulde, men praktiske, nye element i dit hjem.<\/p>\n","protected":false},"excerpt":{"rendered":"<p>Oplys dit yndlingshj\u00f8rne med Serendipity V\u00e6glampe, en klassisk v\u00e6glampe, der forener funktion og stil. Fremstillet af robust metal med et chic sort finish, har den et skarpt minimalistisk design, der smelter ubesv\u00e6ret ind i enhver indretning. Den store p\u00e6re udsender et varmt, indbydende sk\u00e6r, der er perfekt til at du kan l\u00e6se god bog eller [&hellip;]<\/p>\n","protected":false},"featured_media":1111291,"template":"","meta":{"_acf_changed":false,"inline_featured_image":false},"product_brand":[],"product_cat":[6996,3808,3405],"product_tag":[],"class_list":{"0":"post-1006630","1":"product","2":"type-product","3":"status-publish","4":"has-post-thumbnail","6":"product_cat-the-buzz-da","7":"product_cat-belysning","8":"product_cat-vaeglamper-da","9":"product_shipping_class-pk","11":"pa_color-sort","12":"pa_material-jern-da","14":"first","15":"instock","16":"taxable","17":"shipping-taxable","18":"purchasable","19":"product-type-simple"},"exclude_global_add_ons":[],"addons":[],"acf":[],"yoast_head":"<!-- This site is optimized with the Yoast SEO plugin v26.4 - https:\/\/yoast.com\/wordpress\/plugins\/seo\/ -->\n<title>Serendipity V\u00e6glampe Sort - H\u00fcbsch<\/title>\n<meta name=\"description\" content=\"Oplys dit yndlingshj\u00f8rne med Serendipity V\u00e6glampe, en klassisk v\u00e6glampe, der forener funktion og stil. Fremstillet af robust metal med et chic sort\" \/>\n<meta name=\"robots\" content=\"index, follow, max-snippet:-1, max-image-preview:large, max-video-preview:-1\" \/>\n<link rel=\"canonical\" href=\"https:\/\/hubsch-interior.com\/da\/wp-json\/wp\/v2\/product\/1006630\" \/>\n<meta property=\"og:locale\" content=\"da_DK\" \/>\n<meta property=\"og:type\" content=\"article\" \/>\n<meta property=\"og:title\" content=\"Serendipity V\u00e6glampe Sort - H\u00fcbsch\" \/>\n<meta property=\"og:description\" content=\"Oplys dit yndlingshj\u00f8rne med Serendipity V\u00e6glampe, en klassisk v\u00e6glampe, der forener funktion og stil. Fremstillet af robust metal med et chic sort\" \/>\n<meta property=\"og:url\" content=\"https:\/\/hubsch-interior.com\/da\/vare\/serendipity-vaeglampe-sort\/\" \/>\n<meta property=\"og:site_name\" content=\"H\u00fcbsch\" \/>\n<meta property=\"article:modified_time\" content=\"2026-04-15T03:24:32+00:00\" \/>\n<meta property=\"og:image\" content=\"https:\/\/hubsch-interior.com\/wp-content\/uploads\/2025\/01\/serendipity-wall-light-black-34e847af741feab3bf355e742f146987.jpg\" \/>\n\t<meta property=\"og:image:width\" content=\"1200\" \/>\n\t<meta property=\"og:image:height\" content=\"1200\" \/>\n\t<meta property=\"og:image:type\" content=\"image\/jpeg\" \/>\n<meta name=\"twitter:card\" content=\"summary_large_image\" \/>\n<script type=\"application\/ld+json\" class=\"yoast-schema-graph\">{\"@context\":\"https:\/\/schema.org\",\"@graph\":[{\"@type\":\"WebPage\",\"@id\":\"https:\/\/hubsch-interior.com\/da\/vare\/serendipity-vaeglampe-sort\/\",\"url\":\"https:\/\/hubsch-interior.com\/da\/vare\/serendipity-vaeglampe-sort\/\",\"name\":\"Serendipity V\u00e6glampe Sort - H\u00fcbsch\",\"isPartOf\":{\"@id\":\"https:\/\/hubsch-interior.com\/da\/#website\"},\"primaryImageOfPage\":{\"@id\":\"https:\/\/hubsch-interior.com\/da\/vare\/serendipity-vaeglampe-sort\/#primaryimage\"},\"image\":{\"@id\":\"https:\/\/hubsch-interior.com\/da\/vare\/serendipity-vaeglampe-sort\/#primaryimage\"},\"thumbnailUrl\":\"https:\/\/hubsch-interior.com\/wp-content\/uploads\/2026\/02\/serendipity-wall-light-black-eadaa4203fe95a08aa06ca4313296a6f.jpg\",\"datePublished\":\"2025-01-14T12:01:07+00:00\",\"dateModified\":\"2026-04-15T03:24:32+00:00\",\"description\":\"Oplys dit yndlingshj\u00f8rne med Serendipity V\u00e6glampe, en klassisk v\u00e6glampe, der forener funktion og stil. Fremstillet af robust metal med et chic sort\",\"breadcrumb\":{\"@id\":\"https:\/\/hubsch-interior.com\/da\/vare\/serendipity-vaeglampe-sort\/#breadcrumb\"},\"inLanguage\":\"da-DK\",\"potentialAction\":[{\"@type\":\"ReadAction\",\"target\":[\"https:\/\/hubsch-interior.com\/da\/vare\/serendipity-vaeglampe-sort\/\"]}]},{\"@type\":\"ImageObject\",\"inLanguage\":\"da-DK\",\"@id\":\"https:\/\/hubsch-interior.com\/da\/vare\/serendipity-vaeglampe-sort\/#primaryimage\",\"url\":\"https:\/\/hubsch-interior.com\/wp-content\/uploads\/2026\/02\/serendipity-wall-light-black-eadaa4203fe95a08aa06ca4313296a6f.jpg\",\"contentUrl\":\"https:\/\/hubsch-interior.com\/wp-content\/uploads\/2026\/02\/serendipity-wall-light-black-eadaa4203fe95a08aa06ca4313296a6f.jpg\",\"width\":1024,\"height\":1024},{\"@type\":\"BreadcrumbList\",\"@id\":\"https:\/\/hubsch-interior.com\/da\/vare\/serendipity-vaeglampe-sort\/#breadcrumb\",\"itemListElement\":[{\"@type\":\"ListItem\",\"position\":1,\"name\":\"Forside\",\"item\":\"https:\/\/hubsch-interior.com\/da\/\"},{\"@type\":\"ListItem\",\"position\":2,\"name\":\"Produkter\",\"item\":\"https:\/\/hubsch-interior.com\/da\/produkter\/\"},{\"@type\":\"ListItem\",\"position\":3,\"name\":\"Belysning\",\"item\":\"https:\/\/hubsch-interior.com\/da\/vare-kategori\/belysning\/\"},{\"@type\":\"ListItem\",\"position\":4,\"name\":\"V&aelig;glamper\",\"item\":\"https:\/\/hubsch-interior.com\/da\/vare-kategori\/belysning\/vaeglamper-da\/\"},{\"@type\":\"ListItem\",\"position\":5,\"name\":\"Serendipity V\u00e6glampe Sort\"}]},{\"@type\":\"WebSite\",\"@id\":\"https:\/\/hubsch-interior.com\/da\/#website\",\"url\":\"https:\/\/hubsch-interior.com\/da\/\",\"name\":\"H\u00fcbsch\",\"description\":\"Danish Home Interior and Design\",\"publisher\":{\"@id\":\"https:\/\/hubsch-interior.com\/da\/#organization\"},\"potentialAction\":[{\"@type\":\"SearchAction\",\"target\":{\"@type\":\"EntryPoint\",\"urlTemplate\":\"https:\/\/hubsch-interior.com\/da\/?s={search_term_string}\"},\"query-input\":{\"@type\":\"PropertyValueSpecification\",\"valueRequired\":true,\"valueName\":\"search_term_string\"}}],\"inLanguage\":\"da-DK\"},{\"@type\":\"Organization\",\"@id\":\"https:\/\/hubsch-interior.com\/da\/#organization\",\"name\":\"H\u00fcbsch\",\"url\":\"https:\/\/hubsch-interior.com\/da\/\",\"logo\":{\"@type\":\"ImageObject\",\"inLanguage\":\"da-DK\",\"@id\":\"https:\/\/hubsch-interior.com\/da\/#\/schema\/logo\/image\/\",\"url\":\"https:\/\/hubsch-interior.com\/wp-content\/uploads\/2022\/12\/Hubsch_logo_black_one_line.svg\",\"contentUrl\":\"https:\/\/hubsch-interior.com\/wp-content\/uploads\/2022\/12\/Hubsch_logo_black_one_line.svg\",\"caption\":\"H\u00fcbsch\"},\"image\":{\"@id\":\"https:\/\/hubsch-interior.com\/da\/#\/schema\/logo\/image\/\"}}]}<\/script>\n<!-- \/ Yoast SEO plugin. -->","yoast_head_json":{"title":"Serendipity V\u00e6glampe Sort - H\u00fcbsch","description":"Oplys dit yndlingshj\u00f8rne med Serendipity V\u00e6glampe, en klassisk v\u00e6glampe, der forener funktion og stil. Fremstillet af robust metal med et chic sort","robots":{"index":"index","follow":"follow","max-snippet":"max-snippet:-1","max-image-preview":"max-image-preview:large","max-video-preview":"max-video-preview:-1"},"canonical":"https:\/\/hubsch-interior.com\/da\/wp-json\/wp\/v2\/product\/1006630","og_locale":"da_DK","og_type":"article","og_title":"Serendipity V\u00e6glampe Sort - H\u00fcbsch","og_description":"Oplys dit yndlingshj\u00f8rne med Serendipity V\u00e6glampe, en klassisk v\u00e6glampe, der forener funktion og stil. Fremstillet af robust metal med et chic sort","og_url":"https:\/\/hubsch-interior.com\/da\/vare\/serendipity-vaeglampe-sort\/","og_site_name":"H\u00fcbsch","article_modified_time":"2026-04-15T03:24:32+00:00","og_image":[{"width":1200,"height":1200,"url":"https:\/\/hubsch-interior.com\/wp-content\/uploads\/2025\/01\/serendipity-wall-light-black-34e847af741feab3bf355e742f146987.jpg","type":"image\/jpeg"}],"twitter_card":"summary_large_image","schema":{"@context":"https:\/\/schema.org","@graph":[{"@type":"WebPage","@id":"https:\/\/hubsch-interior.com\/da\/vare\/serendipity-vaeglampe-sort\/","url":"https:\/\/hubsch-interior.com\/da\/vare\/serendipity-vaeglampe-sort\/","name":"Serendipity V\u00e6glampe Sort - H\u00fcbsch","isPartOf":{"@id":"https:\/\/hubsch-interior.com\/da\/#website"},"primaryImageOfPage":{"@id":"https:\/\/hubsch-interior.com\/da\/vare\/serendipity-vaeglampe-sort\/#primaryimage"},"image":{"@id":"https:\/\/hubsch-interior.com\/da\/vare\/serendipity-vaeglampe-sort\/#primaryimage"},"thumbnailUrl":"https:\/\/hubsch-interior.com\/wp-content\/uploads\/2026\/02\/serendipity-wall-light-black-eadaa4203fe95a08aa06ca4313296a6f.jpg","datePublished":"2025-01-14T12:01:07+00:00","dateModified":"2026-04-15T03:24:32+00:00","description":"Oplys dit yndlingshj\u00f8rne med Serendipity V\u00e6glampe, en klassisk v\u00e6glampe, der forener funktion og stil. Fremstillet af robust metal med et chic sort","breadcrumb":{"@id":"https:\/\/hubsch-interior.com\/da\/vare\/serendipity-vaeglampe-sort\/#breadcrumb"},"inLanguage":"da-DK","potentialAction":[{"@type":"ReadAction","target":["https:\/\/hubsch-interior.com\/da\/vare\/serendipity-vaeglampe-sort\/"]}]},{"@type":"ImageObject","inLanguage":"da-DK","@id":"https:\/\/hubsch-interior.com\/da\/vare\/serendipity-vaeglampe-sort\/#primaryimage","url":"https:\/\/hubsch-interior.com\/wp-content\/uploads\/2026\/02\/serendipity-wall-light-black-eadaa4203fe95a08aa06ca4313296a6f.jpg","contentUrl":"https:\/\/hubsch-interior.com\/wp-content\/uploads\/2026\/02\/serendipity-wall-light-black-eadaa4203fe95a08aa06ca4313296a6f.jpg","width":1024,"height":1024},{"@type":"BreadcrumbList","@id":"https:\/\/hubsch-interior.com\/da\/vare\/serendipity-vaeglampe-sort\/#breadcrumb","itemListElement":[{"@type":"ListItem","position":1,"name":"Forside","item":"https:\/\/hubsch-interior.com\/da\/"},{"@type":"ListItem","position":2,"name":"Produkter","item":"https:\/\/hubsch-interior.com\/da\/produkter\/"},{"@type":"ListItem","position":3,"name":"Belysning","item":"https:\/\/hubsch-interior.com\/da\/vare-kategori\/belysning\/"},{"@type":"ListItem","position":4,"name":"V&aelig;glamper","item":"https:\/\/hubsch-interior.com\/da\/vare-kategori\/belysning\/vaeglamper-da\/"},{"@type":"ListItem","position":5,"name":"Serendipity V\u00e6glampe Sort"}]},{"@type":"WebSite","@id":"https:\/\/hubsch-interior.com\/da\/#website","url":"https:\/\/hubsch-interior.com\/da\/","name":"H\u00fcbsch","description":"Danish Home Interior and Design","publisher":{"@id":"https:\/\/hubsch-interior.com\/da\/#organization"},"potentialAction":[{"@type":"SearchAction","target":{"@type":"EntryPoint","urlTemplate":"https:\/\/hubsch-interior.com\/da\/?s={search_term_string}"},"query-input":{"@type":"PropertyValueSpecification","valueRequired":true,"valueName":"search_term_string"}}],"inLanguage":"da-DK"},{"@type":"Organization","@id":"https:\/\/hubsch-interior.com\/da\/#organization","name":"H\u00fcbsch","url":"https:\/\/hubsch-interior.com\/da\/","logo":{"@type":"ImageObject","inLanguage":"da-DK","@id":"https:\/\/hubsch-interior.com\/da\/#\/schema\/logo\/image\/","url":"https:\/\/hubsch-interior.com\/wp-content\/uploads\/2022\/12\/Hubsch_logo_black_one_line.svg","contentUrl":"https:\/\/hubsch-interior.com\/wp-content\/uploads\/2022\/12\/Hubsch_logo_black_one_line.svg","caption":"H\u00fcbsch"},"image":{"@id":"https:\/\/hubsch-interior.com\/da\/#\/schema\/logo\/image\/"}}]}},"_links":{"self":[{"href":"https:\/\/hubsch-interior.com\/da\/wp-json\/wp\/v2\/product\/1006630","targetHints":{"allow":["GET"]}}],"collection":[{"href":"https:\/\/hubsch-interior.com\/da\/wp-json\/wp\/v2\/product"}],"about":[{"href":"https:\/\/hubsch-interior.com\/da\/wp-json\/wp\/v2\/types\/product"}],"wp:featuredmedia":[{"embeddable":true,"href":"https:\/\/hubsch-interior.com\/da\/wp-json\/wp\/v2\/media\/1111291"}],"wp:attachment":[{"href":"https:\/\/hubsch-interior.com\/da\/wp-json\/wp\/v2\/media?parent=1006630"}],"wp:term":[{"taxonomy":"product_brand","embeddable":true,"href":"https:\/\/hubsch-interior.com\/da\/wp-json\/wp\/v2\/product_brand?post=1006630"},{"taxonomy":"product_cat","embeddable":true,"href":"https:\/\/hubsch-interior.com\/da\/wp-json\/wp\/v2\/product_cat?post=1006630"},{"taxonomy":"product_tag","embeddable":true,"href":"https:\/\/hubsch-interior.com\/da\/wp-json\/wp\/v2\/product_tag?post=1006630"}],"curies":[{"name":"wp","href":"https:\/\/api.w.org\/{rel}","templated":true}]}}