{"id":1006642,"date":"2025-01-14T13:01:43","date_gmt":"2025-01-14T12:01:43","guid":{"rendered":"https:\/\/hubsch-interior.com\/product\/product\/"},"modified":"2026-04-10T05:20:29","modified_gmt":"2026-04-10T03:20:29","slug":"serendipity-vaeglampe-sand","status":"publish","type":"product","link":"https:\/\/hubsch-interior.com\/da\/vare\/serendipity-vaeglampe-sand\/","title":{"rendered":"Serendipity V\u00e6glampe Sand"},"content":{"rendered":"<p>Oplev charmen ved Serendipity V\u00e6glampen, et klassisk supplement til ethvert rum, der s\u00f8ger et strejf af elegance. Fremstillet af metal, har dens st\u00f8vede sandfarve en subtil, men sofistikeret udstr\u00e5ling. Lampen er perfekt til at skabe en hyggelig atmosf\u00e6re, og kaster et varmt lys, der forvandler ethvert rum til en fredfyldt tilflugt. Ideel til de aftener, hvor du sl\u00e5r dig ned med en god bog eller nyder en stille aften derhjemme. Serendipity V\u00e6glampen sikrer, at dit opholdsrum er omsluttet af komfort og stil.<\/p>\n","protected":false},"excerpt":{"rendered":"<p>Oplev charmen ved Serendipity V\u00e6glampen, et klassisk supplement til ethvert rum, der s\u00f8ger et strejf af elegance. Fremstillet af metal, har dens st\u00f8vede sandfarve en subtil, men sofistikeret udstr\u00e5ling. Lampen er perfekt til at skabe en hyggelig atmosf\u00e6re, og kaster et varmt lys, der forvandler ethvert rum til en fredfyldt tilflugt. Ideel til de aftener, [&hellip;]<\/p>\n","protected":false},"featured_media":1111299,"template":"","meta":{"_acf_changed":false,"inline_featured_image":false},"product_brand":[],"product_cat":[6996,3808,3405],"product_tag":[],"class_list":{"0":"post-1006642","1":"product","2":"type-product","3":"status-publish","4":"has-post-thumbnail","6":"product_cat-the-buzz-da","7":"product_cat-belysning","8":"product_cat-vaeglamper-da","9":"product_shipping_class-pk","11":"pa_color-sand-da","12":"pa_material-jern-da","14":"first","15":"instock","16":"taxable","17":"shipping-taxable","18":"purchasable","19":"product-type-simple"},"exclude_global_add_ons":[],"addons":[],"acf":[],"yoast_head":"<!-- This site is optimized with the Yoast SEO plugin v26.4 - https:\/\/yoast.com\/wordpress\/plugins\/seo\/ -->\n<title>Serendipity V\u00e6glampe Sand - H\u00fcbsch<\/title>\n<meta name=\"description\" content=\"Oplev charmen ved Serendipity V\u00e6glampen, et klassisk supplement til ethvert rum, der s\u00f8ger et strejf af elegance. Fremstillet af metal, har dens st\u00f8vede\" \/>\n<meta name=\"robots\" content=\"index, follow, max-snippet:-1, max-image-preview:large, max-video-preview:-1\" \/>\n<link rel=\"canonical\" href=\"https:\/\/hubsch-interior.com\/da\/wp-json\/wp\/v2\/product\/1006642\" \/>\n<meta property=\"og:locale\" content=\"da_DK\" \/>\n<meta property=\"og:type\" content=\"article\" \/>\n<meta property=\"og:title\" content=\"Serendipity V\u00e6glampe Sand - H\u00fcbsch\" \/>\n<meta property=\"og:description\" content=\"Oplev charmen ved Serendipity V\u00e6glampen, et klassisk supplement til ethvert rum, der s\u00f8ger et strejf af elegance. Fremstillet af metal, har dens st\u00f8vede\" \/>\n<meta property=\"og:url\" content=\"https:\/\/hubsch-interior.com\/da\/vare\/serendipity-vaeglampe-sand\/\" \/>\n<meta property=\"og:site_name\" content=\"H\u00fcbsch\" \/>\n<meta property=\"article:modified_time\" content=\"2026-04-10T03:20:29+00:00\" \/>\n<meta property=\"og:image\" content=\"https:\/\/hubsch-interior.com\/wp-content\/uploads\/2025\/01\/serendipity-wall-light-sand-d9024c49125f690f841355667023772f.jpg\" \/>\n\t<meta property=\"og:image:width\" content=\"1200\" \/>\n\t<meta property=\"og:image:height\" content=\"1200\" \/>\n\t<meta property=\"og:image:type\" content=\"image\/jpeg\" \/>\n<meta name=\"twitter:card\" content=\"summary_large_image\" \/>\n<script type=\"application\/ld+json\" class=\"yoast-schema-graph\">{\"@context\":\"https:\/\/schema.org\",\"@graph\":[{\"@type\":\"WebPage\",\"@id\":\"https:\/\/hubsch-interior.com\/da\/vare\/serendipity-vaeglampe-sand\/\",\"url\":\"https:\/\/hubsch-interior.com\/da\/vare\/serendipity-vaeglampe-sand\/\",\"name\":\"Serendipity V\u00e6glampe Sand - H\u00fcbsch\",\"isPartOf\":{\"@id\":\"https:\/\/hubsch-interior.com\/da\/#website\"},\"primaryImageOfPage\":{\"@id\":\"https:\/\/hubsch-interior.com\/da\/vare\/serendipity-vaeglampe-sand\/#primaryimage\"},\"image\":{\"@id\":\"https:\/\/hubsch-interior.com\/da\/vare\/serendipity-vaeglampe-sand\/#primaryimage\"},\"thumbnailUrl\":\"https:\/\/hubsch-interior.com\/wp-content\/uploads\/2026\/02\/serendipity-wall-light-sand-56a24706ced13bbb3db3ad4a8ba456be.jpg\",\"datePublished\":\"2025-01-14T12:01:43+00:00\",\"dateModified\":\"2026-04-10T03:20:29+00:00\",\"description\":\"Oplev charmen ved Serendipity V\u00e6glampen, et klassisk supplement til ethvert rum, der s\u00f8ger et strejf af elegance. Fremstillet af metal, har dens st\u00f8vede\",\"breadcrumb\":{\"@id\":\"https:\/\/hubsch-interior.com\/da\/vare\/serendipity-vaeglampe-sand\/#breadcrumb\"},\"inLanguage\":\"da-DK\",\"potentialAction\":[{\"@type\":\"ReadAction\",\"target\":[\"https:\/\/hubsch-interior.com\/da\/vare\/serendipity-vaeglampe-sand\/\"]}]},{\"@type\":\"ImageObject\",\"inLanguage\":\"da-DK\",\"@id\":\"https:\/\/hubsch-interior.com\/da\/vare\/serendipity-vaeglampe-sand\/#primaryimage\",\"url\":\"https:\/\/hubsch-interior.com\/wp-content\/uploads\/2026\/02\/serendipity-wall-light-sand-56a24706ced13bbb3db3ad4a8ba456be.jpg\",\"contentUrl\":\"https:\/\/hubsch-interior.com\/wp-content\/uploads\/2026\/02\/serendipity-wall-light-sand-56a24706ced13bbb3db3ad4a8ba456be.jpg\",\"width\":1024,\"height\":1024},{\"@type\":\"BreadcrumbList\",\"@id\":\"https:\/\/hubsch-interior.com\/da\/vare\/serendipity-vaeglampe-sand\/#breadcrumb\",\"itemListElement\":[{\"@type\":\"ListItem\",\"position\":1,\"name\":\"Forside\",\"item\":\"https:\/\/hubsch-interior.com\/da\/\"},{\"@type\":\"ListItem\",\"position\":2,\"name\":\"Produkter\",\"item\":\"https:\/\/hubsch-interior.com\/da\/produkter\/\"},{\"@type\":\"ListItem\",\"position\":3,\"name\":\"Belysning\",\"item\":\"https:\/\/hubsch-interior.com\/da\/vare-kategori\/belysning\/\"},{\"@type\":\"ListItem\",\"position\":4,\"name\":\"V&aelig;glamper\",\"item\":\"https:\/\/hubsch-interior.com\/da\/vare-kategori\/belysning\/vaeglamper-da\/\"},{\"@type\":\"ListItem\",\"position\":5,\"name\":\"Serendipity V\u00e6glampe Sand\"}]},{\"@type\":\"WebSite\",\"@id\":\"https:\/\/hubsch-interior.com\/da\/#website\",\"url\":\"https:\/\/hubsch-interior.com\/da\/\",\"name\":\"H\u00fcbsch\",\"description\":\"Danish Home Interior and Design\",\"publisher\":{\"@id\":\"https:\/\/hubsch-interior.com\/da\/#organization\"},\"potentialAction\":[{\"@type\":\"SearchAction\",\"target\":{\"@type\":\"EntryPoint\",\"urlTemplate\":\"https:\/\/hubsch-interior.com\/da\/?s={search_term_string}\"},\"query-input\":{\"@type\":\"PropertyValueSpecification\",\"valueRequired\":true,\"valueName\":\"search_term_string\"}}],\"inLanguage\":\"da-DK\"},{\"@type\":\"Organization\",\"@id\":\"https:\/\/hubsch-interior.com\/da\/#organization\",\"name\":\"H\u00fcbsch\",\"url\":\"https:\/\/hubsch-interior.com\/da\/\",\"logo\":{\"@type\":\"ImageObject\",\"inLanguage\":\"da-DK\",\"@id\":\"https:\/\/hubsch-interior.com\/da\/#\/schema\/logo\/image\/\",\"url\":\"https:\/\/hubsch-interior.com\/wp-content\/uploads\/2022\/12\/Hubsch_logo_black_one_line.svg\",\"contentUrl\":\"https:\/\/hubsch-interior.com\/wp-content\/uploads\/2022\/12\/Hubsch_logo_black_one_line.svg\",\"caption\":\"H\u00fcbsch\"},\"image\":{\"@id\":\"https:\/\/hubsch-interior.com\/da\/#\/schema\/logo\/image\/\"}}]}<\/script>\n<!-- \/ Yoast SEO plugin. -->","yoast_head_json":{"title":"Serendipity V\u00e6glampe Sand - H\u00fcbsch","description":"Oplev charmen ved Serendipity V\u00e6glampen, et klassisk supplement til ethvert rum, der s\u00f8ger et strejf af elegance. Fremstillet af metal, har dens st\u00f8vede","robots":{"index":"index","follow":"follow","max-snippet":"max-snippet:-1","max-image-preview":"max-image-preview:large","max-video-preview":"max-video-preview:-1"},"canonical":"https:\/\/hubsch-interior.com\/da\/wp-json\/wp\/v2\/product\/1006642","og_locale":"da_DK","og_type":"article","og_title":"Serendipity V\u00e6glampe Sand - H\u00fcbsch","og_description":"Oplev charmen ved Serendipity V\u00e6glampen, et klassisk supplement til ethvert rum, der s\u00f8ger et strejf af elegance. Fremstillet af metal, har dens st\u00f8vede","og_url":"https:\/\/hubsch-interior.com\/da\/vare\/serendipity-vaeglampe-sand\/","og_site_name":"H\u00fcbsch","article_modified_time":"2026-04-10T03:20:29+00:00","og_image":[{"width":1200,"height":1200,"url":"https:\/\/hubsch-interior.com\/wp-content\/uploads\/2025\/01\/serendipity-wall-light-sand-d9024c49125f690f841355667023772f.jpg","type":"image\/jpeg"}],"twitter_card":"summary_large_image","schema":{"@context":"https:\/\/schema.org","@graph":[{"@type":"WebPage","@id":"https:\/\/hubsch-interior.com\/da\/vare\/serendipity-vaeglampe-sand\/","url":"https:\/\/hubsch-interior.com\/da\/vare\/serendipity-vaeglampe-sand\/","name":"Serendipity V\u00e6glampe Sand - H\u00fcbsch","isPartOf":{"@id":"https:\/\/hubsch-interior.com\/da\/#website"},"primaryImageOfPage":{"@id":"https:\/\/hubsch-interior.com\/da\/vare\/serendipity-vaeglampe-sand\/#primaryimage"},"image":{"@id":"https:\/\/hubsch-interior.com\/da\/vare\/serendipity-vaeglampe-sand\/#primaryimage"},"thumbnailUrl":"https:\/\/hubsch-interior.com\/wp-content\/uploads\/2026\/02\/serendipity-wall-light-sand-56a24706ced13bbb3db3ad4a8ba456be.jpg","datePublished":"2025-01-14T12:01:43+00:00","dateModified":"2026-04-10T03:20:29+00:00","description":"Oplev charmen ved Serendipity V\u00e6glampen, et klassisk supplement til ethvert rum, der s\u00f8ger et strejf af elegance. Fremstillet af metal, har dens st\u00f8vede","breadcrumb":{"@id":"https:\/\/hubsch-interior.com\/da\/vare\/serendipity-vaeglampe-sand\/#breadcrumb"},"inLanguage":"da-DK","potentialAction":[{"@type":"ReadAction","target":["https:\/\/hubsch-interior.com\/da\/vare\/serendipity-vaeglampe-sand\/"]}]},{"@type":"ImageObject","inLanguage":"da-DK","@id":"https:\/\/hubsch-interior.com\/da\/vare\/serendipity-vaeglampe-sand\/#primaryimage","url":"https:\/\/hubsch-interior.com\/wp-content\/uploads\/2026\/02\/serendipity-wall-light-sand-56a24706ced13bbb3db3ad4a8ba456be.jpg","contentUrl":"https:\/\/hubsch-interior.com\/wp-content\/uploads\/2026\/02\/serendipity-wall-light-sand-56a24706ced13bbb3db3ad4a8ba456be.jpg","width":1024,"height":1024},{"@type":"BreadcrumbList","@id":"https:\/\/hubsch-interior.com\/da\/vare\/serendipity-vaeglampe-sand\/#breadcrumb","itemListElement":[{"@type":"ListItem","position":1,"name":"Forside","item":"https:\/\/hubsch-interior.com\/da\/"},{"@type":"ListItem","position":2,"name":"Produkter","item":"https:\/\/hubsch-interior.com\/da\/produkter\/"},{"@type":"ListItem","position":3,"name":"Belysning","item":"https:\/\/hubsch-interior.com\/da\/vare-kategori\/belysning\/"},{"@type":"ListItem","position":4,"name":"V&aelig;glamper","item":"https:\/\/hubsch-interior.com\/da\/vare-kategori\/belysning\/vaeglamper-da\/"},{"@type":"ListItem","position":5,"name":"Serendipity V\u00e6glampe Sand"}]},{"@type":"WebSite","@id":"https:\/\/hubsch-interior.com\/da\/#website","url":"https:\/\/hubsch-interior.com\/da\/","name":"H\u00fcbsch","description":"Danish Home Interior and Design","publisher":{"@id":"https:\/\/hubsch-interior.com\/da\/#organization"},"potentialAction":[{"@type":"SearchAction","target":{"@type":"EntryPoint","urlTemplate":"https:\/\/hubsch-interior.com\/da\/?s={search_term_string}"},"query-input":{"@type":"PropertyValueSpecification","valueRequired":true,"valueName":"search_term_string"}}],"inLanguage":"da-DK"},{"@type":"Organization","@id":"https:\/\/hubsch-interior.com\/da\/#organization","name":"H\u00fcbsch","url":"https:\/\/hubsch-interior.com\/da\/","logo":{"@type":"ImageObject","inLanguage":"da-DK","@id":"https:\/\/hubsch-interior.com\/da\/#\/schema\/logo\/image\/","url":"https:\/\/hubsch-interior.com\/wp-content\/uploads\/2022\/12\/Hubsch_logo_black_one_line.svg","contentUrl":"https:\/\/hubsch-interior.com\/wp-content\/uploads\/2022\/12\/Hubsch_logo_black_one_line.svg","caption":"H\u00fcbsch"},"image":{"@id":"https:\/\/hubsch-interior.com\/da\/#\/schema\/logo\/image\/"}}]}},"_links":{"self":[{"href":"https:\/\/hubsch-interior.com\/da\/wp-json\/wp\/v2\/product\/1006642","targetHints":{"allow":["GET"]}}],"collection":[{"href":"https:\/\/hubsch-interior.com\/da\/wp-json\/wp\/v2\/product"}],"about":[{"href":"https:\/\/hubsch-interior.com\/da\/wp-json\/wp\/v2\/types\/product"}],"wp:featuredmedia":[{"embeddable":true,"href":"https:\/\/hubsch-interior.com\/da\/wp-json\/wp\/v2\/media\/1111299"}],"wp:attachment":[{"href":"https:\/\/hubsch-interior.com\/da\/wp-json\/wp\/v2\/media?parent=1006642"}],"wp:term":[{"taxonomy":"product_brand","embeddable":true,"href":"https:\/\/hubsch-interior.com\/da\/wp-json\/wp\/v2\/product_brand?post=1006642"},{"taxonomy":"product_cat","embeddable":true,"href":"https:\/\/hubsch-interior.com\/da\/wp-json\/wp\/v2\/product_cat?post=1006642"},{"taxonomy":"product_tag","embeddable":true,"href":"https:\/\/hubsch-interior.com\/da\/wp-json\/wp\/v2\/product_tag?post=1006642"}],"curies":[{"name":"wp","href":"https:\/\/api.w.org\/{rel}","templated":true}]}}