{"id":1006662,"date":"2025-01-14T13:02:15","date_gmt":"2025-01-14T12:02:15","guid":{"rendered":"https:\/\/hubsch-interior.com\/product\/product\/"},"modified":"2026-04-09T05:19:56","modified_gmt":"2026-04-09T03:19:56","slug":"redux-skrivebordsordner-off-white-lysegul-petrol-saet-af-3","status":"publish","type":"product","link":"https:\/\/hubsch-interior.com\/da\/vare\/redux-skrivebordsordner-off-white-lysegul-petrol-saet-af-3\/","title":{"rendered":"Redux Skrivebordsordner Off white\/Lysegul\/Petrol (s\u00e6t af 3)"},"content":{"rendered":"<p>Redux Skrivebordsordner, en essentiel tilf\u00f8jelse til dit arbejdsomr\u00e5de. Fremstillet af gips med et stilfuldt keramisk udseende, kommer denne robuste hj\u00e6lper i st\u00f8vede, komplement\u00e6re farver som offwhite, lysegul og petrol. Det er ikke bare en arkivholder; det er et udtryk for stil. Hold dig organiseret med denne praktiske tilf\u00f8jelse og s\u00f8rg for, at dit skrivebord forbliver uden rod, samtidig med at det tilf\u00f8jer et strejf af sofistikation. Perfekt til dig, der v\u00e6rds\u00e6tter en blanding af funktionalitet og \u00e6stetisk charme.<\/p>\n","protected":false},"excerpt":{"rendered":"<p>Redux Skrivebordsordner, en essentiel tilf\u00f8jelse til dit arbejdsomr\u00e5de. Fremstillet af gips med et stilfuldt keramisk udseende, kommer denne robuste hj\u00e6lper i st\u00f8vede, komplement\u00e6re farver som offwhite, lysegul og petrol. Det er ikke bare en arkivholder; det er et udtryk for stil. Hold dig organiseret med denne praktiske tilf\u00f8jelse og s\u00f8rg for, at dit skrivebord forbliver [&hellip;]<\/p>\n","protected":false},"featured_media":1113788,"template":"","meta":{"_acf_changed":false,"inline_featured_image":false},"product_brand":[],"product_cat":[6996,4151,4959],"product_tag":[],"class_list":{"0":"post-1006662","1":"product","2":"type-product","3":"status-publish","4":"has-post-thumbnail","6":"product_cat-the-buzz-da","7":"product_cat-kontor-da","8":"product_cat-opbevaringskasser-da","9":"product_shipping_class-pk","11":"pa_color-petrol-2","12":"pa_color-lysegul","13":"pa_color-off-white-2","14":"pa_material-gips-da","16":"first","17":"instock","18":"taxable","19":"shipping-taxable","20":"purchasable","21":"product-type-simple"},"exclude_global_add_ons":[],"addons":[],"acf":[],"yoast_head":"<!-- This site is optimized with the Yoast SEO plugin v26.4 - https:\/\/yoast.com\/wordpress\/plugins\/seo\/ -->\n<title>Redux Skrivebordsordner Off white\/Lysegul\/Petrol (s\u00e6t af 3) - H\u00fcbsch<\/title>\n<meta name=\"description\" content=\"Redux Skrivebordsordner, en essentiel tilf\u00f8jelse til dit arbejdsomr\u00e5de. Fremstillet af gips med et stilfuldt keramisk udseende, kommer denne robuste\" \/>\n<meta name=\"robots\" content=\"index, follow, max-snippet:-1, max-image-preview:large, max-video-preview:-1\" \/>\n<link rel=\"canonical\" href=\"https:\/\/hubsch-interior.com\/da\/wp-json\/wp\/v2\/product\/1006662\" \/>\n<meta property=\"og:locale\" content=\"da_DK\" \/>\n<meta property=\"og:type\" content=\"article\" \/>\n<meta property=\"og:title\" content=\"Redux Skrivebordsordner Off white\/Lysegul\/Petrol (s\u00e6t af 3) - H\u00fcbsch\" \/>\n<meta property=\"og:description\" content=\"Redux Skrivebordsordner, en essentiel tilf\u00f8jelse til dit arbejdsomr\u00e5de. Fremstillet af gips med et stilfuldt keramisk udseende, kommer denne robuste\" \/>\n<meta property=\"og:url\" content=\"https:\/\/hubsch-interior.com\/da\/vare\/redux-skrivebordsordner-off-white-lysegul-petrol-saet-af-3\/\" \/>\n<meta property=\"og:site_name\" content=\"H\u00fcbsch\" \/>\n<meta property=\"article:modified_time\" content=\"2026-04-09T03:19:56+00:00\" \/>\n<meta property=\"og:image\" content=\"https:\/\/hubsch-interior.com\/wp-content\/uploads\/2025\/01\/redux-desk-organiser-offwhitelight-yellowpetrol-set-of-3-aa28fc637d6d9efe160a8e37978b1eb5.jpg\" \/>\n\t<meta property=\"og:image:width\" content=\"1200\" \/>\n\t<meta property=\"og:image:height\" content=\"1200\" \/>\n\t<meta property=\"og:image:type\" content=\"image\/jpeg\" \/>\n<meta name=\"twitter:card\" content=\"summary_large_image\" \/>\n<script type=\"application\/ld+json\" class=\"yoast-schema-graph\">{\"@context\":\"https:\/\/schema.org\",\"@graph\":[{\"@type\":\"WebPage\",\"@id\":\"https:\/\/hubsch-interior.com\/da\/vare\/redux-skrivebordsordner-off-white-lysegul-petrol-saet-af-3\/\",\"url\":\"https:\/\/hubsch-interior.com\/da\/vare\/redux-skrivebordsordner-off-white-lysegul-petrol-saet-af-3\/\",\"name\":\"Redux Skrivebordsordner Off white\/Lysegul\/Petrol (s\u00e6t af 3) - H\u00fcbsch\",\"isPartOf\":{\"@id\":\"https:\/\/hubsch-interior.com\/da\/#website\"},\"primaryImageOfPage\":{\"@id\":\"https:\/\/hubsch-interior.com\/da\/vare\/redux-skrivebordsordner-off-white-lysegul-petrol-saet-af-3\/#primaryimage\"},\"image\":{\"@id\":\"https:\/\/hubsch-interior.com\/da\/vare\/redux-skrivebordsordner-off-white-lysegul-petrol-saet-af-3\/#primaryimage\"},\"thumbnailUrl\":\"https:\/\/hubsch-interior.com\/wp-content\/uploads\/2026\/02\/redux-desk-organiser-offwhitelight-yellowpetrol-set-of-3-c84fee68547c095d779d9f86997722d9.jpg\",\"datePublished\":\"2025-01-14T12:02:15+00:00\",\"dateModified\":\"2026-04-09T03:19:56+00:00\",\"description\":\"Redux Skrivebordsordner, en essentiel tilf\u00f8jelse til dit arbejdsomr\u00e5de. Fremstillet af gips med et stilfuldt keramisk udseende, kommer denne robuste\",\"breadcrumb\":{\"@id\":\"https:\/\/hubsch-interior.com\/da\/vare\/redux-skrivebordsordner-off-white-lysegul-petrol-saet-af-3\/#breadcrumb\"},\"inLanguage\":\"da-DK\",\"potentialAction\":[{\"@type\":\"ReadAction\",\"target\":[\"https:\/\/hubsch-interior.com\/da\/vare\/redux-skrivebordsordner-off-white-lysegul-petrol-saet-af-3\/\"]}]},{\"@type\":\"ImageObject\",\"inLanguage\":\"da-DK\",\"@id\":\"https:\/\/hubsch-interior.com\/da\/vare\/redux-skrivebordsordner-off-white-lysegul-petrol-saet-af-3\/#primaryimage\",\"url\":\"https:\/\/hubsch-interior.com\/wp-content\/uploads\/2026\/02\/redux-desk-organiser-offwhitelight-yellowpetrol-set-of-3-c84fee68547c095d779d9f86997722d9.jpg\",\"contentUrl\":\"https:\/\/hubsch-interior.com\/wp-content\/uploads\/2026\/02\/redux-desk-organiser-offwhitelight-yellowpetrol-set-of-3-c84fee68547c095d779d9f86997722d9.jpg\",\"width\":1024,\"height\":1024},{\"@type\":\"BreadcrumbList\",\"@id\":\"https:\/\/hubsch-interior.com\/da\/vare\/redux-skrivebordsordner-off-white-lysegul-petrol-saet-af-3\/#breadcrumb\",\"itemListElement\":[{\"@type\":\"ListItem\",\"position\":1,\"name\":\"Forside\",\"item\":\"https:\/\/hubsch-interior.com\/da\/\"},{\"@type\":\"ListItem\",\"position\":2,\"name\":\"Produkter\",\"item\":\"https:\/\/hubsch-interior.com\/da\/produkter\/\"},{\"@type\":\"ListItem\",\"position\":3,\"name\":\"Boligtilbeh\u00f8r\",\"item\":\"https:\/\/hubsch-interior.com\/da\/vare-kategori\/boligtilbehor\/\"},{\"@type\":\"ListItem\",\"position\":4,\"name\":\"Kontor\",\"item\":\"https:\/\/hubsch-interior.com\/da\/vare-kategori\/boligtilbehor\/kontor-da\/\"},{\"@type\":\"ListItem\",\"position\":5,\"name\":\"Opbevaringskasser\",\"item\":\"https:\/\/hubsch-interior.com\/da\/vare-kategori\/boligtilbehor\/kontor-da\/opbevaringskasser-da\/\"},{\"@type\":\"ListItem\",\"position\":6,\"name\":\"Redux Skrivebordsordner Off white\/Lysegul\/Petrol (s\u00e6t af 3)\"}]},{\"@type\":\"WebSite\",\"@id\":\"https:\/\/hubsch-interior.com\/da\/#website\",\"url\":\"https:\/\/hubsch-interior.com\/da\/\",\"name\":\"H\u00fcbsch\",\"description\":\"Danish Home Interior and Design\",\"publisher\":{\"@id\":\"https:\/\/hubsch-interior.com\/da\/#organization\"},\"potentialAction\":[{\"@type\":\"SearchAction\",\"target\":{\"@type\":\"EntryPoint\",\"urlTemplate\":\"https:\/\/hubsch-interior.com\/da\/?s={search_term_string}\"},\"query-input\":{\"@type\":\"PropertyValueSpecification\",\"valueRequired\":true,\"valueName\":\"search_term_string\"}}],\"inLanguage\":\"da-DK\"},{\"@type\":\"Organization\",\"@id\":\"https:\/\/hubsch-interior.com\/da\/#organization\",\"name\":\"H\u00fcbsch\",\"url\":\"https:\/\/hubsch-interior.com\/da\/\",\"logo\":{\"@type\":\"ImageObject\",\"inLanguage\":\"da-DK\",\"@id\":\"https:\/\/hubsch-interior.com\/da\/#\/schema\/logo\/image\/\",\"url\":\"https:\/\/hubsch-interior.com\/wp-content\/uploads\/2022\/12\/Hubsch_logo_black_one_line.svg\",\"contentUrl\":\"https:\/\/hubsch-interior.com\/wp-content\/uploads\/2022\/12\/Hubsch_logo_black_one_line.svg\",\"caption\":\"H\u00fcbsch\"},\"image\":{\"@id\":\"https:\/\/hubsch-interior.com\/da\/#\/schema\/logo\/image\/\"}}]}<\/script>\n<!-- \/ Yoast SEO plugin. -->","yoast_head_json":{"title":"Redux Skrivebordsordner Off white\/Lysegul\/Petrol (s\u00e6t af 3) - H\u00fcbsch","description":"Redux Skrivebordsordner, en essentiel tilf\u00f8jelse til dit arbejdsomr\u00e5de. Fremstillet af gips med et stilfuldt keramisk udseende, kommer denne robuste","robots":{"index":"index","follow":"follow","max-snippet":"max-snippet:-1","max-image-preview":"max-image-preview:large","max-video-preview":"max-video-preview:-1"},"canonical":"https:\/\/hubsch-interior.com\/da\/wp-json\/wp\/v2\/product\/1006662","og_locale":"da_DK","og_type":"article","og_title":"Redux Skrivebordsordner Off white\/Lysegul\/Petrol (s\u00e6t af 3) - H\u00fcbsch","og_description":"Redux Skrivebordsordner, en essentiel tilf\u00f8jelse til dit arbejdsomr\u00e5de. Fremstillet af gips med et stilfuldt keramisk udseende, kommer denne robuste","og_url":"https:\/\/hubsch-interior.com\/da\/vare\/redux-skrivebordsordner-off-white-lysegul-petrol-saet-af-3\/","og_site_name":"H\u00fcbsch","article_modified_time":"2026-04-09T03:19:56+00:00","og_image":[{"width":1200,"height":1200,"url":"https:\/\/hubsch-interior.com\/wp-content\/uploads\/2025\/01\/redux-desk-organiser-offwhitelight-yellowpetrol-set-of-3-aa28fc637d6d9efe160a8e37978b1eb5.jpg","type":"image\/jpeg"}],"twitter_card":"summary_large_image","schema":{"@context":"https:\/\/schema.org","@graph":[{"@type":"WebPage","@id":"https:\/\/hubsch-interior.com\/da\/vare\/redux-skrivebordsordner-off-white-lysegul-petrol-saet-af-3\/","url":"https:\/\/hubsch-interior.com\/da\/vare\/redux-skrivebordsordner-off-white-lysegul-petrol-saet-af-3\/","name":"Redux Skrivebordsordner Off white\/Lysegul\/Petrol (s\u00e6t af 3) - H\u00fcbsch","isPartOf":{"@id":"https:\/\/hubsch-interior.com\/da\/#website"},"primaryImageOfPage":{"@id":"https:\/\/hubsch-interior.com\/da\/vare\/redux-skrivebordsordner-off-white-lysegul-petrol-saet-af-3\/#primaryimage"},"image":{"@id":"https:\/\/hubsch-interior.com\/da\/vare\/redux-skrivebordsordner-off-white-lysegul-petrol-saet-af-3\/#primaryimage"},"thumbnailUrl":"https:\/\/hubsch-interior.com\/wp-content\/uploads\/2026\/02\/redux-desk-organiser-offwhitelight-yellowpetrol-set-of-3-c84fee68547c095d779d9f86997722d9.jpg","datePublished":"2025-01-14T12:02:15+00:00","dateModified":"2026-04-09T03:19:56+00:00","description":"Redux Skrivebordsordner, en essentiel tilf\u00f8jelse til dit arbejdsomr\u00e5de. Fremstillet af gips med et stilfuldt keramisk udseende, kommer denne robuste","breadcrumb":{"@id":"https:\/\/hubsch-interior.com\/da\/vare\/redux-skrivebordsordner-off-white-lysegul-petrol-saet-af-3\/#breadcrumb"},"inLanguage":"da-DK","potentialAction":[{"@type":"ReadAction","target":["https:\/\/hubsch-interior.com\/da\/vare\/redux-skrivebordsordner-off-white-lysegul-petrol-saet-af-3\/"]}]},{"@type":"ImageObject","inLanguage":"da-DK","@id":"https:\/\/hubsch-interior.com\/da\/vare\/redux-skrivebordsordner-off-white-lysegul-petrol-saet-af-3\/#primaryimage","url":"https:\/\/hubsch-interior.com\/wp-content\/uploads\/2026\/02\/redux-desk-organiser-offwhitelight-yellowpetrol-set-of-3-c84fee68547c095d779d9f86997722d9.jpg","contentUrl":"https:\/\/hubsch-interior.com\/wp-content\/uploads\/2026\/02\/redux-desk-organiser-offwhitelight-yellowpetrol-set-of-3-c84fee68547c095d779d9f86997722d9.jpg","width":1024,"height":1024},{"@type":"BreadcrumbList","@id":"https:\/\/hubsch-interior.com\/da\/vare\/redux-skrivebordsordner-off-white-lysegul-petrol-saet-af-3\/#breadcrumb","itemListElement":[{"@type":"ListItem","position":1,"name":"Forside","item":"https:\/\/hubsch-interior.com\/da\/"},{"@type":"ListItem","position":2,"name":"Produkter","item":"https:\/\/hubsch-interior.com\/da\/produkter\/"},{"@type":"ListItem","position":3,"name":"Boligtilbeh\u00f8r","item":"https:\/\/hubsch-interior.com\/da\/vare-kategori\/boligtilbehor\/"},{"@type":"ListItem","position":4,"name":"Kontor","item":"https:\/\/hubsch-interior.com\/da\/vare-kategori\/boligtilbehor\/kontor-da\/"},{"@type":"ListItem","position":5,"name":"Opbevaringskasser","item":"https:\/\/hubsch-interior.com\/da\/vare-kategori\/boligtilbehor\/kontor-da\/opbevaringskasser-da\/"},{"@type":"ListItem","position":6,"name":"Redux Skrivebordsordner Off white\/Lysegul\/Petrol (s\u00e6t af 3)"}]},{"@type":"WebSite","@id":"https:\/\/hubsch-interior.com\/da\/#website","url":"https:\/\/hubsch-interior.com\/da\/","name":"H\u00fcbsch","description":"Danish Home Interior and Design","publisher":{"@id":"https:\/\/hubsch-interior.com\/da\/#organization"},"potentialAction":[{"@type":"SearchAction","target":{"@type":"EntryPoint","urlTemplate":"https:\/\/hubsch-interior.com\/da\/?s={search_term_string}"},"query-input":{"@type":"PropertyValueSpecification","valueRequired":true,"valueName":"search_term_string"}}],"inLanguage":"da-DK"},{"@type":"Organization","@id":"https:\/\/hubsch-interior.com\/da\/#organization","name":"H\u00fcbsch","url":"https:\/\/hubsch-interior.com\/da\/","logo":{"@type":"ImageObject","inLanguage":"da-DK","@id":"https:\/\/hubsch-interior.com\/da\/#\/schema\/logo\/image\/","url":"https:\/\/hubsch-interior.com\/wp-content\/uploads\/2022\/12\/Hubsch_logo_black_one_line.svg","contentUrl":"https:\/\/hubsch-interior.com\/wp-content\/uploads\/2022\/12\/Hubsch_logo_black_one_line.svg","caption":"H\u00fcbsch"},"image":{"@id":"https:\/\/hubsch-interior.com\/da\/#\/schema\/logo\/image\/"}}]}},"_links":{"self":[{"href":"https:\/\/hubsch-interior.com\/da\/wp-json\/wp\/v2\/product\/1006662","targetHints":{"allow":["GET"]}}],"collection":[{"href":"https:\/\/hubsch-interior.com\/da\/wp-json\/wp\/v2\/product"}],"about":[{"href":"https:\/\/hubsch-interior.com\/da\/wp-json\/wp\/v2\/types\/product"}],"wp:featuredmedia":[{"embeddable":true,"href":"https:\/\/hubsch-interior.com\/da\/wp-json\/wp\/v2\/media\/1113788"}],"wp:attachment":[{"href":"https:\/\/hubsch-interior.com\/da\/wp-json\/wp\/v2\/media?parent=1006662"}],"wp:term":[{"taxonomy":"product_brand","embeddable":true,"href":"https:\/\/hubsch-interior.com\/da\/wp-json\/wp\/v2\/product_brand?post=1006662"},{"taxonomy":"product_cat","embeddable":true,"href":"https:\/\/hubsch-interior.com\/da\/wp-json\/wp\/v2\/product_cat?post=1006662"},{"taxonomy":"product_tag","embeddable":true,"href":"https:\/\/hubsch-interior.com\/da\/wp-json\/wp\/v2\/product_tag?post=1006662"}],"curies":[{"name":"wp","href":"https:\/\/api.w.org\/{rel}","templated":true}]}}