{"id":1006951,"date":"2025-01-16T09:21:37","date_gmt":"2025-01-16T08:21:37","guid":{"rendered":"https:\/\/hubsch-interior.com\/product\/product\/"},"modified":"2026-04-09T04:24:01","modified_gmt":"2026-04-09T02:24:01","slug":"villa-outdoor-stol-sort","status":"publish","type":"product","link":"https:\/\/hubsch-interior.com\/da\/vare\/villa-outdoor-stol-sort\/","title":{"rendered":"Villa Outdoor Stol Sort"},"content":{"rendered":"<p>Pr\u00e6senterer Villa Outdoor Stol\u2014hvor elegance m\u00f8der holdbarhed. Denne stol har en smuk og grafisk form, der forbedrer ethvert omr\u00e5de. Designet med en st\u00e6rk og holdbar bel\u00e6gning, er den klar til at blive en langvarig ledsager. G\u00f8r dit udend\u00f8rs omr\u00e5de lige s\u00e5 hyggeligt som dit indend\u00f8rs med dette uds\u00f8gte m\u00f8bel. Husk, for at sikre en lang levetid, d\u00e6k den til og opbevar den, n\u00e5r den ikke er i brug. Inviter dig selv udend\u00f8rs med Villa Outdoor Stol\u2014et strejf af charme, hvor du mindst venter det.<\/p>\n","protected":false},"excerpt":{"rendered":"<p>Pr\u00e6senterer Villa Outdoor Stol\u2014hvor elegance m\u00f8der holdbarhed. Denne stol har en smuk og grafisk form, der forbedrer ethvert omr\u00e5de. Designet med en st\u00e6rk og holdbar bel\u00e6gning, er den klar til at blive en langvarig ledsager. G\u00f8r dit udend\u00f8rs omr\u00e5de lige s\u00e5 hyggeligt som dit indend\u00f8rs med dette uds\u00f8gte m\u00f8bel. Husk, for at sikre en lang [&hellip;]<\/p>\n","protected":false},"featured_media":1095426,"template":"","meta":{"_acf_changed":false,"inline_featured_image":false},"product_brand":[],"product_cat":[7097,2841,3040,5011,5025],"product_tag":[],"class_list":{"0":"post-1006951","1":"product","2":"type-product","3":"status-publish","4":"has-post-thumbnail","6":"product_cat-havestole-da","7":"product_cat-siddemoebler-da","8":"product_cat-skamler-da","9":"product_cat-havemoebler-da","10":"product_cat-bestsellers-da","11":"product_shipping_class-p05","13":"pa_color-sort","14":"pa_material-jern-da","16":"first","17":"instock","18":"featured","19":"taxable","20":"shipping-taxable","21":"purchasable","22":"product-type-simple"},"exclude_global_add_ons":[],"addons":[],"acf":[],"yoast_head":"<!-- This site is optimized with the Yoast SEO plugin v26.4 - https:\/\/yoast.com\/wordpress\/plugins\/seo\/ -->\n<title>Villa Outdoor Stol Sort - H\u00fcbsch<\/title>\n<meta name=\"description\" content=\"Pr\u00e6senterer Villa Outdoor Stol\u2014hvor elegance m\u00f8der holdbarhed. Denne stol har en smuk og grafisk form, der forbedrer ethvert omr\u00e5de. Designet med en st\u00e6rk\" \/>\n<meta name=\"robots\" content=\"index, follow, max-snippet:-1, max-image-preview:large, max-video-preview:-1\" \/>\n<link rel=\"canonical\" href=\"https:\/\/hubsch-interior.com\/da\/wp-json\/wp\/v2\/product\/1006951\" \/>\n<meta property=\"og:locale\" content=\"da_DK\" \/>\n<meta property=\"og:type\" content=\"article\" \/>\n<meta property=\"og:title\" content=\"Villa Outdoor Stol Sort - H\u00fcbsch\" \/>\n<meta property=\"og:description\" content=\"Pr\u00e6senterer Villa Outdoor Stol\u2014hvor elegance m\u00f8der holdbarhed. Denne stol har en smuk og grafisk form, der forbedrer ethvert omr\u00e5de. Designet med en st\u00e6rk\" \/>\n<meta property=\"og:url\" content=\"https:\/\/hubsch-interior.com\/da\/vare\/villa-outdoor-stol-sort\/\" \/>\n<meta property=\"og:site_name\" content=\"H\u00fcbsch\" \/>\n<meta property=\"article:modified_time\" content=\"2026-04-09T02:24:01+00:00\" \/>\n<meta property=\"og:image\" content=\"https:\/\/hubsch-interior.com\/wp-content\/uploads\/2026\/02\/villa-outdoor-chair-black-63f59d129ea294adbefd50939e8098b9.jpg\" \/>\n\t<meta property=\"og:image:width\" content=\"1024\" \/>\n\t<meta property=\"og:image:height\" content=\"1024\" \/>\n\t<meta property=\"og:image:type\" content=\"image\/jpeg\" \/>\n<meta name=\"twitter:card\" content=\"summary_large_image\" \/>\n<meta name=\"twitter:label1\" content=\"Estimeret l\u00e6setid\" \/>\n\t<meta name=\"twitter:data1\" content=\"1 minut\" \/>\n<script type=\"application\/ld+json\" class=\"yoast-schema-graph\">{\"@context\":\"https:\/\/schema.org\",\"@graph\":[{\"@type\":\"WebPage\",\"@id\":\"https:\/\/hubsch-interior.com\/da\/vare\/villa-outdoor-stol-sort\/\",\"url\":\"https:\/\/hubsch-interior.com\/da\/vare\/villa-outdoor-stol-sort\/\",\"name\":\"Villa Outdoor Stol Sort - H\u00fcbsch\",\"isPartOf\":{\"@id\":\"https:\/\/hubsch-interior.com\/da\/#website\"},\"primaryImageOfPage\":{\"@id\":\"https:\/\/hubsch-interior.com\/da\/vare\/villa-outdoor-stol-sort\/#primaryimage\"},\"image\":{\"@id\":\"https:\/\/hubsch-interior.com\/da\/vare\/villa-outdoor-stol-sort\/#primaryimage\"},\"thumbnailUrl\":\"https:\/\/hubsch-interior.com\/wp-content\/uploads\/2026\/02\/villa-outdoor-chair-black-63f59d129ea294adbefd50939e8098b9.jpg\",\"datePublished\":\"2025-01-16T08:21:37+00:00\",\"dateModified\":\"2026-04-09T02:24:01+00:00\",\"description\":\"Pr\u00e6senterer Villa Outdoor Stol\u2014hvor elegance m\u00f8der holdbarhed. Denne stol har en smuk og grafisk form, der forbedrer ethvert omr\u00e5de. Designet med en st\u00e6rk\",\"breadcrumb\":{\"@id\":\"https:\/\/hubsch-interior.com\/da\/vare\/villa-outdoor-stol-sort\/#breadcrumb\"},\"inLanguage\":\"da-DK\",\"potentialAction\":[{\"@type\":\"ReadAction\",\"target\":[\"https:\/\/hubsch-interior.com\/da\/vare\/villa-outdoor-stol-sort\/\"]}]},{\"@type\":\"ImageObject\",\"inLanguage\":\"da-DK\",\"@id\":\"https:\/\/hubsch-interior.com\/da\/vare\/villa-outdoor-stol-sort\/#primaryimage\",\"url\":\"https:\/\/hubsch-interior.com\/wp-content\/uploads\/2026\/02\/villa-outdoor-chair-black-63f59d129ea294adbefd50939e8098b9.jpg\",\"contentUrl\":\"https:\/\/hubsch-interior.com\/wp-content\/uploads\/2026\/02\/villa-outdoor-chair-black-63f59d129ea294adbefd50939e8098b9.jpg\",\"width\":1024,\"height\":1024},{\"@type\":\"BreadcrumbList\",\"@id\":\"https:\/\/hubsch-interior.com\/da\/vare\/villa-outdoor-stol-sort\/#breadcrumb\",\"itemListElement\":[{\"@type\":\"ListItem\",\"position\":1,\"name\":\"Forside\",\"item\":\"https:\/\/hubsch-interior.com\/da\/\"},{\"@type\":\"ListItem\",\"position\":2,\"name\":\"Produkter\",\"item\":\"https:\/\/hubsch-interior.com\/da\/produkter\/\"},{\"@type\":\"ListItem\",\"position\":3,\"name\":\"M\u00f8bler\",\"item\":\"https:\/\/hubsch-interior.com\/da\/vare-kategori\/mobler\/\"},{\"@type\":\"ListItem\",\"position\":4,\"name\":\"Havem&oslash;bler\",\"item\":\"https:\/\/hubsch-interior.com\/da\/vare-kategori\/mobler\/havemoebler-da\/\"},{\"@type\":\"ListItem\",\"position\":5,\"name\":\"Havestole\",\"item\":\"https:\/\/hubsch-interior.com\/da\/vare-kategori\/mobler\/havemoebler-da\/havestole-da\/\"},{\"@type\":\"ListItem\",\"position\":6,\"name\":\"Villa Outdoor Stol Sort\"}]},{\"@type\":\"WebSite\",\"@id\":\"https:\/\/hubsch-interior.com\/da\/#website\",\"url\":\"https:\/\/hubsch-interior.com\/da\/\",\"name\":\"H\u00fcbsch\",\"description\":\"Danish Home Interior and Design\",\"publisher\":{\"@id\":\"https:\/\/hubsch-interior.com\/da\/#organization\"},\"potentialAction\":[{\"@type\":\"SearchAction\",\"target\":{\"@type\":\"EntryPoint\",\"urlTemplate\":\"https:\/\/hubsch-interior.com\/da\/?s={search_term_string}\"},\"query-input\":{\"@type\":\"PropertyValueSpecification\",\"valueRequired\":true,\"valueName\":\"search_term_string\"}}],\"inLanguage\":\"da-DK\"},{\"@type\":\"Organization\",\"@id\":\"https:\/\/hubsch-interior.com\/da\/#organization\",\"name\":\"H\u00fcbsch\",\"url\":\"https:\/\/hubsch-interior.com\/da\/\",\"logo\":{\"@type\":\"ImageObject\",\"inLanguage\":\"da-DK\",\"@id\":\"https:\/\/hubsch-interior.com\/da\/#\/schema\/logo\/image\/\",\"url\":\"https:\/\/hubsch-interior.com\/wp-content\/uploads\/2022\/12\/Hubsch_logo_black_one_line.svg\",\"contentUrl\":\"https:\/\/hubsch-interior.com\/wp-content\/uploads\/2022\/12\/Hubsch_logo_black_one_line.svg\",\"caption\":\"H\u00fcbsch\"},\"image\":{\"@id\":\"https:\/\/hubsch-interior.com\/da\/#\/schema\/logo\/image\/\"}}]}<\/script>\n<!-- \/ Yoast SEO plugin. -->","yoast_head_json":{"title":"Villa Outdoor Stol Sort - H\u00fcbsch","description":"Pr\u00e6senterer Villa Outdoor Stol\u2014hvor elegance m\u00f8der holdbarhed. Denne stol har en smuk og grafisk form, der forbedrer ethvert omr\u00e5de. Designet med en st\u00e6rk","robots":{"index":"index","follow":"follow","max-snippet":"max-snippet:-1","max-image-preview":"max-image-preview:large","max-video-preview":"max-video-preview:-1"},"canonical":"https:\/\/hubsch-interior.com\/da\/wp-json\/wp\/v2\/product\/1006951","og_locale":"da_DK","og_type":"article","og_title":"Villa Outdoor Stol Sort - H\u00fcbsch","og_description":"Pr\u00e6senterer Villa Outdoor Stol\u2014hvor elegance m\u00f8der holdbarhed. Denne stol har en smuk og grafisk form, der forbedrer ethvert omr\u00e5de. Designet med en st\u00e6rk","og_url":"https:\/\/hubsch-interior.com\/da\/vare\/villa-outdoor-stol-sort\/","og_site_name":"H\u00fcbsch","article_modified_time":"2026-04-09T02:24:01+00:00","og_image":[{"width":1024,"height":1024,"url":"https:\/\/hubsch-interior.com\/wp-content\/uploads\/2026\/02\/villa-outdoor-chair-black-63f59d129ea294adbefd50939e8098b9.jpg","type":"image\/jpeg"}],"twitter_card":"summary_large_image","twitter_misc":{"Estimeret l\u00e6setid":"1 minut"},"schema":{"@context":"https:\/\/schema.org","@graph":[{"@type":"WebPage","@id":"https:\/\/hubsch-interior.com\/da\/vare\/villa-outdoor-stol-sort\/","url":"https:\/\/hubsch-interior.com\/da\/vare\/villa-outdoor-stol-sort\/","name":"Villa Outdoor Stol Sort - H\u00fcbsch","isPartOf":{"@id":"https:\/\/hubsch-interior.com\/da\/#website"},"primaryImageOfPage":{"@id":"https:\/\/hubsch-interior.com\/da\/vare\/villa-outdoor-stol-sort\/#primaryimage"},"image":{"@id":"https:\/\/hubsch-interior.com\/da\/vare\/villa-outdoor-stol-sort\/#primaryimage"},"thumbnailUrl":"https:\/\/hubsch-interior.com\/wp-content\/uploads\/2026\/02\/villa-outdoor-chair-black-63f59d129ea294adbefd50939e8098b9.jpg","datePublished":"2025-01-16T08:21:37+00:00","dateModified":"2026-04-09T02:24:01+00:00","description":"Pr\u00e6senterer Villa Outdoor Stol\u2014hvor elegance m\u00f8der holdbarhed. Denne stol har en smuk og grafisk form, der forbedrer ethvert omr\u00e5de. Designet med en st\u00e6rk","breadcrumb":{"@id":"https:\/\/hubsch-interior.com\/da\/vare\/villa-outdoor-stol-sort\/#breadcrumb"},"inLanguage":"da-DK","potentialAction":[{"@type":"ReadAction","target":["https:\/\/hubsch-interior.com\/da\/vare\/villa-outdoor-stol-sort\/"]}]},{"@type":"ImageObject","inLanguage":"da-DK","@id":"https:\/\/hubsch-interior.com\/da\/vare\/villa-outdoor-stol-sort\/#primaryimage","url":"https:\/\/hubsch-interior.com\/wp-content\/uploads\/2026\/02\/villa-outdoor-chair-black-63f59d129ea294adbefd50939e8098b9.jpg","contentUrl":"https:\/\/hubsch-interior.com\/wp-content\/uploads\/2026\/02\/villa-outdoor-chair-black-63f59d129ea294adbefd50939e8098b9.jpg","width":1024,"height":1024},{"@type":"BreadcrumbList","@id":"https:\/\/hubsch-interior.com\/da\/vare\/villa-outdoor-stol-sort\/#breadcrumb","itemListElement":[{"@type":"ListItem","position":1,"name":"Forside","item":"https:\/\/hubsch-interior.com\/da\/"},{"@type":"ListItem","position":2,"name":"Produkter","item":"https:\/\/hubsch-interior.com\/da\/produkter\/"},{"@type":"ListItem","position":3,"name":"M\u00f8bler","item":"https:\/\/hubsch-interior.com\/da\/vare-kategori\/mobler\/"},{"@type":"ListItem","position":4,"name":"Havem&oslash;bler","item":"https:\/\/hubsch-interior.com\/da\/vare-kategori\/mobler\/havemoebler-da\/"},{"@type":"ListItem","position":5,"name":"Havestole","item":"https:\/\/hubsch-interior.com\/da\/vare-kategori\/mobler\/havemoebler-da\/havestole-da\/"},{"@type":"ListItem","position":6,"name":"Villa Outdoor Stol Sort"}]},{"@type":"WebSite","@id":"https:\/\/hubsch-interior.com\/da\/#website","url":"https:\/\/hubsch-interior.com\/da\/","name":"H\u00fcbsch","description":"Danish Home Interior and Design","publisher":{"@id":"https:\/\/hubsch-interior.com\/da\/#organization"},"potentialAction":[{"@type":"SearchAction","target":{"@type":"EntryPoint","urlTemplate":"https:\/\/hubsch-interior.com\/da\/?s={search_term_string}"},"query-input":{"@type":"PropertyValueSpecification","valueRequired":true,"valueName":"search_term_string"}}],"inLanguage":"da-DK"},{"@type":"Organization","@id":"https:\/\/hubsch-interior.com\/da\/#organization","name":"H\u00fcbsch","url":"https:\/\/hubsch-interior.com\/da\/","logo":{"@type":"ImageObject","inLanguage":"da-DK","@id":"https:\/\/hubsch-interior.com\/da\/#\/schema\/logo\/image\/","url":"https:\/\/hubsch-interior.com\/wp-content\/uploads\/2022\/12\/Hubsch_logo_black_one_line.svg","contentUrl":"https:\/\/hubsch-interior.com\/wp-content\/uploads\/2022\/12\/Hubsch_logo_black_one_line.svg","caption":"H\u00fcbsch"},"image":{"@id":"https:\/\/hubsch-interior.com\/da\/#\/schema\/logo\/image\/"}}]}},"_links":{"self":[{"href":"https:\/\/hubsch-interior.com\/da\/wp-json\/wp\/v2\/product\/1006951","targetHints":{"allow":["GET"]}}],"collection":[{"href":"https:\/\/hubsch-interior.com\/da\/wp-json\/wp\/v2\/product"}],"about":[{"href":"https:\/\/hubsch-interior.com\/da\/wp-json\/wp\/v2\/types\/product"}],"wp:featuredmedia":[{"embeddable":true,"href":"https:\/\/hubsch-interior.com\/da\/wp-json\/wp\/v2\/media\/1095426"}],"wp:attachment":[{"href":"https:\/\/hubsch-interior.com\/da\/wp-json\/wp\/v2\/media?parent=1006951"}],"wp:term":[{"taxonomy":"product_brand","embeddable":true,"href":"https:\/\/hubsch-interior.com\/da\/wp-json\/wp\/v2\/product_brand?post=1006951"},{"taxonomy":"product_cat","embeddable":true,"href":"https:\/\/hubsch-interior.com\/da\/wp-json\/wp\/v2\/product_cat?post=1006951"},{"taxonomy":"product_tag","embeddable":true,"href":"https:\/\/hubsch-interior.com\/da\/wp-json\/wp\/v2\/product_tag?post=1006951"}],"curies":[{"name":"wp","href":"https:\/\/api.w.org\/{rel}","templated":true}]}}