{"id":1006967,"date":"2025-01-16T09:22:35","date_gmt":"2025-01-16T08:22:35","guid":{"rendered":"https:\/\/hubsch-interior.com\/product\/product\/"},"modified":"2026-04-06T04:23:37","modified_gmt":"2026-04-06T02:23:37","slug":"villa-outdoor-bord-small-sort","status":"publish","type":"product","link":"https:\/\/hubsch-interior.com\/da\/vare\/villa-outdoor-bord-small-sort\/","title":{"rendered":"Villa Outdoor Bord Small Sort"},"content":{"rendered":"<p>Villa Outdoor Bord\u2014et mesterv\u00e6rk i sort med en smuk og grafisk form, der ubesv\u00e6ret l\u00f8fter enhver plads, den pryder. Fremstillet af metal med en st\u00e6rk og holdbar bel\u00e6gning lover dette bord b\u00e5de holdbarhed og stil. G\u00f8r dit udend\u00f8rs omr\u00e5de lige s\u00e5 hyggeligt som dine indend\u00f8rsomr\u00e5der, mens du nyder lange, afslappede m\u00e5ltider eller en kop te under himlen. For at sikre en lang levetid, husk at d\u00e6kke dit m\u00f8bel, n\u00e5r det ikke er i brug, og opbevar det v\u00e6k om vinteren. Inviter dig selv udend\u00f8rs med elegance!<\/p>\n","protected":false},"excerpt":{"rendered":"<p>Villa Outdoor Bord\u2014et mesterv\u00e6rk i sort med en smuk og grafisk form, der ubesv\u00e6ret l\u00f8fter enhver plads, den pryder. Fremstillet af metal med en st\u00e6rk og holdbar bel\u00e6gning lover dette bord b\u00e5de holdbarhed og stil. G\u00f8r dit udend\u00f8rs omr\u00e5de lige s\u00e5 hyggeligt som dine indend\u00f8rsomr\u00e5der, mens du nyder lange, afslappede m\u00e5ltider eller en kop te [&hellip;]<\/p>\n","protected":false},"featured_media":1114291,"template":"","meta":{"_acf_changed":false,"inline_featured_image":false},"product_brand":[],"product_cat":[2857,7101,5011],"product_tag":[],"class_list":{"0":"post-1006967","1":"product","2":"type-product","3":"status-publish","4":"has-post-thumbnail","6":"product_cat-borde-da","7":"product_cat-haveborde-da","8":"product_cat-havemoebler-da","9":"product_shipping_class-p10","11":"pa_color-sort","12":"pa_material-jern-da","14":"first","15":"instock","16":"taxable","17":"shipping-taxable","18":"purchasable","19":"product-type-simple"},"exclude_global_add_ons":[],"addons":[],"acf":[],"yoast_head":"<!-- This site is optimized with the Yoast SEO plugin v26.4 - https:\/\/yoast.com\/wordpress\/plugins\/seo\/ -->\n<title>Villa Outdoor Bord Small Sort - H\u00fcbsch<\/title>\n<meta name=\"description\" content=\"Villa Outdoor Bord\u2014et mesterv\u00e6rk i sort med en smuk og grafisk form, der ubesv\u00e6ret l\u00f8fter enhver plads, den pryder. Fremstillet af metal med en st\u00e6rk og\" \/>\n<meta name=\"robots\" content=\"index, follow, max-snippet:-1, max-image-preview:large, max-video-preview:-1\" \/>\n<link rel=\"canonical\" href=\"https:\/\/hubsch-interior.com\/da\/wp-json\/wp\/v2\/product\/1006967\" \/>\n<meta property=\"og:locale\" content=\"da_DK\" \/>\n<meta property=\"og:type\" content=\"article\" \/>\n<meta property=\"og:title\" content=\"Villa Outdoor Bord Small Sort - H\u00fcbsch\" \/>\n<meta property=\"og:description\" content=\"Villa Outdoor Bord\u2014et mesterv\u00e6rk i sort med en smuk og grafisk form, der ubesv\u00e6ret l\u00f8fter enhver plads, den pryder. Fremstillet af metal med en st\u00e6rk og\" \/>\n<meta property=\"og:url\" content=\"https:\/\/hubsch-interior.com\/da\/vare\/villa-outdoor-bord-small-sort\/\" \/>\n<meta property=\"og:site_name\" content=\"H\u00fcbsch\" \/>\n<meta property=\"article:modified_time\" content=\"2026-04-06T02:23:37+00:00\" \/>\n<meta property=\"og:image\" content=\"https:\/\/hubsch-interior.com\/wp-content\/uploads\/2026\/02\/villa-outdoor-table-small-black-5e11e29aba808d909e685c2b304fa9f1.jpg\" \/>\n\t<meta property=\"og:image:width\" content=\"1024\" \/>\n\t<meta property=\"og:image:height\" content=\"1024\" \/>\n\t<meta property=\"og:image:type\" content=\"image\/jpeg\" \/>\n<meta name=\"twitter:card\" content=\"summary_large_image\" \/>\n<meta name=\"twitter:label1\" content=\"Estimeret l\u00e6setid\" \/>\n\t<meta name=\"twitter:data1\" content=\"1 minut\" \/>\n<script type=\"application\/ld+json\" class=\"yoast-schema-graph\">{\"@context\":\"https:\/\/schema.org\",\"@graph\":[{\"@type\":\"WebPage\",\"@id\":\"https:\/\/hubsch-interior.com\/da\/vare\/villa-outdoor-bord-small-sort\/\",\"url\":\"https:\/\/hubsch-interior.com\/da\/vare\/villa-outdoor-bord-small-sort\/\",\"name\":\"Villa Outdoor Bord Small Sort - H\u00fcbsch\",\"isPartOf\":{\"@id\":\"https:\/\/hubsch-interior.com\/da\/#website\"},\"primaryImageOfPage\":{\"@id\":\"https:\/\/hubsch-interior.com\/da\/vare\/villa-outdoor-bord-small-sort\/#primaryimage\"},\"image\":{\"@id\":\"https:\/\/hubsch-interior.com\/da\/vare\/villa-outdoor-bord-small-sort\/#primaryimage\"},\"thumbnailUrl\":\"https:\/\/hubsch-interior.com\/wp-content\/uploads\/2026\/02\/villa-outdoor-table-small-black-5e11e29aba808d909e685c2b304fa9f1.jpg\",\"datePublished\":\"2025-01-16T08:22:35+00:00\",\"dateModified\":\"2026-04-06T02:23:37+00:00\",\"description\":\"Villa Outdoor Bord\u2014et mesterv\u00e6rk i sort med en smuk og grafisk form, der ubesv\u00e6ret l\u00f8fter enhver plads, den pryder. Fremstillet af metal med en st\u00e6rk og\",\"breadcrumb\":{\"@id\":\"https:\/\/hubsch-interior.com\/da\/vare\/villa-outdoor-bord-small-sort\/#breadcrumb\"},\"inLanguage\":\"da-DK\",\"potentialAction\":[{\"@type\":\"ReadAction\",\"target\":[\"https:\/\/hubsch-interior.com\/da\/vare\/villa-outdoor-bord-small-sort\/\"]}]},{\"@type\":\"ImageObject\",\"inLanguage\":\"da-DK\",\"@id\":\"https:\/\/hubsch-interior.com\/da\/vare\/villa-outdoor-bord-small-sort\/#primaryimage\",\"url\":\"https:\/\/hubsch-interior.com\/wp-content\/uploads\/2026\/02\/villa-outdoor-table-small-black-5e11e29aba808d909e685c2b304fa9f1.jpg\",\"contentUrl\":\"https:\/\/hubsch-interior.com\/wp-content\/uploads\/2026\/02\/villa-outdoor-table-small-black-5e11e29aba808d909e685c2b304fa9f1.jpg\",\"width\":1024,\"height\":1024},{\"@type\":\"BreadcrumbList\",\"@id\":\"https:\/\/hubsch-interior.com\/da\/vare\/villa-outdoor-bord-small-sort\/#breadcrumb\",\"itemListElement\":[{\"@type\":\"ListItem\",\"position\":1,\"name\":\"Forside\",\"item\":\"https:\/\/hubsch-interior.com\/da\/\"},{\"@type\":\"ListItem\",\"position\":2,\"name\":\"Produkter\",\"item\":\"https:\/\/hubsch-interior.com\/da\/produkter\/\"},{\"@type\":\"ListItem\",\"position\":3,\"name\":\"M\u00f8bler\",\"item\":\"https:\/\/hubsch-interior.com\/da\/vare-kategori\/mobler\/\"},{\"@type\":\"ListItem\",\"position\":4,\"name\":\"Havem&oslash;bler\",\"item\":\"https:\/\/hubsch-interior.com\/da\/vare-kategori\/mobler\/havemoebler-da\/\"},{\"@type\":\"ListItem\",\"position\":5,\"name\":\"Haveborde\",\"item\":\"https:\/\/hubsch-interior.com\/da\/vare-kategori\/mobler\/havemoebler-da\/haveborde-da\/\"},{\"@type\":\"ListItem\",\"position\":6,\"name\":\"Villa Outdoor Bord Small Sort\"}]},{\"@type\":\"WebSite\",\"@id\":\"https:\/\/hubsch-interior.com\/da\/#website\",\"url\":\"https:\/\/hubsch-interior.com\/da\/\",\"name\":\"H\u00fcbsch\",\"description\":\"Danish Home Interior and Design\",\"publisher\":{\"@id\":\"https:\/\/hubsch-interior.com\/da\/#organization\"},\"potentialAction\":[{\"@type\":\"SearchAction\",\"target\":{\"@type\":\"EntryPoint\",\"urlTemplate\":\"https:\/\/hubsch-interior.com\/da\/?s={search_term_string}\"},\"query-input\":{\"@type\":\"PropertyValueSpecification\",\"valueRequired\":true,\"valueName\":\"search_term_string\"}}],\"inLanguage\":\"da-DK\"},{\"@type\":\"Organization\",\"@id\":\"https:\/\/hubsch-interior.com\/da\/#organization\",\"name\":\"H\u00fcbsch\",\"url\":\"https:\/\/hubsch-interior.com\/da\/\",\"logo\":{\"@type\":\"ImageObject\",\"inLanguage\":\"da-DK\",\"@id\":\"https:\/\/hubsch-interior.com\/da\/#\/schema\/logo\/image\/\",\"url\":\"https:\/\/hubsch-interior.com\/wp-content\/uploads\/2022\/12\/Hubsch_logo_black_one_line.svg\",\"contentUrl\":\"https:\/\/hubsch-interior.com\/wp-content\/uploads\/2022\/12\/Hubsch_logo_black_one_line.svg\",\"caption\":\"H\u00fcbsch\"},\"image\":{\"@id\":\"https:\/\/hubsch-interior.com\/da\/#\/schema\/logo\/image\/\"}}]}<\/script>\n<!-- \/ Yoast SEO plugin. -->","yoast_head_json":{"title":"Villa Outdoor Bord Small Sort - H\u00fcbsch","description":"Villa Outdoor Bord\u2014et mesterv\u00e6rk i sort med en smuk og grafisk form, der ubesv\u00e6ret l\u00f8fter enhver plads, den pryder. Fremstillet af metal med en st\u00e6rk og","robots":{"index":"index","follow":"follow","max-snippet":"max-snippet:-1","max-image-preview":"max-image-preview:large","max-video-preview":"max-video-preview:-1"},"canonical":"https:\/\/hubsch-interior.com\/da\/wp-json\/wp\/v2\/product\/1006967","og_locale":"da_DK","og_type":"article","og_title":"Villa Outdoor Bord Small Sort - H\u00fcbsch","og_description":"Villa Outdoor Bord\u2014et mesterv\u00e6rk i sort med en smuk og grafisk form, der ubesv\u00e6ret l\u00f8fter enhver plads, den pryder. Fremstillet af metal med en st\u00e6rk og","og_url":"https:\/\/hubsch-interior.com\/da\/vare\/villa-outdoor-bord-small-sort\/","og_site_name":"H\u00fcbsch","article_modified_time":"2026-04-06T02:23:37+00:00","og_image":[{"width":1024,"height":1024,"url":"https:\/\/hubsch-interior.com\/wp-content\/uploads\/2026\/02\/villa-outdoor-table-small-black-5e11e29aba808d909e685c2b304fa9f1.jpg","type":"image\/jpeg"}],"twitter_card":"summary_large_image","twitter_misc":{"Estimeret l\u00e6setid":"1 minut"},"schema":{"@context":"https:\/\/schema.org","@graph":[{"@type":"WebPage","@id":"https:\/\/hubsch-interior.com\/da\/vare\/villa-outdoor-bord-small-sort\/","url":"https:\/\/hubsch-interior.com\/da\/vare\/villa-outdoor-bord-small-sort\/","name":"Villa Outdoor Bord Small Sort - H\u00fcbsch","isPartOf":{"@id":"https:\/\/hubsch-interior.com\/da\/#website"},"primaryImageOfPage":{"@id":"https:\/\/hubsch-interior.com\/da\/vare\/villa-outdoor-bord-small-sort\/#primaryimage"},"image":{"@id":"https:\/\/hubsch-interior.com\/da\/vare\/villa-outdoor-bord-small-sort\/#primaryimage"},"thumbnailUrl":"https:\/\/hubsch-interior.com\/wp-content\/uploads\/2026\/02\/villa-outdoor-table-small-black-5e11e29aba808d909e685c2b304fa9f1.jpg","datePublished":"2025-01-16T08:22:35+00:00","dateModified":"2026-04-06T02:23:37+00:00","description":"Villa Outdoor Bord\u2014et mesterv\u00e6rk i sort med en smuk og grafisk form, der ubesv\u00e6ret l\u00f8fter enhver plads, den pryder. Fremstillet af metal med en st\u00e6rk og","breadcrumb":{"@id":"https:\/\/hubsch-interior.com\/da\/vare\/villa-outdoor-bord-small-sort\/#breadcrumb"},"inLanguage":"da-DK","potentialAction":[{"@type":"ReadAction","target":["https:\/\/hubsch-interior.com\/da\/vare\/villa-outdoor-bord-small-sort\/"]}]},{"@type":"ImageObject","inLanguage":"da-DK","@id":"https:\/\/hubsch-interior.com\/da\/vare\/villa-outdoor-bord-small-sort\/#primaryimage","url":"https:\/\/hubsch-interior.com\/wp-content\/uploads\/2026\/02\/villa-outdoor-table-small-black-5e11e29aba808d909e685c2b304fa9f1.jpg","contentUrl":"https:\/\/hubsch-interior.com\/wp-content\/uploads\/2026\/02\/villa-outdoor-table-small-black-5e11e29aba808d909e685c2b304fa9f1.jpg","width":1024,"height":1024},{"@type":"BreadcrumbList","@id":"https:\/\/hubsch-interior.com\/da\/vare\/villa-outdoor-bord-small-sort\/#breadcrumb","itemListElement":[{"@type":"ListItem","position":1,"name":"Forside","item":"https:\/\/hubsch-interior.com\/da\/"},{"@type":"ListItem","position":2,"name":"Produkter","item":"https:\/\/hubsch-interior.com\/da\/produkter\/"},{"@type":"ListItem","position":3,"name":"M\u00f8bler","item":"https:\/\/hubsch-interior.com\/da\/vare-kategori\/mobler\/"},{"@type":"ListItem","position":4,"name":"Havem&oslash;bler","item":"https:\/\/hubsch-interior.com\/da\/vare-kategori\/mobler\/havemoebler-da\/"},{"@type":"ListItem","position":5,"name":"Haveborde","item":"https:\/\/hubsch-interior.com\/da\/vare-kategori\/mobler\/havemoebler-da\/haveborde-da\/"},{"@type":"ListItem","position":6,"name":"Villa Outdoor Bord Small Sort"}]},{"@type":"WebSite","@id":"https:\/\/hubsch-interior.com\/da\/#website","url":"https:\/\/hubsch-interior.com\/da\/","name":"H\u00fcbsch","description":"Danish Home Interior and Design","publisher":{"@id":"https:\/\/hubsch-interior.com\/da\/#organization"},"potentialAction":[{"@type":"SearchAction","target":{"@type":"EntryPoint","urlTemplate":"https:\/\/hubsch-interior.com\/da\/?s={search_term_string}"},"query-input":{"@type":"PropertyValueSpecification","valueRequired":true,"valueName":"search_term_string"}}],"inLanguage":"da-DK"},{"@type":"Organization","@id":"https:\/\/hubsch-interior.com\/da\/#organization","name":"H\u00fcbsch","url":"https:\/\/hubsch-interior.com\/da\/","logo":{"@type":"ImageObject","inLanguage":"da-DK","@id":"https:\/\/hubsch-interior.com\/da\/#\/schema\/logo\/image\/","url":"https:\/\/hubsch-interior.com\/wp-content\/uploads\/2022\/12\/Hubsch_logo_black_one_line.svg","contentUrl":"https:\/\/hubsch-interior.com\/wp-content\/uploads\/2022\/12\/Hubsch_logo_black_one_line.svg","caption":"H\u00fcbsch"},"image":{"@id":"https:\/\/hubsch-interior.com\/da\/#\/schema\/logo\/image\/"}}]}},"_links":{"self":[{"href":"https:\/\/hubsch-interior.com\/da\/wp-json\/wp\/v2\/product\/1006967","targetHints":{"allow":["GET"]}}],"collection":[{"href":"https:\/\/hubsch-interior.com\/da\/wp-json\/wp\/v2\/product"}],"about":[{"href":"https:\/\/hubsch-interior.com\/da\/wp-json\/wp\/v2\/types\/product"}],"wp:featuredmedia":[{"embeddable":true,"href":"https:\/\/hubsch-interior.com\/da\/wp-json\/wp\/v2\/media\/1114291"}],"wp:attachment":[{"href":"https:\/\/hubsch-interior.com\/da\/wp-json\/wp\/v2\/media?parent=1006967"}],"wp:term":[{"taxonomy":"product_brand","embeddable":true,"href":"https:\/\/hubsch-interior.com\/da\/wp-json\/wp\/v2\/product_brand?post=1006967"},{"taxonomy":"product_cat","embeddable":true,"href":"https:\/\/hubsch-interior.com\/da\/wp-json\/wp\/v2\/product_cat?post=1006967"},{"taxonomy":"product_tag","embeddable":true,"href":"https:\/\/hubsch-interior.com\/da\/wp-json\/wp\/v2\/product_tag?post=1006967"}],"curies":[{"name":"wp","href":"https:\/\/api.w.org\/{rel}","templated":true}]}}