{"id":1007119,"date":"2025-01-17T12:21:10","date_gmt":"2025-01-17T11:21:10","guid":{"rendered":"https:\/\/hubsch-interior.com\/product\/product\/"},"modified":"2026-04-09T04:20:17","modified_gmt":"2026-04-09T02:20:17","slug":"noir-sengebord-gron-off-white","status":"publish","type":"product","link":"https:\/\/hubsch-interior.com\/da\/vare\/noir-sengebord-gron-off-white\/","title":{"rendered":"Noir Sengebord Gr\u00f8n\/Off white"},"content":{"rendered":"<p>Oplev charmen ved Noir Sengebordet, en dejlig kombination af gr\u00f8nne og off-white nuancer indrammet i robust askfiner med elegante metal detaljer. Dette m\u00f8bel er ikke kun en fryd for \u00f8jet; det er ogs\u00e5 en praktisk opbevaringsl\u00f8sning t\u00e6t p\u00e5 sengen. Med en skuffe, der skjuler og holder dine n\u00f8dvendigheder organiseret, er det perfekt til opbevaring af din aftenl\u00e6sning og sikrer et rodefrit sted. En blid farvekombination m\u00f8der funktionel elegance, hvilket g\u00f8r det til den ideelle makker til din nattes\u00f8vn.<\/p>\n","protected":false},"excerpt":{"rendered":"<p>Oplev charmen ved Noir Sengebordet, en dejlig kombination af gr\u00f8nne og off-white nuancer indrammet i robust askfiner med elegante metal detaljer. Dette m\u00f8bel er ikke kun en fryd for \u00f8jet; det er ogs\u00e5 en praktisk opbevaringsl\u00f8sning t\u00e6t p\u00e5 sengen. Med en skuffe, der skjuler og holder dine n\u00f8dvendigheder organiseret, er det perfekt til opbevaring af [&hellip;]<\/p>\n","protected":false},"featured_media":1094050,"template":"","meta":{"_acf_changed":false,"inline_featured_image":false},"product_brand":[],"product_cat":[6996,6321,2857,4026,4801,5025],"product_tag":[],"class_list":{"0":"post-1007119","1":"product","2":"type-product","3":"status-publish","4":"has-post-thumbnail","6":"product_cat-the-buzz-da","7":"product_cat-fsc-da","8":"product_cat-borde-da","9":"product_cat-sideborde-da","10":"product_cat-sengeborde-da","11":"product_cat-bestsellers-da","12":"product_shipping_class-pk","14":"pa_color-grn","15":"pa_material-askfiner","16":"pa_material-jern-da","17":"pa_material-mdf-da","19":"first","20":"instock","21":"featured","22":"taxable","23":"shipping-taxable","24":"purchasable","25":"product-type-simple"},"exclude_global_add_ons":[],"addons":[],"acf":[],"yoast_head":"<!-- This site is optimized with the Yoast SEO plugin v26.4 - https:\/\/yoast.com\/wordpress\/plugins\/seo\/ -->\n<title>Noir Sengebord Gr\u00f8n\/Off white - H\u00fcbsch<\/title>\n<meta name=\"description\" content=\"Oplev charmen ved Noir Sengebordet, en dejlig kombination af gr\u00f8nne og off-white nuancer indrammet i robust askfiner med elegante metal detaljer. Dette\" \/>\n<meta name=\"robots\" content=\"index, follow, max-snippet:-1, max-image-preview:large, max-video-preview:-1\" \/>\n<link rel=\"canonical\" href=\"https:\/\/hubsch-interior.com\/da\/wp-json\/wp\/v2\/product\/1007119\" \/>\n<meta property=\"og:locale\" content=\"da_DK\" \/>\n<meta property=\"og:type\" content=\"article\" \/>\n<meta property=\"og:title\" content=\"Noir Sengebord Gr\u00f8n\/Off white - H\u00fcbsch\" \/>\n<meta property=\"og:description\" content=\"Oplev charmen ved Noir Sengebordet, en dejlig kombination af gr\u00f8nne og off-white nuancer indrammet i robust askfiner med elegante metal detaljer. Dette\" \/>\n<meta property=\"og:url\" content=\"https:\/\/hubsch-interior.com\/da\/vare\/noir-sengebord-gron-off-white\/\" \/>\n<meta property=\"og:site_name\" content=\"H\u00fcbsch\" \/>\n<meta property=\"article:modified_time\" content=\"2026-04-09T02:20:17+00:00\" \/>\n<meta property=\"og:image\" content=\"https:\/\/hubsch-interior.com\/wp-content\/uploads\/2025\/08\/noir-bedside-table-greenoff-white-9cdc6f4448de2a3147501e8b3d063f9d.jpg\" \/>\n\t<meta property=\"og:image:width\" content=\"1200\" \/>\n\t<meta property=\"og:image:height\" content=\"1200\" \/>\n\t<meta property=\"og:image:type\" content=\"image\/jpeg\" \/>\n<meta name=\"twitter:card\" content=\"summary_large_image\" \/>\n<script type=\"application\/ld+json\" class=\"yoast-schema-graph\">{\"@context\":\"https:\/\/schema.org\",\"@graph\":[{\"@type\":\"WebPage\",\"@id\":\"https:\/\/hubsch-interior.com\/da\/vare\/noir-sengebord-gron-off-white\/\",\"url\":\"https:\/\/hubsch-interior.com\/da\/vare\/noir-sengebord-gron-off-white\/\",\"name\":\"Noir Sengebord Gr\u00f8n\/Off white - H\u00fcbsch\",\"isPartOf\":{\"@id\":\"https:\/\/hubsch-interior.com\/da\/#website\"},\"primaryImageOfPage\":{\"@id\":\"https:\/\/hubsch-interior.com\/da\/vare\/noir-sengebord-gron-off-white\/#primaryimage\"},\"image\":{\"@id\":\"https:\/\/hubsch-interior.com\/da\/vare\/noir-sengebord-gron-off-white\/#primaryimage\"},\"thumbnailUrl\":\"https:\/\/hubsch-interior.com\/wp-content\/uploads\/2026\/02\/noir-bedside-table-greenoff-white-3061fd9f14210c427d5c5a45d6bc7a44.jpg\",\"datePublished\":\"2025-01-17T11:21:10+00:00\",\"dateModified\":\"2026-04-09T02:20:17+00:00\",\"description\":\"Oplev charmen ved Noir Sengebordet, en dejlig kombination af gr\u00f8nne og off-white nuancer indrammet i robust askfiner med elegante metal detaljer. Dette\",\"breadcrumb\":{\"@id\":\"https:\/\/hubsch-interior.com\/da\/vare\/noir-sengebord-gron-off-white\/#breadcrumb\"},\"inLanguage\":\"da-DK\",\"potentialAction\":[{\"@type\":\"ReadAction\",\"target\":[\"https:\/\/hubsch-interior.com\/da\/vare\/noir-sengebord-gron-off-white\/\"]}]},{\"@type\":\"ImageObject\",\"inLanguage\":\"da-DK\",\"@id\":\"https:\/\/hubsch-interior.com\/da\/vare\/noir-sengebord-gron-off-white\/#primaryimage\",\"url\":\"https:\/\/hubsch-interior.com\/wp-content\/uploads\/2026\/02\/noir-bedside-table-greenoff-white-3061fd9f14210c427d5c5a45d6bc7a44.jpg\",\"contentUrl\":\"https:\/\/hubsch-interior.com\/wp-content\/uploads\/2026\/02\/noir-bedside-table-greenoff-white-3061fd9f14210c427d5c5a45d6bc7a44.jpg\",\"width\":1024,\"height\":1024},{\"@type\":\"BreadcrumbList\",\"@id\":\"https:\/\/hubsch-interior.com\/da\/vare\/noir-sengebord-gron-off-white\/#breadcrumb\",\"itemListElement\":[{\"@type\":\"ListItem\",\"position\":1,\"name\":\"Forside\",\"item\":\"https:\/\/hubsch-interior.com\/da\/\"},{\"@type\":\"ListItem\",\"position\":2,\"name\":\"Produkter\",\"item\":\"https:\/\/hubsch-interior.com\/da\/produkter\/\"},{\"@type\":\"ListItem\",\"position\":3,\"name\":\"M\u00f8bler\",\"item\":\"https:\/\/hubsch-interior.com\/da\/vare-kategori\/mobler\/\"},{\"@type\":\"ListItem\",\"position\":4,\"name\":\"Borde\",\"item\":\"https:\/\/hubsch-interior.com\/da\/vare-kategori\/mobler\/borde-da\/\"},{\"@type\":\"ListItem\",\"position\":5,\"name\":\"Sideborde\",\"item\":\"https:\/\/hubsch-interior.com\/da\/vare-kategori\/mobler\/borde-da\/sideborde-da\/\"},{\"@type\":\"ListItem\",\"position\":6,\"name\":\"Noir Sengebord Gr\u00f8n\/Off white\"}]},{\"@type\":\"WebSite\",\"@id\":\"https:\/\/hubsch-interior.com\/da\/#website\",\"url\":\"https:\/\/hubsch-interior.com\/da\/\",\"name\":\"H\u00fcbsch\",\"description\":\"Danish Home Interior and Design\",\"publisher\":{\"@id\":\"https:\/\/hubsch-interior.com\/da\/#organization\"},\"potentialAction\":[{\"@type\":\"SearchAction\",\"target\":{\"@type\":\"EntryPoint\",\"urlTemplate\":\"https:\/\/hubsch-interior.com\/da\/?s={search_term_string}\"},\"query-input\":{\"@type\":\"PropertyValueSpecification\",\"valueRequired\":true,\"valueName\":\"search_term_string\"}}],\"inLanguage\":\"da-DK\"},{\"@type\":\"Organization\",\"@id\":\"https:\/\/hubsch-interior.com\/da\/#organization\",\"name\":\"H\u00fcbsch\",\"url\":\"https:\/\/hubsch-interior.com\/da\/\",\"logo\":{\"@type\":\"ImageObject\",\"inLanguage\":\"da-DK\",\"@id\":\"https:\/\/hubsch-interior.com\/da\/#\/schema\/logo\/image\/\",\"url\":\"https:\/\/hubsch-interior.com\/wp-content\/uploads\/2022\/12\/Hubsch_logo_black_one_line.svg\",\"contentUrl\":\"https:\/\/hubsch-interior.com\/wp-content\/uploads\/2022\/12\/Hubsch_logo_black_one_line.svg\",\"caption\":\"H\u00fcbsch\"},\"image\":{\"@id\":\"https:\/\/hubsch-interior.com\/da\/#\/schema\/logo\/image\/\"}}]}<\/script>\n<!-- \/ Yoast SEO plugin. -->","yoast_head_json":{"title":"Noir Sengebord Gr\u00f8n\/Off white - H\u00fcbsch","description":"Oplev charmen ved Noir Sengebordet, en dejlig kombination af gr\u00f8nne og off-white nuancer indrammet i robust askfiner med elegante metal detaljer. Dette","robots":{"index":"index","follow":"follow","max-snippet":"max-snippet:-1","max-image-preview":"max-image-preview:large","max-video-preview":"max-video-preview:-1"},"canonical":"https:\/\/hubsch-interior.com\/da\/wp-json\/wp\/v2\/product\/1007119","og_locale":"da_DK","og_type":"article","og_title":"Noir Sengebord Gr\u00f8n\/Off white - H\u00fcbsch","og_description":"Oplev charmen ved Noir Sengebordet, en dejlig kombination af gr\u00f8nne og off-white nuancer indrammet i robust askfiner med elegante metal detaljer. Dette","og_url":"https:\/\/hubsch-interior.com\/da\/vare\/noir-sengebord-gron-off-white\/","og_site_name":"H\u00fcbsch","article_modified_time":"2026-04-09T02:20:17+00:00","og_image":[{"width":1200,"height":1200,"url":"https:\/\/hubsch-interior.com\/wp-content\/uploads\/2025\/08\/noir-bedside-table-greenoff-white-9cdc6f4448de2a3147501e8b3d063f9d.jpg","type":"image\/jpeg"}],"twitter_card":"summary_large_image","schema":{"@context":"https:\/\/schema.org","@graph":[{"@type":"WebPage","@id":"https:\/\/hubsch-interior.com\/da\/vare\/noir-sengebord-gron-off-white\/","url":"https:\/\/hubsch-interior.com\/da\/vare\/noir-sengebord-gron-off-white\/","name":"Noir Sengebord Gr\u00f8n\/Off white - H\u00fcbsch","isPartOf":{"@id":"https:\/\/hubsch-interior.com\/da\/#website"},"primaryImageOfPage":{"@id":"https:\/\/hubsch-interior.com\/da\/vare\/noir-sengebord-gron-off-white\/#primaryimage"},"image":{"@id":"https:\/\/hubsch-interior.com\/da\/vare\/noir-sengebord-gron-off-white\/#primaryimage"},"thumbnailUrl":"https:\/\/hubsch-interior.com\/wp-content\/uploads\/2026\/02\/noir-bedside-table-greenoff-white-3061fd9f14210c427d5c5a45d6bc7a44.jpg","datePublished":"2025-01-17T11:21:10+00:00","dateModified":"2026-04-09T02:20:17+00:00","description":"Oplev charmen ved Noir Sengebordet, en dejlig kombination af gr\u00f8nne og off-white nuancer indrammet i robust askfiner med elegante metal detaljer. Dette","breadcrumb":{"@id":"https:\/\/hubsch-interior.com\/da\/vare\/noir-sengebord-gron-off-white\/#breadcrumb"},"inLanguage":"da-DK","potentialAction":[{"@type":"ReadAction","target":["https:\/\/hubsch-interior.com\/da\/vare\/noir-sengebord-gron-off-white\/"]}]},{"@type":"ImageObject","inLanguage":"da-DK","@id":"https:\/\/hubsch-interior.com\/da\/vare\/noir-sengebord-gron-off-white\/#primaryimage","url":"https:\/\/hubsch-interior.com\/wp-content\/uploads\/2026\/02\/noir-bedside-table-greenoff-white-3061fd9f14210c427d5c5a45d6bc7a44.jpg","contentUrl":"https:\/\/hubsch-interior.com\/wp-content\/uploads\/2026\/02\/noir-bedside-table-greenoff-white-3061fd9f14210c427d5c5a45d6bc7a44.jpg","width":1024,"height":1024},{"@type":"BreadcrumbList","@id":"https:\/\/hubsch-interior.com\/da\/vare\/noir-sengebord-gron-off-white\/#breadcrumb","itemListElement":[{"@type":"ListItem","position":1,"name":"Forside","item":"https:\/\/hubsch-interior.com\/da\/"},{"@type":"ListItem","position":2,"name":"Produkter","item":"https:\/\/hubsch-interior.com\/da\/produkter\/"},{"@type":"ListItem","position":3,"name":"M\u00f8bler","item":"https:\/\/hubsch-interior.com\/da\/vare-kategori\/mobler\/"},{"@type":"ListItem","position":4,"name":"Borde","item":"https:\/\/hubsch-interior.com\/da\/vare-kategori\/mobler\/borde-da\/"},{"@type":"ListItem","position":5,"name":"Sideborde","item":"https:\/\/hubsch-interior.com\/da\/vare-kategori\/mobler\/borde-da\/sideborde-da\/"},{"@type":"ListItem","position":6,"name":"Noir Sengebord Gr\u00f8n\/Off white"}]},{"@type":"WebSite","@id":"https:\/\/hubsch-interior.com\/da\/#website","url":"https:\/\/hubsch-interior.com\/da\/","name":"H\u00fcbsch","description":"Danish Home Interior and Design","publisher":{"@id":"https:\/\/hubsch-interior.com\/da\/#organization"},"potentialAction":[{"@type":"SearchAction","target":{"@type":"EntryPoint","urlTemplate":"https:\/\/hubsch-interior.com\/da\/?s={search_term_string}"},"query-input":{"@type":"PropertyValueSpecification","valueRequired":true,"valueName":"search_term_string"}}],"inLanguage":"da-DK"},{"@type":"Organization","@id":"https:\/\/hubsch-interior.com\/da\/#organization","name":"H\u00fcbsch","url":"https:\/\/hubsch-interior.com\/da\/","logo":{"@type":"ImageObject","inLanguage":"da-DK","@id":"https:\/\/hubsch-interior.com\/da\/#\/schema\/logo\/image\/","url":"https:\/\/hubsch-interior.com\/wp-content\/uploads\/2022\/12\/Hubsch_logo_black_one_line.svg","contentUrl":"https:\/\/hubsch-interior.com\/wp-content\/uploads\/2022\/12\/Hubsch_logo_black_one_line.svg","caption":"H\u00fcbsch"},"image":{"@id":"https:\/\/hubsch-interior.com\/da\/#\/schema\/logo\/image\/"}}]}},"_links":{"self":[{"href":"https:\/\/hubsch-interior.com\/da\/wp-json\/wp\/v2\/product\/1007119","targetHints":{"allow":["GET"]}}],"collection":[{"href":"https:\/\/hubsch-interior.com\/da\/wp-json\/wp\/v2\/product"}],"about":[{"href":"https:\/\/hubsch-interior.com\/da\/wp-json\/wp\/v2\/types\/product"}],"wp:featuredmedia":[{"embeddable":true,"href":"https:\/\/hubsch-interior.com\/da\/wp-json\/wp\/v2\/media\/1094050"}],"wp:attachment":[{"href":"https:\/\/hubsch-interior.com\/da\/wp-json\/wp\/v2\/media?parent=1007119"}],"wp:term":[{"taxonomy":"product_brand","embeddable":true,"href":"https:\/\/hubsch-interior.com\/da\/wp-json\/wp\/v2\/product_brand?post=1007119"},{"taxonomy":"product_cat","embeddable":true,"href":"https:\/\/hubsch-interior.com\/da\/wp-json\/wp\/v2\/product_cat?post=1007119"},{"taxonomy":"product_tag","embeddable":true,"href":"https:\/\/hubsch-interior.com\/da\/wp-json\/wp\/v2\/product_tag?post=1007119"}],"curies":[{"name":"wp","href":"https:\/\/api.w.org\/{rel}","templated":true}]}}