{"id":1007151,"date":"2025-01-17T12:22:53","date_gmt":"2025-01-17T11:22:53","guid":{"rendered":"https:\/\/hubsch-interior.com\/product\/product\/"},"modified":"2026-04-09T04:20:22","modified_gmt":"2026-04-09T02:20:22","slug":"galaxy-reol-turquiose-bla-gra","status":"publish","type":"product","link":"https:\/\/hubsch-interior.com\/da\/vare\/galaxy-reol-turquiose-bla-gra\/","title":{"rendered":"Galaxy Reol Turquiose\/Bl\u00e5\/Gr\u00e5"},"content":{"rendered":"<p>Oplev Galaxy Reol, et mesterv\u00e6rk i turkis, bl\u00e5 og gr\u00e5 askfiner, der vil transformere ethvert rum med stil. Fremstillet af FSC-certificeret tr\u00e6 er denne reol ikke kun smuk at se p\u00e5; den er et tegn p\u00e5 gennemt\u00e6nkt design. Med plads til 12 kopper kan du udstille alle dine smukke kaffekopper eller fremvise dine yndlings hjemmedekorationer eller k\u00f8kkenelementer. Ideel til ethvert rum, der l\u00e6nges efter et farverigt element. Galaxy Reol lover at blive b\u00e5de et fokuspunkt og et samtaleemne.<\/p>\n","protected":false},"excerpt":{"rendered":"<p>Oplev Galaxy Reol, et mesterv\u00e6rk i turkis, bl\u00e5 og gr\u00e5 askfiner, der vil transformere ethvert rum med stil. Fremstillet af FSC-certificeret tr\u00e6 er denne reol ikke kun smuk at se p\u00e5; den er et tegn p\u00e5 gennemt\u00e6nkt design. Med plads til 12 kopper kan du udstille alle dine smukke kaffekopper eller fremvise dine yndlings hjemmedekorationer [&hellip;]<\/p>\n","protected":false},"featured_media":1094090,"template":"","meta":{"_acf_changed":false,"inline_featured_image":false},"product_brand":[],"product_cat":[6996,6321,3999,4022,5025],"product_tag":[],"class_list":{"0":"post-1007151","1":"product","2":"type-product","3":"status-publish","4":"has-post-thumbnail","6":"product_cat-the-buzz-da","7":"product_cat-fsc-da","8":"product_cat-reoler-opbevaring-da","9":"product_cat-hylder-da","10":"product_cat-bestsellers-da","11":"product_shipping_class-pk","13":"pa_color-bl","14":"pa_color-gr","15":"pa_material-askfiner","16":"pa_material-mdf-da","18":"first","19":"instock","20":"featured","21":"taxable","22":"shipping-taxable","23":"purchasable","24":"product-type-simple"},"exclude_global_add_ons":[],"addons":[],"acf":[],"yoast_head":"<!-- This site is optimized with the Yoast SEO plugin v26.4 - https:\/\/yoast.com\/wordpress\/plugins\/seo\/ -->\n<title>Galaxy Reol Turquiose\/Bl\u00e5\/Gr\u00e5 - H\u00fcbsch<\/title>\n<meta name=\"description\" content=\"Oplev Galaxy Reol, et mesterv\u00e6rk i turkis, bl\u00e5 og gr\u00e5 askfiner, der vil transformere ethvert rum med stil. Fremstillet af FSC-certificeret tr\u00e6 er denne\" \/>\n<meta name=\"robots\" content=\"index, follow, max-snippet:-1, max-image-preview:large, max-video-preview:-1\" \/>\n<link rel=\"canonical\" href=\"https:\/\/hubsch-interior.com\/da\/wp-json\/wp\/v2\/product\/1007151\" \/>\n<meta property=\"og:locale\" content=\"da_DK\" \/>\n<meta property=\"og:type\" content=\"article\" \/>\n<meta property=\"og:title\" content=\"Galaxy Reol Turquiose\/Bl\u00e5\/Gr\u00e5 - H\u00fcbsch\" \/>\n<meta property=\"og:description\" content=\"Oplev Galaxy Reol, et mesterv\u00e6rk i turkis, bl\u00e5 og gr\u00e5 askfiner, der vil transformere ethvert rum med stil. Fremstillet af FSC-certificeret tr\u00e6 er denne\" \/>\n<meta property=\"og:url\" content=\"https:\/\/hubsch-interior.com\/da\/vare\/galaxy-reol-turquiose-bla-gra\/\" \/>\n<meta property=\"og:site_name\" content=\"H\u00fcbsch\" \/>\n<meta property=\"article:modified_time\" content=\"2026-04-09T02:20:22+00:00\" \/>\n<meta property=\"og:image\" content=\"https:\/\/hubsch-interior.com\/wp-content\/uploads\/2026\/02\/galaxy-shelf-turquiosebluegrey-101bf8a7d6c7e44670723a013519ff36.jpg\" \/>\n\t<meta property=\"og:image:width\" content=\"1024\" \/>\n\t<meta property=\"og:image:height\" content=\"1024\" \/>\n\t<meta property=\"og:image:type\" content=\"image\/jpeg\" \/>\n<meta name=\"twitter:card\" content=\"summary_large_image\" \/>\n<script type=\"application\/ld+json\" class=\"yoast-schema-graph\">{\"@context\":\"https:\/\/schema.org\",\"@graph\":[{\"@type\":\"WebPage\",\"@id\":\"https:\/\/hubsch-interior.com\/da\/vare\/galaxy-reol-turquiose-bla-gra\/\",\"url\":\"https:\/\/hubsch-interior.com\/da\/vare\/galaxy-reol-turquiose-bla-gra\/\",\"name\":\"Galaxy Reol Turquiose\/Bl\u00e5\/Gr\u00e5 - H\u00fcbsch\",\"isPartOf\":{\"@id\":\"https:\/\/hubsch-interior.com\/da\/#website\"},\"primaryImageOfPage\":{\"@id\":\"https:\/\/hubsch-interior.com\/da\/vare\/galaxy-reol-turquiose-bla-gra\/#primaryimage\"},\"image\":{\"@id\":\"https:\/\/hubsch-interior.com\/da\/vare\/galaxy-reol-turquiose-bla-gra\/#primaryimage\"},\"thumbnailUrl\":\"https:\/\/hubsch-interior.com\/wp-content\/uploads\/2026\/02\/galaxy-shelf-turquiosebluegrey-101bf8a7d6c7e44670723a013519ff36.jpg\",\"datePublished\":\"2025-01-17T11:22:53+00:00\",\"dateModified\":\"2026-04-09T02:20:22+00:00\",\"description\":\"Oplev Galaxy Reol, et mesterv\u00e6rk i turkis, bl\u00e5 og gr\u00e5 askfiner, der vil transformere ethvert rum med stil. Fremstillet af FSC-certificeret tr\u00e6 er denne\",\"breadcrumb\":{\"@id\":\"https:\/\/hubsch-interior.com\/da\/vare\/galaxy-reol-turquiose-bla-gra\/#breadcrumb\"},\"inLanguage\":\"da-DK\",\"potentialAction\":[{\"@type\":\"ReadAction\",\"target\":[\"https:\/\/hubsch-interior.com\/da\/vare\/galaxy-reol-turquiose-bla-gra\/\"]}]},{\"@type\":\"ImageObject\",\"inLanguage\":\"da-DK\",\"@id\":\"https:\/\/hubsch-interior.com\/da\/vare\/galaxy-reol-turquiose-bla-gra\/#primaryimage\",\"url\":\"https:\/\/hubsch-interior.com\/wp-content\/uploads\/2026\/02\/galaxy-shelf-turquiosebluegrey-101bf8a7d6c7e44670723a013519ff36.jpg\",\"contentUrl\":\"https:\/\/hubsch-interior.com\/wp-content\/uploads\/2026\/02\/galaxy-shelf-turquiosebluegrey-101bf8a7d6c7e44670723a013519ff36.jpg\",\"width\":1024,\"height\":1024},{\"@type\":\"BreadcrumbList\",\"@id\":\"https:\/\/hubsch-interior.com\/da\/vare\/galaxy-reol-turquiose-bla-gra\/#breadcrumb\",\"itemListElement\":[{\"@type\":\"ListItem\",\"position\":1,\"name\":\"Forside\",\"item\":\"https:\/\/hubsch-interior.com\/da\/\"},{\"@type\":\"ListItem\",\"position\":2,\"name\":\"Produkter\",\"item\":\"https:\/\/hubsch-interior.com\/da\/produkter\/\"},{\"@type\":\"ListItem\",\"position\":3,\"name\":\"M\u00f8bler\",\"item\":\"https:\/\/hubsch-interior.com\/da\/vare-kategori\/mobler\/\"},{\"@type\":\"ListItem\",\"position\":4,\"name\":\"Reoler &amp; opbevaring\",\"item\":\"https:\/\/hubsch-interior.com\/da\/vare-kategori\/mobler\/reoler-opbevaring-da\/\"},{\"@type\":\"ListItem\",\"position\":5,\"name\":\"Hylder\",\"item\":\"https:\/\/hubsch-interior.com\/da\/vare-kategori\/mobler\/reoler-opbevaring-da\/hylder-da\/\"},{\"@type\":\"ListItem\",\"position\":6,\"name\":\"Galaxy Reol Turquiose\/Bl\u00e5\/Gr\u00e5\"}]},{\"@type\":\"WebSite\",\"@id\":\"https:\/\/hubsch-interior.com\/da\/#website\",\"url\":\"https:\/\/hubsch-interior.com\/da\/\",\"name\":\"H\u00fcbsch\",\"description\":\"Danish Home Interior and Design\",\"publisher\":{\"@id\":\"https:\/\/hubsch-interior.com\/da\/#organization\"},\"potentialAction\":[{\"@type\":\"SearchAction\",\"target\":{\"@type\":\"EntryPoint\",\"urlTemplate\":\"https:\/\/hubsch-interior.com\/da\/?s={search_term_string}\"},\"query-input\":{\"@type\":\"PropertyValueSpecification\",\"valueRequired\":true,\"valueName\":\"search_term_string\"}}],\"inLanguage\":\"da-DK\"},{\"@type\":\"Organization\",\"@id\":\"https:\/\/hubsch-interior.com\/da\/#organization\",\"name\":\"H\u00fcbsch\",\"url\":\"https:\/\/hubsch-interior.com\/da\/\",\"logo\":{\"@type\":\"ImageObject\",\"inLanguage\":\"da-DK\",\"@id\":\"https:\/\/hubsch-interior.com\/da\/#\/schema\/logo\/image\/\",\"url\":\"https:\/\/hubsch-interior.com\/wp-content\/uploads\/2022\/12\/Hubsch_logo_black_one_line.svg\",\"contentUrl\":\"https:\/\/hubsch-interior.com\/wp-content\/uploads\/2022\/12\/Hubsch_logo_black_one_line.svg\",\"caption\":\"H\u00fcbsch\"},\"image\":{\"@id\":\"https:\/\/hubsch-interior.com\/da\/#\/schema\/logo\/image\/\"}}]}<\/script>\n<!-- \/ Yoast SEO plugin. -->","yoast_head_json":{"title":"Galaxy Reol Turquiose\/Bl\u00e5\/Gr\u00e5 - H\u00fcbsch","description":"Oplev Galaxy Reol, et mesterv\u00e6rk i turkis, bl\u00e5 og gr\u00e5 askfiner, der vil transformere ethvert rum med stil. Fremstillet af FSC-certificeret tr\u00e6 er denne","robots":{"index":"index","follow":"follow","max-snippet":"max-snippet:-1","max-image-preview":"max-image-preview:large","max-video-preview":"max-video-preview:-1"},"canonical":"https:\/\/hubsch-interior.com\/da\/wp-json\/wp\/v2\/product\/1007151","og_locale":"da_DK","og_type":"article","og_title":"Galaxy Reol Turquiose\/Bl\u00e5\/Gr\u00e5 - H\u00fcbsch","og_description":"Oplev Galaxy Reol, et mesterv\u00e6rk i turkis, bl\u00e5 og gr\u00e5 askfiner, der vil transformere ethvert rum med stil. Fremstillet af FSC-certificeret tr\u00e6 er denne","og_url":"https:\/\/hubsch-interior.com\/da\/vare\/galaxy-reol-turquiose-bla-gra\/","og_site_name":"H\u00fcbsch","article_modified_time":"2026-04-09T02:20:22+00:00","og_image":[{"width":1024,"height":1024,"url":"https:\/\/hubsch-interior.com\/wp-content\/uploads\/2026\/02\/galaxy-shelf-turquiosebluegrey-101bf8a7d6c7e44670723a013519ff36.jpg","type":"image\/jpeg"}],"twitter_card":"summary_large_image","schema":{"@context":"https:\/\/schema.org","@graph":[{"@type":"WebPage","@id":"https:\/\/hubsch-interior.com\/da\/vare\/galaxy-reol-turquiose-bla-gra\/","url":"https:\/\/hubsch-interior.com\/da\/vare\/galaxy-reol-turquiose-bla-gra\/","name":"Galaxy Reol Turquiose\/Bl\u00e5\/Gr\u00e5 - H\u00fcbsch","isPartOf":{"@id":"https:\/\/hubsch-interior.com\/da\/#website"},"primaryImageOfPage":{"@id":"https:\/\/hubsch-interior.com\/da\/vare\/galaxy-reol-turquiose-bla-gra\/#primaryimage"},"image":{"@id":"https:\/\/hubsch-interior.com\/da\/vare\/galaxy-reol-turquiose-bla-gra\/#primaryimage"},"thumbnailUrl":"https:\/\/hubsch-interior.com\/wp-content\/uploads\/2026\/02\/galaxy-shelf-turquiosebluegrey-101bf8a7d6c7e44670723a013519ff36.jpg","datePublished":"2025-01-17T11:22:53+00:00","dateModified":"2026-04-09T02:20:22+00:00","description":"Oplev Galaxy Reol, et mesterv\u00e6rk i turkis, bl\u00e5 og gr\u00e5 askfiner, der vil transformere ethvert rum med stil. Fremstillet af FSC-certificeret tr\u00e6 er denne","breadcrumb":{"@id":"https:\/\/hubsch-interior.com\/da\/vare\/galaxy-reol-turquiose-bla-gra\/#breadcrumb"},"inLanguage":"da-DK","potentialAction":[{"@type":"ReadAction","target":["https:\/\/hubsch-interior.com\/da\/vare\/galaxy-reol-turquiose-bla-gra\/"]}]},{"@type":"ImageObject","inLanguage":"da-DK","@id":"https:\/\/hubsch-interior.com\/da\/vare\/galaxy-reol-turquiose-bla-gra\/#primaryimage","url":"https:\/\/hubsch-interior.com\/wp-content\/uploads\/2026\/02\/galaxy-shelf-turquiosebluegrey-101bf8a7d6c7e44670723a013519ff36.jpg","contentUrl":"https:\/\/hubsch-interior.com\/wp-content\/uploads\/2026\/02\/galaxy-shelf-turquiosebluegrey-101bf8a7d6c7e44670723a013519ff36.jpg","width":1024,"height":1024},{"@type":"BreadcrumbList","@id":"https:\/\/hubsch-interior.com\/da\/vare\/galaxy-reol-turquiose-bla-gra\/#breadcrumb","itemListElement":[{"@type":"ListItem","position":1,"name":"Forside","item":"https:\/\/hubsch-interior.com\/da\/"},{"@type":"ListItem","position":2,"name":"Produkter","item":"https:\/\/hubsch-interior.com\/da\/produkter\/"},{"@type":"ListItem","position":3,"name":"M\u00f8bler","item":"https:\/\/hubsch-interior.com\/da\/vare-kategori\/mobler\/"},{"@type":"ListItem","position":4,"name":"Reoler &amp; opbevaring","item":"https:\/\/hubsch-interior.com\/da\/vare-kategori\/mobler\/reoler-opbevaring-da\/"},{"@type":"ListItem","position":5,"name":"Hylder","item":"https:\/\/hubsch-interior.com\/da\/vare-kategori\/mobler\/reoler-opbevaring-da\/hylder-da\/"},{"@type":"ListItem","position":6,"name":"Galaxy Reol Turquiose\/Bl\u00e5\/Gr\u00e5"}]},{"@type":"WebSite","@id":"https:\/\/hubsch-interior.com\/da\/#website","url":"https:\/\/hubsch-interior.com\/da\/","name":"H\u00fcbsch","description":"Danish Home Interior and Design","publisher":{"@id":"https:\/\/hubsch-interior.com\/da\/#organization"},"potentialAction":[{"@type":"SearchAction","target":{"@type":"EntryPoint","urlTemplate":"https:\/\/hubsch-interior.com\/da\/?s={search_term_string}"},"query-input":{"@type":"PropertyValueSpecification","valueRequired":true,"valueName":"search_term_string"}}],"inLanguage":"da-DK"},{"@type":"Organization","@id":"https:\/\/hubsch-interior.com\/da\/#organization","name":"H\u00fcbsch","url":"https:\/\/hubsch-interior.com\/da\/","logo":{"@type":"ImageObject","inLanguage":"da-DK","@id":"https:\/\/hubsch-interior.com\/da\/#\/schema\/logo\/image\/","url":"https:\/\/hubsch-interior.com\/wp-content\/uploads\/2022\/12\/Hubsch_logo_black_one_line.svg","contentUrl":"https:\/\/hubsch-interior.com\/wp-content\/uploads\/2022\/12\/Hubsch_logo_black_one_line.svg","caption":"H\u00fcbsch"},"image":{"@id":"https:\/\/hubsch-interior.com\/da\/#\/schema\/logo\/image\/"}}]}},"_links":{"self":[{"href":"https:\/\/hubsch-interior.com\/da\/wp-json\/wp\/v2\/product\/1007151","targetHints":{"allow":["GET"]}}],"collection":[{"href":"https:\/\/hubsch-interior.com\/da\/wp-json\/wp\/v2\/product"}],"about":[{"href":"https:\/\/hubsch-interior.com\/da\/wp-json\/wp\/v2\/types\/product"}],"wp:featuredmedia":[{"embeddable":true,"href":"https:\/\/hubsch-interior.com\/da\/wp-json\/wp\/v2\/media\/1094090"}],"wp:attachment":[{"href":"https:\/\/hubsch-interior.com\/da\/wp-json\/wp\/v2\/media?parent=1007151"}],"wp:term":[{"taxonomy":"product_brand","embeddable":true,"href":"https:\/\/hubsch-interior.com\/da\/wp-json\/wp\/v2\/product_brand?post=1007151"},{"taxonomy":"product_cat","embeddable":true,"href":"https:\/\/hubsch-interior.com\/da\/wp-json\/wp\/v2\/product_cat?post=1007151"},{"taxonomy":"product_tag","embeddable":true,"href":"https:\/\/hubsch-interior.com\/da\/wp-json\/wp\/v2\/product_tag?post=1007151"}],"curies":[{"name":"wp","href":"https:\/\/api.w.org\/{rel}","templated":true}]}}