{"id":1007167,"date":"2025-01-17T12:23:19","date_gmt":"2025-01-17T11:23:19","guid":{"rendered":"https:\/\/hubsch-interior.com\/product\/product\/"},"modified":"2026-04-09T04:20:27","modified_gmt":"2026-04-09T02:20:27","slug":"pep-reol-gul-gra","status":"publish","type":"product","link":"https:\/\/hubsch-interior.com\/da\/vare\/pep-reol-gul-gra\/","title":{"rendered":"Pep Reol Gul\/Gr\u00e5"},"content":{"rendered":"<p>Lys ethvert rum op med den charmerende Pep Reol i indbydende gule og gr\u00e5 nuancer i bl\u00f8de toner. Fremstillet af FSC-certificeret askfiner, er denne praktiske reol perfekt til dine personlige rum. Brug den p\u00e5 dit kontor til at organisere tilbeh\u00f8r eller i k\u00f8kkenet til at opbevare dine redskaber til dit kaffehj\u00f8rne, krydderier og te. Den er ikke kun praktisk, men dens stilfulde design g\u00f8r den ogs\u00e5 til et ideelt udstillingsobjekt, der tilf\u00f8jer et strejf af varme og personlighed til dit hjem.<\/p>\n","protected":false},"excerpt":{"rendered":"<p>Lys ethvert rum op med den charmerende Pep Reol i indbydende gule og gr\u00e5 nuancer i bl\u00f8de toner. Fremstillet af FSC-certificeret askfiner, er denne praktiske reol perfekt til dine personlige rum. Brug den p\u00e5 dit kontor til at organisere tilbeh\u00f8r eller i k\u00f8kkenet til at opbevare dine redskaber til dit kaffehj\u00f8rne, krydderier og te. Den [&hellip;]<\/p>\n","protected":false},"featured_media":1094344,"template":"","meta":{"_acf_changed":false,"inline_featured_image":false},"product_brand":[],"product_cat":[5025,6321,4022,7069,7070,3999,6996],"product_tag":[],"class_list":{"0":"post-1007167","1":"product","2":"type-product","3":"status-publish","4":"has-post-thumbnail","6":"product_cat-bestsellers-da","7":"product_cat-fsc-da","8":"product_cat-hylder-da","9":"product_cat-knager-reoler-da","10":"product_cat-reoler-da-knager-reoler-da","11":"product_cat-reoler-opbevaring-da","12":"product_cat-the-buzz-da","13":"product_shipping_class-pk","15":"pa_color-gr","16":"pa_color-gul","17":"pa_material-askfiner","18":"pa_material-mdf-da","20":"first","21":"instock","22":"featured","23":"taxable","24":"shipping-taxable","25":"purchasable","26":"product-type-simple"},"exclude_global_add_ons":[],"addons":[],"acf":[],"yoast_head":"<!-- This site is optimized with the Yoast SEO plugin v26.4 - https:\/\/yoast.com\/wordpress\/plugins\/seo\/ -->\n<title>Pep Reol Gul\/Gr\u00e5 - H\u00fcbsch<\/title>\n<meta name=\"description\" content=\"Lys ethvert rum op med den charmerende Pep Reol i indbydende gule og gr\u00e5 nuancer i bl\u00f8de toner. Fremstillet af FSC-certificeret askfiner, er denne\" \/>\n<meta name=\"robots\" content=\"index, follow, max-snippet:-1, max-image-preview:large, max-video-preview:-1\" \/>\n<link rel=\"canonical\" href=\"https:\/\/hubsch-interior.com\/da\/wp-json\/wp\/v2\/product\/1007167\" \/>\n<meta property=\"og:locale\" content=\"da_DK\" \/>\n<meta property=\"og:type\" content=\"article\" \/>\n<meta property=\"og:title\" content=\"Pep Reol Gul\/Gr\u00e5 - H\u00fcbsch\" \/>\n<meta property=\"og:description\" content=\"Lys ethvert rum op med den charmerende Pep Reol i indbydende gule og gr\u00e5 nuancer i bl\u00f8de toner. Fremstillet af FSC-certificeret askfiner, er denne\" \/>\n<meta property=\"og:url\" content=\"https:\/\/hubsch-interior.com\/da\/vare\/pep-reol-gul-gra\/\" \/>\n<meta property=\"og:site_name\" content=\"H\u00fcbsch\" \/>\n<meta property=\"article:modified_time\" content=\"2026-04-09T02:20:27+00:00\" \/>\n<meta property=\"og:image\" content=\"https:\/\/hubsch-interior.com\/wp-content\/uploads\/2026\/02\/pep-shelf-yellowgrey-ae2f03b7a26f7db009c6aaf90391f89f.jpg\" \/>\n\t<meta property=\"og:image:width\" content=\"1024\" \/>\n\t<meta property=\"og:image:height\" content=\"1024\" \/>\n\t<meta property=\"og:image:type\" content=\"image\/jpeg\" \/>\n<meta name=\"twitter:card\" content=\"summary_large_image\" \/>\n<script type=\"application\/ld+json\" class=\"yoast-schema-graph\">{\"@context\":\"https:\/\/schema.org\",\"@graph\":[{\"@type\":\"WebPage\",\"@id\":\"https:\/\/hubsch-interior.com\/da\/vare\/pep-reol-gul-gra\/\",\"url\":\"https:\/\/hubsch-interior.com\/da\/vare\/pep-reol-gul-gra\/\",\"name\":\"Pep Reol Gul\/Gr\u00e5 - H\u00fcbsch\",\"isPartOf\":{\"@id\":\"https:\/\/hubsch-interior.com\/da\/#website\"},\"primaryImageOfPage\":{\"@id\":\"https:\/\/hubsch-interior.com\/da\/vare\/pep-reol-gul-gra\/#primaryimage\"},\"image\":{\"@id\":\"https:\/\/hubsch-interior.com\/da\/vare\/pep-reol-gul-gra\/#primaryimage\"},\"thumbnailUrl\":\"https:\/\/hubsch-interior.com\/wp-content\/uploads\/2026\/02\/pep-shelf-yellowgrey-ae2f03b7a26f7db009c6aaf90391f89f.jpg\",\"datePublished\":\"2025-01-17T11:23:19+00:00\",\"dateModified\":\"2026-04-09T02:20:27+00:00\",\"description\":\"Lys ethvert rum op med den charmerende Pep Reol i indbydende gule og gr\u00e5 nuancer i bl\u00f8de toner. Fremstillet af FSC-certificeret askfiner, er denne\",\"breadcrumb\":{\"@id\":\"https:\/\/hubsch-interior.com\/da\/vare\/pep-reol-gul-gra\/#breadcrumb\"},\"inLanguage\":\"da-DK\",\"potentialAction\":[{\"@type\":\"ReadAction\",\"target\":[\"https:\/\/hubsch-interior.com\/da\/vare\/pep-reol-gul-gra\/\"]}]},{\"@type\":\"ImageObject\",\"inLanguage\":\"da-DK\",\"@id\":\"https:\/\/hubsch-interior.com\/da\/vare\/pep-reol-gul-gra\/#primaryimage\",\"url\":\"https:\/\/hubsch-interior.com\/wp-content\/uploads\/2026\/02\/pep-shelf-yellowgrey-ae2f03b7a26f7db009c6aaf90391f89f.jpg\",\"contentUrl\":\"https:\/\/hubsch-interior.com\/wp-content\/uploads\/2026\/02\/pep-shelf-yellowgrey-ae2f03b7a26f7db009c6aaf90391f89f.jpg\",\"width\":1024,\"height\":1024},{\"@type\":\"BreadcrumbList\",\"@id\":\"https:\/\/hubsch-interior.com\/da\/vare\/pep-reol-gul-gra\/#breadcrumb\",\"itemListElement\":[{\"@type\":\"ListItem\",\"position\":1,\"name\":\"Forside\",\"item\":\"https:\/\/hubsch-interior.com\/da\/\"},{\"@type\":\"ListItem\",\"position\":2,\"name\":\"Produkter\",\"item\":\"https:\/\/hubsch-interior.com\/da\/produkter\/\"},{\"@type\":\"ListItem\",\"position\":3,\"name\":\"M\u00f8bler\",\"item\":\"https:\/\/hubsch-interior.com\/da\/vare-kategori\/mobler\/\"},{\"@type\":\"ListItem\",\"position\":4,\"name\":\"Reoler &amp; opbevaring\",\"item\":\"https:\/\/hubsch-interior.com\/da\/vare-kategori\/mobler\/reoler-opbevaring-da\/\"},{\"@type\":\"ListItem\",\"position\":5,\"name\":\"Hylder\",\"item\":\"https:\/\/hubsch-interior.com\/da\/vare-kategori\/mobler\/reoler-opbevaring-da\/hylder-da\/\"},{\"@type\":\"ListItem\",\"position\":6,\"name\":\"Pep Reol Gul\/Gr\u00e5\"}]},{\"@type\":\"WebSite\",\"@id\":\"https:\/\/hubsch-interior.com\/da\/#website\",\"url\":\"https:\/\/hubsch-interior.com\/da\/\",\"name\":\"H\u00fcbsch\",\"description\":\"Danish Home Interior and Design\",\"publisher\":{\"@id\":\"https:\/\/hubsch-interior.com\/da\/#organization\"},\"potentialAction\":[{\"@type\":\"SearchAction\",\"target\":{\"@type\":\"EntryPoint\",\"urlTemplate\":\"https:\/\/hubsch-interior.com\/da\/?s={search_term_string}\"},\"query-input\":{\"@type\":\"PropertyValueSpecification\",\"valueRequired\":true,\"valueName\":\"search_term_string\"}}],\"inLanguage\":\"da-DK\"},{\"@type\":\"Organization\",\"@id\":\"https:\/\/hubsch-interior.com\/da\/#organization\",\"name\":\"H\u00fcbsch\",\"url\":\"https:\/\/hubsch-interior.com\/da\/\",\"logo\":{\"@type\":\"ImageObject\",\"inLanguage\":\"da-DK\",\"@id\":\"https:\/\/hubsch-interior.com\/da\/#\/schema\/logo\/image\/\",\"url\":\"https:\/\/hubsch-interior.com\/wp-content\/uploads\/2022\/12\/Hubsch_logo_black_one_line.svg\",\"contentUrl\":\"https:\/\/hubsch-interior.com\/wp-content\/uploads\/2022\/12\/Hubsch_logo_black_one_line.svg\",\"caption\":\"H\u00fcbsch\"},\"image\":{\"@id\":\"https:\/\/hubsch-interior.com\/da\/#\/schema\/logo\/image\/\"}}]}<\/script>\n<!-- \/ Yoast SEO plugin. -->","yoast_head_json":{"title":"Pep Reol Gul\/Gr\u00e5 - H\u00fcbsch","description":"Lys ethvert rum op med den charmerende Pep Reol i indbydende gule og gr\u00e5 nuancer i bl\u00f8de toner. Fremstillet af FSC-certificeret askfiner, er denne","robots":{"index":"index","follow":"follow","max-snippet":"max-snippet:-1","max-image-preview":"max-image-preview:large","max-video-preview":"max-video-preview:-1"},"canonical":"https:\/\/hubsch-interior.com\/da\/wp-json\/wp\/v2\/product\/1007167","og_locale":"da_DK","og_type":"article","og_title":"Pep Reol Gul\/Gr\u00e5 - H\u00fcbsch","og_description":"Lys ethvert rum op med den charmerende Pep Reol i indbydende gule og gr\u00e5 nuancer i bl\u00f8de toner. Fremstillet af FSC-certificeret askfiner, er denne","og_url":"https:\/\/hubsch-interior.com\/da\/vare\/pep-reol-gul-gra\/","og_site_name":"H\u00fcbsch","article_modified_time":"2026-04-09T02:20:27+00:00","og_image":[{"width":1024,"height":1024,"url":"https:\/\/hubsch-interior.com\/wp-content\/uploads\/2026\/02\/pep-shelf-yellowgrey-ae2f03b7a26f7db009c6aaf90391f89f.jpg","type":"image\/jpeg"}],"twitter_card":"summary_large_image","schema":{"@context":"https:\/\/schema.org","@graph":[{"@type":"WebPage","@id":"https:\/\/hubsch-interior.com\/da\/vare\/pep-reol-gul-gra\/","url":"https:\/\/hubsch-interior.com\/da\/vare\/pep-reol-gul-gra\/","name":"Pep Reol Gul\/Gr\u00e5 - H\u00fcbsch","isPartOf":{"@id":"https:\/\/hubsch-interior.com\/da\/#website"},"primaryImageOfPage":{"@id":"https:\/\/hubsch-interior.com\/da\/vare\/pep-reol-gul-gra\/#primaryimage"},"image":{"@id":"https:\/\/hubsch-interior.com\/da\/vare\/pep-reol-gul-gra\/#primaryimage"},"thumbnailUrl":"https:\/\/hubsch-interior.com\/wp-content\/uploads\/2026\/02\/pep-shelf-yellowgrey-ae2f03b7a26f7db009c6aaf90391f89f.jpg","datePublished":"2025-01-17T11:23:19+00:00","dateModified":"2026-04-09T02:20:27+00:00","description":"Lys ethvert rum op med den charmerende Pep Reol i indbydende gule og gr\u00e5 nuancer i bl\u00f8de toner. Fremstillet af FSC-certificeret askfiner, er denne","breadcrumb":{"@id":"https:\/\/hubsch-interior.com\/da\/vare\/pep-reol-gul-gra\/#breadcrumb"},"inLanguage":"da-DK","potentialAction":[{"@type":"ReadAction","target":["https:\/\/hubsch-interior.com\/da\/vare\/pep-reol-gul-gra\/"]}]},{"@type":"ImageObject","inLanguage":"da-DK","@id":"https:\/\/hubsch-interior.com\/da\/vare\/pep-reol-gul-gra\/#primaryimage","url":"https:\/\/hubsch-interior.com\/wp-content\/uploads\/2026\/02\/pep-shelf-yellowgrey-ae2f03b7a26f7db009c6aaf90391f89f.jpg","contentUrl":"https:\/\/hubsch-interior.com\/wp-content\/uploads\/2026\/02\/pep-shelf-yellowgrey-ae2f03b7a26f7db009c6aaf90391f89f.jpg","width":1024,"height":1024},{"@type":"BreadcrumbList","@id":"https:\/\/hubsch-interior.com\/da\/vare\/pep-reol-gul-gra\/#breadcrumb","itemListElement":[{"@type":"ListItem","position":1,"name":"Forside","item":"https:\/\/hubsch-interior.com\/da\/"},{"@type":"ListItem","position":2,"name":"Produkter","item":"https:\/\/hubsch-interior.com\/da\/produkter\/"},{"@type":"ListItem","position":3,"name":"M\u00f8bler","item":"https:\/\/hubsch-interior.com\/da\/vare-kategori\/mobler\/"},{"@type":"ListItem","position":4,"name":"Reoler &amp; opbevaring","item":"https:\/\/hubsch-interior.com\/da\/vare-kategori\/mobler\/reoler-opbevaring-da\/"},{"@type":"ListItem","position":5,"name":"Hylder","item":"https:\/\/hubsch-interior.com\/da\/vare-kategori\/mobler\/reoler-opbevaring-da\/hylder-da\/"},{"@type":"ListItem","position":6,"name":"Pep Reol Gul\/Gr\u00e5"}]},{"@type":"WebSite","@id":"https:\/\/hubsch-interior.com\/da\/#website","url":"https:\/\/hubsch-interior.com\/da\/","name":"H\u00fcbsch","description":"Danish Home Interior and Design","publisher":{"@id":"https:\/\/hubsch-interior.com\/da\/#organization"},"potentialAction":[{"@type":"SearchAction","target":{"@type":"EntryPoint","urlTemplate":"https:\/\/hubsch-interior.com\/da\/?s={search_term_string}"},"query-input":{"@type":"PropertyValueSpecification","valueRequired":true,"valueName":"search_term_string"}}],"inLanguage":"da-DK"},{"@type":"Organization","@id":"https:\/\/hubsch-interior.com\/da\/#organization","name":"H\u00fcbsch","url":"https:\/\/hubsch-interior.com\/da\/","logo":{"@type":"ImageObject","inLanguage":"da-DK","@id":"https:\/\/hubsch-interior.com\/da\/#\/schema\/logo\/image\/","url":"https:\/\/hubsch-interior.com\/wp-content\/uploads\/2022\/12\/Hubsch_logo_black_one_line.svg","contentUrl":"https:\/\/hubsch-interior.com\/wp-content\/uploads\/2022\/12\/Hubsch_logo_black_one_line.svg","caption":"H\u00fcbsch"},"image":{"@id":"https:\/\/hubsch-interior.com\/da\/#\/schema\/logo\/image\/"}}]}},"_links":{"self":[{"href":"https:\/\/hubsch-interior.com\/da\/wp-json\/wp\/v2\/product\/1007167","targetHints":{"allow":["GET"]}}],"collection":[{"href":"https:\/\/hubsch-interior.com\/da\/wp-json\/wp\/v2\/product"}],"about":[{"href":"https:\/\/hubsch-interior.com\/da\/wp-json\/wp\/v2\/types\/product"}],"wp:featuredmedia":[{"embeddable":true,"href":"https:\/\/hubsch-interior.com\/da\/wp-json\/wp\/v2\/media\/1094344"}],"wp:attachment":[{"href":"https:\/\/hubsch-interior.com\/da\/wp-json\/wp\/v2\/media?parent=1007167"}],"wp:term":[{"taxonomy":"product_brand","embeddable":true,"href":"https:\/\/hubsch-interior.com\/da\/wp-json\/wp\/v2\/product_brand?post=1007167"},{"taxonomy":"product_cat","embeddable":true,"href":"https:\/\/hubsch-interior.com\/da\/wp-json\/wp\/v2\/product_cat?post=1007167"},{"taxonomy":"product_tag","embeddable":true,"href":"https:\/\/hubsch-interior.com\/da\/wp-json\/wp\/v2\/product_tag?post=1007167"}],"curies":[{"name":"wp","href":"https:\/\/api.w.org\/{rel}","templated":true}]}}