{"id":1007520,"date":"2025-01-20T13:21:15","date_gmt":"2025-01-20T12:21:15","guid":{"rendered":"https:\/\/hubsch-interior.com\/product\/product\/"},"modified":"2026-04-09T04:20:11","modified_gmt":"2026-04-09T02:20:11","slug":"zephyr-rullebord-gron","status":"publish","type":"product","link":"https:\/\/hubsch-interior.com\/da\/vare\/zephyr-rullebord-gron\/","title":{"rendered":"Zephyr Rullebord Gr\u00f8n"},"content":{"rendered":"<p>Oplev Zephyr Sidebord, en sk\u00f8n kombination af anvendelighed og charme. Med sin bl\u00f8de gr\u00f8nne farvetone tilf\u00f8rer dette m\u00f8bel et strejf af ro til ethvert rum. Fremstillet af gennemsigtigt glas og solidt metal, er det et sidebord, der er flytbart og elegant. Brug det til at opbevare dine yndlingsb\u00f8ger eller som en stilfuld hvileplads for din eftermiddagste. Uanset om det er til b\u00f8ger, magasiner eller en vase, tilpasser Zephyr sig dine behov med stil.<\/p>\n","protected":false},"excerpt":{"rendered":"<p>Oplev Zephyr Sidebord, en sk\u00f8n kombination af anvendelighed og charme. Med sin bl\u00f8de gr\u00f8nne farvetone tilf\u00f8rer dette m\u00f8bel et strejf af ro til ethvert rum. Fremstillet af gennemsigtigt glas og solidt metal, er det et sidebord, der er flytbart og elegant. Brug det til at opbevare dine yndlingsb\u00f8ger eller som en stilfuld hvileplads for din [&hellip;]<\/p>\n","protected":false},"featured_media":1094026,"template":"","meta":{"_acf_changed":false,"inline_featured_image":false},"product_brand":[],"product_cat":[6996,2857,6358],"product_tag":[],"class_list":{"0":"post-1007520","1":"product","2":"type-product","3":"status-publish","4":"has-post-thumbnail","6":"product_cat-the-buzz-da","7":"product_cat-borde-da","8":"product_cat-rulleborde-da","9":"product_shipping_class-pk","11":"pa_color-grn","12":"pa_material-glas-da","13":"pa_material-jern-da","15":"first","16":"instock","17":"taxable","18":"shipping-taxable","19":"purchasable","20":"product-type-simple"},"exclude_global_add_ons":[],"addons":[],"acf":[],"yoast_head":"<!-- This site is optimized with the Yoast SEO plugin v26.4 - https:\/\/yoast.com\/wordpress\/plugins\/seo\/ -->\n<title>Zephyr Rullebord Gr\u00f8n - H\u00fcbsch<\/title>\n<meta name=\"description\" content=\"Oplev Zephyr Sidebord, en sk\u00f8n kombination af anvendelighed og charme. Med sin bl\u00f8de gr\u00f8nne farvetone tilf\u00f8rer dette m\u00f8bel et strejf af ro til ethvert\" \/>\n<meta name=\"robots\" content=\"index, follow, max-snippet:-1, max-image-preview:large, max-video-preview:-1\" \/>\n<link rel=\"canonical\" href=\"https:\/\/hubsch-interior.com\/da\/wp-json\/wp\/v2\/product\/1007520\" \/>\n<meta property=\"og:locale\" content=\"da_DK\" \/>\n<meta property=\"og:type\" content=\"article\" \/>\n<meta property=\"og:title\" content=\"Zephyr Rullebord Gr\u00f8n - H\u00fcbsch\" \/>\n<meta property=\"og:description\" content=\"Oplev Zephyr Sidebord, en sk\u00f8n kombination af anvendelighed og charme. Med sin bl\u00f8de gr\u00f8nne farvetone tilf\u00f8rer dette m\u00f8bel et strejf af ro til ethvert\" \/>\n<meta property=\"og:url\" content=\"https:\/\/hubsch-interior.com\/da\/vare\/zephyr-rullebord-gron\/\" \/>\n<meta property=\"og:site_name\" content=\"H\u00fcbsch\" \/>\n<meta property=\"article:modified_time\" content=\"2026-04-09T02:20:11+00:00\" \/>\n<meta property=\"og:image\" content=\"https:\/\/hubsch-interior.com\/wp-content\/uploads\/2025\/04\/zephyr-trolley-green-ba11b96886226dfc04dae847ebd28463.jpg\" \/>\n\t<meta property=\"og:image:width\" content=\"1200\" \/>\n\t<meta property=\"og:image:height\" content=\"1200\" \/>\n\t<meta property=\"og:image:type\" content=\"image\/jpeg\" \/>\n<meta name=\"twitter:card\" content=\"summary_large_image\" \/>\n<script type=\"application\/ld+json\" class=\"yoast-schema-graph\">{\"@context\":\"https:\/\/schema.org\",\"@graph\":[{\"@type\":\"WebPage\",\"@id\":\"https:\/\/hubsch-interior.com\/da\/vare\/zephyr-rullebord-gron\/\",\"url\":\"https:\/\/hubsch-interior.com\/da\/vare\/zephyr-rullebord-gron\/\",\"name\":\"Zephyr Rullebord Gr\u00f8n - H\u00fcbsch\",\"isPartOf\":{\"@id\":\"https:\/\/hubsch-interior.com\/da\/#website\"},\"primaryImageOfPage\":{\"@id\":\"https:\/\/hubsch-interior.com\/da\/vare\/zephyr-rullebord-gron\/#primaryimage\"},\"image\":{\"@id\":\"https:\/\/hubsch-interior.com\/da\/vare\/zephyr-rullebord-gron\/#primaryimage\"},\"thumbnailUrl\":\"https:\/\/hubsch-interior.com\/wp-content\/uploads\/2026\/02\/zephyr-trolley-green-f24d11df27a311d979053d2f2c9cf970.jpg\",\"datePublished\":\"2025-01-20T12:21:15+00:00\",\"dateModified\":\"2026-04-09T02:20:11+00:00\",\"description\":\"Oplev Zephyr Sidebord, en sk\u00f8n kombination af anvendelighed og charme. Med sin bl\u00f8de gr\u00f8nne farvetone tilf\u00f8rer dette m\u00f8bel et strejf af ro til ethvert\",\"breadcrumb\":{\"@id\":\"https:\/\/hubsch-interior.com\/da\/vare\/zephyr-rullebord-gron\/#breadcrumb\"},\"inLanguage\":\"da-DK\",\"potentialAction\":[{\"@type\":\"ReadAction\",\"target\":[\"https:\/\/hubsch-interior.com\/da\/vare\/zephyr-rullebord-gron\/\"]}]},{\"@type\":\"ImageObject\",\"inLanguage\":\"da-DK\",\"@id\":\"https:\/\/hubsch-interior.com\/da\/vare\/zephyr-rullebord-gron\/#primaryimage\",\"url\":\"https:\/\/hubsch-interior.com\/wp-content\/uploads\/2026\/02\/zephyr-trolley-green-f24d11df27a311d979053d2f2c9cf970.jpg\",\"contentUrl\":\"https:\/\/hubsch-interior.com\/wp-content\/uploads\/2026\/02\/zephyr-trolley-green-f24d11df27a311d979053d2f2c9cf970.jpg\",\"width\":1024,\"height\":1024},{\"@type\":\"BreadcrumbList\",\"@id\":\"https:\/\/hubsch-interior.com\/da\/vare\/zephyr-rullebord-gron\/#breadcrumb\",\"itemListElement\":[{\"@type\":\"ListItem\",\"position\":1,\"name\":\"Forside\",\"item\":\"https:\/\/hubsch-interior.com\/da\/\"},{\"@type\":\"ListItem\",\"position\":2,\"name\":\"Produkter\",\"item\":\"https:\/\/hubsch-interior.com\/da\/produkter\/\"},{\"@type\":\"ListItem\",\"position\":3,\"name\":\"M\u00f8bler\",\"item\":\"https:\/\/hubsch-interior.com\/da\/vare-kategori\/mobler\/\"},{\"@type\":\"ListItem\",\"position\":4,\"name\":\"Borde\",\"item\":\"https:\/\/hubsch-interior.com\/da\/vare-kategori\/mobler\/borde-da\/\"},{\"@type\":\"ListItem\",\"position\":5,\"name\":\"Rulleborde\",\"item\":\"https:\/\/hubsch-interior.com\/da\/vare-kategori\/mobler\/borde-da\/rulleborde-da\/\"},{\"@type\":\"ListItem\",\"position\":6,\"name\":\"Zephyr Rullebord Gr\u00f8n\"}]},{\"@type\":\"WebSite\",\"@id\":\"https:\/\/hubsch-interior.com\/da\/#website\",\"url\":\"https:\/\/hubsch-interior.com\/da\/\",\"name\":\"H\u00fcbsch\",\"description\":\"Danish Home Interior and Design\",\"publisher\":{\"@id\":\"https:\/\/hubsch-interior.com\/da\/#organization\"},\"potentialAction\":[{\"@type\":\"SearchAction\",\"target\":{\"@type\":\"EntryPoint\",\"urlTemplate\":\"https:\/\/hubsch-interior.com\/da\/?s={search_term_string}\"},\"query-input\":{\"@type\":\"PropertyValueSpecification\",\"valueRequired\":true,\"valueName\":\"search_term_string\"}}],\"inLanguage\":\"da-DK\"},{\"@type\":\"Organization\",\"@id\":\"https:\/\/hubsch-interior.com\/da\/#organization\",\"name\":\"H\u00fcbsch\",\"url\":\"https:\/\/hubsch-interior.com\/da\/\",\"logo\":{\"@type\":\"ImageObject\",\"inLanguage\":\"da-DK\",\"@id\":\"https:\/\/hubsch-interior.com\/da\/#\/schema\/logo\/image\/\",\"url\":\"https:\/\/hubsch-interior.com\/wp-content\/uploads\/2022\/12\/Hubsch_logo_black_one_line.svg\",\"contentUrl\":\"https:\/\/hubsch-interior.com\/wp-content\/uploads\/2022\/12\/Hubsch_logo_black_one_line.svg\",\"caption\":\"H\u00fcbsch\"},\"image\":{\"@id\":\"https:\/\/hubsch-interior.com\/da\/#\/schema\/logo\/image\/\"}}]}<\/script>\n<!-- \/ Yoast SEO plugin. -->","yoast_head_json":{"title":"Zephyr Rullebord Gr\u00f8n - H\u00fcbsch","description":"Oplev Zephyr Sidebord, en sk\u00f8n kombination af anvendelighed og charme. Med sin bl\u00f8de gr\u00f8nne farvetone tilf\u00f8rer dette m\u00f8bel et strejf af ro til ethvert","robots":{"index":"index","follow":"follow","max-snippet":"max-snippet:-1","max-image-preview":"max-image-preview:large","max-video-preview":"max-video-preview:-1"},"canonical":"https:\/\/hubsch-interior.com\/da\/wp-json\/wp\/v2\/product\/1007520","og_locale":"da_DK","og_type":"article","og_title":"Zephyr Rullebord Gr\u00f8n - H\u00fcbsch","og_description":"Oplev Zephyr Sidebord, en sk\u00f8n kombination af anvendelighed og charme. Med sin bl\u00f8de gr\u00f8nne farvetone tilf\u00f8rer dette m\u00f8bel et strejf af ro til ethvert","og_url":"https:\/\/hubsch-interior.com\/da\/vare\/zephyr-rullebord-gron\/","og_site_name":"H\u00fcbsch","article_modified_time":"2026-04-09T02:20:11+00:00","og_image":[{"width":1200,"height":1200,"url":"https:\/\/hubsch-interior.com\/wp-content\/uploads\/2025\/04\/zephyr-trolley-green-ba11b96886226dfc04dae847ebd28463.jpg","type":"image\/jpeg"}],"twitter_card":"summary_large_image","schema":{"@context":"https:\/\/schema.org","@graph":[{"@type":"WebPage","@id":"https:\/\/hubsch-interior.com\/da\/vare\/zephyr-rullebord-gron\/","url":"https:\/\/hubsch-interior.com\/da\/vare\/zephyr-rullebord-gron\/","name":"Zephyr Rullebord Gr\u00f8n - H\u00fcbsch","isPartOf":{"@id":"https:\/\/hubsch-interior.com\/da\/#website"},"primaryImageOfPage":{"@id":"https:\/\/hubsch-interior.com\/da\/vare\/zephyr-rullebord-gron\/#primaryimage"},"image":{"@id":"https:\/\/hubsch-interior.com\/da\/vare\/zephyr-rullebord-gron\/#primaryimage"},"thumbnailUrl":"https:\/\/hubsch-interior.com\/wp-content\/uploads\/2026\/02\/zephyr-trolley-green-f24d11df27a311d979053d2f2c9cf970.jpg","datePublished":"2025-01-20T12:21:15+00:00","dateModified":"2026-04-09T02:20:11+00:00","description":"Oplev Zephyr Sidebord, en sk\u00f8n kombination af anvendelighed og charme. Med sin bl\u00f8de gr\u00f8nne farvetone tilf\u00f8rer dette m\u00f8bel et strejf af ro til ethvert","breadcrumb":{"@id":"https:\/\/hubsch-interior.com\/da\/vare\/zephyr-rullebord-gron\/#breadcrumb"},"inLanguage":"da-DK","potentialAction":[{"@type":"ReadAction","target":["https:\/\/hubsch-interior.com\/da\/vare\/zephyr-rullebord-gron\/"]}]},{"@type":"ImageObject","inLanguage":"da-DK","@id":"https:\/\/hubsch-interior.com\/da\/vare\/zephyr-rullebord-gron\/#primaryimage","url":"https:\/\/hubsch-interior.com\/wp-content\/uploads\/2026\/02\/zephyr-trolley-green-f24d11df27a311d979053d2f2c9cf970.jpg","contentUrl":"https:\/\/hubsch-interior.com\/wp-content\/uploads\/2026\/02\/zephyr-trolley-green-f24d11df27a311d979053d2f2c9cf970.jpg","width":1024,"height":1024},{"@type":"BreadcrumbList","@id":"https:\/\/hubsch-interior.com\/da\/vare\/zephyr-rullebord-gron\/#breadcrumb","itemListElement":[{"@type":"ListItem","position":1,"name":"Forside","item":"https:\/\/hubsch-interior.com\/da\/"},{"@type":"ListItem","position":2,"name":"Produkter","item":"https:\/\/hubsch-interior.com\/da\/produkter\/"},{"@type":"ListItem","position":3,"name":"M\u00f8bler","item":"https:\/\/hubsch-interior.com\/da\/vare-kategori\/mobler\/"},{"@type":"ListItem","position":4,"name":"Borde","item":"https:\/\/hubsch-interior.com\/da\/vare-kategori\/mobler\/borde-da\/"},{"@type":"ListItem","position":5,"name":"Rulleborde","item":"https:\/\/hubsch-interior.com\/da\/vare-kategori\/mobler\/borde-da\/rulleborde-da\/"},{"@type":"ListItem","position":6,"name":"Zephyr Rullebord Gr\u00f8n"}]},{"@type":"WebSite","@id":"https:\/\/hubsch-interior.com\/da\/#website","url":"https:\/\/hubsch-interior.com\/da\/","name":"H\u00fcbsch","description":"Danish Home Interior and Design","publisher":{"@id":"https:\/\/hubsch-interior.com\/da\/#organization"},"potentialAction":[{"@type":"SearchAction","target":{"@type":"EntryPoint","urlTemplate":"https:\/\/hubsch-interior.com\/da\/?s={search_term_string}"},"query-input":{"@type":"PropertyValueSpecification","valueRequired":true,"valueName":"search_term_string"}}],"inLanguage":"da-DK"},{"@type":"Organization","@id":"https:\/\/hubsch-interior.com\/da\/#organization","name":"H\u00fcbsch","url":"https:\/\/hubsch-interior.com\/da\/","logo":{"@type":"ImageObject","inLanguage":"da-DK","@id":"https:\/\/hubsch-interior.com\/da\/#\/schema\/logo\/image\/","url":"https:\/\/hubsch-interior.com\/wp-content\/uploads\/2022\/12\/Hubsch_logo_black_one_line.svg","contentUrl":"https:\/\/hubsch-interior.com\/wp-content\/uploads\/2022\/12\/Hubsch_logo_black_one_line.svg","caption":"H\u00fcbsch"},"image":{"@id":"https:\/\/hubsch-interior.com\/da\/#\/schema\/logo\/image\/"}}]}},"_links":{"self":[{"href":"https:\/\/hubsch-interior.com\/da\/wp-json\/wp\/v2\/product\/1007520","targetHints":{"allow":["GET"]}}],"collection":[{"href":"https:\/\/hubsch-interior.com\/da\/wp-json\/wp\/v2\/product"}],"about":[{"href":"https:\/\/hubsch-interior.com\/da\/wp-json\/wp\/v2\/types\/product"}],"wp:featuredmedia":[{"embeddable":true,"href":"https:\/\/hubsch-interior.com\/da\/wp-json\/wp\/v2\/media\/1094026"}],"wp:attachment":[{"href":"https:\/\/hubsch-interior.com\/da\/wp-json\/wp\/v2\/media?parent=1007520"}],"wp:term":[{"taxonomy":"product_brand","embeddable":true,"href":"https:\/\/hubsch-interior.com\/da\/wp-json\/wp\/v2\/product_brand?post=1007520"},{"taxonomy":"product_cat","embeddable":true,"href":"https:\/\/hubsch-interior.com\/da\/wp-json\/wp\/v2\/product_cat?post=1007520"},{"taxonomy":"product_tag","embeddable":true,"href":"https:\/\/hubsch-interior.com\/da\/wp-json\/wp\/v2\/product_tag?post=1007520"}],"curies":[{"name":"wp","href":"https:\/\/api.w.org\/{rel}","templated":true}]}}