{"id":1007548,"date":"2025-01-20T13:22:21","date_gmt":"2025-01-20T12:22:21","guid":{"rendered":"https:\/\/hubsch-interior.com\/product\/product\/"},"modified":"2026-04-09T04:20:39","modified_gmt":"2026-04-09T02:20:39","slug":"koi-reol-gron-gra","status":"publish","type":"product","link":"https:\/\/hubsch-interior.com\/da\/vare\/koi-reol-gron-gra\/","title":{"rendered":"Koi Reol Gr\u00f8n\/Gr\u00e5"},"content":{"rendered":"<p>Opdag Koi Reolen, en charmerende kombination af bl\u00f8de gr\u00f8nne og gr\u00e5 farvetoner, fremstillet af FSC-certificeret tr\u00e6 med finer af ask og metal detaljer. Dette m\u00f8bel er ikke blot en stilfuld blanding af materialer, men ogs\u00e5 praktisk med dybde nok til at opbevare dine kontorartikler p\u00e6nt. For et harmonisk indrettet arbejdsomr\u00e5de kan du kombinere den med Koi Skrivebordet og omdanne dit studie- eller arbejdsomr\u00e5de til et indbydende organiseringsomr\u00e5de.<\/p>\n","protected":false},"excerpt":{"rendered":"<p>Opdag Koi Reolen, en charmerende kombination af bl\u00f8de gr\u00f8nne og gr\u00e5 farvetoner, fremstillet af FSC-certificeret tr\u00e6 med finer af ask og metal detaljer. Dette m\u00f8bel er ikke blot en stilfuld blanding af materialer, men ogs\u00e5 praktisk med dybde nok til at opbevare dine kontorartikler p\u00e6nt. For et harmonisk indrettet arbejdsomr\u00e5de kan du kombinere den med [&hellip;]<\/p>\n","protected":false},"featured_media":1094376,"template":"","meta":{"_acf_changed":false,"inline_featured_image":false},"product_brand":[],"product_cat":[7069,7070,6996,6321,3999,4022,5025],"product_tag":[],"class_list":{"0":"post-1007548","1":"product","2":"type-product","3":"status-publish","4":"has-post-thumbnail","6":"product_cat-knager-reoler-da","7":"product_cat-reoler-da-knager-reoler-da","8":"product_cat-the-buzz-da","9":"product_cat-fsc-da","10":"product_cat-reoler-opbevaring-da","11":"product_cat-hylder-da","12":"product_cat-bestsellers-da","13":"product_shipping_class-pk","15":"pa_color-gr","16":"pa_color-grn","17":"pa_material-askfiner","18":"pa_material-jern-da","19":"pa_material-mdf-da","21":"first","22":"instock","23":"featured","24":"taxable","25":"shipping-taxable","26":"purchasable","27":"product-type-simple"},"exclude_global_add_ons":[],"addons":[],"acf":[],"yoast_head":"<!-- This site is optimized with the Yoast SEO plugin v26.4 - https:\/\/yoast.com\/wordpress\/plugins\/seo\/ -->\n<title>Koi Reol Gr\u00f8n\/Gr\u00e5 - H\u00fcbsch<\/title>\n<meta name=\"description\" content=\"Opdag Koi Reolen, en charmerende kombination af bl\u00f8de gr\u00f8nne og gr\u00e5 farvetoner, fremstillet af FSC-certificeret tr\u00e6 med finer af ask og metal detaljer.\" \/>\n<meta name=\"robots\" content=\"index, follow, max-snippet:-1, max-image-preview:large, max-video-preview:-1\" \/>\n<link rel=\"canonical\" href=\"https:\/\/hubsch-interior.com\/da\/wp-json\/wp\/v2\/product\/1007548\" \/>\n<meta property=\"og:locale\" content=\"da_DK\" \/>\n<meta property=\"og:type\" content=\"article\" \/>\n<meta property=\"og:title\" content=\"Koi Reol Gr\u00f8n\/Gr\u00e5 - H\u00fcbsch\" \/>\n<meta property=\"og:description\" content=\"Opdag Koi Reolen, en charmerende kombination af bl\u00f8de gr\u00f8nne og gr\u00e5 farvetoner, fremstillet af FSC-certificeret tr\u00e6 med finer af ask og metal detaljer.\" \/>\n<meta property=\"og:url\" content=\"https:\/\/hubsch-interior.com\/da\/vare\/koi-reol-gron-gra\/\" \/>\n<meta property=\"og:site_name\" content=\"H\u00fcbsch\" \/>\n<meta property=\"article:modified_time\" content=\"2026-04-09T02:20:39+00:00\" \/>\n<meta property=\"og:image\" content=\"https:\/\/hubsch-interior.com\/wp-content\/uploads\/2026\/02\/koi-shelf-greengrey-693614ee0abbf5fb708463013342d1c4.jpg\" \/>\n\t<meta property=\"og:image:width\" content=\"1024\" \/>\n\t<meta property=\"og:image:height\" content=\"1024\" \/>\n\t<meta property=\"og:image:type\" content=\"image\/jpeg\" \/>\n<meta name=\"twitter:card\" content=\"summary_large_image\" \/>\n<script type=\"application\/ld+json\" class=\"yoast-schema-graph\">{\"@context\":\"https:\/\/schema.org\",\"@graph\":[{\"@type\":\"WebPage\",\"@id\":\"https:\/\/hubsch-interior.com\/da\/vare\/koi-reol-gron-gra\/\",\"url\":\"https:\/\/hubsch-interior.com\/da\/vare\/koi-reol-gron-gra\/\",\"name\":\"Koi Reol Gr\u00f8n\/Gr\u00e5 - H\u00fcbsch\",\"isPartOf\":{\"@id\":\"https:\/\/hubsch-interior.com\/da\/#website\"},\"primaryImageOfPage\":{\"@id\":\"https:\/\/hubsch-interior.com\/da\/vare\/koi-reol-gron-gra\/#primaryimage\"},\"image\":{\"@id\":\"https:\/\/hubsch-interior.com\/da\/vare\/koi-reol-gron-gra\/#primaryimage\"},\"thumbnailUrl\":\"https:\/\/hubsch-interior.com\/wp-content\/uploads\/2026\/02\/koi-shelf-greengrey-693614ee0abbf5fb708463013342d1c4.jpg\",\"datePublished\":\"2025-01-20T12:22:21+00:00\",\"dateModified\":\"2026-04-09T02:20:39+00:00\",\"description\":\"Opdag Koi Reolen, en charmerende kombination af bl\u00f8de gr\u00f8nne og gr\u00e5 farvetoner, fremstillet af FSC-certificeret tr\u00e6 med finer af ask og metal detaljer.\",\"breadcrumb\":{\"@id\":\"https:\/\/hubsch-interior.com\/da\/vare\/koi-reol-gron-gra\/#breadcrumb\"},\"inLanguage\":\"da-DK\",\"potentialAction\":[{\"@type\":\"ReadAction\",\"target\":[\"https:\/\/hubsch-interior.com\/da\/vare\/koi-reol-gron-gra\/\"]}]},{\"@type\":\"ImageObject\",\"inLanguage\":\"da-DK\",\"@id\":\"https:\/\/hubsch-interior.com\/da\/vare\/koi-reol-gron-gra\/#primaryimage\",\"url\":\"https:\/\/hubsch-interior.com\/wp-content\/uploads\/2026\/02\/koi-shelf-greengrey-693614ee0abbf5fb708463013342d1c4.jpg\",\"contentUrl\":\"https:\/\/hubsch-interior.com\/wp-content\/uploads\/2026\/02\/koi-shelf-greengrey-693614ee0abbf5fb708463013342d1c4.jpg\",\"width\":1024,\"height\":1024},{\"@type\":\"BreadcrumbList\",\"@id\":\"https:\/\/hubsch-interior.com\/da\/vare\/koi-reol-gron-gra\/#breadcrumb\",\"itemListElement\":[{\"@type\":\"ListItem\",\"position\":1,\"name\":\"Forside\",\"item\":\"https:\/\/hubsch-interior.com\/da\/\"},{\"@type\":\"ListItem\",\"position\":2,\"name\":\"Produkter\",\"item\":\"https:\/\/hubsch-interior.com\/da\/produkter\/\"},{\"@type\":\"ListItem\",\"position\":3,\"name\":\"M\u00f8bler\",\"item\":\"https:\/\/hubsch-interior.com\/da\/vare-kategori\/mobler\/\"},{\"@type\":\"ListItem\",\"position\":4,\"name\":\"Reoler &amp; opbevaring\",\"item\":\"https:\/\/hubsch-interior.com\/da\/vare-kategori\/mobler\/reoler-opbevaring-da\/\"},{\"@type\":\"ListItem\",\"position\":5,\"name\":\"Hylder\",\"item\":\"https:\/\/hubsch-interior.com\/da\/vare-kategori\/mobler\/reoler-opbevaring-da\/hylder-da\/\"},{\"@type\":\"ListItem\",\"position\":6,\"name\":\"Koi Reol Gr\u00f8n\/Gr\u00e5\"}]},{\"@type\":\"WebSite\",\"@id\":\"https:\/\/hubsch-interior.com\/da\/#website\",\"url\":\"https:\/\/hubsch-interior.com\/da\/\",\"name\":\"H\u00fcbsch\",\"description\":\"Danish Home Interior and Design\",\"publisher\":{\"@id\":\"https:\/\/hubsch-interior.com\/da\/#organization\"},\"potentialAction\":[{\"@type\":\"SearchAction\",\"target\":{\"@type\":\"EntryPoint\",\"urlTemplate\":\"https:\/\/hubsch-interior.com\/da\/?s={search_term_string}\"},\"query-input\":{\"@type\":\"PropertyValueSpecification\",\"valueRequired\":true,\"valueName\":\"search_term_string\"}}],\"inLanguage\":\"da-DK\"},{\"@type\":\"Organization\",\"@id\":\"https:\/\/hubsch-interior.com\/da\/#organization\",\"name\":\"H\u00fcbsch\",\"url\":\"https:\/\/hubsch-interior.com\/da\/\",\"logo\":{\"@type\":\"ImageObject\",\"inLanguage\":\"da-DK\",\"@id\":\"https:\/\/hubsch-interior.com\/da\/#\/schema\/logo\/image\/\",\"url\":\"https:\/\/hubsch-interior.com\/wp-content\/uploads\/2022\/12\/Hubsch_logo_black_one_line.svg\",\"contentUrl\":\"https:\/\/hubsch-interior.com\/wp-content\/uploads\/2022\/12\/Hubsch_logo_black_one_line.svg\",\"caption\":\"H\u00fcbsch\"},\"image\":{\"@id\":\"https:\/\/hubsch-interior.com\/da\/#\/schema\/logo\/image\/\"}}]}<\/script>\n<!-- \/ Yoast SEO plugin. -->","yoast_head_json":{"title":"Koi Reol Gr\u00f8n\/Gr\u00e5 - H\u00fcbsch","description":"Opdag Koi Reolen, en charmerende kombination af bl\u00f8de gr\u00f8nne og gr\u00e5 farvetoner, fremstillet af FSC-certificeret tr\u00e6 med finer af ask og metal detaljer.","robots":{"index":"index","follow":"follow","max-snippet":"max-snippet:-1","max-image-preview":"max-image-preview:large","max-video-preview":"max-video-preview:-1"},"canonical":"https:\/\/hubsch-interior.com\/da\/wp-json\/wp\/v2\/product\/1007548","og_locale":"da_DK","og_type":"article","og_title":"Koi Reol Gr\u00f8n\/Gr\u00e5 - H\u00fcbsch","og_description":"Opdag Koi Reolen, en charmerende kombination af bl\u00f8de gr\u00f8nne og gr\u00e5 farvetoner, fremstillet af FSC-certificeret tr\u00e6 med finer af ask og metal detaljer.","og_url":"https:\/\/hubsch-interior.com\/da\/vare\/koi-reol-gron-gra\/","og_site_name":"H\u00fcbsch","article_modified_time":"2026-04-09T02:20:39+00:00","og_image":[{"width":1024,"height":1024,"url":"https:\/\/hubsch-interior.com\/wp-content\/uploads\/2026\/02\/koi-shelf-greengrey-693614ee0abbf5fb708463013342d1c4.jpg","type":"image\/jpeg"}],"twitter_card":"summary_large_image","schema":{"@context":"https:\/\/schema.org","@graph":[{"@type":"WebPage","@id":"https:\/\/hubsch-interior.com\/da\/vare\/koi-reol-gron-gra\/","url":"https:\/\/hubsch-interior.com\/da\/vare\/koi-reol-gron-gra\/","name":"Koi Reol Gr\u00f8n\/Gr\u00e5 - H\u00fcbsch","isPartOf":{"@id":"https:\/\/hubsch-interior.com\/da\/#website"},"primaryImageOfPage":{"@id":"https:\/\/hubsch-interior.com\/da\/vare\/koi-reol-gron-gra\/#primaryimage"},"image":{"@id":"https:\/\/hubsch-interior.com\/da\/vare\/koi-reol-gron-gra\/#primaryimage"},"thumbnailUrl":"https:\/\/hubsch-interior.com\/wp-content\/uploads\/2026\/02\/koi-shelf-greengrey-693614ee0abbf5fb708463013342d1c4.jpg","datePublished":"2025-01-20T12:22:21+00:00","dateModified":"2026-04-09T02:20:39+00:00","description":"Opdag Koi Reolen, en charmerende kombination af bl\u00f8de gr\u00f8nne og gr\u00e5 farvetoner, fremstillet af FSC-certificeret tr\u00e6 med finer af ask og metal detaljer.","breadcrumb":{"@id":"https:\/\/hubsch-interior.com\/da\/vare\/koi-reol-gron-gra\/#breadcrumb"},"inLanguage":"da-DK","potentialAction":[{"@type":"ReadAction","target":["https:\/\/hubsch-interior.com\/da\/vare\/koi-reol-gron-gra\/"]}]},{"@type":"ImageObject","inLanguage":"da-DK","@id":"https:\/\/hubsch-interior.com\/da\/vare\/koi-reol-gron-gra\/#primaryimage","url":"https:\/\/hubsch-interior.com\/wp-content\/uploads\/2026\/02\/koi-shelf-greengrey-693614ee0abbf5fb708463013342d1c4.jpg","contentUrl":"https:\/\/hubsch-interior.com\/wp-content\/uploads\/2026\/02\/koi-shelf-greengrey-693614ee0abbf5fb708463013342d1c4.jpg","width":1024,"height":1024},{"@type":"BreadcrumbList","@id":"https:\/\/hubsch-interior.com\/da\/vare\/koi-reol-gron-gra\/#breadcrumb","itemListElement":[{"@type":"ListItem","position":1,"name":"Forside","item":"https:\/\/hubsch-interior.com\/da\/"},{"@type":"ListItem","position":2,"name":"Produkter","item":"https:\/\/hubsch-interior.com\/da\/produkter\/"},{"@type":"ListItem","position":3,"name":"M\u00f8bler","item":"https:\/\/hubsch-interior.com\/da\/vare-kategori\/mobler\/"},{"@type":"ListItem","position":4,"name":"Reoler &amp; opbevaring","item":"https:\/\/hubsch-interior.com\/da\/vare-kategori\/mobler\/reoler-opbevaring-da\/"},{"@type":"ListItem","position":5,"name":"Hylder","item":"https:\/\/hubsch-interior.com\/da\/vare-kategori\/mobler\/reoler-opbevaring-da\/hylder-da\/"},{"@type":"ListItem","position":6,"name":"Koi Reol Gr\u00f8n\/Gr\u00e5"}]},{"@type":"WebSite","@id":"https:\/\/hubsch-interior.com\/da\/#website","url":"https:\/\/hubsch-interior.com\/da\/","name":"H\u00fcbsch","description":"Danish Home Interior and Design","publisher":{"@id":"https:\/\/hubsch-interior.com\/da\/#organization"},"potentialAction":[{"@type":"SearchAction","target":{"@type":"EntryPoint","urlTemplate":"https:\/\/hubsch-interior.com\/da\/?s={search_term_string}"},"query-input":{"@type":"PropertyValueSpecification","valueRequired":true,"valueName":"search_term_string"}}],"inLanguage":"da-DK"},{"@type":"Organization","@id":"https:\/\/hubsch-interior.com\/da\/#organization","name":"H\u00fcbsch","url":"https:\/\/hubsch-interior.com\/da\/","logo":{"@type":"ImageObject","inLanguage":"da-DK","@id":"https:\/\/hubsch-interior.com\/da\/#\/schema\/logo\/image\/","url":"https:\/\/hubsch-interior.com\/wp-content\/uploads\/2022\/12\/Hubsch_logo_black_one_line.svg","contentUrl":"https:\/\/hubsch-interior.com\/wp-content\/uploads\/2022\/12\/Hubsch_logo_black_one_line.svg","caption":"H\u00fcbsch"},"image":{"@id":"https:\/\/hubsch-interior.com\/da\/#\/schema\/logo\/image\/"}}]}},"_links":{"self":[{"href":"https:\/\/hubsch-interior.com\/da\/wp-json\/wp\/v2\/product\/1007548","targetHints":{"allow":["GET"]}}],"collection":[{"href":"https:\/\/hubsch-interior.com\/da\/wp-json\/wp\/v2\/product"}],"about":[{"href":"https:\/\/hubsch-interior.com\/da\/wp-json\/wp\/v2\/types\/product"}],"wp:featuredmedia":[{"embeddable":true,"href":"https:\/\/hubsch-interior.com\/da\/wp-json\/wp\/v2\/media\/1094376"}],"wp:attachment":[{"href":"https:\/\/hubsch-interior.com\/da\/wp-json\/wp\/v2\/media?parent=1007548"}],"wp:term":[{"taxonomy":"product_brand","embeddable":true,"href":"https:\/\/hubsch-interior.com\/da\/wp-json\/wp\/v2\/product_brand?post=1007548"},{"taxonomy":"product_cat","embeddable":true,"href":"https:\/\/hubsch-interior.com\/da\/wp-json\/wp\/v2\/product_cat?post=1007548"},{"taxonomy":"product_tag","embeddable":true,"href":"https:\/\/hubsch-interior.com\/da\/wp-json\/wp\/v2\/product_tag?post=1007548"}],"curies":[{"name":"wp","href":"https:\/\/api.w.org\/{rel}","templated":true}]}}