{"id":1007899,"date":"2025-01-21T15:21:27","date_gmt":"2025-01-21T14:21:27","guid":{"rendered":"https:\/\/hubsch-interior.com\/product\/product\/"},"modified":"2026-04-09T04:39:29","modified_gmt":"2026-04-09T02:39:29","slug":"sui-drikkeglas-bubbles-klar","status":"publish","type":"product","link":"https:\/\/hubsch-interior.com\/da\/vare\/sui-drikkeglas-bubbles-klar\/","title":{"rendered":"Sui Drikkeglas Bubbles Klar"},"content":{"rendered":"<p>Fork\u00e6l dig selv med den karakteristiske charme ved Sui Drikkeglas, hvor hver t\u00e5r bliver til et \u00f8jeblik af nydelse. Fremstillet af glas med en asymmetrisk og organisk form, har dette unikke stykke dejlige luftbobler for at skabe en tekstur, der gl\u00e6der b\u00e5de \u00f8je og ber\u00f8ring. Dets subtile elegance og behagelige greb kan g\u00f8re det til dine nye foretrukne drikkeglas til hverdagsforn\u00f8jelser eller s\u00e6rlige sammenkomster indend\u00f8rs. Nyd dine favoritdrikke med stil og tilf\u00f8j Sui Drikkeglas til dit hjem.<\/p>\n","protected":false},"excerpt":{"rendered":"<p>Fork\u00e6l dig selv med den karakteristiske charme ved Sui Drikkeglas, hvor hver t\u00e5r bliver til et \u00f8jeblik af nydelse. Fremstillet af glas med en asymmetrisk og organisk form, har dette unikke stykke dejlige luftbobler for at skabe en tekstur, der gl\u00e6der b\u00e5de \u00f8je og ber\u00f8ring. Dets subtile elegance og behagelige greb kan g\u00f8re det til [&hellip;]<\/p>\n","protected":false},"featured_media":1099531,"template":"","meta":{"_acf_changed":false,"inline_featured_image":false},"product_brand":[],"product_cat":[7025,7032,6970,6996,4051,4094,5025,5029,6517],"product_tag":[],"class_list":{"0":"post-1007899","1":"product","2":"type-product","3":"status-publish","4":"has-post-thumbnail","6":"product_cat-bordservice-da-2","7":"product_cat-glas-kander-da","8":"product_cat-paaskeudsalg","9":"product_cat-the-buzz-da","10":"product_cat-koekkentilbehoer-da","11":"product_cat-bordservice-da","12":"product_cat-bestsellers-da","13":"product_cat-tilbage-paa-lager-da","14":"product_cat-outlet-da","15":"product_shipping_class-pk","17":"pa_color-klar","18":"pa_material-glas-da","20":"first","21":"instock","22":"sale","23":"featured","24":"taxable","25":"shipping-taxable","26":"purchasable","27":"product-type-simple"},"exclude_global_add_ons":[],"addons":[],"acf":[],"yoast_head":"<!-- This site is optimized with the Yoast SEO plugin v26.4 - https:\/\/yoast.com\/wordpress\/plugins\/seo\/ -->\n<title>Sui Drikkeglas Bubbles Klar - H\u00fcbsch<\/title>\n<meta name=\"description\" content=\"Fork\u00e6l dig selv med den karakteristiske charme ved Sui Drikkeglas, hvor hver t\u00e5r bliver til et \u00f8jeblik af nydelse. Fremstillet af glas med en asymmetrisk\" \/>\n<meta name=\"robots\" content=\"index, follow, max-snippet:-1, max-image-preview:large, max-video-preview:-1\" \/>\n<link rel=\"canonical\" href=\"https:\/\/hubsch-interior.com\/da\/wp-json\/wp\/v2\/product\/1007899\" \/>\n<meta property=\"og:locale\" content=\"da_DK\" \/>\n<meta property=\"og:type\" content=\"article\" \/>\n<meta property=\"og:title\" content=\"Sui Drikkeglas Bubbles Klar - H\u00fcbsch\" \/>\n<meta property=\"og:description\" content=\"Fork\u00e6l dig selv med den karakteristiske charme ved Sui Drikkeglas, hvor hver t\u00e5r bliver til et \u00f8jeblik af nydelse. Fremstillet af glas med en asymmetrisk\" \/>\n<meta property=\"og:url\" content=\"https:\/\/hubsch-interior.com\/da\/vare\/sui-drikkeglas-bubbles-klar\/\" \/>\n<meta property=\"og:site_name\" content=\"H\u00fcbsch\" \/>\n<meta property=\"article:modified_time\" content=\"2026-04-09T02:39:29+00:00\" \/>\n<meta property=\"og:image\" content=\"https:\/\/hubsch-interior.com\/wp-content\/uploads\/2025\/04\/sui-drinking-glass-bubbles-clear-304e6295ce41038d25b8f4b9c34429d1.jpg\" \/>\n\t<meta property=\"og:image:width\" content=\"1179\" \/>\n\t<meta property=\"og:image:height\" content=\"1179\" \/>\n\t<meta property=\"og:image:type\" content=\"image\/jpeg\" \/>\n<meta name=\"twitter:card\" content=\"summary_large_image\" \/>\n<script type=\"application\/ld+json\" class=\"yoast-schema-graph\">{\"@context\":\"https:\/\/schema.org\",\"@graph\":[{\"@type\":\"WebPage\",\"@id\":\"https:\/\/hubsch-interior.com\/da\/vare\/sui-drikkeglas-bubbles-klar\/\",\"url\":\"https:\/\/hubsch-interior.com\/da\/vare\/sui-drikkeglas-bubbles-klar\/\",\"name\":\"Sui Drikkeglas Bubbles Klar - H\u00fcbsch\",\"isPartOf\":{\"@id\":\"https:\/\/hubsch-interior.com\/da\/#website\"},\"primaryImageOfPage\":{\"@id\":\"https:\/\/hubsch-interior.com\/da\/vare\/sui-drikkeglas-bubbles-klar\/#primaryimage\"},\"image\":{\"@id\":\"https:\/\/hubsch-interior.com\/da\/vare\/sui-drikkeglas-bubbles-klar\/#primaryimage\"},\"thumbnailUrl\":\"https:\/\/hubsch-interior.com\/wp-content\/uploads\/2026\/02\/sui-drinking-glass-bubbles-clear-c5f835e8a76487502360ade42b6da4d2.jpg\",\"datePublished\":\"2025-01-21T14:21:27+00:00\",\"dateModified\":\"2026-04-09T02:39:29+00:00\",\"description\":\"Fork\u00e6l dig selv med den karakteristiske charme ved Sui Drikkeglas, hvor hver t\u00e5r bliver til et \u00f8jeblik af nydelse. Fremstillet af glas med en asymmetrisk\",\"breadcrumb\":{\"@id\":\"https:\/\/hubsch-interior.com\/da\/vare\/sui-drikkeglas-bubbles-klar\/#breadcrumb\"},\"inLanguage\":\"da-DK\",\"potentialAction\":[{\"@type\":\"ReadAction\",\"target\":[\"https:\/\/hubsch-interior.com\/da\/vare\/sui-drikkeglas-bubbles-klar\/\"]}]},{\"@type\":\"ImageObject\",\"inLanguage\":\"da-DK\",\"@id\":\"https:\/\/hubsch-interior.com\/da\/vare\/sui-drikkeglas-bubbles-klar\/#primaryimage\",\"url\":\"https:\/\/hubsch-interior.com\/wp-content\/uploads\/2026\/02\/sui-drinking-glass-bubbles-clear-c5f835e8a76487502360ade42b6da4d2.jpg\",\"contentUrl\":\"https:\/\/hubsch-interior.com\/wp-content\/uploads\/2026\/02\/sui-drinking-glass-bubbles-clear-c5f835e8a76487502360ade42b6da4d2.jpg\",\"width\":1024,\"height\":1024},{\"@type\":\"BreadcrumbList\",\"@id\":\"https:\/\/hubsch-interior.com\/da\/vare\/sui-drikkeglas-bubbles-klar\/#breadcrumb\",\"itemListElement\":[{\"@type\":\"ListItem\",\"position\":1,\"name\":\"Forside\",\"item\":\"https:\/\/hubsch-interior.com\/da\/\"},{\"@type\":\"ListItem\",\"position\":2,\"name\":\"Produkter\",\"item\":\"https:\/\/hubsch-interior.com\/da\/produkter\/\"},{\"@type\":\"ListItem\",\"position\":3,\"name\":\"K\u00f8kken\",\"item\":\"https:\/\/hubsch-interior.com\/da\/vare-kategori\/koekken\/\"},{\"@type\":\"ListItem\",\"position\":4,\"name\":\"Bordservice\",\"item\":\"https:\/\/hubsch-interior.com\/da\/vare-kategori\/koekken\/bordservice-da-2\/\"},{\"@type\":\"ListItem\",\"position\":5,\"name\":\"Glas &amp; kander\",\"item\":\"https:\/\/hubsch-interior.com\/da\/vare-kategori\/koekken\/bordservice-da-2\/glas-kander-da\/\"},{\"@type\":\"ListItem\",\"position\":6,\"name\":\"Sui Drikkeglas Bubbles Klar\"}]},{\"@type\":\"WebSite\",\"@id\":\"https:\/\/hubsch-interior.com\/da\/#website\",\"url\":\"https:\/\/hubsch-interior.com\/da\/\",\"name\":\"H\u00fcbsch\",\"description\":\"Danish Home Interior and Design\",\"publisher\":{\"@id\":\"https:\/\/hubsch-interior.com\/da\/#organization\"},\"potentialAction\":[{\"@type\":\"SearchAction\",\"target\":{\"@type\":\"EntryPoint\",\"urlTemplate\":\"https:\/\/hubsch-interior.com\/da\/?s={search_term_string}\"},\"query-input\":{\"@type\":\"PropertyValueSpecification\",\"valueRequired\":true,\"valueName\":\"search_term_string\"}}],\"inLanguage\":\"da-DK\"},{\"@type\":\"Organization\",\"@id\":\"https:\/\/hubsch-interior.com\/da\/#organization\",\"name\":\"H\u00fcbsch\",\"url\":\"https:\/\/hubsch-interior.com\/da\/\",\"logo\":{\"@type\":\"ImageObject\",\"inLanguage\":\"da-DK\",\"@id\":\"https:\/\/hubsch-interior.com\/da\/#\/schema\/logo\/image\/\",\"url\":\"https:\/\/hubsch-interior.com\/wp-content\/uploads\/2022\/12\/Hubsch_logo_black_one_line.svg\",\"contentUrl\":\"https:\/\/hubsch-interior.com\/wp-content\/uploads\/2022\/12\/Hubsch_logo_black_one_line.svg\",\"caption\":\"H\u00fcbsch\"},\"image\":{\"@id\":\"https:\/\/hubsch-interior.com\/da\/#\/schema\/logo\/image\/\"}}]}<\/script>\n<!-- \/ Yoast SEO plugin. -->","yoast_head_json":{"title":"Sui Drikkeglas Bubbles Klar - H\u00fcbsch","description":"Fork\u00e6l dig selv med den karakteristiske charme ved Sui Drikkeglas, hvor hver t\u00e5r bliver til et \u00f8jeblik af nydelse. Fremstillet af glas med en asymmetrisk","robots":{"index":"index","follow":"follow","max-snippet":"max-snippet:-1","max-image-preview":"max-image-preview:large","max-video-preview":"max-video-preview:-1"},"canonical":"https:\/\/hubsch-interior.com\/da\/wp-json\/wp\/v2\/product\/1007899","og_locale":"da_DK","og_type":"article","og_title":"Sui Drikkeglas Bubbles Klar - H\u00fcbsch","og_description":"Fork\u00e6l dig selv med den karakteristiske charme ved Sui Drikkeglas, hvor hver t\u00e5r bliver til et \u00f8jeblik af nydelse. Fremstillet af glas med en asymmetrisk","og_url":"https:\/\/hubsch-interior.com\/da\/vare\/sui-drikkeglas-bubbles-klar\/","og_site_name":"H\u00fcbsch","article_modified_time":"2026-04-09T02:39:29+00:00","og_image":[{"width":1179,"height":1179,"url":"https:\/\/hubsch-interior.com\/wp-content\/uploads\/2025\/04\/sui-drinking-glass-bubbles-clear-304e6295ce41038d25b8f4b9c34429d1.jpg","type":"image\/jpeg"}],"twitter_card":"summary_large_image","schema":{"@context":"https:\/\/schema.org","@graph":[{"@type":"WebPage","@id":"https:\/\/hubsch-interior.com\/da\/vare\/sui-drikkeglas-bubbles-klar\/","url":"https:\/\/hubsch-interior.com\/da\/vare\/sui-drikkeglas-bubbles-klar\/","name":"Sui Drikkeglas Bubbles Klar - H\u00fcbsch","isPartOf":{"@id":"https:\/\/hubsch-interior.com\/da\/#website"},"primaryImageOfPage":{"@id":"https:\/\/hubsch-interior.com\/da\/vare\/sui-drikkeglas-bubbles-klar\/#primaryimage"},"image":{"@id":"https:\/\/hubsch-interior.com\/da\/vare\/sui-drikkeglas-bubbles-klar\/#primaryimage"},"thumbnailUrl":"https:\/\/hubsch-interior.com\/wp-content\/uploads\/2026\/02\/sui-drinking-glass-bubbles-clear-c5f835e8a76487502360ade42b6da4d2.jpg","datePublished":"2025-01-21T14:21:27+00:00","dateModified":"2026-04-09T02:39:29+00:00","description":"Fork\u00e6l dig selv med den karakteristiske charme ved Sui Drikkeglas, hvor hver t\u00e5r bliver til et \u00f8jeblik af nydelse. Fremstillet af glas med en asymmetrisk","breadcrumb":{"@id":"https:\/\/hubsch-interior.com\/da\/vare\/sui-drikkeglas-bubbles-klar\/#breadcrumb"},"inLanguage":"da-DK","potentialAction":[{"@type":"ReadAction","target":["https:\/\/hubsch-interior.com\/da\/vare\/sui-drikkeglas-bubbles-klar\/"]}]},{"@type":"ImageObject","inLanguage":"da-DK","@id":"https:\/\/hubsch-interior.com\/da\/vare\/sui-drikkeglas-bubbles-klar\/#primaryimage","url":"https:\/\/hubsch-interior.com\/wp-content\/uploads\/2026\/02\/sui-drinking-glass-bubbles-clear-c5f835e8a76487502360ade42b6da4d2.jpg","contentUrl":"https:\/\/hubsch-interior.com\/wp-content\/uploads\/2026\/02\/sui-drinking-glass-bubbles-clear-c5f835e8a76487502360ade42b6da4d2.jpg","width":1024,"height":1024},{"@type":"BreadcrumbList","@id":"https:\/\/hubsch-interior.com\/da\/vare\/sui-drikkeglas-bubbles-klar\/#breadcrumb","itemListElement":[{"@type":"ListItem","position":1,"name":"Forside","item":"https:\/\/hubsch-interior.com\/da\/"},{"@type":"ListItem","position":2,"name":"Produkter","item":"https:\/\/hubsch-interior.com\/da\/produkter\/"},{"@type":"ListItem","position":3,"name":"K\u00f8kken","item":"https:\/\/hubsch-interior.com\/da\/vare-kategori\/koekken\/"},{"@type":"ListItem","position":4,"name":"Bordservice","item":"https:\/\/hubsch-interior.com\/da\/vare-kategori\/koekken\/bordservice-da-2\/"},{"@type":"ListItem","position":5,"name":"Glas &amp; kander","item":"https:\/\/hubsch-interior.com\/da\/vare-kategori\/koekken\/bordservice-da-2\/glas-kander-da\/"},{"@type":"ListItem","position":6,"name":"Sui Drikkeglas Bubbles Klar"}]},{"@type":"WebSite","@id":"https:\/\/hubsch-interior.com\/da\/#website","url":"https:\/\/hubsch-interior.com\/da\/","name":"H\u00fcbsch","description":"Danish Home Interior and Design","publisher":{"@id":"https:\/\/hubsch-interior.com\/da\/#organization"},"potentialAction":[{"@type":"SearchAction","target":{"@type":"EntryPoint","urlTemplate":"https:\/\/hubsch-interior.com\/da\/?s={search_term_string}"},"query-input":{"@type":"PropertyValueSpecification","valueRequired":true,"valueName":"search_term_string"}}],"inLanguage":"da-DK"},{"@type":"Organization","@id":"https:\/\/hubsch-interior.com\/da\/#organization","name":"H\u00fcbsch","url":"https:\/\/hubsch-interior.com\/da\/","logo":{"@type":"ImageObject","inLanguage":"da-DK","@id":"https:\/\/hubsch-interior.com\/da\/#\/schema\/logo\/image\/","url":"https:\/\/hubsch-interior.com\/wp-content\/uploads\/2022\/12\/Hubsch_logo_black_one_line.svg","contentUrl":"https:\/\/hubsch-interior.com\/wp-content\/uploads\/2022\/12\/Hubsch_logo_black_one_line.svg","caption":"H\u00fcbsch"},"image":{"@id":"https:\/\/hubsch-interior.com\/da\/#\/schema\/logo\/image\/"}}]}},"_links":{"self":[{"href":"https:\/\/hubsch-interior.com\/da\/wp-json\/wp\/v2\/product\/1007899","targetHints":{"allow":["GET"]}}],"collection":[{"href":"https:\/\/hubsch-interior.com\/da\/wp-json\/wp\/v2\/product"}],"about":[{"href":"https:\/\/hubsch-interior.com\/da\/wp-json\/wp\/v2\/types\/product"}],"wp:featuredmedia":[{"embeddable":true,"href":"https:\/\/hubsch-interior.com\/da\/wp-json\/wp\/v2\/media\/1099531"}],"wp:attachment":[{"href":"https:\/\/hubsch-interior.com\/da\/wp-json\/wp\/v2\/media?parent=1007899"}],"wp:term":[{"taxonomy":"product_brand","embeddable":true,"href":"https:\/\/hubsch-interior.com\/da\/wp-json\/wp\/v2\/product_brand?post=1007899"},{"taxonomy":"product_cat","embeddable":true,"href":"https:\/\/hubsch-interior.com\/da\/wp-json\/wp\/v2\/product_cat?post=1007899"},{"taxonomy":"product_tag","embeddable":true,"href":"https:\/\/hubsch-interior.com\/da\/wp-json\/wp\/v2\/product_tag?post=1007899"}],"curies":[{"name":"wp","href":"https:\/\/api.w.org\/{rel}","templated":true}]}}