{"id":1007915,"date":"2025-01-21T15:21:54","date_gmt":"2025-01-21T14:21:54","guid":{"rendered":"https:\/\/hubsch-interior.com\/product\/product\/"},"modified":"2026-04-09T04:39:35","modified_gmt":"2026-04-09T02:39:35","slug":"sui-kande-bubbles-klar","status":"publish","type":"product","link":"https:\/\/hubsch-interior.com\/da\/vare\/sui-kande-bubbles-klar\/","title":{"rendered":"Sui Kande Bubbles Klar"},"content":{"rendered":"<p>Oplev den betagende charme ved Sui Kanden, et mesterv\u00e6rk fremstillet af glas med en asymmetrisk og organisk form, der fanger hjertet. De delikate luftbobler skaber en hypnotiserende tekstur, hvor lyset gennem dens figur kaster smukke skygger i sollyset, og tilf\u00f8jer et strejf af magi til dine indend\u00f8rs rum. Uanset om den bruges til at servere forfriskende drikkevarer eller blot til at dekorere din hylde, s\u00e5 er Sui Kanden en smuk visuel tilf\u00f8jelse til dit hjem.<\/p>\n","protected":false},"excerpt":{"rendered":"<p>Oplev den betagende charme ved Sui Kanden, et mesterv\u00e6rk fremstillet af glas med en asymmetrisk og organisk form, der fanger hjertet. De delikate luftbobler skaber en hypnotiserende tekstur, hvor lyset gennem dens figur kaster smukke skygger i sollyset, og tilf\u00f8jer et strejf af magi til dine indend\u00f8rs rum. Uanset om den bruges til at servere [&hellip;]<\/p>\n","protected":false},"featured_media":1099555,"template":"","meta":{"_acf_changed":false,"inline_featured_image":false},"product_brand":[],"product_cat":[5025,7025,4094,7032,4051,6517,6970,6996],"product_tag":[],"class_list":{"0":"post-1007915","1":"product","2":"type-product","3":"status-publish","4":"has-post-thumbnail","6":"product_cat-bestsellers-da","7":"product_cat-bordservice-da-2","8":"product_cat-bordservice-da","9":"product_cat-glas-kander-da","10":"product_cat-koekkentilbehoer-da","11":"product_cat-outlet-da","12":"product_cat-paaskeudsalg","13":"product_cat-the-buzz-da","14":"product_shipping_class-pk","16":"pa_color-klar","17":"pa_material-glas-da","19":"first","20":"instock","21":"sale","22":"featured","23":"taxable","24":"shipping-taxable","25":"purchasable","26":"product-type-simple"},"exclude_global_add_ons":[],"addons":[],"acf":[],"yoast_head":"<!-- This site is optimized with the Yoast SEO plugin v26.4 - https:\/\/yoast.com\/wordpress\/plugins\/seo\/ -->\n<title>Sui Kande Bubbles Klar - H\u00fcbsch<\/title>\n<meta name=\"description\" content=\"Oplev den betagende charme ved Sui Kanden, et mesterv\u00e6rk fremstillet af glas med en asymmetrisk og organisk form, der fanger hjertet. De delikate\" \/>\n<meta name=\"robots\" content=\"index, follow, max-snippet:-1, max-image-preview:large, max-video-preview:-1\" \/>\n<link rel=\"canonical\" href=\"https:\/\/hubsch-interior.com\/da\/wp-json\/wp\/v2\/product\/1007915\" \/>\n<meta property=\"og:locale\" content=\"da_DK\" \/>\n<meta property=\"og:type\" content=\"article\" \/>\n<meta property=\"og:title\" content=\"Sui Kande Bubbles Klar - H\u00fcbsch\" \/>\n<meta property=\"og:description\" content=\"Oplev den betagende charme ved Sui Kanden, et mesterv\u00e6rk fremstillet af glas med en asymmetrisk og organisk form, der fanger hjertet. De delikate\" \/>\n<meta property=\"og:url\" content=\"https:\/\/hubsch-interior.com\/da\/vare\/sui-kande-bubbles-klar\/\" \/>\n<meta property=\"og:site_name\" content=\"H\u00fcbsch\" \/>\n<meta property=\"article:modified_time\" content=\"2026-04-09T02:39:35+00:00\" \/>\n<meta property=\"og:image\" content=\"https:\/\/hubsch-interior.com\/wp-content\/uploads\/2025\/04\/sui-jug-bubbles-clear-f1078e6b5799b03948b568368866d9b9.jpg\" \/>\n\t<meta property=\"og:image:width\" content=\"1200\" \/>\n\t<meta property=\"og:image:height\" content=\"1200\" \/>\n\t<meta property=\"og:image:type\" content=\"image\/jpeg\" \/>\n<meta name=\"twitter:card\" content=\"summary_large_image\" \/>\n<script type=\"application\/ld+json\" class=\"yoast-schema-graph\">{\"@context\":\"https:\/\/schema.org\",\"@graph\":[{\"@type\":\"WebPage\",\"@id\":\"https:\/\/hubsch-interior.com\/da\/vare\/sui-kande-bubbles-klar\/\",\"url\":\"https:\/\/hubsch-interior.com\/da\/vare\/sui-kande-bubbles-klar\/\",\"name\":\"Sui Kande Bubbles Klar - H\u00fcbsch\",\"isPartOf\":{\"@id\":\"https:\/\/hubsch-interior.com\/da\/#website\"},\"primaryImageOfPage\":{\"@id\":\"https:\/\/hubsch-interior.com\/da\/vare\/sui-kande-bubbles-klar\/#primaryimage\"},\"image\":{\"@id\":\"https:\/\/hubsch-interior.com\/da\/vare\/sui-kande-bubbles-klar\/#primaryimage\"},\"thumbnailUrl\":\"https:\/\/hubsch-interior.com\/wp-content\/uploads\/2026\/02\/sui-jug-bubbles-clear-0f3674a88ac9e5fd670e45addc719a78.jpg\",\"datePublished\":\"2025-01-21T14:21:54+00:00\",\"dateModified\":\"2026-04-09T02:39:35+00:00\",\"description\":\"Oplev den betagende charme ved Sui Kanden, et mesterv\u00e6rk fremstillet af glas med en asymmetrisk og organisk form, der fanger hjertet. De delikate\",\"breadcrumb\":{\"@id\":\"https:\/\/hubsch-interior.com\/da\/vare\/sui-kande-bubbles-klar\/#breadcrumb\"},\"inLanguage\":\"da-DK\",\"potentialAction\":[{\"@type\":\"ReadAction\",\"target\":[\"https:\/\/hubsch-interior.com\/da\/vare\/sui-kande-bubbles-klar\/\"]}]},{\"@type\":\"ImageObject\",\"inLanguage\":\"da-DK\",\"@id\":\"https:\/\/hubsch-interior.com\/da\/vare\/sui-kande-bubbles-klar\/#primaryimage\",\"url\":\"https:\/\/hubsch-interior.com\/wp-content\/uploads\/2026\/02\/sui-jug-bubbles-clear-0f3674a88ac9e5fd670e45addc719a78.jpg\",\"contentUrl\":\"https:\/\/hubsch-interior.com\/wp-content\/uploads\/2026\/02\/sui-jug-bubbles-clear-0f3674a88ac9e5fd670e45addc719a78.jpg\",\"width\":1024,\"height\":1024},{\"@type\":\"BreadcrumbList\",\"@id\":\"https:\/\/hubsch-interior.com\/da\/vare\/sui-kande-bubbles-klar\/#breadcrumb\",\"itemListElement\":[{\"@type\":\"ListItem\",\"position\":1,\"name\":\"Forside\",\"item\":\"https:\/\/hubsch-interior.com\/da\/\"},{\"@type\":\"ListItem\",\"position\":2,\"name\":\"Produkter\",\"item\":\"https:\/\/hubsch-interior.com\/da\/produkter\/\"},{\"@type\":\"ListItem\",\"position\":3,\"name\":\"K\u00f8kken\",\"item\":\"https:\/\/hubsch-interior.com\/da\/vare-kategori\/koekken\/\"},{\"@type\":\"ListItem\",\"position\":4,\"name\":\"Bordservice\",\"item\":\"https:\/\/hubsch-interior.com\/da\/vare-kategori\/koekken\/bordservice-da-2\/\"},{\"@type\":\"ListItem\",\"position\":5,\"name\":\"Glas &amp; kander\",\"item\":\"https:\/\/hubsch-interior.com\/da\/vare-kategori\/koekken\/bordservice-da-2\/glas-kander-da\/\"},{\"@type\":\"ListItem\",\"position\":6,\"name\":\"Sui Kande Bubbles Klar\"}]},{\"@type\":\"WebSite\",\"@id\":\"https:\/\/hubsch-interior.com\/da\/#website\",\"url\":\"https:\/\/hubsch-interior.com\/da\/\",\"name\":\"H\u00fcbsch\",\"description\":\"Danish Home Interior and Design\",\"publisher\":{\"@id\":\"https:\/\/hubsch-interior.com\/da\/#organization\"},\"potentialAction\":[{\"@type\":\"SearchAction\",\"target\":{\"@type\":\"EntryPoint\",\"urlTemplate\":\"https:\/\/hubsch-interior.com\/da\/?s={search_term_string}\"},\"query-input\":{\"@type\":\"PropertyValueSpecification\",\"valueRequired\":true,\"valueName\":\"search_term_string\"}}],\"inLanguage\":\"da-DK\"},{\"@type\":\"Organization\",\"@id\":\"https:\/\/hubsch-interior.com\/da\/#organization\",\"name\":\"H\u00fcbsch\",\"url\":\"https:\/\/hubsch-interior.com\/da\/\",\"logo\":{\"@type\":\"ImageObject\",\"inLanguage\":\"da-DK\",\"@id\":\"https:\/\/hubsch-interior.com\/da\/#\/schema\/logo\/image\/\",\"url\":\"https:\/\/hubsch-interior.com\/wp-content\/uploads\/2022\/12\/Hubsch_logo_black_one_line.svg\",\"contentUrl\":\"https:\/\/hubsch-interior.com\/wp-content\/uploads\/2022\/12\/Hubsch_logo_black_one_line.svg\",\"caption\":\"H\u00fcbsch\"},\"image\":{\"@id\":\"https:\/\/hubsch-interior.com\/da\/#\/schema\/logo\/image\/\"}}]}<\/script>\n<!-- \/ Yoast SEO plugin. -->","yoast_head_json":{"title":"Sui Kande Bubbles Klar - H\u00fcbsch","description":"Oplev den betagende charme ved Sui Kanden, et mesterv\u00e6rk fremstillet af glas med en asymmetrisk og organisk form, der fanger hjertet. De delikate","robots":{"index":"index","follow":"follow","max-snippet":"max-snippet:-1","max-image-preview":"max-image-preview:large","max-video-preview":"max-video-preview:-1"},"canonical":"https:\/\/hubsch-interior.com\/da\/wp-json\/wp\/v2\/product\/1007915","og_locale":"da_DK","og_type":"article","og_title":"Sui Kande Bubbles Klar - H\u00fcbsch","og_description":"Oplev den betagende charme ved Sui Kanden, et mesterv\u00e6rk fremstillet af glas med en asymmetrisk og organisk form, der fanger hjertet. De delikate","og_url":"https:\/\/hubsch-interior.com\/da\/vare\/sui-kande-bubbles-klar\/","og_site_name":"H\u00fcbsch","article_modified_time":"2026-04-09T02:39:35+00:00","og_image":[{"width":1200,"height":1200,"url":"https:\/\/hubsch-interior.com\/wp-content\/uploads\/2025\/04\/sui-jug-bubbles-clear-f1078e6b5799b03948b568368866d9b9.jpg","type":"image\/jpeg"}],"twitter_card":"summary_large_image","schema":{"@context":"https:\/\/schema.org","@graph":[{"@type":"WebPage","@id":"https:\/\/hubsch-interior.com\/da\/vare\/sui-kande-bubbles-klar\/","url":"https:\/\/hubsch-interior.com\/da\/vare\/sui-kande-bubbles-klar\/","name":"Sui Kande Bubbles Klar - H\u00fcbsch","isPartOf":{"@id":"https:\/\/hubsch-interior.com\/da\/#website"},"primaryImageOfPage":{"@id":"https:\/\/hubsch-interior.com\/da\/vare\/sui-kande-bubbles-klar\/#primaryimage"},"image":{"@id":"https:\/\/hubsch-interior.com\/da\/vare\/sui-kande-bubbles-klar\/#primaryimage"},"thumbnailUrl":"https:\/\/hubsch-interior.com\/wp-content\/uploads\/2026\/02\/sui-jug-bubbles-clear-0f3674a88ac9e5fd670e45addc719a78.jpg","datePublished":"2025-01-21T14:21:54+00:00","dateModified":"2026-04-09T02:39:35+00:00","description":"Oplev den betagende charme ved Sui Kanden, et mesterv\u00e6rk fremstillet af glas med en asymmetrisk og organisk form, der fanger hjertet. De delikate","breadcrumb":{"@id":"https:\/\/hubsch-interior.com\/da\/vare\/sui-kande-bubbles-klar\/#breadcrumb"},"inLanguage":"da-DK","potentialAction":[{"@type":"ReadAction","target":["https:\/\/hubsch-interior.com\/da\/vare\/sui-kande-bubbles-klar\/"]}]},{"@type":"ImageObject","inLanguage":"da-DK","@id":"https:\/\/hubsch-interior.com\/da\/vare\/sui-kande-bubbles-klar\/#primaryimage","url":"https:\/\/hubsch-interior.com\/wp-content\/uploads\/2026\/02\/sui-jug-bubbles-clear-0f3674a88ac9e5fd670e45addc719a78.jpg","contentUrl":"https:\/\/hubsch-interior.com\/wp-content\/uploads\/2026\/02\/sui-jug-bubbles-clear-0f3674a88ac9e5fd670e45addc719a78.jpg","width":1024,"height":1024},{"@type":"BreadcrumbList","@id":"https:\/\/hubsch-interior.com\/da\/vare\/sui-kande-bubbles-klar\/#breadcrumb","itemListElement":[{"@type":"ListItem","position":1,"name":"Forside","item":"https:\/\/hubsch-interior.com\/da\/"},{"@type":"ListItem","position":2,"name":"Produkter","item":"https:\/\/hubsch-interior.com\/da\/produkter\/"},{"@type":"ListItem","position":3,"name":"K\u00f8kken","item":"https:\/\/hubsch-interior.com\/da\/vare-kategori\/koekken\/"},{"@type":"ListItem","position":4,"name":"Bordservice","item":"https:\/\/hubsch-interior.com\/da\/vare-kategori\/koekken\/bordservice-da-2\/"},{"@type":"ListItem","position":5,"name":"Glas &amp; kander","item":"https:\/\/hubsch-interior.com\/da\/vare-kategori\/koekken\/bordservice-da-2\/glas-kander-da\/"},{"@type":"ListItem","position":6,"name":"Sui Kande Bubbles Klar"}]},{"@type":"WebSite","@id":"https:\/\/hubsch-interior.com\/da\/#website","url":"https:\/\/hubsch-interior.com\/da\/","name":"H\u00fcbsch","description":"Danish Home Interior and Design","publisher":{"@id":"https:\/\/hubsch-interior.com\/da\/#organization"},"potentialAction":[{"@type":"SearchAction","target":{"@type":"EntryPoint","urlTemplate":"https:\/\/hubsch-interior.com\/da\/?s={search_term_string}"},"query-input":{"@type":"PropertyValueSpecification","valueRequired":true,"valueName":"search_term_string"}}],"inLanguage":"da-DK"},{"@type":"Organization","@id":"https:\/\/hubsch-interior.com\/da\/#organization","name":"H\u00fcbsch","url":"https:\/\/hubsch-interior.com\/da\/","logo":{"@type":"ImageObject","inLanguage":"da-DK","@id":"https:\/\/hubsch-interior.com\/da\/#\/schema\/logo\/image\/","url":"https:\/\/hubsch-interior.com\/wp-content\/uploads\/2022\/12\/Hubsch_logo_black_one_line.svg","contentUrl":"https:\/\/hubsch-interior.com\/wp-content\/uploads\/2022\/12\/Hubsch_logo_black_one_line.svg","caption":"H\u00fcbsch"},"image":{"@id":"https:\/\/hubsch-interior.com\/da\/#\/schema\/logo\/image\/"}}]}},"_links":{"self":[{"href":"https:\/\/hubsch-interior.com\/da\/wp-json\/wp\/v2\/product\/1007915","targetHints":{"allow":["GET"]}}],"collection":[{"href":"https:\/\/hubsch-interior.com\/da\/wp-json\/wp\/v2\/product"}],"about":[{"href":"https:\/\/hubsch-interior.com\/da\/wp-json\/wp\/v2\/types\/product"}],"wp:featuredmedia":[{"embeddable":true,"href":"https:\/\/hubsch-interior.com\/da\/wp-json\/wp\/v2\/media\/1099555"}],"wp:attachment":[{"href":"https:\/\/hubsch-interior.com\/da\/wp-json\/wp\/v2\/media?parent=1007915"}],"wp:term":[{"taxonomy":"product_brand","embeddable":true,"href":"https:\/\/hubsch-interior.com\/da\/wp-json\/wp\/v2\/product_brand?post=1007915"},{"taxonomy":"product_cat","embeddable":true,"href":"https:\/\/hubsch-interior.com\/da\/wp-json\/wp\/v2\/product_cat?post=1007915"},{"taxonomy":"product_tag","embeddable":true,"href":"https:\/\/hubsch-interior.com\/da\/wp-json\/wp\/v2\/product_tag?post=1007915"}],"curies":[{"name":"wp","href":"https:\/\/api.w.org\/{rel}","templated":true}]}}