{"id":1007931,"date":"2025-01-21T15:22:19","date_gmt":"2025-01-21T14:22:19","guid":{"rendered":"https:\/\/hubsch-interior.com\/product\/product\/"},"modified":"2026-04-09T04:39:40","modified_gmt":"2026-04-09T02:39:40","slug":"orbit-kande-klar-gul","status":"publish","type":"product","link":"https:\/\/hubsch-interior.com\/da\/vare\/orbit-kande-klar-gul\/","title":{"rendered":"Orbit Kande Klar\/Gul"},"content":{"rendered":"<p>Oplev Orbit Kanden \u2013 en k\u00f8kken n\u00f8dvendighed, der ubesv\u00e6ret forener enkelhed med et charmerende strejf af farve. Fremstillet af f\u00f8rsteklasses glas med en charmerende gul nuance, er denne kande perfekt til at lyse din dagligdag op. Kombiner Orbit kanden med Orbit drikkeglassene for at tilf\u00f8je en diskret, men farverig detalje til dit spisested. Uanset om du serverer k\u00f8lig lemonade eller frisk morgenjuice, bringer den et strejf af gl\u00e6de til hver sk\u00e6nk.<\/p>\n","protected":false},"excerpt":{"rendered":"<p>Oplev Orbit Kanden \u2013 en k\u00f8kken n\u00f8dvendighed, der ubesv\u00e6ret forener enkelhed med et charmerende strejf af farve. Fremstillet af f\u00f8rsteklasses glas med en charmerende gul nuance, er denne kande perfekt til at lyse din dagligdag op. Kombiner Orbit kanden med Orbit drikkeglassene for at tilf\u00f8je en diskret, men farverig detalje til dit spisested. Uanset om [&hellip;]<\/p>\n","protected":false},"featured_media":1099571,"template":"","meta":{"_acf_changed":false,"inline_featured_image":false},"product_brand":[],"product_cat":[7025,7032,6970,6996,4051,4094,5025,6517],"product_tag":[],"class_list":{"0":"post-1007931","1":"product","2":"type-product","3":"status-publish","4":"has-post-thumbnail","6":"product_cat-bordservice-da-2","7":"product_cat-glas-kander-da","8":"product_cat-paaskeudsalg","9":"product_cat-the-buzz-da","10":"product_cat-koekkentilbehoer-da","11":"product_cat-bordservice-da","12":"product_cat-bestsellers-da","13":"product_cat-outlet-da","14":"product_shipping_class-pk","16":"pa_color-gul","17":"pa_color-klar","18":"pa_material-glas-da","20":"first","21":"instock","22":"sale","23":"featured","24":"taxable","25":"shipping-taxable","26":"purchasable","27":"product-type-simple"},"exclude_global_add_ons":[],"addons":[],"acf":[],"yoast_head":"<!-- This site is optimized with the Yoast SEO plugin v26.4 - https:\/\/yoast.com\/wordpress\/plugins\/seo\/ -->\n<title>Orbit Kande Klar\/Gul - H\u00fcbsch<\/title>\n<meta name=\"description\" content=\"Oplev Orbit Kanden \u2013 en k\u00f8kken n\u00f8dvendighed, der ubesv\u00e6ret forener enkelhed med et charmerende strejf af farve. Fremstillet af f\u00f8rsteklasses glas med en\" \/>\n<meta name=\"robots\" content=\"index, follow, max-snippet:-1, max-image-preview:large, max-video-preview:-1\" \/>\n<link rel=\"canonical\" href=\"https:\/\/hubsch-interior.com\/da\/wp-json\/wp\/v2\/product\/1007931\" \/>\n<meta property=\"og:locale\" content=\"da_DK\" \/>\n<meta property=\"og:type\" content=\"article\" \/>\n<meta property=\"og:title\" content=\"Orbit Kande Klar\/Gul - H\u00fcbsch\" \/>\n<meta property=\"og:description\" content=\"Oplev Orbit Kanden \u2013 en k\u00f8kken n\u00f8dvendighed, der ubesv\u00e6ret forener enkelhed med et charmerende strejf af farve. Fremstillet af f\u00f8rsteklasses glas med en\" \/>\n<meta property=\"og:url\" content=\"https:\/\/hubsch-interior.com\/da\/vare\/orbit-kande-klar-gul\/\" \/>\n<meta property=\"og:site_name\" content=\"H\u00fcbsch\" \/>\n<meta property=\"article:modified_time\" content=\"2026-04-09T02:39:40+00:00\" \/>\n<meta property=\"og:image\" content=\"https:\/\/hubsch-interior.com\/wp-content\/uploads\/2025\/01\/orbit-jug-clearyellow-7eb82536e55206b57a84f888c7a4e467.jpg\" \/>\n\t<meta property=\"og:image:width\" content=\"1200\" \/>\n\t<meta property=\"og:image:height\" content=\"1200\" \/>\n\t<meta property=\"og:image:type\" content=\"image\/jpeg\" \/>\n<meta name=\"twitter:card\" content=\"summary_large_image\" \/>\n<script type=\"application\/ld+json\" class=\"yoast-schema-graph\">{\"@context\":\"https:\/\/schema.org\",\"@graph\":[{\"@type\":\"WebPage\",\"@id\":\"https:\/\/hubsch-interior.com\/da\/vare\/orbit-kande-klar-gul\/\",\"url\":\"https:\/\/hubsch-interior.com\/da\/vare\/orbit-kande-klar-gul\/\",\"name\":\"Orbit Kande Klar\/Gul - H\u00fcbsch\",\"isPartOf\":{\"@id\":\"https:\/\/hubsch-interior.com\/da\/#website\"},\"primaryImageOfPage\":{\"@id\":\"https:\/\/hubsch-interior.com\/da\/vare\/orbit-kande-klar-gul\/#primaryimage\"},\"image\":{\"@id\":\"https:\/\/hubsch-interior.com\/da\/vare\/orbit-kande-klar-gul\/#primaryimage\"},\"thumbnailUrl\":\"https:\/\/hubsch-interior.com\/wp-content\/uploads\/2026\/02\/orbit-jug-clearyellow-37494701d7177de32d3ca6abc014989e.jpg\",\"datePublished\":\"2025-01-21T14:22:19+00:00\",\"dateModified\":\"2026-04-09T02:39:40+00:00\",\"description\":\"Oplev Orbit Kanden \u2013 en k\u00f8kken n\u00f8dvendighed, der ubesv\u00e6ret forener enkelhed med et charmerende strejf af farve. Fremstillet af f\u00f8rsteklasses glas med en\",\"breadcrumb\":{\"@id\":\"https:\/\/hubsch-interior.com\/da\/vare\/orbit-kande-klar-gul\/#breadcrumb\"},\"inLanguage\":\"da-DK\",\"potentialAction\":[{\"@type\":\"ReadAction\",\"target\":[\"https:\/\/hubsch-interior.com\/da\/vare\/orbit-kande-klar-gul\/\"]}]},{\"@type\":\"ImageObject\",\"inLanguage\":\"da-DK\",\"@id\":\"https:\/\/hubsch-interior.com\/da\/vare\/orbit-kande-klar-gul\/#primaryimage\",\"url\":\"https:\/\/hubsch-interior.com\/wp-content\/uploads\/2026\/02\/orbit-jug-clearyellow-37494701d7177de32d3ca6abc014989e.jpg\",\"contentUrl\":\"https:\/\/hubsch-interior.com\/wp-content\/uploads\/2026\/02\/orbit-jug-clearyellow-37494701d7177de32d3ca6abc014989e.jpg\",\"width\":1024,\"height\":1024},{\"@type\":\"BreadcrumbList\",\"@id\":\"https:\/\/hubsch-interior.com\/da\/vare\/orbit-kande-klar-gul\/#breadcrumb\",\"itemListElement\":[{\"@type\":\"ListItem\",\"position\":1,\"name\":\"Forside\",\"item\":\"https:\/\/hubsch-interior.com\/da\/\"},{\"@type\":\"ListItem\",\"position\":2,\"name\":\"Produkter\",\"item\":\"https:\/\/hubsch-interior.com\/da\/produkter\/\"},{\"@type\":\"ListItem\",\"position\":3,\"name\":\"K\u00f8kken\",\"item\":\"https:\/\/hubsch-interior.com\/da\/vare-kategori\/koekken\/\"},{\"@type\":\"ListItem\",\"position\":4,\"name\":\"Bordservice\",\"item\":\"https:\/\/hubsch-interior.com\/da\/vare-kategori\/koekken\/bordservice-da-2\/\"},{\"@type\":\"ListItem\",\"position\":5,\"name\":\"Glas &amp; kander\",\"item\":\"https:\/\/hubsch-interior.com\/da\/vare-kategori\/koekken\/bordservice-da-2\/glas-kander-da\/\"},{\"@type\":\"ListItem\",\"position\":6,\"name\":\"Orbit Kande Klar\/Gul\"}]},{\"@type\":\"WebSite\",\"@id\":\"https:\/\/hubsch-interior.com\/da\/#website\",\"url\":\"https:\/\/hubsch-interior.com\/da\/\",\"name\":\"H\u00fcbsch\",\"description\":\"Danish Home Interior and Design\",\"publisher\":{\"@id\":\"https:\/\/hubsch-interior.com\/da\/#organization\"},\"potentialAction\":[{\"@type\":\"SearchAction\",\"target\":{\"@type\":\"EntryPoint\",\"urlTemplate\":\"https:\/\/hubsch-interior.com\/da\/?s={search_term_string}\"},\"query-input\":{\"@type\":\"PropertyValueSpecification\",\"valueRequired\":true,\"valueName\":\"search_term_string\"}}],\"inLanguage\":\"da-DK\"},{\"@type\":\"Organization\",\"@id\":\"https:\/\/hubsch-interior.com\/da\/#organization\",\"name\":\"H\u00fcbsch\",\"url\":\"https:\/\/hubsch-interior.com\/da\/\",\"logo\":{\"@type\":\"ImageObject\",\"inLanguage\":\"da-DK\",\"@id\":\"https:\/\/hubsch-interior.com\/da\/#\/schema\/logo\/image\/\",\"url\":\"https:\/\/hubsch-interior.com\/wp-content\/uploads\/2022\/12\/Hubsch_logo_black_one_line.svg\",\"contentUrl\":\"https:\/\/hubsch-interior.com\/wp-content\/uploads\/2022\/12\/Hubsch_logo_black_one_line.svg\",\"caption\":\"H\u00fcbsch\"},\"image\":{\"@id\":\"https:\/\/hubsch-interior.com\/da\/#\/schema\/logo\/image\/\"}}]}<\/script>\n<!-- \/ Yoast SEO plugin. -->","yoast_head_json":{"title":"Orbit Kande Klar\/Gul - H\u00fcbsch","description":"Oplev Orbit Kanden \u2013 en k\u00f8kken n\u00f8dvendighed, der ubesv\u00e6ret forener enkelhed med et charmerende strejf af farve. Fremstillet af f\u00f8rsteklasses glas med en","robots":{"index":"index","follow":"follow","max-snippet":"max-snippet:-1","max-image-preview":"max-image-preview:large","max-video-preview":"max-video-preview:-1"},"canonical":"https:\/\/hubsch-interior.com\/da\/wp-json\/wp\/v2\/product\/1007931","og_locale":"da_DK","og_type":"article","og_title":"Orbit Kande Klar\/Gul - H\u00fcbsch","og_description":"Oplev Orbit Kanden \u2013 en k\u00f8kken n\u00f8dvendighed, der ubesv\u00e6ret forener enkelhed med et charmerende strejf af farve. Fremstillet af f\u00f8rsteklasses glas med en","og_url":"https:\/\/hubsch-interior.com\/da\/vare\/orbit-kande-klar-gul\/","og_site_name":"H\u00fcbsch","article_modified_time":"2026-04-09T02:39:40+00:00","og_image":[{"width":1200,"height":1200,"url":"https:\/\/hubsch-interior.com\/wp-content\/uploads\/2025\/01\/orbit-jug-clearyellow-7eb82536e55206b57a84f888c7a4e467.jpg","type":"image\/jpeg"}],"twitter_card":"summary_large_image","schema":{"@context":"https:\/\/schema.org","@graph":[{"@type":"WebPage","@id":"https:\/\/hubsch-interior.com\/da\/vare\/orbit-kande-klar-gul\/","url":"https:\/\/hubsch-interior.com\/da\/vare\/orbit-kande-klar-gul\/","name":"Orbit Kande Klar\/Gul - H\u00fcbsch","isPartOf":{"@id":"https:\/\/hubsch-interior.com\/da\/#website"},"primaryImageOfPage":{"@id":"https:\/\/hubsch-interior.com\/da\/vare\/orbit-kande-klar-gul\/#primaryimage"},"image":{"@id":"https:\/\/hubsch-interior.com\/da\/vare\/orbit-kande-klar-gul\/#primaryimage"},"thumbnailUrl":"https:\/\/hubsch-interior.com\/wp-content\/uploads\/2026\/02\/orbit-jug-clearyellow-37494701d7177de32d3ca6abc014989e.jpg","datePublished":"2025-01-21T14:22:19+00:00","dateModified":"2026-04-09T02:39:40+00:00","description":"Oplev Orbit Kanden \u2013 en k\u00f8kken n\u00f8dvendighed, der ubesv\u00e6ret forener enkelhed med et charmerende strejf af farve. Fremstillet af f\u00f8rsteklasses glas med en","breadcrumb":{"@id":"https:\/\/hubsch-interior.com\/da\/vare\/orbit-kande-klar-gul\/#breadcrumb"},"inLanguage":"da-DK","potentialAction":[{"@type":"ReadAction","target":["https:\/\/hubsch-interior.com\/da\/vare\/orbit-kande-klar-gul\/"]}]},{"@type":"ImageObject","inLanguage":"da-DK","@id":"https:\/\/hubsch-interior.com\/da\/vare\/orbit-kande-klar-gul\/#primaryimage","url":"https:\/\/hubsch-interior.com\/wp-content\/uploads\/2026\/02\/orbit-jug-clearyellow-37494701d7177de32d3ca6abc014989e.jpg","contentUrl":"https:\/\/hubsch-interior.com\/wp-content\/uploads\/2026\/02\/orbit-jug-clearyellow-37494701d7177de32d3ca6abc014989e.jpg","width":1024,"height":1024},{"@type":"BreadcrumbList","@id":"https:\/\/hubsch-interior.com\/da\/vare\/orbit-kande-klar-gul\/#breadcrumb","itemListElement":[{"@type":"ListItem","position":1,"name":"Forside","item":"https:\/\/hubsch-interior.com\/da\/"},{"@type":"ListItem","position":2,"name":"Produkter","item":"https:\/\/hubsch-interior.com\/da\/produkter\/"},{"@type":"ListItem","position":3,"name":"K\u00f8kken","item":"https:\/\/hubsch-interior.com\/da\/vare-kategori\/koekken\/"},{"@type":"ListItem","position":4,"name":"Bordservice","item":"https:\/\/hubsch-interior.com\/da\/vare-kategori\/koekken\/bordservice-da-2\/"},{"@type":"ListItem","position":5,"name":"Glas &amp; kander","item":"https:\/\/hubsch-interior.com\/da\/vare-kategori\/koekken\/bordservice-da-2\/glas-kander-da\/"},{"@type":"ListItem","position":6,"name":"Orbit Kande Klar\/Gul"}]},{"@type":"WebSite","@id":"https:\/\/hubsch-interior.com\/da\/#website","url":"https:\/\/hubsch-interior.com\/da\/","name":"H\u00fcbsch","description":"Danish Home Interior and Design","publisher":{"@id":"https:\/\/hubsch-interior.com\/da\/#organization"},"potentialAction":[{"@type":"SearchAction","target":{"@type":"EntryPoint","urlTemplate":"https:\/\/hubsch-interior.com\/da\/?s={search_term_string}"},"query-input":{"@type":"PropertyValueSpecification","valueRequired":true,"valueName":"search_term_string"}}],"inLanguage":"da-DK"},{"@type":"Organization","@id":"https:\/\/hubsch-interior.com\/da\/#organization","name":"H\u00fcbsch","url":"https:\/\/hubsch-interior.com\/da\/","logo":{"@type":"ImageObject","inLanguage":"da-DK","@id":"https:\/\/hubsch-interior.com\/da\/#\/schema\/logo\/image\/","url":"https:\/\/hubsch-interior.com\/wp-content\/uploads\/2022\/12\/Hubsch_logo_black_one_line.svg","contentUrl":"https:\/\/hubsch-interior.com\/wp-content\/uploads\/2022\/12\/Hubsch_logo_black_one_line.svg","caption":"H\u00fcbsch"},"image":{"@id":"https:\/\/hubsch-interior.com\/da\/#\/schema\/logo\/image\/"}}]}},"_links":{"self":[{"href":"https:\/\/hubsch-interior.com\/da\/wp-json\/wp\/v2\/product\/1007931","targetHints":{"allow":["GET"]}}],"collection":[{"href":"https:\/\/hubsch-interior.com\/da\/wp-json\/wp\/v2\/product"}],"about":[{"href":"https:\/\/hubsch-interior.com\/da\/wp-json\/wp\/v2\/types\/product"}],"wp:featuredmedia":[{"embeddable":true,"href":"https:\/\/hubsch-interior.com\/da\/wp-json\/wp\/v2\/media\/1099571"}],"wp:attachment":[{"href":"https:\/\/hubsch-interior.com\/da\/wp-json\/wp\/v2\/media?parent=1007931"}],"wp:term":[{"taxonomy":"product_brand","embeddable":true,"href":"https:\/\/hubsch-interior.com\/da\/wp-json\/wp\/v2\/product_brand?post=1007931"},{"taxonomy":"product_cat","embeddable":true,"href":"https:\/\/hubsch-interior.com\/da\/wp-json\/wp\/v2\/product_cat?post=1007931"},{"taxonomy":"product_tag","embeddable":true,"href":"https:\/\/hubsch-interior.com\/da\/wp-json\/wp\/v2\/product_tag?post=1007931"}],"curies":[{"name":"wp","href":"https:\/\/api.w.org\/{rel}","templated":true}]}}