{"id":1008563,"date":"2025-01-24T09:22:18","date_gmt":"2025-01-24T08:22:18","guid":{"rendered":"https:\/\/hubsch-interior.com\/product\/product\/"},"modified":"2026-04-09T04:21:00","modified_gmt":"2026-04-09T02:21:00","slug":"rocco-puf-lysegron","status":"publish","type":"product","link":"https:\/\/hubsch-interior.com\/da\/vare\/rocco-puf-lysegron\/","title":{"rendered":"Rocco Puf Lysegr\u00f8n"},"content":{"rendered":"<p>Den charmerende Rocco Puf, et uundv\u00e6rligt element til ethvert hyggeligt hj\u00f8rne i dit hjem. Tilg\u00e6ngelig i en pragtfuld lys gr\u00f8n, er denne model et vidnesbyrd om stilfuld komfort. Fremstillet af holdbart polyester og med et smukt farvemix i tekstilet, tilf\u00f8jes der et strejf af elegance til ethvert rum. Knappedetaljerne giver et klassisk pr\u00e6g, mens dens robuste design fungerer fremragende som en ekstra siddeplads eller en uventet fodskammel. Nyd charmen ved denne komfortable puf i dit daglige opholdsrum.<\/p>\n","protected":false},"excerpt":{"rendered":"<p>Den charmerende Rocco Puf, et uundv\u00e6rligt element til ethvert hyggeligt hj\u00f8rne i dit hjem. Tilg\u00e6ngelig i en pragtfuld lys gr\u00f8n, er denne model et vidnesbyrd om stilfuld komfort. Fremstillet af holdbart polyester og med et smukt farvemix i tekstilet, tilf\u00f8jes der et strejf af elegance til ethvert rum. Knappedetaljerne giver et klassisk pr\u00e6g, mens dens [&hellip;]<\/p>\n","protected":false},"featured_media":1094460,"template":"","meta":{"_acf_changed":false,"inline_featured_image":false},"product_brand":[],"product_cat":[6321,5456,2841,3040,6996,5029],"product_tag":[],"class_list":{"0":"post-1008563","1":"product","2":"type-product","3":"status-publish","4":"has-post-thumbnail","6":"product_cat-fsc-da","7":"product_cat-puffer-da","8":"product_cat-siddemoebler-da","9":"product_cat-skamler-da","10":"product_cat-the-buzz-da","11":"product_cat-tilbage-paa-lager-da","12":"product_shipping_class-pk","14":"pa_color-lysegrn","15":"pa_material-polyester-100-da","17":"first","18":"instock","19":"taxable","20":"shipping-taxable","21":"purchasable","22":"product-type-simple"},"exclude_global_add_ons":[],"addons":[],"acf":[],"yoast_head":"<!-- This site is optimized with the Yoast SEO plugin v26.4 - https:\/\/yoast.com\/wordpress\/plugins\/seo\/ -->\n<title>Rocco Puf Lysegr\u00f8n - H\u00fcbsch<\/title>\n<meta name=\"description\" content=\"Den charmerende Rocco Puf, et uundv\u00e6rligt element til ethvert hyggeligt hj\u00f8rne i dit hjem. Tilg\u00e6ngelig i en pragtfuld lys gr\u00f8n, er denne model et\" \/>\n<meta name=\"robots\" content=\"index, follow, max-snippet:-1, max-image-preview:large, max-video-preview:-1\" \/>\n<link rel=\"canonical\" href=\"https:\/\/hubsch-interior.com\/da\/wp-json\/wp\/v2\/product\/1008563\" \/>\n<meta property=\"og:locale\" content=\"da_DK\" \/>\n<meta property=\"og:type\" content=\"article\" \/>\n<meta property=\"og:title\" content=\"Rocco Puf Lysegr\u00f8n - H\u00fcbsch\" \/>\n<meta property=\"og:description\" content=\"Den charmerende Rocco Puf, et uundv\u00e6rligt element til ethvert hyggeligt hj\u00f8rne i dit hjem. Tilg\u00e6ngelig i en pragtfuld lys gr\u00f8n, er denne model et\" \/>\n<meta property=\"og:url\" content=\"https:\/\/hubsch-interior.com\/da\/vare\/rocco-puf-lysegron\/\" \/>\n<meta property=\"og:site_name\" content=\"H\u00fcbsch\" \/>\n<meta property=\"article:modified_time\" content=\"2026-04-09T02:21:00+00:00\" \/>\n<meta property=\"og:image\" content=\"https:\/\/hubsch-interior.com\/wp-content\/uploads\/2025\/04\/rocco-pouffe-light-green-ee637a0fcb3f3a0116b23db331d908b5.jpg\" \/>\n\t<meta property=\"og:image:width\" content=\"1200\" \/>\n\t<meta property=\"og:image:height\" content=\"1200\" \/>\n\t<meta property=\"og:image:type\" content=\"image\/jpeg\" \/>\n<meta name=\"twitter:card\" content=\"summary_large_image\" \/>\n<script type=\"application\/ld+json\" class=\"yoast-schema-graph\">{\"@context\":\"https:\/\/schema.org\",\"@graph\":[{\"@type\":\"WebPage\",\"@id\":\"https:\/\/hubsch-interior.com\/da\/vare\/rocco-puf-lysegron\/\",\"url\":\"https:\/\/hubsch-interior.com\/da\/vare\/rocco-puf-lysegron\/\",\"name\":\"Rocco Puf Lysegr\u00f8n - H\u00fcbsch\",\"isPartOf\":{\"@id\":\"https:\/\/hubsch-interior.com\/da\/#website\"},\"primaryImageOfPage\":{\"@id\":\"https:\/\/hubsch-interior.com\/da\/vare\/rocco-puf-lysegron\/#primaryimage\"},\"image\":{\"@id\":\"https:\/\/hubsch-interior.com\/da\/vare\/rocco-puf-lysegron\/#primaryimage\"},\"thumbnailUrl\":\"https:\/\/hubsch-interior.com\/wp-content\/uploads\/2026\/02\/rocco-pouffe-light-green-a7d70cb2d4b6f00502c8a41f25aeb30c.jpg\",\"datePublished\":\"2025-01-24T08:22:18+00:00\",\"dateModified\":\"2026-04-09T02:21:00+00:00\",\"description\":\"Den charmerende Rocco Puf, et uundv\u00e6rligt element til ethvert hyggeligt hj\u00f8rne i dit hjem. Tilg\u00e6ngelig i en pragtfuld lys gr\u00f8n, er denne model et\",\"breadcrumb\":{\"@id\":\"https:\/\/hubsch-interior.com\/da\/vare\/rocco-puf-lysegron\/#breadcrumb\"},\"inLanguage\":\"da-DK\",\"potentialAction\":[{\"@type\":\"ReadAction\",\"target\":[\"https:\/\/hubsch-interior.com\/da\/vare\/rocco-puf-lysegron\/\"]}]},{\"@type\":\"ImageObject\",\"inLanguage\":\"da-DK\",\"@id\":\"https:\/\/hubsch-interior.com\/da\/vare\/rocco-puf-lysegron\/#primaryimage\",\"url\":\"https:\/\/hubsch-interior.com\/wp-content\/uploads\/2026\/02\/rocco-pouffe-light-green-a7d70cb2d4b6f00502c8a41f25aeb30c.jpg\",\"contentUrl\":\"https:\/\/hubsch-interior.com\/wp-content\/uploads\/2026\/02\/rocco-pouffe-light-green-a7d70cb2d4b6f00502c8a41f25aeb30c.jpg\",\"width\":1024,\"height\":1024},{\"@type\":\"BreadcrumbList\",\"@id\":\"https:\/\/hubsch-interior.com\/da\/vare\/rocco-puf-lysegron\/#breadcrumb\",\"itemListElement\":[{\"@type\":\"ListItem\",\"position\":1,\"name\":\"Forside\",\"item\":\"https:\/\/hubsch-interior.com\/da\/\"},{\"@type\":\"ListItem\",\"position\":2,\"name\":\"Produkter\",\"item\":\"https:\/\/hubsch-interior.com\/da\/produkter\/\"},{\"@type\":\"ListItem\",\"position\":3,\"name\":\"M\u00f8bler\",\"item\":\"https:\/\/hubsch-interior.com\/da\/vare-kategori\/mobler\/\"},{\"@type\":\"ListItem\",\"position\":4,\"name\":\"Siddem&oslash;bler\",\"item\":\"https:\/\/hubsch-interior.com\/da\/vare-kategori\/mobler\/siddemoebler-da\/\"},{\"@type\":\"ListItem\",\"position\":5,\"name\":\"Puffer\",\"item\":\"https:\/\/hubsch-interior.com\/da\/vare-kategori\/mobler\/siddemoebler-da\/puffer-da\/\"},{\"@type\":\"ListItem\",\"position\":6,\"name\":\"Rocco Puf Lysegr\u00f8n\"}]},{\"@type\":\"WebSite\",\"@id\":\"https:\/\/hubsch-interior.com\/da\/#website\",\"url\":\"https:\/\/hubsch-interior.com\/da\/\",\"name\":\"H\u00fcbsch\",\"description\":\"Danish Home Interior and Design\",\"publisher\":{\"@id\":\"https:\/\/hubsch-interior.com\/da\/#organization\"},\"potentialAction\":[{\"@type\":\"SearchAction\",\"target\":{\"@type\":\"EntryPoint\",\"urlTemplate\":\"https:\/\/hubsch-interior.com\/da\/?s={search_term_string}\"},\"query-input\":{\"@type\":\"PropertyValueSpecification\",\"valueRequired\":true,\"valueName\":\"search_term_string\"}}],\"inLanguage\":\"da-DK\"},{\"@type\":\"Organization\",\"@id\":\"https:\/\/hubsch-interior.com\/da\/#organization\",\"name\":\"H\u00fcbsch\",\"url\":\"https:\/\/hubsch-interior.com\/da\/\",\"logo\":{\"@type\":\"ImageObject\",\"inLanguage\":\"da-DK\",\"@id\":\"https:\/\/hubsch-interior.com\/da\/#\/schema\/logo\/image\/\",\"url\":\"https:\/\/hubsch-interior.com\/wp-content\/uploads\/2022\/12\/Hubsch_logo_black_one_line.svg\",\"contentUrl\":\"https:\/\/hubsch-interior.com\/wp-content\/uploads\/2022\/12\/Hubsch_logo_black_one_line.svg\",\"caption\":\"H\u00fcbsch\"},\"image\":{\"@id\":\"https:\/\/hubsch-interior.com\/da\/#\/schema\/logo\/image\/\"}}]}<\/script>\n<!-- \/ Yoast SEO plugin. -->","yoast_head_json":{"title":"Rocco Puf Lysegr\u00f8n - H\u00fcbsch","description":"Den charmerende Rocco Puf, et uundv\u00e6rligt element til ethvert hyggeligt hj\u00f8rne i dit hjem. Tilg\u00e6ngelig i en pragtfuld lys gr\u00f8n, er denne model et","robots":{"index":"index","follow":"follow","max-snippet":"max-snippet:-1","max-image-preview":"max-image-preview:large","max-video-preview":"max-video-preview:-1"},"canonical":"https:\/\/hubsch-interior.com\/da\/wp-json\/wp\/v2\/product\/1008563","og_locale":"da_DK","og_type":"article","og_title":"Rocco Puf Lysegr\u00f8n - H\u00fcbsch","og_description":"Den charmerende Rocco Puf, et uundv\u00e6rligt element til ethvert hyggeligt hj\u00f8rne i dit hjem. Tilg\u00e6ngelig i en pragtfuld lys gr\u00f8n, er denne model et","og_url":"https:\/\/hubsch-interior.com\/da\/vare\/rocco-puf-lysegron\/","og_site_name":"H\u00fcbsch","article_modified_time":"2026-04-09T02:21:00+00:00","og_image":[{"width":1200,"height":1200,"url":"https:\/\/hubsch-interior.com\/wp-content\/uploads\/2025\/04\/rocco-pouffe-light-green-ee637a0fcb3f3a0116b23db331d908b5.jpg","type":"image\/jpeg"}],"twitter_card":"summary_large_image","schema":{"@context":"https:\/\/schema.org","@graph":[{"@type":"WebPage","@id":"https:\/\/hubsch-interior.com\/da\/vare\/rocco-puf-lysegron\/","url":"https:\/\/hubsch-interior.com\/da\/vare\/rocco-puf-lysegron\/","name":"Rocco Puf Lysegr\u00f8n - H\u00fcbsch","isPartOf":{"@id":"https:\/\/hubsch-interior.com\/da\/#website"},"primaryImageOfPage":{"@id":"https:\/\/hubsch-interior.com\/da\/vare\/rocco-puf-lysegron\/#primaryimage"},"image":{"@id":"https:\/\/hubsch-interior.com\/da\/vare\/rocco-puf-lysegron\/#primaryimage"},"thumbnailUrl":"https:\/\/hubsch-interior.com\/wp-content\/uploads\/2026\/02\/rocco-pouffe-light-green-a7d70cb2d4b6f00502c8a41f25aeb30c.jpg","datePublished":"2025-01-24T08:22:18+00:00","dateModified":"2026-04-09T02:21:00+00:00","description":"Den charmerende Rocco Puf, et uundv\u00e6rligt element til ethvert hyggeligt hj\u00f8rne i dit hjem. Tilg\u00e6ngelig i en pragtfuld lys gr\u00f8n, er denne model et","breadcrumb":{"@id":"https:\/\/hubsch-interior.com\/da\/vare\/rocco-puf-lysegron\/#breadcrumb"},"inLanguage":"da-DK","potentialAction":[{"@type":"ReadAction","target":["https:\/\/hubsch-interior.com\/da\/vare\/rocco-puf-lysegron\/"]}]},{"@type":"ImageObject","inLanguage":"da-DK","@id":"https:\/\/hubsch-interior.com\/da\/vare\/rocco-puf-lysegron\/#primaryimage","url":"https:\/\/hubsch-interior.com\/wp-content\/uploads\/2026\/02\/rocco-pouffe-light-green-a7d70cb2d4b6f00502c8a41f25aeb30c.jpg","contentUrl":"https:\/\/hubsch-interior.com\/wp-content\/uploads\/2026\/02\/rocco-pouffe-light-green-a7d70cb2d4b6f00502c8a41f25aeb30c.jpg","width":1024,"height":1024},{"@type":"BreadcrumbList","@id":"https:\/\/hubsch-interior.com\/da\/vare\/rocco-puf-lysegron\/#breadcrumb","itemListElement":[{"@type":"ListItem","position":1,"name":"Forside","item":"https:\/\/hubsch-interior.com\/da\/"},{"@type":"ListItem","position":2,"name":"Produkter","item":"https:\/\/hubsch-interior.com\/da\/produkter\/"},{"@type":"ListItem","position":3,"name":"M\u00f8bler","item":"https:\/\/hubsch-interior.com\/da\/vare-kategori\/mobler\/"},{"@type":"ListItem","position":4,"name":"Siddem&oslash;bler","item":"https:\/\/hubsch-interior.com\/da\/vare-kategori\/mobler\/siddemoebler-da\/"},{"@type":"ListItem","position":5,"name":"Puffer","item":"https:\/\/hubsch-interior.com\/da\/vare-kategori\/mobler\/siddemoebler-da\/puffer-da\/"},{"@type":"ListItem","position":6,"name":"Rocco Puf Lysegr\u00f8n"}]},{"@type":"WebSite","@id":"https:\/\/hubsch-interior.com\/da\/#website","url":"https:\/\/hubsch-interior.com\/da\/","name":"H\u00fcbsch","description":"Danish Home Interior and Design","publisher":{"@id":"https:\/\/hubsch-interior.com\/da\/#organization"},"potentialAction":[{"@type":"SearchAction","target":{"@type":"EntryPoint","urlTemplate":"https:\/\/hubsch-interior.com\/da\/?s={search_term_string}"},"query-input":{"@type":"PropertyValueSpecification","valueRequired":true,"valueName":"search_term_string"}}],"inLanguage":"da-DK"},{"@type":"Organization","@id":"https:\/\/hubsch-interior.com\/da\/#organization","name":"H\u00fcbsch","url":"https:\/\/hubsch-interior.com\/da\/","logo":{"@type":"ImageObject","inLanguage":"da-DK","@id":"https:\/\/hubsch-interior.com\/da\/#\/schema\/logo\/image\/","url":"https:\/\/hubsch-interior.com\/wp-content\/uploads\/2022\/12\/Hubsch_logo_black_one_line.svg","contentUrl":"https:\/\/hubsch-interior.com\/wp-content\/uploads\/2022\/12\/Hubsch_logo_black_one_line.svg","caption":"H\u00fcbsch"},"image":{"@id":"https:\/\/hubsch-interior.com\/da\/#\/schema\/logo\/image\/"}}]}},"_links":{"self":[{"href":"https:\/\/hubsch-interior.com\/da\/wp-json\/wp\/v2\/product\/1008563","targetHints":{"allow":["GET"]}}],"collection":[{"href":"https:\/\/hubsch-interior.com\/da\/wp-json\/wp\/v2\/product"}],"about":[{"href":"https:\/\/hubsch-interior.com\/da\/wp-json\/wp\/v2\/types\/product"}],"wp:featuredmedia":[{"embeddable":true,"href":"https:\/\/hubsch-interior.com\/da\/wp-json\/wp\/v2\/media\/1094460"}],"wp:attachment":[{"href":"https:\/\/hubsch-interior.com\/da\/wp-json\/wp\/v2\/media?parent=1008563"}],"wp:term":[{"taxonomy":"product_brand","embeddable":true,"href":"https:\/\/hubsch-interior.com\/da\/wp-json\/wp\/v2\/product_brand?post=1008563"},{"taxonomy":"product_cat","embeddable":true,"href":"https:\/\/hubsch-interior.com\/da\/wp-json\/wp\/v2\/product_cat?post=1008563"},{"taxonomy":"product_tag","embeddable":true,"href":"https:\/\/hubsch-interior.com\/da\/wp-json\/wp\/v2\/product_tag?post=1008563"}],"curies":[{"name":"wp","href":"https:\/\/api.w.org\/{rel}","templated":true}]}}