{"id":1008595,"date":"2025-01-24T09:23:51","date_gmt":"2025-01-24T08:23:51","guid":{"rendered":"https:\/\/hubsch-interior.com\/product\/product\/"},"modified":"2026-04-05T04:21:09","modified_gmt":"2026-04-05T02:21:09","slug":"rocco-puf-okker","status":"publish","type":"product","link":"https:\/\/hubsch-interior.com\/da\/vare\/rocco-puf-okker\/","title":{"rendered":"Rocco Puf Okker"},"content":{"rendered":"<p>M\u00f8d Rocco Puf i den charmerende okkerfarvede variant \u2013 en fremragende kombination af funktion og stil. Denne charmebombe, fremstillet i polyester, byder p\u00e5 et smukt tekstureret appel med en knapdetalje, der sikrer, at den skiller sig ud i ethvert rum. Ideel som en ekstra siddeplads eller en fodskammel, inviterer dens behagelige, fyldige form dig til at slappe af med stil. Uanset om du er v\u00e6rt eller bare slapper af, l\u00f8fter Rocco Puf dit rum med sin smukke farveblanding og alsidige flair. V\u00e6lg okker for en varm, indbydende gl\u00f8d.<\/p>\n","protected":false},"excerpt":{"rendered":"<p>M\u00f8d Rocco Puf i den charmerende okkerfarvede variant \u2013 en fremragende kombination af funktion og stil. Denne charmebombe, fremstillet i polyester, byder p\u00e5 et smukt tekstureret appel med en knapdetalje, der sikrer, at den skiller sig ud i ethvert rum. Ideel som en ekstra siddeplads eller en fodskammel, inviterer dens behagelige, fyldige form dig til [&hellip;]<\/p>\n","protected":false},"featured_media":1094504,"template":"","meta":{"_acf_changed":false,"inline_featured_image":false},"product_brand":[],"product_cat":[6996,6321,2841,5456,3040,5025,5029],"product_tag":[],"class_list":{"0":"post-1008595","1":"product","2":"type-product","3":"status-publish","4":"has-post-thumbnail","6":"product_cat-the-buzz-da","7":"product_cat-fsc-da","8":"product_cat-siddemoebler-da","9":"product_cat-puffer-da","10":"product_cat-skamler-da","11":"product_cat-bestsellers-da","12":"product_cat-tilbage-paa-lager-da","13":"product_shipping_class-pk","15":"pa_color-okker","16":"pa_material-polyester-100-da","18":"first","19":"instock","20":"featured","21":"taxable","22":"shipping-taxable","23":"purchasable","24":"product-type-simple"},"exclude_global_add_ons":[],"addons":[],"acf":[],"yoast_head":"<!-- This site is optimized with the Yoast SEO plugin v26.4 - https:\/\/yoast.com\/wordpress\/plugins\/seo\/ -->\n<title>Rocco Puf Okker - H\u00fcbsch<\/title>\n<meta name=\"description\" content=\"M\u00f8d Rocco Puf i den charmerende okkerfarvede variant \u2013 en fremragende kombination af funktion og stil. Denne charmebombe, fremstillet i polyester, byder\" \/>\n<meta name=\"robots\" content=\"index, follow, max-snippet:-1, max-image-preview:large, max-video-preview:-1\" \/>\n<link rel=\"canonical\" href=\"https:\/\/hubsch-interior.com\/da\/wp-json\/wp\/v2\/product\/1008595\" \/>\n<meta property=\"og:locale\" content=\"da_DK\" \/>\n<meta property=\"og:type\" content=\"article\" \/>\n<meta property=\"og:title\" content=\"Rocco Puf Okker - H\u00fcbsch\" \/>\n<meta property=\"og:description\" content=\"M\u00f8d Rocco Puf i den charmerende okkerfarvede variant \u2013 en fremragende kombination af funktion og stil. Denne charmebombe, fremstillet i polyester, byder\" \/>\n<meta property=\"og:url\" content=\"https:\/\/hubsch-interior.com\/da\/vare\/rocco-puf-okker\/\" \/>\n<meta property=\"og:site_name\" content=\"H\u00fcbsch\" \/>\n<meta property=\"article:modified_time\" content=\"2026-04-05T02:21:09+00:00\" \/>\n<meta property=\"og:image\" content=\"https:\/\/hubsch-interior.com\/wp-content\/uploads\/2025\/01\/rocco-pouffe-ochre-8181ce594a9e22f721b9ae955423a01d.jpg\" \/>\n\t<meta property=\"og:image:width\" content=\"1200\" \/>\n\t<meta property=\"og:image:height\" content=\"1200\" \/>\n\t<meta property=\"og:image:type\" content=\"image\/jpeg\" \/>\n<meta name=\"twitter:card\" content=\"summary_large_image\" \/>\n<script type=\"application\/ld+json\" class=\"yoast-schema-graph\">{\"@context\":\"https:\/\/schema.org\",\"@graph\":[{\"@type\":\"WebPage\",\"@id\":\"https:\/\/hubsch-interior.com\/da\/vare\/rocco-puf-okker\/\",\"url\":\"https:\/\/hubsch-interior.com\/da\/vare\/rocco-puf-okker\/\",\"name\":\"Rocco Puf Okker - H\u00fcbsch\",\"isPartOf\":{\"@id\":\"https:\/\/hubsch-interior.com\/da\/#website\"},\"primaryImageOfPage\":{\"@id\":\"https:\/\/hubsch-interior.com\/da\/vare\/rocco-puf-okker\/#primaryimage\"},\"image\":{\"@id\":\"https:\/\/hubsch-interior.com\/da\/vare\/rocco-puf-okker\/#primaryimage\"},\"thumbnailUrl\":\"https:\/\/hubsch-interior.com\/wp-content\/uploads\/2026\/02\/rocco-pouffe-ochre-9fedadc1e02137f5bcf0fb4dfe0cccce.jpg\",\"datePublished\":\"2025-01-24T08:23:51+00:00\",\"dateModified\":\"2026-04-05T02:21:09+00:00\",\"description\":\"M\u00f8d Rocco Puf i den charmerende okkerfarvede variant \u2013 en fremragende kombination af funktion og stil. Denne charmebombe, fremstillet i polyester, byder\",\"breadcrumb\":{\"@id\":\"https:\/\/hubsch-interior.com\/da\/vare\/rocco-puf-okker\/#breadcrumb\"},\"inLanguage\":\"da-DK\",\"potentialAction\":[{\"@type\":\"ReadAction\",\"target\":[\"https:\/\/hubsch-interior.com\/da\/vare\/rocco-puf-okker\/\"]}]},{\"@type\":\"ImageObject\",\"inLanguage\":\"da-DK\",\"@id\":\"https:\/\/hubsch-interior.com\/da\/vare\/rocco-puf-okker\/#primaryimage\",\"url\":\"https:\/\/hubsch-interior.com\/wp-content\/uploads\/2026\/02\/rocco-pouffe-ochre-9fedadc1e02137f5bcf0fb4dfe0cccce.jpg\",\"contentUrl\":\"https:\/\/hubsch-interior.com\/wp-content\/uploads\/2026\/02\/rocco-pouffe-ochre-9fedadc1e02137f5bcf0fb4dfe0cccce.jpg\",\"width\":1024,\"height\":1024},{\"@type\":\"BreadcrumbList\",\"@id\":\"https:\/\/hubsch-interior.com\/da\/vare\/rocco-puf-okker\/#breadcrumb\",\"itemListElement\":[{\"@type\":\"ListItem\",\"position\":1,\"name\":\"Forside\",\"item\":\"https:\/\/hubsch-interior.com\/da\/\"},{\"@type\":\"ListItem\",\"position\":2,\"name\":\"Produkter\",\"item\":\"https:\/\/hubsch-interior.com\/da\/produkter\/\"},{\"@type\":\"ListItem\",\"position\":3,\"name\":\"M\u00f8bler\",\"item\":\"https:\/\/hubsch-interior.com\/da\/vare-kategori\/mobler\/\"},{\"@type\":\"ListItem\",\"position\":4,\"name\":\"Siddem&oslash;bler\",\"item\":\"https:\/\/hubsch-interior.com\/da\/vare-kategori\/mobler\/siddemoebler-da\/\"},{\"@type\":\"ListItem\",\"position\":5,\"name\":\"Puffer\",\"item\":\"https:\/\/hubsch-interior.com\/da\/vare-kategori\/mobler\/siddemoebler-da\/puffer-da\/\"},{\"@type\":\"ListItem\",\"position\":6,\"name\":\"Rocco Puf Okker\"}]},{\"@type\":\"WebSite\",\"@id\":\"https:\/\/hubsch-interior.com\/da\/#website\",\"url\":\"https:\/\/hubsch-interior.com\/da\/\",\"name\":\"H\u00fcbsch\",\"description\":\"Danish Home Interior and Design\",\"publisher\":{\"@id\":\"https:\/\/hubsch-interior.com\/da\/#organization\"},\"potentialAction\":[{\"@type\":\"SearchAction\",\"target\":{\"@type\":\"EntryPoint\",\"urlTemplate\":\"https:\/\/hubsch-interior.com\/da\/?s={search_term_string}\"},\"query-input\":{\"@type\":\"PropertyValueSpecification\",\"valueRequired\":true,\"valueName\":\"search_term_string\"}}],\"inLanguage\":\"da-DK\"},{\"@type\":\"Organization\",\"@id\":\"https:\/\/hubsch-interior.com\/da\/#organization\",\"name\":\"H\u00fcbsch\",\"url\":\"https:\/\/hubsch-interior.com\/da\/\",\"logo\":{\"@type\":\"ImageObject\",\"inLanguage\":\"da-DK\",\"@id\":\"https:\/\/hubsch-interior.com\/da\/#\/schema\/logo\/image\/\",\"url\":\"https:\/\/hubsch-interior.com\/wp-content\/uploads\/2022\/12\/Hubsch_logo_black_one_line.svg\",\"contentUrl\":\"https:\/\/hubsch-interior.com\/wp-content\/uploads\/2022\/12\/Hubsch_logo_black_one_line.svg\",\"caption\":\"H\u00fcbsch\"},\"image\":{\"@id\":\"https:\/\/hubsch-interior.com\/da\/#\/schema\/logo\/image\/\"}}]}<\/script>\n<!-- \/ Yoast SEO plugin. -->","yoast_head_json":{"title":"Rocco Puf Okker - H\u00fcbsch","description":"M\u00f8d Rocco Puf i den charmerende okkerfarvede variant \u2013 en fremragende kombination af funktion og stil. Denne charmebombe, fremstillet i polyester, byder","robots":{"index":"index","follow":"follow","max-snippet":"max-snippet:-1","max-image-preview":"max-image-preview:large","max-video-preview":"max-video-preview:-1"},"canonical":"https:\/\/hubsch-interior.com\/da\/wp-json\/wp\/v2\/product\/1008595","og_locale":"da_DK","og_type":"article","og_title":"Rocco Puf Okker - H\u00fcbsch","og_description":"M\u00f8d Rocco Puf i den charmerende okkerfarvede variant \u2013 en fremragende kombination af funktion og stil. Denne charmebombe, fremstillet i polyester, byder","og_url":"https:\/\/hubsch-interior.com\/da\/vare\/rocco-puf-okker\/","og_site_name":"H\u00fcbsch","article_modified_time":"2026-04-05T02:21:09+00:00","og_image":[{"width":1200,"height":1200,"url":"https:\/\/hubsch-interior.com\/wp-content\/uploads\/2025\/01\/rocco-pouffe-ochre-8181ce594a9e22f721b9ae955423a01d.jpg","type":"image\/jpeg"}],"twitter_card":"summary_large_image","schema":{"@context":"https:\/\/schema.org","@graph":[{"@type":"WebPage","@id":"https:\/\/hubsch-interior.com\/da\/vare\/rocco-puf-okker\/","url":"https:\/\/hubsch-interior.com\/da\/vare\/rocco-puf-okker\/","name":"Rocco Puf Okker - H\u00fcbsch","isPartOf":{"@id":"https:\/\/hubsch-interior.com\/da\/#website"},"primaryImageOfPage":{"@id":"https:\/\/hubsch-interior.com\/da\/vare\/rocco-puf-okker\/#primaryimage"},"image":{"@id":"https:\/\/hubsch-interior.com\/da\/vare\/rocco-puf-okker\/#primaryimage"},"thumbnailUrl":"https:\/\/hubsch-interior.com\/wp-content\/uploads\/2026\/02\/rocco-pouffe-ochre-9fedadc1e02137f5bcf0fb4dfe0cccce.jpg","datePublished":"2025-01-24T08:23:51+00:00","dateModified":"2026-04-05T02:21:09+00:00","description":"M\u00f8d Rocco Puf i den charmerende okkerfarvede variant \u2013 en fremragende kombination af funktion og stil. Denne charmebombe, fremstillet i polyester, byder","breadcrumb":{"@id":"https:\/\/hubsch-interior.com\/da\/vare\/rocco-puf-okker\/#breadcrumb"},"inLanguage":"da-DK","potentialAction":[{"@type":"ReadAction","target":["https:\/\/hubsch-interior.com\/da\/vare\/rocco-puf-okker\/"]}]},{"@type":"ImageObject","inLanguage":"da-DK","@id":"https:\/\/hubsch-interior.com\/da\/vare\/rocco-puf-okker\/#primaryimage","url":"https:\/\/hubsch-interior.com\/wp-content\/uploads\/2026\/02\/rocco-pouffe-ochre-9fedadc1e02137f5bcf0fb4dfe0cccce.jpg","contentUrl":"https:\/\/hubsch-interior.com\/wp-content\/uploads\/2026\/02\/rocco-pouffe-ochre-9fedadc1e02137f5bcf0fb4dfe0cccce.jpg","width":1024,"height":1024},{"@type":"BreadcrumbList","@id":"https:\/\/hubsch-interior.com\/da\/vare\/rocco-puf-okker\/#breadcrumb","itemListElement":[{"@type":"ListItem","position":1,"name":"Forside","item":"https:\/\/hubsch-interior.com\/da\/"},{"@type":"ListItem","position":2,"name":"Produkter","item":"https:\/\/hubsch-interior.com\/da\/produkter\/"},{"@type":"ListItem","position":3,"name":"M\u00f8bler","item":"https:\/\/hubsch-interior.com\/da\/vare-kategori\/mobler\/"},{"@type":"ListItem","position":4,"name":"Siddem&oslash;bler","item":"https:\/\/hubsch-interior.com\/da\/vare-kategori\/mobler\/siddemoebler-da\/"},{"@type":"ListItem","position":5,"name":"Puffer","item":"https:\/\/hubsch-interior.com\/da\/vare-kategori\/mobler\/siddemoebler-da\/puffer-da\/"},{"@type":"ListItem","position":6,"name":"Rocco Puf Okker"}]},{"@type":"WebSite","@id":"https:\/\/hubsch-interior.com\/da\/#website","url":"https:\/\/hubsch-interior.com\/da\/","name":"H\u00fcbsch","description":"Danish Home Interior and Design","publisher":{"@id":"https:\/\/hubsch-interior.com\/da\/#organization"},"potentialAction":[{"@type":"SearchAction","target":{"@type":"EntryPoint","urlTemplate":"https:\/\/hubsch-interior.com\/da\/?s={search_term_string}"},"query-input":{"@type":"PropertyValueSpecification","valueRequired":true,"valueName":"search_term_string"}}],"inLanguage":"da-DK"},{"@type":"Organization","@id":"https:\/\/hubsch-interior.com\/da\/#organization","name":"H\u00fcbsch","url":"https:\/\/hubsch-interior.com\/da\/","logo":{"@type":"ImageObject","inLanguage":"da-DK","@id":"https:\/\/hubsch-interior.com\/da\/#\/schema\/logo\/image\/","url":"https:\/\/hubsch-interior.com\/wp-content\/uploads\/2022\/12\/Hubsch_logo_black_one_line.svg","contentUrl":"https:\/\/hubsch-interior.com\/wp-content\/uploads\/2022\/12\/Hubsch_logo_black_one_line.svg","caption":"H\u00fcbsch"},"image":{"@id":"https:\/\/hubsch-interior.com\/da\/#\/schema\/logo\/image\/"}}]}},"_links":{"self":[{"href":"https:\/\/hubsch-interior.com\/da\/wp-json\/wp\/v2\/product\/1008595","targetHints":{"allow":["GET"]}}],"collection":[{"href":"https:\/\/hubsch-interior.com\/da\/wp-json\/wp\/v2\/product"}],"about":[{"href":"https:\/\/hubsch-interior.com\/da\/wp-json\/wp\/v2\/types\/product"}],"wp:featuredmedia":[{"embeddable":true,"href":"https:\/\/hubsch-interior.com\/da\/wp-json\/wp\/v2\/media\/1094504"}],"wp:attachment":[{"href":"https:\/\/hubsch-interior.com\/da\/wp-json\/wp\/v2\/media?parent=1008595"}],"wp:term":[{"taxonomy":"product_brand","embeddable":true,"href":"https:\/\/hubsch-interior.com\/da\/wp-json\/wp\/v2\/product_brand?post=1008595"},{"taxonomy":"product_cat","embeddable":true,"href":"https:\/\/hubsch-interior.com\/da\/wp-json\/wp\/v2\/product_cat?post=1008595"},{"taxonomy":"product_tag","embeddable":true,"href":"https:\/\/hubsch-interior.com\/da\/wp-json\/wp\/v2\/product_tag?post=1008595"}],"curies":[{"name":"wp","href":"https:\/\/api.w.org\/{rel}","templated":true}]}}