{"id":1008615,"date":"2025-01-24T09:24:37","date_gmt":"2025-01-24T08:24:37","guid":{"rendered":"https:\/\/hubsch-interior.com\/product\/product\/"},"modified":"2026-04-05T04:21:13","modified_gmt":"2026-04-05T02:21:13","slug":"marshmellow-puf-small-lysegron","status":"publish","type":"product","link":"https:\/\/hubsch-interior.com\/da\/vare\/marshmellow-puf-small-lysegron\/","title":{"rendered":"Marshmellow Puf Small Lysegr\u00f8n"},"content":{"rendered":"<p>Oplev Marshmellow Puf i en dejlig lys gr\u00f8n \u2013 en klassisk puf, der ubesv\u00e6ret kombinerer stil med funktionalitet. Dette hyggelige vidunder kommer i tre varianter, alle fremstillet af holdbart polyester. Marshmellow Puf tilbyder en solid fodst\u00f8tte efter en lang dag eller fungerer som en kompakt ekstra siddeplads, n\u00e5r g\u00e6ster kigger forbi. Dens bl\u00f8de tekstur og alsidige farvetone g\u00f8r den til en charmerende tilf\u00f8jelse til ethvert rum, der tr\u00e6nger til et strejf af komfort og flair.<\/p>\n","protected":false},"excerpt":{"rendered":"<p>Oplev Marshmellow Puf i en dejlig lys gr\u00f8n \u2013 en klassisk puf, der ubesv\u00e6ret kombinerer stil med funktionalitet. Dette hyggelige vidunder kommer i tre varianter, alle fremstillet af holdbart polyester. Marshmellow Puf tilbyder en solid fodst\u00f8tte efter en lang dag eller fungerer som en kompakt ekstra siddeplads, n\u00e5r g\u00e6ster kigger forbi. Dens bl\u00f8de tekstur og [&hellip;]<\/p>\n","protected":false},"featured_media":1094536,"template":"","meta":{"_acf_changed":false,"inline_featured_image":false},"product_brand":[],"product_cat":[6996,2841,5456,5025],"product_tag":[],"class_list":{"0":"post-1008615","1":"product","2":"type-product","3":"status-publish","4":"has-post-thumbnail","6":"product_cat-the-buzz-da","7":"product_cat-siddemoebler-da","8":"product_cat-puffer-da","9":"product_cat-bestsellers-da","10":"product_shipping_class-pk","11":"pa_color-lysegrn","12":"pa_material-polyester-100-da","14":"first","15":"outofstock","16":"featured","17":"taxable","18":"shipping-taxable","19":"purchasable","20":"product-type-simple"},"exclude_global_add_ons":[],"addons":[],"acf":[],"yoast_head":"<!-- This site is optimized with the Yoast SEO plugin v26.4 - https:\/\/yoast.com\/wordpress\/plugins\/seo\/ -->\n<title>Marshmellow Puf Small Lysegr\u00f8n - H\u00fcbsch<\/title>\n<meta name=\"description\" content=\"Oplev Marshmellow Puf i en dejlig lys gr\u00f8n \u2013 en klassisk puf, der ubesv\u00e6ret kombinerer stil med funktionalitet. Dette hyggelige vidunder kommer i tre\" \/>\n<meta name=\"robots\" content=\"index, follow, max-snippet:-1, max-image-preview:large, max-video-preview:-1\" \/>\n<link rel=\"canonical\" href=\"https:\/\/hubsch-interior.com\/da\/wp-json\/wp\/v2\/product\/1008615\" \/>\n<meta property=\"og:locale\" content=\"da_DK\" \/>\n<meta property=\"og:type\" content=\"article\" \/>\n<meta property=\"og:title\" content=\"Marshmellow Puf Small Lysegr\u00f8n - H\u00fcbsch\" \/>\n<meta property=\"og:description\" content=\"Oplev Marshmellow Puf i en dejlig lys gr\u00f8n \u2013 en klassisk puf, der ubesv\u00e6ret kombinerer stil med funktionalitet. Dette hyggelige vidunder kommer i tre\" \/>\n<meta property=\"og:url\" content=\"https:\/\/hubsch-interior.com\/da\/vare\/marshmellow-puf-small-lysegron\/\" \/>\n<meta property=\"og:site_name\" content=\"H\u00fcbsch\" \/>\n<meta property=\"article:modified_time\" content=\"2026-04-05T02:21:13+00:00\" \/>\n<meta property=\"og:image\" content=\"https:\/\/hubsch-interior.com\/wp-content\/uploads\/2025\/04\/marshmellow-pouffe-small-light-green-585b624a8143a25b4cf336227679b990.jpg\" \/>\n\t<meta property=\"og:image:width\" content=\"1200\" \/>\n\t<meta property=\"og:image:height\" content=\"1200\" \/>\n\t<meta property=\"og:image:type\" content=\"image\/jpeg\" \/>\n<meta name=\"twitter:card\" content=\"summary_large_image\" \/>\n<script type=\"application\/ld+json\" class=\"yoast-schema-graph\">{\"@context\":\"https:\/\/schema.org\",\"@graph\":[{\"@type\":\"WebPage\",\"@id\":\"https:\/\/hubsch-interior.com\/da\/vare\/marshmellow-puf-small-lysegron\/\",\"url\":\"https:\/\/hubsch-interior.com\/da\/vare\/marshmellow-puf-small-lysegron\/\",\"name\":\"Marshmellow Puf Small Lysegr\u00f8n - H\u00fcbsch\",\"isPartOf\":{\"@id\":\"https:\/\/hubsch-interior.com\/da\/#website\"},\"primaryImageOfPage\":{\"@id\":\"https:\/\/hubsch-interior.com\/da\/vare\/marshmellow-puf-small-lysegron\/#primaryimage\"},\"image\":{\"@id\":\"https:\/\/hubsch-interior.com\/da\/vare\/marshmellow-puf-small-lysegron\/#primaryimage\"},\"thumbnailUrl\":\"https:\/\/hubsch-interior.com\/wp-content\/uploads\/2026\/02\/marshmellow-pouffe-small-light-green-976e4725ce1df2c17efee3bcd4f1c953.jpg\",\"datePublished\":\"2025-01-24T08:24:37+00:00\",\"dateModified\":\"2026-04-05T02:21:13+00:00\",\"description\":\"Oplev Marshmellow Puf i en dejlig lys gr\u00f8n \u2013 en klassisk puf, der ubesv\u00e6ret kombinerer stil med funktionalitet. Dette hyggelige vidunder kommer i tre\",\"breadcrumb\":{\"@id\":\"https:\/\/hubsch-interior.com\/da\/vare\/marshmellow-puf-small-lysegron\/#breadcrumb\"},\"inLanguage\":\"da-DK\",\"potentialAction\":[{\"@type\":\"ReadAction\",\"target\":[\"https:\/\/hubsch-interior.com\/da\/vare\/marshmellow-puf-small-lysegron\/\"]}]},{\"@type\":\"ImageObject\",\"inLanguage\":\"da-DK\",\"@id\":\"https:\/\/hubsch-interior.com\/da\/vare\/marshmellow-puf-small-lysegron\/#primaryimage\",\"url\":\"https:\/\/hubsch-interior.com\/wp-content\/uploads\/2026\/02\/marshmellow-pouffe-small-light-green-976e4725ce1df2c17efee3bcd4f1c953.jpg\",\"contentUrl\":\"https:\/\/hubsch-interior.com\/wp-content\/uploads\/2026\/02\/marshmellow-pouffe-small-light-green-976e4725ce1df2c17efee3bcd4f1c953.jpg\",\"width\":1024,\"height\":1024},{\"@type\":\"BreadcrumbList\",\"@id\":\"https:\/\/hubsch-interior.com\/da\/vare\/marshmellow-puf-small-lysegron\/#breadcrumb\",\"itemListElement\":[{\"@type\":\"ListItem\",\"position\":1,\"name\":\"Forside\",\"item\":\"https:\/\/hubsch-interior.com\/da\/\"},{\"@type\":\"ListItem\",\"position\":2,\"name\":\"Produkter\",\"item\":\"https:\/\/hubsch-interior.com\/da\/produkter\/\"},{\"@type\":\"ListItem\",\"position\":3,\"name\":\"M\u00f8bler\",\"item\":\"https:\/\/hubsch-interior.com\/da\/vare-kategori\/mobler\/\"},{\"@type\":\"ListItem\",\"position\":4,\"name\":\"Siddem&oslash;bler\",\"item\":\"https:\/\/hubsch-interior.com\/da\/vare-kategori\/mobler\/siddemoebler-da\/\"},{\"@type\":\"ListItem\",\"position\":5,\"name\":\"Puffer\",\"item\":\"https:\/\/hubsch-interior.com\/da\/vare-kategori\/mobler\/siddemoebler-da\/puffer-da\/\"},{\"@type\":\"ListItem\",\"position\":6,\"name\":\"Marshmellow Puf Small Lysegr\u00f8n\"}]},{\"@type\":\"WebSite\",\"@id\":\"https:\/\/hubsch-interior.com\/da\/#website\",\"url\":\"https:\/\/hubsch-interior.com\/da\/\",\"name\":\"H\u00fcbsch\",\"description\":\"Danish Home Interior and Design\",\"publisher\":{\"@id\":\"https:\/\/hubsch-interior.com\/da\/#organization\"},\"potentialAction\":[{\"@type\":\"SearchAction\",\"target\":{\"@type\":\"EntryPoint\",\"urlTemplate\":\"https:\/\/hubsch-interior.com\/da\/?s={search_term_string}\"},\"query-input\":{\"@type\":\"PropertyValueSpecification\",\"valueRequired\":true,\"valueName\":\"search_term_string\"}}],\"inLanguage\":\"da-DK\"},{\"@type\":\"Organization\",\"@id\":\"https:\/\/hubsch-interior.com\/da\/#organization\",\"name\":\"H\u00fcbsch\",\"url\":\"https:\/\/hubsch-interior.com\/da\/\",\"logo\":{\"@type\":\"ImageObject\",\"inLanguage\":\"da-DK\",\"@id\":\"https:\/\/hubsch-interior.com\/da\/#\/schema\/logo\/image\/\",\"url\":\"https:\/\/hubsch-interior.com\/wp-content\/uploads\/2022\/12\/Hubsch_logo_black_one_line.svg\",\"contentUrl\":\"https:\/\/hubsch-interior.com\/wp-content\/uploads\/2022\/12\/Hubsch_logo_black_one_line.svg\",\"caption\":\"H\u00fcbsch\"},\"image\":{\"@id\":\"https:\/\/hubsch-interior.com\/da\/#\/schema\/logo\/image\/\"}}]}<\/script>\n<!-- \/ Yoast SEO plugin. -->","yoast_head_json":{"title":"Marshmellow Puf Small Lysegr\u00f8n - H\u00fcbsch","description":"Oplev Marshmellow Puf i en dejlig lys gr\u00f8n \u2013 en klassisk puf, der ubesv\u00e6ret kombinerer stil med funktionalitet. Dette hyggelige vidunder kommer i tre","robots":{"index":"index","follow":"follow","max-snippet":"max-snippet:-1","max-image-preview":"max-image-preview:large","max-video-preview":"max-video-preview:-1"},"canonical":"https:\/\/hubsch-interior.com\/da\/wp-json\/wp\/v2\/product\/1008615","og_locale":"da_DK","og_type":"article","og_title":"Marshmellow Puf Small Lysegr\u00f8n - H\u00fcbsch","og_description":"Oplev Marshmellow Puf i en dejlig lys gr\u00f8n \u2013 en klassisk puf, der ubesv\u00e6ret kombinerer stil med funktionalitet. Dette hyggelige vidunder kommer i tre","og_url":"https:\/\/hubsch-interior.com\/da\/vare\/marshmellow-puf-small-lysegron\/","og_site_name":"H\u00fcbsch","article_modified_time":"2026-04-05T02:21:13+00:00","og_image":[{"width":1200,"height":1200,"url":"https:\/\/hubsch-interior.com\/wp-content\/uploads\/2025\/04\/marshmellow-pouffe-small-light-green-585b624a8143a25b4cf336227679b990.jpg","type":"image\/jpeg"}],"twitter_card":"summary_large_image","schema":{"@context":"https:\/\/schema.org","@graph":[{"@type":"WebPage","@id":"https:\/\/hubsch-interior.com\/da\/vare\/marshmellow-puf-small-lysegron\/","url":"https:\/\/hubsch-interior.com\/da\/vare\/marshmellow-puf-small-lysegron\/","name":"Marshmellow Puf Small Lysegr\u00f8n - H\u00fcbsch","isPartOf":{"@id":"https:\/\/hubsch-interior.com\/da\/#website"},"primaryImageOfPage":{"@id":"https:\/\/hubsch-interior.com\/da\/vare\/marshmellow-puf-small-lysegron\/#primaryimage"},"image":{"@id":"https:\/\/hubsch-interior.com\/da\/vare\/marshmellow-puf-small-lysegron\/#primaryimage"},"thumbnailUrl":"https:\/\/hubsch-interior.com\/wp-content\/uploads\/2026\/02\/marshmellow-pouffe-small-light-green-976e4725ce1df2c17efee3bcd4f1c953.jpg","datePublished":"2025-01-24T08:24:37+00:00","dateModified":"2026-04-05T02:21:13+00:00","description":"Oplev Marshmellow Puf i en dejlig lys gr\u00f8n \u2013 en klassisk puf, der ubesv\u00e6ret kombinerer stil med funktionalitet. Dette hyggelige vidunder kommer i tre","breadcrumb":{"@id":"https:\/\/hubsch-interior.com\/da\/vare\/marshmellow-puf-small-lysegron\/#breadcrumb"},"inLanguage":"da-DK","potentialAction":[{"@type":"ReadAction","target":["https:\/\/hubsch-interior.com\/da\/vare\/marshmellow-puf-small-lysegron\/"]}]},{"@type":"ImageObject","inLanguage":"da-DK","@id":"https:\/\/hubsch-interior.com\/da\/vare\/marshmellow-puf-small-lysegron\/#primaryimage","url":"https:\/\/hubsch-interior.com\/wp-content\/uploads\/2026\/02\/marshmellow-pouffe-small-light-green-976e4725ce1df2c17efee3bcd4f1c953.jpg","contentUrl":"https:\/\/hubsch-interior.com\/wp-content\/uploads\/2026\/02\/marshmellow-pouffe-small-light-green-976e4725ce1df2c17efee3bcd4f1c953.jpg","width":1024,"height":1024},{"@type":"BreadcrumbList","@id":"https:\/\/hubsch-interior.com\/da\/vare\/marshmellow-puf-small-lysegron\/#breadcrumb","itemListElement":[{"@type":"ListItem","position":1,"name":"Forside","item":"https:\/\/hubsch-interior.com\/da\/"},{"@type":"ListItem","position":2,"name":"Produkter","item":"https:\/\/hubsch-interior.com\/da\/produkter\/"},{"@type":"ListItem","position":3,"name":"M\u00f8bler","item":"https:\/\/hubsch-interior.com\/da\/vare-kategori\/mobler\/"},{"@type":"ListItem","position":4,"name":"Siddem&oslash;bler","item":"https:\/\/hubsch-interior.com\/da\/vare-kategori\/mobler\/siddemoebler-da\/"},{"@type":"ListItem","position":5,"name":"Puffer","item":"https:\/\/hubsch-interior.com\/da\/vare-kategori\/mobler\/siddemoebler-da\/puffer-da\/"},{"@type":"ListItem","position":6,"name":"Marshmellow Puf Small Lysegr\u00f8n"}]},{"@type":"WebSite","@id":"https:\/\/hubsch-interior.com\/da\/#website","url":"https:\/\/hubsch-interior.com\/da\/","name":"H\u00fcbsch","description":"Danish Home Interior and Design","publisher":{"@id":"https:\/\/hubsch-interior.com\/da\/#organization"},"potentialAction":[{"@type":"SearchAction","target":{"@type":"EntryPoint","urlTemplate":"https:\/\/hubsch-interior.com\/da\/?s={search_term_string}"},"query-input":{"@type":"PropertyValueSpecification","valueRequired":true,"valueName":"search_term_string"}}],"inLanguage":"da-DK"},{"@type":"Organization","@id":"https:\/\/hubsch-interior.com\/da\/#organization","name":"H\u00fcbsch","url":"https:\/\/hubsch-interior.com\/da\/","logo":{"@type":"ImageObject","inLanguage":"da-DK","@id":"https:\/\/hubsch-interior.com\/da\/#\/schema\/logo\/image\/","url":"https:\/\/hubsch-interior.com\/wp-content\/uploads\/2022\/12\/Hubsch_logo_black_one_line.svg","contentUrl":"https:\/\/hubsch-interior.com\/wp-content\/uploads\/2022\/12\/Hubsch_logo_black_one_line.svg","caption":"H\u00fcbsch"},"image":{"@id":"https:\/\/hubsch-interior.com\/da\/#\/schema\/logo\/image\/"}}]}},"_links":{"self":[{"href":"https:\/\/hubsch-interior.com\/da\/wp-json\/wp\/v2\/product\/1008615","targetHints":{"allow":["GET"]}}],"collection":[{"href":"https:\/\/hubsch-interior.com\/da\/wp-json\/wp\/v2\/product"}],"about":[{"href":"https:\/\/hubsch-interior.com\/da\/wp-json\/wp\/v2\/types\/product"}],"wp:featuredmedia":[{"embeddable":true,"href":"https:\/\/hubsch-interior.com\/da\/wp-json\/wp\/v2\/media\/1094536"}],"wp:attachment":[{"href":"https:\/\/hubsch-interior.com\/da\/wp-json\/wp\/v2\/media?parent=1008615"}],"wp:term":[{"taxonomy":"product_brand","embeddable":true,"href":"https:\/\/hubsch-interior.com\/da\/wp-json\/wp\/v2\/product_brand?post=1008615"},{"taxonomy":"product_cat","embeddable":true,"href":"https:\/\/hubsch-interior.com\/da\/wp-json\/wp\/v2\/product_cat?post=1008615"},{"taxonomy":"product_tag","embeddable":true,"href":"https:\/\/hubsch-interior.com\/da\/wp-json\/wp\/v2\/product_tag?post=1008615"}],"curies":[{"name":"wp","href":"https:\/\/api.w.org\/{rel}","templated":true}]}}