{"id":1008648,"date":"2025-01-24T09:26:04","date_gmt":"2025-01-24T08:26:04","guid":{"rendered":"https:\/\/hubsch-interior.com\/product\/product\/"},"modified":"2026-04-05T04:21:21","modified_gmt":"2026-04-05T02:21:21","slug":"muted-stolehynde-morkegra","status":"publish","type":"product","link":"https:\/\/hubsch-interior.com\/da\/vare\/muted-stolehynde-morkegra\/","title":{"rendered":"Muted Stolehynde M\u00f8rkegr\u00e5"},"content":{"rendered":"<p>Muted Stolehynde &#8211; et perfekt valg for at tilf\u00f8je lidt ekstra komfort til din spisebordsstol eller b\u00e6nk. Fremstillet af holdbart polyester, tilbyder denne dejlige hynde ikke kun komfort, men ogs\u00e5 bekvemmelighed, da du ubesv\u00e6ret kan placere og fjerne den efter behov. Tilg\u00e6ngelig i tre charmerende varianter, sikrer den, at vi alle kan nyde lidt ekstra komfort, ogs\u00e5 mens vi spiser. V\u00e6lg denne elegante tilf\u00f8jelse i dag og forvandl din indend\u00f8rs siddeplads til et tilflugtssted af bl\u00f8dhed og stil.<\/p>\n","protected":false},"excerpt":{"rendered":"<p>Muted Stolehynde &#8211; et perfekt valg for at tilf\u00f8je lidt ekstra komfort til din spisebordsstol eller b\u00e6nk. Fremstillet af holdbart polyester, tilbyder denne dejlige hynde ikke kun komfort, men ogs\u00e5 bekvemmelighed, da du ubesv\u00e6ret kan placere og fjerne den efter behov. Tilg\u00e6ngelig i tre charmerende varianter, sikrer den, at vi alle kan nyde lidt ekstra [&hellip;]<\/p>\n","protected":false},"featured_media":1094552,"template":"","meta":{"_acf_changed":false,"inline_featured_image":false},"product_brand":[],"product_cat":[6996,6321,3000,3001,5025],"product_tag":[],"class_list":{"0":"post-1008648","1":"product","2":"type-product","3":"status-publish","4":"has-post-thumbnail","6":"product_cat-the-buzz-da","7":"product_cat-fsc-da","8":"product_cat-tekstiler","9":"product_cat-puder-da","10":"product_cat-bestsellers-da","11":"product_shipping_class-pk","13":"pa_color-mrkegr","14":"pa_material-polyester-100-da","16":"first","17":"instock","18":"featured","19":"taxable","20":"shipping-taxable","21":"purchasable","22":"product-type-simple"},"exclude_global_add_ons":[],"addons":[],"acf":[],"yoast_head":"<!-- This site is optimized with the Yoast SEO plugin v26.4 - https:\/\/yoast.com\/wordpress\/plugins\/seo\/ -->\n<title>Muted Stolehynde M\u00f8rkegr\u00e5 - H\u00fcbsch<\/title>\n<meta name=\"description\" content=\"Muted Stolehynde - et perfekt valg for at tilf\u00f8je lidt ekstra komfort til din spisebordsstol eller b\u00e6nk. Fremstillet af holdbart polyester, tilbyder denne\" \/>\n<meta name=\"robots\" content=\"index, follow, max-snippet:-1, max-image-preview:large, max-video-preview:-1\" \/>\n<link rel=\"canonical\" href=\"https:\/\/hubsch-interior.com\/da\/wp-json\/wp\/v2\/product\/1008648\" \/>\n<meta property=\"og:locale\" content=\"da_DK\" \/>\n<meta property=\"og:type\" content=\"article\" \/>\n<meta property=\"og:title\" content=\"Muted Stolehynde M\u00f8rkegr\u00e5 - H\u00fcbsch\" \/>\n<meta property=\"og:description\" content=\"Muted Stolehynde - et perfekt valg for at tilf\u00f8je lidt ekstra komfort til din spisebordsstol eller b\u00e6nk. Fremstillet af holdbart polyester, tilbyder denne\" \/>\n<meta property=\"og:url\" content=\"https:\/\/hubsch-interior.com\/da\/vare\/muted-stolehynde-morkegra\/\" \/>\n<meta property=\"og:site_name\" content=\"H\u00fcbsch\" \/>\n<meta property=\"article:modified_time\" content=\"2026-04-05T02:21:21+00:00\" \/>\n<meta property=\"og:image\" content=\"https:\/\/hubsch-interior.com\/wp-content\/uploads\/2025\/04\/muted-seat-cushion-dark-grey-c732aa96ace3f5ff24c2bd933973a1e1.jpg\" \/>\n\t<meta property=\"og:image:width\" content=\"1200\" \/>\n\t<meta property=\"og:image:height\" content=\"1200\" \/>\n\t<meta property=\"og:image:type\" content=\"image\/jpeg\" \/>\n<meta name=\"twitter:card\" content=\"summary_large_image\" \/>\n<script type=\"application\/ld+json\" class=\"yoast-schema-graph\">{\"@context\":\"https:\/\/schema.org\",\"@graph\":[{\"@type\":\"WebPage\",\"@id\":\"https:\/\/hubsch-interior.com\/da\/vare\/muted-stolehynde-morkegra\/\",\"url\":\"https:\/\/hubsch-interior.com\/da\/vare\/muted-stolehynde-morkegra\/\",\"name\":\"Muted Stolehynde M\u00f8rkegr\u00e5 - H\u00fcbsch\",\"isPartOf\":{\"@id\":\"https:\/\/hubsch-interior.com\/da\/#website\"},\"primaryImageOfPage\":{\"@id\":\"https:\/\/hubsch-interior.com\/da\/vare\/muted-stolehynde-morkegra\/#primaryimage\"},\"image\":{\"@id\":\"https:\/\/hubsch-interior.com\/da\/vare\/muted-stolehynde-morkegra\/#primaryimage\"},\"thumbnailUrl\":\"https:\/\/hubsch-interior.com\/wp-content\/uploads\/2026\/02\/muted-seat-cushion-dark-grey-a510bf7306d261375f3dfa19d9a71ebd.jpg\",\"datePublished\":\"2025-01-24T08:26:04+00:00\",\"dateModified\":\"2026-04-05T02:21:21+00:00\",\"description\":\"Muted Stolehynde - et perfekt valg for at tilf\u00f8je lidt ekstra komfort til din spisebordsstol eller b\u00e6nk. Fremstillet af holdbart polyester, tilbyder denne\",\"breadcrumb\":{\"@id\":\"https:\/\/hubsch-interior.com\/da\/vare\/muted-stolehynde-morkegra\/#breadcrumb\"},\"inLanguage\":\"da-DK\",\"potentialAction\":[{\"@type\":\"ReadAction\",\"target\":[\"https:\/\/hubsch-interior.com\/da\/vare\/muted-stolehynde-morkegra\/\"]}]},{\"@type\":\"ImageObject\",\"inLanguage\":\"da-DK\",\"@id\":\"https:\/\/hubsch-interior.com\/da\/vare\/muted-stolehynde-morkegra\/#primaryimage\",\"url\":\"https:\/\/hubsch-interior.com\/wp-content\/uploads\/2026\/02\/muted-seat-cushion-dark-grey-a510bf7306d261375f3dfa19d9a71ebd.jpg\",\"contentUrl\":\"https:\/\/hubsch-interior.com\/wp-content\/uploads\/2026\/02\/muted-seat-cushion-dark-grey-a510bf7306d261375f3dfa19d9a71ebd.jpg\",\"width\":1024,\"height\":1024},{\"@type\":\"BreadcrumbList\",\"@id\":\"https:\/\/hubsch-interior.com\/da\/vare\/muted-stolehynde-morkegra\/#breadcrumb\",\"itemListElement\":[{\"@type\":\"ListItem\",\"position\":1,\"name\":\"Forside\",\"item\":\"https:\/\/hubsch-interior.com\/da\/\"},{\"@type\":\"ListItem\",\"position\":2,\"name\":\"Produkter\",\"item\":\"https:\/\/hubsch-interior.com\/da\/produkter\/\"},{\"@type\":\"ListItem\",\"position\":3,\"name\":\"Tekstiler\",\"item\":\"https:\/\/hubsch-interior.com\/da\/vare-kategori\/tekstiler\/\"},{\"@type\":\"ListItem\",\"position\":4,\"name\":\"Puder\",\"item\":\"https:\/\/hubsch-interior.com\/da\/vare-kategori\/tekstiler\/puder-da\/\"},{\"@type\":\"ListItem\",\"position\":5,\"name\":\"Muted Stolehynde M\u00f8rkegr\u00e5\"}]},{\"@type\":\"WebSite\",\"@id\":\"https:\/\/hubsch-interior.com\/da\/#website\",\"url\":\"https:\/\/hubsch-interior.com\/da\/\",\"name\":\"H\u00fcbsch\",\"description\":\"Danish Home Interior and Design\",\"publisher\":{\"@id\":\"https:\/\/hubsch-interior.com\/da\/#organization\"},\"potentialAction\":[{\"@type\":\"SearchAction\",\"target\":{\"@type\":\"EntryPoint\",\"urlTemplate\":\"https:\/\/hubsch-interior.com\/da\/?s={search_term_string}\"},\"query-input\":{\"@type\":\"PropertyValueSpecification\",\"valueRequired\":true,\"valueName\":\"search_term_string\"}}],\"inLanguage\":\"da-DK\"},{\"@type\":\"Organization\",\"@id\":\"https:\/\/hubsch-interior.com\/da\/#organization\",\"name\":\"H\u00fcbsch\",\"url\":\"https:\/\/hubsch-interior.com\/da\/\",\"logo\":{\"@type\":\"ImageObject\",\"inLanguage\":\"da-DK\",\"@id\":\"https:\/\/hubsch-interior.com\/da\/#\/schema\/logo\/image\/\",\"url\":\"https:\/\/hubsch-interior.com\/wp-content\/uploads\/2022\/12\/Hubsch_logo_black_one_line.svg\",\"contentUrl\":\"https:\/\/hubsch-interior.com\/wp-content\/uploads\/2022\/12\/Hubsch_logo_black_one_line.svg\",\"caption\":\"H\u00fcbsch\"},\"image\":{\"@id\":\"https:\/\/hubsch-interior.com\/da\/#\/schema\/logo\/image\/\"}}]}<\/script>\n<!-- \/ Yoast SEO plugin. -->","yoast_head_json":{"title":"Muted Stolehynde M\u00f8rkegr\u00e5 - H\u00fcbsch","description":"Muted Stolehynde - et perfekt valg for at tilf\u00f8je lidt ekstra komfort til din spisebordsstol eller b\u00e6nk. Fremstillet af holdbart polyester, tilbyder denne","robots":{"index":"index","follow":"follow","max-snippet":"max-snippet:-1","max-image-preview":"max-image-preview:large","max-video-preview":"max-video-preview:-1"},"canonical":"https:\/\/hubsch-interior.com\/da\/wp-json\/wp\/v2\/product\/1008648","og_locale":"da_DK","og_type":"article","og_title":"Muted Stolehynde M\u00f8rkegr\u00e5 - H\u00fcbsch","og_description":"Muted Stolehynde - et perfekt valg for at tilf\u00f8je lidt ekstra komfort til din spisebordsstol eller b\u00e6nk. Fremstillet af holdbart polyester, tilbyder denne","og_url":"https:\/\/hubsch-interior.com\/da\/vare\/muted-stolehynde-morkegra\/","og_site_name":"H\u00fcbsch","article_modified_time":"2026-04-05T02:21:21+00:00","og_image":[{"width":1200,"height":1200,"url":"https:\/\/hubsch-interior.com\/wp-content\/uploads\/2025\/04\/muted-seat-cushion-dark-grey-c732aa96ace3f5ff24c2bd933973a1e1.jpg","type":"image\/jpeg"}],"twitter_card":"summary_large_image","schema":{"@context":"https:\/\/schema.org","@graph":[{"@type":"WebPage","@id":"https:\/\/hubsch-interior.com\/da\/vare\/muted-stolehynde-morkegra\/","url":"https:\/\/hubsch-interior.com\/da\/vare\/muted-stolehynde-morkegra\/","name":"Muted Stolehynde M\u00f8rkegr\u00e5 - H\u00fcbsch","isPartOf":{"@id":"https:\/\/hubsch-interior.com\/da\/#website"},"primaryImageOfPage":{"@id":"https:\/\/hubsch-interior.com\/da\/vare\/muted-stolehynde-morkegra\/#primaryimage"},"image":{"@id":"https:\/\/hubsch-interior.com\/da\/vare\/muted-stolehynde-morkegra\/#primaryimage"},"thumbnailUrl":"https:\/\/hubsch-interior.com\/wp-content\/uploads\/2026\/02\/muted-seat-cushion-dark-grey-a510bf7306d261375f3dfa19d9a71ebd.jpg","datePublished":"2025-01-24T08:26:04+00:00","dateModified":"2026-04-05T02:21:21+00:00","description":"Muted Stolehynde - et perfekt valg for at tilf\u00f8je lidt ekstra komfort til din spisebordsstol eller b\u00e6nk. Fremstillet af holdbart polyester, tilbyder denne","breadcrumb":{"@id":"https:\/\/hubsch-interior.com\/da\/vare\/muted-stolehynde-morkegra\/#breadcrumb"},"inLanguage":"da-DK","potentialAction":[{"@type":"ReadAction","target":["https:\/\/hubsch-interior.com\/da\/vare\/muted-stolehynde-morkegra\/"]}]},{"@type":"ImageObject","inLanguage":"da-DK","@id":"https:\/\/hubsch-interior.com\/da\/vare\/muted-stolehynde-morkegra\/#primaryimage","url":"https:\/\/hubsch-interior.com\/wp-content\/uploads\/2026\/02\/muted-seat-cushion-dark-grey-a510bf7306d261375f3dfa19d9a71ebd.jpg","contentUrl":"https:\/\/hubsch-interior.com\/wp-content\/uploads\/2026\/02\/muted-seat-cushion-dark-grey-a510bf7306d261375f3dfa19d9a71ebd.jpg","width":1024,"height":1024},{"@type":"BreadcrumbList","@id":"https:\/\/hubsch-interior.com\/da\/vare\/muted-stolehynde-morkegra\/#breadcrumb","itemListElement":[{"@type":"ListItem","position":1,"name":"Forside","item":"https:\/\/hubsch-interior.com\/da\/"},{"@type":"ListItem","position":2,"name":"Produkter","item":"https:\/\/hubsch-interior.com\/da\/produkter\/"},{"@type":"ListItem","position":3,"name":"Tekstiler","item":"https:\/\/hubsch-interior.com\/da\/vare-kategori\/tekstiler\/"},{"@type":"ListItem","position":4,"name":"Puder","item":"https:\/\/hubsch-interior.com\/da\/vare-kategori\/tekstiler\/puder-da\/"},{"@type":"ListItem","position":5,"name":"Muted Stolehynde M\u00f8rkegr\u00e5"}]},{"@type":"WebSite","@id":"https:\/\/hubsch-interior.com\/da\/#website","url":"https:\/\/hubsch-interior.com\/da\/","name":"H\u00fcbsch","description":"Danish Home Interior and Design","publisher":{"@id":"https:\/\/hubsch-interior.com\/da\/#organization"},"potentialAction":[{"@type":"SearchAction","target":{"@type":"EntryPoint","urlTemplate":"https:\/\/hubsch-interior.com\/da\/?s={search_term_string}"},"query-input":{"@type":"PropertyValueSpecification","valueRequired":true,"valueName":"search_term_string"}}],"inLanguage":"da-DK"},{"@type":"Organization","@id":"https:\/\/hubsch-interior.com\/da\/#organization","name":"H\u00fcbsch","url":"https:\/\/hubsch-interior.com\/da\/","logo":{"@type":"ImageObject","inLanguage":"da-DK","@id":"https:\/\/hubsch-interior.com\/da\/#\/schema\/logo\/image\/","url":"https:\/\/hubsch-interior.com\/wp-content\/uploads\/2022\/12\/Hubsch_logo_black_one_line.svg","contentUrl":"https:\/\/hubsch-interior.com\/wp-content\/uploads\/2022\/12\/Hubsch_logo_black_one_line.svg","caption":"H\u00fcbsch"},"image":{"@id":"https:\/\/hubsch-interior.com\/da\/#\/schema\/logo\/image\/"}}]}},"_links":{"self":[{"href":"https:\/\/hubsch-interior.com\/da\/wp-json\/wp\/v2\/product\/1008648","targetHints":{"allow":["GET"]}}],"collection":[{"href":"https:\/\/hubsch-interior.com\/da\/wp-json\/wp\/v2\/product"}],"about":[{"href":"https:\/\/hubsch-interior.com\/da\/wp-json\/wp\/v2\/types\/product"}],"wp:featuredmedia":[{"embeddable":true,"href":"https:\/\/hubsch-interior.com\/da\/wp-json\/wp\/v2\/media\/1094552"}],"wp:attachment":[{"href":"https:\/\/hubsch-interior.com\/da\/wp-json\/wp\/v2\/media?parent=1008648"}],"wp:term":[{"taxonomy":"product_brand","embeddable":true,"href":"https:\/\/hubsch-interior.com\/da\/wp-json\/wp\/v2\/product_brand?post=1008648"},{"taxonomy":"product_cat","embeddable":true,"href":"https:\/\/hubsch-interior.com\/da\/wp-json\/wp\/v2\/product_cat?post=1008648"},{"taxonomy":"product_tag","embeddable":true,"href":"https:\/\/hubsch-interior.com\/da\/wp-json\/wp\/v2\/product_tag?post=1008648"}],"curies":[{"name":"wp","href":"https:\/\/api.w.org\/{rel}","templated":true}]}}