{"id":1008673,"date":"2025-01-24T09:26:50","date_gmt":"2025-01-24T08:26:50","guid":{"rendered":"https:\/\/hubsch-interior.com\/product\/product\/"},"modified":"2026-04-05T04:21:24","modified_gmt":"2026-04-05T02:21:24","slug":"marshmellow-puf-large-lysegron","status":"publish","type":"product","link":"https:\/\/hubsch-interior.com\/da\/vare\/marshmellow-puf-large-lysegron\/","title":{"rendered":"Marshmellow Puf Large Lysegr\u00f8n"},"content":{"rendered":"<p>Vi pr\u00e6senterer Marshmellow Puf &#8211; en klassisk puf, der ubesv\u00e6ret forener stil med funktionalitet. Tilg\u00e6ngelig i tre dejlige varianter, er denne puf fremstillet af f\u00f8rsteklasses polyester, hvilket sikrer holdbarhed og nem vedligeholdelse. Uanset om du s\u00f8ger en behagelig ekstra siddeplads eller en solid fodskammel, tilbyder denne puf begge dele, hvilket g\u00f8r den til en perfekt tilf\u00f8jelse til dit hjem. Ideel til hyggelige aftener eller som et charmerende indslag i ethvert rum.<\/p>\n","protected":false},"excerpt":{"rendered":"<p>Vi pr\u00e6senterer Marshmellow Puf &#8211; en klassisk puf, der ubesv\u00e6ret forener stil med funktionalitet. Tilg\u00e6ngelig i tre dejlige varianter, er denne puf fremstillet af f\u00f8rsteklasses polyester, hvilket sikrer holdbarhed og nem vedligeholdelse. Uanset om du s\u00f8ger en behagelig ekstra siddeplads eller en solid fodskammel, tilbyder denne puf begge dele, hvilket g\u00f8r den til en perfekt [&hellip;]<\/p>\n","protected":false},"featured_media":1094576,"template":"","meta":{"_acf_changed":false,"inline_featured_image":false},"product_brand":[],"product_cat":[6996,2841,5456,5025],"product_tag":[],"class_list":{"0":"post-1008673","1":"product","2":"type-product","3":"status-publish","4":"has-post-thumbnail","6":"product_cat-the-buzz-da","7":"product_cat-siddemoebler-da","8":"product_cat-puffer-da","9":"product_cat-bestsellers-da","10":"product_shipping_class-pk","12":"pa_color-lysegrn","13":"pa_material-polyester-100-da","15":"first","16":"outofstock","17":"featured","18":"taxable","19":"shipping-taxable","20":"purchasable","21":"product-type-simple"},"exclude_global_add_ons":[],"addons":[],"acf":[],"yoast_head":"<!-- This site is optimized with the Yoast SEO plugin v26.4 - https:\/\/yoast.com\/wordpress\/plugins\/seo\/ -->\n<title>Marshmellow Puf Large Lysegr\u00f8n - H\u00fcbsch<\/title>\n<meta name=\"description\" content=\"Vi pr\u00e6senterer Marshmellow Puf - en klassisk puf, der ubesv\u00e6ret forener stil med funktionalitet. Tilg\u00e6ngelig i tre dejlige varianter, er denne puf\" \/>\n<meta name=\"robots\" content=\"index, follow, max-snippet:-1, max-image-preview:large, max-video-preview:-1\" \/>\n<link rel=\"canonical\" href=\"https:\/\/hubsch-interior.com\/da\/wp-json\/wp\/v2\/product\/1008673\" \/>\n<meta property=\"og:locale\" content=\"da_DK\" \/>\n<meta property=\"og:type\" content=\"article\" \/>\n<meta property=\"og:title\" content=\"Marshmellow Puf Large Lysegr\u00f8n - H\u00fcbsch\" \/>\n<meta property=\"og:description\" content=\"Vi pr\u00e6senterer Marshmellow Puf - en klassisk puf, der ubesv\u00e6ret forener stil med funktionalitet. Tilg\u00e6ngelig i tre dejlige varianter, er denne puf\" \/>\n<meta property=\"og:url\" content=\"https:\/\/hubsch-interior.com\/da\/vare\/marshmellow-puf-large-lysegron\/\" \/>\n<meta property=\"og:site_name\" content=\"H\u00fcbsch\" \/>\n<meta property=\"article:modified_time\" content=\"2026-04-05T02:21:24+00:00\" \/>\n<meta property=\"og:image\" content=\"https:\/\/hubsch-interior.com\/wp-content\/uploads\/2025\/04\/marshmellow-pouffe-large-light-green-6cfd20776a4c7757cd1a8e38d819a5ae.jpg\" \/>\n\t<meta property=\"og:image:width\" content=\"1200\" \/>\n\t<meta property=\"og:image:height\" content=\"1200\" \/>\n\t<meta property=\"og:image:type\" content=\"image\/jpeg\" \/>\n<meta name=\"twitter:card\" content=\"summary_large_image\" \/>\n<script type=\"application\/ld+json\" class=\"yoast-schema-graph\">{\"@context\":\"https:\/\/schema.org\",\"@graph\":[{\"@type\":\"WebPage\",\"@id\":\"https:\/\/hubsch-interior.com\/da\/vare\/marshmellow-puf-large-lysegron\/\",\"url\":\"https:\/\/hubsch-interior.com\/da\/vare\/marshmellow-puf-large-lysegron\/\",\"name\":\"Marshmellow Puf Large Lysegr\u00f8n - H\u00fcbsch\",\"isPartOf\":{\"@id\":\"https:\/\/hubsch-interior.com\/da\/#website\"},\"primaryImageOfPage\":{\"@id\":\"https:\/\/hubsch-interior.com\/da\/vare\/marshmellow-puf-large-lysegron\/#primaryimage\"},\"image\":{\"@id\":\"https:\/\/hubsch-interior.com\/da\/vare\/marshmellow-puf-large-lysegron\/#primaryimage\"},\"thumbnailUrl\":\"https:\/\/hubsch-interior.com\/wp-content\/uploads\/2026\/02\/marshmellow-pouffe-large-light-green-ea30177b8ef03706103818bc5ecc6734.jpg\",\"datePublished\":\"2025-01-24T08:26:50+00:00\",\"dateModified\":\"2026-04-05T02:21:24+00:00\",\"description\":\"Vi pr\u00e6senterer Marshmellow Puf - en klassisk puf, der ubesv\u00e6ret forener stil med funktionalitet. Tilg\u00e6ngelig i tre dejlige varianter, er denne puf\",\"breadcrumb\":{\"@id\":\"https:\/\/hubsch-interior.com\/da\/vare\/marshmellow-puf-large-lysegron\/#breadcrumb\"},\"inLanguage\":\"da-DK\",\"potentialAction\":[{\"@type\":\"ReadAction\",\"target\":[\"https:\/\/hubsch-interior.com\/da\/vare\/marshmellow-puf-large-lysegron\/\"]}]},{\"@type\":\"ImageObject\",\"inLanguage\":\"da-DK\",\"@id\":\"https:\/\/hubsch-interior.com\/da\/vare\/marshmellow-puf-large-lysegron\/#primaryimage\",\"url\":\"https:\/\/hubsch-interior.com\/wp-content\/uploads\/2026\/02\/marshmellow-pouffe-large-light-green-ea30177b8ef03706103818bc5ecc6734.jpg\",\"contentUrl\":\"https:\/\/hubsch-interior.com\/wp-content\/uploads\/2026\/02\/marshmellow-pouffe-large-light-green-ea30177b8ef03706103818bc5ecc6734.jpg\",\"width\":1024,\"height\":1024},{\"@type\":\"BreadcrumbList\",\"@id\":\"https:\/\/hubsch-interior.com\/da\/vare\/marshmellow-puf-large-lysegron\/#breadcrumb\",\"itemListElement\":[{\"@type\":\"ListItem\",\"position\":1,\"name\":\"Forside\",\"item\":\"https:\/\/hubsch-interior.com\/da\/\"},{\"@type\":\"ListItem\",\"position\":2,\"name\":\"Produkter\",\"item\":\"https:\/\/hubsch-interior.com\/da\/produkter\/\"},{\"@type\":\"ListItem\",\"position\":3,\"name\":\"M\u00f8bler\",\"item\":\"https:\/\/hubsch-interior.com\/da\/vare-kategori\/mobler\/\"},{\"@type\":\"ListItem\",\"position\":4,\"name\":\"Siddem&oslash;bler\",\"item\":\"https:\/\/hubsch-interior.com\/da\/vare-kategori\/mobler\/siddemoebler-da\/\"},{\"@type\":\"ListItem\",\"position\":5,\"name\":\"Puffer\",\"item\":\"https:\/\/hubsch-interior.com\/da\/vare-kategori\/mobler\/siddemoebler-da\/puffer-da\/\"},{\"@type\":\"ListItem\",\"position\":6,\"name\":\"Marshmellow Puf Large Lysegr\u00f8n\"}]},{\"@type\":\"WebSite\",\"@id\":\"https:\/\/hubsch-interior.com\/da\/#website\",\"url\":\"https:\/\/hubsch-interior.com\/da\/\",\"name\":\"H\u00fcbsch\",\"description\":\"Danish Home Interior and Design\",\"publisher\":{\"@id\":\"https:\/\/hubsch-interior.com\/da\/#organization\"},\"potentialAction\":[{\"@type\":\"SearchAction\",\"target\":{\"@type\":\"EntryPoint\",\"urlTemplate\":\"https:\/\/hubsch-interior.com\/da\/?s={search_term_string}\"},\"query-input\":{\"@type\":\"PropertyValueSpecification\",\"valueRequired\":true,\"valueName\":\"search_term_string\"}}],\"inLanguage\":\"da-DK\"},{\"@type\":\"Organization\",\"@id\":\"https:\/\/hubsch-interior.com\/da\/#organization\",\"name\":\"H\u00fcbsch\",\"url\":\"https:\/\/hubsch-interior.com\/da\/\",\"logo\":{\"@type\":\"ImageObject\",\"inLanguage\":\"da-DK\",\"@id\":\"https:\/\/hubsch-interior.com\/da\/#\/schema\/logo\/image\/\",\"url\":\"https:\/\/hubsch-interior.com\/wp-content\/uploads\/2022\/12\/Hubsch_logo_black_one_line.svg\",\"contentUrl\":\"https:\/\/hubsch-interior.com\/wp-content\/uploads\/2022\/12\/Hubsch_logo_black_one_line.svg\",\"caption\":\"H\u00fcbsch\"},\"image\":{\"@id\":\"https:\/\/hubsch-interior.com\/da\/#\/schema\/logo\/image\/\"}}]}<\/script>\n<!-- \/ Yoast SEO plugin. -->","yoast_head_json":{"title":"Marshmellow Puf Large Lysegr\u00f8n - H\u00fcbsch","description":"Vi pr\u00e6senterer Marshmellow Puf - en klassisk puf, der ubesv\u00e6ret forener stil med funktionalitet. Tilg\u00e6ngelig i tre dejlige varianter, er denne puf","robots":{"index":"index","follow":"follow","max-snippet":"max-snippet:-1","max-image-preview":"max-image-preview:large","max-video-preview":"max-video-preview:-1"},"canonical":"https:\/\/hubsch-interior.com\/da\/wp-json\/wp\/v2\/product\/1008673","og_locale":"da_DK","og_type":"article","og_title":"Marshmellow Puf Large Lysegr\u00f8n - H\u00fcbsch","og_description":"Vi pr\u00e6senterer Marshmellow Puf - en klassisk puf, der ubesv\u00e6ret forener stil med funktionalitet. Tilg\u00e6ngelig i tre dejlige varianter, er denne puf","og_url":"https:\/\/hubsch-interior.com\/da\/vare\/marshmellow-puf-large-lysegron\/","og_site_name":"H\u00fcbsch","article_modified_time":"2026-04-05T02:21:24+00:00","og_image":[{"width":1200,"height":1200,"url":"https:\/\/hubsch-interior.com\/wp-content\/uploads\/2025\/04\/marshmellow-pouffe-large-light-green-6cfd20776a4c7757cd1a8e38d819a5ae.jpg","type":"image\/jpeg"}],"twitter_card":"summary_large_image","schema":{"@context":"https:\/\/schema.org","@graph":[{"@type":"WebPage","@id":"https:\/\/hubsch-interior.com\/da\/vare\/marshmellow-puf-large-lysegron\/","url":"https:\/\/hubsch-interior.com\/da\/vare\/marshmellow-puf-large-lysegron\/","name":"Marshmellow Puf Large Lysegr\u00f8n - H\u00fcbsch","isPartOf":{"@id":"https:\/\/hubsch-interior.com\/da\/#website"},"primaryImageOfPage":{"@id":"https:\/\/hubsch-interior.com\/da\/vare\/marshmellow-puf-large-lysegron\/#primaryimage"},"image":{"@id":"https:\/\/hubsch-interior.com\/da\/vare\/marshmellow-puf-large-lysegron\/#primaryimage"},"thumbnailUrl":"https:\/\/hubsch-interior.com\/wp-content\/uploads\/2026\/02\/marshmellow-pouffe-large-light-green-ea30177b8ef03706103818bc5ecc6734.jpg","datePublished":"2025-01-24T08:26:50+00:00","dateModified":"2026-04-05T02:21:24+00:00","description":"Vi pr\u00e6senterer Marshmellow Puf - en klassisk puf, der ubesv\u00e6ret forener stil med funktionalitet. Tilg\u00e6ngelig i tre dejlige varianter, er denne puf","breadcrumb":{"@id":"https:\/\/hubsch-interior.com\/da\/vare\/marshmellow-puf-large-lysegron\/#breadcrumb"},"inLanguage":"da-DK","potentialAction":[{"@type":"ReadAction","target":["https:\/\/hubsch-interior.com\/da\/vare\/marshmellow-puf-large-lysegron\/"]}]},{"@type":"ImageObject","inLanguage":"da-DK","@id":"https:\/\/hubsch-interior.com\/da\/vare\/marshmellow-puf-large-lysegron\/#primaryimage","url":"https:\/\/hubsch-interior.com\/wp-content\/uploads\/2026\/02\/marshmellow-pouffe-large-light-green-ea30177b8ef03706103818bc5ecc6734.jpg","contentUrl":"https:\/\/hubsch-interior.com\/wp-content\/uploads\/2026\/02\/marshmellow-pouffe-large-light-green-ea30177b8ef03706103818bc5ecc6734.jpg","width":1024,"height":1024},{"@type":"BreadcrumbList","@id":"https:\/\/hubsch-interior.com\/da\/vare\/marshmellow-puf-large-lysegron\/#breadcrumb","itemListElement":[{"@type":"ListItem","position":1,"name":"Forside","item":"https:\/\/hubsch-interior.com\/da\/"},{"@type":"ListItem","position":2,"name":"Produkter","item":"https:\/\/hubsch-interior.com\/da\/produkter\/"},{"@type":"ListItem","position":3,"name":"M\u00f8bler","item":"https:\/\/hubsch-interior.com\/da\/vare-kategori\/mobler\/"},{"@type":"ListItem","position":4,"name":"Siddem&oslash;bler","item":"https:\/\/hubsch-interior.com\/da\/vare-kategori\/mobler\/siddemoebler-da\/"},{"@type":"ListItem","position":5,"name":"Puffer","item":"https:\/\/hubsch-interior.com\/da\/vare-kategori\/mobler\/siddemoebler-da\/puffer-da\/"},{"@type":"ListItem","position":6,"name":"Marshmellow Puf Large Lysegr\u00f8n"}]},{"@type":"WebSite","@id":"https:\/\/hubsch-interior.com\/da\/#website","url":"https:\/\/hubsch-interior.com\/da\/","name":"H\u00fcbsch","description":"Danish Home Interior and Design","publisher":{"@id":"https:\/\/hubsch-interior.com\/da\/#organization"},"potentialAction":[{"@type":"SearchAction","target":{"@type":"EntryPoint","urlTemplate":"https:\/\/hubsch-interior.com\/da\/?s={search_term_string}"},"query-input":{"@type":"PropertyValueSpecification","valueRequired":true,"valueName":"search_term_string"}}],"inLanguage":"da-DK"},{"@type":"Organization","@id":"https:\/\/hubsch-interior.com\/da\/#organization","name":"H\u00fcbsch","url":"https:\/\/hubsch-interior.com\/da\/","logo":{"@type":"ImageObject","inLanguage":"da-DK","@id":"https:\/\/hubsch-interior.com\/da\/#\/schema\/logo\/image\/","url":"https:\/\/hubsch-interior.com\/wp-content\/uploads\/2022\/12\/Hubsch_logo_black_one_line.svg","contentUrl":"https:\/\/hubsch-interior.com\/wp-content\/uploads\/2022\/12\/Hubsch_logo_black_one_line.svg","caption":"H\u00fcbsch"},"image":{"@id":"https:\/\/hubsch-interior.com\/da\/#\/schema\/logo\/image\/"}}]}},"_links":{"self":[{"href":"https:\/\/hubsch-interior.com\/da\/wp-json\/wp\/v2\/product\/1008673","targetHints":{"allow":["GET"]}}],"collection":[{"href":"https:\/\/hubsch-interior.com\/da\/wp-json\/wp\/v2\/product"}],"about":[{"href":"https:\/\/hubsch-interior.com\/da\/wp-json\/wp\/v2\/types\/product"}],"wp:featuredmedia":[{"embeddable":true,"href":"https:\/\/hubsch-interior.com\/da\/wp-json\/wp\/v2\/media\/1094576"}],"wp:attachment":[{"href":"https:\/\/hubsch-interior.com\/da\/wp-json\/wp\/v2\/media?parent=1008673"}],"wp:term":[{"taxonomy":"product_brand","embeddable":true,"href":"https:\/\/hubsch-interior.com\/da\/wp-json\/wp\/v2\/product_brand?post=1008673"},{"taxonomy":"product_cat","embeddable":true,"href":"https:\/\/hubsch-interior.com\/da\/wp-json\/wp\/v2\/product_cat?post=1008673"},{"taxonomy":"product_tag","embeddable":true,"href":"https:\/\/hubsch-interior.com\/da\/wp-json\/wp\/v2\/product_tag?post=1008673"}],"curies":[{"name":"wp","href":"https:\/\/api.w.org\/{rel}","templated":true}]}}