{"id":1008725,"date":"2025-01-24T09:28:08","date_gmt":"2025-01-24T08:28:08","guid":{"rendered":"https:\/\/hubsch-interior.com\/product\/product\/"},"modified":"2026-04-14T04:36:02","modified_gmt":"2026-04-14T02:36:02","slug":"ori-pude-olivengron-beige","status":"publish","type":"product","link":"https:\/\/hubsch-interior.com\/da\/vare\/ori-pude-olivengron-beige\/","title":{"rendered":"Ori Pude Olivengr\u00f8n\/Beige"},"content":{"rendered":"<p>M\u00f8d Ori Pude, en smuk v\u00e6vet pude, der forener tidl\u00f8s elegance i beige og sort. Fremstillet af en blanding af bomuld og polyester, garanterer dette OEKO-TEX\u00ae STANDARD 100-certificerede produkt b\u00e5de komfort og ro i sindet. Perfekt til at tilf\u00f8re et strejf af sofistikation til ethvert rum. Ori Puden kan let kombineres med andre puder for at skabe en legende, men raffineret atmosf\u00e6re. V\u00e6lg Ori Puden for en rolig og hyggelig opdatering af dit personlige rum.<\/p>\n","protected":false},"excerpt":{"rendered":"<p>M\u00f8d Ori Pude, en smuk v\u00e6vet pude, der forener tidl\u00f8s elegance i beige og sort. Fremstillet af en blanding af bomuld og polyester, garanterer dette OEKO-TEX\u00ae STANDARD 100-certificerede produkt b\u00e5de komfort og ro i sindet. Perfekt til at tilf\u00f8re et strejf af sofistikation til ethvert rum. Ori Puden kan let kombineres med andre puder for [&hellip;]<\/p>\n","protected":false},"featured_media":1098449,"template":"","meta":{"_acf_changed":false,"inline_featured_image":false},"product_brand":[],"product_cat":[5025,3001,3000,6996],"product_tag":[],"class_list":{"0":"post-1008725","1":"product","2":"type-product","3":"status-publish","4":"has-post-thumbnail","6":"product_cat-bestsellers-da","7":"product_cat-puder-da","8":"product_cat-tekstiler","9":"product_cat-the-buzz-da","10":"product_shipping_class-pk","12":"pa_color-beige-2","13":"pa_color-olivengrn","15":"first","16":"instock","17":"featured","18":"taxable","19":"shipping-taxable","20":"purchasable","21":"product-type-simple"},"exclude_global_add_ons":[],"addons":[],"acf":[],"yoast_head":"<!-- This site is optimized with the Yoast SEO plugin v26.4 - https:\/\/yoast.com\/wordpress\/plugins\/seo\/ -->\n<title>Ori Pude Olivengr\u00f8n\/Beige - H\u00fcbsch<\/title>\n<meta name=\"description\" content=\"M\u00f8d Ori Pude, en smuk v\u00e6vet pude, der forener tidl\u00f8s elegance i beige og sort. Fremstillet af en blanding af bomuld og polyester, garanterer dette\" \/>\n<meta name=\"robots\" content=\"index, follow, max-snippet:-1, max-image-preview:large, max-video-preview:-1\" \/>\n<link rel=\"canonical\" href=\"https:\/\/hubsch-interior.com\/da\/wp-json\/wp\/v2\/product\/1008725\" \/>\n<meta property=\"og:locale\" content=\"da_DK\" \/>\n<meta property=\"og:type\" content=\"article\" \/>\n<meta property=\"og:title\" content=\"Ori Pude Olivengr\u00f8n\/Beige - H\u00fcbsch\" \/>\n<meta property=\"og:description\" content=\"M\u00f8d Ori Pude, en smuk v\u00e6vet pude, der forener tidl\u00f8s elegance i beige og sort. Fremstillet af en blanding af bomuld og polyester, garanterer dette\" \/>\n<meta property=\"og:url\" content=\"https:\/\/hubsch-interior.com\/da\/vare\/ori-pude-olivengron-beige\/\" \/>\n<meta property=\"og:site_name\" content=\"H\u00fcbsch\" \/>\n<meta property=\"article:modified_time\" content=\"2026-04-14T02:36:02+00:00\" \/>\n<meta property=\"og:image\" content=\"https:\/\/hubsch-interior.com\/wp-content\/uploads\/2026\/02\/ori-cushion-olivebeige-00f948daf495a1d8f884c22a14d9897c.jpg\" \/>\n\t<meta property=\"og:image:width\" content=\"1024\" \/>\n\t<meta property=\"og:image:height\" content=\"1024\" \/>\n\t<meta property=\"og:image:type\" content=\"image\/jpeg\" \/>\n<meta name=\"twitter:card\" content=\"summary_large_image\" \/>\n<script type=\"application\/ld+json\" class=\"yoast-schema-graph\">{\"@context\":\"https:\/\/schema.org\",\"@graph\":[{\"@type\":\"WebPage\",\"@id\":\"https:\/\/hubsch-interior.com\/da\/vare\/ori-pude-olivengron-beige\/\",\"url\":\"https:\/\/hubsch-interior.com\/da\/vare\/ori-pude-olivengron-beige\/\",\"name\":\"Ori Pude Olivengr\u00f8n\/Beige - H\u00fcbsch\",\"isPartOf\":{\"@id\":\"https:\/\/hubsch-interior.com\/da\/#website\"},\"primaryImageOfPage\":{\"@id\":\"https:\/\/hubsch-interior.com\/da\/vare\/ori-pude-olivengron-beige\/#primaryimage\"},\"image\":{\"@id\":\"https:\/\/hubsch-interior.com\/da\/vare\/ori-pude-olivengron-beige\/#primaryimage\"},\"thumbnailUrl\":\"https:\/\/hubsch-interior.com\/wp-content\/uploads\/2026\/02\/ori-cushion-olivebeige-00f948daf495a1d8f884c22a14d9897c.jpg\",\"datePublished\":\"2025-01-24T08:28:08+00:00\",\"dateModified\":\"2026-04-14T02:36:02+00:00\",\"description\":\"M\u00f8d Ori Pude, en smuk v\u00e6vet pude, der forener tidl\u00f8s elegance i beige og sort. Fremstillet af en blanding af bomuld og polyester, garanterer dette\",\"breadcrumb\":{\"@id\":\"https:\/\/hubsch-interior.com\/da\/vare\/ori-pude-olivengron-beige\/#breadcrumb\"},\"inLanguage\":\"da-DK\",\"potentialAction\":[{\"@type\":\"ReadAction\",\"target\":[\"https:\/\/hubsch-interior.com\/da\/vare\/ori-pude-olivengron-beige\/\"]}]},{\"@type\":\"ImageObject\",\"inLanguage\":\"da-DK\",\"@id\":\"https:\/\/hubsch-interior.com\/da\/vare\/ori-pude-olivengron-beige\/#primaryimage\",\"url\":\"https:\/\/hubsch-interior.com\/wp-content\/uploads\/2026\/02\/ori-cushion-olivebeige-00f948daf495a1d8f884c22a14d9897c.jpg\",\"contentUrl\":\"https:\/\/hubsch-interior.com\/wp-content\/uploads\/2026\/02\/ori-cushion-olivebeige-00f948daf495a1d8f884c22a14d9897c.jpg\",\"width\":1024,\"height\":1024},{\"@type\":\"BreadcrumbList\",\"@id\":\"https:\/\/hubsch-interior.com\/da\/vare\/ori-pude-olivengron-beige\/#breadcrumb\",\"itemListElement\":[{\"@type\":\"ListItem\",\"position\":1,\"name\":\"Forside\",\"item\":\"https:\/\/hubsch-interior.com\/da\/\"},{\"@type\":\"ListItem\",\"position\":2,\"name\":\"Produkter\",\"item\":\"https:\/\/hubsch-interior.com\/da\/produkter\/\"},{\"@type\":\"ListItem\",\"position\":3,\"name\":\"Tekstiler\",\"item\":\"https:\/\/hubsch-interior.com\/da\/vare-kategori\/tekstiler\/\"},{\"@type\":\"ListItem\",\"position\":4,\"name\":\"Ori Pude Olivengr\u00f8n\/Beige\"}]},{\"@type\":\"WebSite\",\"@id\":\"https:\/\/hubsch-interior.com\/da\/#website\",\"url\":\"https:\/\/hubsch-interior.com\/da\/\",\"name\":\"H\u00fcbsch\",\"description\":\"Danish Home Interior and Design\",\"publisher\":{\"@id\":\"https:\/\/hubsch-interior.com\/da\/#organization\"},\"potentialAction\":[{\"@type\":\"SearchAction\",\"target\":{\"@type\":\"EntryPoint\",\"urlTemplate\":\"https:\/\/hubsch-interior.com\/da\/?s={search_term_string}\"},\"query-input\":{\"@type\":\"PropertyValueSpecification\",\"valueRequired\":true,\"valueName\":\"search_term_string\"}}],\"inLanguage\":\"da-DK\"},{\"@type\":\"Organization\",\"@id\":\"https:\/\/hubsch-interior.com\/da\/#organization\",\"name\":\"H\u00fcbsch\",\"url\":\"https:\/\/hubsch-interior.com\/da\/\",\"logo\":{\"@type\":\"ImageObject\",\"inLanguage\":\"da-DK\",\"@id\":\"https:\/\/hubsch-interior.com\/da\/#\/schema\/logo\/image\/\",\"url\":\"https:\/\/hubsch-interior.com\/wp-content\/uploads\/2022\/12\/Hubsch_logo_black_one_line.svg\",\"contentUrl\":\"https:\/\/hubsch-interior.com\/wp-content\/uploads\/2022\/12\/Hubsch_logo_black_one_line.svg\",\"caption\":\"H\u00fcbsch\"},\"image\":{\"@id\":\"https:\/\/hubsch-interior.com\/da\/#\/schema\/logo\/image\/\"}}]}<\/script>\n<!-- \/ Yoast SEO plugin. -->","yoast_head_json":{"title":"Ori Pude Olivengr\u00f8n\/Beige - H\u00fcbsch","description":"M\u00f8d Ori Pude, en smuk v\u00e6vet pude, der forener tidl\u00f8s elegance i beige og sort. Fremstillet af en blanding af bomuld og polyester, garanterer dette","robots":{"index":"index","follow":"follow","max-snippet":"max-snippet:-1","max-image-preview":"max-image-preview:large","max-video-preview":"max-video-preview:-1"},"canonical":"https:\/\/hubsch-interior.com\/da\/wp-json\/wp\/v2\/product\/1008725","og_locale":"da_DK","og_type":"article","og_title":"Ori Pude Olivengr\u00f8n\/Beige - H\u00fcbsch","og_description":"M\u00f8d Ori Pude, en smuk v\u00e6vet pude, der forener tidl\u00f8s elegance i beige og sort. Fremstillet af en blanding af bomuld og polyester, garanterer dette","og_url":"https:\/\/hubsch-interior.com\/da\/vare\/ori-pude-olivengron-beige\/","og_site_name":"H\u00fcbsch","article_modified_time":"2026-04-14T02:36:02+00:00","og_image":[{"width":1024,"height":1024,"url":"https:\/\/hubsch-interior.com\/wp-content\/uploads\/2026\/02\/ori-cushion-olivebeige-00f948daf495a1d8f884c22a14d9897c.jpg","type":"image\/jpeg"}],"twitter_card":"summary_large_image","schema":{"@context":"https:\/\/schema.org","@graph":[{"@type":"WebPage","@id":"https:\/\/hubsch-interior.com\/da\/vare\/ori-pude-olivengron-beige\/","url":"https:\/\/hubsch-interior.com\/da\/vare\/ori-pude-olivengron-beige\/","name":"Ori Pude Olivengr\u00f8n\/Beige - H\u00fcbsch","isPartOf":{"@id":"https:\/\/hubsch-interior.com\/da\/#website"},"primaryImageOfPage":{"@id":"https:\/\/hubsch-interior.com\/da\/vare\/ori-pude-olivengron-beige\/#primaryimage"},"image":{"@id":"https:\/\/hubsch-interior.com\/da\/vare\/ori-pude-olivengron-beige\/#primaryimage"},"thumbnailUrl":"https:\/\/hubsch-interior.com\/wp-content\/uploads\/2026\/02\/ori-cushion-olivebeige-00f948daf495a1d8f884c22a14d9897c.jpg","datePublished":"2025-01-24T08:28:08+00:00","dateModified":"2026-04-14T02:36:02+00:00","description":"M\u00f8d Ori Pude, en smuk v\u00e6vet pude, der forener tidl\u00f8s elegance i beige og sort. Fremstillet af en blanding af bomuld og polyester, garanterer dette","breadcrumb":{"@id":"https:\/\/hubsch-interior.com\/da\/vare\/ori-pude-olivengron-beige\/#breadcrumb"},"inLanguage":"da-DK","potentialAction":[{"@type":"ReadAction","target":["https:\/\/hubsch-interior.com\/da\/vare\/ori-pude-olivengron-beige\/"]}]},{"@type":"ImageObject","inLanguage":"da-DK","@id":"https:\/\/hubsch-interior.com\/da\/vare\/ori-pude-olivengron-beige\/#primaryimage","url":"https:\/\/hubsch-interior.com\/wp-content\/uploads\/2026\/02\/ori-cushion-olivebeige-00f948daf495a1d8f884c22a14d9897c.jpg","contentUrl":"https:\/\/hubsch-interior.com\/wp-content\/uploads\/2026\/02\/ori-cushion-olivebeige-00f948daf495a1d8f884c22a14d9897c.jpg","width":1024,"height":1024},{"@type":"BreadcrumbList","@id":"https:\/\/hubsch-interior.com\/da\/vare\/ori-pude-olivengron-beige\/#breadcrumb","itemListElement":[{"@type":"ListItem","position":1,"name":"Forside","item":"https:\/\/hubsch-interior.com\/da\/"},{"@type":"ListItem","position":2,"name":"Produkter","item":"https:\/\/hubsch-interior.com\/da\/produkter\/"},{"@type":"ListItem","position":3,"name":"Tekstiler","item":"https:\/\/hubsch-interior.com\/da\/vare-kategori\/tekstiler\/"},{"@type":"ListItem","position":4,"name":"Ori Pude Olivengr\u00f8n\/Beige"}]},{"@type":"WebSite","@id":"https:\/\/hubsch-interior.com\/da\/#website","url":"https:\/\/hubsch-interior.com\/da\/","name":"H\u00fcbsch","description":"Danish Home Interior and Design","publisher":{"@id":"https:\/\/hubsch-interior.com\/da\/#organization"},"potentialAction":[{"@type":"SearchAction","target":{"@type":"EntryPoint","urlTemplate":"https:\/\/hubsch-interior.com\/da\/?s={search_term_string}"},"query-input":{"@type":"PropertyValueSpecification","valueRequired":true,"valueName":"search_term_string"}}],"inLanguage":"da-DK"},{"@type":"Organization","@id":"https:\/\/hubsch-interior.com\/da\/#organization","name":"H\u00fcbsch","url":"https:\/\/hubsch-interior.com\/da\/","logo":{"@type":"ImageObject","inLanguage":"da-DK","@id":"https:\/\/hubsch-interior.com\/da\/#\/schema\/logo\/image\/","url":"https:\/\/hubsch-interior.com\/wp-content\/uploads\/2022\/12\/Hubsch_logo_black_one_line.svg","contentUrl":"https:\/\/hubsch-interior.com\/wp-content\/uploads\/2022\/12\/Hubsch_logo_black_one_line.svg","caption":"H\u00fcbsch"},"image":{"@id":"https:\/\/hubsch-interior.com\/da\/#\/schema\/logo\/image\/"}}]}},"_links":{"self":[{"href":"https:\/\/hubsch-interior.com\/da\/wp-json\/wp\/v2\/product\/1008725","targetHints":{"allow":["GET"]}}],"collection":[{"href":"https:\/\/hubsch-interior.com\/da\/wp-json\/wp\/v2\/product"}],"about":[{"href":"https:\/\/hubsch-interior.com\/da\/wp-json\/wp\/v2\/types\/product"}],"wp:featuredmedia":[{"embeddable":true,"href":"https:\/\/hubsch-interior.com\/da\/wp-json\/wp\/v2\/media\/1098449"}],"wp:attachment":[{"href":"https:\/\/hubsch-interior.com\/da\/wp-json\/wp\/v2\/media?parent=1008725"}],"wp:term":[{"taxonomy":"product_brand","embeddable":true,"href":"https:\/\/hubsch-interior.com\/da\/wp-json\/wp\/v2\/product_brand?post=1008725"},{"taxonomy":"product_cat","embeddable":true,"href":"https:\/\/hubsch-interior.com\/da\/wp-json\/wp\/v2\/product_cat?post=1008725"},{"taxonomy":"product_tag","embeddable":true,"href":"https:\/\/hubsch-interior.com\/da\/wp-json\/wp\/v2\/product_tag?post=1008725"}],"curies":[{"name":"wp","href":"https:\/\/api.w.org\/{rel}","templated":true}]}}