{"id":1008733,"date":"2025-01-24T09:28:34","date_gmt":"2025-01-24T08:28:34","guid":{"rendered":"https:\/\/hubsch-interior.com\/product\/product\/"},"modified":"2026-04-11T04:34:27","modified_gmt":"2026-04-11T02:34:27","slug":"haikei-pude-lysegra","status":"publish","type":"product","link":"https:\/\/hubsch-interior.com\/da\/vare\/haikei-pude-lysegra\/","title":{"rendered":"Haikei Pude Lysegr\u00e5"},"content":{"rendered":"<p>Vores Haikei Pude, din perfekte f\u00f8lgesvend til en hyggeaften indend\u00f8rs. Dens sm\u00e5 teksturdetaljer tilf\u00f8jer en dejlig taktil fornemmelse. Ideel til at kombinere med andre puder, Haikei Puden er det rigtige valg for at skabe harmoni i ethvert opholdsrum. Lad den tilf\u00f8je komfort, \u00e9t bl\u00f8dt \u00f8jeblik ad gangen.<\/p>\n","protected":false},"excerpt":{"rendered":"<p>Vores Haikei Pude, din perfekte f\u00f8lgesvend til en hyggeaften indend\u00f8rs. Dens sm\u00e5 teksturdetaljer tilf\u00f8jer en dejlig taktil fornemmelse. Ideel til at kombinere med andre puder, Haikei Puden er det rigtige valg for at skabe harmoni i ethvert opholdsrum. Lad den tilf\u00f8je komfort, \u00e9t bl\u00f8dt \u00f8jeblik ad gangen.<\/p>\n","protected":false},"featured_media":1098481,"template":"","meta":{"_acf_changed":false,"inline_featured_image":false},"product_brand":[],"product_cat":[6996,3000,3001],"product_tag":[],"class_list":{"0":"post-1008733","1":"product","2":"type-product","3":"status-publish","4":"has-post-thumbnail","6":"product_cat-the-buzz-da","7":"product_cat-tekstiler","8":"product_cat-puder-da","9":"product_shipping_class-pk","11":"pa_color-lysegr","12":"pa_material-cotton-100-da","14":"first","15":"instock","16":"taxable","17":"shipping-taxable","18":"purchasable","19":"product-type-simple"},"exclude_global_add_ons":[],"addons":[],"acf":[],"yoast_head":"<!-- This site is optimized with the Yoast SEO plugin v26.4 - https:\/\/yoast.com\/wordpress\/plugins\/seo\/ -->\n<title>Haikei Pude Lysegr\u00e5 - H\u00fcbsch<\/title>\n<meta name=\"description\" content=\"Vores Haikei Pude, din perfekte f\u00f8lgesvend til en hyggeaften indend\u00f8rs. Dens sm\u00e5 teksturdetaljer tilf\u00f8jer en dejlig taktil fornemmelse. Ideel til at\" \/>\n<meta name=\"robots\" content=\"index, follow, max-snippet:-1, max-image-preview:large, max-video-preview:-1\" \/>\n<link rel=\"canonical\" href=\"https:\/\/hubsch-interior.com\/da\/wp-json\/wp\/v2\/product\/1008733\" \/>\n<meta property=\"og:locale\" content=\"da_DK\" \/>\n<meta property=\"og:type\" content=\"article\" \/>\n<meta property=\"og:title\" content=\"Haikei Pude Lysegr\u00e5 - H\u00fcbsch\" \/>\n<meta property=\"og:description\" content=\"Vores Haikei Pude, din perfekte f\u00f8lgesvend til en hyggeaften indend\u00f8rs. Dens sm\u00e5 teksturdetaljer tilf\u00f8jer en dejlig taktil fornemmelse. Ideel til at\" \/>\n<meta property=\"og:url\" content=\"https:\/\/hubsch-interior.com\/da\/vare\/haikei-pude-lysegra\/\" \/>\n<meta property=\"og:site_name\" content=\"H\u00fcbsch\" \/>\n<meta property=\"article:modified_time\" content=\"2026-04-11T02:34:27+00:00\" \/>\n<meta property=\"og:image\" content=\"https:\/\/hubsch-interior.com\/wp-content\/uploads\/2026\/02\/haikei-cushion-light-grey-6097a0d58b6f9c7fe4256b8785b4a3d9.jpg\" \/>\n\t<meta property=\"og:image:width\" content=\"1024\" \/>\n\t<meta property=\"og:image:height\" content=\"1024\" \/>\n\t<meta property=\"og:image:type\" content=\"image\/jpeg\" \/>\n<meta name=\"twitter:card\" content=\"summary_large_image\" \/>\n<script type=\"application\/ld+json\" class=\"yoast-schema-graph\">{\"@context\":\"https:\/\/schema.org\",\"@graph\":[{\"@type\":\"WebPage\",\"@id\":\"https:\/\/hubsch-interior.com\/da\/vare\/haikei-pude-lysegra\/\",\"url\":\"https:\/\/hubsch-interior.com\/da\/vare\/haikei-pude-lysegra\/\",\"name\":\"Haikei Pude Lysegr\u00e5 - H\u00fcbsch\",\"isPartOf\":{\"@id\":\"https:\/\/hubsch-interior.com\/da\/#website\"},\"primaryImageOfPage\":{\"@id\":\"https:\/\/hubsch-interior.com\/da\/vare\/haikei-pude-lysegra\/#primaryimage\"},\"image\":{\"@id\":\"https:\/\/hubsch-interior.com\/da\/vare\/haikei-pude-lysegra\/#primaryimage\"},\"thumbnailUrl\":\"https:\/\/hubsch-interior.com\/wp-content\/uploads\/2026\/02\/haikei-cushion-light-grey-6097a0d58b6f9c7fe4256b8785b4a3d9.jpg\",\"datePublished\":\"2025-01-24T08:28:34+00:00\",\"dateModified\":\"2026-04-11T02:34:27+00:00\",\"description\":\"Vores Haikei Pude, din perfekte f\u00f8lgesvend til en hyggeaften indend\u00f8rs. Dens sm\u00e5 teksturdetaljer tilf\u00f8jer en dejlig taktil fornemmelse. Ideel til at\",\"breadcrumb\":{\"@id\":\"https:\/\/hubsch-interior.com\/da\/vare\/haikei-pude-lysegra\/#breadcrumb\"},\"inLanguage\":\"da-DK\",\"potentialAction\":[{\"@type\":\"ReadAction\",\"target\":[\"https:\/\/hubsch-interior.com\/da\/vare\/haikei-pude-lysegra\/\"]}]},{\"@type\":\"ImageObject\",\"inLanguage\":\"da-DK\",\"@id\":\"https:\/\/hubsch-interior.com\/da\/vare\/haikei-pude-lysegra\/#primaryimage\",\"url\":\"https:\/\/hubsch-interior.com\/wp-content\/uploads\/2026\/02\/haikei-cushion-light-grey-6097a0d58b6f9c7fe4256b8785b4a3d9.jpg\",\"contentUrl\":\"https:\/\/hubsch-interior.com\/wp-content\/uploads\/2026\/02\/haikei-cushion-light-grey-6097a0d58b6f9c7fe4256b8785b4a3d9.jpg\",\"width\":1024,\"height\":1024},{\"@type\":\"BreadcrumbList\",\"@id\":\"https:\/\/hubsch-interior.com\/da\/vare\/haikei-pude-lysegra\/#breadcrumb\",\"itemListElement\":[{\"@type\":\"ListItem\",\"position\":1,\"name\":\"Forside\",\"item\":\"https:\/\/hubsch-interior.com\/da\/\"},{\"@type\":\"ListItem\",\"position\":2,\"name\":\"Produkter\",\"item\":\"https:\/\/hubsch-interior.com\/da\/produkter\/\"},{\"@type\":\"ListItem\",\"position\":3,\"name\":\"Tekstiler\",\"item\":\"https:\/\/hubsch-interior.com\/da\/vare-kategori\/tekstiler\/\"},{\"@type\":\"ListItem\",\"position\":4,\"name\":\"Haikei Pude Lysegr\u00e5\"}]},{\"@type\":\"WebSite\",\"@id\":\"https:\/\/hubsch-interior.com\/da\/#website\",\"url\":\"https:\/\/hubsch-interior.com\/da\/\",\"name\":\"H\u00fcbsch\",\"description\":\"Danish Home Interior and Design\",\"publisher\":{\"@id\":\"https:\/\/hubsch-interior.com\/da\/#organization\"},\"potentialAction\":[{\"@type\":\"SearchAction\",\"target\":{\"@type\":\"EntryPoint\",\"urlTemplate\":\"https:\/\/hubsch-interior.com\/da\/?s={search_term_string}\"},\"query-input\":{\"@type\":\"PropertyValueSpecification\",\"valueRequired\":true,\"valueName\":\"search_term_string\"}}],\"inLanguage\":\"da-DK\"},{\"@type\":\"Organization\",\"@id\":\"https:\/\/hubsch-interior.com\/da\/#organization\",\"name\":\"H\u00fcbsch\",\"url\":\"https:\/\/hubsch-interior.com\/da\/\",\"logo\":{\"@type\":\"ImageObject\",\"inLanguage\":\"da-DK\",\"@id\":\"https:\/\/hubsch-interior.com\/da\/#\/schema\/logo\/image\/\",\"url\":\"https:\/\/hubsch-interior.com\/wp-content\/uploads\/2022\/12\/Hubsch_logo_black_one_line.svg\",\"contentUrl\":\"https:\/\/hubsch-interior.com\/wp-content\/uploads\/2022\/12\/Hubsch_logo_black_one_line.svg\",\"caption\":\"H\u00fcbsch\"},\"image\":{\"@id\":\"https:\/\/hubsch-interior.com\/da\/#\/schema\/logo\/image\/\"}}]}<\/script>\n<!-- \/ Yoast SEO plugin. -->","yoast_head_json":{"title":"Haikei Pude Lysegr\u00e5 - H\u00fcbsch","description":"Vores Haikei Pude, din perfekte f\u00f8lgesvend til en hyggeaften indend\u00f8rs. Dens sm\u00e5 teksturdetaljer tilf\u00f8jer en dejlig taktil fornemmelse. Ideel til at","robots":{"index":"index","follow":"follow","max-snippet":"max-snippet:-1","max-image-preview":"max-image-preview:large","max-video-preview":"max-video-preview:-1"},"canonical":"https:\/\/hubsch-interior.com\/da\/wp-json\/wp\/v2\/product\/1008733","og_locale":"da_DK","og_type":"article","og_title":"Haikei Pude Lysegr\u00e5 - H\u00fcbsch","og_description":"Vores Haikei Pude, din perfekte f\u00f8lgesvend til en hyggeaften indend\u00f8rs. Dens sm\u00e5 teksturdetaljer tilf\u00f8jer en dejlig taktil fornemmelse. Ideel til at","og_url":"https:\/\/hubsch-interior.com\/da\/vare\/haikei-pude-lysegra\/","og_site_name":"H\u00fcbsch","article_modified_time":"2026-04-11T02:34:27+00:00","og_image":[{"width":1024,"height":1024,"url":"https:\/\/hubsch-interior.com\/wp-content\/uploads\/2026\/02\/haikei-cushion-light-grey-6097a0d58b6f9c7fe4256b8785b4a3d9.jpg","type":"image\/jpeg"}],"twitter_card":"summary_large_image","schema":{"@context":"https:\/\/schema.org","@graph":[{"@type":"WebPage","@id":"https:\/\/hubsch-interior.com\/da\/vare\/haikei-pude-lysegra\/","url":"https:\/\/hubsch-interior.com\/da\/vare\/haikei-pude-lysegra\/","name":"Haikei Pude Lysegr\u00e5 - H\u00fcbsch","isPartOf":{"@id":"https:\/\/hubsch-interior.com\/da\/#website"},"primaryImageOfPage":{"@id":"https:\/\/hubsch-interior.com\/da\/vare\/haikei-pude-lysegra\/#primaryimage"},"image":{"@id":"https:\/\/hubsch-interior.com\/da\/vare\/haikei-pude-lysegra\/#primaryimage"},"thumbnailUrl":"https:\/\/hubsch-interior.com\/wp-content\/uploads\/2026\/02\/haikei-cushion-light-grey-6097a0d58b6f9c7fe4256b8785b4a3d9.jpg","datePublished":"2025-01-24T08:28:34+00:00","dateModified":"2026-04-11T02:34:27+00:00","description":"Vores Haikei Pude, din perfekte f\u00f8lgesvend til en hyggeaften indend\u00f8rs. Dens sm\u00e5 teksturdetaljer tilf\u00f8jer en dejlig taktil fornemmelse. Ideel til at","breadcrumb":{"@id":"https:\/\/hubsch-interior.com\/da\/vare\/haikei-pude-lysegra\/#breadcrumb"},"inLanguage":"da-DK","potentialAction":[{"@type":"ReadAction","target":["https:\/\/hubsch-interior.com\/da\/vare\/haikei-pude-lysegra\/"]}]},{"@type":"ImageObject","inLanguage":"da-DK","@id":"https:\/\/hubsch-interior.com\/da\/vare\/haikei-pude-lysegra\/#primaryimage","url":"https:\/\/hubsch-interior.com\/wp-content\/uploads\/2026\/02\/haikei-cushion-light-grey-6097a0d58b6f9c7fe4256b8785b4a3d9.jpg","contentUrl":"https:\/\/hubsch-interior.com\/wp-content\/uploads\/2026\/02\/haikei-cushion-light-grey-6097a0d58b6f9c7fe4256b8785b4a3d9.jpg","width":1024,"height":1024},{"@type":"BreadcrumbList","@id":"https:\/\/hubsch-interior.com\/da\/vare\/haikei-pude-lysegra\/#breadcrumb","itemListElement":[{"@type":"ListItem","position":1,"name":"Forside","item":"https:\/\/hubsch-interior.com\/da\/"},{"@type":"ListItem","position":2,"name":"Produkter","item":"https:\/\/hubsch-interior.com\/da\/produkter\/"},{"@type":"ListItem","position":3,"name":"Tekstiler","item":"https:\/\/hubsch-interior.com\/da\/vare-kategori\/tekstiler\/"},{"@type":"ListItem","position":4,"name":"Haikei Pude Lysegr\u00e5"}]},{"@type":"WebSite","@id":"https:\/\/hubsch-interior.com\/da\/#website","url":"https:\/\/hubsch-interior.com\/da\/","name":"H\u00fcbsch","description":"Danish Home Interior and Design","publisher":{"@id":"https:\/\/hubsch-interior.com\/da\/#organization"},"potentialAction":[{"@type":"SearchAction","target":{"@type":"EntryPoint","urlTemplate":"https:\/\/hubsch-interior.com\/da\/?s={search_term_string}"},"query-input":{"@type":"PropertyValueSpecification","valueRequired":true,"valueName":"search_term_string"}}],"inLanguage":"da-DK"},{"@type":"Organization","@id":"https:\/\/hubsch-interior.com\/da\/#organization","name":"H\u00fcbsch","url":"https:\/\/hubsch-interior.com\/da\/","logo":{"@type":"ImageObject","inLanguage":"da-DK","@id":"https:\/\/hubsch-interior.com\/da\/#\/schema\/logo\/image\/","url":"https:\/\/hubsch-interior.com\/wp-content\/uploads\/2022\/12\/Hubsch_logo_black_one_line.svg","contentUrl":"https:\/\/hubsch-interior.com\/wp-content\/uploads\/2022\/12\/Hubsch_logo_black_one_line.svg","caption":"H\u00fcbsch"},"image":{"@id":"https:\/\/hubsch-interior.com\/da\/#\/schema\/logo\/image\/"}}]}},"_links":{"self":[{"href":"https:\/\/hubsch-interior.com\/da\/wp-json\/wp\/v2\/product\/1008733","targetHints":{"allow":["GET"]}}],"collection":[{"href":"https:\/\/hubsch-interior.com\/da\/wp-json\/wp\/v2\/product"}],"about":[{"href":"https:\/\/hubsch-interior.com\/da\/wp-json\/wp\/v2\/types\/product"}],"wp:featuredmedia":[{"embeddable":true,"href":"https:\/\/hubsch-interior.com\/da\/wp-json\/wp\/v2\/media\/1098481"}],"wp:attachment":[{"href":"https:\/\/hubsch-interior.com\/da\/wp-json\/wp\/v2\/media?parent=1008733"}],"wp:term":[{"taxonomy":"product_brand","embeddable":true,"href":"https:\/\/hubsch-interior.com\/da\/wp-json\/wp\/v2\/product_brand?post=1008733"},{"taxonomy":"product_cat","embeddable":true,"href":"https:\/\/hubsch-interior.com\/da\/wp-json\/wp\/v2\/product_cat?post=1008733"},{"taxonomy":"product_tag","embeddable":true,"href":"https:\/\/hubsch-interior.com\/da\/wp-json\/wp\/v2\/product_tag?post=1008733"}],"curies":[{"name":"wp","href":"https:\/\/api.w.org\/{rel}","templated":true}]}}