{"id":1008757,"date":"2025-01-24T09:29:08","date_gmt":"2025-01-24T08:29:08","guid":{"rendered":"https:\/\/hubsch-interior.com\/product\/product\/"},"modified":"2026-04-05T04:36:11","modified_gmt":"2026-04-05T02:36:11","slug":"haikei-pude-lysegron","status":"publish","type":"product","link":"https:\/\/hubsch-interior.com\/da\/vare\/haikei-pude-lysegron\/","title":{"rendered":"Haikei Pude Lysegr\u00f8n"},"content":{"rendered":"<p>Oplev Haikei Puden, et dejligt udtryk for komfort i en delikat lys gr\u00f8n nuance, der bringer en f\u00f8lelse af for\u00e5r ind i ethvert rum. Fremstillet af OEKO-TEX\u00ae STANDARD 100 certificeret bomuld, lover denne pude ikke blot up\u00e5klagelig kvalitet. De sm\u00e5 tekstur detaljer tilf\u00f8jer en subtil charme, og inviterer dig til at kombinere den med andre puder for at skabe en legende og indbydende f\u00f8lelse. Perfekt til at tilf\u00f8je et bl\u00f8dt strejf af farve, forvandler Haikei Puden dit opholdsrum til et fredfyldt tilflugtssted.<\/p>\n","protected":false},"excerpt":{"rendered":"<p>Oplev Haikei Puden, et dejligt udtryk for komfort i en delikat lys gr\u00f8n nuance, der bringer en f\u00f8lelse af for\u00e5r ind i ethvert rum. Fremstillet af OEKO-TEX\u00ae STANDARD 100 certificeret bomuld, lover denne pude ikke blot up\u00e5klagelig kvalitet. De sm\u00e5 tekstur detaljer tilf\u00f8jer en subtil charme, og inviterer dig til at kombinere den med andre [&hellip;]<\/p>\n","protected":false},"featured_media":1098493,"template":"","meta":{"_acf_changed":false,"inline_featured_image":false},"product_brand":[],"product_cat":[6996,3000,3001,5025],"product_tag":[],"class_list":{"0":"post-1008757","1":"product","2":"type-product","3":"status-publish","4":"has-post-thumbnail","6":"product_cat-the-buzz-da","7":"product_cat-tekstiler","8":"product_cat-puder-da","9":"product_cat-bestsellers-da","10":"product_shipping_class-pk","12":"pa_color-lysegrn","13":"pa_material-cotton-100-da","15":"first","16":"instock","17":"featured","18":"taxable","19":"shipping-taxable","20":"purchasable","21":"product-type-simple"},"exclude_global_add_ons":[],"addons":[],"acf":[],"yoast_head":"<!-- This site is optimized with the Yoast SEO plugin v26.4 - https:\/\/yoast.com\/wordpress\/plugins\/seo\/ -->\n<title>Haikei Pude Lysegr\u00f8n - H\u00fcbsch<\/title>\n<meta name=\"description\" content=\"Oplev Haikei Puden, et dejligt udtryk for komfort i en delikat lys gr\u00f8n nuance, der bringer en f\u00f8lelse af for\u00e5r ind i ethvert rum. Fremstillet af\" \/>\n<meta name=\"robots\" content=\"index, follow, max-snippet:-1, max-image-preview:large, max-video-preview:-1\" \/>\n<link rel=\"canonical\" href=\"https:\/\/hubsch-interior.com\/da\/wp-json\/wp\/v2\/product\/1008757\" \/>\n<meta property=\"og:locale\" content=\"da_DK\" \/>\n<meta property=\"og:type\" content=\"article\" \/>\n<meta property=\"og:title\" content=\"Haikei Pude Lysegr\u00f8n - H\u00fcbsch\" \/>\n<meta property=\"og:description\" content=\"Oplev Haikei Puden, et dejligt udtryk for komfort i en delikat lys gr\u00f8n nuance, der bringer en f\u00f8lelse af for\u00e5r ind i ethvert rum. Fremstillet af\" \/>\n<meta property=\"og:url\" content=\"https:\/\/hubsch-interior.com\/da\/vare\/haikei-pude-lysegron\/\" \/>\n<meta property=\"og:site_name\" content=\"H\u00fcbsch\" \/>\n<meta property=\"article:modified_time\" content=\"2026-04-05T02:36:11+00:00\" \/>\n<meta property=\"og:image\" content=\"https:\/\/hubsch-interior.com\/wp-content\/uploads\/2026\/02\/haikei-cushion-light-green-e92ce633f4c421fc8ba3819d26e7975f.jpg\" \/>\n\t<meta property=\"og:image:width\" content=\"1024\" \/>\n\t<meta property=\"og:image:height\" content=\"1024\" \/>\n\t<meta property=\"og:image:type\" content=\"image\/jpeg\" \/>\n<meta name=\"twitter:card\" content=\"summary_large_image\" \/>\n<script type=\"application\/ld+json\" class=\"yoast-schema-graph\">{\"@context\":\"https:\/\/schema.org\",\"@graph\":[{\"@type\":\"WebPage\",\"@id\":\"https:\/\/hubsch-interior.com\/da\/vare\/haikei-pude-lysegron\/\",\"url\":\"https:\/\/hubsch-interior.com\/da\/vare\/haikei-pude-lysegron\/\",\"name\":\"Haikei Pude Lysegr\u00f8n - H\u00fcbsch\",\"isPartOf\":{\"@id\":\"https:\/\/hubsch-interior.com\/da\/#website\"},\"primaryImageOfPage\":{\"@id\":\"https:\/\/hubsch-interior.com\/da\/vare\/haikei-pude-lysegron\/#primaryimage\"},\"image\":{\"@id\":\"https:\/\/hubsch-interior.com\/da\/vare\/haikei-pude-lysegron\/#primaryimage\"},\"thumbnailUrl\":\"https:\/\/hubsch-interior.com\/wp-content\/uploads\/2026\/02\/haikei-cushion-light-green-e92ce633f4c421fc8ba3819d26e7975f.jpg\",\"datePublished\":\"2025-01-24T08:29:08+00:00\",\"dateModified\":\"2026-04-05T02:36:11+00:00\",\"description\":\"Oplev Haikei Puden, et dejligt udtryk for komfort i en delikat lys gr\u00f8n nuance, der bringer en f\u00f8lelse af for\u00e5r ind i ethvert rum. Fremstillet af\",\"breadcrumb\":{\"@id\":\"https:\/\/hubsch-interior.com\/da\/vare\/haikei-pude-lysegron\/#breadcrumb\"},\"inLanguage\":\"da-DK\",\"potentialAction\":[{\"@type\":\"ReadAction\",\"target\":[\"https:\/\/hubsch-interior.com\/da\/vare\/haikei-pude-lysegron\/\"]}]},{\"@type\":\"ImageObject\",\"inLanguage\":\"da-DK\",\"@id\":\"https:\/\/hubsch-interior.com\/da\/vare\/haikei-pude-lysegron\/#primaryimage\",\"url\":\"https:\/\/hubsch-interior.com\/wp-content\/uploads\/2026\/02\/haikei-cushion-light-green-e92ce633f4c421fc8ba3819d26e7975f.jpg\",\"contentUrl\":\"https:\/\/hubsch-interior.com\/wp-content\/uploads\/2026\/02\/haikei-cushion-light-green-e92ce633f4c421fc8ba3819d26e7975f.jpg\",\"width\":1024,\"height\":1024},{\"@type\":\"BreadcrumbList\",\"@id\":\"https:\/\/hubsch-interior.com\/da\/vare\/haikei-pude-lysegron\/#breadcrumb\",\"itemListElement\":[{\"@type\":\"ListItem\",\"position\":1,\"name\":\"Forside\",\"item\":\"https:\/\/hubsch-interior.com\/da\/\"},{\"@type\":\"ListItem\",\"position\":2,\"name\":\"Produkter\",\"item\":\"https:\/\/hubsch-interior.com\/da\/produkter\/\"},{\"@type\":\"ListItem\",\"position\":3,\"name\":\"Tekstiler\",\"item\":\"https:\/\/hubsch-interior.com\/da\/vare-kategori\/tekstiler\/\"},{\"@type\":\"ListItem\",\"position\":4,\"name\":\"Haikei Pude Lysegr\u00f8n\"}]},{\"@type\":\"WebSite\",\"@id\":\"https:\/\/hubsch-interior.com\/da\/#website\",\"url\":\"https:\/\/hubsch-interior.com\/da\/\",\"name\":\"H\u00fcbsch\",\"description\":\"Danish Home Interior and Design\",\"publisher\":{\"@id\":\"https:\/\/hubsch-interior.com\/da\/#organization\"},\"potentialAction\":[{\"@type\":\"SearchAction\",\"target\":{\"@type\":\"EntryPoint\",\"urlTemplate\":\"https:\/\/hubsch-interior.com\/da\/?s={search_term_string}\"},\"query-input\":{\"@type\":\"PropertyValueSpecification\",\"valueRequired\":true,\"valueName\":\"search_term_string\"}}],\"inLanguage\":\"da-DK\"},{\"@type\":\"Organization\",\"@id\":\"https:\/\/hubsch-interior.com\/da\/#organization\",\"name\":\"H\u00fcbsch\",\"url\":\"https:\/\/hubsch-interior.com\/da\/\",\"logo\":{\"@type\":\"ImageObject\",\"inLanguage\":\"da-DK\",\"@id\":\"https:\/\/hubsch-interior.com\/da\/#\/schema\/logo\/image\/\",\"url\":\"https:\/\/hubsch-interior.com\/wp-content\/uploads\/2022\/12\/Hubsch_logo_black_one_line.svg\",\"contentUrl\":\"https:\/\/hubsch-interior.com\/wp-content\/uploads\/2022\/12\/Hubsch_logo_black_one_line.svg\",\"caption\":\"H\u00fcbsch\"},\"image\":{\"@id\":\"https:\/\/hubsch-interior.com\/da\/#\/schema\/logo\/image\/\"}}]}<\/script>\n<!-- \/ Yoast SEO plugin. -->","yoast_head_json":{"title":"Haikei Pude Lysegr\u00f8n - H\u00fcbsch","description":"Oplev Haikei Puden, et dejligt udtryk for komfort i en delikat lys gr\u00f8n nuance, der bringer en f\u00f8lelse af for\u00e5r ind i ethvert rum. Fremstillet af","robots":{"index":"index","follow":"follow","max-snippet":"max-snippet:-1","max-image-preview":"max-image-preview:large","max-video-preview":"max-video-preview:-1"},"canonical":"https:\/\/hubsch-interior.com\/da\/wp-json\/wp\/v2\/product\/1008757","og_locale":"da_DK","og_type":"article","og_title":"Haikei Pude Lysegr\u00f8n - H\u00fcbsch","og_description":"Oplev Haikei Puden, et dejligt udtryk for komfort i en delikat lys gr\u00f8n nuance, der bringer en f\u00f8lelse af for\u00e5r ind i ethvert rum. Fremstillet af","og_url":"https:\/\/hubsch-interior.com\/da\/vare\/haikei-pude-lysegron\/","og_site_name":"H\u00fcbsch","article_modified_time":"2026-04-05T02:36:11+00:00","og_image":[{"width":1024,"height":1024,"url":"https:\/\/hubsch-interior.com\/wp-content\/uploads\/2026\/02\/haikei-cushion-light-green-e92ce633f4c421fc8ba3819d26e7975f.jpg","type":"image\/jpeg"}],"twitter_card":"summary_large_image","schema":{"@context":"https:\/\/schema.org","@graph":[{"@type":"WebPage","@id":"https:\/\/hubsch-interior.com\/da\/vare\/haikei-pude-lysegron\/","url":"https:\/\/hubsch-interior.com\/da\/vare\/haikei-pude-lysegron\/","name":"Haikei Pude Lysegr\u00f8n - H\u00fcbsch","isPartOf":{"@id":"https:\/\/hubsch-interior.com\/da\/#website"},"primaryImageOfPage":{"@id":"https:\/\/hubsch-interior.com\/da\/vare\/haikei-pude-lysegron\/#primaryimage"},"image":{"@id":"https:\/\/hubsch-interior.com\/da\/vare\/haikei-pude-lysegron\/#primaryimage"},"thumbnailUrl":"https:\/\/hubsch-interior.com\/wp-content\/uploads\/2026\/02\/haikei-cushion-light-green-e92ce633f4c421fc8ba3819d26e7975f.jpg","datePublished":"2025-01-24T08:29:08+00:00","dateModified":"2026-04-05T02:36:11+00:00","description":"Oplev Haikei Puden, et dejligt udtryk for komfort i en delikat lys gr\u00f8n nuance, der bringer en f\u00f8lelse af for\u00e5r ind i ethvert rum. Fremstillet af","breadcrumb":{"@id":"https:\/\/hubsch-interior.com\/da\/vare\/haikei-pude-lysegron\/#breadcrumb"},"inLanguage":"da-DK","potentialAction":[{"@type":"ReadAction","target":["https:\/\/hubsch-interior.com\/da\/vare\/haikei-pude-lysegron\/"]}]},{"@type":"ImageObject","inLanguage":"da-DK","@id":"https:\/\/hubsch-interior.com\/da\/vare\/haikei-pude-lysegron\/#primaryimage","url":"https:\/\/hubsch-interior.com\/wp-content\/uploads\/2026\/02\/haikei-cushion-light-green-e92ce633f4c421fc8ba3819d26e7975f.jpg","contentUrl":"https:\/\/hubsch-interior.com\/wp-content\/uploads\/2026\/02\/haikei-cushion-light-green-e92ce633f4c421fc8ba3819d26e7975f.jpg","width":1024,"height":1024},{"@type":"BreadcrumbList","@id":"https:\/\/hubsch-interior.com\/da\/vare\/haikei-pude-lysegron\/#breadcrumb","itemListElement":[{"@type":"ListItem","position":1,"name":"Forside","item":"https:\/\/hubsch-interior.com\/da\/"},{"@type":"ListItem","position":2,"name":"Produkter","item":"https:\/\/hubsch-interior.com\/da\/produkter\/"},{"@type":"ListItem","position":3,"name":"Tekstiler","item":"https:\/\/hubsch-interior.com\/da\/vare-kategori\/tekstiler\/"},{"@type":"ListItem","position":4,"name":"Haikei Pude Lysegr\u00f8n"}]},{"@type":"WebSite","@id":"https:\/\/hubsch-interior.com\/da\/#website","url":"https:\/\/hubsch-interior.com\/da\/","name":"H\u00fcbsch","description":"Danish Home Interior and Design","publisher":{"@id":"https:\/\/hubsch-interior.com\/da\/#organization"},"potentialAction":[{"@type":"SearchAction","target":{"@type":"EntryPoint","urlTemplate":"https:\/\/hubsch-interior.com\/da\/?s={search_term_string}"},"query-input":{"@type":"PropertyValueSpecification","valueRequired":true,"valueName":"search_term_string"}}],"inLanguage":"da-DK"},{"@type":"Organization","@id":"https:\/\/hubsch-interior.com\/da\/#organization","name":"H\u00fcbsch","url":"https:\/\/hubsch-interior.com\/da\/","logo":{"@type":"ImageObject","inLanguage":"da-DK","@id":"https:\/\/hubsch-interior.com\/da\/#\/schema\/logo\/image\/","url":"https:\/\/hubsch-interior.com\/wp-content\/uploads\/2022\/12\/Hubsch_logo_black_one_line.svg","contentUrl":"https:\/\/hubsch-interior.com\/wp-content\/uploads\/2022\/12\/Hubsch_logo_black_one_line.svg","caption":"H\u00fcbsch"},"image":{"@id":"https:\/\/hubsch-interior.com\/da\/#\/schema\/logo\/image\/"}}]}},"_links":{"self":[{"href":"https:\/\/hubsch-interior.com\/da\/wp-json\/wp\/v2\/product\/1008757","targetHints":{"allow":["GET"]}}],"collection":[{"href":"https:\/\/hubsch-interior.com\/da\/wp-json\/wp\/v2\/product"}],"about":[{"href":"https:\/\/hubsch-interior.com\/da\/wp-json\/wp\/v2\/types\/product"}],"wp:featuredmedia":[{"embeddable":true,"href":"https:\/\/hubsch-interior.com\/da\/wp-json\/wp\/v2\/media\/1098493"}],"wp:attachment":[{"href":"https:\/\/hubsch-interior.com\/da\/wp-json\/wp\/v2\/media?parent=1008757"}],"wp:term":[{"taxonomy":"product_brand","embeddable":true,"href":"https:\/\/hubsch-interior.com\/da\/wp-json\/wp\/v2\/product_brand?post=1008757"},{"taxonomy":"product_cat","embeddable":true,"href":"https:\/\/hubsch-interior.com\/da\/wp-json\/wp\/v2\/product_cat?post=1008757"},{"taxonomy":"product_tag","embeddable":true,"href":"https:\/\/hubsch-interior.com\/da\/wp-json\/wp\/v2\/product_tag?post=1008757"}],"curies":[{"name":"wp","href":"https:\/\/api.w.org\/{rel}","templated":true}]}}