{"id":1008785,"date":"2025-01-24T09:29:36","date_gmt":"2025-01-24T08:29:36","guid":{"rendered":"https:\/\/hubsch-interior.com\/product\/product\/"},"modified":"2026-04-05T04:36:15","modified_gmt":"2026-04-05T02:36:15","slug":"rhythmic-pude-beige-orange-sort","status":"publish","type":"product","link":"https:\/\/hubsch-interior.com\/da\/vare\/rhythmic-pude-beige-orange-sort\/","title":{"rendered":"Rhythmic Pude Beige\/Orange\/Sort"},"content":{"rendered":"<p>Oplev Rhythmic Pude, en dejlig kombination af komfort og stil, perfektioneret til dit yndlingshj\u00f8rne. Omsluttet i diskret beige, fremh\u00e6vet med sm\u00e5 st\u00e6nk af orange og gr\u00f8n v\u00e6vet sammen p\u00e5 en sandfarvet baggrund, bringer denne pude en beroligende palette, der komplementerer enhver indretning. OEKO-TEX\u00ae STANDARD 100-certificeret og h\u00e5ndlavet fra en hyggelig blanding af bomuld og polyester, sikrer ro i sindet og komfort. Dens kvadratiske m\u00f8nster udtrykker en blanding af rustik og skandinavisk f\u00f8lelse, ideel til at tilf\u00f8je et strejf af varme til dit personlige rum.<\/p>\n","protected":false},"excerpt":{"rendered":"<p>Oplev Rhythmic Pude, en dejlig kombination af komfort og stil, perfektioneret til dit yndlingshj\u00f8rne. Omsluttet i diskret beige, fremh\u00e6vet med sm\u00e5 st\u00e6nk af orange og gr\u00f8n v\u00e6vet sammen p\u00e5 en sandfarvet baggrund, bringer denne pude en beroligende palette, der komplementerer enhver indretning. OEKO-TEX\u00ae STANDARD 100-certificeret og h\u00e5ndlavet fra en hyggelig blanding af bomuld og polyester, [&hellip;]<\/p>\n","protected":false},"featured_media":1098509,"template":"","meta":{"_acf_changed":false,"inline_featured_image":false},"product_brand":[],"product_cat":[6996,3000,3001,5025],"product_tag":[],"class_list":{"0":"post-1008785","1":"product","2":"type-product","3":"status-publish","4":"has-post-thumbnail","6":"product_cat-the-buzz-da","7":"product_cat-tekstiler","8":"product_cat-puder-da","9":"product_cat-bestsellers-da","10":"product_shipping_class-pk","12":"pa_color-beige-2","13":"pa_color-orange-da","14":"pa_color-sort","16":"first","17":"instock","18":"featured","19":"taxable","20":"shipping-taxable","21":"purchasable","22":"product-type-simple"},"exclude_global_add_ons":[],"addons":[],"acf":[],"yoast_head":"<!-- This site is optimized with the Yoast SEO plugin v26.4 - https:\/\/yoast.com\/wordpress\/plugins\/seo\/ -->\n<title>Rhythmic Pude Beige\/Orange\/Sort - H\u00fcbsch<\/title>\n<meta name=\"description\" content=\"Oplev Rhythmic Pude, en dejlig kombination af komfort og stil, perfektioneret til dit yndlingshj\u00f8rne. Omsluttet i diskret beige, fremh\u00e6vet med sm\u00e5 st\u00e6nk\" \/>\n<meta name=\"robots\" content=\"index, follow, max-snippet:-1, max-image-preview:large, max-video-preview:-1\" \/>\n<link rel=\"canonical\" href=\"https:\/\/hubsch-interior.com\/da\/wp-json\/wp\/v2\/product\/1008785\" \/>\n<meta property=\"og:locale\" content=\"da_DK\" \/>\n<meta property=\"og:type\" content=\"article\" \/>\n<meta property=\"og:title\" content=\"Rhythmic Pude Beige\/Orange\/Sort - H\u00fcbsch\" \/>\n<meta property=\"og:description\" content=\"Oplev Rhythmic Pude, en dejlig kombination af komfort og stil, perfektioneret til dit yndlingshj\u00f8rne. Omsluttet i diskret beige, fremh\u00e6vet med sm\u00e5 st\u00e6nk\" \/>\n<meta property=\"og:url\" content=\"https:\/\/hubsch-interior.com\/da\/vare\/rhythmic-pude-beige-orange-sort\/\" \/>\n<meta property=\"og:site_name\" content=\"H\u00fcbsch\" \/>\n<meta property=\"article:modified_time\" content=\"2026-04-05T02:36:15+00:00\" \/>\n<meta property=\"og:image\" content=\"https:\/\/hubsch-interior.com\/wp-content\/uploads\/2026\/02\/rhythmic-cushion-beigeorangeblack-8d5ea188a346481eabf5d4ea309251eb.jpg\" \/>\n\t<meta property=\"og:image:width\" content=\"1024\" \/>\n\t<meta property=\"og:image:height\" content=\"1024\" \/>\n\t<meta property=\"og:image:type\" content=\"image\/jpeg\" \/>\n<meta name=\"twitter:card\" content=\"summary_large_image\" \/>\n<script type=\"application\/ld+json\" class=\"yoast-schema-graph\">{\"@context\":\"https:\/\/schema.org\",\"@graph\":[{\"@type\":\"WebPage\",\"@id\":\"https:\/\/hubsch-interior.com\/da\/vare\/rhythmic-pude-beige-orange-sort\/\",\"url\":\"https:\/\/hubsch-interior.com\/da\/vare\/rhythmic-pude-beige-orange-sort\/\",\"name\":\"Rhythmic Pude Beige\/Orange\/Sort - H\u00fcbsch\",\"isPartOf\":{\"@id\":\"https:\/\/hubsch-interior.com\/da\/#website\"},\"primaryImageOfPage\":{\"@id\":\"https:\/\/hubsch-interior.com\/da\/vare\/rhythmic-pude-beige-orange-sort\/#primaryimage\"},\"image\":{\"@id\":\"https:\/\/hubsch-interior.com\/da\/vare\/rhythmic-pude-beige-orange-sort\/#primaryimage\"},\"thumbnailUrl\":\"https:\/\/hubsch-interior.com\/wp-content\/uploads\/2026\/02\/rhythmic-cushion-beigeorangeblack-8d5ea188a346481eabf5d4ea309251eb.jpg\",\"datePublished\":\"2025-01-24T08:29:36+00:00\",\"dateModified\":\"2026-04-05T02:36:15+00:00\",\"description\":\"Oplev Rhythmic Pude, en dejlig kombination af komfort og stil, perfektioneret til dit yndlingshj\u00f8rne. Omsluttet i diskret beige, fremh\u00e6vet med sm\u00e5 st\u00e6nk\",\"breadcrumb\":{\"@id\":\"https:\/\/hubsch-interior.com\/da\/vare\/rhythmic-pude-beige-orange-sort\/#breadcrumb\"},\"inLanguage\":\"da-DK\",\"potentialAction\":[{\"@type\":\"ReadAction\",\"target\":[\"https:\/\/hubsch-interior.com\/da\/vare\/rhythmic-pude-beige-orange-sort\/\"]}]},{\"@type\":\"ImageObject\",\"inLanguage\":\"da-DK\",\"@id\":\"https:\/\/hubsch-interior.com\/da\/vare\/rhythmic-pude-beige-orange-sort\/#primaryimage\",\"url\":\"https:\/\/hubsch-interior.com\/wp-content\/uploads\/2026\/02\/rhythmic-cushion-beigeorangeblack-8d5ea188a346481eabf5d4ea309251eb.jpg\",\"contentUrl\":\"https:\/\/hubsch-interior.com\/wp-content\/uploads\/2026\/02\/rhythmic-cushion-beigeorangeblack-8d5ea188a346481eabf5d4ea309251eb.jpg\",\"width\":1024,\"height\":1024},{\"@type\":\"BreadcrumbList\",\"@id\":\"https:\/\/hubsch-interior.com\/da\/vare\/rhythmic-pude-beige-orange-sort\/#breadcrumb\",\"itemListElement\":[{\"@type\":\"ListItem\",\"position\":1,\"name\":\"Forside\",\"item\":\"https:\/\/hubsch-interior.com\/da\/\"},{\"@type\":\"ListItem\",\"position\":2,\"name\":\"Produkter\",\"item\":\"https:\/\/hubsch-interior.com\/da\/produkter\/\"},{\"@type\":\"ListItem\",\"position\":3,\"name\":\"Tekstiler\",\"item\":\"https:\/\/hubsch-interior.com\/da\/vare-kategori\/tekstiler\/\"},{\"@type\":\"ListItem\",\"position\":4,\"name\":\"Rhythmic Pude Beige\/Orange\/Sort\"}]},{\"@type\":\"WebSite\",\"@id\":\"https:\/\/hubsch-interior.com\/da\/#website\",\"url\":\"https:\/\/hubsch-interior.com\/da\/\",\"name\":\"H\u00fcbsch\",\"description\":\"Danish Home Interior and Design\",\"publisher\":{\"@id\":\"https:\/\/hubsch-interior.com\/da\/#organization\"},\"potentialAction\":[{\"@type\":\"SearchAction\",\"target\":{\"@type\":\"EntryPoint\",\"urlTemplate\":\"https:\/\/hubsch-interior.com\/da\/?s={search_term_string}\"},\"query-input\":{\"@type\":\"PropertyValueSpecification\",\"valueRequired\":true,\"valueName\":\"search_term_string\"}}],\"inLanguage\":\"da-DK\"},{\"@type\":\"Organization\",\"@id\":\"https:\/\/hubsch-interior.com\/da\/#organization\",\"name\":\"H\u00fcbsch\",\"url\":\"https:\/\/hubsch-interior.com\/da\/\",\"logo\":{\"@type\":\"ImageObject\",\"inLanguage\":\"da-DK\",\"@id\":\"https:\/\/hubsch-interior.com\/da\/#\/schema\/logo\/image\/\",\"url\":\"https:\/\/hubsch-interior.com\/wp-content\/uploads\/2022\/12\/Hubsch_logo_black_one_line.svg\",\"contentUrl\":\"https:\/\/hubsch-interior.com\/wp-content\/uploads\/2022\/12\/Hubsch_logo_black_one_line.svg\",\"caption\":\"H\u00fcbsch\"},\"image\":{\"@id\":\"https:\/\/hubsch-interior.com\/da\/#\/schema\/logo\/image\/\"}}]}<\/script>\n<!-- \/ Yoast SEO plugin. -->","yoast_head_json":{"title":"Rhythmic Pude Beige\/Orange\/Sort - H\u00fcbsch","description":"Oplev Rhythmic Pude, en dejlig kombination af komfort og stil, perfektioneret til dit yndlingshj\u00f8rne. Omsluttet i diskret beige, fremh\u00e6vet med sm\u00e5 st\u00e6nk","robots":{"index":"index","follow":"follow","max-snippet":"max-snippet:-1","max-image-preview":"max-image-preview:large","max-video-preview":"max-video-preview:-1"},"canonical":"https:\/\/hubsch-interior.com\/da\/wp-json\/wp\/v2\/product\/1008785","og_locale":"da_DK","og_type":"article","og_title":"Rhythmic Pude Beige\/Orange\/Sort - H\u00fcbsch","og_description":"Oplev Rhythmic Pude, en dejlig kombination af komfort og stil, perfektioneret til dit yndlingshj\u00f8rne. Omsluttet i diskret beige, fremh\u00e6vet med sm\u00e5 st\u00e6nk","og_url":"https:\/\/hubsch-interior.com\/da\/vare\/rhythmic-pude-beige-orange-sort\/","og_site_name":"H\u00fcbsch","article_modified_time":"2026-04-05T02:36:15+00:00","og_image":[{"width":1024,"height":1024,"url":"https:\/\/hubsch-interior.com\/wp-content\/uploads\/2026\/02\/rhythmic-cushion-beigeorangeblack-8d5ea188a346481eabf5d4ea309251eb.jpg","type":"image\/jpeg"}],"twitter_card":"summary_large_image","schema":{"@context":"https:\/\/schema.org","@graph":[{"@type":"WebPage","@id":"https:\/\/hubsch-interior.com\/da\/vare\/rhythmic-pude-beige-orange-sort\/","url":"https:\/\/hubsch-interior.com\/da\/vare\/rhythmic-pude-beige-orange-sort\/","name":"Rhythmic Pude Beige\/Orange\/Sort - H\u00fcbsch","isPartOf":{"@id":"https:\/\/hubsch-interior.com\/da\/#website"},"primaryImageOfPage":{"@id":"https:\/\/hubsch-interior.com\/da\/vare\/rhythmic-pude-beige-orange-sort\/#primaryimage"},"image":{"@id":"https:\/\/hubsch-interior.com\/da\/vare\/rhythmic-pude-beige-orange-sort\/#primaryimage"},"thumbnailUrl":"https:\/\/hubsch-interior.com\/wp-content\/uploads\/2026\/02\/rhythmic-cushion-beigeorangeblack-8d5ea188a346481eabf5d4ea309251eb.jpg","datePublished":"2025-01-24T08:29:36+00:00","dateModified":"2026-04-05T02:36:15+00:00","description":"Oplev Rhythmic Pude, en dejlig kombination af komfort og stil, perfektioneret til dit yndlingshj\u00f8rne. Omsluttet i diskret beige, fremh\u00e6vet med sm\u00e5 st\u00e6nk","breadcrumb":{"@id":"https:\/\/hubsch-interior.com\/da\/vare\/rhythmic-pude-beige-orange-sort\/#breadcrumb"},"inLanguage":"da-DK","potentialAction":[{"@type":"ReadAction","target":["https:\/\/hubsch-interior.com\/da\/vare\/rhythmic-pude-beige-orange-sort\/"]}]},{"@type":"ImageObject","inLanguage":"da-DK","@id":"https:\/\/hubsch-interior.com\/da\/vare\/rhythmic-pude-beige-orange-sort\/#primaryimage","url":"https:\/\/hubsch-interior.com\/wp-content\/uploads\/2026\/02\/rhythmic-cushion-beigeorangeblack-8d5ea188a346481eabf5d4ea309251eb.jpg","contentUrl":"https:\/\/hubsch-interior.com\/wp-content\/uploads\/2026\/02\/rhythmic-cushion-beigeorangeblack-8d5ea188a346481eabf5d4ea309251eb.jpg","width":1024,"height":1024},{"@type":"BreadcrumbList","@id":"https:\/\/hubsch-interior.com\/da\/vare\/rhythmic-pude-beige-orange-sort\/#breadcrumb","itemListElement":[{"@type":"ListItem","position":1,"name":"Forside","item":"https:\/\/hubsch-interior.com\/da\/"},{"@type":"ListItem","position":2,"name":"Produkter","item":"https:\/\/hubsch-interior.com\/da\/produkter\/"},{"@type":"ListItem","position":3,"name":"Tekstiler","item":"https:\/\/hubsch-interior.com\/da\/vare-kategori\/tekstiler\/"},{"@type":"ListItem","position":4,"name":"Rhythmic Pude Beige\/Orange\/Sort"}]},{"@type":"WebSite","@id":"https:\/\/hubsch-interior.com\/da\/#website","url":"https:\/\/hubsch-interior.com\/da\/","name":"H\u00fcbsch","description":"Danish Home Interior and Design","publisher":{"@id":"https:\/\/hubsch-interior.com\/da\/#organization"},"potentialAction":[{"@type":"SearchAction","target":{"@type":"EntryPoint","urlTemplate":"https:\/\/hubsch-interior.com\/da\/?s={search_term_string}"},"query-input":{"@type":"PropertyValueSpecification","valueRequired":true,"valueName":"search_term_string"}}],"inLanguage":"da-DK"},{"@type":"Organization","@id":"https:\/\/hubsch-interior.com\/da\/#organization","name":"H\u00fcbsch","url":"https:\/\/hubsch-interior.com\/da\/","logo":{"@type":"ImageObject","inLanguage":"da-DK","@id":"https:\/\/hubsch-interior.com\/da\/#\/schema\/logo\/image\/","url":"https:\/\/hubsch-interior.com\/wp-content\/uploads\/2022\/12\/Hubsch_logo_black_one_line.svg","contentUrl":"https:\/\/hubsch-interior.com\/wp-content\/uploads\/2022\/12\/Hubsch_logo_black_one_line.svg","caption":"H\u00fcbsch"},"image":{"@id":"https:\/\/hubsch-interior.com\/da\/#\/schema\/logo\/image\/"}}]}},"_links":{"self":[{"href":"https:\/\/hubsch-interior.com\/da\/wp-json\/wp\/v2\/product\/1008785","targetHints":{"allow":["GET"]}}],"collection":[{"href":"https:\/\/hubsch-interior.com\/da\/wp-json\/wp\/v2\/product"}],"about":[{"href":"https:\/\/hubsch-interior.com\/da\/wp-json\/wp\/v2\/types\/product"}],"wp:featuredmedia":[{"embeddable":true,"href":"https:\/\/hubsch-interior.com\/da\/wp-json\/wp\/v2\/media\/1098509"}],"wp:attachment":[{"href":"https:\/\/hubsch-interior.com\/da\/wp-json\/wp\/v2\/media?parent=1008785"}],"wp:term":[{"taxonomy":"product_brand","embeddable":true,"href":"https:\/\/hubsch-interior.com\/da\/wp-json\/wp\/v2\/product_brand?post=1008785"},{"taxonomy":"product_cat","embeddable":true,"href":"https:\/\/hubsch-interior.com\/da\/wp-json\/wp\/v2\/product_cat?post=1008785"},{"taxonomy":"product_tag","embeddable":true,"href":"https:\/\/hubsch-interior.com\/da\/wp-json\/wp\/v2\/product_tag?post=1008785"}],"curies":[{"name":"wp","href":"https:\/\/api.w.org\/{rel}","templated":true}]}}