{"id":1008801,"date":"2025-01-24T09:30:05","date_gmt":"2025-01-24T08:30:05","guid":{"rendered":"https:\/\/hubsch-interior.com\/product\/product\/"},"modified":"2026-04-14T04:44:45","modified_gmt":"2026-04-14T02:44:45","slug":"yuka-potte-gron-saet-af-2","status":"publish","type":"product","link":"https:\/\/hubsch-interior.com\/da\/vare\/yuka-potte-gron-saet-af-2\/","title":{"rendered":"Yuka Potte Gr\u00f8n (s\u00e6t af 2)"},"content":{"rendered":"<p>Pr\u00e6senterer vores Yuka Potter, et charmerende s\u00e6t designet til at forsk\u00f8nne ethvert hj\u00f8rne af dit hjem med et strejf af rustik charme. Disse store gulvpotter, tilg\u00e6ngelige i en beroligende gr\u00f8n nuance, er perfekte til at omfavne dine favorit indend\u00f8rs planter. Hvert s\u00e6t kommer med to st\u00f8rrelser, hvilket giver dig mulighed for nemt at mixe og matche din gr\u00f8nne beplantning. Fremstillet til dem, der v\u00e6rds\u00e6tter sk\u00f8nheden i et rustikt udseende, vil disse potter forvandle dit opholdsrum til en frodig indend\u00f8rs oase.<\/p>\n","protected":false},"excerpt":{"rendered":"<p>Pr\u00e6senterer vores Yuka Potter, et charmerende s\u00e6t designet til at forsk\u00f8nne ethvert hj\u00f8rne af dit hjem med et strejf af rustik charme. Disse store gulvpotter, tilg\u00e6ngelige i en beroligende gr\u00f8n nuance, er perfekte til at omfavne dine favorit indend\u00f8rs planter. Hvert s\u00e6t kommer med to st\u00f8rrelser, hvilket giver dig mulighed for nemt at mixe og [&hellip;]<\/p>\n","protected":false},"featured_media":1100939,"template":"","meta":{"_acf_changed":false,"inline_featured_image":false},"product_brand":[],"product_cat":[6996,4912,4923,5025],"product_tag":[],"class_list":{"0":"post-1008801","1":"product","2":"type-product","3":"status-publish","4":"has-post-thumbnail","6":"product_cat-the-buzz-da","7":"product_cat-potter-vandkander-da","8":"product_cat-potteskjulere-da","9":"product_cat-bestsellers-da","10":"product_shipping_class-pk","12":"pa_color-grn","13":"pa_material-keramik-da","15":"first","16":"instock","17":"featured","18":"taxable","19":"shipping-taxable","20":"purchasable","21":"product-type-simple"},"exclude_global_add_ons":[],"addons":[],"acf":[],"yoast_head":"<!-- This site is optimized with the Yoast SEO plugin v26.4 - https:\/\/yoast.com\/wordpress\/plugins\/seo\/ -->\n<title>Yuka Potte Gr\u00f8n (s\u00e6t af 2) - H\u00fcbsch<\/title>\n<meta name=\"description\" content=\"Pr\u00e6senterer vores Yuka Potter, et charmerende s\u00e6t designet til at forsk\u00f8nne ethvert hj\u00f8rne af dit hjem med et strejf af rustik charme. Disse store\" \/>\n<meta name=\"robots\" content=\"index, follow, max-snippet:-1, max-image-preview:large, max-video-preview:-1\" \/>\n<link rel=\"canonical\" href=\"https:\/\/hubsch-interior.com\/da\/wp-json\/wp\/v2\/product\/1008801\" \/>\n<meta property=\"og:locale\" content=\"da_DK\" \/>\n<meta property=\"og:type\" content=\"article\" \/>\n<meta property=\"og:title\" content=\"Yuka Potte Gr\u00f8n (s\u00e6t af 2) - H\u00fcbsch\" \/>\n<meta property=\"og:description\" content=\"Pr\u00e6senterer vores Yuka Potter, et charmerende s\u00e6t designet til at forsk\u00f8nne ethvert hj\u00f8rne af dit hjem med et strejf af rustik charme. Disse store\" \/>\n<meta property=\"og:url\" content=\"https:\/\/hubsch-interior.com\/da\/vare\/yuka-potte-gron-saet-af-2\/\" \/>\n<meta property=\"og:site_name\" content=\"H\u00fcbsch\" \/>\n<meta property=\"article:modified_time\" content=\"2026-04-14T02:44:45+00:00\" \/>\n<meta property=\"og:image\" content=\"https:\/\/hubsch-interior.com\/wp-content\/uploads\/2025\/04\/yuka-pots-green-set-of-2-2389ddfc0ae422e52727b0b7cd1a2567.jpg\" \/>\n\t<meta property=\"og:image:width\" content=\"1200\" \/>\n\t<meta property=\"og:image:height\" content=\"1200\" \/>\n\t<meta property=\"og:image:type\" content=\"image\/jpeg\" \/>\n<meta name=\"twitter:card\" content=\"summary_large_image\" \/>\n<script type=\"application\/ld+json\" class=\"yoast-schema-graph\">{\"@context\":\"https:\/\/schema.org\",\"@graph\":[{\"@type\":\"WebPage\",\"@id\":\"https:\/\/hubsch-interior.com\/da\/vare\/yuka-potte-gron-saet-af-2\/\",\"url\":\"https:\/\/hubsch-interior.com\/da\/vare\/yuka-potte-gron-saet-af-2\/\",\"name\":\"Yuka Potte Gr\u00f8n (s\u00e6t af 2) - H\u00fcbsch\",\"isPartOf\":{\"@id\":\"https:\/\/hubsch-interior.com\/da\/#website\"},\"primaryImageOfPage\":{\"@id\":\"https:\/\/hubsch-interior.com\/da\/vare\/yuka-potte-gron-saet-af-2\/#primaryimage\"},\"image\":{\"@id\":\"https:\/\/hubsch-interior.com\/da\/vare\/yuka-potte-gron-saet-af-2\/#primaryimage\"},\"thumbnailUrl\":\"https:\/\/hubsch-interior.com\/wp-content\/uploads\/2026\/02\/yuka-pots-green-set-of-2-bab7c5ae4209b6850750ebf2a98fcc66.jpg\",\"datePublished\":\"2025-01-24T08:30:05+00:00\",\"dateModified\":\"2026-04-14T02:44:45+00:00\",\"description\":\"Pr\u00e6senterer vores Yuka Potter, et charmerende s\u00e6t designet til at forsk\u00f8nne ethvert hj\u00f8rne af dit hjem med et strejf af rustik charme. Disse store\",\"breadcrumb\":{\"@id\":\"https:\/\/hubsch-interior.com\/da\/vare\/yuka-potte-gron-saet-af-2\/#breadcrumb\"},\"inLanguage\":\"da-DK\",\"potentialAction\":[{\"@type\":\"ReadAction\",\"target\":[\"https:\/\/hubsch-interior.com\/da\/vare\/yuka-potte-gron-saet-af-2\/\"]}]},{\"@type\":\"ImageObject\",\"inLanguage\":\"da-DK\",\"@id\":\"https:\/\/hubsch-interior.com\/da\/vare\/yuka-potte-gron-saet-af-2\/#primaryimage\",\"url\":\"https:\/\/hubsch-interior.com\/wp-content\/uploads\/2026\/02\/yuka-pots-green-set-of-2-bab7c5ae4209b6850750ebf2a98fcc66.jpg\",\"contentUrl\":\"https:\/\/hubsch-interior.com\/wp-content\/uploads\/2026\/02\/yuka-pots-green-set-of-2-bab7c5ae4209b6850750ebf2a98fcc66.jpg\",\"width\":1024,\"height\":1024},{\"@type\":\"BreadcrumbList\",\"@id\":\"https:\/\/hubsch-interior.com\/da\/vare\/yuka-potte-gron-saet-af-2\/#breadcrumb\",\"itemListElement\":[{\"@type\":\"ListItem\",\"position\":1,\"name\":\"Forside\",\"item\":\"https:\/\/hubsch-interior.com\/da\/\"},{\"@type\":\"ListItem\",\"position\":2,\"name\":\"Produkter\",\"item\":\"https:\/\/hubsch-interior.com\/da\/produkter\/\"},{\"@type\":\"ListItem\",\"position\":3,\"name\":\"Boligtilbeh\u00f8r\",\"item\":\"https:\/\/hubsch-interior.com\/da\/vare-kategori\/boligtilbehor\/\"},{\"@type\":\"ListItem\",\"position\":4,\"name\":\"Potter &amp; vandkander\",\"item\":\"https:\/\/hubsch-interior.com\/da\/vare-kategori\/boligtilbehor\/potter-vandkander-da\/\"},{\"@type\":\"ListItem\",\"position\":5,\"name\":\"Potteskjulere\",\"item\":\"https:\/\/hubsch-interior.com\/da\/vare-kategori\/boligtilbehor\/potter-vandkander-da\/potteskjulere-da\/\"},{\"@type\":\"ListItem\",\"position\":6,\"name\":\"Yuka Potte Gr\u00f8n (s\u00e6t af 2)\"}]},{\"@type\":\"WebSite\",\"@id\":\"https:\/\/hubsch-interior.com\/da\/#website\",\"url\":\"https:\/\/hubsch-interior.com\/da\/\",\"name\":\"H\u00fcbsch\",\"description\":\"Danish Home Interior and Design\",\"publisher\":{\"@id\":\"https:\/\/hubsch-interior.com\/da\/#organization\"},\"potentialAction\":[{\"@type\":\"SearchAction\",\"target\":{\"@type\":\"EntryPoint\",\"urlTemplate\":\"https:\/\/hubsch-interior.com\/da\/?s={search_term_string}\"},\"query-input\":{\"@type\":\"PropertyValueSpecification\",\"valueRequired\":true,\"valueName\":\"search_term_string\"}}],\"inLanguage\":\"da-DK\"},{\"@type\":\"Organization\",\"@id\":\"https:\/\/hubsch-interior.com\/da\/#organization\",\"name\":\"H\u00fcbsch\",\"url\":\"https:\/\/hubsch-interior.com\/da\/\",\"logo\":{\"@type\":\"ImageObject\",\"inLanguage\":\"da-DK\",\"@id\":\"https:\/\/hubsch-interior.com\/da\/#\/schema\/logo\/image\/\",\"url\":\"https:\/\/hubsch-interior.com\/wp-content\/uploads\/2022\/12\/Hubsch_logo_black_one_line.svg\",\"contentUrl\":\"https:\/\/hubsch-interior.com\/wp-content\/uploads\/2022\/12\/Hubsch_logo_black_one_line.svg\",\"caption\":\"H\u00fcbsch\"},\"image\":{\"@id\":\"https:\/\/hubsch-interior.com\/da\/#\/schema\/logo\/image\/\"}}]}<\/script>\n<!-- \/ Yoast SEO plugin. -->","yoast_head_json":{"title":"Yuka Potte Gr\u00f8n (s\u00e6t af 2) - H\u00fcbsch","description":"Pr\u00e6senterer vores Yuka Potter, et charmerende s\u00e6t designet til at forsk\u00f8nne ethvert hj\u00f8rne af dit hjem med et strejf af rustik charme. Disse store","robots":{"index":"index","follow":"follow","max-snippet":"max-snippet:-1","max-image-preview":"max-image-preview:large","max-video-preview":"max-video-preview:-1"},"canonical":"https:\/\/hubsch-interior.com\/da\/wp-json\/wp\/v2\/product\/1008801","og_locale":"da_DK","og_type":"article","og_title":"Yuka Potte Gr\u00f8n (s\u00e6t af 2) - H\u00fcbsch","og_description":"Pr\u00e6senterer vores Yuka Potter, et charmerende s\u00e6t designet til at forsk\u00f8nne ethvert hj\u00f8rne af dit hjem med et strejf af rustik charme. Disse store","og_url":"https:\/\/hubsch-interior.com\/da\/vare\/yuka-potte-gron-saet-af-2\/","og_site_name":"H\u00fcbsch","article_modified_time":"2026-04-14T02:44:45+00:00","og_image":[{"width":1200,"height":1200,"url":"https:\/\/hubsch-interior.com\/wp-content\/uploads\/2025\/04\/yuka-pots-green-set-of-2-2389ddfc0ae422e52727b0b7cd1a2567.jpg","type":"image\/jpeg"}],"twitter_card":"summary_large_image","schema":{"@context":"https:\/\/schema.org","@graph":[{"@type":"WebPage","@id":"https:\/\/hubsch-interior.com\/da\/vare\/yuka-potte-gron-saet-af-2\/","url":"https:\/\/hubsch-interior.com\/da\/vare\/yuka-potte-gron-saet-af-2\/","name":"Yuka Potte Gr\u00f8n (s\u00e6t af 2) - H\u00fcbsch","isPartOf":{"@id":"https:\/\/hubsch-interior.com\/da\/#website"},"primaryImageOfPage":{"@id":"https:\/\/hubsch-interior.com\/da\/vare\/yuka-potte-gron-saet-af-2\/#primaryimage"},"image":{"@id":"https:\/\/hubsch-interior.com\/da\/vare\/yuka-potte-gron-saet-af-2\/#primaryimage"},"thumbnailUrl":"https:\/\/hubsch-interior.com\/wp-content\/uploads\/2026\/02\/yuka-pots-green-set-of-2-bab7c5ae4209b6850750ebf2a98fcc66.jpg","datePublished":"2025-01-24T08:30:05+00:00","dateModified":"2026-04-14T02:44:45+00:00","description":"Pr\u00e6senterer vores Yuka Potter, et charmerende s\u00e6t designet til at forsk\u00f8nne ethvert hj\u00f8rne af dit hjem med et strejf af rustik charme. Disse store","breadcrumb":{"@id":"https:\/\/hubsch-interior.com\/da\/vare\/yuka-potte-gron-saet-af-2\/#breadcrumb"},"inLanguage":"da-DK","potentialAction":[{"@type":"ReadAction","target":["https:\/\/hubsch-interior.com\/da\/vare\/yuka-potte-gron-saet-af-2\/"]}]},{"@type":"ImageObject","inLanguage":"da-DK","@id":"https:\/\/hubsch-interior.com\/da\/vare\/yuka-potte-gron-saet-af-2\/#primaryimage","url":"https:\/\/hubsch-interior.com\/wp-content\/uploads\/2026\/02\/yuka-pots-green-set-of-2-bab7c5ae4209b6850750ebf2a98fcc66.jpg","contentUrl":"https:\/\/hubsch-interior.com\/wp-content\/uploads\/2026\/02\/yuka-pots-green-set-of-2-bab7c5ae4209b6850750ebf2a98fcc66.jpg","width":1024,"height":1024},{"@type":"BreadcrumbList","@id":"https:\/\/hubsch-interior.com\/da\/vare\/yuka-potte-gron-saet-af-2\/#breadcrumb","itemListElement":[{"@type":"ListItem","position":1,"name":"Forside","item":"https:\/\/hubsch-interior.com\/da\/"},{"@type":"ListItem","position":2,"name":"Produkter","item":"https:\/\/hubsch-interior.com\/da\/produkter\/"},{"@type":"ListItem","position":3,"name":"Boligtilbeh\u00f8r","item":"https:\/\/hubsch-interior.com\/da\/vare-kategori\/boligtilbehor\/"},{"@type":"ListItem","position":4,"name":"Potter &amp; vandkander","item":"https:\/\/hubsch-interior.com\/da\/vare-kategori\/boligtilbehor\/potter-vandkander-da\/"},{"@type":"ListItem","position":5,"name":"Potteskjulere","item":"https:\/\/hubsch-interior.com\/da\/vare-kategori\/boligtilbehor\/potter-vandkander-da\/potteskjulere-da\/"},{"@type":"ListItem","position":6,"name":"Yuka Potte Gr\u00f8n (s\u00e6t af 2)"}]},{"@type":"WebSite","@id":"https:\/\/hubsch-interior.com\/da\/#website","url":"https:\/\/hubsch-interior.com\/da\/","name":"H\u00fcbsch","description":"Danish Home Interior and Design","publisher":{"@id":"https:\/\/hubsch-interior.com\/da\/#organization"},"potentialAction":[{"@type":"SearchAction","target":{"@type":"EntryPoint","urlTemplate":"https:\/\/hubsch-interior.com\/da\/?s={search_term_string}"},"query-input":{"@type":"PropertyValueSpecification","valueRequired":true,"valueName":"search_term_string"}}],"inLanguage":"da-DK"},{"@type":"Organization","@id":"https:\/\/hubsch-interior.com\/da\/#organization","name":"H\u00fcbsch","url":"https:\/\/hubsch-interior.com\/da\/","logo":{"@type":"ImageObject","inLanguage":"da-DK","@id":"https:\/\/hubsch-interior.com\/da\/#\/schema\/logo\/image\/","url":"https:\/\/hubsch-interior.com\/wp-content\/uploads\/2022\/12\/Hubsch_logo_black_one_line.svg","contentUrl":"https:\/\/hubsch-interior.com\/wp-content\/uploads\/2022\/12\/Hubsch_logo_black_one_line.svg","caption":"H\u00fcbsch"},"image":{"@id":"https:\/\/hubsch-interior.com\/da\/#\/schema\/logo\/image\/"}}]}},"_links":{"self":[{"href":"https:\/\/hubsch-interior.com\/da\/wp-json\/wp\/v2\/product\/1008801","targetHints":{"allow":["GET"]}}],"collection":[{"href":"https:\/\/hubsch-interior.com\/da\/wp-json\/wp\/v2\/product"}],"about":[{"href":"https:\/\/hubsch-interior.com\/da\/wp-json\/wp\/v2\/types\/product"}],"wp:featuredmedia":[{"embeddable":true,"href":"https:\/\/hubsch-interior.com\/da\/wp-json\/wp\/v2\/media\/1100939"}],"wp:attachment":[{"href":"https:\/\/hubsch-interior.com\/da\/wp-json\/wp\/v2\/media?parent=1008801"}],"wp:term":[{"taxonomy":"product_brand","embeddable":true,"href":"https:\/\/hubsch-interior.com\/da\/wp-json\/wp\/v2\/product_brand?post=1008801"},{"taxonomy":"product_cat","embeddable":true,"href":"https:\/\/hubsch-interior.com\/da\/wp-json\/wp\/v2\/product_cat?post=1008801"},{"taxonomy":"product_tag","embeddable":true,"href":"https:\/\/hubsch-interior.com\/da\/wp-json\/wp\/v2\/product_tag?post=1008801"}],"curies":[{"name":"wp","href":"https:\/\/api.w.org\/{rel}","templated":true}]}}