{"id":1008825,"date":"2025-01-24T09:30:33","date_gmt":"2025-01-24T08:30:33","guid":{"rendered":"https:\/\/hubsch-interior.com\/product\/product\/"},"modified":"2026-04-30T04:45:07","modified_gmt":"2026-04-30T02:45:07","slug":"normu-potte-brun-gron-saet-af-2","status":"publish","type":"product","link":"https:\/\/hubsch-interior.com\/da\/vare\/normu-potte-brun-gron-saet-af-2\/","title":{"rendered":"Normu Potte Brun\/Gr\u00f8n (s\u00e6t af 2)"},"content":{"rendered":"<p>Normu Potte, et f\u00e6ngende s\u00e6t i gr\u00f8nne og lerbrune farver, der smelter sammen med din hjemmeindretning. Fremstillet med n\u00f8je opm\u00e6rksomhed, udstr\u00e5ler disse potter et naturligt og r\u00e5t look med en jordn\u00e6r charme. Perfekte til at huse dine indend\u00f8rs planter, skaber Normu Potte et meget naturligt samspil og omdanner dit opholdsrum til en fredfyldt oase. L\u00f8ft din indretning med dette uds\u00f8gte, h\u00e5ndlavede tilf\u00f8jelse, hvor natur m\u00f8der kunsth\u00e5ndv\u00e6rk.<\/p>\n","protected":false},"excerpt":{"rendered":"<p>Normu Potte, et f\u00e6ngende s\u00e6t i gr\u00f8nne og lerbrune farver, der smelter sammen med din hjemmeindretning. Fremstillet med n\u00f8je opm\u00e6rksomhed, udstr\u00e5ler disse potter et naturligt og r\u00e5t look med en jordn\u00e6r charme. Perfekte til at huse dine indend\u00f8rs planter, skaber Normu Potte et meget naturligt samspil og omdanner dit opholdsrum til en fredfyldt oase. L\u00f8ft [&hellip;]<\/p>\n","protected":false},"featured_media":1100951,"template":"","meta":{"_acf_changed":false,"inline_featured_image":false},"product_brand":[],"product_cat":[6996,4912,4923],"product_tag":[],"class_list":{"0":"post-1008825","1":"product","2":"type-product","3":"status-publish","4":"has-post-thumbnail","6":"product_cat-the-buzz-da","7":"product_cat-potter-vandkander-da","8":"product_cat-potteskjulere-da","9":"product_shipping_class-pk","10":"pa_color-brun","11":"pa_color-grn","12":"pa_material-keramik-da","14":"first","15":"instock","16":"taxable","17":"shipping-taxable","18":"purchasable","19":"product-type-simple"},"exclude_global_add_ons":[],"addons":[],"acf":[],"yoast_head":"<!-- This site is optimized with the Yoast SEO plugin v26.4 - https:\/\/yoast.com\/wordpress\/plugins\/seo\/ -->\n<title>Normu Potte Brun\/Gr\u00f8n (s\u00e6t af 2) - H\u00fcbsch<\/title>\n<meta name=\"description\" content=\"Normu Potte, et f\u00e6ngende s\u00e6t i gr\u00f8nne og lerbrune farver, der smelter sammen med din hjemmeindretning. Fremstillet med n\u00f8je opm\u00e6rksomhed, udstr\u00e5ler disse\" \/>\n<meta name=\"robots\" content=\"index, follow, max-snippet:-1, max-image-preview:large, max-video-preview:-1\" \/>\n<link rel=\"canonical\" href=\"https:\/\/hubsch-interior.com\/da\/wp-json\/wp\/v2\/product\/1008825\" \/>\n<meta property=\"og:locale\" content=\"da_DK\" \/>\n<meta property=\"og:type\" content=\"article\" \/>\n<meta property=\"og:title\" content=\"Normu Potte Brun\/Gr\u00f8n (s\u00e6t af 2) - H\u00fcbsch\" \/>\n<meta property=\"og:description\" content=\"Normu Potte, et f\u00e6ngende s\u00e6t i gr\u00f8nne og lerbrune farver, der smelter sammen med din hjemmeindretning. Fremstillet med n\u00f8je opm\u00e6rksomhed, udstr\u00e5ler disse\" \/>\n<meta property=\"og:url\" content=\"https:\/\/hubsch-interior.com\/da\/vare\/normu-potte-brun-gron-saet-af-2\/\" \/>\n<meta property=\"og:site_name\" content=\"H\u00fcbsch\" \/>\n<meta property=\"article:modified_time\" content=\"2026-04-30T02:45:07+00:00\" \/>\n<meta property=\"og:image\" content=\"https:\/\/hubsch-interior.com\/wp-content\/uploads\/2025\/04\/normu-pots-browngreen-set-of-2-2b9f1c1abd8d0d617451ad0a991b6d97.jpg\" \/>\n\t<meta property=\"og:image:width\" content=\"1200\" \/>\n\t<meta property=\"og:image:height\" content=\"1200\" \/>\n\t<meta property=\"og:image:type\" content=\"image\/jpeg\" \/>\n<meta name=\"twitter:card\" content=\"summary_large_image\" \/>\n<script type=\"application\/ld+json\" class=\"yoast-schema-graph\">{\"@context\":\"https:\/\/schema.org\",\"@graph\":[{\"@type\":\"WebPage\",\"@id\":\"https:\/\/hubsch-interior.com\/da\/vare\/normu-potte-brun-gron-saet-af-2\/\",\"url\":\"https:\/\/hubsch-interior.com\/da\/vare\/normu-potte-brun-gron-saet-af-2\/\",\"name\":\"Normu Potte Brun\/Gr\u00f8n (s\u00e6t af 2) - H\u00fcbsch\",\"isPartOf\":{\"@id\":\"https:\/\/hubsch-interior.com\/da\/#website\"},\"primaryImageOfPage\":{\"@id\":\"https:\/\/hubsch-interior.com\/da\/vare\/normu-potte-brun-gron-saet-af-2\/#primaryimage\"},\"image\":{\"@id\":\"https:\/\/hubsch-interior.com\/da\/vare\/normu-potte-brun-gron-saet-af-2\/#primaryimage\"},\"thumbnailUrl\":\"https:\/\/hubsch-interior.com\/wp-content\/uploads\/2026\/02\/normu-pots-browngreen-set-of-2-0ed1c174be54ab69720fe201c52f4bc5.jpg\",\"datePublished\":\"2025-01-24T08:30:33+00:00\",\"dateModified\":\"2026-04-30T02:45:07+00:00\",\"description\":\"Normu Potte, et f\u00e6ngende s\u00e6t i gr\u00f8nne og lerbrune farver, der smelter sammen med din hjemmeindretning. Fremstillet med n\u00f8je opm\u00e6rksomhed, udstr\u00e5ler disse\",\"breadcrumb\":{\"@id\":\"https:\/\/hubsch-interior.com\/da\/vare\/normu-potte-brun-gron-saet-af-2\/#breadcrumb\"},\"inLanguage\":\"da-DK\",\"potentialAction\":[{\"@type\":\"ReadAction\",\"target\":[\"https:\/\/hubsch-interior.com\/da\/vare\/normu-potte-brun-gron-saet-af-2\/\"]}]},{\"@type\":\"ImageObject\",\"inLanguage\":\"da-DK\",\"@id\":\"https:\/\/hubsch-interior.com\/da\/vare\/normu-potte-brun-gron-saet-af-2\/#primaryimage\",\"url\":\"https:\/\/hubsch-interior.com\/wp-content\/uploads\/2026\/02\/normu-pots-browngreen-set-of-2-0ed1c174be54ab69720fe201c52f4bc5.jpg\",\"contentUrl\":\"https:\/\/hubsch-interior.com\/wp-content\/uploads\/2026\/02\/normu-pots-browngreen-set-of-2-0ed1c174be54ab69720fe201c52f4bc5.jpg\",\"width\":1024,\"height\":1024},{\"@type\":\"BreadcrumbList\",\"@id\":\"https:\/\/hubsch-interior.com\/da\/vare\/normu-potte-brun-gron-saet-af-2\/#breadcrumb\",\"itemListElement\":[{\"@type\":\"ListItem\",\"position\":1,\"name\":\"Forside\",\"item\":\"https:\/\/hubsch-interior.com\/da\/\"},{\"@type\":\"ListItem\",\"position\":2,\"name\":\"Produkter\",\"item\":\"https:\/\/hubsch-interior.com\/da\/produkter\/\"},{\"@type\":\"ListItem\",\"position\":3,\"name\":\"Boligtilbeh\u00f8r\",\"item\":\"https:\/\/hubsch-interior.com\/da\/vare-kategori\/boligtilbehor\/\"},{\"@type\":\"ListItem\",\"position\":4,\"name\":\"Potter &amp; vandkander\",\"item\":\"https:\/\/hubsch-interior.com\/da\/vare-kategori\/boligtilbehor\/potter-vandkander-da\/\"},{\"@type\":\"ListItem\",\"position\":5,\"name\":\"Potteskjulere\",\"item\":\"https:\/\/hubsch-interior.com\/da\/vare-kategori\/boligtilbehor\/potter-vandkander-da\/potteskjulere-da\/\"},{\"@type\":\"ListItem\",\"position\":6,\"name\":\"Normu Potte Brun\/Gr\u00f8n (s\u00e6t af 2)\"}]},{\"@type\":\"WebSite\",\"@id\":\"https:\/\/hubsch-interior.com\/da\/#website\",\"url\":\"https:\/\/hubsch-interior.com\/da\/\",\"name\":\"H\u00fcbsch\",\"description\":\"Danish Home Interior and Design\",\"publisher\":{\"@id\":\"https:\/\/hubsch-interior.com\/da\/#organization\"},\"potentialAction\":[{\"@type\":\"SearchAction\",\"target\":{\"@type\":\"EntryPoint\",\"urlTemplate\":\"https:\/\/hubsch-interior.com\/da\/?s={search_term_string}\"},\"query-input\":{\"@type\":\"PropertyValueSpecification\",\"valueRequired\":true,\"valueName\":\"search_term_string\"}}],\"inLanguage\":\"da-DK\"},{\"@type\":\"Organization\",\"@id\":\"https:\/\/hubsch-interior.com\/da\/#organization\",\"name\":\"H\u00fcbsch\",\"url\":\"https:\/\/hubsch-interior.com\/da\/\",\"logo\":{\"@type\":\"ImageObject\",\"inLanguage\":\"da-DK\",\"@id\":\"https:\/\/hubsch-interior.com\/da\/#\/schema\/logo\/image\/\",\"url\":\"https:\/\/hubsch-interior.com\/wp-content\/uploads\/2022\/12\/Hubsch_logo_black_one_line.svg\",\"contentUrl\":\"https:\/\/hubsch-interior.com\/wp-content\/uploads\/2022\/12\/Hubsch_logo_black_one_line.svg\",\"caption\":\"H\u00fcbsch\"},\"image\":{\"@id\":\"https:\/\/hubsch-interior.com\/da\/#\/schema\/logo\/image\/\"}}]}<\/script>\n<!-- \/ Yoast SEO plugin. -->","yoast_head_json":{"title":"Normu Potte Brun\/Gr\u00f8n (s\u00e6t af 2) - H\u00fcbsch","description":"Normu Potte, et f\u00e6ngende s\u00e6t i gr\u00f8nne og lerbrune farver, der smelter sammen med din hjemmeindretning. Fremstillet med n\u00f8je opm\u00e6rksomhed, udstr\u00e5ler disse","robots":{"index":"index","follow":"follow","max-snippet":"max-snippet:-1","max-image-preview":"max-image-preview:large","max-video-preview":"max-video-preview:-1"},"canonical":"https:\/\/hubsch-interior.com\/da\/wp-json\/wp\/v2\/product\/1008825","og_locale":"da_DK","og_type":"article","og_title":"Normu Potte Brun\/Gr\u00f8n (s\u00e6t af 2) - H\u00fcbsch","og_description":"Normu Potte, et f\u00e6ngende s\u00e6t i gr\u00f8nne og lerbrune farver, der smelter sammen med din hjemmeindretning. Fremstillet med n\u00f8je opm\u00e6rksomhed, udstr\u00e5ler disse","og_url":"https:\/\/hubsch-interior.com\/da\/vare\/normu-potte-brun-gron-saet-af-2\/","og_site_name":"H\u00fcbsch","article_modified_time":"2026-04-30T02:45:07+00:00","og_image":[{"width":1200,"height":1200,"url":"https:\/\/hubsch-interior.com\/wp-content\/uploads\/2025\/04\/normu-pots-browngreen-set-of-2-2b9f1c1abd8d0d617451ad0a991b6d97.jpg","type":"image\/jpeg"}],"twitter_card":"summary_large_image","schema":{"@context":"https:\/\/schema.org","@graph":[{"@type":"WebPage","@id":"https:\/\/hubsch-interior.com\/da\/vare\/normu-potte-brun-gron-saet-af-2\/","url":"https:\/\/hubsch-interior.com\/da\/vare\/normu-potte-brun-gron-saet-af-2\/","name":"Normu Potte Brun\/Gr\u00f8n (s\u00e6t af 2) - H\u00fcbsch","isPartOf":{"@id":"https:\/\/hubsch-interior.com\/da\/#website"},"primaryImageOfPage":{"@id":"https:\/\/hubsch-interior.com\/da\/vare\/normu-potte-brun-gron-saet-af-2\/#primaryimage"},"image":{"@id":"https:\/\/hubsch-interior.com\/da\/vare\/normu-potte-brun-gron-saet-af-2\/#primaryimage"},"thumbnailUrl":"https:\/\/hubsch-interior.com\/wp-content\/uploads\/2026\/02\/normu-pots-browngreen-set-of-2-0ed1c174be54ab69720fe201c52f4bc5.jpg","datePublished":"2025-01-24T08:30:33+00:00","dateModified":"2026-04-30T02:45:07+00:00","description":"Normu Potte, et f\u00e6ngende s\u00e6t i gr\u00f8nne og lerbrune farver, der smelter sammen med din hjemmeindretning. Fremstillet med n\u00f8je opm\u00e6rksomhed, udstr\u00e5ler disse","breadcrumb":{"@id":"https:\/\/hubsch-interior.com\/da\/vare\/normu-potte-brun-gron-saet-af-2\/#breadcrumb"},"inLanguage":"da-DK","potentialAction":[{"@type":"ReadAction","target":["https:\/\/hubsch-interior.com\/da\/vare\/normu-potte-brun-gron-saet-af-2\/"]}]},{"@type":"ImageObject","inLanguage":"da-DK","@id":"https:\/\/hubsch-interior.com\/da\/vare\/normu-potte-brun-gron-saet-af-2\/#primaryimage","url":"https:\/\/hubsch-interior.com\/wp-content\/uploads\/2026\/02\/normu-pots-browngreen-set-of-2-0ed1c174be54ab69720fe201c52f4bc5.jpg","contentUrl":"https:\/\/hubsch-interior.com\/wp-content\/uploads\/2026\/02\/normu-pots-browngreen-set-of-2-0ed1c174be54ab69720fe201c52f4bc5.jpg","width":1024,"height":1024},{"@type":"BreadcrumbList","@id":"https:\/\/hubsch-interior.com\/da\/vare\/normu-potte-brun-gron-saet-af-2\/#breadcrumb","itemListElement":[{"@type":"ListItem","position":1,"name":"Forside","item":"https:\/\/hubsch-interior.com\/da\/"},{"@type":"ListItem","position":2,"name":"Produkter","item":"https:\/\/hubsch-interior.com\/da\/produkter\/"},{"@type":"ListItem","position":3,"name":"Boligtilbeh\u00f8r","item":"https:\/\/hubsch-interior.com\/da\/vare-kategori\/boligtilbehor\/"},{"@type":"ListItem","position":4,"name":"Potter &amp; vandkander","item":"https:\/\/hubsch-interior.com\/da\/vare-kategori\/boligtilbehor\/potter-vandkander-da\/"},{"@type":"ListItem","position":5,"name":"Potteskjulere","item":"https:\/\/hubsch-interior.com\/da\/vare-kategori\/boligtilbehor\/potter-vandkander-da\/potteskjulere-da\/"},{"@type":"ListItem","position":6,"name":"Normu Potte Brun\/Gr\u00f8n (s\u00e6t af 2)"}]},{"@type":"WebSite","@id":"https:\/\/hubsch-interior.com\/da\/#website","url":"https:\/\/hubsch-interior.com\/da\/","name":"H\u00fcbsch","description":"Danish Home Interior and Design","publisher":{"@id":"https:\/\/hubsch-interior.com\/da\/#organization"},"potentialAction":[{"@type":"SearchAction","target":{"@type":"EntryPoint","urlTemplate":"https:\/\/hubsch-interior.com\/da\/?s={search_term_string}"},"query-input":{"@type":"PropertyValueSpecification","valueRequired":true,"valueName":"search_term_string"}}],"inLanguage":"da-DK"},{"@type":"Organization","@id":"https:\/\/hubsch-interior.com\/da\/#organization","name":"H\u00fcbsch","url":"https:\/\/hubsch-interior.com\/da\/","logo":{"@type":"ImageObject","inLanguage":"da-DK","@id":"https:\/\/hubsch-interior.com\/da\/#\/schema\/logo\/image\/","url":"https:\/\/hubsch-interior.com\/wp-content\/uploads\/2022\/12\/Hubsch_logo_black_one_line.svg","contentUrl":"https:\/\/hubsch-interior.com\/wp-content\/uploads\/2022\/12\/Hubsch_logo_black_one_line.svg","caption":"H\u00fcbsch"},"image":{"@id":"https:\/\/hubsch-interior.com\/da\/#\/schema\/logo\/image\/"}}]}},"_links":{"self":[{"href":"https:\/\/hubsch-interior.com\/da\/wp-json\/wp\/v2\/product\/1008825","targetHints":{"allow":["GET"]}}],"collection":[{"href":"https:\/\/hubsch-interior.com\/da\/wp-json\/wp\/v2\/product"}],"about":[{"href":"https:\/\/hubsch-interior.com\/da\/wp-json\/wp\/v2\/types\/product"}],"wp:featuredmedia":[{"embeddable":true,"href":"https:\/\/hubsch-interior.com\/da\/wp-json\/wp\/v2\/media\/1100951"}],"wp:attachment":[{"href":"https:\/\/hubsch-interior.com\/da\/wp-json\/wp\/v2\/media?parent=1008825"}],"wp:term":[{"taxonomy":"product_brand","embeddable":true,"href":"https:\/\/hubsch-interior.com\/da\/wp-json\/wp\/v2\/product_brand?post=1008825"},{"taxonomy":"product_cat","embeddable":true,"href":"https:\/\/hubsch-interior.com\/da\/wp-json\/wp\/v2\/product_cat?post=1008825"},{"taxonomy":"product_tag","embeddable":true,"href":"https:\/\/hubsch-interior.com\/da\/wp-json\/wp\/v2\/product_tag?post=1008825"}],"curies":[{"name":"wp","href":"https:\/\/api.w.org\/{rel}","templated":true}]}}