{"id":1008885,"date":"2025-01-24T09:32:59","date_gmt":"2025-01-24T08:32:59","guid":{"rendered":"https:\/\/hubsch-interior.com\/product\/product\/"},"modified":"2026-04-09T04:53:30","modified_gmt":"2026-04-09T02:53:30","slug":"cosplay-knageraekke-natur","status":"publish","type":"product","link":"https:\/\/hubsch-interior.com\/da\/vare\/cosplay-knageraekke-natur\/","title":{"rendered":"Cosplay Knager\u00e6kke  Natur"},"content":{"rendered":"<p>Tr\u00e6d ind i en verden, hvor funktionalitet m\u00f8der din entr\u00e9 med Cosplay Knager\u00e6kken. Fremstillet af det fineste FSC-certificerede egetr\u00e6 og finer, fremviser denne knager\u00e6kke en charmerende naturlig farve, der roligt komplementerer ethvert hjem. Med 9 kroge til r\u00e5dighed tilbyder den rigelig plads til at h\u00e6nge dine essentielle ting og mere til. Hvis du v\u00e6rds\u00e6tter en ryddelig entr\u00e9, er dette slanke, elegante m\u00f8bel, der f\u00e5s i tre forskellige varianter, sikker p\u00e5 at fortrylle dit indend\u00f8rs rum.<\/p>\n","protected":false},"excerpt":{"rendered":"<p>Tr\u00e6d ind i en verden, hvor funktionalitet m\u00f8der din entr\u00e9 med Cosplay Knager\u00e6kken. Fremstillet af det fineste FSC-certificerede egetr\u00e6 og finer, fremviser denne knager\u00e6kke en charmerende naturlig farve, der roligt komplementerer ethvert hjem. Med 9 kroge til r\u00e5dighed tilbyder den rigelig plads til at h\u00e6nge dine essentielle ting og mere til. Hvis du v\u00e6rds\u00e6tter en [&hellip;]<\/p>\n","protected":false},"featured_media":1104115,"template":"","meta":{"_acf_changed":false,"inline_featured_image":false},"product_brand":[],"product_cat":[6996,6321,4039,4040,5025,5029],"product_tag":[],"class_list":{"0":"post-1008885","1":"product","2":"type-product","3":"status-publish","4":"has-post-thumbnail","6":"product_cat-the-buzz-da","7":"product_cat-fsc-da","8":"product_cat-knager-knageraekker-da","9":"product_cat-knageraekker-da","10":"product_cat-bestsellers-da","11":"product_cat-tilbage-paa-lager-da","12":"product_shipping_class-pk","14":"pa_color-natur-2","15":"pa_material-mdf-da","16":"pa_material-egetr","17":"pa_material-egetrsfiner","19":"first","20":"instock","21":"featured","22":"taxable","23":"shipping-taxable","24":"purchasable","25":"product-type-simple"},"exclude_global_add_ons":[],"addons":[],"acf":[],"yoast_head":"<!-- This site is optimized with the Yoast SEO plugin v26.4 - https:\/\/yoast.com\/wordpress\/plugins\/seo\/ -->\n<title>Cosplay Knager\u00e6kke Natur - H\u00fcbsch<\/title>\n<meta name=\"description\" content=\"Tr\u00e6d ind i en verden, hvor funktionalitet m\u00f8der din entr\u00e9 med Cosplay Knager\u00e6kken. Fremstillet af det fineste FSC-certificerede egetr\u00e6 og finer, fremviser\" \/>\n<meta name=\"robots\" content=\"index, follow, max-snippet:-1, max-image-preview:large, max-video-preview:-1\" \/>\n<link rel=\"canonical\" href=\"https:\/\/hubsch-interior.com\/da\/wp-json\/wp\/v2\/product\/1008885\" \/>\n<meta property=\"og:locale\" content=\"da_DK\" \/>\n<meta property=\"og:type\" content=\"article\" \/>\n<meta property=\"og:title\" content=\"Cosplay Knager\u00e6kke Natur - H\u00fcbsch\" \/>\n<meta property=\"og:description\" content=\"Tr\u00e6d ind i en verden, hvor funktionalitet m\u00f8der din entr\u00e9 med Cosplay Knager\u00e6kken. Fremstillet af det fineste FSC-certificerede egetr\u00e6 og finer, fremviser\" \/>\n<meta property=\"og:url\" content=\"https:\/\/hubsch-interior.com\/da\/vare\/cosplay-knageraekke-natur\/\" \/>\n<meta property=\"og:site_name\" content=\"H\u00fcbsch\" \/>\n<meta property=\"article:modified_time\" content=\"2026-04-09T02:53:30+00:00\" \/>\n<meta property=\"og:image\" content=\"https:\/\/hubsch-interior.com\/wp-content\/uploads\/2025\/01\/cosplay-coatrack-l100-cm-natural-4f23fa897ce72984eebe7064c720d43f.jpg\" \/>\n\t<meta property=\"og:image:width\" content=\"1200\" \/>\n\t<meta property=\"og:image:height\" content=\"1200\" \/>\n\t<meta property=\"og:image:type\" content=\"image\/jpeg\" \/>\n<meta name=\"twitter:card\" content=\"summary_large_image\" \/>\n<script type=\"application\/ld+json\" class=\"yoast-schema-graph\">{\"@context\":\"https:\/\/schema.org\",\"@graph\":[{\"@type\":\"WebPage\",\"@id\":\"https:\/\/hubsch-interior.com\/da\/vare\/cosplay-knageraekke-natur\/\",\"url\":\"https:\/\/hubsch-interior.com\/da\/vare\/cosplay-knageraekke-natur\/\",\"name\":\"Cosplay Knager\u00e6kke Natur - H\u00fcbsch\",\"isPartOf\":{\"@id\":\"https:\/\/hubsch-interior.com\/da\/#website\"},\"primaryImageOfPage\":{\"@id\":\"https:\/\/hubsch-interior.com\/da\/vare\/cosplay-knageraekke-natur\/#primaryimage\"},\"image\":{\"@id\":\"https:\/\/hubsch-interior.com\/da\/vare\/cosplay-knageraekke-natur\/#primaryimage\"},\"thumbnailUrl\":\"https:\/\/hubsch-interior.com\/wp-content\/uploads\/2026\/02\/cosplay-coatrack-l100-cm-natural-5efd4b3f769ca98793c717b35fc9efff.jpg\",\"datePublished\":\"2025-01-24T08:32:59+00:00\",\"dateModified\":\"2026-04-09T02:53:30+00:00\",\"description\":\"Tr\u00e6d ind i en verden, hvor funktionalitet m\u00f8der din entr\u00e9 med Cosplay Knager\u00e6kken. Fremstillet af det fineste FSC-certificerede egetr\u00e6 og finer, fremviser\",\"breadcrumb\":{\"@id\":\"https:\/\/hubsch-interior.com\/da\/vare\/cosplay-knageraekke-natur\/#breadcrumb\"},\"inLanguage\":\"da-DK\",\"potentialAction\":[{\"@type\":\"ReadAction\",\"target\":[\"https:\/\/hubsch-interior.com\/da\/vare\/cosplay-knageraekke-natur\/\"]}]},{\"@type\":\"ImageObject\",\"inLanguage\":\"da-DK\",\"@id\":\"https:\/\/hubsch-interior.com\/da\/vare\/cosplay-knageraekke-natur\/#primaryimage\",\"url\":\"https:\/\/hubsch-interior.com\/wp-content\/uploads\/2026\/02\/cosplay-coatrack-l100-cm-natural-5efd4b3f769ca98793c717b35fc9efff.jpg\",\"contentUrl\":\"https:\/\/hubsch-interior.com\/wp-content\/uploads\/2026\/02\/cosplay-coatrack-l100-cm-natural-5efd4b3f769ca98793c717b35fc9efff.jpg\",\"width\":1024,\"height\":1024},{\"@type\":\"BreadcrumbList\",\"@id\":\"https:\/\/hubsch-interior.com\/da\/vare\/cosplay-knageraekke-natur\/#breadcrumb\",\"itemListElement\":[{\"@type\":\"ListItem\",\"position\":1,\"name\":\"Forside\",\"item\":\"https:\/\/hubsch-interior.com\/da\/\"},{\"@type\":\"ListItem\",\"position\":2,\"name\":\"Produkter\",\"item\":\"https:\/\/hubsch-interior.com\/da\/produkter\/\"},{\"@type\":\"ListItem\",\"position\":3,\"name\":\"Boligtilbeh\u00f8r\",\"item\":\"https:\/\/hubsch-interior.com\/da\/vare-kategori\/boligtilbehor\/\"},{\"@type\":\"ListItem\",\"position\":4,\"name\":\"Knager &amp; knager&aelig;kker\",\"item\":\"https:\/\/hubsch-interior.com\/da\/vare-kategori\/boligtilbehor\/knager-knageraekker-da\/\"},{\"@type\":\"ListItem\",\"position\":5,\"name\":\"Knager&aelig;kker\",\"item\":\"https:\/\/hubsch-interior.com\/da\/vare-kategori\/boligtilbehor\/knager-knageraekker-da\/knageraekker-da\/\"},{\"@type\":\"ListItem\",\"position\":6,\"name\":\"Cosplay Knager\u00e6kke Natur\"}]},{\"@type\":\"WebSite\",\"@id\":\"https:\/\/hubsch-interior.com\/da\/#website\",\"url\":\"https:\/\/hubsch-interior.com\/da\/\",\"name\":\"H\u00fcbsch\",\"description\":\"Danish Home Interior and Design\",\"publisher\":{\"@id\":\"https:\/\/hubsch-interior.com\/da\/#organization\"},\"potentialAction\":[{\"@type\":\"SearchAction\",\"target\":{\"@type\":\"EntryPoint\",\"urlTemplate\":\"https:\/\/hubsch-interior.com\/da\/?s={search_term_string}\"},\"query-input\":{\"@type\":\"PropertyValueSpecification\",\"valueRequired\":true,\"valueName\":\"search_term_string\"}}],\"inLanguage\":\"da-DK\"},{\"@type\":\"Organization\",\"@id\":\"https:\/\/hubsch-interior.com\/da\/#organization\",\"name\":\"H\u00fcbsch\",\"url\":\"https:\/\/hubsch-interior.com\/da\/\",\"logo\":{\"@type\":\"ImageObject\",\"inLanguage\":\"da-DK\",\"@id\":\"https:\/\/hubsch-interior.com\/da\/#\/schema\/logo\/image\/\",\"url\":\"https:\/\/hubsch-interior.com\/wp-content\/uploads\/2022\/12\/Hubsch_logo_black_one_line.svg\",\"contentUrl\":\"https:\/\/hubsch-interior.com\/wp-content\/uploads\/2022\/12\/Hubsch_logo_black_one_line.svg\",\"caption\":\"H\u00fcbsch\"},\"image\":{\"@id\":\"https:\/\/hubsch-interior.com\/da\/#\/schema\/logo\/image\/\"}}]}<\/script>\n<!-- \/ Yoast SEO plugin. -->","yoast_head_json":{"title":"Cosplay Knager\u00e6kke Natur - H\u00fcbsch","description":"Tr\u00e6d ind i en verden, hvor funktionalitet m\u00f8der din entr\u00e9 med Cosplay Knager\u00e6kken. Fremstillet af det fineste FSC-certificerede egetr\u00e6 og finer, fremviser","robots":{"index":"index","follow":"follow","max-snippet":"max-snippet:-1","max-image-preview":"max-image-preview:large","max-video-preview":"max-video-preview:-1"},"canonical":"https:\/\/hubsch-interior.com\/da\/wp-json\/wp\/v2\/product\/1008885","og_locale":"da_DK","og_type":"article","og_title":"Cosplay Knager\u00e6kke Natur - H\u00fcbsch","og_description":"Tr\u00e6d ind i en verden, hvor funktionalitet m\u00f8der din entr\u00e9 med Cosplay Knager\u00e6kken. Fremstillet af det fineste FSC-certificerede egetr\u00e6 og finer, fremviser","og_url":"https:\/\/hubsch-interior.com\/da\/vare\/cosplay-knageraekke-natur\/","og_site_name":"H\u00fcbsch","article_modified_time":"2026-04-09T02:53:30+00:00","og_image":[{"width":1200,"height":1200,"url":"https:\/\/hubsch-interior.com\/wp-content\/uploads\/2025\/01\/cosplay-coatrack-l100-cm-natural-4f23fa897ce72984eebe7064c720d43f.jpg","type":"image\/jpeg"}],"twitter_card":"summary_large_image","schema":{"@context":"https:\/\/schema.org","@graph":[{"@type":"WebPage","@id":"https:\/\/hubsch-interior.com\/da\/vare\/cosplay-knageraekke-natur\/","url":"https:\/\/hubsch-interior.com\/da\/vare\/cosplay-knageraekke-natur\/","name":"Cosplay Knager\u00e6kke Natur - H\u00fcbsch","isPartOf":{"@id":"https:\/\/hubsch-interior.com\/da\/#website"},"primaryImageOfPage":{"@id":"https:\/\/hubsch-interior.com\/da\/vare\/cosplay-knageraekke-natur\/#primaryimage"},"image":{"@id":"https:\/\/hubsch-interior.com\/da\/vare\/cosplay-knageraekke-natur\/#primaryimage"},"thumbnailUrl":"https:\/\/hubsch-interior.com\/wp-content\/uploads\/2026\/02\/cosplay-coatrack-l100-cm-natural-5efd4b3f769ca98793c717b35fc9efff.jpg","datePublished":"2025-01-24T08:32:59+00:00","dateModified":"2026-04-09T02:53:30+00:00","description":"Tr\u00e6d ind i en verden, hvor funktionalitet m\u00f8der din entr\u00e9 med Cosplay Knager\u00e6kken. Fremstillet af det fineste FSC-certificerede egetr\u00e6 og finer, fremviser","breadcrumb":{"@id":"https:\/\/hubsch-interior.com\/da\/vare\/cosplay-knageraekke-natur\/#breadcrumb"},"inLanguage":"da-DK","potentialAction":[{"@type":"ReadAction","target":["https:\/\/hubsch-interior.com\/da\/vare\/cosplay-knageraekke-natur\/"]}]},{"@type":"ImageObject","inLanguage":"da-DK","@id":"https:\/\/hubsch-interior.com\/da\/vare\/cosplay-knageraekke-natur\/#primaryimage","url":"https:\/\/hubsch-interior.com\/wp-content\/uploads\/2026\/02\/cosplay-coatrack-l100-cm-natural-5efd4b3f769ca98793c717b35fc9efff.jpg","contentUrl":"https:\/\/hubsch-interior.com\/wp-content\/uploads\/2026\/02\/cosplay-coatrack-l100-cm-natural-5efd4b3f769ca98793c717b35fc9efff.jpg","width":1024,"height":1024},{"@type":"BreadcrumbList","@id":"https:\/\/hubsch-interior.com\/da\/vare\/cosplay-knageraekke-natur\/#breadcrumb","itemListElement":[{"@type":"ListItem","position":1,"name":"Forside","item":"https:\/\/hubsch-interior.com\/da\/"},{"@type":"ListItem","position":2,"name":"Produkter","item":"https:\/\/hubsch-interior.com\/da\/produkter\/"},{"@type":"ListItem","position":3,"name":"Boligtilbeh\u00f8r","item":"https:\/\/hubsch-interior.com\/da\/vare-kategori\/boligtilbehor\/"},{"@type":"ListItem","position":4,"name":"Knager &amp; knager&aelig;kker","item":"https:\/\/hubsch-interior.com\/da\/vare-kategori\/boligtilbehor\/knager-knageraekker-da\/"},{"@type":"ListItem","position":5,"name":"Knager&aelig;kker","item":"https:\/\/hubsch-interior.com\/da\/vare-kategori\/boligtilbehor\/knager-knageraekker-da\/knageraekker-da\/"},{"@type":"ListItem","position":6,"name":"Cosplay Knager\u00e6kke Natur"}]},{"@type":"WebSite","@id":"https:\/\/hubsch-interior.com\/da\/#website","url":"https:\/\/hubsch-interior.com\/da\/","name":"H\u00fcbsch","description":"Danish Home Interior and Design","publisher":{"@id":"https:\/\/hubsch-interior.com\/da\/#organization"},"potentialAction":[{"@type":"SearchAction","target":{"@type":"EntryPoint","urlTemplate":"https:\/\/hubsch-interior.com\/da\/?s={search_term_string}"},"query-input":{"@type":"PropertyValueSpecification","valueRequired":true,"valueName":"search_term_string"}}],"inLanguage":"da-DK"},{"@type":"Organization","@id":"https:\/\/hubsch-interior.com\/da\/#organization","name":"H\u00fcbsch","url":"https:\/\/hubsch-interior.com\/da\/","logo":{"@type":"ImageObject","inLanguage":"da-DK","@id":"https:\/\/hubsch-interior.com\/da\/#\/schema\/logo\/image\/","url":"https:\/\/hubsch-interior.com\/wp-content\/uploads\/2022\/12\/Hubsch_logo_black_one_line.svg","contentUrl":"https:\/\/hubsch-interior.com\/wp-content\/uploads\/2022\/12\/Hubsch_logo_black_one_line.svg","caption":"H\u00fcbsch"},"image":{"@id":"https:\/\/hubsch-interior.com\/da\/#\/schema\/logo\/image\/"}}]}},"_links":{"self":[{"href":"https:\/\/hubsch-interior.com\/da\/wp-json\/wp\/v2\/product\/1008885","targetHints":{"allow":["GET"]}}],"collection":[{"href":"https:\/\/hubsch-interior.com\/da\/wp-json\/wp\/v2\/product"}],"about":[{"href":"https:\/\/hubsch-interior.com\/da\/wp-json\/wp\/v2\/types\/product"}],"wp:featuredmedia":[{"embeddable":true,"href":"https:\/\/hubsch-interior.com\/da\/wp-json\/wp\/v2\/media\/1104115"}],"wp:attachment":[{"href":"https:\/\/hubsch-interior.com\/da\/wp-json\/wp\/v2\/media?parent=1008885"}],"wp:term":[{"taxonomy":"product_brand","embeddable":true,"href":"https:\/\/hubsch-interior.com\/da\/wp-json\/wp\/v2\/product_brand?post=1008885"},{"taxonomy":"product_cat","embeddable":true,"href":"https:\/\/hubsch-interior.com\/da\/wp-json\/wp\/v2\/product_cat?post=1008885"},{"taxonomy":"product_tag","embeddable":true,"href":"https:\/\/hubsch-interior.com\/da\/wp-json\/wp\/v2\/product_tag?post=1008885"}],"curies":[{"name":"wp","href":"https:\/\/api.w.org\/{rel}","templated":true}]}}