{"id":1008949,"date":"2025-01-24T09:34:48","date_gmt":"2025-01-24T08:34:48","guid":{"rendered":"https:\/\/hubsch-interior.com\/product\/product\/"},"modified":"2026-04-05T04:57:04","modified_gmt":"2026-04-05T02:57:04","slug":"poetic-udstillingsmontre-small-natur","status":"publish","type":"product","link":"https:\/\/hubsch-interior.com\/da\/vare\/poetic-udstillingsmontre-small-natur\/","title":{"rendered":"Poetic Udstillingsmontre Small Natur"},"content":{"rendered":"<p>Oplev charmen ved vores Poetic Udstillingsmontre, h\u00e5ndlavet med en beroligende naturlig finish. Dette elegante m\u00f8bel har et glasl\u00e5g, der inviterer lyset til at danse omkring dine k\u00e6reste genstande, hvad enten det er smykker, tilbeh\u00f8r eller andre v\u00e6rdifulde egendele. Den aftagelige glashylde tilpasser sig dine udstillingsbehov, hvilket g\u00f8r det til en alsidig og personlig fremvisning for alt det, du holder k\u00e6rt. Det er mere end bare en montre; det er en scene for dine mest v\u00e6rdifulde historier.<\/p>\n","protected":false},"excerpt":{"rendered":"<p>Oplev charmen ved vores Poetic Udstillingsmontre, h\u00e5ndlavet med en beroligende naturlig finish. Dette elegante m\u00f8bel har et glasl\u00e5g, der inviterer lyset til at danse omkring dine k\u00e6reste genstande, hvad enten det er smykker, tilbeh\u00f8r eller andre v\u00e6rdifulde egendele. Den aftagelige glashylde tilpasser sig dine udstillingsbehov, hvilket g\u00f8r det til en alsidig og personlig fremvisning for [&hellip;]<\/p>\n","protected":false},"featured_media":1104171,"template":"","meta":{"_acf_changed":false,"inline_featured_image":false},"product_brand":[],"product_cat":[5025,3109,3999,6996,4000],"product_tag":[],"class_list":{"0":"post-1008949","1":"product","2":"type-product","3":"status-publish","4":"has-post-thumbnail","6":"product_cat-bestsellers-da","7":"product_cat-opbevaring-da","8":"product_cat-reoler-opbevaring-da","9":"product_cat-the-buzz-da","10":"product_cat-vitrineskabe-da","11":"product_shipping_class-pk","12":"pa_color-natur-2","13":"pa_material-egetr","14":"pa_material-egetrsfiner","15":"pa_material-glas-da","16":"pa_material-mdf-da","18":"first","19":"outofstock","20":"featured","21":"taxable","22":"shipping-taxable","23":"purchasable","24":"product-type-simple"},"exclude_global_add_ons":[],"addons":[],"acf":[],"yoast_head":"<!-- This site is optimized with the Yoast SEO plugin v26.4 - https:\/\/yoast.com\/wordpress\/plugins\/seo\/ -->\n<title>Poetic Udstillingsmontre Small Natur - H\u00fcbsch<\/title>\n<meta name=\"description\" content=\"Oplev charmen ved vores Poetic Udstillingsmontre, h\u00e5ndlavet med en beroligende naturlig finish. Dette elegante m\u00f8bel har et glasl\u00e5g, der inviterer lyset\" \/>\n<meta name=\"robots\" content=\"index, follow, max-snippet:-1, max-image-preview:large, max-video-preview:-1\" \/>\n<link rel=\"canonical\" href=\"https:\/\/hubsch-interior.com\/da\/wp-json\/wp\/v2\/product\/1008949\" \/>\n<meta property=\"og:locale\" content=\"da_DK\" \/>\n<meta property=\"og:type\" content=\"article\" \/>\n<meta property=\"og:title\" content=\"Poetic Udstillingsmontre Small Natur - H\u00fcbsch\" \/>\n<meta property=\"og:description\" content=\"Oplev charmen ved vores Poetic Udstillingsmontre, h\u00e5ndlavet med en beroligende naturlig finish. Dette elegante m\u00f8bel har et glasl\u00e5g, der inviterer lyset\" \/>\n<meta property=\"og:url\" content=\"https:\/\/hubsch-interior.com\/da\/vare\/poetic-udstillingsmontre-small-natur\/\" \/>\n<meta property=\"og:site_name\" content=\"H\u00fcbsch\" \/>\n<meta property=\"article:modified_time\" content=\"2026-04-05T02:57:04+00:00\" \/>\n<meta property=\"og:image\" content=\"https:\/\/hubsch-interior.com\/wp-content\/uploads\/2025\/01\/poetic-display-box-small-natural-2575c7a70c68a6972fd3919c10979606.jpg\" \/>\n\t<meta property=\"og:image:width\" content=\"1200\" \/>\n\t<meta property=\"og:image:height\" content=\"1200\" \/>\n\t<meta property=\"og:image:type\" content=\"image\/jpeg\" \/>\n<meta name=\"twitter:card\" content=\"summary_large_image\" \/>\n<script type=\"application\/ld+json\" class=\"yoast-schema-graph\">{\"@context\":\"https:\/\/schema.org\",\"@graph\":[{\"@type\":\"WebPage\",\"@id\":\"https:\/\/hubsch-interior.com\/da\/vare\/poetic-udstillingsmontre-small-natur\/\",\"url\":\"https:\/\/hubsch-interior.com\/da\/vare\/poetic-udstillingsmontre-small-natur\/\",\"name\":\"Poetic Udstillingsmontre Small Natur - H\u00fcbsch\",\"isPartOf\":{\"@id\":\"https:\/\/hubsch-interior.com\/da\/#website\"},\"primaryImageOfPage\":{\"@id\":\"https:\/\/hubsch-interior.com\/da\/vare\/poetic-udstillingsmontre-small-natur\/#primaryimage\"},\"image\":{\"@id\":\"https:\/\/hubsch-interior.com\/da\/vare\/poetic-udstillingsmontre-small-natur\/#primaryimage\"},\"thumbnailUrl\":\"https:\/\/hubsch-interior.com\/wp-content\/uploads\/2026\/02\/poetic-display-box-small-natural-ba60e669110c83bb74e0438b660cbd7b.jpg\",\"datePublished\":\"2025-01-24T08:34:48+00:00\",\"dateModified\":\"2026-04-05T02:57:04+00:00\",\"description\":\"Oplev charmen ved vores Poetic Udstillingsmontre, h\u00e5ndlavet med en beroligende naturlig finish. Dette elegante m\u00f8bel har et glasl\u00e5g, der inviterer lyset\",\"breadcrumb\":{\"@id\":\"https:\/\/hubsch-interior.com\/da\/vare\/poetic-udstillingsmontre-small-natur\/#breadcrumb\"},\"inLanguage\":\"da-DK\",\"potentialAction\":[{\"@type\":\"ReadAction\",\"target\":[\"https:\/\/hubsch-interior.com\/da\/vare\/poetic-udstillingsmontre-small-natur\/\"]}]},{\"@type\":\"ImageObject\",\"inLanguage\":\"da-DK\",\"@id\":\"https:\/\/hubsch-interior.com\/da\/vare\/poetic-udstillingsmontre-small-natur\/#primaryimage\",\"url\":\"https:\/\/hubsch-interior.com\/wp-content\/uploads\/2026\/02\/poetic-display-box-small-natural-ba60e669110c83bb74e0438b660cbd7b.jpg\",\"contentUrl\":\"https:\/\/hubsch-interior.com\/wp-content\/uploads\/2026\/02\/poetic-display-box-small-natural-ba60e669110c83bb74e0438b660cbd7b.jpg\",\"width\":1024,\"height\":1024},{\"@type\":\"BreadcrumbList\",\"@id\":\"https:\/\/hubsch-interior.com\/da\/vare\/poetic-udstillingsmontre-small-natur\/#breadcrumb\",\"itemListElement\":[{\"@type\":\"ListItem\",\"position\":1,\"name\":\"Forside\",\"item\":\"https:\/\/hubsch-interior.com\/da\/\"},{\"@type\":\"ListItem\",\"position\":2,\"name\":\"Produkter\",\"item\":\"https:\/\/hubsch-interior.com\/da\/produkter\/\"},{\"@type\":\"ListItem\",\"position\":3,\"name\":\"M\u00f8bler\",\"item\":\"https:\/\/hubsch-interior.com\/da\/vare-kategori\/mobler\/\"},{\"@type\":\"ListItem\",\"position\":4,\"name\":\"Reoler &amp; opbevaring\",\"item\":\"https:\/\/hubsch-interior.com\/da\/vare-kategori\/mobler\/reoler-opbevaring-da\/\"},{\"@type\":\"ListItem\",\"position\":5,\"name\":\"Vitrineskabe\",\"item\":\"https:\/\/hubsch-interior.com\/da\/vare-kategori\/mobler\/reoler-opbevaring-da\/vitrineskabe-da\/\"},{\"@type\":\"ListItem\",\"position\":6,\"name\":\"Poetic Udstillingsmontre Small Natur\"}]},{\"@type\":\"WebSite\",\"@id\":\"https:\/\/hubsch-interior.com\/da\/#website\",\"url\":\"https:\/\/hubsch-interior.com\/da\/\",\"name\":\"H\u00fcbsch\",\"description\":\"Danish Home Interior and Design\",\"publisher\":{\"@id\":\"https:\/\/hubsch-interior.com\/da\/#organization\"},\"potentialAction\":[{\"@type\":\"SearchAction\",\"target\":{\"@type\":\"EntryPoint\",\"urlTemplate\":\"https:\/\/hubsch-interior.com\/da\/?s={search_term_string}\"},\"query-input\":{\"@type\":\"PropertyValueSpecification\",\"valueRequired\":true,\"valueName\":\"search_term_string\"}}],\"inLanguage\":\"da-DK\"},{\"@type\":\"Organization\",\"@id\":\"https:\/\/hubsch-interior.com\/da\/#organization\",\"name\":\"H\u00fcbsch\",\"url\":\"https:\/\/hubsch-interior.com\/da\/\",\"logo\":{\"@type\":\"ImageObject\",\"inLanguage\":\"da-DK\",\"@id\":\"https:\/\/hubsch-interior.com\/da\/#\/schema\/logo\/image\/\",\"url\":\"https:\/\/hubsch-interior.com\/wp-content\/uploads\/2022\/12\/Hubsch_logo_black_one_line.svg\",\"contentUrl\":\"https:\/\/hubsch-interior.com\/wp-content\/uploads\/2022\/12\/Hubsch_logo_black_one_line.svg\",\"caption\":\"H\u00fcbsch\"},\"image\":{\"@id\":\"https:\/\/hubsch-interior.com\/da\/#\/schema\/logo\/image\/\"}}]}<\/script>\n<!-- \/ Yoast SEO plugin. -->","yoast_head_json":{"title":"Poetic Udstillingsmontre Small Natur - H\u00fcbsch","description":"Oplev charmen ved vores Poetic Udstillingsmontre, h\u00e5ndlavet med en beroligende naturlig finish. Dette elegante m\u00f8bel har et glasl\u00e5g, der inviterer lyset","robots":{"index":"index","follow":"follow","max-snippet":"max-snippet:-1","max-image-preview":"max-image-preview:large","max-video-preview":"max-video-preview:-1"},"canonical":"https:\/\/hubsch-interior.com\/da\/wp-json\/wp\/v2\/product\/1008949","og_locale":"da_DK","og_type":"article","og_title":"Poetic Udstillingsmontre Small Natur - H\u00fcbsch","og_description":"Oplev charmen ved vores Poetic Udstillingsmontre, h\u00e5ndlavet med en beroligende naturlig finish. Dette elegante m\u00f8bel har et glasl\u00e5g, der inviterer lyset","og_url":"https:\/\/hubsch-interior.com\/da\/vare\/poetic-udstillingsmontre-small-natur\/","og_site_name":"H\u00fcbsch","article_modified_time":"2026-04-05T02:57:04+00:00","og_image":[{"width":1200,"height":1200,"url":"https:\/\/hubsch-interior.com\/wp-content\/uploads\/2025\/01\/poetic-display-box-small-natural-2575c7a70c68a6972fd3919c10979606.jpg","type":"image\/jpeg"}],"twitter_card":"summary_large_image","schema":{"@context":"https:\/\/schema.org","@graph":[{"@type":"WebPage","@id":"https:\/\/hubsch-interior.com\/da\/vare\/poetic-udstillingsmontre-small-natur\/","url":"https:\/\/hubsch-interior.com\/da\/vare\/poetic-udstillingsmontre-small-natur\/","name":"Poetic Udstillingsmontre Small Natur - H\u00fcbsch","isPartOf":{"@id":"https:\/\/hubsch-interior.com\/da\/#website"},"primaryImageOfPage":{"@id":"https:\/\/hubsch-interior.com\/da\/vare\/poetic-udstillingsmontre-small-natur\/#primaryimage"},"image":{"@id":"https:\/\/hubsch-interior.com\/da\/vare\/poetic-udstillingsmontre-small-natur\/#primaryimage"},"thumbnailUrl":"https:\/\/hubsch-interior.com\/wp-content\/uploads\/2026\/02\/poetic-display-box-small-natural-ba60e669110c83bb74e0438b660cbd7b.jpg","datePublished":"2025-01-24T08:34:48+00:00","dateModified":"2026-04-05T02:57:04+00:00","description":"Oplev charmen ved vores Poetic Udstillingsmontre, h\u00e5ndlavet med en beroligende naturlig finish. Dette elegante m\u00f8bel har et glasl\u00e5g, der inviterer lyset","breadcrumb":{"@id":"https:\/\/hubsch-interior.com\/da\/vare\/poetic-udstillingsmontre-small-natur\/#breadcrumb"},"inLanguage":"da-DK","potentialAction":[{"@type":"ReadAction","target":["https:\/\/hubsch-interior.com\/da\/vare\/poetic-udstillingsmontre-small-natur\/"]}]},{"@type":"ImageObject","inLanguage":"da-DK","@id":"https:\/\/hubsch-interior.com\/da\/vare\/poetic-udstillingsmontre-small-natur\/#primaryimage","url":"https:\/\/hubsch-interior.com\/wp-content\/uploads\/2026\/02\/poetic-display-box-small-natural-ba60e669110c83bb74e0438b660cbd7b.jpg","contentUrl":"https:\/\/hubsch-interior.com\/wp-content\/uploads\/2026\/02\/poetic-display-box-small-natural-ba60e669110c83bb74e0438b660cbd7b.jpg","width":1024,"height":1024},{"@type":"BreadcrumbList","@id":"https:\/\/hubsch-interior.com\/da\/vare\/poetic-udstillingsmontre-small-natur\/#breadcrumb","itemListElement":[{"@type":"ListItem","position":1,"name":"Forside","item":"https:\/\/hubsch-interior.com\/da\/"},{"@type":"ListItem","position":2,"name":"Produkter","item":"https:\/\/hubsch-interior.com\/da\/produkter\/"},{"@type":"ListItem","position":3,"name":"M\u00f8bler","item":"https:\/\/hubsch-interior.com\/da\/vare-kategori\/mobler\/"},{"@type":"ListItem","position":4,"name":"Reoler &amp; opbevaring","item":"https:\/\/hubsch-interior.com\/da\/vare-kategori\/mobler\/reoler-opbevaring-da\/"},{"@type":"ListItem","position":5,"name":"Vitrineskabe","item":"https:\/\/hubsch-interior.com\/da\/vare-kategori\/mobler\/reoler-opbevaring-da\/vitrineskabe-da\/"},{"@type":"ListItem","position":6,"name":"Poetic Udstillingsmontre Small Natur"}]},{"@type":"WebSite","@id":"https:\/\/hubsch-interior.com\/da\/#website","url":"https:\/\/hubsch-interior.com\/da\/","name":"H\u00fcbsch","description":"Danish Home Interior and Design","publisher":{"@id":"https:\/\/hubsch-interior.com\/da\/#organization"},"potentialAction":[{"@type":"SearchAction","target":{"@type":"EntryPoint","urlTemplate":"https:\/\/hubsch-interior.com\/da\/?s={search_term_string}"},"query-input":{"@type":"PropertyValueSpecification","valueRequired":true,"valueName":"search_term_string"}}],"inLanguage":"da-DK"},{"@type":"Organization","@id":"https:\/\/hubsch-interior.com\/da\/#organization","name":"H\u00fcbsch","url":"https:\/\/hubsch-interior.com\/da\/","logo":{"@type":"ImageObject","inLanguage":"da-DK","@id":"https:\/\/hubsch-interior.com\/da\/#\/schema\/logo\/image\/","url":"https:\/\/hubsch-interior.com\/wp-content\/uploads\/2022\/12\/Hubsch_logo_black_one_line.svg","contentUrl":"https:\/\/hubsch-interior.com\/wp-content\/uploads\/2022\/12\/Hubsch_logo_black_one_line.svg","caption":"H\u00fcbsch"},"image":{"@id":"https:\/\/hubsch-interior.com\/da\/#\/schema\/logo\/image\/"}}]}},"_links":{"self":[{"href":"https:\/\/hubsch-interior.com\/da\/wp-json\/wp\/v2\/product\/1008949","targetHints":{"allow":["GET"]}}],"collection":[{"href":"https:\/\/hubsch-interior.com\/da\/wp-json\/wp\/v2\/product"}],"about":[{"href":"https:\/\/hubsch-interior.com\/da\/wp-json\/wp\/v2\/types\/product"}],"wp:featuredmedia":[{"embeddable":true,"href":"https:\/\/hubsch-interior.com\/da\/wp-json\/wp\/v2\/media\/1104171"}],"wp:attachment":[{"href":"https:\/\/hubsch-interior.com\/da\/wp-json\/wp\/v2\/media?parent=1008949"}],"wp:term":[{"taxonomy":"product_brand","embeddable":true,"href":"https:\/\/hubsch-interior.com\/da\/wp-json\/wp\/v2\/product_brand?post=1008949"},{"taxonomy":"product_cat","embeddable":true,"href":"https:\/\/hubsch-interior.com\/da\/wp-json\/wp\/v2\/product_cat?post=1008949"},{"taxonomy":"product_tag","embeddable":true,"href":"https:\/\/hubsch-interior.com\/da\/wp-json\/wp\/v2\/product_tag?post=1008949"}],"curies":[{"name":"wp","href":"https:\/\/api.w.org\/{rel}","templated":true}]}}