{"id":1008973,"date":"2025-01-24T09:35:23","date_gmt":"2025-01-24T08:35:23","guid":{"rendered":"https:\/\/hubsch-interior.com\/product\/product\/"},"modified":"2026-04-05T04:57:08","modified_gmt":"2026-04-05T02:57:08","slug":"poetic-udstillingsmontre-floor-natur","status":"publish","type":"product","link":"https:\/\/hubsch-interior.com\/da\/vare\/poetic-udstillingsmontre-floor-natur\/","title":{"rendered":"Poetic Udstillingsmontre Floor Natur"},"content":{"rendered":"<p>Vores Poetic Udstillingsmontre, et uds\u00f8gt m\u00f8bel med en aftagelig glashylde, der g\u00f8r det muligt for dig at arrangere og fremvise dine v\u00e6rdsatte samlerobjekter med lethed. En uomtvistelig blikfanger i enhver stue, inviterer Poetic Udstillingsmontre dig til at udstille dine mest elskede ejendele, hvor elegance smelter sammen med personlig fort\u00e6lling. G\u00f8r den til rummets centrale punkt, hvor minder og sk\u00f8nhed krydser hinanden.<\/p>\n","protected":false},"excerpt":{"rendered":"<p>Vores Poetic Udstillingsmontre, et uds\u00f8gt m\u00f8bel med en aftagelig glashylde, der g\u00f8r det muligt for dig at arrangere og fremvise dine v\u00e6rdsatte samlerobjekter med lethed. En uomtvistelig blikfanger i enhver stue, inviterer Poetic Udstillingsmontre dig til at udstille dine mest elskede ejendele, hvor elegance smelter sammen med personlig fort\u00e6lling. G\u00f8r den til rummets centrale punkt, [&hellip;]<\/p>\n","protected":false},"featured_media":1104195,"template":"","meta":{"_acf_changed":false,"inline_featured_image":false},"product_brand":[],"product_cat":[6996,2857,2858,3999,4000,5025],"product_tag":[],"class_list":{"0":"post-1008973","1":"product","2":"type-product","3":"status-publish","4":"has-post-thumbnail","6":"product_cat-the-buzz-da","7":"product_cat-borde-da","8":"product_cat-konsolborde-da","9":"product_cat-reoler-opbevaring-da","10":"product_cat-vitrineskabe-da","11":"product_cat-bestsellers-da","12":"product_shipping_class-p10","13":"pa_color-natur-2","14":"pa_material-glas-da","15":"pa_material-mdf-da","16":"pa_material-egetr","17":"pa_material-egetrsfiner","19":"first","20":"outofstock","21":"featured","22":"taxable","23":"shipping-taxable","24":"purchasable","25":"product-type-simple"},"exclude_global_add_ons":[],"addons":[],"acf":[],"yoast_head":"<!-- This site is optimized with the Yoast SEO plugin v26.4 - https:\/\/yoast.com\/wordpress\/plugins\/seo\/ -->\n<title>Poetic Udstillingsmontre Floor Natur - H\u00fcbsch<\/title>\n<meta name=\"description\" content=\"Vores Poetic Udstillingsmontre, et uds\u00f8gt m\u00f8bel med en aftagelig glashylde, der g\u00f8r det muligt for dig at arrangere og fremvise dine v\u00e6rdsatte\" \/>\n<meta name=\"robots\" content=\"index, follow, max-snippet:-1, max-image-preview:large, max-video-preview:-1\" \/>\n<link rel=\"canonical\" href=\"https:\/\/hubsch-interior.com\/da\/wp-json\/wp\/v2\/product\/1008973\" \/>\n<meta property=\"og:locale\" content=\"da_DK\" \/>\n<meta property=\"og:type\" content=\"article\" \/>\n<meta property=\"og:title\" content=\"Poetic Udstillingsmontre Floor Natur - H\u00fcbsch\" \/>\n<meta property=\"og:description\" content=\"Vores Poetic Udstillingsmontre, et uds\u00f8gt m\u00f8bel med en aftagelig glashylde, der g\u00f8r det muligt for dig at arrangere og fremvise dine v\u00e6rdsatte\" \/>\n<meta property=\"og:url\" content=\"https:\/\/hubsch-interior.com\/da\/vare\/poetic-udstillingsmontre-floor-natur\/\" \/>\n<meta property=\"og:site_name\" content=\"H\u00fcbsch\" \/>\n<meta property=\"article:modified_time\" content=\"2026-04-05T02:57:08+00:00\" \/>\n<meta property=\"og:image\" content=\"https:\/\/hubsch-interior.com\/wp-content\/uploads\/2025\/04\/poetic-display-box-floor-natural-f6886d22a91a7fb0e9c3b7ca1fc6bad7.jpg\" \/>\n\t<meta property=\"og:image:width\" content=\"1200\" \/>\n\t<meta property=\"og:image:height\" content=\"1200\" \/>\n\t<meta property=\"og:image:type\" content=\"image\/jpeg\" \/>\n<meta name=\"twitter:card\" content=\"summary_large_image\" \/>\n<script type=\"application\/ld+json\" class=\"yoast-schema-graph\">{\"@context\":\"https:\/\/schema.org\",\"@graph\":[{\"@type\":\"WebPage\",\"@id\":\"https:\/\/hubsch-interior.com\/da\/vare\/poetic-udstillingsmontre-floor-natur\/\",\"url\":\"https:\/\/hubsch-interior.com\/da\/vare\/poetic-udstillingsmontre-floor-natur\/\",\"name\":\"Poetic Udstillingsmontre Floor Natur - H\u00fcbsch\",\"isPartOf\":{\"@id\":\"https:\/\/hubsch-interior.com\/da\/#website\"},\"primaryImageOfPage\":{\"@id\":\"https:\/\/hubsch-interior.com\/da\/vare\/poetic-udstillingsmontre-floor-natur\/#primaryimage\"},\"image\":{\"@id\":\"https:\/\/hubsch-interior.com\/da\/vare\/poetic-udstillingsmontre-floor-natur\/#primaryimage\"},\"thumbnailUrl\":\"https:\/\/hubsch-interior.com\/wp-content\/uploads\/2026\/02\/poetic-display-box-floor-natural-ec5349c31bd239bf78cc433a84d89a46.jpg\",\"datePublished\":\"2025-01-24T08:35:23+00:00\",\"dateModified\":\"2026-04-05T02:57:08+00:00\",\"description\":\"Vores Poetic Udstillingsmontre, et uds\u00f8gt m\u00f8bel med en aftagelig glashylde, der g\u00f8r det muligt for dig at arrangere og fremvise dine v\u00e6rdsatte\",\"breadcrumb\":{\"@id\":\"https:\/\/hubsch-interior.com\/da\/vare\/poetic-udstillingsmontre-floor-natur\/#breadcrumb\"},\"inLanguage\":\"da-DK\",\"potentialAction\":[{\"@type\":\"ReadAction\",\"target\":[\"https:\/\/hubsch-interior.com\/da\/vare\/poetic-udstillingsmontre-floor-natur\/\"]}]},{\"@type\":\"ImageObject\",\"inLanguage\":\"da-DK\",\"@id\":\"https:\/\/hubsch-interior.com\/da\/vare\/poetic-udstillingsmontre-floor-natur\/#primaryimage\",\"url\":\"https:\/\/hubsch-interior.com\/wp-content\/uploads\/2026\/02\/poetic-display-box-floor-natural-ec5349c31bd239bf78cc433a84d89a46.jpg\",\"contentUrl\":\"https:\/\/hubsch-interior.com\/wp-content\/uploads\/2026\/02\/poetic-display-box-floor-natural-ec5349c31bd239bf78cc433a84d89a46.jpg\",\"width\":1024,\"height\":1024},{\"@type\":\"BreadcrumbList\",\"@id\":\"https:\/\/hubsch-interior.com\/da\/vare\/poetic-udstillingsmontre-floor-natur\/#breadcrumb\",\"itemListElement\":[{\"@type\":\"ListItem\",\"position\":1,\"name\":\"Forside\",\"item\":\"https:\/\/hubsch-interior.com\/da\/\"},{\"@type\":\"ListItem\",\"position\":2,\"name\":\"Produkter\",\"item\":\"https:\/\/hubsch-interior.com\/da\/produkter\/\"},{\"@type\":\"ListItem\",\"position\":3,\"name\":\"M\u00f8bler\",\"item\":\"https:\/\/hubsch-interior.com\/da\/vare-kategori\/mobler\/\"},{\"@type\":\"ListItem\",\"position\":4,\"name\":\"Borde\",\"item\":\"https:\/\/hubsch-interior.com\/da\/vare-kategori\/mobler\/borde-da\/\"},{\"@type\":\"ListItem\",\"position\":5,\"name\":\"Konsolborde\",\"item\":\"https:\/\/hubsch-interior.com\/da\/vare-kategori\/mobler\/borde-da\/konsolborde-da\/\"},{\"@type\":\"ListItem\",\"position\":6,\"name\":\"Poetic Udstillingsmontre Floor Natur\"}]},{\"@type\":\"WebSite\",\"@id\":\"https:\/\/hubsch-interior.com\/da\/#website\",\"url\":\"https:\/\/hubsch-interior.com\/da\/\",\"name\":\"H\u00fcbsch\",\"description\":\"Danish Home Interior and Design\",\"publisher\":{\"@id\":\"https:\/\/hubsch-interior.com\/da\/#organization\"},\"potentialAction\":[{\"@type\":\"SearchAction\",\"target\":{\"@type\":\"EntryPoint\",\"urlTemplate\":\"https:\/\/hubsch-interior.com\/da\/?s={search_term_string}\"},\"query-input\":{\"@type\":\"PropertyValueSpecification\",\"valueRequired\":true,\"valueName\":\"search_term_string\"}}],\"inLanguage\":\"da-DK\"},{\"@type\":\"Organization\",\"@id\":\"https:\/\/hubsch-interior.com\/da\/#organization\",\"name\":\"H\u00fcbsch\",\"url\":\"https:\/\/hubsch-interior.com\/da\/\",\"logo\":{\"@type\":\"ImageObject\",\"inLanguage\":\"da-DK\",\"@id\":\"https:\/\/hubsch-interior.com\/da\/#\/schema\/logo\/image\/\",\"url\":\"https:\/\/hubsch-interior.com\/wp-content\/uploads\/2022\/12\/Hubsch_logo_black_one_line.svg\",\"contentUrl\":\"https:\/\/hubsch-interior.com\/wp-content\/uploads\/2022\/12\/Hubsch_logo_black_one_line.svg\",\"caption\":\"H\u00fcbsch\"},\"image\":{\"@id\":\"https:\/\/hubsch-interior.com\/da\/#\/schema\/logo\/image\/\"}}]}<\/script>\n<!-- \/ Yoast SEO plugin. -->","yoast_head_json":{"title":"Poetic Udstillingsmontre Floor Natur - H\u00fcbsch","description":"Vores Poetic Udstillingsmontre, et uds\u00f8gt m\u00f8bel med en aftagelig glashylde, der g\u00f8r det muligt for dig at arrangere og fremvise dine v\u00e6rdsatte","robots":{"index":"index","follow":"follow","max-snippet":"max-snippet:-1","max-image-preview":"max-image-preview:large","max-video-preview":"max-video-preview:-1"},"canonical":"https:\/\/hubsch-interior.com\/da\/wp-json\/wp\/v2\/product\/1008973","og_locale":"da_DK","og_type":"article","og_title":"Poetic Udstillingsmontre Floor Natur - H\u00fcbsch","og_description":"Vores Poetic Udstillingsmontre, et uds\u00f8gt m\u00f8bel med en aftagelig glashylde, der g\u00f8r det muligt for dig at arrangere og fremvise dine v\u00e6rdsatte","og_url":"https:\/\/hubsch-interior.com\/da\/vare\/poetic-udstillingsmontre-floor-natur\/","og_site_name":"H\u00fcbsch","article_modified_time":"2026-04-05T02:57:08+00:00","og_image":[{"width":1200,"height":1200,"url":"https:\/\/hubsch-interior.com\/wp-content\/uploads\/2025\/04\/poetic-display-box-floor-natural-f6886d22a91a7fb0e9c3b7ca1fc6bad7.jpg","type":"image\/jpeg"}],"twitter_card":"summary_large_image","schema":{"@context":"https:\/\/schema.org","@graph":[{"@type":"WebPage","@id":"https:\/\/hubsch-interior.com\/da\/vare\/poetic-udstillingsmontre-floor-natur\/","url":"https:\/\/hubsch-interior.com\/da\/vare\/poetic-udstillingsmontre-floor-natur\/","name":"Poetic Udstillingsmontre Floor Natur - H\u00fcbsch","isPartOf":{"@id":"https:\/\/hubsch-interior.com\/da\/#website"},"primaryImageOfPage":{"@id":"https:\/\/hubsch-interior.com\/da\/vare\/poetic-udstillingsmontre-floor-natur\/#primaryimage"},"image":{"@id":"https:\/\/hubsch-interior.com\/da\/vare\/poetic-udstillingsmontre-floor-natur\/#primaryimage"},"thumbnailUrl":"https:\/\/hubsch-interior.com\/wp-content\/uploads\/2026\/02\/poetic-display-box-floor-natural-ec5349c31bd239bf78cc433a84d89a46.jpg","datePublished":"2025-01-24T08:35:23+00:00","dateModified":"2026-04-05T02:57:08+00:00","description":"Vores Poetic Udstillingsmontre, et uds\u00f8gt m\u00f8bel med en aftagelig glashylde, der g\u00f8r det muligt for dig at arrangere og fremvise dine v\u00e6rdsatte","breadcrumb":{"@id":"https:\/\/hubsch-interior.com\/da\/vare\/poetic-udstillingsmontre-floor-natur\/#breadcrumb"},"inLanguage":"da-DK","potentialAction":[{"@type":"ReadAction","target":["https:\/\/hubsch-interior.com\/da\/vare\/poetic-udstillingsmontre-floor-natur\/"]}]},{"@type":"ImageObject","inLanguage":"da-DK","@id":"https:\/\/hubsch-interior.com\/da\/vare\/poetic-udstillingsmontre-floor-natur\/#primaryimage","url":"https:\/\/hubsch-interior.com\/wp-content\/uploads\/2026\/02\/poetic-display-box-floor-natural-ec5349c31bd239bf78cc433a84d89a46.jpg","contentUrl":"https:\/\/hubsch-interior.com\/wp-content\/uploads\/2026\/02\/poetic-display-box-floor-natural-ec5349c31bd239bf78cc433a84d89a46.jpg","width":1024,"height":1024},{"@type":"BreadcrumbList","@id":"https:\/\/hubsch-interior.com\/da\/vare\/poetic-udstillingsmontre-floor-natur\/#breadcrumb","itemListElement":[{"@type":"ListItem","position":1,"name":"Forside","item":"https:\/\/hubsch-interior.com\/da\/"},{"@type":"ListItem","position":2,"name":"Produkter","item":"https:\/\/hubsch-interior.com\/da\/produkter\/"},{"@type":"ListItem","position":3,"name":"M\u00f8bler","item":"https:\/\/hubsch-interior.com\/da\/vare-kategori\/mobler\/"},{"@type":"ListItem","position":4,"name":"Borde","item":"https:\/\/hubsch-interior.com\/da\/vare-kategori\/mobler\/borde-da\/"},{"@type":"ListItem","position":5,"name":"Konsolborde","item":"https:\/\/hubsch-interior.com\/da\/vare-kategori\/mobler\/borde-da\/konsolborde-da\/"},{"@type":"ListItem","position":6,"name":"Poetic Udstillingsmontre Floor Natur"}]},{"@type":"WebSite","@id":"https:\/\/hubsch-interior.com\/da\/#website","url":"https:\/\/hubsch-interior.com\/da\/","name":"H\u00fcbsch","description":"Danish Home Interior and Design","publisher":{"@id":"https:\/\/hubsch-interior.com\/da\/#organization"},"potentialAction":[{"@type":"SearchAction","target":{"@type":"EntryPoint","urlTemplate":"https:\/\/hubsch-interior.com\/da\/?s={search_term_string}"},"query-input":{"@type":"PropertyValueSpecification","valueRequired":true,"valueName":"search_term_string"}}],"inLanguage":"da-DK"},{"@type":"Organization","@id":"https:\/\/hubsch-interior.com\/da\/#organization","name":"H\u00fcbsch","url":"https:\/\/hubsch-interior.com\/da\/","logo":{"@type":"ImageObject","inLanguage":"da-DK","@id":"https:\/\/hubsch-interior.com\/da\/#\/schema\/logo\/image\/","url":"https:\/\/hubsch-interior.com\/wp-content\/uploads\/2022\/12\/Hubsch_logo_black_one_line.svg","contentUrl":"https:\/\/hubsch-interior.com\/wp-content\/uploads\/2022\/12\/Hubsch_logo_black_one_line.svg","caption":"H\u00fcbsch"},"image":{"@id":"https:\/\/hubsch-interior.com\/da\/#\/schema\/logo\/image\/"}}]}},"_links":{"self":[{"href":"https:\/\/hubsch-interior.com\/da\/wp-json\/wp\/v2\/product\/1008973","targetHints":{"allow":["GET"]}}],"collection":[{"href":"https:\/\/hubsch-interior.com\/da\/wp-json\/wp\/v2\/product"}],"about":[{"href":"https:\/\/hubsch-interior.com\/da\/wp-json\/wp\/v2\/types\/product"}],"wp:featuredmedia":[{"embeddable":true,"href":"https:\/\/hubsch-interior.com\/da\/wp-json\/wp\/v2\/media\/1104195"}],"wp:attachment":[{"href":"https:\/\/hubsch-interior.com\/da\/wp-json\/wp\/v2\/media?parent=1008973"}],"wp:term":[{"taxonomy":"product_brand","embeddable":true,"href":"https:\/\/hubsch-interior.com\/da\/wp-json\/wp\/v2\/product_brand?post=1008973"},{"taxonomy":"product_cat","embeddable":true,"href":"https:\/\/hubsch-interior.com\/da\/wp-json\/wp\/v2\/product_cat?post=1008973"},{"taxonomy":"product_tag","embeddable":true,"href":"https:\/\/hubsch-interior.com\/da\/wp-json\/wp\/v2\/product_tag?post=1008973"}],"curies":[{"name":"wp","href":"https:\/\/api.w.org\/{rel}","templated":true}]}}