{"id":1009105,"date":"2025-01-24T09:39:45","date_gmt":"2025-01-24T08:39:45","guid":{"rendered":"https:\/\/hubsch-interior.com\/product\/product\/"},"modified":"2026-04-09T04:54:25","modified_gmt":"2026-04-09T02:54:25","slug":"glitz-sofabord-natur","status":"publish","type":"product","link":"https:\/\/hubsch-interior.com\/da\/vare\/glitz-sofabord-natur\/","title":{"rendered":"Glitz Sofabord Natur"},"content":{"rendered":"<p>Oplev charmen ved Glitz Sofabord, hvor funktionalitet m\u00f8der elegance i dit opholdsrum. Fremstillet af FSC-certificeret tr\u00e6, har dette bord et smart glasl\u00e5g, der let \u00e5bnes, s\u00e5 du kan opbevare og fremvise dine ejendele, hvor du kan se dem hver dag. Perfekt som et enkeltst\u00e5ende m\u00f8bel eller kombineret med et andet for en mere omfattende overflade; det er ikke bare et sofabord, det er et visuelt opbevaringsmesterv\u00e6rk.<\/p>\n","protected":false},"excerpt":{"rendered":"<p>Oplev charmen ved Glitz Sofabord, hvor funktionalitet m\u00f8der elegance i dit opholdsrum. Fremstillet af FSC-certificeret tr\u00e6, har dette bord et smart glasl\u00e5g, der let \u00e5bnes, s\u00e5 du kan opbevare og fremvise dine ejendele, hvor du kan se dem hver dag. Perfekt som et enkeltst\u00e5ende m\u00f8bel eller kombineret med et andet for en mere omfattende overflade; [&hellip;]<\/p>\n","protected":false},"featured_media":1104383,"template":"","meta":{"_acf_changed":false,"inline_featured_image":false},"product_brand":[],"product_cat":[6996,6321,2857,2872,3999,4000],"product_tag":[],"class_list":{"0":"post-1009105","1":"product","2":"type-product","3":"status-publish","4":"has-post-thumbnail","6":"product_cat-the-buzz-da","7":"product_cat-fsc-da","8":"product_cat-borde-da","9":"product_cat-sofaborde-da","10":"product_cat-reoler-opbevaring-da","11":"product_cat-vitrineskabe-da","12":"product_shipping_class-p05","14":"pa_color-natur-2","15":"pa_material-glas-da","16":"pa_material-mdf-da","17":"pa_material-egetr","18":"pa_material-egetrsfiner","20":"first","21":"instock","22":"taxable","23":"shipping-taxable","24":"purchasable","25":"product-type-simple"},"exclude_global_add_ons":[],"addons":[],"acf":[],"yoast_head":"<!-- This site is optimized with the Yoast SEO plugin v26.4 - https:\/\/yoast.com\/wordpress\/plugins\/seo\/ -->\n<title>Glitz Sofabord Natur - H\u00fcbsch<\/title>\n<meta name=\"description\" content=\"Oplev charmen ved Glitz Sofabord, hvor funktionalitet m\u00f8der elegance i dit opholdsrum. Fremstillet af FSC-certificeret tr\u00e6, har dette bord et smart\" \/>\n<meta name=\"robots\" content=\"index, follow, max-snippet:-1, max-image-preview:large, max-video-preview:-1\" \/>\n<link rel=\"canonical\" href=\"https:\/\/hubsch-interior.com\/da\/wp-json\/wp\/v2\/product\/1009105\" \/>\n<meta property=\"og:locale\" content=\"da_DK\" \/>\n<meta property=\"og:type\" content=\"article\" \/>\n<meta property=\"og:title\" content=\"Glitz Sofabord Natur - H\u00fcbsch\" \/>\n<meta property=\"og:description\" content=\"Oplev charmen ved Glitz Sofabord, hvor funktionalitet m\u00f8der elegance i dit opholdsrum. Fremstillet af FSC-certificeret tr\u00e6, har dette bord et smart\" \/>\n<meta property=\"og:url\" content=\"https:\/\/hubsch-interior.com\/da\/vare\/glitz-sofabord-natur\/\" \/>\n<meta property=\"og:site_name\" content=\"H\u00fcbsch\" \/>\n<meta property=\"article:modified_time\" content=\"2026-04-09T02:54:25+00:00\" \/>\n<meta property=\"og:image\" content=\"https:\/\/hubsch-interior.com\/wp-content\/uploads\/2025\/01\/glitz-coffee-table-natural-671326925d0c327c7a7be1d254117867.jpg\" \/>\n\t<meta property=\"og:image:width\" content=\"1200\" \/>\n\t<meta property=\"og:image:height\" content=\"1200\" \/>\n\t<meta property=\"og:image:type\" content=\"image\/jpeg\" \/>\n<meta name=\"twitter:card\" content=\"summary_large_image\" \/>\n<script type=\"application\/ld+json\" class=\"yoast-schema-graph\">{\"@context\":\"https:\/\/schema.org\",\"@graph\":[{\"@type\":\"WebPage\",\"@id\":\"https:\/\/hubsch-interior.com\/da\/vare\/glitz-sofabord-natur\/\",\"url\":\"https:\/\/hubsch-interior.com\/da\/vare\/glitz-sofabord-natur\/\",\"name\":\"Glitz Sofabord Natur - H\u00fcbsch\",\"isPartOf\":{\"@id\":\"https:\/\/hubsch-interior.com\/da\/#website\"},\"primaryImageOfPage\":{\"@id\":\"https:\/\/hubsch-interior.com\/da\/vare\/glitz-sofabord-natur\/#primaryimage\"},\"image\":{\"@id\":\"https:\/\/hubsch-interior.com\/da\/vare\/glitz-sofabord-natur\/#primaryimage\"},\"thumbnailUrl\":\"https:\/\/hubsch-interior.com\/wp-content\/uploads\/2026\/02\/glitz-coffee-table-natural-e628dd4c60341ef845574cf52fdf8105.jpg\",\"datePublished\":\"2025-01-24T08:39:45+00:00\",\"dateModified\":\"2026-04-09T02:54:25+00:00\",\"description\":\"Oplev charmen ved Glitz Sofabord, hvor funktionalitet m\u00f8der elegance i dit opholdsrum. Fremstillet af FSC-certificeret tr\u00e6, har dette bord et smart\",\"breadcrumb\":{\"@id\":\"https:\/\/hubsch-interior.com\/da\/vare\/glitz-sofabord-natur\/#breadcrumb\"},\"inLanguage\":\"da-DK\",\"potentialAction\":[{\"@type\":\"ReadAction\",\"target\":[\"https:\/\/hubsch-interior.com\/da\/vare\/glitz-sofabord-natur\/\"]}]},{\"@type\":\"ImageObject\",\"inLanguage\":\"da-DK\",\"@id\":\"https:\/\/hubsch-interior.com\/da\/vare\/glitz-sofabord-natur\/#primaryimage\",\"url\":\"https:\/\/hubsch-interior.com\/wp-content\/uploads\/2026\/02\/glitz-coffee-table-natural-e628dd4c60341ef845574cf52fdf8105.jpg\",\"contentUrl\":\"https:\/\/hubsch-interior.com\/wp-content\/uploads\/2026\/02\/glitz-coffee-table-natural-e628dd4c60341ef845574cf52fdf8105.jpg\",\"width\":1024,\"height\":1024},{\"@type\":\"BreadcrumbList\",\"@id\":\"https:\/\/hubsch-interior.com\/da\/vare\/glitz-sofabord-natur\/#breadcrumb\",\"itemListElement\":[{\"@type\":\"ListItem\",\"position\":1,\"name\":\"Forside\",\"item\":\"https:\/\/hubsch-interior.com\/da\/\"},{\"@type\":\"ListItem\",\"position\":2,\"name\":\"Produkter\",\"item\":\"https:\/\/hubsch-interior.com\/da\/produkter\/\"},{\"@type\":\"ListItem\",\"position\":3,\"name\":\"M\u00f8bler\",\"item\":\"https:\/\/hubsch-interior.com\/da\/vare-kategori\/mobler\/\"},{\"@type\":\"ListItem\",\"position\":4,\"name\":\"Borde\",\"item\":\"https:\/\/hubsch-interior.com\/da\/vare-kategori\/mobler\/borde-da\/\"},{\"@type\":\"ListItem\",\"position\":5,\"name\":\"Sofaborde\",\"item\":\"https:\/\/hubsch-interior.com\/da\/vare-kategori\/mobler\/borde-da\/sofaborde-da\/\"},{\"@type\":\"ListItem\",\"position\":6,\"name\":\"Glitz Sofabord Natur\"}]},{\"@type\":\"WebSite\",\"@id\":\"https:\/\/hubsch-interior.com\/da\/#website\",\"url\":\"https:\/\/hubsch-interior.com\/da\/\",\"name\":\"H\u00fcbsch\",\"description\":\"Danish Home Interior and Design\",\"publisher\":{\"@id\":\"https:\/\/hubsch-interior.com\/da\/#organization\"},\"potentialAction\":[{\"@type\":\"SearchAction\",\"target\":{\"@type\":\"EntryPoint\",\"urlTemplate\":\"https:\/\/hubsch-interior.com\/da\/?s={search_term_string}\"},\"query-input\":{\"@type\":\"PropertyValueSpecification\",\"valueRequired\":true,\"valueName\":\"search_term_string\"}}],\"inLanguage\":\"da-DK\"},{\"@type\":\"Organization\",\"@id\":\"https:\/\/hubsch-interior.com\/da\/#organization\",\"name\":\"H\u00fcbsch\",\"url\":\"https:\/\/hubsch-interior.com\/da\/\",\"logo\":{\"@type\":\"ImageObject\",\"inLanguage\":\"da-DK\",\"@id\":\"https:\/\/hubsch-interior.com\/da\/#\/schema\/logo\/image\/\",\"url\":\"https:\/\/hubsch-interior.com\/wp-content\/uploads\/2022\/12\/Hubsch_logo_black_one_line.svg\",\"contentUrl\":\"https:\/\/hubsch-interior.com\/wp-content\/uploads\/2022\/12\/Hubsch_logo_black_one_line.svg\",\"caption\":\"H\u00fcbsch\"},\"image\":{\"@id\":\"https:\/\/hubsch-interior.com\/da\/#\/schema\/logo\/image\/\"}}]}<\/script>\n<!-- \/ Yoast SEO plugin. -->","yoast_head_json":{"title":"Glitz Sofabord Natur - H\u00fcbsch","description":"Oplev charmen ved Glitz Sofabord, hvor funktionalitet m\u00f8der elegance i dit opholdsrum. Fremstillet af FSC-certificeret tr\u00e6, har dette bord et smart","robots":{"index":"index","follow":"follow","max-snippet":"max-snippet:-1","max-image-preview":"max-image-preview:large","max-video-preview":"max-video-preview:-1"},"canonical":"https:\/\/hubsch-interior.com\/da\/wp-json\/wp\/v2\/product\/1009105","og_locale":"da_DK","og_type":"article","og_title":"Glitz Sofabord Natur - H\u00fcbsch","og_description":"Oplev charmen ved Glitz Sofabord, hvor funktionalitet m\u00f8der elegance i dit opholdsrum. Fremstillet af FSC-certificeret tr\u00e6, har dette bord et smart","og_url":"https:\/\/hubsch-interior.com\/da\/vare\/glitz-sofabord-natur\/","og_site_name":"H\u00fcbsch","article_modified_time":"2026-04-09T02:54:25+00:00","og_image":[{"width":1200,"height":1200,"url":"https:\/\/hubsch-interior.com\/wp-content\/uploads\/2025\/01\/glitz-coffee-table-natural-671326925d0c327c7a7be1d254117867.jpg","type":"image\/jpeg"}],"twitter_card":"summary_large_image","schema":{"@context":"https:\/\/schema.org","@graph":[{"@type":"WebPage","@id":"https:\/\/hubsch-interior.com\/da\/vare\/glitz-sofabord-natur\/","url":"https:\/\/hubsch-interior.com\/da\/vare\/glitz-sofabord-natur\/","name":"Glitz Sofabord Natur - H\u00fcbsch","isPartOf":{"@id":"https:\/\/hubsch-interior.com\/da\/#website"},"primaryImageOfPage":{"@id":"https:\/\/hubsch-interior.com\/da\/vare\/glitz-sofabord-natur\/#primaryimage"},"image":{"@id":"https:\/\/hubsch-interior.com\/da\/vare\/glitz-sofabord-natur\/#primaryimage"},"thumbnailUrl":"https:\/\/hubsch-interior.com\/wp-content\/uploads\/2026\/02\/glitz-coffee-table-natural-e628dd4c60341ef845574cf52fdf8105.jpg","datePublished":"2025-01-24T08:39:45+00:00","dateModified":"2026-04-09T02:54:25+00:00","description":"Oplev charmen ved Glitz Sofabord, hvor funktionalitet m\u00f8der elegance i dit opholdsrum. Fremstillet af FSC-certificeret tr\u00e6, har dette bord et smart","breadcrumb":{"@id":"https:\/\/hubsch-interior.com\/da\/vare\/glitz-sofabord-natur\/#breadcrumb"},"inLanguage":"da-DK","potentialAction":[{"@type":"ReadAction","target":["https:\/\/hubsch-interior.com\/da\/vare\/glitz-sofabord-natur\/"]}]},{"@type":"ImageObject","inLanguage":"da-DK","@id":"https:\/\/hubsch-interior.com\/da\/vare\/glitz-sofabord-natur\/#primaryimage","url":"https:\/\/hubsch-interior.com\/wp-content\/uploads\/2026\/02\/glitz-coffee-table-natural-e628dd4c60341ef845574cf52fdf8105.jpg","contentUrl":"https:\/\/hubsch-interior.com\/wp-content\/uploads\/2026\/02\/glitz-coffee-table-natural-e628dd4c60341ef845574cf52fdf8105.jpg","width":1024,"height":1024},{"@type":"BreadcrumbList","@id":"https:\/\/hubsch-interior.com\/da\/vare\/glitz-sofabord-natur\/#breadcrumb","itemListElement":[{"@type":"ListItem","position":1,"name":"Forside","item":"https:\/\/hubsch-interior.com\/da\/"},{"@type":"ListItem","position":2,"name":"Produkter","item":"https:\/\/hubsch-interior.com\/da\/produkter\/"},{"@type":"ListItem","position":3,"name":"M\u00f8bler","item":"https:\/\/hubsch-interior.com\/da\/vare-kategori\/mobler\/"},{"@type":"ListItem","position":4,"name":"Borde","item":"https:\/\/hubsch-interior.com\/da\/vare-kategori\/mobler\/borde-da\/"},{"@type":"ListItem","position":5,"name":"Sofaborde","item":"https:\/\/hubsch-interior.com\/da\/vare-kategori\/mobler\/borde-da\/sofaborde-da\/"},{"@type":"ListItem","position":6,"name":"Glitz Sofabord Natur"}]},{"@type":"WebSite","@id":"https:\/\/hubsch-interior.com\/da\/#website","url":"https:\/\/hubsch-interior.com\/da\/","name":"H\u00fcbsch","description":"Danish Home Interior and Design","publisher":{"@id":"https:\/\/hubsch-interior.com\/da\/#organization"},"potentialAction":[{"@type":"SearchAction","target":{"@type":"EntryPoint","urlTemplate":"https:\/\/hubsch-interior.com\/da\/?s={search_term_string}"},"query-input":{"@type":"PropertyValueSpecification","valueRequired":true,"valueName":"search_term_string"}}],"inLanguage":"da-DK"},{"@type":"Organization","@id":"https:\/\/hubsch-interior.com\/da\/#organization","name":"H\u00fcbsch","url":"https:\/\/hubsch-interior.com\/da\/","logo":{"@type":"ImageObject","inLanguage":"da-DK","@id":"https:\/\/hubsch-interior.com\/da\/#\/schema\/logo\/image\/","url":"https:\/\/hubsch-interior.com\/wp-content\/uploads\/2022\/12\/Hubsch_logo_black_one_line.svg","contentUrl":"https:\/\/hubsch-interior.com\/wp-content\/uploads\/2022\/12\/Hubsch_logo_black_one_line.svg","caption":"H\u00fcbsch"},"image":{"@id":"https:\/\/hubsch-interior.com\/da\/#\/schema\/logo\/image\/"}}]}},"_links":{"self":[{"href":"https:\/\/hubsch-interior.com\/da\/wp-json\/wp\/v2\/product\/1009105","targetHints":{"allow":["GET"]}}],"collection":[{"href":"https:\/\/hubsch-interior.com\/da\/wp-json\/wp\/v2\/product"}],"about":[{"href":"https:\/\/hubsch-interior.com\/da\/wp-json\/wp\/v2\/types\/product"}],"wp:featuredmedia":[{"embeddable":true,"href":"https:\/\/hubsch-interior.com\/da\/wp-json\/wp\/v2\/media\/1104383"}],"wp:attachment":[{"href":"https:\/\/hubsch-interior.com\/da\/wp-json\/wp\/v2\/media?parent=1009105"}],"wp:term":[{"taxonomy":"product_brand","embeddable":true,"href":"https:\/\/hubsch-interior.com\/da\/wp-json\/wp\/v2\/product_brand?post=1009105"},{"taxonomy":"product_cat","embeddable":true,"href":"https:\/\/hubsch-interior.com\/da\/wp-json\/wp\/v2\/product_cat?post=1009105"},{"taxonomy":"product_tag","embeddable":true,"href":"https:\/\/hubsch-interior.com\/da\/wp-json\/wp\/v2\/product_tag?post=1009105"}],"curies":[{"name":"wp","href":"https:\/\/api.w.org\/{rel}","templated":true}]}}