{"id":1009133,"date":"2025-01-24T09:41:03","date_gmt":"2025-01-24T08:41:03","guid":{"rendered":"https:\/\/hubsch-interior.com\/product\/product\/"},"modified":"2026-04-05T04:57:54","modified_gmt":"2026-04-05T02:57:54","slug":"ulterior-skab-natur","status":"publish","type":"product","link":"https:\/\/hubsch-interior.com\/da\/vare\/ulterior-skab-natur\/","title":{"rendered":"Ulterior Skab Natur"},"content":{"rendered":"<p>Charmerende Ulterior Skab, fremstillet af FSC-certificeret tr\u00e6. Dette m\u00f8bel er ikke blot en tidl\u00f8s klassiker; det er en fremragende opbevaringsl\u00f8sning, der lader dig forblive organiseret uden besv\u00e6r. Med sit intelligente design kan du b\u00e5de skjule rod og fremvise dekorative highlights p\u00e5 samme tid. Ulterior Skabet er let at indrette med, da det ubesv\u00e6ret smelter sammen med en bred vifte af stilarter, materialer og farver, hvilket g\u00f8r det til en fantastisk tilf\u00f8jelse til dit hjem.<\/p>\n","protected":false},"excerpt":{"rendered":"<p>Charmerende Ulterior Skab, fremstillet af FSC-certificeret tr\u00e6. Dette m\u00f8bel er ikke blot en tidl\u00f8s klassiker; det er en fremragende opbevaringsl\u00f8sning, der lader dig forblive organiseret uden besv\u00e6r. Med sit intelligente design kan du b\u00e5de skjule rod og fremvise dekorative highlights p\u00e5 samme tid. Ulterior Skabet er let at indrette med, da det ubesv\u00e6ret smelter sammen [&hellip;]<\/p>\n","protected":false},"featured_media":1104407,"template":"","meta":{"_acf_changed":false,"inline_featured_image":false},"product_brand":[],"product_cat":[6996,6321,3999,4000,5025,5029],"product_tag":[],"class_list":{"0":"post-1009133","1":"product","2":"type-product","3":"status-publish","4":"has-post-thumbnail","6":"product_cat-the-buzz-da","7":"product_cat-fsc-da","8":"product_cat-reoler-opbevaring-da","9":"product_cat-vitrineskabe-da","10":"product_cat-bestsellers-da","11":"product_cat-tilbage-paa-lager-da","12":"product_shipping_class-p10","14":"pa_color-natur-2","15":"pa_material-mdf-da","16":"pa_material-egetr","17":"pa_material-egetrsfiner","19":"first","20":"instock","21":"featured","22":"taxable","23":"shipping-taxable","24":"purchasable","25":"product-type-simple"},"exclude_global_add_ons":[],"addons":[],"acf":[],"yoast_head":"<!-- This site is optimized with the Yoast SEO plugin v26.4 - https:\/\/yoast.com\/wordpress\/plugins\/seo\/ -->\n<title>Ulterior Skab Natur - H\u00fcbsch<\/title>\n<meta name=\"description\" content=\"Charmerende Ulterior Skab, fremstillet af FSC-certificeret tr\u00e6. Dette m\u00f8bel er ikke blot en tidl\u00f8s klassiker; det er en fremragende opbevaringsl\u00f8sning,\" \/>\n<meta name=\"robots\" content=\"index, follow, max-snippet:-1, max-image-preview:large, max-video-preview:-1\" \/>\n<link rel=\"canonical\" href=\"https:\/\/hubsch-interior.com\/da\/wp-json\/wp\/v2\/product\/1009133\" \/>\n<meta property=\"og:locale\" content=\"da_DK\" \/>\n<meta property=\"og:type\" content=\"article\" \/>\n<meta property=\"og:title\" content=\"Ulterior Skab Natur - H\u00fcbsch\" \/>\n<meta property=\"og:description\" content=\"Charmerende Ulterior Skab, fremstillet af FSC-certificeret tr\u00e6. Dette m\u00f8bel er ikke blot en tidl\u00f8s klassiker; det er en fremragende opbevaringsl\u00f8sning,\" \/>\n<meta property=\"og:url\" content=\"https:\/\/hubsch-interior.com\/da\/vare\/ulterior-skab-natur\/\" \/>\n<meta property=\"og:site_name\" content=\"H\u00fcbsch\" \/>\n<meta property=\"article:modified_time\" content=\"2026-04-05T02:57:54+00:00\" \/>\n<meta property=\"og:image\" content=\"https:\/\/hubsch-interior.com\/wp-content\/uploads\/2025\/01\/ulterior-cabinet-natural-35dab0066639ab460cbd25805f938925.jpg\" \/>\n\t<meta property=\"og:image:width\" content=\"1200\" \/>\n\t<meta property=\"og:image:height\" content=\"1200\" \/>\n\t<meta property=\"og:image:type\" content=\"image\/jpeg\" \/>\n<meta name=\"twitter:card\" content=\"summary_large_image\" \/>\n<script type=\"application\/ld+json\" class=\"yoast-schema-graph\">{\"@context\":\"https:\/\/schema.org\",\"@graph\":[{\"@type\":\"WebPage\",\"@id\":\"https:\/\/hubsch-interior.com\/da\/vare\/ulterior-skab-natur\/\",\"url\":\"https:\/\/hubsch-interior.com\/da\/vare\/ulterior-skab-natur\/\",\"name\":\"Ulterior Skab Natur - H\u00fcbsch\",\"isPartOf\":{\"@id\":\"https:\/\/hubsch-interior.com\/da\/#website\"},\"primaryImageOfPage\":{\"@id\":\"https:\/\/hubsch-interior.com\/da\/vare\/ulterior-skab-natur\/#primaryimage\"},\"image\":{\"@id\":\"https:\/\/hubsch-interior.com\/da\/vare\/ulterior-skab-natur\/#primaryimage\"},\"thumbnailUrl\":\"https:\/\/hubsch-interior.com\/wp-content\/uploads\/2026\/02\/ulterior-cabinet-natural-6ce089b0d6f7ee11489bcddce1236f44.jpg\",\"datePublished\":\"2025-01-24T08:41:03+00:00\",\"dateModified\":\"2026-04-05T02:57:54+00:00\",\"description\":\"Charmerende Ulterior Skab, fremstillet af FSC-certificeret tr\u00e6. Dette m\u00f8bel er ikke blot en tidl\u00f8s klassiker; det er en fremragende opbevaringsl\u00f8sning,\",\"breadcrumb\":{\"@id\":\"https:\/\/hubsch-interior.com\/da\/vare\/ulterior-skab-natur\/#breadcrumb\"},\"inLanguage\":\"da-DK\",\"potentialAction\":[{\"@type\":\"ReadAction\",\"target\":[\"https:\/\/hubsch-interior.com\/da\/vare\/ulterior-skab-natur\/\"]}]},{\"@type\":\"ImageObject\",\"inLanguage\":\"da-DK\",\"@id\":\"https:\/\/hubsch-interior.com\/da\/vare\/ulterior-skab-natur\/#primaryimage\",\"url\":\"https:\/\/hubsch-interior.com\/wp-content\/uploads\/2026\/02\/ulterior-cabinet-natural-6ce089b0d6f7ee11489bcddce1236f44.jpg\",\"contentUrl\":\"https:\/\/hubsch-interior.com\/wp-content\/uploads\/2026\/02\/ulterior-cabinet-natural-6ce089b0d6f7ee11489bcddce1236f44.jpg\",\"width\":1024,\"height\":1024},{\"@type\":\"BreadcrumbList\",\"@id\":\"https:\/\/hubsch-interior.com\/da\/vare\/ulterior-skab-natur\/#breadcrumb\",\"itemListElement\":[{\"@type\":\"ListItem\",\"position\":1,\"name\":\"Forside\",\"item\":\"https:\/\/hubsch-interior.com\/da\/\"},{\"@type\":\"ListItem\",\"position\":2,\"name\":\"Produkter\",\"item\":\"https:\/\/hubsch-interior.com\/da\/produkter\/\"},{\"@type\":\"ListItem\",\"position\":3,\"name\":\"M\u00f8bler\",\"item\":\"https:\/\/hubsch-interior.com\/da\/vare-kategori\/mobler\/\"},{\"@type\":\"ListItem\",\"position\":4,\"name\":\"Reoler &amp; opbevaring\",\"item\":\"https:\/\/hubsch-interior.com\/da\/vare-kategori\/mobler\/reoler-opbevaring-da\/\"},{\"@type\":\"ListItem\",\"position\":5,\"name\":\"Vitrineskabe\",\"item\":\"https:\/\/hubsch-interior.com\/da\/vare-kategori\/mobler\/reoler-opbevaring-da\/vitrineskabe-da\/\"},{\"@type\":\"ListItem\",\"position\":6,\"name\":\"Ulterior Skab Natur\"}]},{\"@type\":\"WebSite\",\"@id\":\"https:\/\/hubsch-interior.com\/da\/#website\",\"url\":\"https:\/\/hubsch-interior.com\/da\/\",\"name\":\"H\u00fcbsch\",\"description\":\"Danish Home Interior and Design\",\"publisher\":{\"@id\":\"https:\/\/hubsch-interior.com\/da\/#organization\"},\"potentialAction\":[{\"@type\":\"SearchAction\",\"target\":{\"@type\":\"EntryPoint\",\"urlTemplate\":\"https:\/\/hubsch-interior.com\/da\/?s={search_term_string}\"},\"query-input\":{\"@type\":\"PropertyValueSpecification\",\"valueRequired\":true,\"valueName\":\"search_term_string\"}}],\"inLanguage\":\"da-DK\"},{\"@type\":\"Organization\",\"@id\":\"https:\/\/hubsch-interior.com\/da\/#organization\",\"name\":\"H\u00fcbsch\",\"url\":\"https:\/\/hubsch-interior.com\/da\/\",\"logo\":{\"@type\":\"ImageObject\",\"inLanguage\":\"da-DK\",\"@id\":\"https:\/\/hubsch-interior.com\/da\/#\/schema\/logo\/image\/\",\"url\":\"https:\/\/hubsch-interior.com\/wp-content\/uploads\/2022\/12\/Hubsch_logo_black_one_line.svg\",\"contentUrl\":\"https:\/\/hubsch-interior.com\/wp-content\/uploads\/2022\/12\/Hubsch_logo_black_one_line.svg\",\"caption\":\"H\u00fcbsch\"},\"image\":{\"@id\":\"https:\/\/hubsch-interior.com\/da\/#\/schema\/logo\/image\/\"}}]}<\/script>\n<!-- \/ Yoast SEO plugin. -->","yoast_head_json":{"title":"Ulterior Skab Natur - H\u00fcbsch","description":"Charmerende Ulterior Skab, fremstillet af FSC-certificeret tr\u00e6. Dette m\u00f8bel er ikke blot en tidl\u00f8s klassiker; det er en fremragende opbevaringsl\u00f8sning,","robots":{"index":"index","follow":"follow","max-snippet":"max-snippet:-1","max-image-preview":"max-image-preview:large","max-video-preview":"max-video-preview:-1"},"canonical":"https:\/\/hubsch-interior.com\/da\/wp-json\/wp\/v2\/product\/1009133","og_locale":"da_DK","og_type":"article","og_title":"Ulterior Skab Natur - H\u00fcbsch","og_description":"Charmerende Ulterior Skab, fremstillet af FSC-certificeret tr\u00e6. Dette m\u00f8bel er ikke blot en tidl\u00f8s klassiker; det er en fremragende opbevaringsl\u00f8sning,","og_url":"https:\/\/hubsch-interior.com\/da\/vare\/ulterior-skab-natur\/","og_site_name":"H\u00fcbsch","article_modified_time":"2026-04-05T02:57:54+00:00","og_image":[{"width":1200,"height":1200,"url":"https:\/\/hubsch-interior.com\/wp-content\/uploads\/2025\/01\/ulterior-cabinet-natural-35dab0066639ab460cbd25805f938925.jpg","type":"image\/jpeg"}],"twitter_card":"summary_large_image","schema":{"@context":"https:\/\/schema.org","@graph":[{"@type":"WebPage","@id":"https:\/\/hubsch-interior.com\/da\/vare\/ulterior-skab-natur\/","url":"https:\/\/hubsch-interior.com\/da\/vare\/ulterior-skab-natur\/","name":"Ulterior Skab Natur - H\u00fcbsch","isPartOf":{"@id":"https:\/\/hubsch-interior.com\/da\/#website"},"primaryImageOfPage":{"@id":"https:\/\/hubsch-interior.com\/da\/vare\/ulterior-skab-natur\/#primaryimage"},"image":{"@id":"https:\/\/hubsch-interior.com\/da\/vare\/ulterior-skab-natur\/#primaryimage"},"thumbnailUrl":"https:\/\/hubsch-interior.com\/wp-content\/uploads\/2026\/02\/ulterior-cabinet-natural-6ce089b0d6f7ee11489bcddce1236f44.jpg","datePublished":"2025-01-24T08:41:03+00:00","dateModified":"2026-04-05T02:57:54+00:00","description":"Charmerende Ulterior Skab, fremstillet af FSC-certificeret tr\u00e6. Dette m\u00f8bel er ikke blot en tidl\u00f8s klassiker; det er en fremragende opbevaringsl\u00f8sning,","breadcrumb":{"@id":"https:\/\/hubsch-interior.com\/da\/vare\/ulterior-skab-natur\/#breadcrumb"},"inLanguage":"da-DK","potentialAction":[{"@type":"ReadAction","target":["https:\/\/hubsch-interior.com\/da\/vare\/ulterior-skab-natur\/"]}]},{"@type":"ImageObject","inLanguage":"da-DK","@id":"https:\/\/hubsch-interior.com\/da\/vare\/ulterior-skab-natur\/#primaryimage","url":"https:\/\/hubsch-interior.com\/wp-content\/uploads\/2026\/02\/ulterior-cabinet-natural-6ce089b0d6f7ee11489bcddce1236f44.jpg","contentUrl":"https:\/\/hubsch-interior.com\/wp-content\/uploads\/2026\/02\/ulterior-cabinet-natural-6ce089b0d6f7ee11489bcddce1236f44.jpg","width":1024,"height":1024},{"@type":"BreadcrumbList","@id":"https:\/\/hubsch-interior.com\/da\/vare\/ulterior-skab-natur\/#breadcrumb","itemListElement":[{"@type":"ListItem","position":1,"name":"Forside","item":"https:\/\/hubsch-interior.com\/da\/"},{"@type":"ListItem","position":2,"name":"Produkter","item":"https:\/\/hubsch-interior.com\/da\/produkter\/"},{"@type":"ListItem","position":3,"name":"M\u00f8bler","item":"https:\/\/hubsch-interior.com\/da\/vare-kategori\/mobler\/"},{"@type":"ListItem","position":4,"name":"Reoler &amp; opbevaring","item":"https:\/\/hubsch-interior.com\/da\/vare-kategori\/mobler\/reoler-opbevaring-da\/"},{"@type":"ListItem","position":5,"name":"Vitrineskabe","item":"https:\/\/hubsch-interior.com\/da\/vare-kategori\/mobler\/reoler-opbevaring-da\/vitrineskabe-da\/"},{"@type":"ListItem","position":6,"name":"Ulterior Skab Natur"}]},{"@type":"WebSite","@id":"https:\/\/hubsch-interior.com\/da\/#website","url":"https:\/\/hubsch-interior.com\/da\/","name":"H\u00fcbsch","description":"Danish Home Interior and Design","publisher":{"@id":"https:\/\/hubsch-interior.com\/da\/#organization"},"potentialAction":[{"@type":"SearchAction","target":{"@type":"EntryPoint","urlTemplate":"https:\/\/hubsch-interior.com\/da\/?s={search_term_string}"},"query-input":{"@type":"PropertyValueSpecification","valueRequired":true,"valueName":"search_term_string"}}],"inLanguage":"da-DK"},{"@type":"Organization","@id":"https:\/\/hubsch-interior.com\/da\/#organization","name":"H\u00fcbsch","url":"https:\/\/hubsch-interior.com\/da\/","logo":{"@type":"ImageObject","inLanguage":"da-DK","@id":"https:\/\/hubsch-interior.com\/da\/#\/schema\/logo\/image\/","url":"https:\/\/hubsch-interior.com\/wp-content\/uploads\/2022\/12\/Hubsch_logo_black_one_line.svg","contentUrl":"https:\/\/hubsch-interior.com\/wp-content\/uploads\/2022\/12\/Hubsch_logo_black_one_line.svg","caption":"H\u00fcbsch"},"image":{"@id":"https:\/\/hubsch-interior.com\/da\/#\/schema\/logo\/image\/"}}]}},"_links":{"self":[{"href":"https:\/\/hubsch-interior.com\/da\/wp-json\/wp\/v2\/product\/1009133","targetHints":{"allow":["GET"]}}],"collection":[{"href":"https:\/\/hubsch-interior.com\/da\/wp-json\/wp\/v2\/product"}],"about":[{"href":"https:\/\/hubsch-interior.com\/da\/wp-json\/wp\/v2\/types\/product"}],"wp:featuredmedia":[{"embeddable":true,"href":"https:\/\/hubsch-interior.com\/da\/wp-json\/wp\/v2\/media\/1104407"}],"wp:attachment":[{"href":"https:\/\/hubsch-interior.com\/da\/wp-json\/wp\/v2\/media?parent=1009133"}],"wp:term":[{"taxonomy":"product_brand","embeddable":true,"href":"https:\/\/hubsch-interior.com\/da\/wp-json\/wp\/v2\/product_brand?post=1009133"},{"taxonomy":"product_cat","embeddable":true,"href":"https:\/\/hubsch-interior.com\/da\/wp-json\/wp\/v2\/product_cat?post=1009133"},{"taxonomy":"product_tag","embeddable":true,"href":"https:\/\/hubsch-interior.com\/da\/wp-json\/wp\/v2\/product_tag?post=1009133"}],"curies":[{"name":"wp","href":"https:\/\/api.w.org\/{rel}","templated":true}]}}