{"id":1009157,"date":"2025-01-24T09:41:18","date_gmt":"2025-01-24T08:41:18","guid":{"rendered":"https:\/\/hubsch-interior.com\/product\/product\/"},"modified":"2026-04-29T04:57:03","modified_gmt":"2026-04-29T02:57:03","slug":"forma-skoskab-natur","status":"publish","type":"product","link":"https:\/\/hubsch-interior.com\/da\/vare\/forma-skoskab-natur\/","title":{"rendered":"Forma Skoskab Natur"},"content":{"rendered":"<p>Opdag det nye familiemedlem i Forma-serien &#8211; Forma Skoskab. Dette m\u00f8bel er fremstillet af FSC-certificeret tr\u00e6 og tilf\u00f8rer elegance til dit hjem. Dets funktionelle og smukke design indeholder to-lags skoopbevaring, hvilket g\u00f8r det perfekt til entr\u00e9er, hvor pladsen er begr\u00e6nset. For dem med en st\u00f8rre samling kan du blot kombinere to for ekstra opbevaring. En stilfuld og yderst minimalistisk l\u00f8sning for at holde dit rum ryddeligt og dine sko p\u00e6nt organiseret.<\/p>\n","protected":false},"excerpt":{"rendered":"<p>Opdag det nye familiemedlem i Forma-serien &#8211; Forma Skoskab. Dette m\u00f8bel er fremstillet af FSC-certificeret tr\u00e6 og tilf\u00f8rer elegance til dit hjem. Dets funktionelle og smukke design indeholder to-lags skoopbevaring, hvilket g\u00f8r det perfekt til entr\u00e9er, hvor pladsen er begr\u00e6nset. For dem med en st\u00f8rre samling kan du blot kombinere to for ekstra opbevaring. En [&hellip;]<\/p>\n","protected":false},"featured_media":1104431,"template":"","meta":{"_acf_changed":false,"inline_featured_image":false},"product_brand":[],"product_cat":[6996,6321,3999,4851,5025],"product_tag":[],"class_list":{"0":"post-1009157","1":"product","2":"type-product","3":"status-publish","4":"has-post-thumbnail","6":"product_cat-the-buzz-da","7":"product_cat-fsc-da","8":"product_cat-reoler-opbevaring-da","9":"product_cat-skoskabe-da","10":"product_cat-bestsellers-da","11":"product_shipping_class-p05","13":"pa_color-natur-2","14":"pa_material-mdf-da","15":"pa_material-egetrsfiner","17":"first","18":"instock","19":"featured","20":"taxable","21":"shipping-taxable","22":"purchasable","23":"product-type-simple"},"exclude_global_add_ons":[],"addons":[],"acf":[],"yoast_head":"<!-- This site is optimized with the Yoast SEO plugin v26.4 - https:\/\/yoast.com\/wordpress\/plugins\/seo\/ -->\n<title>Forma Skoskab Natur - H\u00fcbsch<\/title>\n<meta name=\"description\" content=\"Opdag det nye familiemedlem i Forma-serien - Forma Skoskab. Dette m\u00f8bel er fremstillet af FSC-certificeret tr\u00e6 og tilf\u00f8rer elegance til dit hjem. Dets\" \/>\n<meta name=\"robots\" content=\"index, follow, max-snippet:-1, max-image-preview:large, max-video-preview:-1\" \/>\n<link rel=\"canonical\" href=\"https:\/\/hubsch-interior.com\/da\/wp-json\/wp\/v2\/product\/1009157\" \/>\n<meta property=\"og:locale\" content=\"da_DK\" \/>\n<meta property=\"og:type\" content=\"article\" \/>\n<meta property=\"og:title\" content=\"Forma Skoskab Natur - H\u00fcbsch\" \/>\n<meta property=\"og:description\" content=\"Opdag det nye familiemedlem i Forma-serien - Forma Skoskab. Dette m\u00f8bel er fremstillet af FSC-certificeret tr\u00e6 og tilf\u00f8rer elegance til dit hjem. Dets\" \/>\n<meta property=\"og:url\" content=\"https:\/\/hubsch-interior.com\/da\/vare\/forma-skoskab-natur\/\" \/>\n<meta property=\"og:site_name\" content=\"H\u00fcbsch\" \/>\n<meta property=\"article:modified_time\" content=\"2026-04-29T02:57:03+00:00\" \/>\n<meta property=\"og:image\" content=\"https:\/\/hubsch-interior.com\/wp-content\/uploads\/2025\/01\/forma-shoe-cabinet-natural-ad2d7c041144b9c931aef08fc724e38d.jpg\" \/>\n\t<meta property=\"og:image:width\" content=\"1200\" \/>\n\t<meta property=\"og:image:height\" content=\"1200\" \/>\n\t<meta property=\"og:image:type\" content=\"image\/jpeg\" \/>\n<meta name=\"twitter:card\" content=\"summary_large_image\" \/>\n<script type=\"application\/ld+json\" class=\"yoast-schema-graph\">{\"@context\":\"https:\/\/schema.org\",\"@graph\":[{\"@type\":\"WebPage\",\"@id\":\"https:\/\/hubsch-interior.com\/da\/vare\/forma-skoskab-natur\/\",\"url\":\"https:\/\/hubsch-interior.com\/da\/vare\/forma-skoskab-natur\/\",\"name\":\"Forma Skoskab Natur - H\u00fcbsch\",\"isPartOf\":{\"@id\":\"https:\/\/hubsch-interior.com\/da\/#website\"},\"primaryImageOfPage\":{\"@id\":\"https:\/\/hubsch-interior.com\/da\/vare\/forma-skoskab-natur\/#primaryimage\"},\"image\":{\"@id\":\"https:\/\/hubsch-interior.com\/da\/vare\/forma-skoskab-natur\/#primaryimage\"},\"thumbnailUrl\":\"https:\/\/hubsch-interior.com\/wp-content\/uploads\/2026\/02\/forma-shoe-cabinet-natural-eb44aaab2434e3ed74adcff0c2b16952.jpg\",\"datePublished\":\"2025-01-24T08:41:18+00:00\",\"dateModified\":\"2026-04-29T02:57:03+00:00\",\"description\":\"Opdag det nye familiemedlem i Forma-serien - Forma Skoskab. Dette m\u00f8bel er fremstillet af FSC-certificeret tr\u00e6 og tilf\u00f8rer elegance til dit hjem. Dets\",\"breadcrumb\":{\"@id\":\"https:\/\/hubsch-interior.com\/da\/vare\/forma-skoskab-natur\/#breadcrumb\"},\"inLanguage\":\"da-DK\",\"potentialAction\":[{\"@type\":\"ReadAction\",\"target\":[\"https:\/\/hubsch-interior.com\/da\/vare\/forma-skoskab-natur\/\"]}]},{\"@type\":\"ImageObject\",\"inLanguage\":\"da-DK\",\"@id\":\"https:\/\/hubsch-interior.com\/da\/vare\/forma-skoskab-natur\/#primaryimage\",\"url\":\"https:\/\/hubsch-interior.com\/wp-content\/uploads\/2026\/02\/forma-shoe-cabinet-natural-eb44aaab2434e3ed74adcff0c2b16952.jpg\",\"contentUrl\":\"https:\/\/hubsch-interior.com\/wp-content\/uploads\/2026\/02\/forma-shoe-cabinet-natural-eb44aaab2434e3ed74adcff0c2b16952.jpg\",\"width\":1024,\"height\":1024},{\"@type\":\"BreadcrumbList\",\"@id\":\"https:\/\/hubsch-interior.com\/da\/vare\/forma-skoskab-natur\/#breadcrumb\",\"itemListElement\":[{\"@type\":\"ListItem\",\"position\":1,\"name\":\"Forside\",\"item\":\"https:\/\/hubsch-interior.com\/da\/\"},{\"@type\":\"ListItem\",\"position\":2,\"name\":\"Produkter\",\"item\":\"https:\/\/hubsch-interior.com\/da\/produkter\/\"},{\"@type\":\"ListItem\",\"position\":3,\"name\":\"M\u00f8bler\",\"item\":\"https:\/\/hubsch-interior.com\/da\/vare-kategori\/mobler\/\"},{\"@type\":\"ListItem\",\"position\":4,\"name\":\"Reoler &amp; opbevaring\",\"item\":\"https:\/\/hubsch-interior.com\/da\/vare-kategori\/mobler\/reoler-opbevaring-da\/\"},{\"@type\":\"ListItem\",\"position\":5,\"name\":\"Skoskabe\",\"item\":\"https:\/\/hubsch-interior.com\/da\/vare-kategori\/mobler\/reoler-opbevaring-da\/skoskabe-da\/\"},{\"@type\":\"ListItem\",\"position\":6,\"name\":\"Forma Skoskab Natur\"}]},{\"@type\":\"WebSite\",\"@id\":\"https:\/\/hubsch-interior.com\/da\/#website\",\"url\":\"https:\/\/hubsch-interior.com\/da\/\",\"name\":\"H\u00fcbsch\",\"description\":\"Danish Home Interior and Design\",\"publisher\":{\"@id\":\"https:\/\/hubsch-interior.com\/da\/#organization\"},\"potentialAction\":[{\"@type\":\"SearchAction\",\"target\":{\"@type\":\"EntryPoint\",\"urlTemplate\":\"https:\/\/hubsch-interior.com\/da\/?s={search_term_string}\"},\"query-input\":{\"@type\":\"PropertyValueSpecification\",\"valueRequired\":true,\"valueName\":\"search_term_string\"}}],\"inLanguage\":\"da-DK\"},{\"@type\":\"Organization\",\"@id\":\"https:\/\/hubsch-interior.com\/da\/#organization\",\"name\":\"H\u00fcbsch\",\"url\":\"https:\/\/hubsch-interior.com\/da\/\",\"logo\":{\"@type\":\"ImageObject\",\"inLanguage\":\"da-DK\",\"@id\":\"https:\/\/hubsch-interior.com\/da\/#\/schema\/logo\/image\/\",\"url\":\"https:\/\/hubsch-interior.com\/wp-content\/uploads\/2022\/12\/Hubsch_logo_black_one_line.svg\",\"contentUrl\":\"https:\/\/hubsch-interior.com\/wp-content\/uploads\/2022\/12\/Hubsch_logo_black_one_line.svg\",\"caption\":\"H\u00fcbsch\"},\"image\":{\"@id\":\"https:\/\/hubsch-interior.com\/da\/#\/schema\/logo\/image\/\"}}]}<\/script>\n<!-- \/ Yoast SEO plugin. -->","yoast_head_json":{"title":"Forma Skoskab Natur - H\u00fcbsch","description":"Opdag det nye familiemedlem i Forma-serien - Forma Skoskab. Dette m\u00f8bel er fremstillet af FSC-certificeret tr\u00e6 og tilf\u00f8rer elegance til dit hjem. Dets","robots":{"index":"index","follow":"follow","max-snippet":"max-snippet:-1","max-image-preview":"max-image-preview:large","max-video-preview":"max-video-preview:-1"},"canonical":"https:\/\/hubsch-interior.com\/da\/wp-json\/wp\/v2\/product\/1009157","og_locale":"da_DK","og_type":"article","og_title":"Forma Skoskab Natur - H\u00fcbsch","og_description":"Opdag det nye familiemedlem i Forma-serien - Forma Skoskab. Dette m\u00f8bel er fremstillet af FSC-certificeret tr\u00e6 og tilf\u00f8rer elegance til dit hjem. Dets","og_url":"https:\/\/hubsch-interior.com\/da\/vare\/forma-skoskab-natur\/","og_site_name":"H\u00fcbsch","article_modified_time":"2026-04-29T02:57:03+00:00","og_image":[{"width":1200,"height":1200,"url":"https:\/\/hubsch-interior.com\/wp-content\/uploads\/2025\/01\/forma-shoe-cabinet-natural-ad2d7c041144b9c931aef08fc724e38d.jpg","type":"image\/jpeg"}],"twitter_card":"summary_large_image","schema":{"@context":"https:\/\/schema.org","@graph":[{"@type":"WebPage","@id":"https:\/\/hubsch-interior.com\/da\/vare\/forma-skoskab-natur\/","url":"https:\/\/hubsch-interior.com\/da\/vare\/forma-skoskab-natur\/","name":"Forma Skoskab Natur - H\u00fcbsch","isPartOf":{"@id":"https:\/\/hubsch-interior.com\/da\/#website"},"primaryImageOfPage":{"@id":"https:\/\/hubsch-interior.com\/da\/vare\/forma-skoskab-natur\/#primaryimage"},"image":{"@id":"https:\/\/hubsch-interior.com\/da\/vare\/forma-skoskab-natur\/#primaryimage"},"thumbnailUrl":"https:\/\/hubsch-interior.com\/wp-content\/uploads\/2026\/02\/forma-shoe-cabinet-natural-eb44aaab2434e3ed74adcff0c2b16952.jpg","datePublished":"2025-01-24T08:41:18+00:00","dateModified":"2026-04-29T02:57:03+00:00","description":"Opdag det nye familiemedlem i Forma-serien - Forma Skoskab. Dette m\u00f8bel er fremstillet af FSC-certificeret tr\u00e6 og tilf\u00f8rer elegance til dit hjem. Dets","breadcrumb":{"@id":"https:\/\/hubsch-interior.com\/da\/vare\/forma-skoskab-natur\/#breadcrumb"},"inLanguage":"da-DK","potentialAction":[{"@type":"ReadAction","target":["https:\/\/hubsch-interior.com\/da\/vare\/forma-skoskab-natur\/"]}]},{"@type":"ImageObject","inLanguage":"da-DK","@id":"https:\/\/hubsch-interior.com\/da\/vare\/forma-skoskab-natur\/#primaryimage","url":"https:\/\/hubsch-interior.com\/wp-content\/uploads\/2026\/02\/forma-shoe-cabinet-natural-eb44aaab2434e3ed74adcff0c2b16952.jpg","contentUrl":"https:\/\/hubsch-interior.com\/wp-content\/uploads\/2026\/02\/forma-shoe-cabinet-natural-eb44aaab2434e3ed74adcff0c2b16952.jpg","width":1024,"height":1024},{"@type":"BreadcrumbList","@id":"https:\/\/hubsch-interior.com\/da\/vare\/forma-skoskab-natur\/#breadcrumb","itemListElement":[{"@type":"ListItem","position":1,"name":"Forside","item":"https:\/\/hubsch-interior.com\/da\/"},{"@type":"ListItem","position":2,"name":"Produkter","item":"https:\/\/hubsch-interior.com\/da\/produkter\/"},{"@type":"ListItem","position":3,"name":"M\u00f8bler","item":"https:\/\/hubsch-interior.com\/da\/vare-kategori\/mobler\/"},{"@type":"ListItem","position":4,"name":"Reoler &amp; opbevaring","item":"https:\/\/hubsch-interior.com\/da\/vare-kategori\/mobler\/reoler-opbevaring-da\/"},{"@type":"ListItem","position":5,"name":"Skoskabe","item":"https:\/\/hubsch-interior.com\/da\/vare-kategori\/mobler\/reoler-opbevaring-da\/skoskabe-da\/"},{"@type":"ListItem","position":6,"name":"Forma Skoskab Natur"}]},{"@type":"WebSite","@id":"https:\/\/hubsch-interior.com\/da\/#website","url":"https:\/\/hubsch-interior.com\/da\/","name":"H\u00fcbsch","description":"Danish Home Interior and Design","publisher":{"@id":"https:\/\/hubsch-interior.com\/da\/#organization"},"potentialAction":[{"@type":"SearchAction","target":{"@type":"EntryPoint","urlTemplate":"https:\/\/hubsch-interior.com\/da\/?s={search_term_string}"},"query-input":{"@type":"PropertyValueSpecification","valueRequired":true,"valueName":"search_term_string"}}],"inLanguage":"da-DK"},{"@type":"Organization","@id":"https:\/\/hubsch-interior.com\/da\/#organization","name":"H\u00fcbsch","url":"https:\/\/hubsch-interior.com\/da\/","logo":{"@type":"ImageObject","inLanguage":"da-DK","@id":"https:\/\/hubsch-interior.com\/da\/#\/schema\/logo\/image\/","url":"https:\/\/hubsch-interior.com\/wp-content\/uploads\/2022\/12\/Hubsch_logo_black_one_line.svg","contentUrl":"https:\/\/hubsch-interior.com\/wp-content\/uploads\/2022\/12\/Hubsch_logo_black_one_line.svg","caption":"H\u00fcbsch"},"image":{"@id":"https:\/\/hubsch-interior.com\/da\/#\/schema\/logo\/image\/"}}]}},"_links":{"self":[{"href":"https:\/\/hubsch-interior.com\/da\/wp-json\/wp\/v2\/product\/1009157","targetHints":{"allow":["GET"]}}],"collection":[{"href":"https:\/\/hubsch-interior.com\/da\/wp-json\/wp\/v2\/product"}],"about":[{"href":"https:\/\/hubsch-interior.com\/da\/wp-json\/wp\/v2\/types\/product"}],"wp:featuredmedia":[{"embeddable":true,"href":"https:\/\/hubsch-interior.com\/da\/wp-json\/wp\/v2\/media\/1104431"}],"wp:attachment":[{"href":"https:\/\/hubsch-interior.com\/da\/wp-json\/wp\/v2\/media?parent=1009157"}],"wp:term":[{"taxonomy":"product_brand","embeddable":true,"href":"https:\/\/hubsch-interior.com\/da\/wp-json\/wp\/v2\/product_brand?post=1009157"},{"taxonomy":"product_cat","embeddable":true,"href":"https:\/\/hubsch-interior.com\/da\/wp-json\/wp\/v2\/product_cat?post=1009157"},{"taxonomy":"product_tag","embeddable":true,"href":"https:\/\/hubsch-interior.com\/da\/wp-json\/wp\/v2\/product_tag?post=1009157"}],"curies":[{"name":"wp","href":"https:\/\/api.w.org\/{rel}","templated":true}]}}