{"id":1009205,"date":"2025-01-24T09:42:04","date_gmt":"2025-01-24T08:42:04","guid":{"rendered":"https:\/\/hubsch-interior.com\/product\/product\/"},"modified":"2026-04-05T04:58:06","modified_gmt":"2026-04-05T02:58:06","slug":"nobby-konsolbord-natur","status":"publish","type":"product","link":"https:\/\/hubsch-interior.com\/da\/vare\/nobby-konsolbord-natur\/","title":{"rendered":"Nobby Konsolbord Natur"},"content":{"rendered":"<p>En charmerende tilf\u00f8jelse, der er perfekt som et velkomstm\u00f8bel i din entr\u00e9 &#8211; Nobby Konsolbord. Fremstillet af FSC-certificeret tr\u00e6, hvilket giver en dejlig naturlig fornemmelse. Dette konsolbord har en r\u00e6kke rum til sikkert at gemme dine ejendele v\u00e6k og to \u00e5bne hylder for nem adgang. Ideelt til det sted, hvor du l\u00e6gger din pung og n\u00f8gler, er Nobby Konsolbord virkelig en god mulighed for din hjemmeentr\u00e9.<\/p>\n","protected":false},"excerpt":{"rendered":"<p>En charmerende tilf\u00f8jelse, der er perfekt som et velkomstm\u00f8bel i din entr\u00e9 &#8211; Nobby Konsolbord. Fremstillet af FSC-certificeret tr\u00e6, hvilket giver en dejlig naturlig fornemmelse. Dette konsolbord har en r\u00e6kke rum til sikkert at gemme dine ejendele v\u00e6k og to \u00e5bne hylder for nem adgang. Ideelt til det sted, hvor du l\u00e6gger din pung og [&hellip;]<\/p>\n","protected":false},"featured_media":1104475,"template":"","meta":{"_acf_changed":false,"inline_featured_image":false},"product_brand":[],"product_cat":[5025,4919,3999,6996],"product_tag":[],"class_list":{"0":"post-1009205","1":"product","2":"type-product","3":"status-publish","4":"has-post-thumbnail","6":"product_cat-bestsellers-da","7":"product_cat-kommoder-skaenke-da","8":"product_cat-reoler-opbevaring-da","9":"product_cat-the-buzz-da","10":"product_shipping_class-p05","11":"pa_color-natur-2","12":"pa_material-egetr","13":"pa_material-egetrsfiner","14":"pa_material-mdf-da","16":"first","17":"outofstock","18":"featured","19":"taxable","20":"shipping-taxable","21":"purchasable","22":"product-type-simple"},"exclude_global_add_ons":[],"addons":[],"acf":[],"yoast_head":"<!-- This site is optimized with the Yoast SEO plugin v26.4 - https:\/\/yoast.com\/wordpress\/plugins\/seo\/ -->\n<title>Nobby Konsolbord Natur - H\u00fcbsch<\/title>\n<meta name=\"description\" content=\"En charmerende tilf\u00f8jelse, der er perfekt som et velkomstm\u00f8bel i din entr\u00e9 - Nobby Konsolbord. Fremstillet af FSC-certificeret tr\u00e6, hvilket giver en\" \/>\n<meta name=\"robots\" content=\"index, follow, max-snippet:-1, max-image-preview:large, max-video-preview:-1\" \/>\n<link rel=\"canonical\" href=\"https:\/\/hubsch-interior.com\/da\/wp-json\/wp\/v2\/product\/1009205\" \/>\n<meta property=\"og:locale\" content=\"da_DK\" \/>\n<meta property=\"og:type\" content=\"article\" \/>\n<meta property=\"og:title\" content=\"Nobby Konsolbord Natur - H\u00fcbsch\" \/>\n<meta property=\"og:description\" content=\"En charmerende tilf\u00f8jelse, der er perfekt som et velkomstm\u00f8bel i din entr\u00e9 - Nobby Konsolbord. Fremstillet af FSC-certificeret tr\u00e6, hvilket giver en\" \/>\n<meta property=\"og:url\" content=\"https:\/\/hubsch-interior.com\/da\/vare\/nobby-konsolbord-natur\/\" \/>\n<meta property=\"og:site_name\" content=\"H\u00fcbsch\" \/>\n<meta property=\"article:modified_time\" content=\"2026-04-05T02:58:06+00:00\" \/>\n<meta property=\"og:image\" content=\"https:\/\/hubsch-interior.com\/wp-content\/uploads\/2025\/01\/nobby-console-table-natural-183d3e6f2f2e113babdd84f59526d576.jpg\" \/>\n\t<meta property=\"og:image:width\" content=\"1200\" \/>\n\t<meta property=\"og:image:height\" content=\"1200\" \/>\n\t<meta property=\"og:image:type\" content=\"image\/jpeg\" \/>\n<meta name=\"twitter:card\" content=\"summary_large_image\" \/>\n<script type=\"application\/ld+json\" class=\"yoast-schema-graph\">{\"@context\":\"https:\/\/schema.org\",\"@graph\":[{\"@type\":\"WebPage\",\"@id\":\"https:\/\/hubsch-interior.com\/da\/vare\/nobby-konsolbord-natur\/\",\"url\":\"https:\/\/hubsch-interior.com\/da\/vare\/nobby-konsolbord-natur\/\",\"name\":\"Nobby Konsolbord Natur - H\u00fcbsch\",\"isPartOf\":{\"@id\":\"https:\/\/hubsch-interior.com\/da\/#website\"},\"primaryImageOfPage\":{\"@id\":\"https:\/\/hubsch-interior.com\/da\/vare\/nobby-konsolbord-natur\/#primaryimage\"},\"image\":{\"@id\":\"https:\/\/hubsch-interior.com\/da\/vare\/nobby-konsolbord-natur\/#primaryimage\"},\"thumbnailUrl\":\"https:\/\/hubsch-interior.com\/wp-content\/uploads\/2026\/02\/nobby-console-table-natural-3549e7103df2d0abcca5b7fe46f431c8.jpg\",\"datePublished\":\"2025-01-24T08:42:04+00:00\",\"dateModified\":\"2026-04-05T02:58:06+00:00\",\"description\":\"En charmerende tilf\u00f8jelse, der er perfekt som et velkomstm\u00f8bel i din entr\u00e9 - Nobby Konsolbord. Fremstillet af FSC-certificeret tr\u00e6, hvilket giver en\",\"breadcrumb\":{\"@id\":\"https:\/\/hubsch-interior.com\/da\/vare\/nobby-konsolbord-natur\/#breadcrumb\"},\"inLanguage\":\"da-DK\",\"potentialAction\":[{\"@type\":\"ReadAction\",\"target\":[\"https:\/\/hubsch-interior.com\/da\/vare\/nobby-konsolbord-natur\/\"]}]},{\"@type\":\"ImageObject\",\"inLanguage\":\"da-DK\",\"@id\":\"https:\/\/hubsch-interior.com\/da\/vare\/nobby-konsolbord-natur\/#primaryimage\",\"url\":\"https:\/\/hubsch-interior.com\/wp-content\/uploads\/2026\/02\/nobby-console-table-natural-3549e7103df2d0abcca5b7fe46f431c8.jpg\",\"contentUrl\":\"https:\/\/hubsch-interior.com\/wp-content\/uploads\/2026\/02\/nobby-console-table-natural-3549e7103df2d0abcca5b7fe46f431c8.jpg\",\"width\":1024,\"height\":1024},{\"@type\":\"BreadcrumbList\",\"@id\":\"https:\/\/hubsch-interior.com\/da\/vare\/nobby-konsolbord-natur\/#breadcrumb\",\"itemListElement\":[{\"@type\":\"ListItem\",\"position\":1,\"name\":\"Forside\",\"item\":\"https:\/\/hubsch-interior.com\/da\/\"},{\"@type\":\"ListItem\",\"position\":2,\"name\":\"Produkter\",\"item\":\"https:\/\/hubsch-interior.com\/da\/produkter\/\"},{\"@type\":\"ListItem\",\"position\":3,\"name\":\"M\u00f8bler\",\"item\":\"https:\/\/hubsch-interior.com\/da\/vare-kategori\/mobler\/\"},{\"@type\":\"ListItem\",\"position\":4,\"name\":\"Reoler &amp; opbevaring\",\"item\":\"https:\/\/hubsch-interior.com\/da\/vare-kategori\/mobler\/reoler-opbevaring-da\/\"},{\"@type\":\"ListItem\",\"position\":5,\"name\":\"Kommoder &amp; sk&aelig;nke\",\"item\":\"https:\/\/hubsch-interior.com\/da\/vare-kategori\/mobler\/reoler-opbevaring-da\/kommoder-skaenke-da\/\"},{\"@type\":\"ListItem\",\"position\":6,\"name\":\"Nobby Konsolbord Natur\"}]},{\"@type\":\"WebSite\",\"@id\":\"https:\/\/hubsch-interior.com\/da\/#website\",\"url\":\"https:\/\/hubsch-interior.com\/da\/\",\"name\":\"H\u00fcbsch\",\"description\":\"Danish Home Interior and Design\",\"publisher\":{\"@id\":\"https:\/\/hubsch-interior.com\/da\/#organization\"},\"potentialAction\":[{\"@type\":\"SearchAction\",\"target\":{\"@type\":\"EntryPoint\",\"urlTemplate\":\"https:\/\/hubsch-interior.com\/da\/?s={search_term_string}\"},\"query-input\":{\"@type\":\"PropertyValueSpecification\",\"valueRequired\":true,\"valueName\":\"search_term_string\"}}],\"inLanguage\":\"da-DK\"},{\"@type\":\"Organization\",\"@id\":\"https:\/\/hubsch-interior.com\/da\/#organization\",\"name\":\"H\u00fcbsch\",\"url\":\"https:\/\/hubsch-interior.com\/da\/\",\"logo\":{\"@type\":\"ImageObject\",\"inLanguage\":\"da-DK\",\"@id\":\"https:\/\/hubsch-interior.com\/da\/#\/schema\/logo\/image\/\",\"url\":\"https:\/\/hubsch-interior.com\/wp-content\/uploads\/2022\/12\/Hubsch_logo_black_one_line.svg\",\"contentUrl\":\"https:\/\/hubsch-interior.com\/wp-content\/uploads\/2022\/12\/Hubsch_logo_black_one_line.svg\",\"caption\":\"H\u00fcbsch\"},\"image\":{\"@id\":\"https:\/\/hubsch-interior.com\/da\/#\/schema\/logo\/image\/\"}}]}<\/script>\n<!-- \/ Yoast SEO plugin. -->","yoast_head_json":{"title":"Nobby Konsolbord Natur - H\u00fcbsch","description":"En charmerende tilf\u00f8jelse, der er perfekt som et velkomstm\u00f8bel i din entr\u00e9 - Nobby Konsolbord. Fremstillet af FSC-certificeret tr\u00e6, hvilket giver en","robots":{"index":"index","follow":"follow","max-snippet":"max-snippet:-1","max-image-preview":"max-image-preview:large","max-video-preview":"max-video-preview:-1"},"canonical":"https:\/\/hubsch-interior.com\/da\/wp-json\/wp\/v2\/product\/1009205","og_locale":"da_DK","og_type":"article","og_title":"Nobby Konsolbord Natur - H\u00fcbsch","og_description":"En charmerende tilf\u00f8jelse, der er perfekt som et velkomstm\u00f8bel i din entr\u00e9 - Nobby Konsolbord. Fremstillet af FSC-certificeret tr\u00e6, hvilket giver en","og_url":"https:\/\/hubsch-interior.com\/da\/vare\/nobby-konsolbord-natur\/","og_site_name":"H\u00fcbsch","article_modified_time":"2026-04-05T02:58:06+00:00","og_image":[{"width":1200,"height":1200,"url":"https:\/\/hubsch-interior.com\/wp-content\/uploads\/2025\/01\/nobby-console-table-natural-183d3e6f2f2e113babdd84f59526d576.jpg","type":"image\/jpeg"}],"twitter_card":"summary_large_image","schema":{"@context":"https:\/\/schema.org","@graph":[{"@type":"WebPage","@id":"https:\/\/hubsch-interior.com\/da\/vare\/nobby-konsolbord-natur\/","url":"https:\/\/hubsch-interior.com\/da\/vare\/nobby-konsolbord-natur\/","name":"Nobby Konsolbord Natur - H\u00fcbsch","isPartOf":{"@id":"https:\/\/hubsch-interior.com\/da\/#website"},"primaryImageOfPage":{"@id":"https:\/\/hubsch-interior.com\/da\/vare\/nobby-konsolbord-natur\/#primaryimage"},"image":{"@id":"https:\/\/hubsch-interior.com\/da\/vare\/nobby-konsolbord-natur\/#primaryimage"},"thumbnailUrl":"https:\/\/hubsch-interior.com\/wp-content\/uploads\/2026\/02\/nobby-console-table-natural-3549e7103df2d0abcca5b7fe46f431c8.jpg","datePublished":"2025-01-24T08:42:04+00:00","dateModified":"2026-04-05T02:58:06+00:00","description":"En charmerende tilf\u00f8jelse, der er perfekt som et velkomstm\u00f8bel i din entr\u00e9 - Nobby Konsolbord. Fremstillet af FSC-certificeret tr\u00e6, hvilket giver en","breadcrumb":{"@id":"https:\/\/hubsch-interior.com\/da\/vare\/nobby-konsolbord-natur\/#breadcrumb"},"inLanguage":"da-DK","potentialAction":[{"@type":"ReadAction","target":["https:\/\/hubsch-interior.com\/da\/vare\/nobby-konsolbord-natur\/"]}]},{"@type":"ImageObject","inLanguage":"da-DK","@id":"https:\/\/hubsch-interior.com\/da\/vare\/nobby-konsolbord-natur\/#primaryimage","url":"https:\/\/hubsch-interior.com\/wp-content\/uploads\/2026\/02\/nobby-console-table-natural-3549e7103df2d0abcca5b7fe46f431c8.jpg","contentUrl":"https:\/\/hubsch-interior.com\/wp-content\/uploads\/2026\/02\/nobby-console-table-natural-3549e7103df2d0abcca5b7fe46f431c8.jpg","width":1024,"height":1024},{"@type":"BreadcrumbList","@id":"https:\/\/hubsch-interior.com\/da\/vare\/nobby-konsolbord-natur\/#breadcrumb","itemListElement":[{"@type":"ListItem","position":1,"name":"Forside","item":"https:\/\/hubsch-interior.com\/da\/"},{"@type":"ListItem","position":2,"name":"Produkter","item":"https:\/\/hubsch-interior.com\/da\/produkter\/"},{"@type":"ListItem","position":3,"name":"M\u00f8bler","item":"https:\/\/hubsch-interior.com\/da\/vare-kategori\/mobler\/"},{"@type":"ListItem","position":4,"name":"Reoler &amp; opbevaring","item":"https:\/\/hubsch-interior.com\/da\/vare-kategori\/mobler\/reoler-opbevaring-da\/"},{"@type":"ListItem","position":5,"name":"Kommoder &amp; sk&aelig;nke","item":"https:\/\/hubsch-interior.com\/da\/vare-kategori\/mobler\/reoler-opbevaring-da\/kommoder-skaenke-da\/"},{"@type":"ListItem","position":6,"name":"Nobby Konsolbord Natur"}]},{"@type":"WebSite","@id":"https:\/\/hubsch-interior.com\/da\/#website","url":"https:\/\/hubsch-interior.com\/da\/","name":"H\u00fcbsch","description":"Danish Home Interior and Design","publisher":{"@id":"https:\/\/hubsch-interior.com\/da\/#organization"},"potentialAction":[{"@type":"SearchAction","target":{"@type":"EntryPoint","urlTemplate":"https:\/\/hubsch-interior.com\/da\/?s={search_term_string}"},"query-input":{"@type":"PropertyValueSpecification","valueRequired":true,"valueName":"search_term_string"}}],"inLanguage":"da-DK"},{"@type":"Organization","@id":"https:\/\/hubsch-interior.com\/da\/#organization","name":"H\u00fcbsch","url":"https:\/\/hubsch-interior.com\/da\/","logo":{"@type":"ImageObject","inLanguage":"da-DK","@id":"https:\/\/hubsch-interior.com\/da\/#\/schema\/logo\/image\/","url":"https:\/\/hubsch-interior.com\/wp-content\/uploads\/2022\/12\/Hubsch_logo_black_one_line.svg","contentUrl":"https:\/\/hubsch-interior.com\/wp-content\/uploads\/2022\/12\/Hubsch_logo_black_one_line.svg","caption":"H\u00fcbsch"},"image":{"@id":"https:\/\/hubsch-interior.com\/da\/#\/schema\/logo\/image\/"}}]}},"_links":{"self":[{"href":"https:\/\/hubsch-interior.com\/da\/wp-json\/wp\/v2\/product\/1009205","targetHints":{"allow":["GET"]}}],"collection":[{"href":"https:\/\/hubsch-interior.com\/da\/wp-json\/wp\/v2\/product"}],"about":[{"href":"https:\/\/hubsch-interior.com\/da\/wp-json\/wp\/v2\/types\/product"}],"wp:featuredmedia":[{"embeddable":true,"href":"https:\/\/hubsch-interior.com\/da\/wp-json\/wp\/v2\/media\/1104475"}],"wp:attachment":[{"href":"https:\/\/hubsch-interior.com\/da\/wp-json\/wp\/v2\/media?parent=1009205"}],"wp:term":[{"taxonomy":"product_brand","embeddable":true,"href":"https:\/\/hubsch-interior.com\/da\/wp-json\/wp\/v2\/product_brand?post=1009205"},{"taxonomy":"product_cat","embeddable":true,"href":"https:\/\/hubsch-interior.com\/da\/wp-json\/wp\/v2\/product_cat?post=1009205"},{"taxonomy":"product_tag","embeddable":true,"href":"https:\/\/hubsch-interior.com\/da\/wp-json\/wp\/v2\/product_tag?post=1009205"}],"curies":[{"name":"wp","href":"https:\/\/api.w.org\/{rel}","templated":true}]}}